{"id":5875,"date":"2021-06-29T14:52:38","date_gmt":"2021-06-29T12:52:38","guid":{"rendered":"https:\/\/www.vangraaf.com\/hu\/?page_id=5875"},"modified":"2021-07-14T11:45:26","modified_gmt":"2021-07-14T09:45:26","slug":"sajtokapcsolat","status":"publish","type":"page","link":"https:\/\/www.vangraaf.com\/hu\/vallalat\/sajtokapcsolat\/","title":{"rendered":"Sajt\u00f3kapcsolat"},"content":{"rendered":"<div class=\"wpb-content-wrapper\">[vc_row bwd_tbc4vd_show_weekday=&#8221;&#8221; full_width=&#8221;stretch_row_content_no_spaces&#8221;][vc_column]<div class=\"keyvisual\" data-aos=\"fade-up\" ><img loading=\"lazy\" decoding=\"async\" width=\"1440\" height=\"480\" src=\"https:\/\/www.vangraaf.com\/hu\/wp-content\/uploads\/sites\/3\/2021\/05\/Unternehmen_PresseKontakt_Banner_WP.jpg\" class=\"vc_single_image-img\" alt=\"\" srcset=\"https:\/\/www.vangraaf.com\/hu\/wp-content\/uploads\/sites\/3\/2021\/05\/Unternehmen_PresseKontakt_Banner_WP.jpg 1440w, https:\/\/www.vangraaf.com\/hu\/wp-content\/uploads\/sites\/3\/2021\/05\/Unternehmen_PresseKontakt_Banner_WP-300x100.jpg 300w, https:\/\/www.vangraaf.com\/hu\/wp-content\/uploads\/sites\/3\/2021\/05\/Unternehmen_PresseKontakt_Banner_WP-1024x341.jpg 1024w, https:\/\/www.vangraaf.com\/hu\/wp-content\/uploads\/sites\/3\/2021\/05\/Unternehmen_PresseKontakt_Banner_WP-768x256.jpg 768w, https:\/\/www.vangraaf.com\/hu\/wp-content\/uploads\/sites\/3\/2021\/05\/Unternehmen_PresseKontakt_Banner_WP-1200x400.jpg 1200w, https:\/\/www.vangraaf.com\/hu\/wp-content\/uploads\/sites\/3\/2021\/05\/Unternehmen_PresseKontakt_Banner_WP-992x331.jpg 992w, https:\/\/www.vangraaf.com\/hu\/wp-content\/uploads\/sites\/3\/2021\/05\/Unternehmen_PresseKontakt_Banner_WP-480x160.jpg 480w\" sizes=\"(max-width: 1440px) 100vw, 1440px\" \/><\/div>\n        <div class=\"headlines headlines--center\" data-aos=\"fade-up\">\n            <div class=\"vc_row\">\n                <div class=\"vc_col-md-10 vc_col-md-offset-1 vc_col-lg-10 vc_col-lg-offset-1\"><span class=\"h6\">Sajt\u00f3kapcsolat<\/span><h1 class=\"h2\">T\u00e1j\u00e9koz\u00f3d\u00e1s &amp; kommunik\u00e1ci\u00f3<\/h1><\/div>\n            <\/div>\n        <\/div>[vc_column_text]\r\n<p style=\"text-align: center\">Ha aktu\u00e1lis term\u00e9keink k\u00e9peire, sajt\u00f3jelent\u00e9sekre, fot\u00f3anyagokra vagy a v\u00e1llalatunkra vonatkoz\u00f3 \u00e1ltal\u00e1nos inform\u00e1ci\u00f3kra van sz\u00fcks\u00e9ge, sz\u00edvesen t\u00e1mogatjuk a szerkeszt\u0151s\u00e9gi munk\u00e1ban. K\u00fcldje el a k\u00e9r\u00e9s\u00e9t e-mailben, \u00e9s a lehet\u0151 leggyorsabban jelentkez\u00fcnk \u00d6nn\u00e9l.<\/p>\r\n[\/vc_column_text][\/vc_column][\/vc_row][vc_row][vc_column]\n<div class=\"wpcf7 no-js\" id=\"wpcf7-f5904-o1\" lang=\"hu-HU\" dir=\"ltr\" data-wpcf7-id=\"5904\">\n<div class=\"screen-reader-response\"><p role=\"status\" aria-live=\"polite\" aria-atomic=\"true\"><\/p> <ul><\/ul><\/div>\n<form action=\"\/hu\/wp-json\/wp\/v2\/pages\/5875#wpcf7-f5904-o1\" method=\"post\" class=\"wpcf7-form init wpcf7-acceptance-as-validation\" aria-label=\"Kapcsolatfelv\u00e9teli \u0171rlap\" novalidate=\"novalidate\" data-status=\"init\">\n<fieldset class=\"hidden-fields-container\"><input type=\"hidden\" name=\"_wpcf7\" value=\"5904\" \/><input type=\"hidden\" name=\"_wpcf7_version\" value=\"6.1.5\" \/><input type=\"hidden\" name=\"_wpcf7_locale\" value=\"hu_HU\" \/><input type=\"hidden\" name=\"_wpcf7_unit_tag\" value=\"wpcf7-f5904-o1\" \/><input type=\"hidden\" name=\"_wpcf7_container_post\" value=\"0\" \/><input type=\"hidden\" name=\"_wpcf7_posted_data_hash\" value=\"\" \/><input type=\"hidden\" name=\"_cf7a__timestamp\" value=\"Ucebh3EAYwutXhh4FsccOw==\" \/><input type=\"hidden\" name=\"_cf7a_version\" value=\"1.0\" \/><input type=\"hidden\" name=\"_cf7a_address\" value=\"\" \/><input type=\"hidden\" name=\"_cf7a_referer\" value=\"\" \/><input type=\"hidden\" name=\"_cf7a_protocol\" value=\"\" \/><input type=\"hidden\" name=\"_cf7a_bot_fingerprint\" value=\"Ucebh3EAYwutXhh4FsccOw==\" \/><input type=\"hidden\" name=\"_cf7a_bot_fingerprint_extras\" \/><input type=\"hidden\" name=\"_cf7a_append_on_submit\" \/>\n<\/fieldset>\n<div class=\"vc_row\">\n<div class=\"vc_col-sm-6\">\n<div class=\"form-element form-element--select\">\n<span class=\"wpcf7-form-control-wrap\" data-name=\"subject\"><select class=\"wpcf7-form-control wpcf7-select wpcf7-validates-as-required\" aria-required=\"true\" aria-invalid=\"false\" name=\"subject\"><option value=\"\">K\u00e9rj\u00fck, v\u00e1lasszon*<\/option><option value=\"Term\u00e9kmegjelen\u00edt\u00e9sek\">Term\u00e9kmegjelen\u00edt\u00e9sek<\/option><option value=\"Aktu\u00e1lis divattal kapcsolatos inform\u00e1ci\u00f3k\">Aktu\u00e1lis divattal kapcsolatos inform\u00e1ci\u00f3k<\/option><option value=\"V\u00e1llalattal kapcsolatos inform\u00e1ci\u00f3k\">V\u00e1llalattal kapcsolatos inform\u00e1ci\u00f3k<\/option><option value=\"Sajt\u00f3k\u00f6zlem\u00e9nyek\">Sajt\u00f3k\u00f6zlem\u00e9nyek<\/option><option value=\"Visszah\u00edv\u00e1st k\u00e9rek!\">Visszah\u00edv\u00e1st k\u00e9rek!<\/option><option value=\"Egyebek\">Egyebek<\/option><\/select><\/span>\n<\/div>\n<\/div>\n<\/div>\n\n<div class=\"vc_row\">\n<div class=\"vc_col-sm-6\">\n<div class=\"form-element form-element--select\">\n<span class=\"wpcf7-form-control-wrap\" data-name=\"salutation\"><select class=\"wpcf7-form-control wpcf7-select wpcf7-validates-as-required\" aria-required=\"true\" aria-invalid=\"false\" name=\"salutation\"><option value=\"\">Megsz\u00f3l\u00edt\u00e1s*<\/option><option value=\"\u00dar\">\u00dar<\/option><option value=\"H\u00f6lgy\">H\u00f6lgy<\/option><\/select><\/span>\n<\/div>\n<\/div>\n<\/div>\n\n<div class=\"vc_row\">\n<div class=\"vc_col-sm-6\">\n<div class=\"form-element form-element--input\">\n<span class=\"wpcf7-form-control-wrap\" data-name=\"firstname\"><input size=\"40\" maxlength=\"400\" class=\"wpcf7-form-control wpcf7-text wpcf7-validates-as-required\" id=\"firstname\" aria-required=\"true\" aria-invalid=\"false\" value=\"\" type=\"text\" name=\"firstname\" \/><\/span> <label for=\"firstname\">Keresztn\u00e9v*<\/label>\n<\/div>\n<\/div>\n<div class=\"vc_col-sm-6\">\n<div class=\"form-element form-element--input\">\n<span class=\"wpcf7-form-control-wrap\" data-name=\"lastname\"><input size=\"40\" maxlength=\"400\" class=\"wpcf7-form-control wpcf7-text wpcf7-validates-as-required\" id=\"lastname\" aria-required=\"true\" aria-invalid=\"false\" value=\"\" type=\"text\" name=\"lastname\" \/><\/span> <label for=\"lastname\">Vezet\u00e9kn\u00e9v*<\/label>\n<\/div>\n<\/div>\n<\/div>\n\n<div class=\"vc_row\">\n<div class=\"vc_col-sm-6\">\n<div class=\"form-element form-element--input\">\n<span class=\"wpcf7-form-control-wrap\" data-name=\"email\"><input size=\"40\" maxlength=\"400\" class=\"wpcf7-form-control wpcf7-email wpcf7-validates-as-required wpcf7-text wpcf7-validates-as-email\" id=\"email\" aria-required=\"true\" aria-invalid=\"false\" value=\"\" type=\"email\" name=\"email\" \/><\/span> <label for=\"email\">Email*<\/label>\n<\/div>\n<\/div>\n<\/div>\n\n<div class=\"vc_row\">\n<div class=\"vc_col-sm-6\">\n<div class=\"form-element form-element--select\">\n<span class=\"wpcf7-form-control-wrap\" data-name=\"media\"><select class=\"wpcf7-form-control wpcf7-select wpcf7-validates-as-required\" aria-required=\"true\" aria-invalid=\"false\" name=\"media\"><option value=\"\">K\u00e9rj\u00fck, v\u00e1lasszon*<\/option><option value=\"TV\">TV<\/option><option value=\"R\u00e1di\u00f3\">R\u00e1di\u00f3<\/option><option value=\"Internet\">Internet<\/option><option value=\"\u00dajs\u00e1g\">\u00dajs\u00e1g<\/option><option value=\"Magazin\">Magazin<\/option><\/select><\/span>\n<\/div>\n<\/div>\n<div class=\"vc_col-sm-6\">\n<div class=\"form-element form-element--input\">\n<span class=\"wpcf7-form-control-wrap\" data-name=\"editorial-office\"><input size=\"40\" maxlength=\"400\" class=\"wpcf7-form-control wpcf7-text\" id=\"editorial-office\" aria-invalid=\"false\" value=\"\" type=\"text\" name=\"editorial-office\" \/><\/span> <label for=\"editorial-office\">Szerkeszt\u0151s\u00e9g<\/label>\n<\/div>\n<\/div>\n<\/div>\n\n<div class=\"vc_row\">\n<div class=\"vc_col-sm-6\">\n<div class=\"form-element form-element--input\">\n<span class=\"wpcf7-form-control-wrap\" data-name=\"street\"><input size=\"40\" maxlength=\"400\" class=\"wpcf7-form-control wpcf7-text\" id=\"street\" aria-invalid=\"false\" value=\"\" type=\"text\" name=\"street\" \/><\/span> <label for=\"street\">Utca<\/label>\n<\/div>\n<\/div>\n<div class=\"vc_col-sm-6\">\n<div class=\"form-element form-element--input\">\n<span class=\"wpcf7-form-control-wrap\" data-name=\"number\"><input size=\"40\" maxlength=\"400\" class=\"wpcf7-form-control wpcf7-text\" id=\"number\" aria-invalid=\"false\" value=\"\" type=\"text\" name=\"number\" \/><\/span> <label for=\"number\">Sz\u00e1m.<\/label>\n<\/div>\n<\/div>\n<\/div>\n\n<div class=\"vc_row\">\n<div class=\"vc_col-sm-6\">\n<div class=\"form-element form-element--input\">\n<span class=\"wpcf7-form-control-wrap\" data-name=\"zip\"><input size=\"40\" maxlength=\"400\" class=\"wpcf7-form-control wpcf7-text\" id=\"zip\" aria-invalid=\"false\" value=\"\" type=\"text\" name=\"zip\" \/><\/span> <label for=\"zip\">Postai ir\u00e1ny\u00edt\u00f3sz\u00e1m<\/label>\n<\/div>\n<\/div>\n<div class=\"vc_col-sm-6\">\n<div class=\"form-element form-element--input\">\n<span class=\"wpcf7-form-control-wrap\" data-name=\"city\"><input size=\"40\" maxlength=\"400\" class=\"wpcf7-form-control wpcf7-text\" id=\"city\" aria-invalid=\"false\" value=\"\" type=\"text\" name=\"city\" \/><\/span> <label for=\"city\">V\u00e1ros\/k\u00f6zs\u00e9g<\/label>\n<\/div>\n<\/div>\n<\/div>\n\n\n<div class=\"vc_row\">\n<div class=\"vc_col-sm-6\">\n<div class=\"form-element form-element--input\">\n<span class=\"wpcf7-form-control-wrap\" data-name=\"country\"><input size=\"40\" maxlength=\"400\" class=\"wpcf7-form-control wpcf7-text\" id=\"country\" aria-invalid=\"false\" value=\"\" type=\"text\" name=\"country\" \/><\/span> <label for=\"country\">Orsz\u00e1g<\/label>\n<\/div>\n<\/div>\n<\/div>\n\n<div class=\"vc_row\">\n<div class=\"vc_col-sm-6\">\n<div class=\"form-element form-element--input\">\n<span class=\"wpcf7-form-control-wrap\" data-name=\"phone\"><input size=\"40\" maxlength=\"400\" class=\"wpcf7-form-control wpcf7-tel wpcf7-text wpcf7-validates-as-tel\" id=\"phone\" aria-invalid=\"false\" value=\"\" type=\"tel\" name=\"phone\" \/><\/span> <label for=\"phone\">Telefon<\/label>\n<\/div>\n<\/div>\n<\/div>\n\n<div class=\"vc_row\">\n<div class=\"vc_col-sm-12\">\n<div class=\"form-element form-element--textarea\">\n<span class=\"wpcf7-form-control-wrap\" data-name=\"message\"><textarea cols=\"40\" rows=\"10\" maxlength=\"2000\" class=\"wpcf7-form-control wpcf7-textarea wpcf7-validates-as-required\" id=\"message\" aria-required=\"true\" aria-invalid=\"false\" name=\"message\"><\/textarea><\/span> <label for=\"message\">Az \u00d6n \u00fczenete*<\/label>\n<\/div>\n<\/div>\n<\/div>\n\n<div class=\"vc_row\">\n<div class=\"vc_col-sm-12\">\n<div class=\"form-element form-element--checkbox\">\n<span class=\"wpcf7-form-control-wrap\" data-name=\"privacy\"><span class=\"wpcf7-form-control wpcf7-acceptance\"><span class=\"wpcf7-list-item\"><input type=\"checkbox\" name=\"privacy\" value=\"1\" id=\"privacy\" aria-invalid=\"false\" \/><\/span><\/span><\/span> <label for=\"privacy\">Hozz\u00e1j\u00e1rulok ahhoz, hogy a fenti kapcsolatfelv\u00e9teli \u0171rlapon megadott szem\u00e9lyes adataimat a VAN&nbsp;GRAAF Bt. \u00e9s a Peek&amp;Cloppenburg KG feldolgozza annak \u00e9rdek\u00e9ben, hogy k\u00e9rd\u00e9seimre e-mailben, telefonon kereszt\u00fcl \u00e9s\/vagy postai \u00faton v\u00e1laszoljon. Elolvastam az <a href=\"\/hu\/adatvedelmi-es-adatbiztonsagi-policy\/\" target=\"_blank\">Adatv\u00e9delmi nyilatkozatot<\/a> \u00e9s elfogadom az abban foglaltakat. T\u00e1j\u00e9koztatjuk, hogy az itt megadott szem\u00e9lyes adatait (vezet\u00e9kn\u00e9v, keresztn\u00e9v, lakc\u00edm, telefonsz\u00e1m, e-mail c\u00edm) a Peek&amp;Cloppenburg KG t\u00e1rsas\u00e1ggal k\u00f6t\u00f6tt k\u00fcl\u00f6n meg\u00e1llapod\u00e1sok alapj\u00e1n egy N\u00e9metorsz\u00e1gban bejegyzett t\u00e1rsas\u00e1g, az MCS Moorbek Computer Systeme GmbH (sz\u00e9khelye: Essener Bogen 17, 22419 Hamburg, N\u00e9metorsz\u00e1g) adatfeldolgoz\u00f3k\u00e9nt a Peek&amp;Cloppenburg KG webszerver\u00e9n t\u00e1rolja, oly m\u00f3don, hogy azokhoz illet\u00e9ktelen harmadik szem\u00e9lyek nem f\u00e9rhetnek hozz\u00e1. Az adatkezel\u00e9s kiz\u00e1r\u00f3lag arra a c\u00e9lra t\u00f6rt\u00e9nik, amelyre tekintettel \u00d6n megadta azokat, azaz hogy \u00d6nnel kapcsolatba l\u00e9pj\u00fcnk, esetleges panasz\u00e1t feldolgozzuk, \u00e9szrev\u00e9teleire reag\u00e1ljunk. Az \u00d6n \u00e1ltal megadott szem\u00e9lyes adatokat az adatkezel\u0151k a c\u00e9l megval\u00f3sul\u00e1s\u00e1t (megkeres\u00e9se megv\u00e1laszol\u00e1s\u00e1t, esetleges panasza rendez\u00e9s\u00e9t) k\u00f6vet\u0151en halad\u00e9ktalanul t\u00f6rlik az adatb\u00e1zisb\u00f3l.*<\/label>\n<\/div>\n<\/div>\n<\/div>\n\n<div class=\"vc_row\">\n<div class=\"vc_col-sm-12\">\n<small>K\u00e9rj\u00fck, t\u00f6ltse ki az \u00f6sszes csillaggal (*) jel\u00f6lt mez\u0151t.<\/small>\n<\/div>\n<\/div>\n\n<div class=\"wpcf7-response-output\" aria-hidden=\"true\"><\/div>\n\n<div class=\"vc_row\">\n<div class=\"vc_col-sm-12 form__buttons\">\n<button id=\"submit\" type=\"submit\" class=\"wpcf7-form-control wpcf7-submit button\">Elk\u00fcld<\/button>\n<\/div>\n<\/div>\n\n<span id=\"wpcf7-69fb0e2ce8e46-wrapper\" class=\"wpcf7-form-control-wrap credit-card-wrap\" ><input type=\"hidden\" name=\"credit-card-time-start\" value=\"1778060844\"><input type=\"hidden\" name=\"credit-card-time-check\" value=\"4\"><input id=\"wpcf7-69fb0e2ce8e46-field\"  class=\"wpcf7-form-control wpcf7-text\" type=\"text\" name=\"credit-card\" value=\"\" size=\"40\" tabindex=\"-1\" autocomplete=\"new-password\" \/><\/span>\n<\/form>\n<\/div>\n[\/vc_column][\/vc_row]<\/div>","protected":false},"excerpt":{"rendered":"[vc_row bwd_tbc4vd_show_weekday=&#8221;&#8221; full_width=&#8221;stretch_row_content_no_spaces&#8221;][vc_column][vc_column_text] Ha aktu\u00e1lis term\u00e9keink k\u00e9peire, sajt\u00f3jelent\u00e9sekre, fot\u00f3anyagokra vagy a v\u00e1llalatunkra vonatkoz\u00f3 \u00e1ltal\u00e1nos inform\u00e1ci\u00f3kra van sz\u00fcks\u00e9ge, sz\u00edvesen t\u00e1mogatjuk a szerkeszt\u0151s\u00e9gi munk\u00e1ban. K\u00fcldje el a k\u00e9r\u00e9s\u00e9t e-mailben, \u00e9s a lehet\u0151 leggyorsabban jelentkez\u00fcnk \u00d6nn\u00e9l. [\/vc_column_text][\/vc_column][\/vc_row][vc_row][vc_column][\/vc_column][\/vc_row]","protected":false},"author":6,"featured_media":0,"parent":5872,"menu_order":0,"comment_status":"closed","ping_status":"closed","template":"","meta":{"_acf_changed":false,"inline_featured_image":false,"footnotes":""},"class_list":["post-5875","page","type-page","status-publish","hentry"],"acf":[],"yoast_head":"<!-- This site is optimized with the Yoast SEO plugin v27.2 - https:\/\/yoast.com\/product\/yoast-seo-wordpress\/ -->\n<title>VAN GRAAF Magyarorsz\u00e1g - Sajt\u00f3kapcsolat<\/title>\n<meta name=\"description\" content=\"Ha aktu\u00e1lis term\u00e9keink k\u00e9peire, sajt\u00f3jelent\u00e9sekre, fot\u00f3anyagokra vagy a v\u00e1llalatunkra vonatkoz\u00f3 \u00e1ltal\u00e1nos inform\u00e1ci\u00f3kra van sz\u00fcks\u00e9ge, sz\u00edvesen t\u00e1mogatjuk a szerkeszt\u0151s\u00e9gi munk\u00e1ban.\" \/>\n<meta name=\"robots\" content=\"index, follow, max-snippet:-1, max-image-preview:large, max-video-preview:-1\" \/>\n<link rel=\"canonical\" href=\"https:\/\/www.vangraaf.com\/hu\/vallalat\/sajtokapcsolat\/\" \/>\n<meta property=\"og:locale\" content=\"hu_HU\" \/>\n<meta property=\"og:type\" content=\"article\" \/>\n<meta property=\"og:title\" content=\"VAN GRAAF Magyarorsz\u00e1g - Sajt\u00f3kapcsolat\" \/>\n<meta property=\"og:description\" content=\"Ha aktu\u00e1lis term\u00e9keink k\u00e9peire, sajt\u00f3jelent\u00e9sekre, fot\u00f3anyagokra vagy a v\u00e1llalatunkra vonatkoz\u00f3 \u00e1ltal\u00e1nos inform\u00e1ci\u00f3kra van sz\u00fcks\u00e9ge, sz\u00edvesen t\u00e1mogatjuk a szerkeszt\u0151s\u00e9gi munk\u00e1ban.\" \/>\n<meta property=\"og:url\" content=\"https:\/\/www.vangraaf.com\/hu\/vallalat\/sajtokapcsolat\/\" \/>\n<meta property=\"og:site_name\" content=\"VAN GRAAF Magyarorsz\u00e1g\" \/>\n<meta property=\"article:modified_time\" content=\"2021-07-14T09:45:26+00:00\" \/>\n<meta name=\"twitter:card\" content=\"summary_large_image\" \/>\n<meta name=\"twitter:label1\" content=\"Becs\u00fclt olvas\u00e1si id\u0151\" \/>\n\t<meta name=\"twitter:data1\" content=\"1 perc\" \/>\n<script type=\"application\/ld+json\" class=\"yoast-schema-graph\">{\"@context\":\"https:\/\/schema.org\",\"@graph\":[{\"@type\":\"WebPage\",\"@id\":\"https:\/\/www.vangraaf.com\/hu\/vallalat\/sajtokapcsolat\/\",\"url\":\"https:\/\/www.vangraaf.com\/hu\/vallalat\/sajtokapcsolat\/\",\"name\":\"VAN GRAAF Magyarorsz\u00e1g - Sajt\u00f3kapcsolat\",\"isPartOf\":{\"@id\":\"https:\/\/www.vangraaf.com\/hu\/#website\"},\"datePublished\":\"2021-06-29T12:52:38+00:00\",\"dateModified\":\"2021-07-14T09:45:26+00:00\",\"description\":\"Ha aktu\u00e1lis term\u00e9keink k\u00e9peire, sajt\u00f3jelent\u00e9sekre, fot\u00f3anyagokra vagy a v\u00e1llalatunkra vonatkoz\u00f3 \u00e1ltal\u00e1nos inform\u00e1ci\u00f3kra van sz\u00fcks\u00e9ge, sz\u00edvesen t\u00e1mogatjuk a szerkeszt\u0151s\u00e9gi munk\u00e1ban.\",\"breadcrumb\":{\"@id\":\"https:\/\/www.vangraaf.com\/hu\/vallalat\/sajtokapcsolat\/#breadcrumb\"},\"inLanguage\":\"hu\",\"potentialAction\":[{\"@type\":\"ReadAction\",\"target\":[\"https:\/\/www.vangraaf.com\/hu\/vallalat\/sajtokapcsolat\/\"]}]},{\"@type\":\"BreadcrumbList\",\"@id\":\"https:\/\/www.vangraaf.com\/hu\/vallalat\/sajtokapcsolat\/#breadcrumb\",\"itemListElement\":[{\"@type\":\"ListItem\",\"position\":1,\"name\":\"Home\",\"item\":\"https:\/\/www.vangraaf.com\/hu\/\"},{\"@type\":\"ListItem\",\"position\":2,\"name\":\"V\u00e1llalat\",\"item\":\"https:\/\/www.vangraaf.com\/hu\/vallalat\/\"},{\"@type\":\"ListItem\",\"position\":3,\"name\":\"Sajt\u00f3kapcsolat\"}]},{\"@type\":\"WebSite\",\"@id\":\"https:\/\/www.vangraaf.com\/hu\/#website\",\"url\":\"https:\/\/www.vangraaf.com\/hu\/\",\"name\":\"VAN GRAAF\",\"description\":\"VAN GRAAF\",\"potentialAction\":[{\"@type\":\"SearchAction\",\"target\":{\"@type\":\"EntryPoint\",\"urlTemplate\":\"https:\/\/www.vangraaf.com\/hu\/?s={search_term_string}\"},\"query-input\":{\"@type\":\"PropertyValueSpecification\",\"valueRequired\":true,\"valueName\":\"search_term_string\"}}],\"inLanguage\":\"hu\"}]}<\/script>\n<!-- \/ Yoast SEO plugin. -->","yoast_head_json":{"title":"VAN GRAAF Magyarorsz\u00e1g - Sajt\u00f3kapcsolat","description":"Ha aktu\u00e1lis term\u00e9keink k\u00e9peire, sajt\u00f3jelent\u00e9sekre, fot\u00f3anyagokra vagy a v\u00e1llalatunkra vonatkoz\u00f3 \u00e1ltal\u00e1nos inform\u00e1ci\u00f3kra van sz\u00fcks\u00e9ge, sz\u00edvesen t\u00e1mogatjuk a szerkeszt\u0151s\u00e9gi munk\u00e1ban.","robots":{"index":"index","follow":"follow","max-snippet":"max-snippet:-1","max-image-preview":"max-image-preview:large","max-video-preview":"max-video-preview:-1"},"canonical":"https:\/\/www.vangraaf.com\/hu\/vallalat\/sajtokapcsolat\/","og_locale":"hu_HU","og_type":"article","og_title":"VAN GRAAF Magyarorsz\u00e1g - Sajt\u00f3kapcsolat","og_description":"Ha aktu\u00e1lis term\u00e9keink k\u00e9peire, sajt\u00f3jelent\u00e9sekre, fot\u00f3anyagokra vagy a v\u00e1llalatunkra vonatkoz\u00f3 \u00e1ltal\u00e1nos inform\u00e1ci\u00f3kra van sz\u00fcks\u00e9ge, sz\u00edvesen t\u00e1mogatjuk a szerkeszt\u0151s\u00e9gi munk\u00e1ban.","og_url":"https:\/\/www.vangraaf.com\/hu\/vallalat\/sajtokapcsolat\/","og_site_name":"VAN GRAAF Magyarorsz\u00e1g","article_modified_time":"2021-07-14T09:45:26+00:00","twitter_card":"summary_large_image","twitter_misc":{"Becs\u00fclt olvas\u00e1si id\u0151":"1 perc"},"schema":{"@context":"https:\/\/schema.org","@graph":[{"@type":"WebPage","@id":"https:\/\/www.vangraaf.com\/hu\/vallalat\/sajtokapcsolat\/","url":"https:\/\/www.vangraaf.com\/hu\/vallalat\/sajtokapcsolat\/","name":"VAN GRAAF Magyarorsz\u00e1g - Sajt\u00f3kapcsolat","isPartOf":{"@id":"https:\/\/www.vangraaf.com\/hu\/#website"},"datePublished":"2021-06-29T12:52:38+00:00","dateModified":"2021-07-14T09:45:26+00:00","description":"Ha aktu\u00e1lis term\u00e9keink k\u00e9peire, sajt\u00f3jelent\u00e9sekre, fot\u00f3anyagokra vagy a v\u00e1llalatunkra vonatkoz\u00f3 \u00e1ltal\u00e1nos inform\u00e1ci\u00f3kra van sz\u00fcks\u00e9ge, sz\u00edvesen t\u00e1mogatjuk a szerkeszt\u0151s\u00e9gi munk\u00e1ban.","breadcrumb":{"@id":"https:\/\/www.vangraaf.com\/hu\/vallalat\/sajtokapcsolat\/#breadcrumb"},"inLanguage":"hu","potentialAction":[{"@type":"ReadAction","target":["https:\/\/www.vangraaf.com\/hu\/vallalat\/sajtokapcsolat\/"]}]},{"@type":"BreadcrumbList","@id":"https:\/\/www.vangraaf.com\/hu\/vallalat\/sajtokapcsolat\/#breadcrumb","itemListElement":[{"@type":"ListItem","position":1,"name":"Home","item":"https:\/\/www.vangraaf.com\/hu\/"},{"@type":"ListItem","position":2,"name":"V\u00e1llalat","item":"https:\/\/www.vangraaf.com\/hu\/vallalat\/"},{"@type":"ListItem","position":3,"name":"Sajt\u00f3kapcsolat"}]},{"@type":"WebSite","@id":"https:\/\/www.vangraaf.com\/hu\/#website","url":"https:\/\/www.vangraaf.com\/hu\/","name":"VAN GRAAF","description":"VAN GRAAF","potentialAction":[{"@type":"SearchAction","target":{"@type":"EntryPoint","urlTemplate":"https:\/\/www.vangraaf.com\/hu\/?s={search_term_string}"},"query-input":{"@type":"PropertyValueSpecification","valueRequired":true,"valueName":"search_term_string"}}],"inLanguage":"hu"}]}},"_links":{"self":[{"href":"https:\/\/www.vangraaf.com\/hu\/wp-json\/wp\/v2\/pages\/5875","targetHints":{"allow":["GET"]}}],"collection":[{"href":"https:\/\/www.vangraaf.com\/hu\/wp-json\/wp\/v2\/pages"}],"about":[{"href":"https:\/\/www.vangraaf.com\/hu\/wp-json\/wp\/v2\/types\/page"}],"author":[{"embeddable":true,"href":"https:\/\/www.vangraaf.com\/hu\/wp-json\/wp\/v2\/users\/6"}],"replies":[{"embeddable":true,"href":"https:\/\/www.vangraaf.com\/hu\/wp-json\/wp\/v2\/comments?post=5875"}],"version-history":[{"count":4,"href":"https:\/\/www.vangraaf.com\/hu\/wp-json\/wp\/v2\/pages\/5875\/revisions"}],"predecessor-version":[{"id":5969,"href":"https:\/\/www.vangraaf.com\/hu\/wp-json\/wp\/v2\/pages\/5875\/revisions\/5969"}],"up":[{"embeddable":true,"href":"https:\/\/www.vangraaf.com\/hu\/wp-json\/wp\/v2\/pages\/5872"}],"wp:attachment":[{"href":"https:\/\/www.vangraaf.com\/hu\/wp-json\/wp\/v2\/media?parent=5875"}],"curies":[{"name":"wp","href":"https:\/\/api.w.org\/{rel}","templated":true}]}}