{"id":5187,"date":"2020-07-24T07:58:56","date_gmt":"2020-07-24T05:58:56","guid":{"rendered":"https:\/\/www.vangraaf.com\/hu\/?page_id=5187"},"modified":"2021-03-01T13:45:30","modified_gmt":"2021-03-01T12:45:30","slug":"webhelyterkep","status":"publish","type":"page","link":"https:\/\/www.vangraaf.com\/hu\/webhelyterkep\/","title":{"rendered":"Sitemap"},"content":{"rendered":"<div class=\"wpb-content-wrapper\">[vc_row bwd_tbc4vd_show_weekday=&#8221;&#8221; full_width=&#8221;stretch_row_content_no_spaces&#8221;][vc_column]<div class=\"keyvisual\" data-aos=\"fade-up\" ><img loading=\"lazy\" decoding=\"async\" width=\"1440\" height=\"480\" src=\"https:\/\/www.vangraaf.com\/hu\/wp-content\/uploads\/sites\/3\/2020\/02\/Impressum_Banner_WP.jpg\" class=\"vc_single_image-img\" alt=\"Egy f\u00e9rfi \u00e9s egy n\u0151 \u00e1llnak egym\u00e1s mellett, modern ruh\u00e1kban, egy minimalista, vil\u00e1gos h\u00e1tt\u00e9r el\u0151tt.\" srcset=\"https:\/\/www.vangraaf.com\/hu\/wp-content\/uploads\/sites\/3\/2020\/02\/Impressum_Banner_WP.jpg 1440w, https:\/\/www.vangraaf.com\/hu\/wp-content\/uploads\/sites\/3\/2020\/02\/Impressum_Banner_WP-300x100.jpg 300w, https:\/\/www.vangraaf.com\/hu\/wp-content\/uploads\/sites\/3\/2020\/02\/Impressum_Banner_WP-1024x341.jpg 1024w, https:\/\/www.vangraaf.com\/hu\/wp-content\/uploads\/sites\/3\/2020\/02\/Impressum_Banner_WP-768x256.jpg 768w, https:\/\/www.vangraaf.com\/hu\/wp-content\/uploads\/sites\/3\/2020\/02\/Impressum_Banner_WP-1200x400.jpg 1200w, https:\/\/www.vangraaf.com\/hu\/wp-content\/uploads\/sites\/3\/2020\/02\/Impressum_Banner_WP-992x331.jpg 992w, https:\/\/www.vangraaf.com\/hu\/wp-content\/uploads\/sites\/3\/2020\/02\/Impressum_Banner_WP-480x160.jpg 480w, https:\/\/www.vangraaf.com\/hu\/wp-content\/uploads\/sites\/3\/2020\/02\/Impressum_Banner_WP-690x230.jpg 690w\" sizes=\"(max-width: 1440px) 100vw, 1440px\" \/><\/div>\n        <div class=\"headlines headlines--center\" data-aos=\"fade-up\">\n            <div class=\"vc_row\">\n                <div class=\"vc_col-md-10 vc_col-md-offset-1 vc_col-lg-10 vc_col-lg-offset-1\"><h1 class=\"h2\">Webhelyt\u00e9rk\u00e9p<\/h1><\/div>\n            <\/div>\n        <\/div>[vc_column_text]<div class=\"sitemap\"><nav class=\"sitemap__menue-container\"><ul id=\"menu-main-menu\" class=\"menu\"><li id=\"menu-item-4103\" class=\"menu-item menu-item-type-post_type menu-item-object-page menu-item-has-children menu-item-4103\"><a href=\"https:\/\/www.vangraaf.com\/hu\/divathazaink\/\">Divath\u00e1zaink<\/a>\n<ul class=\"sub-menu\">\n\t<li id=\"menu-item-4104\" class=\"menu-item menu-item-type-post_type menu-item-object-page menu-item-has-children menu-item-4104\"><a href=\"https:\/\/www.vangraaf.com\/hu\/divathazaink\/budapest-allee\/\">Budapest, Allee<\/a>\n\t<ul class=\"sub-menu\">\n\t\t<li id=\"menu-item-4203\" class=\"menu-item menu-item-type-post_type menu-item-object-page menu-item-4203\"><a href=\"https:\/\/www.vangraaf.com\/hu\/divathazaink\/budapest-allee\/\">Inform\u00e1ci\u00f3k<\/a><\/li>\n\t\t<li id=\"menu-item-4105\" class=\"menu-item menu-item-type-post_type menu-item-object-page menu-item-4105\"><a href=\"https:\/\/www.vangraaf.com\/hu\/divathazaink\/budapest-allee\/szolgaltatas\/\">Szolg\u00e1ltat\u00e1s<\/a><\/li>\n\t\t<li id=\"menu-item-4881\" class=\"menu-item menu-item-type-post_type menu-item-object-page menu-item-4881\"><a href=\"https:\/\/www.vangraaf.com\/hu\/markaink\/\">M\u00e1rk\u00e1k<\/a><\/li>\n\t<\/ul>\n<\/li>\n\t<li id=\"menu-item-4174\" class=\"menu-item menu-item-type-post_type menu-item-object-page menu-item-has-children menu-item-4174\"><a href=\"https:\/\/www.vangraaf.com\/hu\/divathazaink\/budapest-arkad\/\">Budapest, \u00c1rk\u00e1d<\/a>\n\t<ul class=\"sub-menu\">\n\t\t<li id=\"menu-item-4204\" class=\"menu-item menu-item-type-post_type menu-item-object-page menu-item-4204\"><a href=\"https:\/\/www.vangraaf.com\/hu\/divathazaink\/budapest-arkad\/\">Inform\u00e1ci\u00f3k<\/a><\/li>\n\t\t<li id=\"menu-item-4244\" class=\"menu-item menu-item-type-post_type menu-item-object-page menu-item-4244\"><a href=\"https:\/\/www.vangraaf.com\/hu\/divathazaink\/budapest-arkad\/szolgaltatasok\/\">Szolg\u00e1ltat\u00e1sok<\/a><\/li>\n\t\t<li id=\"menu-item-4880\" class=\"menu-item menu-item-type-post_type menu-item-object-page menu-item-4880\"><a href=\"https:\/\/www.vangraaf.com\/hu\/markaink\/\">M\u00e1rk\u00e1k<\/a><\/li>\n\t<\/ul>\n<\/li>\n\t<li id=\"menu-item-4137\" class=\"menu-item menu-item-type-post_type menu-item-object-page menu-item-4137\"><a href=\"https:\/\/www.vangraaf.com\/hu\/divathazaink\/personal-shopping\/\">Personal Shopping<\/a><\/li>\n<\/ul>\n<\/li>\n<li id=\"menu-item-4106\" class=\"menu-item menu-item-type-post_type menu-item-object-page menu-item-has-children menu-item-4106\"><a href=\"https:\/\/www.vangraaf.com\/hu\/markaink\/\">M\u00e1rk\u00e1ink<\/a>\n<ul class=\"sub-menu\">\n\t<li id=\"menu-item-4107\" class=\"menu-item menu-item-type-post_type menu-item-object-page menu-item-4107\"><a href=\"https:\/\/www.vangraaf.com\/hu\/markaink\/divatmarkak-nok\/\">Divatm\u00e1rk\u00e1k n\u0151k<\/a><\/li>\n\t<li id=\"menu-item-4108\" class=\"menu-item menu-item-type-post_type menu-item-object-page menu-item-4108\"><a href=\"https:\/\/www.vangraaf.com\/hu\/markaink\/divatmarkak-ferfiak\/\">Divatm\u00e1rk\u00e1k f\u00e9rfiak<\/a><\/li>\n<\/ul>\n<\/li>\n<li id=\"menu-item-4109\" class=\"menu-item menu-item-type-post_type menu-item-object-page menu-item-has-children menu-item-4109\"><a href=\"https:\/\/www.vangraaf.com\/hu\/tanacsadas-stilus\/\">Tan\u00e1csad\u00e1s &#038; st\u00edlus<\/a>\n<ul class=\"sub-menu\">\n\t<li id=\"menu-item-4336\" class=\"menu-item menu-item-type-post_type menu-item-object-page menu-item-has-children menu-item-4336\"><a href=\"https:\/\/www.vangraaf.com\/hu\/tanacsadas-stilus\/divatreszlegeink\/\">Divatr\u00e9szlegeink<\/a>\n\t<ul class=\"sub-menu\">\n\t\t<li id=\"menu-item-4335\" class=\"menu-item menu-item-type-post_type menu-item-object-page menu-item-4335\"><a href=\"https:\/\/www.vangraaf.com\/hu\/tanacsadas-stilus\/divatreszlegeink\/noknek\/\">N\u0151knek<\/a><\/li>\n\t\t<li id=\"menu-item-4334\" class=\"menu-item menu-item-type-post_type menu-item-object-page menu-item-4334\"><a href=\"https:\/\/www.vangraaf.com\/hu\/tanacsadas-stilus\/divatreszlegeink\/ferfiak\/\">F\u00e9rfiak<\/a><\/li>\n\t<\/ul>\n<\/li>\n\t<li id=\"menu-item-4366\" class=\"menu-item menu-item-type-post_type menu-item-object-page menu-item-has-children menu-item-4366\"><a href=\"https:\/\/www.vangraaf.com\/hu\/tanacsadas-stilus\/tippek\/\">Tippek<\/a>\n\t<ul class=\"sub-menu\">\n\t\t<li id=\"menu-item-4115\" class=\"menu-item menu-item-type-post_type menu-item-object-page menu-item-4115\"><a href=\"https:\/\/www.vangraaf.com\/hu\/tanacsadas-stilus\/tippek\/a-stilusos-meret-mix\/\">A st\u00edlusos m\u00e9ret-mix<\/a><\/li>\n\t\t<li id=\"menu-item-4116\" class=\"menu-item menu-item-type-post_type menu-item-object-page menu-item-4116\"><a href=\"https:\/\/www.vangraaf.com\/hu\/tanacsadas-stilus\/tippek\/apolasi-tanacsok\/\">\u00c1pol\u00e1si tan\u00e1csok<\/a><\/li>\n\t<\/ul>\n<\/li>\n<\/ul>\n<\/li>\n<li id=\"menu-item-22183\" class=\"menu-item menu-item-type-custom menu-item-object-custom menu-item-has-children menu-item-22183\"><a target=\"_blank\" href=\"https:\/\/www.vangraaf.com\/hu\/friendsclub\/\">Friends CLUB<\/a>\n<ul class=\"sub-menu\">\n\t<li id=\"menu-item-7678\" class=\"menu-item menu-item-type-custom menu-item-object-custom menu-item-7678\"><a target=\"_blank\" href=\"https:\/\/www.vangraaf.com\/hu\/myaccount\/register\/\">Jelentkezzen tags\u00e1g\u00e9rt<\/a><\/li>\n\t<li id=\"menu-item-7928\" class=\"menu-item menu-item-type-custom menu-item-object-custom menu-item-7928\"><a target=\"_blank\" href=\"https:\/\/www.vangraaf.com\/hu\/myaccount\/login\/\">A fi\u00f3kom<\/a><\/li>\n\t<li id=\"menu-item-7679\" class=\"menu-item menu-item-type-custom menu-item-object-custom menu-item-7679\"><a target=\"_blank\" href=\"https:\/\/www.vangraaf.com\/hu\/friendsclub-newsletter-subscribe\/\">H\u00edrlev\u00e9l<\/a><\/li>\n\t<li id=\"menu-item-22184\" class=\"menu-item menu-item-type-custom menu-item-object-custom menu-item-22184\"><a target=\"_blank\" href=\"https:\/\/www.vangraaf.com\/hu\/friendsclub-app\/\">Friends CLUB App<\/a><\/li>\n\t<li id=\"menu-item-7680\" class=\"menu-item menu-item-type-custom menu-item-object-custom menu-item-7680\"><a target=\"_blank\" href=\"https:\/\/www.vangraaf.com\/hu\/service\/reszveteli-feltetelek\/\">R\u00e9szv\u00e9teli felt\u00e9telek<\/a><\/li>\n<\/ul>\n<\/li>\n<li id=\"menu-item-14486\" class=\"menu-item menu-item-type-custom menu-item-object-custom menu-item-14486\"><a href=\"https:\/\/www.vangraaf.com\/hu\/divathazaink\/personal-shopping\/\">Personal Shopping<\/a><\/li>\n<\/ul><\/nav><nav class=\"sitemap__menue-container sitemap__menue-container--footer\"><ul id=\"menu-footer-menu\" class=\"menu\"><li id=\"menu-item-3977\" class=\"menu-item menu-item-type-post_type menu-item-object-page menu-item-3977\"><a href=\"https:\/\/www.vangraaf.com\/hu\/impresszum\/\">Impresszum<\/a><\/li>\n<li id=\"menu-item-3978\" class=\"menu-item menu-item-type-post_type menu-item-object-page menu-item-3978\"><a href=\"https:\/\/www.vangraaf.com\/hu\/felhasznalasi-feltetelek\/\">Felhaszn\u00e1l\u00e1si felt\u00e9telek<\/a><\/li>\n<li id=\"menu-item-3979\" class=\"menu-item menu-item-type-post_type menu-item-object-page menu-item-3979\"><a href=\"https:\/\/www.vangraaf.com\/hu\/adatvedelmi-es-adatbiztonsagi-policy\/\">Adatv\u00e9delmi \u00e9s adatbiztons\u00e1gi policy<\/a><\/li>\n<li id=\"menu-item-3980\" class=\"menu-item menu-item-type-post_type menu-item-object-page menu-item-3980\"><a href=\"https:\/\/www.vangraaf.com\/hu\/kapcsolat\/\">Kapcsolat<\/a><\/li>\n<li id=\"menu-item-3981\" class=\"menu-item menu-item-type-post_type menu-item-object-page menu-item-3981\"><a href=\"https:\/\/www.vangraaf.com\/hu\/sugo\/\">S\u00fag\u00f3<\/a><\/li>\n<li id=\"menu-item-5189\" class=\"menu-item menu-item-type-post_type menu-item-object-page menu-item-5189\"><a href=\"https:\/\/www.vangraaf.com\/hu\/webhelyterkep\/\">Webhelyt\u00e9rk\u00e9p<\/a><\/li>\n<li id=\"menu-item-7054\" class=\"menu-item menu-item-type-post_type menu-item-object-page menu-item-7054\"><a href=\"https:\/\/www.vangraaf.com\/hu\/energia-hatekonysag\/\">Energia hat\u00e9konys\u00e1g<\/a><\/li>\n<li id=\"menu-item-7347\" class=\"uc-service-layer menu-item menu-item-type-custom menu-item-object-custom menu-item-7347\"><a href=\"#\">Cookie-be\u00e1ll\u00edt\u00e1sok<\/a><\/li>\n<\/ul><\/nav><\/div>[\/vc_column_text][\/vc_column][\/vc_row]<\/div>","protected":false},"excerpt":{"rendered":"[vc_row bwd_tbc4vd_show_weekday=&#8221;&#8221; full_width=&#8221;stretch_row_content_no_spaces&#8221;][vc_column][vc_column_text][\/vc_column_text][\/vc_column][\/vc_row]","protected":false},"author":6,"featured_media":0,"parent":0,"menu_order":0,"comment_status":"closed","ping_status":"closed","template":"","meta":{"_acf_changed":false,"inline_featured_image":false,"footnotes":""},"class_list":["post-5187","page","type-page","status-publish","hentry"],"acf":[],"yoast_head":"<!-- This site is optimized with the Yoast SEO plugin v27.2 - https:\/\/yoast.com\/product\/yoast-seo-wordpress\/ -->\n<title>\ufeffWebhelyt\u00e9rk\u00e9p VAN GRAAF<\/title>\n<meta name=\"description\" content=\"\ufeffEzen az oldalon a VAN GRAAF webhely szerkezet\u00e9nek teljes hierarchikus lek\u00e9pez\u00e9se l\u00e1that\u00f3.\" \/>\n<meta name=\"robots\" content=\"index, follow, max-snippet:-1, max-image-preview:large, max-video-preview:-1\" \/>\n<link rel=\"canonical\" href=\"https:\/\/www.vangraaf.com\/hu\/webhelyterkep\/\" \/>\n<meta property=\"og:locale\" content=\"hu_HU\" \/>\n<meta property=\"og:type\" content=\"article\" \/>\n<meta property=\"og:title\" content=\"\ufeffWebhelyt\u00e9rk\u00e9p VAN GRAAF\" \/>\n<meta property=\"og:description\" content=\"\ufeffEzen az oldalon a VAN GRAAF webhely szerkezet\u00e9nek teljes hierarchikus lek\u00e9pez\u00e9se l\u00e1that\u00f3.\" \/>\n<meta property=\"og:url\" content=\"https:\/\/www.vangraaf.com\/hu\/webhelyterkep\/\" \/>\n<meta property=\"og:site_name\" content=\"VAN GRAAF Magyarorsz\u00e1g\" \/>\n<meta property=\"article:modified_time\" content=\"2021-03-01T12:45:30+00:00\" \/>\n<meta name=\"twitter:card\" content=\"summary_large_image\" \/>\n<script type=\"application\/ld+json\" class=\"yoast-schema-graph\">{\"@context\":\"https:\/\/schema.org\",\"@graph\":[{\"@type\":\"WebPage\",\"@id\":\"https:\/\/www.vangraaf.com\/hu\/webhelyterkep\/\",\"url\":\"https:\/\/www.vangraaf.com\/hu\/webhelyterkep\/\",\"name\":\"\ufeffWebhelyt\u00e9rk\u00e9p VAN GRAAF\",\"isPartOf\":{\"@id\":\"https:\/\/www.vangraaf.com\/hu\/#website\"},\"datePublished\":\"2020-07-24T05:58:56+00:00\",\"dateModified\":\"2021-03-01T12:45:30+00:00\",\"description\":\"\ufeffEzen az oldalon a VAN GRAAF webhely szerkezet\u00e9nek teljes hierarchikus lek\u00e9pez\u00e9se l\u00e1that\u00f3.\",\"breadcrumb\":{\"@id\":\"https:\/\/www.vangraaf.com\/hu\/webhelyterkep\/#breadcrumb\"},\"inLanguage\":\"hu\",\"potentialAction\":[{\"@type\":\"ReadAction\",\"target\":[\"https:\/\/www.vangraaf.com\/hu\/webhelyterkep\/\"]}]},{\"@type\":\"BreadcrumbList\",\"@id\":\"https:\/\/www.vangraaf.com\/hu\/webhelyterkep\/#breadcrumb\",\"itemListElement\":[{\"@type\":\"ListItem\",\"position\":1,\"name\":\"Home\",\"item\":\"https:\/\/www.vangraaf.com\/hu\/\"},{\"@type\":\"ListItem\",\"position\":2,\"name\":\"Sitemap\"}]},{\"@type\":\"WebSite\",\"@id\":\"https:\/\/www.vangraaf.com\/hu\/#website\",\"url\":\"https:\/\/www.vangraaf.com\/hu\/\",\"name\":\"VAN GRAAF\",\"description\":\"VAN GRAAF\",\"potentialAction\":[{\"@type\":\"SearchAction\",\"target\":{\"@type\":\"EntryPoint\",\"urlTemplate\":\"https:\/\/www.vangraaf.com\/hu\/?s={search_term_string}\"},\"query-input\":{\"@type\":\"PropertyValueSpecification\",\"valueRequired\":true,\"valueName\":\"search_term_string\"}}],\"inLanguage\":\"hu\"}]}<\/script>\n<!-- \/ Yoast SEO plugin. -->","yoast_head_json":{"title":"\ufeffWebhelyt\u00e9rk\u00e9p VAN GRAAF","description":"\ufeffEzen az oldalon a VAN GRAAF webhely szerkezet\u00e9nek teljes hierarchikus lek\u00e9pez\u00e9se l\u00e1that\u00f3.","robots":{"index":"index","follow":"follow","max-snippet":"max-snippet:-1","max-image-preview":"max-image-preview:large","max-video-preview":"max-video-preview:-1"},"canonical":"https:\/\/www.vangraaf.com\/hu\/webhelyterkep\/","og_locale":"hu_HU","og_type":"article","og_title":"\ufeffWebhelyt\u00e9rk\u00e9p VAN GRAAF","og_description":"\ufeffEzen az oldalon a VAN GRAAF webhely szerkezet\u00e9nek teljes hierarchikus lek\u00e9pez\u00e9se l\u00e1that\u00f3.","og_url":"https:\/\/www.vangraaf.com\/hu\/webhelyterkep\/","og_site_name":"VAN GRAAF Magyarorsz\u00e1g","article_modified_time":"2021-03-01T12:45:30+00:00","twitter_card":"summary_large_image","schema":{"@context":"https:\/\/schema.org","@graph":[{"@type":"WebPage","@id":"https:\/\/www.vangraaf.com\/hu\/webhelyterkep\/","url":"https:\/\/www.vangraaf.com\/hu\/webhelyterkep\/","name":"\ufeffWebhelyt\u00e9rk\u00e9p VAN GRAAF","isPartOf":{"@id":"https:\/\/www.vangraaf.com\/hu\/#website"},"datePublished":"2020-07-24T05:58:56+00:00","dateModified":"2021-03-01T12:45:30+00:00","description":"\ufeffEzen az oldalon a VAN GRAAF webhely szerkezet\u00e9nek teljes hierarchikus lek\u00e9pez\u00e9se l\u00e1that\u00f3.","breadcrumb":{"@id":"https:\/\/www.vangraaf.com\/hu\/webhelyterkep\/#breadcrumb"},"inLanguage":"hu","potentialAction":[{"@type":"ReadAction","target":["https:\/\/www.vangraaf.com\/hu\/webhelyterkep\/"]}]},{"@type":"BreadcrumbList","@id":"https:\/\/www.vangraaf.com\/hu\/webhelyterkep\/#breadcrumb","itemListElement":[{"@type":"ListItem","position":1,"name":"Home","item":"https:\/\/www.vangraaf.com\/hu\/"},{"@type":"ListItem","position":2,"name":"Sitemap"}]},{"@type":"WebSite","@id":"https:\/\/www.vangraaf.com\/hu\/#website","url":"https:\/\/www.vangraaf.com\/hu\/","name":"VAN GRAAF","description":"VAN GRAAF","potentialAction":[{"@type":"SearchAction","target":{"@type":"EntryPoint","urlTemplate":"https:\/\/www.vangraaf.com\/hu\/?s={search_term_string}"},"query-input":{"@type":"PropertyValueSpecification","valueRequired":true,"valueName":"search_term_string"}}],"inLanguage":"hu"}]}},"_links":{"self":[{"href":"https:\/\/www.vangraaf.com\/hu\/wp-json\/wp\/v2\/pages\/5187","targetHints":{"allow":["GET"]}}],"collection":[{"href":"https:\/\/www.vangraaf.com\/hu\/wp-json\/wp\/v2\/pages"}],"about":[{"href":"https:\/\/www.vangraaf.com\/hu\/wp-json\/wp\/v2\/types\/page"}],"author":[{"embeddable":true,"href":"https:\/\/www.vangraaf.com\/hu\/wp-json\/wp\/v2\/users\/6"}],"replies":[{"embeddable":true,"href":"https:\/\/www.vangraaf.com\/hu\/wp-json\/wp\/v2\/comments?post=5187"}],"version-history":[{"count":5,"href":"https:\/\/www.vangraaf.com\/hu\/wp-json\/wp\/v2\/pages\/5187\/revisions"}],"predecessor-version":[{"id":5641,"href":"https:\/\/www.vangraaf.com\/hu\/wp-json\/wp\/v2\/pages\/5187\/revisions\/5641"}],"wp:attachment":[{"href":"https:\/\/www.vangraaf.com\/hu\/wp-json\/wp\/v2\/media?parent=5187"}],"curies":[{"name":"wp","href":"https:\/\/api.w.org\/{rel}","templated":true}]}}