{"id":5021,"date":"2020-02-20T14:13:27","date_gmt":"2020-02-20T13:13:27","guid":{"rendered":"http:\/\/van-graaf.test\/ch\/404-2\/"},"modified":"2021-03-15T09:46:36","modified_gmt":"2021-03-15T08:46:36","slug":"404-not-found","status":"publish","type":"page","link":"https:\/\/www.vangraaf.com\/hu\/404-not-found\/","title":{"rendered":"404"},"content":{"rendered":"<div class=\"wpb-content-wrapper\">[vc_row full_width=&#8221;stretch_row_content_no_spaces&#8221;][vc_column]<div class=\"keyvisual\" data-aos=\"fade-up\" ><img loading=\"lazy\" decoding=\"async\" width=\"1440\" height=\"480\" src=\"https:\/\/www.vangraaf.com\/hu\/wp-content\/uploads\/sites\/3\/2020\/02\/Impressum_Banner_WP.jpg\" class=\"vc_single_image-img\" alt=\"Egy f\u00e9rfi \u00e9s egy n\u0151 \u00e1llnak egym\u00e1s mellett, modern ruh\u00e1kban, egy minimalista, vil\u00e1gos h\u00e1tt\u00e9r el\u0151tt.\" srcset=\"https:\/\/www.vangraaf.com\/hu\/wp-content\/uploads\/sites\/3\/2020\/02\/Impressum_Banner_WP.jpg 1440w, https:\/\/www.vangraaf.com\/hu\/wp-content\/uploads\/sites\/3\/2020\/02\/Impressum_Banner_WP-300x100.jpg 300w, https:\/\/www.vangraaf.com\/hu\/wp-content\/uploads\/sites\/3\/2020\/02\/Impressum_Banner_WP-1024x341.jpg 1024w, https:\/\/www.vangraaf.com\/hu\/wp-content\/uploads\/sites\/3\/2020\/02\/Impressum_Banner_WP-768x256.jpg 768w, https:\/\/www.vangraaf.com\/hu\/wp-content\/uploads\/sites\/3\/2020\/02\/Impressum_Banner_WP-1200x400.jpg 1200w, https:\/\/www.vangraaf.com\/hu\/wp-content\/uploads\/sites\/3\/2020\/02\/Impressum_Banner_WP-992x331.jpg 992w, https:\/\/www.vangraaf.com\/hu\/wp-content\/uploads\/sites\/3\/2020\/02\/Impressum_Banner_WP-480x160.jpg 480w, https:\/\/www.vangraaf.com\/hu\/wp-content\/uploads\/sites\/3\/2020\/02\/Impressum_Banner_WP-690x230.jpg 690w\" sizes=\"(max-width: 1440px) 100vw, 1440px\" \/><\/div>\n        <div class=\"headlines headlines--center\" data-aos=\"fade-up\">\n            <div class=\"vc_row\">\n                <div class=\"vc_col-md-10 vc_col-md-offset-1 vc_col-lg-10 vc_col-lg-offset-1\"><span class=\"h6\">Error 404<\/span><h1 class=\"h2\">Page not found<\/h1><\/div>\n            <\/div>\n        <\/div>[vc_column_text]\r\n<p style=\"text-align: center\">This page has either been moved and is now available in an other area or it does not exist anymore.<\/p>\r\n&nbsp;\r\n<p style=\"text-align: center\"><a class=\"button\" href=\"https:\/\/www.vangraaf.com\/hu\/\">Homepage<\/a><\/p>\r\n[\/vc_column_text][\/vc_column][\/vc_row][vc_row bwd_show_when_type=&#8221;before&#8221; bwd_show_when_date=&#8221;03\/15\/2021 00:00&#8243; bwd_tbc4vd_show_weekday=&#8221;&#8221;][vc_column width=&#8221;1\/2&#8243; offset=&#8221;vc_col-lg-4 vc_col-md-4 vc_col-xs-12&#8243;]<div class=\"vg-element cta-teaser cta-teaser--center\" data-aos=\"fade-up\"><div class=\"cta-teaser__image\"><a class=\"\" href=\"http:\/\/vangraaf.com\/hu\/divathazaink\/\" target=\"_self\" rel=\"\" style=\"\">Divath\u00e1zaink<\/a><\/div><div class=\"cta-teaser__text\"><h3>VAN GRAAF Budapest<\/h3><p>A VAN GRAAF cs\u00facsdivatot \u00e9s hatalmas m\u00e1rkav\u00e1laszt\u00e9kot k\u00edn\u00e1l: N\u00e1lunk egy fed\u00e9l alatt tal\u00e1lja a legjobb min\u0151s\u00e9g\u0171 klasszikus ruh\u00e1zatot, a nemzetk\u00f6zi divattervez\u0151k leg\u00fajabb kollekci\u00f3it trend m\u00e1rk\u00e1kat.<\/p><a class=\"button\" href=\"http:\/\/vangraaf.com\/hu\/divathazaink\/\" target=\"_self\" rel=\"\" style=\"\">Divath\u00e1zaink<\/a><\/div><\/div>[\/vc_column][vc_column width=&#8221;1\/2&#8243; offset=&#8221;vc_col-lg-4 vc_col-md-4 vc_col-xs-12&#8243;]<div class=\"vg-element cta-teaser cta-teaser--center\" data-aos=\"fade-up\"><div class=\"cta-teaser__image\"><a class=\"\" href=\"http:\/\/vangraaf.com\/hu\/markaink\/divatmarkak-nok\/\" target=\"_self\" rel=\"\" style=\"\">Divatm\u00e1rk\u00e1k n\u0151k<\/a><\/div><div class=\"cta-teaser__text\"><h3>Divatm\u00e1rk\u00e1k n\u0151k<\/h3><p>Sz\u00e1mos neves \u00e9s min\u0151s\u00e9gi m\u00e1rk\u00e1t tartunk divath\u00e1zainkban. Hogy melyik m\u00e1rk\u00e1t pontosan hol tal\u00e1lhatja meg, megtudhatja, ha az al\u00e1bbi \u00e1ttekint\u0151 list\u00e1ban a kiv\u00e1lasztott m\u00e1rk\u00e1ra kattint!<\/p><a class=\"button\" href=\"http:\/\/vangraaf.com\/hu\/markaink\/divatmarkak-nok\/\" target=\"_self\" rel=\"\" style=\"\">Divatm\u00e1rk\u00e1k n\u0151k<\/a><\/div><\/div>[\/vc_column][vc_column width=&#8221;1\/2&#8243; offset=&#8221;vc_col-lg-4 vc_col-md-4&#8243;]<div class=\"vg-element cta-teaser cta-teaser--center\" data-aos=\"fade-up\"><div class=\"cta-teaser__image\"><a class=\"\" href=\"http:\/\/vangraaf.com\/hu\/markaink\/divatmarkak-ferfiak\/\" target=\"_self\" rel=\"\" style=\"\">Divatm\u00e1rk\u00e1k f\u00e9rfiak<\/a><\/div><div class=\"cta-teaser__text\"><h3>Divatm\u00e1rk\u00e1k f\u00e9rfiak<\/h3><p>Sz\u00e1mos neves \u00e9s min\u0151s\u00e9gi m\u00e1rk\u00e1t tartunk divath\u00e1zainkban. Hogy melyik m\u00e1rk\u00e1t pontosan hol tal\u00e1lhatja meg, megtudhatja, ha az al\u00e1bbi \u00e1ttekint\u0151 list\u00e1ban a kiv\u00e1lasztott m\u00e1rk\u00e1ra kattint!<\/p><a class=\"button\" href=\"http:\/\/vangraaf.com\/hu\/markaink\/divatmarkak-ferfiak\/\" target=\"_self\" rel=\"\" style=\"\">Divatm\u00e1rk\u00e1k f\u00e9rfiak<\/a><\/div><\/div>[\/vc_column][\/vc_row][vc_row bwd_show_when_type=&#8221;after&#8221; bwd_show_when_date=&#8221;03\/15\/2021 00:00&#8243; bwd_tbc4vd_show_weekday=&#8221;&#8221;][vc_column width=&#8221;1\/2&#8243; offset=&#8221;vc_col-lg-4 vc_col-md-4 vc_col-xs-12&#8243;]<div class=\"vg-element cta-teaser cta-teaser--center\" data-aos=\"fade-up\"><div class=\"cta-teaser__image\"><a class=\"\" href=\"http:\/\/vangraaf.com\/hu\/divathazaink\/\" target=\"_self\" rel=\"\" style=\"\">Divath\u00e1zaink<\/a><\/div><div class=\"cta-teaser__text\"><h3>VAN GRAAF Budapest<\/h3><p>A VAN GRAAF cs\u00facsdivatot \u00e9s hatalmas m\u00e1rkav\u00e1laszt\u00e9kot k\u00edn\u00e1l: N\u00e1lunk egy fed\u00e9l alatt tal\u00e1lja a legjobb min\u0151s\u00e9g\u0171 klasszikus ruh\u00e1zatot, a nemzetk\u00f6zi divattervez\u0151k leg\u00fajabb kollekci\u00f3it trend m\u00e1rk\u00e1kat.<\/p><a class=\"button\" href=\"http:\/\/vangraaf.com\/hu\/divathazaink\/\" target=\"_self\" rel=\"\" style=\"\">Divath\u00e1zaink<\/a><\/div><\/div>[\/vc_column][vc_column width=&#8221;1\/2&#8243; offset=&#8221;vc_col-lg-4 vc_col-md-4 vc_col-xs-12&#8243;]<div class=\"vg-element cta-teaser cta-teaser--center\" data-aos=\"fade-up\"><div class=\"cta-teaser__image\"><a class=\"\" href=\"http:\/\/vangraaf.com\/hu\/markaink\/divatmarkak-nok\/\" target=\"_self\" rel=\"\" style=\"\"><img loading=\"lazy\" decoding=\"async\" width=\"378\" height=\"346\" src=\"https:\/\/www.vangraaf.com\/hu\/wp-content\/uploads\/sites\/3\/2021\/03\/Marken_DOB_PromoTeaser_WP.jpg\" class=\"vc_single_image-img attachment-full\" alt=\"Mosolyg\u00f3 n\u0151 vir\u00e1gos ruh\u00e1ban, feh\u00e9r h\u00e1tt\u00e9r el\u0151tt \u00fclve.\" title=\"Marken_DOB_PromoTeaser_WP\" srcset=\"https:\/\/www.vangraaf.com\/hu\/wp-content\/uploads\/sites\/3\/2021\/03\/Marken_DOB_PromoTeaser_WP.jpg 378w, https:\/\/www.vangraaf.com\/hu\/wp-content\/uploads\/sites\/3\/2021\/03\/Marken_DOB_PromoTeaser_WP-300x275.jpg 300w\" sizes=\"(max-width: 378px) 100vw, 378px\" \/><\/a><\/div><div class=\"cta-teaser__text\"><h3>Divatm\u00e1rk\u00e1k n\u0151k<\/h3><p>Sz\u00e1mos neves \u00e9s min\u0151s\u00e9gi m\u00e1rk\u00e1t tartunk divath\u00e1zainkban. Hogy melyik m\u00e1rk\u00e1t pontosan hol tal\u00e1lhatja meg, megtudhatja, ha az al\u00e1bbi \u00e1ttekint\u0151 list\u00e1ban a kiv\u00e1lasztott m\u00e1rk\u00e1ra kattint!<\/p><a class=\"button\" href=\"http:\/\/vangraaf.com\/hu\/markaink\/divatmarkak-nok\/\" target=\"_self\" rel=\"\" style=\"\">Divatm\u00e1rk\u00e1k n\u0151k<\/a><\/div><\/div>[\/vc_column][vc_column width=&#8221;1\/2&#8243; offset=&#8221;vc_col-lg-4 vc_col-md-4&#8243;]<div class=\"vg-element cta-teaser cta-teaser--center\" data-aos=\"fade-up\"><div class=\"cta-teaser__image\"><a class=\"\" href=\"http:\/\/vangraaf.com\/hu\/markaink\/divatmarkak-ferfiak\/\" target=\"_self\" rel=\"\" style=\"\"><img loading=\"lazy\" decoding=\"async\" width=\"378\" height=\"346\" src=\"https:\/\/www.vangraaf.com\/hu\/wp-content\/uploads\/sites\/3\/2021\/03\/Marken_HAKA_PromoTeaser_WP.jpg\" class=\"vc_single_image-img attachment-full\" alt=\"Egy f\u00e9rfi norv\u00e9gmint\u00e1s pul\u00f3verben n\u00e9z balra, a h\u00e1tt\u00e9r vil\u00e1gos sz\u00edn\u0171 fal.\" title=\"Marken_HAKA_PromoTeaser_WP\" srcset=\"https:\/\/www.vangraaf.com\/hu\/wp-content\/uploads\/sites\/3\/2021\/03\/Marken_HAKA_PromoTeaser_WP.jpg 378w, https:\/\/www.vangraaf.com\/hu\/wp-content\/uploads\/sites\/3\/2021\/03\/Marken_HAKA_PromoTeaser_WP-300x275.jpg 300w\" sizes=\"(max-width: 378px) 100vw, 378px\" \/><\/a><\/div><div class=\"cta-teaser__text\"><h3>Divatm\u00e1rk\u00e1k f\u00e9rfiak<\/h3><p>Sz\u00e1mos neves \u00e9s min\u0151s\u00e9gi m\u00e1rk\u00e1t tartunk divath\u00e1zainkban. Hogy melyik m\u00e1rk\u00e1t pontosan hol tal\u00e1lhatja meg, megtudhatja, ha az al\u00e1bbi \u00e1ttekint\u0151 list\u00e1ban a kiv\u00e1lasztott m\u00e1rk\u00e1ra kattint!<\/p><a class=\"button\" href=\"http:\/\/vangraaf.com\/hu\/markaink\/divatmarkak-ferfiak\/\" target=\"_self\" rel=\"\" style=\"\">Divatm\u00e1rk\u00e1k f\u00e9rfiak<\/a><\/div><\/div>[\/vc_column][\/vc_row]<\/div>","protected":false},"excerpt":{"rendered":"[vc_row full_width=&#8221;stretch_row_content_no_spaces&#8221;][vc_column][vc_column_text] This page has either been moved and is now available in an other area or it does not exist anymore. &nbsp; Homepage [\/vc_column_text][\/vc_column][\/vc_row][vc_row bwd_show_when_type=&#8221;before&#8221; bwd_show_when_date=&#8221;03\/15\/2021 00:00&#8243; bwd_tbc4vd_show_weekday=&#8221;&#8221;][vc_column width=&#8221;1\/2&#8243; offset=&#8221;vc_col-lg-4 vc_col-md-4 vc_col-xs-12&#8243;][\/vc_column][vc_column width=&#8221;1\/2&#8243; offset=&#8221;vc_col-lg-4 vc_col-md-4 vc_col-xs-12&#8243;][\/vc_column][vc_column width=&#8221;1\/2&#8243; offset=&#8221;vc_col-lg-4 vc_col-md-4&#8243;][\/vc_column][\/vc_row][vc_row bwd_show_when_type=&#8221;after&#8221; bwd_show_when_date=&#8221;03\/15\/2021 00:00&#8243; bwd_tbc4vd_show_weekday=&#8221;&#8221;][vc_column width=&#8221;1\/2&#8243; offset=&#8221;vc_col-lg-4 vc_col-md-4 vc_col-xs-12&#8243;][\/vc_column][vc_column width=&#8221;1\/2&#8243; offset=&#8221;vc_col-lg-4 vc_col-md-4 vc_col-xs-12&#8243;][\/vc_column][vc_column width=&#8221;1\/2&#8243; offset=&#8221;vc_col-lg-4 vc_col-md-4&#8243;][\/vc_column][\/vc_row]","protected":false},"author":3,"featured_media":0,"parent":0,"menu_order":0,"comment_status":"closed","ping_status":"closed","template":"page-404.php","meta":{"_acf_changed":false,"inline_featured_image":false,"footnotes":""},"class_list":["post-5021","page","type-page","status-publish","hentry"],"acf":[],"yoast_head":"<!-- This site is optimized with the Yoast SEO plugin v27.2 - https:\/\/yoast.com\/product\/yoast-seo-wordpress\/ -->\n<title>404 - Error VAN GRAAF<\/title>\n<meta name=\"description\" content=\"This page has either been moved and is now available in an other area or it does not exist anymore.\" \/>\n<meta name=\"robots\" content=\"index, follow, max-snippet:-1, max-image-preview:large, max-video-preview:-1\" \/>\n<link rel=\"canonical\" href=\"https:\/\/www.vangraaf.com\/hu\/404-not-found\/\" \/>\n<meta property=\"og:locale\" content=\"hu_HU\" \/>\n<meta property=\"og:type\" content=\"article\" \/>\n<meta property=\"og:title\" content=\"404 - Error VAN GRAAF\" \/>\n<meta property=\"og:description\" content=\"This page has either been moved and is now available in an other area or it does not exist anymore.\" \/>\n<meta property=\"og:url\" content=\"https:\/\/www.vangraaf.com\/hu\/404-not-found\/\" \/>\n<meta property=\"og:site_name\" content=\"VAN GRAAF Magyarorsz\u00e1g\" \/>\n<meta property=\"article:modified_time\" content=\"2021-03-15T08:46:36+00:00\" \/>\n<meta name=\"twitter:card\" content=\"summary_large_image\" \/>\n<meta name=\"twitter:label1\" content=\"Becs\u00fclt olvas\u00e1si id\u0151\" \/>\n\t<meta name=\"twitter:data1\" content=\"3 perc\" \/>\n<script type=\"application\/ld+json\" class=\"yoast-schema-graph\">{\"@context\":\"https:\/\/schema.org\",\"@graph\":[{\"@type\":\"WebPage\",\"@id\":\"https:\/\/www.vangraaf.com\/hu\/404-not-found\/\",\"url\":\"https:\/\/www.vangraaf.com\/hu\/404-not-found\/\",\"name\":\"404 - Error VAN GRAAF\",\"isPartOf\":{\"@id\":\"https:\/\/www.vangraaf.com\/hu\/#website\"},\"datePublished\":\"2020-02-20T13:13:27+00:00\",\"dateModified\":\"2021-03-15T08:46:36+00:00\",\"description\":\"This page has either been moved and is now available in an other area or it does not exist anymore.\",\"breadcrumb\":{\"@id\":\"https:\/\/www.vangraaf.com\/hu\/404-not-found\/#breadcrumb\"},\"inLanguage\":\"hu\",\"potentialAction\":[{\"@type\":\"ReadAction\",\"target\":[\"https:\/\/www.vangraaf.com\/hu\/404-not-found\/\"]}]},{\"@type\":\"BreadcrumbList\",\"@id\":\"https:\/\/www.vangraaf.com\/hu\/404-not-found\/#breadcrumb\",\"itemListElement\":[{\"@type\":\"ListItem\",\"position\":1,\"name\":\"Home\",\"item\":\"https:\/\/www.vangraaf.com\/hu\/\"},{\"@type\":\"ListItem\",\"position\":2,\"name\":\"404\"}]},{\"@type\":\"WebSite\",\"@id\":\"https:\/\/www.vangraaf.com\/hu\/#website\",\"url\":\"https:\/\/www.vangraaf.com\/hu\/\",\"name\":\"VAN GRAAF\",\"description\":\"VAN GRAAF\",\"potentialAction\":[{\"@type\":\"SearchAction\",\"target\":{\"@type\":\"EntryPoint\",\"urlTemplate\":\"https:\/\/www.vangraaf.com\/hu\/?s={search_term_string}\"},\"query-input\":{\"@type\":\"PropertyValueSpecification\",\"valueRequired\":true,\"valueName\":\"search_term_string\"}}],\"inLanguage\":\"hu\"}]}<\/script>\n<!-- \/ Yoast SEO plugin. -->","yoast_head_json":{"title":"404 - Error VAN GRAAF","description":"This page has either been moved and is now available in an other area or it does not exist anymore.","robots":{"index":"index","follow":"follow","max-snippet":"max-snippet:-1","max-image-preview":"max-image-preview:large","max-video-preview":"max-video-preview:-1"},"canonical":"https:\/\/www.vangraaf.com\/hu\/404-not-found\/","og_locale":"hu_HU","og_type":"article","og_title":"404 - Error VAN GRAAF","og_description":"This page has either been moved and is now available in an other area or it does not exist anymore.","og_url":"https:\/\/www.vangraaf.com\/hu\/404-not-found\/","og_site_name":"VAN GRAAF Magyarorsz\u00e1g","article_modified_time":"2021-03-15T08:46:36+00:00","twitter_card":"summary_large_image","twitter_misc":{"Becs\u00fclt olvas\u00e1si id\u0151":"3 perc"},"schema":{"@context":"https:\/\/schema.org","@graph":[{"@type":"WebPage","@id":"https:\/\/www.vangraaf.com\/hu\/404-not-found\/","url":"https:\/\/www.vangraaf.com\/hu\/404-not-found\/","name":"404 - Error VAN GRAAF","isPartOf":{"@id":"https:\/\/www.vangraaf.com\/hu\/#website"},"datePublished":"2020-02-20T13:13:27+00:00","dateModified":"2021-03-15T08:46:36+00:00","description":"This page has either been moved and is now available in an other area or it does not exist anymore.","breadcrumb":{"@id":"https:\/\/www.vangraaf.com\/hu\/404-not-found\/#breadcrumb"},"inLanguage":"hu","potentialAction":[{"@type":"ReadAction","target":["https:\/\/www.vangraaf.com\/hu\/404-not-found\/"]}]},{"@type":"BreadcrumbList","@id":"https:\/\/www.vangraaf.com\/hu\/404-not-found\/#breadcrumb","itemListElement":[{"@type":"ListItem","position":1,"name":"Home","item":"https:\/\/www.vangraaf.com\/hu\/"},{"@type":"ListItem","position":2,"name":"404"}]},{"@type":"WebSite","@id":"https:\/\/www.vangraaf.com\/hu\/#website","url":"https:\/\/www.vangraaf.com\/hu\/","name":"VAN GRAAF","description":"VAN GRAAF","potentialAction":[{"@type":"SearchAction","target":{"@type":"EntryPoint","urlTemplate":"https:\/\/www.vangraaf.com\/hu\/?s={search_term_string}"},"query-input":{"@type":"PropertyValueSpecification","valueRequired":true,"valueName":"search_term_string"}}],"inLanguage":"hu"}]}},"_links":{"self":[{"href":"https:\/\/www.vangraaf.com\/hu\/wp-json\/wp\/v2\/pages\/5021","targetHints":{"allow":["GET"]}}],"collection":[{"href":"https:\/\/www.vangraaf.com\/hu\/wp-json\/wp\/v2\/pages"}],"about":[{"href":"https:\/\/www.vangraaf.com\/hu\/wp-json\/wp\/v2\/types\/page"}],"author":[{"embeddable":true,"href":"https:\/\/www.vangraaf.com\/hu\/wp-json\/wp\/v2\/users\/3"}],"replies":[{"embeddable":true,"href":"https:\/\/www.vangraaf.com\/hu\/wp-json\/wp\/v2\/comments?post=5021"}],"version-history":[{"count":12,"href":"https:\/\/www.vangraaf.com\/hu\/wp-json\/wp\/v2\/pages\/5021\/revisions"}],"predecessor-version":[{"id":5176,"href":"https:\/\/www.vangraaf.com\/hu\/wp-json\/wp\/v2\/pages\/5021\/revisions\/5176"}],"wp:attachment":[{"href":"https:\/\/www.vangraaf.com\/hu\/wp-json\/wp\/v2\/media?parent=5021"}],"curies":[{"name":"wp","href":"https:\/\/api.w.org\/{rel}","templated":true}]}}