{"id":4758,"date":"2020-03-12T13:55:54","date_gmt":"2020-03-12T12:55:54","guid":{"rendered":"http:\/\/van-graaf.test\/ch\/?page_id=3648"},"modified":"2020-09-15T14:12:39","modified_gmt":"2020-09-15T12:12:39","slug":"vila","status":"publish","type":"page","link":"https:\/\/www.vangraaf.com\/hu\/markaink\/vila\/","title":{"rendered":"Vila"},"content":{"rendered":"<div class=\"wpb-content-wrapper\">[vc_row full_width=&#8221;stretch_row_content_no_spaces&#8221;][vc_column]<div class=\"keyvisual\" data-aos=\"fade-up\" ><img loading=\"lazy\" decoding=\"async\" width=\"1440\" height=\"480\" src=\"https:\/\/www.vangraaf.com\/hu\/wp-content\/uploads\/sites\/3\/2020\/02\/Logo_VILA.jpg\" class=\"vc_single_image-img\" alt=\"\" srcset=\"https:\/\/www.vangraaf.com\/hu\/wp-content\/uploads\/sites\/3\/2020\/02\/Logo_VILA.jpg 1440w, https:\/\/www.vangraaf.com\/hu\/wp-content\/uploads\/sites\/3\/2020\/02\/Logo_VILA-300x100.jpg 300w, https:\/\/www.vangraaf.com\/hu\/wp-content\/uploads\/sites\/3\/2020\/02\/Logo_VILA-1024x341.jpg 1024w, https:\/\/www.vangraaf.com\/hu\/wp-content\/uploads\/sites\/3\/2020\/02\/Logo_VILA-768x256.jpg 768w, https:\/\/www.vangraaf.com\/hu\/wp-content\/uploads\/sites\/3\/2020\/02\/Logo_VILA-1200x400.jpg 1200w, https:\/\/www.vangraaf.com\/hu\/wp-content\/uploads\/sites\/3\/2020\/02\/Logo_VILA-992x331.jpg 992w, https:\/\/www.vangraaf.com\/hu\/wp-content\/uploads\/sites\/3\/2020\/02\/Logo_VILA-480x160.jpg 480w\" sizes=\"(max-width: 1440px) 100vw, 1440px\" \/><\/div>\n        <div class=\"headlines headlines--center\" data-aos=\"fade-up\">\n            <div class=\"vc_row\">\n                <div class=\"vc_col-md-10 vc_col-md-offset-1 vc_col-lg-10 vc_col-lg-offset-1\"><span class=\"h6\">VILA<\/span><h1 class=\"h2\">St\u00edlusos VILA n\u0151i divat\u00e1ruk a VAN GRAAF budapesti \u00fczleteiben<\/h1><\/div>\n            <\/div>\n        <\/div>[vc_column_text]\r\n<p style=\"text-align: center\">A VILA Clothes \u2013 ez a fiatal, trendtudatos m\u00e1rka \u2013 az elm\u00falt \u00e9vekben sz\u00e1mos divatrajong\u00f3 \u00e9s \u00e1rtudatos n\u0151 sz\u00edv\u00e9t dobogtatta meg. A m\u00e1rka kollekci\u00f3inak f\u0151 vonzerej\u00e9t a romantikus, j\u00e1t\u00e9kos skandin\u00e1v megjelen\u00e9s jelenti. Fedezze fel a messzi \u00e9szak n\u0151i divatcikkeit most Magyarorsz\u00e1gon is <strong>\u2013 a budapesti VAN-GRAAF-\u00fczletekben<\/strong>!<\/p>\r\n[\/vc_column_text][\/vc_column][\/vc_row][vc_row][vc_column]\n        <div class=\"headlines headlines--center\" data-aos=\"fade-up\">\n            <div class=\"vc_row\">\n                <div class=\"vc_col-md-10 vc_col-md-offset-1 vc_col-lg-10 vc_col-lg-offset-1\"><h2 class=\"h2\">VILA: megfizethet\u0151 divat skandin\u00e1v st\u00edlusban<\/h2><\/div>\n            <\/div>\n        <\/div>[vc_column_text]Az 1994-ben alap\u00edtott VILA Clothes divatm\u00e1rka a nagy d\u00e1n ruh\u00e1zati v\u00e1llalat, a BESTSELLER tulajdon\u00e1ban van. A VILA n\u0151i divatcikkei az elm\u00falt \u00e9vek egyik legn\u00e9pszer\u0171bb trendj\u00e9vel, az <strong>eleg\u00e1ns skandin\u00e1v st\u00edlussal<\/strong> b\u0171v\u00f6lik el a v\u00e1s\u00e1rl\u00f3kat. A <strong>klasszikus, eleg\u00e1ns, minimalista<\/strong> megjelen\u00e9st olyan j\u00e1t\u00e9kos r\u00e9szletek dobj\u00e1k fel, mint a fodrok \u00e9s a csipk\u00e9k. L\u00e1togasson el budapesti \u00fczleteinkbe, \u00e9s ismerje meg a skandin\u00e1v n\u0151i divat \u00fajdons\u00e1gait a VILA-t\u00f3l!\r\n\r\nLegyen sz\u00f3 ak\u00e1r <strong>alapdarabokr\u00f3l, exkluz\u00edv ruh\u00e1kr\u00f3l, t\u00e9li dzsekikr\u0151l vagy kieg\u00e9sz\u00edt\u0151kr\u0151l<\/strong>, a VILA v\u00e1laszt\u00e9k\u00e1ban mindent megtal\u00e1l, ami megdobogtatja a divattudatos n\u0151k sz\u00edv\u00e9t \u2013 mindezt megfizethet\u0151 \u00e1ron. A k\u00f6nnyed, n\u0151ies st\u00edlus els\u0151sorban a <strong>trendtudatos fiatal n\u0151ket \u00e9s l\u00e1nyokat<\/strong> veszi c\u00e9lba, akik k\u00fcl\u00f6n\u00f6sen ig\u00e9nyesek a j\u00f3 megjelen\u00e9sre. A VILA st\u00edlusa egyszer\u0171 \u00e9s praktikus: az \u00e1raml\u00f3, k\u00f6nny\u0171 anyagokb\u00f3l k\u00e9sz\u00fclt minimalista szab\u00e1s\u00fa darabok t\u00f6k\u00e9letesen kombin\u00e1lhat\u00f3k egym\u00e1ssal.[\/vc_column_text][\/vc_column][\/vc_row][vc_row][vc_column]\n        <div class=\"headlines headlines--center\" data-aos=\"fade-up\">\n            <div class=\"vc_row\">\n                <div class=\"vc_col-md-10 vc_col-md-offset-1 vc_col-lg-10 vc_col-lg-offset-1\"><span class=\"h6\">n\u0151i divat<\/span><h2 class=\"h2\">Ismerje meg a skandin\u00e1v n\u0151k st\u00edlustitkait<\/h2><\/div>\n            <\/div>\n        <\/div>[vc_column_text]A skandin\u00e1v n\u0151k a divat ter\u00e9n is megmutatkoz\u00f3 j\u00f3 \u00edzl\u00e9s\u00fckr\u0151l ismertek. A <strong>skandin\u00e1v st\u00edlus<\/strong> trendi, de nem esik t\u00falz\u00e1sokba. A k\u00e9nyelemnek \u00e9s funkcionalit\u00e1snak fontos szerep jut, amit ez a r\u00f6vid jelmondat foglal \u00f6ssze: \u201eAz a j\u00f3, amit bicikliz\u00e9s k\u00f6zben is lehet viselni\u201d. Ugyanakkor az eszt\u00e9tik\u00e1r\u00f3l sem mondanak le: a minimalista darabokat st\u00edlusos <strong>fodrok \u00e9s csipk\u00e9k<\/strong> d\u00edsz\u00edtik. A megjelen\u00e9st men\u0151 kieg\u00e9sz\u00edt\u0151k, p\u00e9ld\u00e1ul designer k\u00e9zit\u00e1sk\u00e1k, valamint az \u00e9l\u00e9nk sz\u00ednkombin\u00e1ci\u00f3k teszik teljess\u00e9.\r\n\r\nA VILA a skandin\u00e1v st\u00edlus teljes spektrum\u00e1t lefedi. Sok eleg\u00e1ns \u00e9s egyszer\u0171 <strong>alapdarabot felt\u0171n\u0151 r\u00e9szletekkel dobnak fel<\/strong>. A fekete poli\u00e9szter kisest\u00e9lyi a dekolt\u00e1zson elhelyezett csipked\u00edsz\u00edt\u00e9ssel \u00e9s a fodros der\u00e9kr\u00e9sszel t\u0171nik ki. A klasszikus bl\u00fazt a masnis nyakr\u00e9sz, a magas derek\u00fa nadr\u00e1got pedig a der\u00e9kk\u00f6t\u0151 teszi k\u00fcl\u00f6nlegess\u00e9. A VILA n\u0151i ruh\u00e1i k\u00f6z\u00f6tt sz\u00e1mos <strong>egyszer\u0171 alapdarab is tal\u00e1lhat\u00f3 k\u00fcl\u00f6nleges r\u00e9szletek<\/strong> vagy d\u00edsz\u00edt\u00e9sek n\u00e9lk\u00fcl, amelyek optim\u00e1lisan kombin\u00e1lhat\u00f3k m\u00e1s darabokkal.[\/vc_column_text][\/vc_column][\/vc_row][vc_row][vc_column]\n        <div class=\"headlines headlines--center\" data-aos=\"fade-up\">\n            <div class=\"vc_row\">\n                <div class=\"vc_col-md-10 vc_col-md-offset-1 vc_col-lg-10 vc_col-lg-offset-1\"><h2 class=\"h2\">V\u00e1s\u00e1roljon VILA n\u0151i divat\u00e1rukat a VAN GRAAF budapesti \u00fczleteiben<\/h2><\/div>\n            <\/div>\n        <\/div>[vc_column_text]Ha szeret k\u00eds\u00e9rletezni a divattal, de nem szeretne t\u00falz\u00e1sokba esni, akkor a VILA st\u00edlus\u00e1t \u00d6nnek tal\u00e1lt\u00e1k ki. A VAN GRAAF budapesti \u00fczleteiben most \u00f6ssze\u00e1ll\u00edthatja \u00faj kedvenc \u00f6lt\u00f6z\u00e9k\u00e9t! L\u00e1togasson el divath\u00e1zainkba, \u00e9s vegye ig\u00e9nybe<a href=\"https:\/\/www.vangraaf.com\/hu\/divathazaink\/personal-shopping\/\"> k\u00fcl\u00f6nleges szolg\u00e1ltat\u00e1sainkat<\/a> is, p\u00e9ld\u00e1ul a <strong>szem\u00e9lyes v\u00e1s\u00e1rl\u00e1st<\/strong>.[\/vc_column_text][\/vc_column][\/vc_row][vc_row][vc_column]<div class=\"vg-element brand-slider brand-slider--light\" data-aos=\"fade-up\"><div class=\"brand-slider__inner\"><div class=\"brand-slider__slider js-brand-slider\"><div class=\"brand-slider__slider__item\"><a href=\"https:\/\/www.vangraaf.com\/hu\/markaink\/adidas-originals\/\" title=\"adidas Originals\"><img loading=\"lazy\" decoding=\"async\" width=\"1\" height=\"1\" src=\"https:\/\/www.vangraaf.com\/hu\/wp-content\/uploads\/sites\/3\/2020\/03\/Adidas_Logo_grau_OK.svg\" class=\"attachment-full size-full\" alt=\"\" \/><\/a><\/div><div class=\"brand-slider__slider__item\"><a href=\"https:\/\/www.vangraaf.com\/hu\/markaink\/tommy-hilfiger\/\" title=\"Tommy Hilfiger\"><img loading=\"lazy\" decoding=\"async\" width=\"1\" height=\"1\" src=\"https:\/\/www.vangraaf.com\/hu\/wp-content\/uploads\/sites\/3\/2020\/03\/Tommy_Hilfiger_4c_grau_OK.svg\" class=\"attachment-full size-full\" alt=\"\" \/><\/a><\/div><div class=\"brand-slider__slider__item\"><a href=\"https:\/\/www.vangraaf.com\/hu\/markaink\/levis\/\" title=\"Levi&#039;s\"><img loading=\"lazy\" decoding=\"async\" width=\"1\" height=\"1\" src=\"https:\/\/www.vangraaf.com\/hu\/wp-content\/uploads\/sites\/3\/2020\/03\/Levis_Logo_grau_OK.svg\" class=\"attachment-full size-full\" alt=\"\" \/><\/a><\/div><div class=\"brand-slider__slider__item\"><a href=\"https:\/\/www.vangraaf.com\/hu\/markaink\/calvin-klein\/\" title=\"Calvin Klein\"><img loading=\"lazy\" decoding=\"async\" width=\"1\" height=\"1\" src=\"https:\/\/www.vangraaf.com\/hu\/wp-content\/uploads\/sites\/3\/2020\/03\/Calvin-Klein-Logo-grau_OK.svg\" class=\"attachment-full size-full\" alt=\"\" \/><\/a><\/div><div class=\"brand-slider__slider__item\"><a href=\"https:\/\/www.vangraaf.com\/hu\/markaink\/champion\/\" title=\"Champion\"><img loading=\"lazy\" decoding=\"async\" width=\"1\" height=\"1\" src=\"https:\/\/www.vangraaf.com\/hu\/wp-content\/uploads\/sites\/3\/2020\/03\/Champion_Logo_grau_OK.svg\" class=\"attachment-full size-full\" alt=\"\" \/><\/a><\/div><div class=\"brand-slider__slider__item\"><a href=\"https:\/\/www.vangraaf.com\/hu\/markaink\/lacoste\/\" title=\"Lacoste\"><img loading=\"lazy\" decoding=\"async\" width=\"1\" height=\"1\" src=\"https:\/\/www.vangraaf.com\/hu\/wp-content\/uploads\/sites\/3\/2020\/03\/Lacoste_Logo_4c_grau_Ausnahme_OK.svg\" class=\"attachment-full size-full\" alt=\"\" \/><\/a><\/div><div class=\"brand-slider__slider__item\"><a href=\"https:\/\/www.vangraaf.com\/hu\/markaink\/superdry\/\" title=\"Superdry\"><img loading=\"lazy\" decoding=\"async\" width=\"1\" height=\"1\" src=\"https:\/\/www.vangraaf.com\/hu\/wp-content\/uploads\/sites\/3\/2020\/03\/Superdry_Logo_grau_OK.svg\" class=\"attachment-full size-full\" alt=\"\" \/><\/a><\/div><div class=\"brand-slider__slider__item\"><a href=\"https:\/\/www.vangraaf.com\/hu\/markaink\/fila\/\" title=\"FILA\"><img loading=\"lazy\" decoding=\"async\" width=\"1\" height=\"1\" src=\"https:\/\/www.vangraaf.com\/hu\/wp-content\/uploads\/sites\/3\/2020\/03\/Fila-Logo-grau_OK.svg\" class=\"attachment-full size-full\" alt=\"\" \/><\/a><\/div><div class=\"brand-slider__slider__item\"><a href=\"https:\/\/www.vangraaf.com\/hu\/markaink\/tom-tailor\/\" title=\"TOM TAILOR\"><img loading=\"lazy\" decoding=\"async\" width=\"1\" height=\"1\" src=\"https:\/\/www.vangraaf.com\/hu\/wp-content\/uploads\/sites\/3\/2020\/03\/Tom_Tailor_Logo_grau_OK.svg\" class=\"attachment-full size-full\" alt=\"\" \/><\/a><\/div><div class=\"brand-slider__slider__item\"><a href=\"https:\/\/www.vangraaf.com\/hu\/markaink\/alpha-industries\/\" title=\"Alpha Industries\"><img loading=\"lazy\" decoding=\"async\" width=\"1\" height=\"1\" src=\"https:\/\/www.vangraaf.com\/hu\/wp-content\/uploads\/sites\/3\/2020\/03\/Alpha_Industries_Logo_grau_OK.svg\" class=\"attachment-full size-full\" alt=\"\" \/><\/a><\/div><div class=\"brand-slider__slider__item\"><a href=\"https:\/\/www.vangraaf.com\/hu\/markaink\/g-star\/\" title=\"G-Star RAW\"><img loading=\"lazy\" decoding=\"async\" width=\"1\" height=\"1\" src=\"https:\/\/www.vangraaf.com\/hu\/wp-content\/uploads\/sites\/3\/2020\/03\/G_Star_Logo_grau_OK.svg\" class=\"attachment-full size-full\" alt=\"\" \/><\/a><\/div><div class=\"brand-slider__slider__item\"><a href=\"https:\/\/www.vangraaf.com\/hu\/markaink\/vila\/\" title=\"VILA\"><img loading=\"lazy\" decoding=\"async\" width=\"1\" height=\"1\" src=\"https:\/\/www.vangraaf.com\/hu\/wp-content\/uploads\/sites\/3\/2020\/03\/Vila_Logo_grau_OK.svg\" class=\"attachment-full size-full\" alt=\"\" \/><\/a><\/div><div class=\"brand-slider__slider__item\"><a href=\"https:\/\/www.vangraaf.com\/hu\/markaink\/boss\/\" title=\"BOSS\"><img loading=\"lazy\" decoding=\"async\" width=\"1\" height=\"1\" src=\"https:\/\/www.vangraaf.com\/hu\/wp-content\/uploads\/sites\/3\/2020\/03\/Boss_Logo_grau_OK.svg\" class=\"attachment-full size-full\" alt=\"\" \/><\/a><\/div><div class=\"brand-slider__slider__item\"><a href=\"https:\/\/www.vangraaf.com\/hu\/markaink\/armani-exchange\/\" title=\"Armani Exchange\"><img loading=\"lazy\" decoding=\"async\" width=\"1\" height=\"1\" src=\"https:\/\/www.vangraaf.com\/hu\/wp-content\/uploads\/sites\/3\/2020\/03\/Armani-Exchange-Logo-grau_OK.svg\" class=\"attachment-full size-full\" alt=\"\" \/><\/a><\/div><div class=\"brand-slider__slider__item\"><a href=\"https:\/\/www.vangraaf.com\/hu\/markaink\/polo-ralph-lauren\/\" title=\"Polo Ralph Lauren\"><img loading=\"lazy\" decoding=\"async\" width=\"1\" height=\"1\" src=\"https:\/\/www.vangraaf.com\/hu\/wp-content\/uploads\/sites\/3\/2020\/03\/Ralph_Lauren_Logo_grau_OK.svg\" class=\"attachment-full size-full\" alt=\"\" \/><\/a><\/div><div class=\"brand-slider__slider__item\"><a href=\"https:\/\/www.vangraaf.com\/hu\/markaink\/marie-lund\/\" title=\"Marie Lund\"><img loading=\"lazy\" decoding=\"async\" width=\"1\" height=\"1\" src=\"https:\/\/www.vangraaf.com\/hu\/wp-content\/uploads\/sites\/3\/2020\/03\/Marie_Lund_Logo_grau_OK.svg\" class=\"attachment-full size-full\" alt=\"\" \/><\/a><\/div><\/div><\/div><\/div>[\/vc_column][\/vc_row]<\/div>","protected":false},"excerpt":{"rendered":"[vc_row full_width=&#8221;stretch_row_content_no_spaces&#8221;][vc_column][vc_column_text] A VILA Clothes \u2013 ez a fiatal, trendtudatos m\u00e1rka \u2013 az elm\u00falt \u00e9vekben sz\u00e1mos divatrajong\u00f3 \u00e9s \u00e1rtudatos n\u0151 sz\u00edv\u00e9t dobogtatta meg. A m\u00e1rka kollekci\u00f3inak f\u0151 vonzerej\u00e9t a romantikus, j\u00e1t\u00e9kos skandin\u00e1v megjelen\u00e9s jelenti. Fedezze fel a messzi \u00e9szak n\u0151i divatcikkeit most Magyarorsz\u00e1gon is \u2013 a budapesti VAN-GRAAF-\u00fczletekben! [\/vc_column_text][\/vc_column][\/vc_row][vc_row][vc_column][vc_column_text]Az 1994-ben alap\u00edtott VILA Clothes divatm\u00e1rka a [&hellip;]","protected":false},"author":3,"featured_media":0,"parent":3937,"menu_order":0,"comment_status":"closed","ping_status":"closed","template":"","meta":{"_acf_changed":false,"inline_featured_image":false,"footnotes":""},"class_list":["post-4758","page","type-page","status-publish","hentry"],"acf":[],"yoast_head":"<!-- This site is optimized with the Yoast SEO plugin v27.2 - https:\/\/yoast.com\/product\/yoast-seo-wordpress\/ -->\n<title>VILA skandin\u00e1v n\u0151i divat Budapesten<\/title>\n<meta name=\"description\" content=\"A VILA Clothes az eleg\u00e1ns \u00e9s megfizethet\u0151 n\u0151i divatot jelenti, n\u00e9pszer\u0171 skandin\u00e1v st\u00edlusban. V\u00e1s\u00e1roljon VILA m\u00e1rk\u00e1j\u00fa n\u0151i divatcikkeket a budapesti VAN GRAAF-\u00fczletekben!\" \/>\n<meta name=\"robots\" content=\"index, follow, max-snippet:-1, max-image-preview:large, max-video-preview:-1\" \/>\n<link rel=\"canonical\" href=\"https:\/\/www.vangraaf.com\/hu\/markaink\/vila\/\" \/>\n<meta property=\"og:locale\" content=\"hu_HU\" \/>\n<meta property=\"og:type\" content=\"article\" \/>\n<meta property=\"og:title\" content=\"VILA skandin\u00e1v n\u0151i divat Budapesten\" \/>\n<meta property=\"og:description\" content=\"A VILA Clothes az eleg\u00e1ns \u00e9s megfizethet\u0151 n\u0151i divatot jelenti, n\u00e9pszer\u0171 skandin\u00e1v st\u00edlusban. V\u00e1s\u00e1roljon VILA m\u00e1rk\u00e1j\u00fa n\u0151i divatcikkeket a budapesti VAN GRAAF-\u00fczletekben!\" \/>\n<meta property=\"og:url\" content=\"https:\/\/www.vangraaf.com\/hu\/markaink\/vila\/\" \/>\n<meta property=\"og:site_name\" content=\"VAN GRAAF Magyarorsz\u00e1g\" \/>\n<meta property=\"article:modified_time\" content=\"2020-09-15T12:12:39+00:00\" \/>\n<meta name=\"twitter:card\" content=\"summary_large_image\" \/>\n<meta name=\"twitter:label1\" content=\"Becs\u00fclt olvas\u00e1si id\u0151\" \/>\n\t<meta name=\"twitter:data1\" content=\"3 perc\" \/>\n<script type=\"application\/ld+json\" class=\"yoast-schema-graph\">{\"@context\":\"https:\/\/schema.org\",\"@graph\":[{\"@type\":\"WebPage\",\"@id\":\"https:\/\/www.vangraaf.com\/hu\/markaink\/vila\/\",\"url\":\"https:\/\/www.vangraaf.com\/hu\/markaink\/vila\/\",\"name\":\"VILA skandin\u00e1v n\u0151i divat Budapesten\",\"isPartOf\":{\"@id\":\"https:\/\/www.vangraaf.com\/hu\/#website\"},\"datePublished\":\"2020-03-12T12:55:54+00:00\",\"dateModified\":\"2020-09-15T12:12:39+00:00\",\"description\":\"A VILA Clothes az eleg\u00e1ns \u00e9s megfizethet\u0151 n\u0151i divatot jelenti, n\u00e9pszer\u0171 skandin\u00e1v st\u00edlusban. V\u00e1s\u00e1roljon VILA m\u00e1rk\u00e1j\u00fa n\u0151i divatcikkeket a budapesti VAN GRAAF-\u00fczletekben!\",\"breadcrumb\":{\"@id\":\"https:\/\/www.vangraaf.com\/hu\/markaink\/vila\/#breadcrumb\"},\"inLanguage\":\"hu\",\"potentialAction\":[{\"@type\":\"ReadAction\",\"target\":[\"https:\/\/www.vangraaf.com\/hu\/markaink\/vila\/\"]}]},{\"@type\":\"BreadcrumbList\",\"@id\":\"https:\/\/www.vangraaf.com\/hu\/markaink\/vila\/#breadcrumb\",\"itemListElement\":[{\"@type\":\"ListItem\",\"position\":1,\"name\":\"Home\",\"item\":\"https:\/\/www.vangraaf.com\/hu\/\"},{\"@type\":\"ListItem\",\"position\":2,\"name\":\"Marken\",\"item\":\"https:\/\/www.vangraaf.com\/hu\/markaink\/\"},{\"@type\":\"ListItem\",\"position\":3,\"name\":\"Vila\"}]},{\"@type\":\"WebSite\",\"@id\":\"https:\/\/www.vangraaf.com\/hu\/#website\",\"url\":\"https:\/\/www.vangraaf.com\/hu\/\",\"name\":\"VAN GRAAF\",\"description\":\"VAN GRAAF\",\"potentialAction\":[{\"@type\":\"SearchAction\",\"target\":{\"@type\":\"EntryPoint\",\"urlTemplate\":\"https:\/\/www.vangraaf.com\/hu\/?s={search_term_string}\"},\"query-input\":{\"@type\":\"PropertyValueSpecification\",\"valueRequired\":true,\"valueName\":\"search_term_string\"}}],\"inLanguage\":\"hu\"}]}<\/script>\n<!-- \/ Yoast SEO plugin. -->","yoast_head_json":{"title":"VILA skandin\u00e1v n\u0151i divat Budapesten","description":"A VILA Clothes az eleg\u00e1ns \u00e9s megfizethet\u0151 n\u0151i divatot jelenti, n\u00e9pszer\u0171 skandin\u00e1v st\u00edlusban. V\u00e1s\u00e1roljon VILA m\u00e1rk\u00e1j\u00fa n\u0151i divatcikkeket a budapesti VAN GRAAF-\u00fczletekben!","robots":{"index":"index","follow":"follow","max-snippet":"max-snippet:-1","max-image-preview":"max-image-preview:large","max-video-preview":"max-video-preview:-1"},"canonical":"https:\/\/www.vangraaf.com\/hu\/markaink\/vila\/","og_locale":"hu_HU","og_type":"article","og_title":"VILA skandin\u00e1v n\u0151i divat Budapesten","og_description":"A VILA Clothes az eleg\u00e1ns \u00e9s megfizethet\u0151 n\u0151i divatot jelenti, n\u00e9pszer\u0171 skandin\u00e1v st\u00edlusban. V\u00e1s\u00e1roljon VILA m\u00e1rk\u00e1j\u00fa n\u0151i divatcikkeket a budapesti VAN GRAAF-\u00fczletekben!","og_url":"https:\/\/www.vangraaf.com\/hu\/markaink\/vila\/","og_site_name":"VAN GRAAF Magyarorsz\u00e1g","article_modified_time":"2020-09-15T12:12:39+00:00","twitter_card":"summary_large_image","twitter_misc":{"Becs\u00fclt olvas\u00e1si id\u0151":"3 perc"},"schema":{"@context":"https:\/\/schema.org","@graph":[{"@type":"WebPage","@id":"https:\/\/www.vangraaf.com\/hu\/markaink\/vila\/","url":"https:\/\/www.vangraaf.com\/hu\/markaink\/vila\/","name":"VILA skandin\u00e1v n\u0151i divat Budapesten","isPartOf":{"@id":"https:\/\/www.vangraaf.com\/hu\/#website"},"datePublished":"2020-03-12T12:55:54+00:00","dateModified":"2020-09-15T12:12:39+00:00","description":"A VILA Clothes az eleg\u00e1ns \u00e9s megfizethet\u0151 n\u0151i divatot jelenti, n\u00e9pszer\u0171 skandin\u00e1v st\u00edlusban. V\u00e1s\u00e1roljon VILA m\u00e1rk\u00e1j\u00fa n\u0151i divatcikkeket a budapesti VAN GRAAF-\u00fczletekben!","breadcrumb":{"@id":"https:\/\/www.vangraaf.com\/hu\/markaink\/vila\/#breadcrumb"},"inLanguage":"hu","potentialAction":[{"@type":"ReadAction","target":["https:\/\/www.vangraaf.com\/hu\/markaink\/vila\/"]}]},{"@type":"BreadcrumbList","@id":"https:\/\/www.vangraaf.com\/hu\/markaink\/vila\/#breadcrumb","itemListElement":[{"@type":"ListItem","position":1,"name":"Home","item":"https:\/\/www.vangraaf.com\/hu\/"},{"@type":"ListItem","position":2,"name":"Marken","item":"https:\/\/www.vangraaf.com\/hu\/markaink\/"},{"@type":"ListItem","position":3,"name":"Vila"}]},{"@type":"WebSite","@id":"https:\/\/www.vangraaf.com\/hu\/#website","url":"https:\/\/www.vangraaf.com\/hu\/","name":"VAN GRAAF","description":"VAN GRAAF","potentialAction":[{"@type":"SearchAction","target":{"@type":"EntryPoint","urlTemplate":"https:\/\/www.vangraaf.com\/hu\/?s={search_term_string}"},"query-input":{"@type":"PropertyValueSpecification","valueRequired":true,"valueName":"search_term_string"}}],"inLanguage":"hu"}]}},"_links":{"self":[{"href":"https:\/\/www.vangraaf.com\/hu\/wp-json\/wp\/v2\/pages\/4758","targetHints":{"allow":["GET"]}}],"collection":[{"href":"https:\/\/www.vangraaf.com\/hu\/wp-json\/wp\/v2\/pages"}],"about":[{"href":"https:\/\/www.vangraaf.com\/hu\/wp-json\/wp\/v2\/types\/page"}],"author":[{"embeddable":true,"href":"https:\/\/www.vangraaf.com\/hu\/wp-json\/wp\/v2\/users\/3"}],"replies":[{"embeddable":true,"href":"https:\/\/www.vangraaf.com\/hu\/wp-json\/wp\/v2\/comments?post=4758"}],"version-history":[{"count":6,"href":"https:\/\/www.vangraaf.com\/hu\/wp-json\/wp\/v2\/pages\/4758\/revisions"}],"predecessor-version":[{"id":5351,"href":"https:\/\/www.vangraaf.com\/hu\/wp-json\/wp\/v2\/pages\/4758\/revisions\/5351"}],"up":[{"embeddable":true,"href":"https:\/\/www.vangraaf.com\/hu\/wp-json\/wp\/v2\/pages\/3937"}],"wp:attachment":[{"href":"https:\/\/www.vangraaf.com\/hu\/wp-json\/wp\/v2\/media?parent=4758"}],"curies":[{"name":"wp","href":"https:\/\/api.w.org\/{rel}","templated":true}]}}