{"id":4757,"date":"2020-03-12T13:50:19","date_gmt":"2020-03-12T12:50:19","guid":{"rendered":"http:\/\/van-graaf.test\/ch\/?page_id=3639"},"modified":"2022-05-03T12:24:47","modified_gmt":"2022-05-03T10:24:47","slug":"tom-tailor","status":"publish","type":"page","link":"https:\/\/www.vangraaf.com\/hu\/markaink\/tom-tailor\/","title":{"rendered":"Tom Tailor"},"content":{"rendered":"<div class=\"wpb-content-wrapper\">[vc_row full_width=&#8221;stretch_row_content_no_spaces&#8221;][vc_column]<div class=\"keyvisual\" data-aos=\"fade-up\" ><img loading=\"lazy\" decoding=\"async\" width=\"1440\" height=\"480\" src=\"https:\/\/www.vangraaf.com\/hu\/wp-content\/uploads\/sites\/3\/2020\/02\/Logo_TomTailorDenim.jpg\" class=\"vc_single_image-img\" alt=\"\" srcset=\"https:\/\/www.vangraaf.com\/hu\/wp-content\/uploads\/sites\/3\/2020\/02\/Logo_TomTailorDenim.jpg 1440w, https:\/\/www.vangraaf.com\/hu\/wp-content\/uploads\/sites\/3\/2020\/02\/Logo_TomTailorDenim-300x100.jpg 300w, https:\/\/www.vangraaf.com\/hu\/wp-content\/uploads\/sites\/3\/2020\/02\/Logo_TomTailorDenim-1024x341.jpg 1024w, https:\/\/www.vangraaf.com\/hu\/wp-content\/uploads\/sites\/3\/2020\/02\/Logo_TomTailorDenim-768x256.jpg 768w, https:\/\/www.vangraaf.com\/hu\/wp-content\/uploads\/sites\/3\/2020\/02\/Logo_TomTailorDenim-1200x400.jpg 1200w, https:\/\/www.vangraaf.com\/hu\/wp-content\/uploads\/sites\/3\/2020\/02\/Logo_TomTailorDenim-992x331.jpg 992w, https:\/\/www.vangraaf.com\/hu\/wp-content\/uploads\/sites\/3\/2020\/02\/Logo_TomTailorDenim-480x160.jpg 480w\" sizes=\"(max-width: 1440px) 100vw, 1440px\" \/><\/div>\n        <div class=\"headlines headlines--center\" data-aos=\"fade-up\">\n            <div class=\"vc_row\">\n                <div class=\"vc_col-md-10 vc_col-md-offset-1 vc_col-lg-10 vc_col-lg-offset-1\"><span class=\"h6\">TOM TAILOR<\/span><h1 class=\"h2\">TOM TAILOR n\u0151i \u00e9s f\u00e9rfi divat a VAN GRAAF budapesti \u00fczleteiben<\/h1><\/div>\n            <\/div>\n        <\/div>[vc_column_text]\r\n<p style=\"text-align: center\">N\u0151i \u00e9s f\u00e9rfi divat\u00e1ruk Budapesten, sz\u00edv\u00e9lyes \u00fcdv\u00f6zlettel \u00c9szak-N\u00e9metorsz\u00e1gb\u00f3l: A Hamburg-Niendorf-i sz\u00e9khely\u0171 TOM TAILOR v\u00e1llalat TOM TAILOR Denim kollekci\u00f3it a <strong>sportos, \u00e9szak-n\u00e9metorsz\u00e1gi st\u00edlus<\/strong> jellemzi. Az \u00faj term\u00e9kcsal\u00e1d a <strong>m\u00e1rka jellegzetes jegyeit hordoz\u00f3 Denim-megjelen\u00e9st<\/strong> helyezi k\u00f6z\u00e9ppontba: a k\u00fcl\u00f6nf\u00e9le szab\u00e1s\u00fa farmernadr\u00e1gokat k\u00f6nny\u0171 pamutingek, tengeri st\u00edlus\u00fa cs\u00edkos p\u00f3l\u00f3k, alkalmi k\u00f6t\u00f6tt pul\u00f3verek \u00e9s lezser utcai st\u00edlus\u00fa darabok eg\u00e9sz\u00edtik ki. A budapesti VAN GRAAF-\u00fczletekben kedv\u00e9re v\u00e1logathat a sz\u00e9les v\u00e1laszt\u00e9kban kaphat\u00f3 n\u0151i \u00e9s f\u00e9rfi TOM TAILOR Denim term\u00e9kek k\u00f6z\u00fcl.<\/p>\r\n[\/vc_column_text][\/vc_column][\/vc_row][vc_row bwd_tbc4vd_show_weekday=&#8221;&#8221; full_width=&#8221;stretch_row_content_no_spaces&#8221;][vc_column]\n            <div class=\"vg-element topic-slider topic-slider--left topic-slider--dark\" style=\"--season-color-1: #ededed; --season-color-2: #002045\" data-aos=\"fade-up\">\n                <div class=\"topic-slider__inner\">\n                    <div class=\"content_wrap\">\n                        <div class=\"vc_row\">\n                            <div class=\"vc_col-md-12 vc_col-lg-10 vc_col-lg-offset-1\">\n                                <div class=\"vc_row\">\n                                    <div class=\"vc_col-sm-6\"><div class=\"topic-slider__image-wrap\"><div class=\"topic-slider__slider-wrap\"><div class=\"js-topic-slider\"><div class=\"topic-slider__slider__item\"><img loading=\"lazy\" decoding=\"async\" width=\"427\" height=\"639\" src=\"https:\/\/www.vangraaf.com\/hu\/wp-content\/uploads\/sites\/3\/2022\/05\/Denim-Tom-Ta_spring_summer_2022_original_TTD_A3_Portrait_mLogo_Digital_204_TOM_TAILOR_NOV_2021_LE_BERG_BERLIN_STUPID_STUDIOS_DARKROOM_PRINT_08_F39_v1.jpg\" class=\"vc_single_image-img attachment-full\" alt=\"\" title=\"Denim-Tom-Ta_spring_summer_2022_original_TTD_A3_Portrait_mLogo_Digital_204_TOM_TAILOR_NOV_2021_LE_BERG_BERLIN_STUPID_STUDIOS_DARKROOM_PRINT_08_F39_v1\" srcset=\"https:\/\/www.vangraaf.com\/hu\/wp-content\/uploads\/sites\/3\/2022\/05\/Denim-Tom-Ta_spring_summer_2022_original_TTD_A3_Portrait_mLogo_Digital_204_TOM_TAILOR_NOV_2021_LE_BERG_BERLIN_STUPID_STUDIOS_DARKROOM_PRINT_08_F39_v1.jpg 427w, https:\/\/www.vangraaf.com\/hu\/wp-content\/uploads\/sites\/3\/2022\/05\/Denim-Tom-Ta_spring_summer_2022_original_TTD_A3_Portrait_mLogo_Digital_204_TOM_TAILOR_NOV_2021_LE_BERG_BERLIN_STUPID_STUDIOS_DARKROOM_PRINT_08_F39_v1-200x300.jpg 200w\" sizes=\"(max-width: 427px) 100vw, 427px\" \/><\/div><div class=\"topic-slider__slider__item\"><img loading=\"lazy\" decoding=\"async\" width=\"427\" height=\"639\" src=\"https:\/\/www.vangraaf.com\/hu\/wp-content\/uploads\/sites\/3\/2022\/05\/Denim-Tom-Ta_spring_summer_2022_original_TTD_A3_Portrait_mLogo_Digital_204_TOM_TAILOR_NOV_2021_LE_BERG_BERLIN_STUPID_STUDIOS_DARKROOM_PRINT_29_F39_v1.jpg\" class=\"vc_single_image-img attachment-full\" alt=\"\" title=\"Denim-Tom-Ta_spring_summer_2022_original_TTD_A3_Portrait_mLogo_Digital_204_TOM_TAILOR_NOV_2021_LE_BERG_BERLIN_STUPID_STUDIOS_DARKROOM_PRINT_29_F39_v1\" srcset=\"https:\/\/www.vangraaf.com\/hu\/wp-content\/uploads\/sites\/3\/2022\/05\/Denim-Tom-Ta_spring_summer_2022_original_TTD_A3_Portrait_mLogo_Digital_204_TOM_TAILOR_NOV_2021_LE_BERG_BERLIN_STUPID_STUDIOS_DARKROOM_PRINT_29_F39_v1.jpg 427w, https:\/\/www.vangraaf.com\/hu\/wp-content\/uploads\/sites\/3\/2022\/05\/Denim-Tom-Ta_spring_summer_2022_original_TTD_A3_Portrait_mLogo_Digital_204_TOM_TAILOR_NOV_2021_LE_BERG_BERLIN_STUPID_STUDIOS_DARKROOM_PRINT_29_F39_v1-200x300.jpg 200w\" sizes=\"(max-width: 427px) 100vw, 427px\" \/><\/div><div class=\"topic-slider__slider__item\"><img loading=\"lazy\" decoding=\"async\" width=\"427\" height=\"639\" src=\"https:\/\/www.vangraaf.com\/hu\/wp-content\/uploads\/sites\/3\/2022\/05\/Denim-Tom-Ta_spring_summer_2022_original_TTD_A3_Portrait_mLogo_Digital_204_TOM_TAILOR_NOV_2021_LE_BERG_BERLIN_STUPID_STUDIOS_DARKROOM_PRINT_38_F39_v2.jpg\" class=\"vc_single_image-img attachment-full\" alt=\"\" title=\"Denim-Tom-Ta_spring_summer_2022_original_TTD_A3_Portrait_mLogo_Digital_204_TOM_TAILOR_NOV_2021_LE_BERG_BERLIN_STUPID_STUDIOS_DARKROOM_PRINT_38_F39_v2\" srcset=\"https:\/\/www.vangraaf.com\/hu\/wp-content\/uploads\/sites\/3\/2022\/05\/Denim-Tom-Ta_spring_summer_2022_original_TTD_A3_Portrait_mLogo_Digital_204_TOM_TAILOR_NOV_2021_LE_BERG_BERLIN_STUPID_STUDIOS_DARKROOM_PRINT_38_F39_v2.jpg 427w, https:\/\/www.vangraaf.com\/hu\/wp-content\/uploads\/sites\/3\/2022\/05\/Denim-Tom-Ta_spring_summer_2022_original_TTD_A3_Portrait_mLogo_Digital_204_TOM_TAILOR_NOV_2021_LE_BERG_BERLIN_STUPID_STUDIOS_DARKROOM_PRINT_38_F39_v2-200x300.jpg 200w\" sizes=\"(max-width: 427px) 100vw, 427px\" \/><\/div><\/div><\/div><\/div><\/div><div class=\"vc_col-sm-6 vc_col-md-5 vc_col-md-offset-1\"><div class=\"topic-slider__content\"><span class=\"h4\">TOM TAILOR Denim term\u00e9kek Budapesten \u2013 N\u0151i \u00e9s f\u00e9rfi divat minden \u00e9vszakra<\/span><p>klasszikus k\u00e9pezi a m\u00e1rka minden kollekci\u00f3j\u00e1nak alapj\u00e1t, ez\u00e9rt rendk\u00edv\u00fcl <strong>j\u00f3l kombin\u00e1lhat\u00f3<\/strong> m\u00e1s darabokkal. A b\u0151 pul\u00f3verek, a lezser szab\u00e1s\u00fa hossz\u00fa ujj\u00fa fels\u0151k, a divatos dzsekik \u00e9s a mintanyom\u00e1sos ruh\u00e1k j\u00f3l kieg\u00e9sz\u00edtik a laza Denim st\u00edlust, \u00e9s b\u00e1rmilyen \u00e9vszakban hordhat\u00f3k. Ezt a v\u00e1laszt\u00e9kot a leg\u00fajabb trendsz\u00ednekkel, j\u00e1t\u00e9kos vagy klasszikus szab\u00e1sokkal \u00e9s a legjobb min\u0151s\u00e9g\u0171 anyagokb\u00f3l k\u00e9sz\u00fclt darabok teszik teljess\u00e9, hogy mindenki megtal\u00e1lja a kedvenc TOM TAILOR Denim-farmer\u00e9hez ill\u0151 \u00f6lt\u00f6z\u00e9ket.<\/p>\n<\/div><\/div>\n                                <\/div>\n                            <\/div>\n                        <\/div>\n                    <\/div>\n                <\/div>\n            <\/div>[\/vc_column][\/vc_row][vc_row][vc_column][vc_column_text]\r\n<p class=\"Standard1\"><span lang=\"EN-US\">Hogy \u00d6n m\u00e9g k\u00f6nnyebben \u00f6ssze\u00e1ll\u00edthassa \u00e1lmai \u00f6lt\u00f6z\u00e9k\u00e9t a TOM TAILOR Denim kollekci\u00f3ib\u00f3l, <a href=\"https:\/\/www.vangraaf.com\/hu\/divathazaink\/personal-shopping\/\">divatszak\u00e9rt\u0151ink st\u00edlustan\u00e1csokkal<\/a> seg\u00edtenek a v\u00e1laszt\u00e1sban <a href=\"https:\/\/www.vangraaf.com\/hu\/divathazaink\/\">budapesti \u00fczleteinkben<\/a>. Ha szeretn\u00e9, n\u00e1lunk ak\u00e1r szem\u00e9lyes v\u00e1s\u00e1rl\u00e1si id\u0151pontot is foglalhat.<\/span><\/p>\r\n[\/vc_column_text][\/vc_column][\/vc_row][vc_row][vc_column]<div class=\"vg-element brand-slider brand-slider--light\" data-aos=\"fade-up\"><div class=\"brand-slider__inner\"><div class=\"brand-slider__slider js-brand-slider\"><div class=\"brand-slider__slider__item\"><a href=\"https:\/\/www.vangraaf.com\/hu\/markaink\/adidas-originals\/\" title=\"adidas Originals\"><img loading=\"lazy\" decoding=\"async\" width=\"1\" height=\"1\" src=\"https:\/\/www.vangraaf.com\/hu\/wp-content\/uploads\/sites\/3\/2020\/03\/Adidas_Logo_grau_OK.svg\" class=\"attachment-full size-full\" alt=\"\" \/><\/a><\/div><div class=\"brand-slider__slider__item\"><a href=\"https:\/\/www.vangraaf.com\/hu\/markaink\/tommy-hilfiger\/\" title=\"Tommy Hilfiger\"><img loading=\"lazy\" decoding=\"async\" width=\"1\" height=\"1\" src=\"https:\/\/www.vangraaf.com\/hu\/wp-content\/uploads\/sites\/3\/2020\/03\/Tommy_Hilfiger_4c_grau_OK.svg\" class=\"attachment-full size-full\" alt=\"\" \/><\/a><\/div><div class=\"brand-slider__slider__item\"><a href=\"https:\/\/www.vangraaf.com\/hu\/markaink\/levis\/\" title=\"Levi&#039;s\"><img loading=\"lazy\" decoding=\"async\" width=\"1\" height=\"1\" src=\"https:\/\/www.vangraaf.com\/hu\/wp-content\/uploads\/sites\/3\/2020\/03\/Levis_Logo_grau_OK.svg\" class=\"attachment-full size-full\" alt=\"\" \/><\/a><\/div><div class=\"brand-slider__slider__item\"><a href=\"https:\/\/www.vangraaf.com\/hu\/markaink\/calvin-klein\/\" title=\"Calvin Klein\"><img loading=\"lazy\" decoding=\"async\" width=\"1\" height=\"1\" src=\"https:\/\/www.vangraaf.com\/hu\/wp-content\/uploads\/sites\/3\/2020\/03\/Calvin-Klein-Logo-grau_OK.svg\" class=\"attachment-full size-full\" alt=\"\" \/><\/a><\/div><div class=\"brand-slider__slider__item\"><a href=\"https:\/\/www.vangraaf.com\/hu\/markaink\/champion\/\" title=\"Champion\"><img loading=\"lazy\" decoding=\"async\" width=\"1\" height=\"1\" src=\"https:\/\/www.vangraaf.com\/hu\/wp-content\/uploads\/sites\/3\/2020\/03\/Champion_Logo_grau_OK.svg\" class=\"attachment-full size-full\" alt=\"\" \/><\/a><\/div><div class=\"brand-slider__slider__item\"><a href=\"https:\/\/www.vangraaf.com\/hu\/markaink\/lacoste\/\" title=\"Lacoste\"><img loading=\"lazy\" decoding=\"async\" width=\"1\" height=\"1\" src=\"https:\/\/www.vangraaf.com\/hu\/wp-content\/uploads\/sites\/3\/2020\/03\/Lacoste_Logo_4c_grau_Ausnahme_OK.svg\" class=\"attachment-full size-full\" alt=\"\" \/><\/a><\/div><div class=\"brand-slider__slider__item\"><a href=\"https:\/\/www.vangraaf.com\/hu\/markaink\/superdry\/\" title=\"Superdry\"><img loading=\"lazy\" decoding=\"async\" width=\"1\" height=\"1\" src=\"https:\/\/www.vangraaf.com\/hu\/wp-content\/uploads\/sites\/3\/2020\/03\/Superdry_Logo_grau_OK.svg\" class=\"attachment-full size-full\" alt=\"\" \/><\/a><\/div><div class=\"brand-slider__slider__item\"><a href=\"https:\/\/www.vangraaf.com\/hu\/markaink\/fila\/\" title=\"FILA\"><img loading=\"lazy\" decoding=\"async\" width=\"1\" height=\"1\" src=\"https:\/\/www.vangraaf.com\/hu\/wp-content\/uploads\/sites\/3\/2020\/03\/Fila-Logo-grau_OK.svg\" class=\"attachment-full size-full\" alt=\"\" \/><\/a><\/div><div class=\"brand-slider__slider__item\"><a href=\"https:\/\/www.vangraaf.com\/hu\/markaink\/tom-tailor\/\" title=\"TOM TAILOR\"><img loading=\"lazy\" decoding=\"async\" width=\"1\" height=\"1\" src=\"https:\/\/www.vangraaf.com\/hu\/wp-content\/uploads\/sites\/3\/2020\/03\/Tom_Tailor_Logo_grau_OK.svg\" class=\"attachment-full size-full\" alt=\"\" \/><\/a><\/div><div class=\"brand-slider__slider__item\"><a href=\"https:\/\/www.vangraaf.com\/hu\/markaink\/alpha-industries\/\" title=\"Alpha Industries\"><img loading=\"lazy\" decoding=\"async\" width=\"1\" height=\"1\" src=\"https:\/\/www.vangraaf.com\/hu\/wp-content\/uploads\/sites\/3\/2020\/03\/Alpha_Industries_Logo_grau_OK.svg\" class=\"attachment-full size-full\" alt=\"\" \/><\/a><\/div><div class=\"brand-slider__slider__item\"><a href=\"https:\/\/www.vangraaf.com\/hu\/markaink\/g-star\/\" title=\"G-Star RAW\"><img loading=\"lazy\" decoding=\"async\" width=\"1\" height=\"1\" src=\"https:\/\/www.vangraaf.com\/hu\/wp-content\/uploads\/sites\/3\/2020\/03\/G_Star_Logo_grau_OK.svg\" class=\"attachment-full size-full\" alt=\"\" \/><\/a><\/div><div class=\"brand-slider__slider__item\"><a href=\"https:\/\/www.vangraaf.com\/hu\/markaink\/vila\/\" title=\"VILA\"><img loading=\"lazy\" decoding=\"async\" width=\"1\" height=\"1\" src=\"https:\/\/www.vangraaf.com\/hu\/wp-content\/uploads\/sites\/3\/2020\/03\/Vila_Logo_grau_OK.svg\" class=\"attachment-full size-full\" alt=\"\" \/><\/a><\/div><div class=\"brand-slider__slider__item\"><a href=\"https:\/\/www.vangraaf.com\/hu\/markaink\/boss\/\" title=\"BOSS\"><img loading=\"lazy\" decoding=\"async\" width=\"1\" height=\"1\" src=\"https:\/\/www.vangraaf.com\/hu\/wp-content\/uploads\/sites\/3\/2020\/03\/Boss_Logo_grau_OK.svg\" class=\"attachment-full size-full\" alt=\"\" \/><\/a><\/div><div class=\"brand-slider__slider__item\"><a href=\"https:\/\/www.vangraaf.com\/hu\/markaink\/armani-exchange\/\" title=\"Armani Exchange\"><img loading=\"lazy\" decoding=\"async\" width=\"1\" height=\"1\" src=\"https:\/\/www.vangraaf.com\/hu\/wp-content\/uploads\/sites\/3\/2020\/03\/Armani-Exchange-Logo-grau_OK.svg\" class=\"attachment-full size-full\" alt=\"\" \/><\/a><\/div><div class=\"brand-slider__slider__item\"><a href=\"https:\/\/www.vangraaf.com\/hu\/markaink\/polo-ralph-lauren\/\" title=\"Polo Ralph Lauren\"><img loading=\"lazy\" decoding=\"async\" width=\"1\" height=\"1\" src=\"https:\/\/www.vangraaf.com\/hu\/wp-content\/uploads\/sites\/3\/2020\/03\/Ralph_Lauren_Logo_grau_OK.svg\" class=\"attachment-full size-full\" alt=\"\" \/><\/a><\/div><div class=\"brand-slider__slider__item\"><a href=\"https:\/\/www.vangraaf.com\/hu\/markaink\/marie-lund\/\" title=\"Marie Lund\"><img loading=\"lazy\" decoding=\"async\" width=\"1\" height=\"1\" src=\"https:\/\/www.vangraaf.com\/hu\/wp-content\/uploads\/sites\/3\/2020\/03\/Marie_Lund_Logo_grau_OK.svg\" class=\"attachment-full size-full\" alt=\"\" \/><\/a><\/div><\/div><\/div><\/div>[\/vc_column][\/vc_row]<\/div>","protected":false},"excerpt":{"rendered":"[vc_row full_width=&#8221;stretch_row_content_no_spaces&#8221;][vc_column][vc_column_text] N\u0151i \u00e9s f\u00e9rfi divat\u00e1ruk Budapesten, sz\u00edv\u00e9lyes \u00fcdv\u00f6zlettel \u00c9szak-N\u00e9metorsz\u00e1gb\u00f3l: A Hamburg-Niendorf-i sz\u00e9khely\u0171 TOM TAILOR v\u00e1llalat TOM TAILOR Denim kollekci\u00f3it a sportos, \u00e9szak-n\u00e9metorsz\u00e1gi st\u00edlus jellemzi. Az \u00faj term\u00e9kcsal\u00e1d a m\u00e1rka jellegzetes jegyeit hordoz\u00f3 Denim-megjelen\u00e9st helyezi k\u00f6z\u00e9ppontba: a k\u00fcl\u00f6nf\u00e9le szab\u00e1s\u00fa farmernadr\u00e1gokat k\u00f6nny\u0171 pamutingek, tengeri st\u00edlus\u00fa cs\u00edkos p\u00f3l\u00f3k, alkalmi k\u00f6t\u00f6tt pul\u00f3verek \u00e9s lezser utcai st\u00edlus\u00fa darabok eg\u00e9sz\u00edtik [&hellip;]","protected":false},"author":3,"featured_media":0,"parent":3937,"menu_order":0,"comment_status":"closed","ping_status":"closed","template":"","meta":{"_acf_changed":false,"inline_featured_image":false,"footnotes":""},"class_list":["post-4757","page","type-page","status-publish","hentry"],"acf":[],"yoast_head":"<!-- This site is optimized with the Yoast SEO plugin v27.2 - https:\/\/yoast.com\/product\/yoast-seo-wordpress\/ -->\n<title>TOM TAILOR Denim n\u0151i \u00e9s f\u00e9rfi divat\u00e1ruk Budapesten<\/title>\n<meta name=\"description\" content=\"\u00c9szak-n\u00e9met st\u00edlus a ruhat\u00e1rban: v\u00e1logasson a TOM TAILOR Denim sz\u00e9les v\u00e1laszt\u00e9kban kaphat\u00f3 n\u0151i \u00e9s f\u00e9rfi term\u00e9kei k\u00f6z\u00fcl a budapesti VAN GRAAF-ban.\" \/>\n<meta name=\"robots\" content=\"index, follow, max-snippet:-1, max-image-preview:large, max-video-preview:-1\" \/>\n<link rel=\"canonical\" href=\"https:\/\/www.vangraaf.com\/hu\/markaink\/tom-tailor\/\" \/>\n<meta property=\"og:locale\" content=\"hu_HU\" \/>\n<meta property=\"og:type\" content=\"article\" \/>\n<meta property=\"og:title\" content=\"TOM TAILOR Denim n\u0151i \u00e9s f\u00e9rfi divat\u00e1ruk Budapesten\" \/>\n<meta property=\"og:description\" content=\"\u00c9szak-n\u00e9met st\u00edlus a ruhat\u00e1rban: v\u00e1logasson a TOM TAILOR Denim sz\u00e9les v\u00e1laszt\u00e9kban kaphat\u00f3 n\u0151i \u00e9s f\u00e9rfi term\u00e9kei k\u00f6z\u00fcl a budapesti VAN GRAAF-ban.\" \/>\n<meta property=\"og:url\" content=\"https:\/\/www.vangraaf.com\/hu\/markaink\/tom-tailor\/\" \/>\n<meta property=\"og:site_name\" content=\"VAN GRAAF Magyarorsz\u00e1g\" \/>\n<meta property=\"article:modified_time\" content=\"2022-05-03T10:24:47+00:00\" \/>\n<meta name=\"twitter:card\" content=\"summary_large_image\" \/>\n<meta name=\"twitter:label1\" content=\"Becs\u00fclt olvas\u00e1si id\u0151\" \/>\n\t<meta name=\"twitter:data1\" content=\"2 perc\" \/>\n<script type=\"application\/ld+json\" class=\"yoast-schema-graph\">{\"@context\":\"https:\/\/schema.org\",\"@graph\":[{\"@type\":\"WebPage\",\"@id\":\"https:\/\/www.vangraaf.com\/hu\/markaink\/tom-tailor\/\",\"url\":\"https:\/\/www.vangraaf.com\/hu\/markaink\/tom-tailor\/\",\"name\":\"TOM TAILOR Denim n\u0151i \u00e9s f\u00e9rfi divat\u00e1ruk Budapesten\",\"isPartOf\":{\"@id\":\"https:\/\/www.vangraaf.com\/hu\/#website\"},\"datePublished\":\"2020-03-12T12:50:19+00:00\",\"dateModified\":\"2022-05-03T10:24:47+00:00\",\"description\":\"\u00c9szak-n\u00e9met st\u00edlus a ruhat\u00e1rban: v\u00e1logasson a TOM TAILOR Denim sz\u00e9les v\u00e1laszt\u00e9kban kaphat\u00f3 n\u0151i \u00e9s f\u00e9rfi term\u00e9kei k\u00f6z\u00fcl a budapesti VAN GRAAF-ban.\",\"breadcrumb\":{\"@id\":\"https:\/\/www.vangraaf.com\/hu\/markaink\/tom-tailor\/#breadcrumb\"},\"inLanguage\":\"hu\",\"potentialAction\":[{\"@type\":\"ReadAction\",\"target\":[\"https:\/\/www.vangraaf.com\/hu\/markaink\/tom-tailor\/\"]}]},{\"@type\":\"BreadcrumbList\",\"@id\":\"https:\/\/www.vangraaf.com\/hu\/markaink\/tom-tailor\/#breadcrumb\",\"itemListElement\":[{\"@type\":\"ListItem\",\"position\":1,\"name\":\"Home\",\"item\":\"https:\/\/www.vangraaf.com\/hu\/\"},{\"@type\":\"ListItem\",\"position\":2,\"name\":\"Marken\",\"item\":\"https:\/\/www.vangraaf.com\/hu\/markaink\/\"},{\"@type\":\"ListItem\",\"position\":3,\"name\":\"Tom Tailor\"}]},{\"@type\":\"WebSite\",\"@id\":\"https:\/\/www.vangraaf.com\/hu\/#website\",\"url\":\"https:\/\/www.vangraaf.com\/hu\/\",\"name\":\"VAN GRAAF\",\"description\":\"VAN GRAAF\",\"potentialAction\":[{\"@type\":\"SearchAction\",\"target\":{\"@type\":\"EntryPoint\",\"urlTemplate\":\"https:\/\/www.vangraaf.com\/hu\/?s={search_term_string}\"},\"query-input\":{\"@type\":\"PropertyValueSpecification\",\"valueRequired\":true,\"valueName\":\"search_term_string\"}}],\"inLanguage\":\"hu\"}]}<\/script>\n<!-- \/ Yoast SEO plugin. -->","yoast_head_json":{"title":"TOM TAILOR Denim n\u0151i \u00e9s f\u00e9rfi divat\u00e1ruk Budapesten","description":"\u00c9szak-n\u00e9met st\u00edlus a ruhat\u00e1rban: v\u00e1logasson a TOM TAILOR Denim sz\u00e9les v\u00e1laszt\u00e9kban kaphat\u00f3 n\u0151i \u00e9s f\u00e9rfi term\u00e9kei k\u00f6z\u00fcl a budapesti VAN GRAAF-ban.","robots":{"index":"index","follow":"follow","max-snippet":"max-snippet:-1","max-image-preview":"max-image-preview:large","max-video-preview":"max-video-preview:-1"},"canonical":"https:\/\/www.vangraaf.com\/hu\/markaink\/tom-tailor\/","og_locale":"hu_HU","og_type":"article","og_title":"TOM TAILOR Denim n\u0151i \u00e9s f\u00e9rfi divat\u00e1ruk Budapesten","og_description":"\u00c9szak-n\u00e9met st\u00edlus a ruhat\u00e1rban: v\u00e1logasson a TOM TAILOR Denim sz\u00e9les v\u00e1laszt\u00e9kban kaphat\u00f3 n\u0151i \u00e9s f\u00e9rfi term\u00e9kei k\u00f6z\u00fcl a budapesti VAN GRAAF-ban.","og_url":"https:\/\/www.vangraaf.com\/hu\/markaink\/tom-tailor\/","og_site_name":"VAN GRAAF Magyarorsz\u00e1g","article_modified_time":"2022-05-03T10:24:47+00:00","twitter_card":"summary_large_image","twitter_misc":{"Becs\u00fclt olvas\u00e1si id\u0151":"2 perc"},"schema":{"@context":"https:\/\/schema.org","@graph":[{"@type":"WebPage","@id":"https:\/\/www.vangraaf.com\/hu\/markaink\/tom-tailor\/","url":"https:\/\/www.vangraaf.com\/hu\/markaink\/tom-tailor\/","name":"TOM TAILOR Denim n\u0151i \u00e9s f\u00e9rfi divat\u00e1ruk Budapesten","isPartOf":{"@id":"https:\/\/www.vangraaf.com\/hu\/#website"},"datePublished":"2020-03-12T12:50:19+00:00","dateModified":"2022-05-03T10:24:47+00:00","description":"\u00c9szak-n\u00e9met st\u00edlus a ruhat\u00e1rban: v\u00e1logasson a TOM TAILOR Denim sz\u00e9les v\u00e1laszt\u00e9kban kaphat\u00f3 n\u0151i \u00e9s f\u00e9rfi term\u00e9kei k\u00f6z\u00fcl a budapesti VAN GRAAF-ban.","breadcrumb":{"@id":"https:\/\/www.vangraaf.com\/hu\/markaink\/tom-tailor\/#breadcrumb"},"inLanguage":"hu","potentialAction":[{"@type":"ReadAction","target":["https:\/\/www.vangraaf.com\/hu\/markaink\/tom-tailor\/"]}]},{"@type":"BreadcrumbList","@id":"https:\/\/www.vangraaf.com\/hu\/markaink\/tom-tailor\/#breadcrumb","itemListElement":[{"@type":"ListItem","position":1,"name":"Home","item":"https:\/\/www.vangraaf.com\/hu\/"},{"@type":"ListItem","position":2,"name":"Marken","item":"https:\/\/www.vangraaf.com\/hu\/markaink\/"},{"@type":"ListItem","position":3,"name":"Tom Tailor"}]},{"@type":"WebSite","@id":"https:\/\/www.vangraaf.com\/hu\/#website","url":"https:\/\/www.vangraaf.com\/hu\/","name":"VAN GRAAF","description":"VAN GRAAF","potentialAction":[{"@type":"SearchAction","target":{"@type":"EntryPoint","urlTemplate":"https:\/\/www.vangraaf.com\/hu\/?s={search_term_string}"},"query-input":{"@type":"PropertyValueSpecification","valueRequired":true,"valueName":"search_term_string"}}],"inLanguage":"hu"}]}},"_links":{"self":[{"href":"https:\/\/www.vangraaf.com\/hu\/wp-json\/wp\/v2\/pages\/4757","targetHints":{"allow":["GET"]}}],"collection":[{"href":"https:\/\/www.vangraaf.com\/hu\/wp-json\/wp\/v2\/pages"}],"about":[{"href":"https:\/\/www.vangraaf.com\/hu\/wp-json\/wp\/v2\/types\/page"}],"author":[{"embeddable":true,"href":"https:\/\/www.vangraaf.com\/hu\/wp-json\/wp\/v2\/users\/3"}],"replies":[{"embeddable":true,"href":"https:\/\/www.vangraaf.com\/hu\/wp-json\/wp\/v2\/comments?post=4757"}],"version-history":[{"count":9,"href":"https:\/\/www.vangraaf.com\/hu\/wp-json\/wp\/v2\/pages\/4757\/revisions"}],"predecessor-version":[{"id":7070,"href":"https:\/\/www.vangraaf.com\/hu\/wp-json\/wp\/v2\/pages\/4757\/revisions\/7070"}],"up":[{"embeddable":true,"href":"https:\/\/www.vangraaf.com\/hu\/wp-json\/wp\/v2\/pages\/3937"}],"wp:attachment":[{"href":"https:\/\/www.vangraaf.com\/hu\/wp-json\/wp\/v2\/media?parent=4757"}],"curies":[{"name":"wp","href":"https:\/\/api.w.org\/{rel}","templated":true}]}}