{"id":4756,"date":"2020-03-12T13:47:52","date_gmt":"2020-03-12T12:47:52","guid":{"rendered":"http:\/\/van-graaf.test\/ch\/?page_id=3633"},"modified":"2026-02-26T11:52:35","modified_gmt":"2026-02-26T10:52:35","slug":"superdry","status":"publish","type":"page","link":"https:\/\/www.vangraaf.com\/hu\/markaink\/superdry\/","title":{"rendered":"Superdry"},"content":{"rendered":"<div class=\"wpb-content-wrapper\">[vc_row full_width=&#8221;stretch_row_content_no_spaces&#8221;][vc_column]<div class=\"keyvisual\" data-aos=\"fade-up\" ><img loading=\"lazy\" decoding=\"async\" width=\"1440\" height=\"480\" src=\"https:\/\/www.vangraaf.com\/hu\/wp-content\/uploads\/sites\/3\/2020\/02\/Logo_Superdry.jpg\" class=\"vc_single_image-img\" alt=\"\" srcset=\"https:\/\/www.vangraaf.com\/hu\/wp-content\/uploads\/sites\/3\/2020\/02\/Logo_Superdry.jpg 1440w, https:\/\/www.vangraaf.com\/hu\/wp-content\/uploads\/sites\/3\/2020\/02\/Logo_Superdry-300x100.jpg 300w, https:\/\/www.vangraaf.com\/hu\/wp-content\/uploads\/sites\/3\/2020\/02\/Logo_Superdry-1024x341.jpg 1024w, https:\/\/www.vangraaf.com\/hu\/wp-content\/uploads\/sites\/3\/2020\/02\/Logo_Superdry-768x256.jpg 768w, https:\/\/www.vangraaf.com\/hu\/wp-content\/uploads\/sites\/3\/2020\/02\/Logo_Superdry-1200x400.jpg 1200w, https:\/\/www.vangraaf.com\/hu\/wp-content\/uploads\/sites\/3\/2020\/02\/Logo_Superdry-992x331.jpg 992w, https:\/\/www.vangraaf.com\/hu\/wp-content\/uploads\/sites\/3\/2020\/02\/Logo_Superdry-480x160.jpg 480w\" sizes=\"(max-width: 1440px) 100vw, 1440px\" \/><\/div>\n        <div class=\"headlines headlines--center\" data-aos=\"fade-up\">\n            <div class=\"vc_row\">\n                <div class=\"vc_col-md-10 vc_col-md-offset-1 vc_col-lg-10 vc_col-lg-offset-1\"><span class=\"h6\">Superdry<\/span><h1 class=\"h2\">Superdry n\u0151i \u00e9s f\u00e9rfi divat Budapesten<\/h1><\/div>\n            <\/div>\n        <\/div>[vc_column_text]\r\n<p style=\"text-align: center;\">Klasszikus amerikai elegancia, egy csipet brit st\u00edlus \u00e9s toki\u00f3i hat\u00e1sr\u00f3l \u00e1rulkod\u00f3 extravag\u00e1ns r\u00e9szletek \u2013\u00a0olyan ez, mint <strong>egy vil\u00e1gutaz\u00e1s, a nemzetk\u00f6zi divat vil\u00e1g\u00e1ban<\/strong>. A Superdry m\u00e1rka \u00e9ppen err\u0151l k\u00f6zismert. Fiatalosan \u00fcde, a nemzetk\u00f6zi hat\u00e1sokat k\u00f6nnyed\u00e9n befogad\u00f3 kollekci\u00f3i vil\u00e1gszerte leny\u0171g\u00f6zik a divatrajong\u00f3kat \u00e9s f\u0151k\u00e9nt a fiatalabb gener\u00e1ci\u00f3k k\u00e9pvisel\u0151it. A <strong>szipork\u00e1z\u00f3 Superdry log\u00f3<\/strong> mindig azt jelzi: kezd\u0151dhet a buli. A Superdry n\u0151i \u00e9s f\u00e9rfi divatcikkei a VAN GRAAF budapesti \u00fczleteiben is magukra vonj\u00e1k a fig yelmet. L\u00e1togasson el magyarorsz\u00e1gi \u00fczleteinkbe, \u00e9s gy\u0151z\u0151dj\u00f6n meg r\u00f3la a saj\u00e1t szem\u00e9vel!<\/p>\r\n[\/vc_column_text][\/vc_column][\/vc_row][vc_row][vc_column]\n        <div class=\"headlines headlines--center\" data-aos=\"fade-up\">\n            <div class=\"vc_row\">\n                <div class=\"vc_col-md-10 vc_col-md-offset-1 vc_col-lg-10 vc_col-lg-offset-1\"><h2 class=\"h2\">Superdry divat\u00e1ruk \u2013 Londonb\u00f3l Toki\u00f3n \u00e1t Budapestre<\/h2><\/div>\n            <\/div>\n        <\/div>[vc_column_text]A Superdry sikert\u00f6rt\u00e9nete <strong>egy toki\u00f3i utaz\u00e1ssal kezd\u0151d\u00f6tt<\/strong>. A k\u00e9t brit <strong>alap\u00edt\u00f3t, Dunkertont \u00e9s Holdert<\/strong> teljesen leny\u0171g\u00f6zte a jap\u00e1n f\u0151v\u00e1ros ny\u00fczsg\u0151, tarka forgataga. K\u00fcl\u00f6n\u00f6sen megtetszettek nekik a d\u00edszes jap\u00e1n \u00edr\u00e1sjelek. Miut\u00e1n hazat\u00e9rtek, a benyom\u00e1saik alapj\u00e1n azonnal nekil\u00e1ttak egy lezser utcai ruhakollekci\u00f3 megtervez\u00e9s\u00e9nek. A Superdry m\u00e1rkanevet is ekkor v\u00e1lasztott\u00e1k. A m\u00e1rka log\u00f3j\u00e1ban az angol tervez\u0151k term\u00e9szetesen <strong>jap\u00e1n \u00edr\u00e1sjeleket<\/strong> is felhaszn\u00e1ltak. A fazonok, a sz\u00ednvil\u00e1g \u00e9s az anyagok tekintet\u00e9ben azonban ink\u00e1bb olyan <strong>klasszikus amerikai st\u00edlusjegyekb\u0151l<\/strong> mer\u00edtettek ihletet, mint a k\u00e9k farmeranyag, a sz\u00ednes fav\u00e1g\u00f3ingek \u00e9s a rusztikus katonai dzsekik. A kollekci\u00f3ban az alkot\u00f3k <strong>brit h\u00e1ttere<\/strong> is megjelent, vastag k\u00f6t\u00f6tt anyagok \u00e9s klasszikus cs\u00edkos nyomatok form\u00e1j\u00e1ban. A Superdry n\u0151i \u00e9s f\u00e9rfi ruh\u00e1i szok\u00e1sosnak semmik\u00e9ppen nem mondhat\u00f3k, ugyanakkor leny\u0171g\u00f6z\u0151en sokoldal\u00faak.[\/vc_column_text][\/vc_column][\/vc_row][vc_row][vc_column]\n        <div class=\"headlines headlines--center\" data-aos=\"fade-up\">\n            <div class=\"vc_row\">\n                <div class=\"vc_col-md-10 vc_col-md-offset-1 vc_col-lg-10 vc_col-lg-offset-1\"><h2 class=\"h2\">A csukly\u00e1s fels\u0151k \u00e9s a log\u00f3nyomatos p\u00f3l\u00f3k jellegzetes Superdry-darabok.<\/h2><\/div>\n            <\/div>\n        <\/div>[vc_column_text]Legyen sz\u00f3 ak\u00e1r t\u00e9likab\u00e1tr\u00f3l, ny\u00e1ri ruh\u00e1r\u00f3l, farmerbl\u00fazr\u00f3l, cs\u00edkos ingr\u0151l vagy tr\u00e9ningnadr\u00e1gr\u00f3l, a Superdry minden alkalomra tet\u0151t\u0151l talpig fel\u00f6lt\u00f6zteti rajong\u00f3it. B\u00e1rmennyire v\u00e1ltozatos a n\u0151i \u00e9s f\u00e9rfi sportdivat, k\u00e9t ruhadarab soha nem hi\u00e1nyozhat az \u00faj kollekci\u00f3kb\u00f3l: <strong>a kapucnis pul\u00f3verek \u00e9s az egyedi log\u00f3nyomatos p\u00f3l\u00f3k.<\/strong> Ezek a Superdry-klasszikusok minden \u00e9vben meg\u00fajulnak. A feh\u00e9r, s\u00f6t\u00e9tk\u00e9k vagy fekete sz\u00edn\u0171 <strong>egyszer\u0171 bestsellerekt\u0151l<\/strong> kezdve a f\u00e9nyes neon r\u00f3zsasz\u00edn darabokon kereszt\u00fcl a vir\u00e1gmint\u00e1s ny\u00e1ri ingekig sz\u00e9les a v\u00e1laszt\u00e9k. Id\u0151nk\u00e9nt az egy\u00e9bk\u00e9nt kifejezetten sportos m\u00e1rka <strong>egy kis csillog\u00e1st\u00f3l<\/strong> sem riad vissza: A nagy, f\u00e9nyes log\u00f3kkal d\u00edsz\u00edtett n\u0151i \u00e9s f\u00e9rfi p\u00f3l\u00f3k, hossz\u00fa ujj\u00fa fels\u0151k, trik\u00f3k vagy kapucnis pul\u00f3verek t\u00f6k\u00e9letesen illenek a bulik hangulat\u00e1hoz.[\/vc_column_text][\/vc_column][\/vc_row][vc_row][vc_column]\n        <div class=\"headlines headlines--center\" data-aos=\"fade-up\">\n            <div class=\"vc_row\">\n                <div class=\"vc_col-md-10 vc_col-md-offset-1 vc_col-lg-10 vc_col-lg-offset-1\"><h2 class=\"h2\">Szem\u00e9lyes tan\u00e1csad\u00e1s a VAN GRAAF budapesti \u00fczleteiben<\/h2><\/div>\n            <\/div>\n        <\/div>[vc_column_text]\r\n<p class=\"Standard1\"><span lang=\"EN-US\">A Superdry nemzetk\u00f6zi st\u00edlushat\u00e1sokat felvonultat\u00f3, \u00fcde \u00e9s sportos n\u0151i \u00e9s f\u00e9rfi divatcikkeit term\u00e9szetesen a VAN GRAAF budapesti \u00fczleteiben is megtal\u00e1lja. N\u00e1lunk nyugodtan felpr\u00f3b\u00e1lhatja a kiszemelt darabokat, \u00e9s teljes \u00f6lt\u00f6z\u00e9ket \u00e1ll\u00edthat \u00f6ssze saj\u00e1t ig\u00e9nyei szerint. Seg\u00edts\u00e9gre van sz\u00fcks\u00e9ge a v\u00e1laszt\u00e1shoz? <a href=\"https:\/\/www.vangraaf.com\/hu\/divathazaink\/budapest-allee\/szolgaltatas\/\">Szak\u00e9rt\u0151 munkat\u00e1rsaink<\/a> a helysz\u00ednen \u00e1llnak rendelkez\u00e9s\u00e9re, legyen sz\u00f3 ak\u00e1r a megfelel\u0151 ruham\u00e9retr\u0151l, <a href=\"https:\/\/www.vangraaf.com\/hu\/tanacsadas-stilus\/tippek\/apolasi-tanacsok\/\">ak\u00e1r a text\u00edli\u00e1k \u00e1pol\u00e1s\u00e1r\u00f3l<\/a> vagy a legtrendibb st\u00edlusok kiv\u00e1laszt\u00e1s\u00e1r\u00f3l. M\u00e9g t\u00f6bb st\u00edlustan\u00e1cs\u00e9rt iratkozzon fel a <a href=\"https:\/\/www.vangraaf.com\/hu\/friendsclub-newsletter-subscribe\/\">VAN GRAAF h\u00edrlevel\u00e9re<\/a>.<\/span><\/p>\r\n[\/vc_column_text][\/vc_column][\/vc_row][vc_row][vc_column]<div class=\"vg-element brand-slider brand-slider--light\" data-aos=\"fade-up\"><div class=\"brand-slider__inner\"><div class=\"brand-slider__slider js-brand-slider\"><div class=\"brand-slider__slider__item\"><a href=\"https:\/\/www.vangraaf.com\/hu\/markaink\/adidas-originals\/\" title=\"adidas Originals\"><img loading=\"lazy\" decoding=\"async\" width=\"1\" height=\"1\" src=\"https:\/\/www.vangraaf.com\/hu\/wp-content\/uploads\/sites\/3\/2020\/03\/Adidas_Logo_grau_OK.svg\" class=\"attachment-full size-full\" alt=\"\" \/><\/a><\/div><div class=\"brand-slider__slider__item\"><a href=\"https:\/\/www.vangraaf.com\/hu\/markaink\/tommy-hilfiger\/\" title=\"Tommy Hilfiger\"><img loading=\"lazy\" decoding=\"async\" width=\"1\" height=\"1\" src=\"https:\/\/www.vangraaf.com\/hu\/wp-content\/uploads\/sites\/3\/2020\/03\/Tommy_Hilfiger_4c_grau_OK.svg\" class=\"attachment-full size-full\" alt=\"\" \/><\/a><\/div><div class=\"brand-slider__slider__item\"><a href=\"https:\/\/www.vangraaf.com\/hu\/markaink\/levis\/\" title=\"Levi&#039;s\"><img loading=\"lazy\" decoding=\"async\" width=\"1\" height=\"1\" src=\"https:\/\/www.vangraaf.com\/hu\/wp-content\/uploads\/sites\/3\/2020\/03\/Levis_Logo_grau_OK.svg\" class=\"attachment-full size-full\" alt=\"\" \/><\/a><\/div><div class=\"brand-slider__slider__item\"><a href=\"https:\/\/www.vangraaf.com\/hu\/markaink\/calvin-klein\/\" title=\"Calvin Klein\"><img loading=\"lazy\" decoding=\"async\" width=\"1\" height=\"1\" src=\"https:\/\/www.vangraaf.com\/hu\/wp-content\/uploads\/sites\/3\/2020\/03\/Calvin-Klein-Logo-grau_OK.svg\" class=\"attachment-full size-full\" alt=\"\" \/><\/a><\/div><div class=\"brand-slider__slider__item\"><a href=\"https:\/\/www.vangraaf.com\/hu\/markaink\/champion\/\" title=\"Champion\"><img loading=\"lazy\" decoding=\"async\" width=\"1\" height=\"1\" src=\"https:\/\/www.vangraaf.com\/hu\/wp-content\/uploads\/sites\/3\/2020\/03\/Champion_Logo_grau_OK.svg\" class=\"attachment-full size-full\" alt=\"\" \/><\/a><\/div><div class=\"brand-slider__slider__item\"><a href=\"https:\/\/www.vangraaf.com\/hu\/markaink\/lacoste\/\" title=\"Lacoste\"><img loading=\"lazy\" decoding=\"async\" width=\"1\" height=\"1\" src=\"https:\/\/www.vangraaf.com\/hu\/wp-content\/uploads\/sites\/3\/2020\/03\/Lacoste_Logo_4c_grau_Ausnahme_OK.svg\" class=\"attachment-full size-full\" alt=\"\" \/><\/a><\/div><div class=\"brand-slider__slider__item\"><a href=\"https:\/\/www.vangraaf.com\/hu\/markaink\/superdry\/\" title=\"Superdry\"><img loading=\"lazy\" decoding=\"async\" width=\"1\" height=\"1\" src=\"https:\/\/www.vangraaf.com\/hu\/wp-content\/uploads\/sites\/3\/2020\/03\/Superdry_Logo_grau_OK.svg\" class=\"attachment-full size-full\" alt=\"\" \/><\/a><\/div><div class=\"brand-slider__slider__item\"><a href=\"https:\/\/www.vangraaf.com\/hu\/markaink\/fila\/\" title=\"FILA\"><img loading=\"lazy\" decoding=\"async\" width=\"1\" height=\"1\" src=\"https:\/\/www.vangraaf.com\/hu\/wp-content\/uploads\/sites\/3\/2020\/03\/Fila-Logo-grau_OK.svg\" class=\"attachment-full size-full\" alt=\"\" \/><\/a><\/div><div class=\"brand-slider__slider__item\"><a href=\"https:\/\/www.vangraaf.com\/hu\/markaink\/tom-tailor\/\" title=\"TOM TAILOR\"><img loading=\"lazy\" decoding=\"async\" width=\"1\" height=\"1\" src=\"https:\/\/www.vangraaf.com\/hu\/wp-content\/uploads\/sites\/3\/2020\/03\/Tom_Tailor_Logo_grau_OK.svg\" class=\"attachment-full size-full\" alt=\"\" \/><\/a><\/div><div class=\"brand-slider__slider__item\"><a href=\"https:\/\/www.vangraaf.com\/hu\/markaink\/alpha-industries\/\" title=\"Alpha Industries\"><img loading=\"lazy\" decoding=\"async\" width=\"1\" height=\"1\" src=\"https:\/\/www.vangraaf.com\/hu\/wp-content\/uploads\/sites\/3\/2020\/03\/Alpha_Industries_Logo_grau_OK.svg\" class=\"attachment-full size-full\" alt=\"\" \/><\/a><\/div><div class=\"brand-slider__slider__item\"><a href=\"https:\/\/www.vangraaf.com\/hu\/markaink\/g-star\/\" title=\"G-Star RAW\"><img loading=\"lazy\" decoding=\"async\" width=\"1\" height=\"1\" src=\"https:\/\/www.vangraaf.com\/hu\/wp-content\/uploads\/sites\/3\/2020\/03\/G_Star_Logo_grau_OK.svg\" class=\"attachment-full size-full\" alt=\"\" \/><\/a><\/div><div class=\"brand-slider__slider__item\"><a href=\"https:\/\/www.vangraaf.com\/hu\/markaink\/vila\/\" title=\"VILA\"><img loading=\"lazy\" decoding=\"async\" width=\"1\" height=\"1\" src=\"https:\/\/www.vangraaf.com\/hu\/wp-content\/uploads\/sites\/3\/2020\/03\/Vila_Logo_grau_OK.svg\" class=\"attachment-full size-full\" alt=\"\" \/><\/a><\/div><div class=\"brand-slider__slider__item\"><a href=\"https:\/\/www.vangraaf.com\/hu\/markaink\/boss\/\" title=\"BOSS\"><img loading=\"lazy\" decoding=\"async\" width=\"1\" height=\"1\" src=\"https:\/\/www.vangraaf.com\/hu\/wp-content\/uploads\/sites\/3\/2020\/03\/Boss_Logo_grau_OK.svg\" class=\"attachment-full size-full\" alt=\"\" \/><\/a><\/div><div class=\"brand-slider__slider__item\"><a href=\"https:\/\/www.vangraaf.com\/hu\/markaink\/armani-exchange\/\" title=\"Armani Exchange\"><img loading=\"lazy\" decoding=\"async\" width=\"1\" height=\"1\" src=\"https:\/\/www.vangraaf.com\/hu\/wp-content\/uploads\/sites\/3\/2020\/03\/Armani-Exchange-Logo-grau_OK.svg\" class=\"attachment-full size-full\" alt=\"\" \/><\/a><\/div><div class=\"brand-slider__slider__item\"><a href=\"https:\/\/www.vangraaf.com\/hu\/markaink\/polo-ralph-lauren\/\" title=\"Polo Ralph Lauren\"><img loading=\"lazy\" decoding=\"async\" width=\"1\" height=\"1\" src=\"https:\/\/www.vangraaf.com\/hu\/wp-content\/uploads\/sites\/3\/2020\/03\/Ralph_Lauren_Logo_grau_OK.svg\" class=\"attachment-full size-full\" alt=\"\" \/><\/a><\/div><div class=\"brand-slider__slider__item\"><a href=\"https:\/\/www.vangraaf.com\/hu\/markaink\/marie-lund\/\" title=\"Marie Lund\"><img loading=\"lazy\" decoding=\"async\" width=\"1\" height=\"1\" src=\"https:\/\/www.vangraaf.com\/hu\/wp-content\/uploads\/sites\/3\/2020\/03\/Marie_Lund_Logo_grau_OK.svg\" class=\"attachment-full size-full\" alt=\"\" \/><\/a><\/div><\/div><\/div><\/div>[\/vc_column][\/vc_row]<\/div>","protected":false},"excerpt":{"rendered":"[vc_row full_width=&#8221;stretch_row_content_no_spaces&#8221;][vc_column][vc_column_text] Klasszikus amerikai elegancia, egy csipet brit st\u00edlus \u00e9s toki\u00f3i hat\u00e1sr\u00f3l \u00e1rulkod\u00f3 extravag\u00e1ns r\u00e9szletek \u2013\u00a0olyan ez, mint egy vil\u00e1gutaz\u00e1s, a nemzetk\u00f6zi divat vil\u00e1g\u00e1ban. A Superdry m\u00e1rka \u00e9ppen err\u0151l k\u00f6zismert. Fiatalosan \u00fcde, a nemzetk\u00f6zi hat\u00e1sokat k\u00f6nnyed\u00e9n befogad\u00f3 kollekci\u00f3i vil\u00e1gszerte leny\u0171g\u00f6zik a divatrajong\u00f3kat \u00e9s f\u0151k\u00e9nt a fiatalabb gener\u00e1ci\u00f3k k\u00e9pvisel\u0151it. A szipork\u00e1z\u00f3 Superdry log\u00f3 mindig azt jelzi: [&hellip;]","protected":false},"author":41,"featured_media":0,"parent":3937,"menu_order":0,"comment_status":"closed","ping_status":"closed","template":"","meta":{"_acf_changed":false,"inline_featured_image":false,"footnotes":""},"class_list":["post-4756","page","type-page","status-publish","hentry"],"acf":[],"yoast_head":"<!-- This site is optimized with the Yoast SEO plugin v27.2 - https:\/\/yoast.com\/product\/yoast-seo-wordpress\/ -->\n<title>Superdry n\u0151i \u00e9s f\u00e9rfi divat Budapesten<\/title>\n<meta name=\"description\" content=\"Vil\u00e1gutaz\u00e1sra v\u00e1gyik a divat hull\u00e1main? A Superdry m\u00e1rka nemzetk\u00f6zi st\u00edlusjegyeir\u0151l ismert. Fedezze fel a leg\u00fajabb divattrendeket a budapesti VAN GRAAF-\u00fczletekben.\" \/>\n<meta name=\"robots\" content=\"index, follow, max-snippet:-1, max-image-preview:large, max-video-preview:-1\" \/>\n<link rel=\"canonical\" href=\"https:\/\/www.vangraaf.com\/hu\/markaink\/superdry\/\" \/>\n<meta property=\"og:locale\" content=\"hu_HU\" \/>\n<meta property=\"og:type\" content=\"article\" \/>\n<meta property=\"og:title\" content=\"Superdry n\u0151i \u00e9s f\u00e9rfi divat Budapesten\" \/>\n<meta property=\"og:description\" content=\"Vil\u00e1gutaz\u00e1sra v\u00e1gyik a divat hull\u00e1main? A Superdry m\u00e1rka nemzetk\u00f6zi st\u00edlusjegyeir\u0151l ismert. Fedezze fel a leg\u00fajabb divattrendeket a budapesti VAN GRAAF-\u00fczletekben.\" \/>\n<meta property=\"og:url\" content=\"https:\/\/www.vangraaf.com\/hu\/markaink\/superdry\/\" \/>\n<meta property=\"og:site_name\" content=\"VAN GRAAF Magyarorsz\u00e1g\" \/>\n<meta property=\"article:modified_time\" content=\"2026-02-26T10:52:35+00:00\" \/>\n<meta name=\"twitter:card\" content=\"summary_large_image\" \/>\n<meta name=\"twitter:label1\" content=\"Becs\u00fclt olvas\u00e1si id\u0151\" \/>\n\t<meta name=\"twitter:data1\" content=\"3 perc\" \/>\n<script type=\"application\/ld+json\" class=\"yoast-schema-graph\">{\"@context\":\"https:\/\/schema.org\",\"@graph\":[{\"@type\":\"WebPage\",\"@id\":\"https:\/\/www.vangraaf.com\/hu\/markaink\/superdry\/\",\"url\":\"https:\/\/www.vangraaf.com\/hu\/markaink\/superdry\/\",\"name\":\"Superdry n\u0151i \u00e9s f\u00e9rfi divat Budapesten\",\"isPartOf\":{\"@id\":\"https:\/\/www.vangraaf.com\/hu\/#website\"},\"datePublished\":\"2020-03-12T12:47:52+00:00\",\"dateModified\":\"2026-02-26T10:52:35+00:00\",\"description\":\"Vil\u00e1gutaz\u00e1sra v\u00e1gyik a divat hull\u00e1main? A Superdry m\u00e1rka nemzetk\u00f6zi st\u00edlusjegyeir\u0151l ismert. Fedezze fel a leg\u00fajabb divattrendeket a budapesti VAN GRAAF-\u00fczletekben.\",\"breadcrumb\":{\"@id\":\"https:\/\/www.vangraaf.com\/hu\/markaink\/superdry\/#breadcrumb\"},\"inLanguage\":\"hu\",\"potentialAction\":[{\"@type\":\"ReadAction\",\"target\":[\"https:\/\/www.vangraaf.com\/hu\/markaink\/superdry\/\"]}]},{\"@type\":\"BreadcrumbList\",\"@id\":\"https:\/\/www.vangraaf.com\/hu\/markaink\/superdry\/#breadcrumb\",\"itemListElement\":[{\"@type\":\"ListItem\",\"position\":1,\"name\":\"Home\",\"item\":\"https:\/\/www.vangraaf.com\/hu\/\"},{\"@type\":\"ListItem\",\"position\":2,\"name\":\"Marken\",\"item\":\"https:\/\/www.vangraaf.com\/hu\/markaink\/\"},{\"@type\":\"ListItem\",\"position\":3,\"name\":\"Superdry\"}]},{\"@type\":\"WebSite\",\"@id\":\"https:\/\/www.vangraaf.com\/hu\/#website\",\"url\":\"https:\/\/www.vangraaf.com\/hu\/\",\"name\":\"VAN GRAAF\",\"description\":\"VAN GRAAF\",\"potentialAction\":[{\"@type\":\"SearchAction\",\"target\":{\"@type\":\"EntryPoint\",\"urlTemplate\":\"https:\/\/www.vangraaf.com\/hu\/?s={search_term_string}\"},\"query-input\":{\"@type\":\"PropertyValueSpecification\",\"valueRequired\":true,\"valueName\":\"search_term_string\"}}],\"inLanguage\":\"hu\"}]}<\/script>\n<!-- \/ Yoast SEO plugin. -->","yoast_head_json":{"title":"Superdry n\u0151i \u00e9s f\u00e9rfi divat Budapesten","description":"Vil\u00e1gutaz\u00e1sra v\u00e1gyik a divat hull\u00e1main? A Superdry m\u00e1rka nemzetk\u00f6zi st\u00edlusjegyeir\u0151l ismert. Fedezze fel a leg\u00fajabb divattrendeket a budapesti VAN GRAAF-\u00fczletekben.","robots":{"index":"index","follow":"follow","max-snippet":"max-snippet:-1","max-image-preview":"max-image-preview:large","max-video-preview":"max-video-preview:-1"},"canonical":"https:\/\/www.vangraaf.com\/hu\/markaink\/superdry\/","og_locale":"hu_HU","og_type":"article","og_title":"Superdry n\u0151i \u00e9s f\u00e9rfi divat Budapesten","og_description":"Vil\u00e1gutaz\u00e1sra v\u00e1gyik a divat hull\u00e1main? A Superdry m\u00e1rka nemzetk\u00f6zi st\u00edlusjegyeir\u0151l ismert. Fedezze fel a leg\u00fajabb divattrendeket a budapesti VAN GRAAF-\u00fczletekben.","og_url":"https:\/\/www.vangraaf.com\/hu\/markaink\/superdry\/","og_site_name":"VAN GRAAF Magyarorsz\u00e1g","article_modified_time":"2026-02-26T10:52:35+00:00","twitter_card":"summary_large_image","twitter_misc":{"Becs\u00fclt olvas\u00e1si id\u0151":"3 perc"},"schema":{"@context":"https:\/\/schema.org","@graph":[{"@type":"WebPage","@id":"https:\/\/www.vangraaf.com\/hu\/markaink\/superdry\/","url":"https:\/\/www.vangraaf.com\/hu\/markaink\/superdry\/","name":"Superdry n\u0151i \u00e9s f\u00e9rfi divat Budapesten","isPartOf":{"@id":"https:\/\/www.vangraaf.com\/hu\/#website"},"datePublished":"2020-03-12T12:47:52+00:00","dateModified":"2026-02-26T10:52:35+00:00","description":"Vil\u00e1gutaz\u00e1sra v\u00e1gyik a divat hull\u00e1main? A Superdry m\u00e1rka nemzetk\u00f6zi st\u00edlusjegyeir\u0151l ismert. Fedezze fel a leg\u00fajabb divattrendeket a budapesti VAN GRAAF-\u00fczletekben.","breadcrumb":{"@id":"https:\/\/www.vangraaf.com\/hu\/markaink\/superdry\/#breadcrumb"},"inLanguage":"hu","potentialAction":[{"@type":"ReadAction","target":["https:\/\/www.vangraaf.com\/hu\/markaink\/superdry\/"]}]},{"@type":"BreadcrumbList","@id":"https:\/\/www.vangraaf.com\/hu\/markaink\/superdry\/#breadcrumb","itemListElement":[{"@type":"ListItem","position":1,"name":"Home","item":"https:\/\/www.vangraaf.com\/hu\/"},{"@type":"ListItem","position":2,"name":"Marken","item":"https:\/\/www.vangraaf.com\/hu\/markaink\/"},{"@type":"ListItem","position":3,"name":"Superdry"}]},{"@type":"WebSite","@id":"https:\/\/www.vangraaf.com\/hu\/#website","url":"https:\/\/www.vangraaf.com\/hu\/","name":"VAN GRAAF","description":"VAN GRAAF","potentialAction":[{"@type":"SearchAction","target":{"@type":"EntryPoint","urlTemplate":"https:\/\/www.vangraaf.com\/hu\/?s={search_term_string}"},"query-input":{"@type":"PropertyValueSpecification","valueRequired":true,"valueName":"search_term_string"}}],"inLanguage":"hu"}]}},"_links":{"self":[{"href":"https:\/\/www.vangraaf.com\/hu\/wp-json\/wp\/v2\/pages\/4756","targetHints":{"allow":["GET"]}}],"collection":[{"href":"https:\/\/www.vangraaf.com\/hu\/wp-json\/wp\/v2\/pages"}],"about":[{"href":"https:\/\/www.vangraaf.com\/hu\/wp-json\/wp\/v2\/types\/page"}],"author":[{"embeddable":true,"href":"https:\/\/www.vangraaf.com\/hu\/wp-json\/wp\/v2\/users\/41"}],"replies":[{"embeddable":true,"href":"https:\/\/www.vangraaf.com\/hu\/wp-json\/wp\/v2\/comments?post=4756"}],"version-history":[{"count":8,"href":"https:\/\/www.vangraaf.com\/hu\/wp-json\/wp\/v2\/pages\/4756\/revisions"}],"predecessor-version":[{"id":22205,"href":"https:\/\/www.vangraaf.com\/hu\/wp-json\/wp\/v2\/pages\/4756\/revisions\/22205"}],"up":[{"embeddable":true,"href":"https:\/\/www.vangraaf.com\/hu\/wp-json\/wp\/v2\/pages\/3937"}],"wp:attachment":[{"href":"https:\/\/www.vangraaf.com\/hu\/wp-json\/wp\/v2\/media?parent=4756"}],"curies":[{"name":"wp","href":"https:\/\/api.w.org\/{rel}","templated":true}]}}