{"id":4755,"date":"2020-03-12T13:59:58","date_gmt":"2020-03-12T12:59:58","guid":{"rendered":"http:\/\/van-graaf.test\/ch\/?page_id=3658"},"modified":"2022-05-03T12:26:26","modified_gmt":"2022-05-03T10:26:26","slug":"polo-ralph-lauren","status":"publish","type":"page","link":"https:\/\/www.vangraaf.com\/hu\/markaink\/polo-ralph-lauren\/","title":{"rendered":"Polo Ralph Lauren"},"content":{"rendered":"<div class=\"wpb-content-wrapper\">[vc_row full_width=&#8221;stretch_row_content_no_spaces&#8221;][vc_column]<div class=\"keyvisual\" data-aos=\"fade-up\" ><img loading=\"lazy\" decoding=\"async\" width=\"1440\" height=\"480\" src=\"https:\/\/www.vangraaf.com\/hu\/wp-content\/uploads\/sites\/3\/2020\/02\/Logo_PoloRalphLauren.jpg\" class=\"vc_single_image-img\" alt=\"\" srcset=\"https:\/\/www.vangraaf.com\/hu\/wp-content\/uploads\/sites\/3\/2020\/02\/Logo_PoloRalphLauren.jpg 1440w, https:\/\/www.vangraaf.com\/hu\/wp-content\/uploads\/sites\/3\/2020\/02\/Logo_PoloRalphLauren-300x100.jpg 300w, https:\/\/www.vangraaf.com\/hu\/wp-content\/uploads\/sites\/3\/2020\/02\/Logo_PoloRalphLauren-1024x341.jpg 1024w, https:\/\/www.vangraaf.com\/hu\/wp-content\/uploads\/sites\/3\/2020\/02\/Logo_PoloRalphLauren-768x256.jpg 768w, https:\/\/www.vangraaf.com\/hu\/wp-content\/uploads\/sites\/3\/2020\/02\/Logo_PoloRalphLauren-1200x400.jpg 1200w, https:\/\/www.vangraaf.com\/hu\/wp-content\/uploads\/sites\/3\/2020\/02\/Logo_PoloRalphLauren-992x331.jpg 992w, https:\/\/www.vangraaf.com\/hu\/wp-content\/uploads\/sites\/3\/2020\/02\/Logo_PoloRalphLauren-480x160.jpg 480w\" sizes=\"(max-width: 1440px) 100vw, 1440px\" \/><\/div>\n        <div class=\"headlines headlines--center\" data-aos=\"fade-up\">\n            <div class=\"vc_row\">\n                <div class=\"vc_col-md-10 vc_col-md-offset-1 vc_col-lg-10 vc_col-lg-offset-1\"><span class=\"h6\">Polo Ralph Lauren<\/span><h1 class=\"h2\">Polo Ralph Lauren divat\u00e1ruk a VAN GRAAF budapesti \u00fczleteiben<\/h1><\/div>\n            <\/div>\n        <\/div>[vc_column_text]\r\n<p style=\"text-align: center\">Lezser utcai viselet eleg\u00e1ns st\u00edlusjegyekkel: Az amerikai Polo Ralph Lauren m\u00e1rkan\u00e9v m\u00e1r t\u00f6bb mint \u00f6t \u00e9vtizede <strong>a sportoss\u00e1g \u00e9s az elegancia t\u00f6k\u00e9letes \u00f6tv\u00f6zet\u00e9t<\/strong> jelenti. A Ralph Lauren \u00e1ltal az 1960-as \u00e9vek v\u00e9g\u00e9n New Yorkban alap\u00edtott m\u00e1rka, amelynek log\u00f3j\u00e1n egy p\u00f3l\u00f3j\u00e1t\u00e9kos l\u00e1that\u00f3, a kezdetekt\u0151l fogva arra t\u00f6rekszik, hogy az <em>amerikai \u00e9letm\u00f3dot<\/em> hozza el\u00e9rhet\u0151 k\u00f6zels\u00e9gbe mindennapi, j\u00f3l kombin\u00e1lhat\u00f3 \u00f6lt\u00f6z\u00e9kek form\u00e1j\u00e1ban. Az utcai \u00e9s sportruh\u00e1zatokat st\u00edlusos r\u00e9szletek teszik minden alkalomhoz ide\u00e1lis \u00f6lt\u00f6z\u00e9kk\u00e9 \u2013 \u00e9s ez k\u00fcl\u00f6n\u00f6sen a p\u00f3l\u00f3kra igaz. Ez a klasszikus ma m\u00e1r nemcsak a f\u00e9rfiak, hanem a n\u0151k \u00e9s a gyermekek sz\u00e1m\u00e1ra is el\u00e9rhet\u0151. A Polo Ralph Lauren ruhadarabjai <strong>a sportos lezsers\u00e9get \u00e9s az id\u0151tlen, klasszikus eleganci\u00e1t \u00f6tv\u00f6zik<\/strong>. \u00cdgy nemcsak \u00fczleti \u00f6lt\u00f6z\u00e9knek, de szabadid\u0151ruh\u00e1zatnak is ide\u00e1lisak. Fedezze fel a Polo Ralph Lauren n\u0151i \u00e9s f\u00e9rfi divat\u00e1ruit Magyarorsz\u00e1gon a VAN GRAAF budapesti divath\u00e1zaiban, \u00e9s b\u0151v\u00edtse ruhat\u00e1r\u00e1t olyan darabokkal, amelyek sportos, lezser st\u00edlusukkal t\u0171nnek ki a t\u00f6megb\u0151l. Id\u0151tlen \u00e9s harmonikus, ez\u00e9rt mindig divatos \u2013 az Egyes\u00fclt \u00c1llamok keleti partj\u00e1nak st\u00edlusa<\/p>\r\n[\/vc_column_text][\/vc_column][\/vc_row][vc_row bwd_tbc4vd_show_weekday=&#8221;&#8221; full_width=&#8221;stretch_row_content_no_spaces&#8221;][vc_column]\n        <div class=\"headlines headlines--center\" data-aos=\"fade-up\">\n            <div class=\"vc_row\">\n                <div class=\"vc_col-md-10 vc_col-md-offset-1 vc_col-lg-10 vc_col-lg-offset-1\"><h2 class=\"h2\">St\u00edlusos alapdarabok a Polo Ralph Laurent\u0151l minden alkalomra<\/h2><\/div>\n            <\/div>\n        <\/div>[vc_column_text]Legyen sz\u00f3 ak\u00e1r zak\u00f3r\u00f3l, ak\u00e1r bl\u00e9zerr\u0151l, farmernadr\u00e1gr\u00f3l, bermudanadr\u00e1gr\u00f3l, bl\u00fazr\u00f3l, ingr\u0151l, p\u00f3l\u00f3r\u00f3l vagy pul\u00f3verr\u0151l, a Polo Ralph Lauren divat\u00e1rui sz\u00e1mtalan lehet\u0151s\u00e9get k\u00edn\u00e1lnak, hogy a <strong>letisztult, id\u0151tlen alapdarabokkal<\/strong> kihangs\u00falyozza saj\u00e1t egy\u00e9ni st\u00edlus\u00e1t. A <strong>lezser, f\u0151iskolai \u00e9s sportos st\u00edlus\u00fa elemek<\/strong> t\u00f6k\u00e9letes harm\u00f3ni\u00e1t alkotnak a klasszikus fazonokkal \u00e9s a min\u0151s\u00e9gi anyagokkal. Ennek k\u00f6sz\u00f6nhet\u0151, hogy a Polo Ralph Lauren darabjai gyakran elb\u0171v\u00f6l\u0151, f\u0151iskol\u00e1s jelleget k\u00f6lcs\u00f6n\u00f6znek visel\u0151j\u00e9nek.\r\n<p class=\"Standard1\"><span lang=\"EN-US\">St\u00edlusos \u00fczleti \u00f6lt\u00f6z\u00e9ket keres, amelyben j\u00f3 benyom\u00e1st tesz \u00fczletfeleire? K\u00e9nyelmes szabadid\u0151ruh\u00e1t szeretne, amely k\u00f6nnyen kombin\u00e1lhat\u00f3 m\u00e1s darabokkal, \u00e9s b\u00e1rmilyen alkalomhoz illik? A Polo Ralph Lauren divatos, sokoldal\u00fa ruh\u00e1kat gy\u00e1rt, amelyek gyorsan belopj\u00e1k magukat az ember sz\u00edv\u00e9be, mik\u00f6zben a mindennapokban \u00e9s a k\u00fcl\u00f6nleges alkalmakkor is meg\u00e1llj\u00e1k a hely\u00fcket.<\/span><\/p>\r\n[\/vc_column_text][\/vc_column][\/vc_row][vc_row bwd_tbc4vd_show_weekday=&#8221;&#8221; full_width=&#8221;stretch_row_content_no_spaces&#8221;][vc_column]\n        <div class=\"headlines headlines--center\" data-aos=\"fade-up\">\n            <div class=\"vc_row\">\n                <div class=\"vc_col-md-10 vc_col-md-offset-1 vc_col-lg-10 vc_col-lg-offset-1\"><h2 class=\"h2\">V\u00e1s\u00e1roljon Polo Ralph Lauren divat\u00e1rukat a VAN GRAAF budapesti \u00fczleteiben<\/h2><\/div>\n            <\/div>\n        <\/div>[vc_column_text]A n\u00e9pszer\u0171 Polo Ralph Lauren m\u00e1rka c\u00e9lja, hogy a divat \u00e9s az \u00e9letst\u00edlus ter\u00e9n szerzett t\u00f6bb \u00e9vtizedes tapasztalat\u00e1val \u00e1thidalja a trad\u00edci\u00f3 \u00e9s az innov\u00e1ci\u00f3 k\u00f6z\u00f6tti szakad\u00e9kot. \u00cdgy kijelenthetj\u00fck, hogy a Polo Ralph Lauren divat\u00e1rui t\u00f6k\u00e9letesen beleillenek a VAN GRAAF profilj\u00e1ba.\r\n\r\nMagyarorsz\u00e1gon budapesti \u00fczleteinkben v\u00e1rjuk v\u00e1s\u00e1rl\u00f3inkat:\r\n<ul>\r\n \t<li>\u00d6sszesen <a href=\"https:\/\/www.vangraaf.com\/hu\/tanacsadas-stilus\/divatreszlegeink\/\">14 r\u00e9szleg\u00fcnk\u00f6n<\/a> sz\u00e9les v\u00e1laszt\u00e9kban k\u00edn\u00e1lunk k\u00fcl\u00f6nf\u00e9le divat\u00e1rukat: a ruh\u00e1zatokt\u00f3l kezdve a cip\u0151k\u00f6n kereszt\u00fcl a kieg\u00e9sz\u00edt\u0151kig.<\/li>\r\n \t<li>T\u00f6bb mint <a href=\"https:\/\/www.vangraaf.com\/hu\/markaink\/\">200 n\u00edv\u00f3s m\u00e1rka<\/a> k\u00e9pviselteti mag\u00e1t n\u00e1lunk, k\u00f6zt\u00fck a Polo Ralph Lauren &amp; Co.<\/li>\r\n \t<li>\u00dczleteinkben a Polo Ralph Lauren, valamint m\u00e1s j\u00f3l ismert m\u00e1rk\u00e1k utcai \u00e9s sportruh\u00e1zatai mellett a leg\u00fajabb <a href=\"https:\/\/www.vangraaf.com\/hu\/tanacsadas-stilus\/trendek\/\">divattrendeket k\u00f6vet\u0151 ruhadarabokkal<\/a>, modul\u00e1ris \u00f6lt\u00f6ny\u00f6kkel \u00e9s m\u00e9g sz\u00e1mos egy\u00e9b term\u00e9kkel v\u00e1rjuk v\u00e1s\u00e1rl\u00f3inkat.<\/li>\r\n<\/ul>\r\nA szem\u00e9lyes v\u00e1s\u00e1rl\u00e1si tan\u00e1csad\u00e1son k\u00edv\u00fcl tov\u00e1bbi szolg\u00e1ltat\u00e1sokat is ny\u00fajtunk, amelyek a budapesti VAN GRAAF-\u00fczletekben tett l\u00e1togat\u00e1st val\u00f3di v\u00e1s\u00e1rl\u00e1si \u00e9lm\u00e9nny\u00e9 var\u00e1zsolj\u00e1k.[\/vc_column_text][\/vc_column][\/vc_row][vc_row][vc_column]<div class=\"vg-element brand-slider brand-slider--light\" data-aos=\"fade-up\"><div class=\"brand-slider__inner\"><div class=\"brand-slider__slider js-brand-slider\"><div class=\"brand-slider__slider__item\"><a href=\"https:\/\/www.vangraaf.com\/hu\/markaink\/adidas-originals\/\" title=\"adidas Originals\"><img loading=\"lazy\" decoding=\"async\" width=\"1\" height=\"1\" src=\"https:\/\/www.vangraaf.com\/hu\/wp-content\/uploads\/sites\/3\/2020\/03\/Adidas_Logo_grau_OK.svg\" class=\"attachment-full size-full\" alt=\"\" \/><\/a><\/div><div class=\"brand-slider__slider__item\"><a href=\"https:\/\/www.vangraaf.com\/hu\/markaink\/tommy-hilfiger\/\" title=\"Tommy Hilfiger\"><img loading=\"lazy\" decoding=\"async\" width=\"1\" height=\"1\" src=\"https:\/\/www.vangraaf.com\/hu\/wp-content\/uploads\/sites\/3\/2020\/03\/Tommy_Hilfiger_4c_grau_OK.svg\" class=\"attachment-full size-full\" alt=\"\" \/><\/a><\/div><div class=\"brand-slider__slider__item\"><a href=\"https:\/\/www.vangraaf.com\/hu\/markaink\/levis\/\" title=\"Levi&#039;s\"><img loading=\"lazy\" decoding=\"async\" width=\"1\" height=\"1\" src=\"https:\/\/www.vangraaf.com\/hu\/wp-content\/uploads\/sites\/3\/2020\/03\/Levis_Logo_grau_OK.svg\" class=\"attachment-full size-full\" alt=\"\" \/><\/a><\/div><div class=\"brand-slider__slider__item\"><a href=\"https:\/\/www.vangraaf.com\/hu\/markaink\/calvin-klein\/\" title=\"Calvin Klein\"><img loading=\"lazy\" decoding=\"async\" width=\"1\" height=\"1\" src=\"https:\/\/www.vangraaf.com\/hu\/wp-content\/uploads\/sites\/3\/2020\/03\/Calvin-Klein-Logo-grau_OK.svg\" class=\"attachment-full size-full\" alt=\"\" \/><\/a><\/div><div class=\"brand-slider__slider__item\"><a href=\"https:\/\/www.vangraaf.com\/hu\/markaink\/champion\/\" title=\"Champion\"><img loading=\"lazy\" decoding=\"async\" width=\"1\" height=\"1\" src=\"https:\/\/www.vangraaf.com\/hu\/wp-content\/uploads\/sites\/3\/2020\/03\/Champion_Logo_grau_OK.svg\" class=\"attachment-full size-full\" alt=\"\" \/><\/a><\/div><div class=\"brand-slider__slider__item\"><a href=\"https:\/\/www.vangraaf.com\/hu\/markaink\/lacoste\/\" title=\"Lacoste\"><img loading=\"lazy\" decoding=\"async\" width=\"1\" height=\"1\" src=\"https:\/\/www.vangraaf.com\/hu\/wp-content\/uploads\/sites\/3\/2020\/03\/Lacoste_Logo_4c_grau_Ausnahme_OK.svg\" class=\"attachment-full size-full\" alt=\"\" \/><\/a><\/div><div class=\"brand-slider__slider__item\"><a href=\"https:\/\/www.vangraaf.com\/hu\/markaink\/superdry\/\" title=\"Superdry\"><img loading=\"lazy\" decoding=\"async\" width=\"1\" height=\"1\" src=\"https:\/\/www.vangraaf.com\/hu\/wp-content\/uploads\/sites\/3\/2020\/03\/Superdry_Logo_grau_OK.svg\" class=\"attachment-full size-full\" alt=\"\" \/><\/a><\/div><div class=\"brand-slider__slider__item\"><a href=\"https:\/\/www.vangraaf.com\/hu\/markaink\/fila\/\" title=\"FILA\"><img loading=\"lazy\" decoding=\"async\" width=\"1\" height=\"1\" src=\"https:\/\/www.vangraaf.com\/hu\/wp-content\/uploads\/sites\/3\/2020\/03\/Fila-Logo-grau_OK.svg\" class=\"attachment-full size-full\" alt=\"\" \/><\/a><\/div><div class=\"brand-slider__slider__item\"><a href=\"https:\/\/www.vangraaf.com\/hu\/markaink\/tom-tailor\/\" title=\"TOM TAILOR\"><img loading=\"lazy\" decoding=\"async\" width=\"1\" height=\"1\" src=\"https:\/\/www.vangraaf.com\/hu\/wp-content\/uploads\/sites\/3\/2020\/03\/Tom_Tailor_Logo_grau_OK.svg\" class=\"attachment-full size-full\" alt=\"\" \/><\/a><\/div><div class=\"brand-slider__slider__item\"><a href=\"https:\/\/www.vangraaf.com\/hu\/markaink\/alpha-industries\/\" title=\"Alpha Industries\"><img loading=\"lazy\" decoding=\"async\" width=\"1\" height=\"1\" src=\"https:\/\/www.vangraaf.com\/hu\/wp-content\/uploads\/sites\/3\/2020\/03\/Alpha_Industries_Logo_grau_OK.svg\" class=\"attachment-full size-full\" alt=\"\" \/><\/a><\/div><div class=\"brand-slider__slider__item\"><a href=\"https:\/\/www.vangraaf.com\/hu\/markaink\/g-star\/\" title=\"G-Star RAW\"><img loading=\"lazy\" decoding=\"async\" width=\"1\" height=\"1\" src=\"https:\/\/www.vangraaf.com\/hu\/wp-content\/uploads\/sites\/3\/2020\/03\/G_Star_Logo_grau_OK.svg\" class=\"attachment-full size-full\" alt=\"\" \/><\/a><\/div><div class=\"brand-slider__slider__item\"><a href=\"https:\/\/www.vangraaf.com\/hu\/markaink\/vila\/\" title=\"VILA\"><img loading=\"lazy\" decoding=\"async\" width=\"1\" height=\"1\" src=\"https:\/\/www.vangraaf.com\/hu\/wp-content\/uploads\/sites\/3\/2020\/03\/Vila_Logo_grau_OK.svg\" class=\"attachment-full size-full\" alt=\"\" \/><\/a><\/div><div class=\"brand-slider__slider__item\"><a href=\"https:\/\/www.vangraaf.com\/hu\/markaink\/boss\/\" title=\"BOSS\"><img loading=\"lazy\" decoding=\"async\" width=\"1\" height=\"1\" src=\"https:\/\/www.vangraaf.com\/hu\/wp-content\/uploads\/sites\/3\/2020\/03\/Boss_Logo_grau_OK.svg\" class=\"attachment-full size-full\" alt=\"\" \/><\/a><\/div><div class=\"brand-slider__slider__item\"><a href=\"https:\/\/www.vangraaf.com\/hu\/markaink\/armani-exchange\/\" title=\"Armani Exchange\"><img loading=\"lazy\" decoding=\"async\" width=\"1\" height=\"1\" src=\"https:\/\/www.vangraaf.com\/hu\/wp-content\/uploads\/sites\/3\/2020\/03\/Armani-Exchange-Logo-grau_OK.svg\" class=\"attachment-full size-full\" alt=\"\" \/><\/a><\/div><div class=\"brand-slider__slider__item\"><a href=\"https:\/\/www.vangraaf.com\/hu\/markaink\/polo-ralph-lauren\/\" title=\"Polo Ralph Lauren\"><img loading=\"lazy\" decoding=\"async\" width=\"1\" height=\"1\" src=\"https:\/\/www.vangraaf.com\/hu\/wp-content\/uploads\/sites\/3\/2020\/03\/Ralph_Lauren_Logo_grau_OK.svg\" class=\"attachment-full size-full\" alt=\"\" \/><\/a><\/div><div class=\"brand-slider__slider__item\"><a href=\"https:\/\/www.vangraaf.com\/hu\/markaink\/marie-lund\/\" title=\"Marie Lund\"><img loading=\"lazy\" decoding=\"async\" width=\"1\" height=\"1\" src=\"https:\/\/www.vangraaf.com\/hu\/wp-content\/uploads\/sites\/3\/2020\/03\/Marie_Lund_Logo_grau_OK.svg\" class=\"attachment-full size-full\" alt=\"\" \/><\/a><\/div><\/div><\/div><\/div>[\/vc_column][\/vc_row]<\/div>","protected":false},"excerpt":{"rendered":"[vc_row full_width=&#8221;stretch_row_content_no_spaces&#8221;][vc_column][vc_column_text] Lezser utcai viselet eleg\u00e1ns st\u00edlusjegyekkel: Az amerikai Polo Ralph Lauren m\u00e1rkan\u00e9v m\u00e1r t\u00f6bb mint \u00f6t \u00e9vtizede a sportoss\u00e1g \u00e9s az elegancia t\u00f6k\u00e9letes \u00f6tv\u00f6zet\u00e9t jelenti. A Ralph Lauren \u00e1ltal az 1960-as \u00e9vek v\u00e9g\u00e9n New Yorkban alap\u00edtott m\u00e1rka, amelynek log\u00f3j\u00e1n egy p\u00f3l\u00f3j\u00e1t\u00e9kos l\u00e1that\u00f3, a kezdetekt\u0151l fogva arra t\u00f6rekszik, hogy az amerikai \u00e9letm\u00f3dot hozza el\u00e9rhet\u0151 k\u00f6zels\u00e9gbe [&hellip;]","protected":false},"author":3,"featured_media":0,"parent":3937,"menu_order":0,"comment_status":"closed","ping_status":"closed","template":"","meta":{"_acf_changed":false,"inline_featured_image":false,"footnotes":""},"class_list":["post-4755","page","type-page","status-publish","hentry"],"acf":[],"yoast_head":"<!-- This site is optimized with the Yoast SEO plugin v27.2 - https:\/\/yoast.com\/product\/yoast-seo-wordpress\/ -->\n<title>Polo Ralph Lauren divat\u00e1ruk a VAN GRAAF budapesti \u00fczleteiben<\/title>\n<meta name=\"description\" content=\"Polo Ralph Lauren divat\u00e1ruk a VAN GRAAF budapesti \u00fczleteiben: Fedezze fel a min\u0151s\u00e9gi n\u0151i, f\u00e9rfi \u00e9s gyermekruh\u00e1zatokat ett\u0151l a gy\u00e1rt\u00f3t\u00f3l \u00e9s m\u00e1s ismert m\u00e1rk\u00e1kt\u00f3l!\" \/>\n<meta name=\"robots\" content=\"index, follow, max-snippet:-1, max-image-preview:large, max-video-preview:-1\" \/>\n<link rel=\"canonical\" href=\"https:\/\/www.vangraaf.com\/hu\/markaink\/polo-ralph-lauren\/\" \/>\n<meta property=\"og:locale\" content=\"hu_HU\" \/>\n<meta property=\"og:type\" content=\"article\" \/>\n<meta property=\"og:title\" content=\"Polo Ralph Lauren divat\u00e1ruk a VAN GRAAF budapesti \u00fczleteiben\" \/>\n<meta property=\"og:description\" content=\"Polo Ralph Lauren divat\u00e1ruk a VAN GRAAF budapesti \u00fczleteiben: Fedezze fel a min\u0151s\u00e9gi n\u0151i, f\u00e9rfi \u00e9s gyermekruh\u00e1zatokat ett\u0151l a gy\u00e1rt\u00f3t\u00f3l \u00e9s m\u00e1s ismert m\u00e1rk\u00e1kt\u00f3l!\" \/>\n<meta property=\"og:url\" content=\"https:\/\/www.vangraaf.com\/hu\/markaink\/polo-ralph-lauren\/\" \/>\n<meta property=\"og:site_name\" content=\"VAN GRAAF Magyarorsz\u00e1g\" \/>\n<meta property=\"article:modified_time\" content=\"2022-05-03T10:26:26+00:00\" \/>\n<meta name=\"twitter:card\" content=\"summary_large_image\" \/>\n<meta name=\"twitter:label1\" content=\"Becs\u00fclt olvas\u00e1si id\u0151\" \/>\n\t<meta name=\"twitter:data1\" content=\"4 perc\" \/>\n<script type=\"application\/ld+json\" class=\"yoast-schema-graph\">{\"@context\":\"https:\/\/schema.org\",\"@graph\":[{\"@type\":\"WebPage\",\"@id\":\"https:\/\/www.vangraaf.com\/hu\/markaink\/polo-ralph-lauren\/\",\"url\":\"https:\/\/www.vangraaf.com\/hu\/markaink\/polo-ralph-lauren\/\",\"name\":\"Polo Ralph Lauren divat\u00e1ruk a VAN GRAAF budapesti \u00fczleteiben\",\"isPartOf\":{\"@id\":\"https:\/\/www.vangraaf.com\/hu\/#website\"},\"datePublished\":\"2020-03-12T12:59:58+00:00\",\"dateModified\":\"2022-05-03T10:26:26+00:00\",\"description\":\"Polo Ralph Lauren divat\u00e1ruk a VAN GRAAF budapesti \u00fczleteiben: Fedezze fel a min\u0151s\u00e9gi n\u0151i, f\u00e9rfi \u00e9s gyermekruh\u00e1zatokat ett\u0151l a gy\u00e1rt\u00f3t\u00f3l \u00e9s m\u00e1s ismert m\u00e1rk\u00e1kt\u00f3l!\",\"breadcrumb\":{\"@id\":\"https:\/\/www.vangraaf.com\/hu\/markaink\/polo-ralph-lauren\/#breadcrumb\"},\"inLanguage\":\"hu\",\"potentialAction\":[{\"@type\":\"ReadAction\",\"target\":[\"https:\/\/www.vangraaf.com\/hu\/markaink\/polo-ralph-lauren\/\"]}]},{\"@type\":\"BreadcrumbList\",\"@id\":\"https:\/\/www.vangraaf.com\/hu\/markaink\/polo-ralph-lauren\/#breadcrumb\",\"itemListElement\":[{\"@type\":\"ListItem\",\"position\":1,\"name\":\"Home\",\"item\":\"https:\/\/www.vangraaf.com\/hu\/\"},{\"@type\":\"ListItem\",\"position\":2,\"name\":\"Marken\",\"item\":\"https:\/\/www.vangraaf.com\/hu\/markaink\/\"},{\"@type\":\"ListItem\",\"position\":3,\"name\":\"Polo Ralph Lauren\"}]},{\"@type\":\"WebSite\",\"@id\":\"https:\/\/www.vangraaf.com\/hu\/#website\",\"url\":\"https:\/\/www.vangraaf.com\/hu\/\",\"name\":\"VAN GRAAF\",\"description\":\"VAN GRAAF\",\"potentialAction\":[{\"@type\":\"SearchAction\",\"target\":{\"@type\":\"EntryPoint\",\"urlTemplate\":\"https:\/\/www.vangraaf.com\/hu\/?s={search_term_string}\"},\"query-input\":{\"@type\":\"PropertyValueSpecification\",\"valueRequired\":true,\"valueName\":\"search_term_string\"}}],\"inLanguage\":\"hu\"}]}<\/script>\n<!-- \/ Yoast SEO plugin. -->","yoast_head_json":{"title":"Polo Ralph Lauren divat\u00e1ruk a VAN GRAAF budapesti \u00fczleteiben","description":"Polo Ralph Lauren divat\u00e1ruk a VAN GRAAF budapesti \u00fczleteiben: Fedezze fel a min\u0151s\u00e9gi n\u0151i, f\u00e9rfi \u00e9s gyermekruh\u00e1zatokat ett\u0151l a gy\u00e1rt\u00f3t\u00f3l \u00e9s m\u00e1s ismert m\u00e1rk\u00e1kt\u00f3l!","robots":{"index":"index","follow":"follow","max-snippet":"max-snippet:-1","max-image-preview":"max-image-preview:large","max-video-preview":"max-video-preview:-1"},"canonical":"https:\/\/www.vangraaf.com\/hu\/markaink\/polo-ralph-lauren\/","og_locale":"hu_HU","og_type":"article","og_title":"Polo Ralph Lauren divat\u00e1ruk a VAN GRAAF budapesti \u00fczleteiben","og_description":"Polo Ralph Lauren divat\u00e1ruk a VAN GRAAF budapesti \u00fczleteiben: Fedezze fel a min\u0151s\u00e9gi n\u0151i, f\u00e9rfi \u00e9s gyermekruh\u00e1zatokat ett\u0151l a gy\u00e1rt\u00f3t\u00f3l \u00e9s m\u00e1s ismert m\u00e1rk\u00e1kt\u00f3l!","og_url":"https:\/\/www.vangraaf.com\/hu\/markaink\/polo-ralph-lauren\/","og_site_name":"VAN GRAAF Magyarorsz\u00e1g","article_modified_time":"2022-05-03T10:26:26+00:00","twitter_card":"summary_large_image","twitter_misc":{"Becs\u00fclt olvas\u00e1si id\u0151":"4 perc"},"schema":{"@context":"https:\/\/schema.org","@graph":[{"@type":"WebPage","@id":"https:\/\/www.vangraaf.com\/hu\/markaink\/polo-ralph-lauren\/","url":"https:\/\/www.vangraaf.com\/hu\/markaink\/polo-ralph-lauren\/","name":"Polo Ralph Lauren divat\u00e1ruk a VAN GRAAF budapesti \u00fczleteiben","isPartOf":{"@id":"https:\/\/www.vangraaf.com\/hu\/#website"},"datePublished":"2020-03-12T12:59:58+00:00","dateModified":"2022-05-03T10:26:26+00:00","description":"Polo Ralph Lauren divat\u00e1ruk a VAN GRAAF budapesti \u00fczleteiben: Fedezze fel a min\u0151s\u00e9gi n\u0151i, f\u00e9rfi \u00e9s gyermekruh\u00e1zatokat ett\u0151l a gy\u00e1rt\u00f3t\u00f3l \u00e9s m\u00e1s ismert m\u00e1rk\u00e1kt\u00f3l!","breadcrumb":{"@id":"https:\/\/www.vangraaf.com\/hu\/markaink\/polo-ralph-lauren\/#breadcrumb"},"inLanguage":"hu","potentialAction":[{"@type":"ReadAction","target":["https:\/\/www.vangraaf.com\/hu\/markaink\/polo-ralph-lauren\/"]}]},{"@type":"BreadcrumbList","@id":"https:\/\/www.vangraaf.com\/hu\/markaink\/polo-ralph-lauren\/#breadcrumb","itemListElement":[{"@type":"ListItem","position":1,"name":"Home","item":"https:\/\/www.vangraaf.com\/hu\/"},{"@type":"ListItem","position":2,"name":"Marken","item":"https:\/\/www.vangraaf.com\/hu\/markaink\/"},{"@type":"ListItem","position":3,"name":"Polo Ralph Lauren"}]},{"@type":"WebSite","@id":"https:\/\/www.vangraaf.com\/hu\/#website","url":"https:\/\/www.vangraaf.com\/hu\/","name":"VAN GRAAF","description":"VAN GRAAF","potentialAction":[{"@type":"SearchAction","target":{"@type":"EntryPoint","urlTemplate":"https:\/\/www.vangraaf.com\/hu\/?s={search_term_string}"},"query-input":{"@type":"PropertyValueSpecification","valueRequired":true,"valueName":"search_term_string"}}],"inLanguage":"hu"}]}},"_links":{"self":[{"href":"https:\/\/www.vangraaf.com\/hu\/wp-json\/wp\/v2\/pages\/4755","targetHints":{"allow":["GET"]}}],"collection":[{"href":"https:\/\/www.vangraaf.com\/hu\/wp-json\/wp\/v2\/pages"}],"about":[{"href":"https:\/\/www.vangraaf.com\/hu\/wp-json\/wp\/v2\/types\/page"}],"author":[{"embeddable":true,"href":"https:\/\/www.vangraaf.com\/hu\/wp-json\/wp\/v2\/users\/3"}],"replies":[{"embeddable":true,"href":"https:\/\/www.vangraaf.com\/hu\/wp-json\/wp\/v2\/comments?post=4755"}],"version-history":[{"count":10,"href":"https:\/\/www.vangraaf.com\/hu\/wp-json\/wp\/v2\/pages\/4755\/revisions"}],"predecessor-version":[{"id":7072,"href":"https:\/\/www.vangraaf.com\/hu\/wp-json\/wp\/v2\/pages\/4755\/revisions\/7072"}],"up":[{"embeddable":true,"href":"https:\/\/www.vangraaf.com\/hu\/wp-json\/wp\/v2\/pages\/3937"}],"wp:attachment":[{"href":"https:\/\/www.vangraaf.com\/hu\/wp-json\/wp\/v2\/media?parent=4755"}],"curies":[{"name":"wp","href":"https:\/\/api.w.org\/{rel}","templated":true}]}}