{"id":4753,"date":"2020-03-12T13:46:42","date_gmt":"2020-03-12T12:46:42","guid":{"rendered":"http:\/\/van-graaf.test\/ch\/?page_id=3630"},"modified":"2026-02-26T11:50:42","modified_gmt":"2026-02-26T10:50:42","slug":"lacoste","status":"publish","type":"page","link":"https:\/\/www.vangraaf.com\/hu\/markaink\/lacoste\/","title":{"rendered":"Lacoste"},"content":{"rendered":"<div class=\"wpb-content-wrapper\">[vc_row full_width=&#8221;stretch_row_content_no_spaces&#8221;][vc_column]<div class=\"keyvisual\" data-aos=\"fade-up\" ><img loading=\"lazy\" decoding=\"async\" width=\"1440\" height=\"480\" src=\"https:\/\/www.vangraaf.com\/hu\/wp-content\/uploads\/sites\/3\/2020\/02\/Logo_Lacoste.jpg\" class=\"vc_single_image-img\" alt=\"\" srcset=\"https:\/\/www.vangraaf.com\/hu\/wp-content\/uploads\/sites\/3\/2020\/02\/Logo_Lacoste.jpg 1440w, https:\/\/www.vangraaf.com\/hu\/wp-content\/uploads\/sites\/3\/2020\/02\/Logo_Lacoste-300x100.jpg 300w, https:\/\/www.vangraaf.com\/hu\/wp-content\/uploads\/sites\/3\/2020\/02\/Logo_Lacoste-1024x341.jpg 1024w, https:\/\/www.vangraaf.com\/hu\/wp-content\/uploads\/sites\/3\/2020\/02\/Logo_Lacoste-768x256.jpg 768w, https:\/\/www.vangraaf.com\/hu\/wp-content\/uploads\/sites\/3\/2020\/02\/Logo_Lacoste-1200x400.jpg 1200w, https:\/\/www.vangraaf.com\/hu\/wp-content\/uploads\/sites\/3\/2020\/02\/Logo_Lacoste-992x331.jpg 992w, https:\/\/www.vangraaf.com\/hu\/wp-content\/uploads\/sites\/3\/2020\/02\/Logo_Lacoste-480x160.jpg 480w\" sizes=\"(max-width: 1440px) 100vw, 1440px\" \/><\/div>\n        <div class=\"headlines headlines--center\" data-aos=\"fade-up\">\n            <div class=\"vc_row\">\n                <div class=\"vc_col-md-10 vc_col-md-offset-1 vc_col-lg-10 vc_col-lg-offset-1\"><span class=\"h6\">Lacoste<\/span><h1 class=\"h2\">Lacoste n\u0151i \u00e9s f\u00e9rfi divat a VAN GRAAF budapesti \u00fczleteiben<\/h1><\/div>\n            <\/div>\n        <\/div>[vc_column_text]\r\n<p style=\"text-align: center;\">Minden a p\u00f3l\u00f3val kezd\u0151d\u00f6tt \u2013 legal\u00e1bbis a Lacoste-n\u00e1l. Az 1930-as \u00e9vekben a francia teniszlegenda \u00e9s divattervez\u0151, Ren\u00e9 Lacoste egy \u00faj st\u00edlus alapjait teremtette meg. Ennek f\u0151 jellemz\u0151je a sportos, lezser megjelen\u00e9s \u00e9s az elegancia t\u00f6k\u00e9letes \u00f6tv\u00f6zete volt. A ruh\u00e1kat a jellegzetes kis z\u00f6ld krokodilembl\u00e9m\u00e1val l\u00e1tta el. Ezzel megsz\u00fcletett a Lacoste m\u00e1rka, amelyet <strong>a<\/strong> <strong>krokodilr\u00f3l ma m\u00e1r a vil\u00e1g minden t\u00e1j\u00e1n felismernek<\/strong>. A <strong>VAN GRAAF budapesti \u00fczleteiben<\/strong> is sz\u00e1mos olyan term\u00e9ket tal\u00e1l, amelyekr\u0151l gyorsan meg\u00e1llap\u00edthat\u00f3, hogy Lacoste m\u00e1rk\u00e1j\u00faak.<\/p>\r\n[\/vc_column_text][\/vc_column][\/vc_row][vc_row bwd_tbc4vd_show_weekday=&#8221;&#8221; disable_element=&#8221;yes&#8221; full_width=&#8221;stretch_row_content_no_spaces&#8221;][vc_column]\n            <div class=\"vg-element topic-slider topic-slider--left topic-slider--dark\" style=\"--season-color-1: #e0d5c6; --season-color-2: #27293d\" data-aos=\"fade-up\">\n                <div class=\"topic-slider__inner\">\n                    <div class=\"content_wrap\">\n                        <div class=\"vc_row\">\n                            <div class=\"vc_col-md-12 vc_col-lg-10 vc_col-lg-offset-1\">\n                                <div class=\"vc_row\">\n                                    <div class=\"vc_col-sm-6\"><div class=\"topic-slider__image-wrap\"><div class=\"topic-slider__slider-wrap\"><div class=\"js-topic-slider\"><div class=\"topic-slider__slider__item\"><\/div><div class=\"topic-slider__slider__item\"><\/div><div class=\"topic-slider__slider__item\"><\/div><\/div><\/div><\/div><\/div><div class=\"vc_col-sm-6 vc_col-md-5 vc_col-md-offset-1\"><div class=\"topic-slider__content\"><span class=\"h4\">Ismerje meg Budapesten a Lacoste tarka soksz\u00edn\u0171s\u00e9g\u00e9t<\/span><p>Ha vet egy pillant\u00e1st a Lacoste n\u0151i \u00e9s f\u00e9rfi divat\u00e1ruira, azonnal fel fog t\u0171nni, hogy <strong>a kollekci\u00f3k t\u00falnyom\u00f3r\u00e9szt egysz\u00edn\u0171ek<\/strong>. A m\u00e1rka a nyomatokkal \u00e9s a log\u00f3kkal is cs\u00ednj\u00e1n b\u00e1nik. Ehelyett az apr\u00f3, n\u00fcansznyi r\u00e9szletek er\u0151ss\u00e9geire \u00e9p\u00edt. Legyen sz\u00f3 ak\u00e1r klasszikus feh\u00e9r p\u00f3l\u00f3r\u00f3l, sz\u00fcrke sportdzsekir\u0151l, s\u00f6t\u00e9tk\u00e9k n\u0151i bl\u00fazr\u00f3l vagy fekete fut\u00f3nadr\u00e1gr\u00f3l \u2013 a visszafogott, egysz\u00edn\u0171 megjelen\u00e9s a francia tervez\u0151k specialit\u00e1sa.<\/p>\n<\/div><\/div>\n                                <\/div>\n                            <\/div>\n                        <\/div>\n                    <\/div>\n                <\/div>\n            <\/div>[\/vc_column][\/vc_row][vc_row][vc_column]\n        <div class=\"headlines headlines--center\" data-aos=\"fade-up\">\n            <div class=\"vc_row\">\n                <div class=\"vc_col-md-10 vc_col-md-offset-1 vc_col-lg-10 vc_col-lg-offset-1\"><h2 class=\"h2\">Ismerje meg Budapesten a Lacoste tarka soksz\u00edn\u0171s\u00e9g\u00e9t<\/h2><\/div>\n            <\/div>\n        <\/div>[vc_column_text]Ha vet egy pillant\u00e1st a Lacoste n\u0151i \u00e9s f\u00e9rfi divat\u00e1ruira, azonnal fel fog t\u0171nni, hogy <strong>a kollekci\u00f3k t\u00falnyom\u00f3r\u00e9szt egysz\u00edn\u0171ek<\/strong>. A m\u00e1rka a nyomatokkal \u00e9s a log\u00f3kkal is cs\u00ednj\u00e1n b\u00e1nik. Ehelyett az apr\u00f3, n\u00fcansznyi r\u00e9szletek er\u0151ss\u00e9geire \u00e9p\u00edt. Legyen sz\u00f3 ak\u00e1r klasszikus feh\u00e9r p\u00f3l\u00f3r\u00f3l, sz\u00fcrke sportdzsekir\u0151l, s\u00f6t\u00e9tk\u00e9k n\u0151i bl\u00fazr\u00f3l vagy fekete fut\u00f3nadr\u00e1gr\u00f3l \u2013 a visszafogott, egysz\u00edn\u0171 megjelen\u00e9s a francia tervez\u0151k specialit\u00e1sa.[\/vc_column_text][vc_column_text]A <strong>visszafogott \u00f6r\u00f6kz\u00f6ldek<\/strong> mellett azonban az <strong>\u00fcde kontrasztok<\/strong> is sz\u00f3hoz jutnak. Az \u00e9l\u00e9nk piros, z\u00f6ld \u00e9s k\u00e9k \u00e1rnyalatok j\u00f3l \u00e1llnak a pihentet\u0151 ny\u00e1ri napokhoz. \u00c9s mi illene jobban a tavaszhoz, mint a finom pasztellsz\u00ednek? A roz\u00e9piros, a menta, az \u00e9gk\u00e9k \u00e9s a limez\u00f6ld meghozz\u00e1k a kedvet egy friss\u00edt\u0151 tavaszi s\u00e9t\u00e1hoz. \u00c9s a <strong>neon\u00e1rnyalatok<\/strong>, p\u00e9ld\u00e1ul a korallpiros \u00e9s a citroms\u00e1rga sem \u00e1llnak messze a kis krokodil \u00edzl\u00e9s\u00e9t\u0151l.[\/vc_column_text][\/vc_column][\/vc_row][vc_row][vc_column][vc_row_inner][vc_column_inner]\n        <div class=\"headlines headlines--center\" data-aos=\"fade-up\">\n            <div class=\"vc_row\">\n                <div class=\"vc_col-md-10 vc_col-md-offset-1 vc_col-lg-10 vc_col-lg-offset-1\"><h2 class=\"h2\">A Lacoste kultikus embl\u00e9m\u00e1ja \u2013 a krokodilos m\u00e1rkalog\u00f3 t\u00f6rt\u00e9nete<\/h2><\/div>\n            <\/div>\n        <\/div>[\/vc_column_inner][\/vc_row_inner][vc_column_text]Megfordult m\u00e1r a fej\u00e9ben, hogy mi\u00e9rt \u00e9ppen egy <strong>krokodil<\/strong> l\u00e1that\u00f3 a Lacoste f\u00e9rfi \u00e9s n\u0151i ruh\u00e1in? Ahhoz, hogy megv\u00e1laszoljuk ezt a k\u00e9rd\u00e9st, 1923-ig kell visszautaznunk az id\u0151ben, amikor a teniszcsillag Ren\u00e9 Lacoste \u00faj <strong>becenevet<\/strong> kapott az \u00fajs\u00e1g\u00edr\u00f3kt\u00f3l: \u201eKrokodil\u201d n\u00e9ven kezdt\u00e9k emlegetni. T\u00f6rt\u00e9nt ugyanis, hogy egy \u00fajs\u00e1g\u00edr\u00f3nak a f\u00fcl\u00e9be jutott: a francia \u00e9lsportol\u00f3 fogad\u00e1st k\u00f6t\u00f6tt, melynek t\u00e9tje egy krokodilb\u0151rb\u0151l k\u00e9sz\u00fclt eleg\u00e1ns b\u0151r\u00f6nd volt. Ren\u00e9 Lacoste-nak megtetszett a becen\u00e9v, ez\u00e9rt megb\u00edzta Robert George-ot, hogy tervezze meg saj\u00e1t krokodilos log\u00f3j\u00e1t. A z\u00f6ld kabala\u00e1llat el\u0151sz\u00f6r egy <strong>bl\u00e9zeren t\u0171nt fel<\/strong>, ami forradalmi \u00fajdons\u00e1gk\u00e9nt hatott a divatiparban, kor\u00e1bban ugyanis egyetlen m\u00e1rka sem d\u00edsz\u00edtette ilyen l\u00e1tv\u00e1nyosan a ruh\u00e1it a saj\u00e1t log\u00f3j\u00e1val.[\/vc_column_text][\/vc_column][\/vc_row][vc_row][vc_column]\n        <div class=\"headlines headlines--center\" data-aos=\"fade-up\">\n            <div class=\"vc_row\">\n                <div class=\"vc_col-md-10 vc_col-md-offset-1 vc_col-lg-10 vc_col-lg-offset-1\"><h2 class=\"h2\">Kifog\u00e1stalan \u00f6lt\u00f6z\u00e9k a Lacoste-t\u00f3l \u00e9s a budapesti VAN GRAAF-t\u00f3l<\/h2><\/div>\n            <\/div>\n        <\/div>[vc_column_text]A Lacoste m\u00e1r r\u00e9g\u00f3ta j\u00f3val t\u00f6bbet k\u00edn\u00e1l, mint csup\u00e1n p\u00f3l\u00f3kat, de a legt\u00f6bben m\u00e1ig a p\u00f3l\u00f3kkal t\u00e1rs\u00edtj\u00e1k a m\u00e1rkanevet. A Lacoste a leg\u00fajabb trendekbe illeszked\u0151, sportos st\u00edlus\u00fa <strong>teljes ruh\u00e1zatokat<\/strong> gy\u00e1rt n\u0151knek \u00e9s f\u00e9rfiaknak. <a href=\"https:\/\/www.vangraaf.com\/hu\/tanacsadas-stilus\/trendek\/\">St\u00edlustipp\u00fcnk<\/a>: Kombin\u00e1ljon egy lezser, fekete fut\u00f3nadr\u00e1got eleg\u00e1ns, sz\u00fcrke sz\u00edn\u0171 k\u00f6t\u00f6tt pul\u00f3verrel. Vegyen fel hozz\u00e1 egy k\u00f6nny\u0171, s\u00f6t\u00e9tk\u00e9k tollkab\u00e1tot. A Lacoste-megjelen\u00e9st feh\u00e9r b\u0151rcip\u0151vel \u00e9s egy st\u00edlusos baseballsapk\u00e1val teheti teljess\u00e9. Iratkozzon fel <a href=\"https:\/\/www.vangraaf.com\/hu\/friendsclub-newsletter-subscribe\/\">h\u00edrlevel\u00fcnkre<\/a> tov\u00e1bbi st\u00edlustippek\u00e9rt \u00e9s sz\u00e9ps\u00e9g\u00e1pol\u00e1si tan\u00e1csok\u00e9rt k\u00f6zvetlen\u00fcl a VAN GRAAF divatszak\u00e9rt\u0151it\u0151l.[\/vc_column_text][\/vc_column][\/vc_row][vc_row][vc_column]<div class=\"vg-element brand-slider brand-slider--light\" data-aos=\"fade-up\"><div class=\"brand-slider__inner\"><div class=\"brand-slider__slider js-brand-slider\"><div class=\"brand-slider__slider__item\"><a href=\"https:\/\/www.vangraaf.com\/hu\/markaink\/adidas-originals\/\" title=\"adidas Originals\"><img loading=\"lazy\" decoding=\"async\" width=\"1\" height=\"1\" src=\"https:\/\/www.vangraaf.com\/hu\/wp-content\/uploads\/sites\/3\/2020\/03\/Adidas_Logo_grau_OK.svg\" class=\"attachment-full size-full\" alt=\"\" \/><\/a><\/div><div class=\"brand-slider__slider__item\"><a href=\"https:\/\/www.vangraaf.com\/hu\/markaink\/tommy-hilfiger\/\" title=\"Tommy Hilfiger\"><img loading=\"lazy\" decoding=\"async\" width=\"1\" height=\"1\" src=\"https:\/\/www.vangraaf.com\/hu\/wp-content\/uploads\/sites\/3\/2020\/03\/Tommy_Hilfiger_4c_grau_OK.svg\" class=\"attachment-full size-full\" alt=\"\" \/><\/a><\/div><div class=\"brand-slider__slider__item\"><a href=\"https:\/\/www.vangraaf.com\/hu\/markaink\/levis\/\" title=\"Levi&#039;s\"><img loading=\"lazy\" decoding=\"async\" width=\"1\" height=\"1\" src=\"https:\/\/www.vangraaf.com\/hu\/wp-content\/uploads\/sites\/3\/2020\/03\/Levis_Logo_grau_OK.svg\" class=\"attachment-full size-full\" alt=\"\" \/><\/a><\/div><div class=\"brand-slider__slider__item\"><a href=\"https:\/\/www.vangraaf.com\/hu\/markaink\/calvin-klein\/\" title=\"Calvin Klein\"><img loading=\"lazy\" decoding=\"async\" width=\"1\" height=\"1\" src=\"https:\/\/www.vangraaf.com\/hu\/wp-content\/uploads\/sites\/3\/2020\/03\/Calvin-Klein-Logo-grau_OK.svg\" class=\"attachment-full size-full\" alt=\"\" \/><\/a><\/div><div class=\"brand-slider__slider__item\"><a href=\"https:\/\/www.vangraaf.com\/hu\/markaink\/champion\/\" title=\"Champion\"><img loading=\"lazy\" decoding=\"async\" width=\"1\" height=\"1\" src=\"https:\/\/www.vangraaf.com\/hu\/wp-content\/uploads\/sites\/3\/2020\/03\/Champion_Logo_grau_OK.svg\" class=\"attachment-full size-full\" alt=\"\" \/><\/a><\/div><div class=\"brand-slider__slider__item\"><a href=\"https:\/\/www.vangraaf.com\/hu\/markaink\/lacoste\/\" title=\"Lacoste\"><img loading=\"lazy\" decoding=\"async\" width=\"1\" height=\"1\" src=\"https:\/\/www.vangraaf.com\/hu\/wp-content\/uploads\/sites\/3\/2020\/03\/Lacoste_Logo_4c_grau_Ausnahme_OK.svg\" class=\"attachment-full size-full\" alt=\"\" \/><\/a><\/div><div class=\"brand-slider__slider__item\"><a href=\"https:\/\/www.vangraaf.com\/hu\/markaink\/superdry\/\" title=\"Superdry\"><img loading=\"lazy\" decoding=\"async\" width=\"1\" height=\"1\" src=\"https:\/\/www.vangraaf.com\/hu\/wp-content\/uploads\/sites\/3\/2020\/03\/Superdry_Logo_grau_OK.svg\" class=\"attachment-full size-full\" alt=\"\" \/><\/a><\/div><div class=\"brand-slider__slider__item\"><a href=\"https:\/\/www.vangraaf.com\/hu\/markaink\/fila\/\" title=\"FILA\"><img loading=\"lazy\" decoding=\"async\" width=\"1\" height=\"1\" src=\"https:\/\/www.vangraaf.com\/hu\/wp-content\/uploads\/sites\/3\/2020\/03\/Fila-Logo-grau_OK.svg\" class=\"attachment-full size-full\" alt=\"\" \/><\/a><\/div><div class=\"brand-slider__slider__item\"><a href=\"https:\/\/www.vangraaf.com\/hu\/markaink\/tom-tailor\/\" title=\"TOM TAILOR\"><img loading=\"lazy\" decoding=\"async\" width=\"1\" height=\"1\" src=\"https:\/\/www.vangraaf.com\/hu\/wp-content\/uploads\/sites\/3\/2020\/03\/Tom_Tailor_Logo_grau_OK.svg\" class=\"attachment-full size-full\" alt=\"\" \/><\/a><\/div><div class=\"brand-slider__slider__item\"><a href=\"https:\/\/www.vangraaf.com\/hu\/markaink\/alpha-industries\/\" title=\"Alpha Industries\"><img loading=\"lazy\" decoding=\"async\" width=\"1\" height=\"1\" src=\"https:\/\/www.vangraaf.com\/hu\/wp-content\/uploads\/sites\/3\/2020\/03\/Alpha_Industries_Logo_grau_OK.svg\" class=\"attachment-full size-full\" alt=\"\" \/><\/a><\/div><div class=\"brand-slider__slider__item\"><a href=\"https:\/\/www.vangraaf.com\/hu\/markaink\/g-star\/\" title=\"G-Star RAW\"><img loading=\"lazy\" decoding=\"async\" width=\"1\" height=\"1\" src=\"https:\/\/www.vangraaf.com\/hu\/wp-content\/uploads\/sites\/3\/2020\/03\/G_Star_Logo_grau_OK.svg\" class=\"attachment-full size-full\" alt=\"\" \/><\/a><\/div><div class=\"brand-slider__slider__item\"><a href=\"https:\/\/www.vangraaf.com\/hu\/markaink\/vila\/\" title=\"VILA\"><img loading=\"lazy\" decoding=\"async\" width=\"1\" height=\"1\" src=\"https:\/\/www.vangraaf.com\/hu\/wp-content\/uploads\/sites\/3\/2020\/03\/Vila_Logo_grau_OK.svg\" class=\"attachment-full size-full\" alt=\"\" \/><\/a><\/div><div class=\"brand-slider__slider__item\"><a href=\"https:\/\/www.vangraaf.com\/hu\/markaink\/boss\/\" title=\"BOSS\"><img loading=\"lazy\" decoding=\"async\" width=\"1\" height=\"1\" src=\"https:\/\/www.vangraaf.com\/hu\/wp-content\/uploads\/sites\/3\/2020\/03\/Boss_Logo_grau_OK.svg\" class=\"attachment-full size-full\" alt=\"\" \/><\/a><\/div><div class=\"brand-slider__slider__item\"><a href=\"https:\/\/www.vangraaf.com\/hu\/markaink\/armani-exchange\/\" title=\"Armani Exchange\"><img loading=\"lazy\" decoding=\"async\" width=\"1\" height=\"1\" src=\"https:\/\/www.vangraaf.com\/hu\/wp-content\/uploads\/sites\/3\/2020\/03\/Armani-Exchange-Logo-grau_OK.svg\" class=\"attachment-full size-full\" alt=\"\" \/><\/a><\/div><div class=\"brand-slider__slider__item\"><a href=\"https:\/\/www.vangraaf.com\/hu\/markaink\/polo-ralph-lauren\/\" title=\"Polo Ralph Lauren\"><img loading=\"lazy\" decoding=\"async\" width=\"1\" height=\"1\" src=\"https:\/\/www.vangraaf.com\/hu\/wp-content\/uploads\/sites\/3\/2020\/03\/Ralph_Lauren_Logo_grau_OK.svg\" class=\"attachment-full size-full\" alt=\"\" \/><\/a><\/div><div class=\"brand-slider__slider__item\"><a href=\"https:\/\/www.vangraaf.com\/hu\/markaink\/marie-lund\/\" title=\"Marie Lund\"><img loading=\"lazy\" decoding=\"async\" width=\"1\" height=\"1\" src=\"https:\/\/www.vangraaf.com\/hu\/wp-content\/uploads\/sites\/3\/2020\/03\/Marie_Lund_Logo_grau_OK.svg\" class=\"attachment-full size-full\" alt=\"\" \/><\/a><\/div><\/div><\/div><\/div>[\/vc_column][\/vc_row]<\/div>","protected":false},"excerpt":{"rendered":"[vc_row full_width=&#8221;stretch_row_content_no_spaces&#8221;][vc_column][vc_column_text] Minden a p\u00f3l\u00f3val kezd\u0151d\u00f6tt \u2013 legal\u00e1bbis a Lacoste-n\u00e1l. Az 1930-as \u00e9vekben a francia teniszlegenda \u00e9s divattervez\u0151, Ren\u00e9 Lacoste egy \u00faj st\u00edlus alapjait teremtette meg. Ennek f\u0151 jellemz\u0151je a sportos, lezser megjelen\u00e9s \u00e9s az elegancia t\u00f6k\u00e9letes \u00f6tv\u00f6zete volt. A ruh\u00e1kat a jellegzetes kis z\u00f6ld krokodilembl\u00e9m\u00e1val l\u00e1tta el. Ezzel megsz\u00fcletett a Lacoste m\u00e1rka, amelyet a [&hellip;]","protected":false},"author":41,"featured_media":0,"parent":3937,"menu_order":0,"comment_status":"closed","ping_status":"closed","template":"","meta":{"_acf_changed":false,"inline_featured_image":false,"footnotes":""},"class_list":["post-4753","page","type-page","status-publish","hentry"],"acf":[],"yoast_head":"<!-- This site is optimized with the Yoast SEO plugin v27.2 - https:\/\/yoast.com\/product\/yoast-seo-wordpress\/ -->\n<title>Lacoste n\u0151i \u00e9s f\u00e9rfi divat Budapesten<\/title>\n<meta name=\"description\" content=\"A Lacoste term\u00e9kei a sportos \u00e9s utcai st\u00edlus \u00f6tv\u00f6zet\u00e9t k\u00e9pviselik. V\u00e1logasson a krokodilembl\u00e9m\u00e1s m\u00e1rka n\u0151i \u00e9s f\u00e9rfi divatcikkei k\u00f6z\u00fcl a VAN GRAAF budapesti \u00fczleteiben.\" \/>\n<meta name=\"robots\" content=\"index, follow, max-snippet:-1, max-image-preview:large, max-video-preview:-1\" \/>\n<link rel=\"canonical\" href=\"https:\/\/www.vangraaf.com\/hu\/markaink\/lacoste\/\" \/>\n<meta property=\"og:locale\" content=\"hu_HU\" \/>\n<meta property=\"og:type\" content=\"article\" \/>\n<meta property=\"og:title\" content=\"Lacoste n\u0151i \u00e9s f\u00e9rfi divat Budapesten\" \/>\n<meta property=\"og:description\" content=\"A Lacoste term\u00e9kei a sportos \u00e9s utcai st\u00edlus \u00f6tv\u00f6zet\u00e9t k\u00e9pviselik. V\u00e1logasson a krokodilembl\u00e9m\u00e1s m\u00e1rka n\u0151i \u00e9s f\u00e9rfi divatcikkei k\u00f6z\u00fcl a VAN GRAAF budapesti \u00fczleteiben.\" \/>\n<meta property=\"og:url\" content=\"https:\/\/www.vangraaf.com\/hu\/markaink\/lacoste\/\" \/>\n<meta property=\"og:site_name\" content=\"VAN GRAAF Magyarorsz\u00e1g\" \/>\n<meta property=\"article:modified_time\" content=\"2026-02-26T10:50:42+00:00\" \/>\n<meta name=\"twitter:card\" content=\"summary_large_image\" \/>\n<meta name=\"twitter:label1\" content=\"Becs\u00fclt olvas\u00e1si id\u0151\" \/>\n\t<meta name=\"twitter:data1\" content=\"4 perc\" \/>\n<script type=\"application\/ld+json\" class=\"yoast-schema-graph\">{\"@context\":\"https:\/\/schema.org\",\"@graph\":[{\"@type\":\"WebPage\",\"@id\":\"https:\/\/www.vangraaf.com\/hu\/markaink\/lacoste\/\",\"url\":\"https:\/\/www.vangraaf.com\/hu\/markaink\/lacoste\/\",\"name\":\"Lacoste n\u0151i \u00e9s f\u00e9rfi divat Budapesten\",\"isPartOf\":{\"@id\":\"https:\/\/www.vangraaf.com\/hu\/#website\"},\"datePublished\":\"2020-03-12T12:46:42+00:00\",\"dateModified\":\"2026-02-26T10:50:42+00:00\",\"description\":\"A Lacoste term\u00e9kei a sportos \u00e9s utcai st\u00edlus \u00f6tv\u00f6zet\u00e9t k\u00e9pviselik. V\u00e1logasson a krokodilembl\u00e9m\u00e1s m\u00e1rka n\u0151i \u00e9s f\u00e9rfi divatcikkei k\u00f6z\u00fcl a VAN GRAAF budapesti \u00fczleteiben.\",\"breadcrumb\":{\"@id\":\"https:\/\/www.vangraaf.com\/hu\/markaink\/lacoste\/#breadcrumb\"},\"inLanguage\":\"hu\",\"potentialAction\":[{\"@type\":\"ReadAction\",\"target\":[\"https:\/\/www.vangraaf.com\/hu\/markaink\/lacoste\/\"]}]},{\"@type\":\"BreadcrumbList\",\"@id\":\"https:\/\/www.vangraaf.com\/hu\/markaink\/lacoste\/#breadcrumb\",\"itemListElement\":[{\"@type\":\"ListItem\",\"position\":1,\"name\":\"Home\",\"item\":\"https:\/\/www.vangraaf.com\/hu\/\"},{\"@type\":\"ListItem\",\"position\":2,\"name\":\"Marken\",\"item\":\"https:\/\/www.vangraaf.com\/hu\/markaink\/\"},{\"@type\":\"ListItem\",\"position\":3,\"name\":\"Lacoste\"}]},{\"@type\":\"WebSite\",\"@id\":\"https:\/\/www.vangraaf.com\/hu\/#website\",\"url\":\"https:\/\/www.vangraaf.com\/hu\/\",\"name\":\"VAN GRAAF\",\"description\":\"VAN GRAAF\",\"potentialAction\":[{\"@type\":\"SearchAction\",\"target\":{\"@type\":\"EntryPoint\",\"urlTemplate\":\"https:\/\/www.vangraaf.com\/hu\/?s={search_term_string}\"},\"query-input\":{\"@type\":\"PropertyValueSpecification\",\"valueRequired\":true,\"valueName\":\"search_term_string\"}}],\"inLanguage\":\"hu\"}]}<\/script>\n<!-- \/ Yoast SEO plugin. -->","yoast_head_json":{"title":"Lacoste n\u0151i \u00e9s f\u00e9rfi divat Budapesten","description":"A Lacoste term\u00e9kei a sportos \u00e9s utcai st\u00edlus \u00f6tv\u00f6zet\u00e9t k\u00e9pviselik. V\u00e1logasson a krokodilembl\u00e9m\u00e1s m\u00e1rka n\u0151i \u00e9s f\u00e9rfi divatcikkei k\u00f6z\u00fcl a VAN GRAAF budapesti \u00fczleteiben.","robots":{"index":"index","follow":"follow","max-snippet":"max-snippet:-1","max-image-preview":"max-image-preview:large","max-video-preview":"max-video-preview:-1"},"canonical":"https:\/\/www.vangraaf.com\/hu\/markaink\/lacoste\/","og_locale":"hu_HU","og_type":"article","og_title":"Lacoste n\u0151i \u00e9s f\u00e9rfi divat Budapesten","og_description":"A Lacoste term\u00e9kei a sportos \u00e9s utcai st\u00edlus \u00f6tv\u00f6zet\u00e9t k\u00e9pviselik. V\u00e1logasson a krokodilembl\u00e9m\u00e1s m\u00e1rka n\u0151i \u00e9s f\u00e9rfi divatcikkei k\u00f6z\u00fcl a VAN GRAAF budapesti \u00fczleteiben.","og_url":"https:\/\/www.vangraaf.com\/hu\/markaink\/lacoste\/","og_site_name":"VAN GRAAF Magyarorsz\u00e1g","article_modified_time":"2026-02-26T10:50:42+00:00","twitter_card":"summary_large_image","twitter_misc":{"Becs\u00fclt olvas\u00e1si id\u0151":"4 perc"},"schema":{"@context":"https:\/\/schema.org","@graph":[{"@type":"WebPage","@id":"https:\/\/www.vangraaf.com\/hu\/markaink\/lacoste\/","url":"https:\/\/www.vangraaf.com\/hu\/markaink\/lacoste\/","name":"Lacoste n\u0151i \u00e9s f\u00e9rfi divat Budapesten","isPartOf":{"@id":"https:\/\/www.vangraaf.com\/hu\/#website"},"datePublished":"2020-03-12T12:46:42+00:00","dateModified":"2026-02-26T10:50:42+00:00","description":"A Lacoste term\u00e9kei a sportos \u00e9s utcai st\u00edlus \u00f6tv\u00f6zet\u00e9t k\u00e9pviselik. V\u00e1logasson a krokodilembl\u00e9m\u00e1s m\u00e1rka n\u0151i \u00e9s f\u00e9rfi divatcikkei k\u00f6z\u00fcl a VAN GRAAF budapesti \u00fczleteiben.","breadcrumb":{"@id":"https:\/\/www.vangraaf.com\/hu\/markaink\/lacoste\/#breadcrumb"},"inLanguage":"hu","potentialAction":[{"@type":"ReadAction","target":["https:\/\/www.vangraaf.com\/hu\/markaink\/lacoste\/"]}]},{"@type":"BreadcrumbList","@id":"https:\/\/www.vangraaf.com\/hu\/markaink\/lacoste\/#breadcrumb","itemListElement":[{"@type":"ListItem","position":1,"name":"Home","item":"https:\/\/www.vangraaf.com\/hu\/"},{"@type":"ListItem","position":2,"name":"Marken","item":"https:\/\/www.vangraaf.com\/hu\/markaink\/"},{"@type":"ListItem","position":3,"name":"Lacoste"}]},{"@type":"WebSite","@id":"https:\/\/www.vangraaf.com\/hu\/#website","url":"https:\/\/www.vangraaf.com\/hu\/","name":"VAN GRAAF","description":"VAN GRAAF","potentialAction":[{"@type":"SearchAction","target":{"@type":"EntryPoint","urlTemplate":"https:\/\/www.vangraaf.com\/hu\/?s={search_term_string}"},"query-input":{"@type":"PropertyValueSpecification","valueRequired":true,"valueName":"search_term_string"}}],"inLanguage":"hu"}]}},"_links":{"self":[{"href":"https:\/\/www.vangraaf.com\/hu\/wp-json\/wp\/v2\/pages\/4753","targetHints":{"allow":["GET"]}}],"collection":[{"href":"https:\/\/www.vangraaf.com\/hu\/wp-json\/wp\/v2\/pages"}],"about":[{"href":"https:\/\/www.vangraaf.com\/hu\/wp-json\/wp\/v2\/types\/page"}],"author":[{"embeddable":true,"href":"https:\/\/www.vangraaf.com\/hu\/wp-json\/wp\/v2\/users\/41"}],"replies":[{"embeddable":true,"href":"https:\/\/www.vangraaf.com\/hu\/wp-json\/wp\/v2\/comments?post=4753"}],"version-history":[{"count":9,"href":"https:\/\/www.vangraaf.com\/hu\/wp-json\/wp\/v2\/pages\/4753\/revisions"}],"predecessor-version":[{"id":22202,"href":"https:\/\/www.vangraaf.com\/hu\/wp-json\/wp\/v2\/pages\/4753\/revisions\/22202"}],"up":[{"embeddable":true,"href":"https:\/\/www.vangraaf.com\/hu\/wp-json\/wp\/v2\/pages\/3937"}],"wp:attachment":[{"href":"https:\/\/www.vangraaf.com\/hu\/wp-json\/wp\/v2\/media?parent=4753"}],"curies":[{"name":"wp","href":"https:\/\/api.w.org\/{rel}","templated":true}]}}