{"id":4752,"date":"2020-03-12T12:07:04","date_gmt":"2020-03-12T11:07:04","guid":{"rendered":"http:\/\/van-graaf.test\/ch\/?page_id=3608"},"modified":"2022-05-03T12:24:01","modified_gmt":"2022-05-03T10:24:01","slug":"finshley-harding","status":"publish","type":"page","link":"https:\/\/www.vangraaf.com\/hu\/markaink\/finshley-harding\/","title":{"rendered":"Finshley &amp; Harding"},"content":{"rendered":"<div class=\"wpb-content-wrapper\">[vc_row full_width=&#8221;stretch_row_content_no_spaces&#8221;][vc_column]<div class=\"keyvisual\" data-aos=\"fade-up\" ><img loading=\"lazy\" decoding=\"async\" width=\"1440\" height=\"480\" src=\"https:\/\/www.vangraaf.com\/hu\/wp-content\/uploads\/sites\/3\/2020\/02\/Logo_FinshleyHarding.jpg\" class=\"vc_single_image-img\" alt=\"\" srcset=\"https:\/\/www.vangraaf.com\/hu\/wp-content\/uploads\/sites\/3\/2020\/02\/Logo_FinshleyHarding.jpg 1440w, https:\/\/www.vangraaf.com\/hu\/wp-content\/uploads\/sites\/3\/2020\/02\/Logo_FinshleyHarding-300x100.jpg 300w, https:\/\/www.vangraaf.com\/hu\/wp-content\/uploads\/sites\/3\/2020\/02\/Logo_FinshleyHarding-1024x341.jpg 1024w, https:\/\/www.vangraaf.com\/hu\/wp-content\/uploads\/sites\/3\/2020\/02\/Logo_FinshleyHarding-768x256.jpg 768w, https:\/\/www.vangraaf.com\/hu\/wp-content\/uploads\/sites\/3\/2020\/02\/Logo_FinshleyHarding-1200x400.jpg 1200w, https:\/\/www.vangraaf.com\/hu\/wp-content\/uploads\/sites\/3\/2020\/02\/Logo_FinshleyHarding-992x331.jpg 992w, https:\/\/www.vangraaf.com\/hu\/wp-content\/uploads\/sites\/3\/2020\/02\/Logo_FinshleyHarding-480x160.jpg 480w\" sizes=\"(max-width: 1440px) 100vw, 1440px\" \/><\/div>\n        <div class=\"headlines headlines--center\" data-aos=\"fade-up\">\n            <div class=\"vc_row\">\n                <div class=\"vc_col-md-10 vc_col-md-offset-1 vc_col-lg-10 vc_col-lg-offset-1\"><span class=\"h6\">Finshley &amp; Harding<\/span><h1 class=\"h2\">Fedezze fel a Finshley &amp; Harding brit divat ihlette darabjait a VAN GRAAF \u00fczleteiben<\/h1><\/div>\n            <\/div>\n        <\/div>[vc_column_text]\r\n<p style=\"text-align: center\">A brit f\u00e9rfi divatban megvan az a bizonyos extra, \u00e9s st\u00edlus szempontj\u00e1b\u00f3l egyszer\u0171en ut\u00e1nozhatatlan. A brit elegancia mindig \u00edzl\u00e9ses, kifinomult \u00e9s makul\u00e1tlan. Ha egy f\u00e9rfi \u00edgy \u00f6lt\u00f6zik, <strong>j\u00f3 \u00edzl\u00e9sr\u0151l \u00e9s eszt\u00e9tikai \u00e9rz\u00e9kr\u0151l<\/strong> tesz tan\u00fabizonys\u00e1got. Ez az t\u00f6rekv\u00e9s jellemzi a Finshley &amp; Harding darabjait is: a brit m\u00e1rka f\u00e9rfiaknak k\u00e9sz\u00fclt \u00f6lt\u00f6z\u00e9kei klasszikusan eleg\u00e1ns megjelen\u00e9s\u00fckkel t\u0171nnek ki, j\u00f3l felismerhet\u0151 angol hat\u00e1sokkal.<\/p>\r\n<p style=\"text-align: center\">Az utcai viselett\u0151l az \u00fczleti \u00f6lt\u00f6ny\u00f6kig: a Finshley &amp; Harding v\u00e1laszt\u00e9k\u00e1ban <strong>a min\u0151s\u00e9gi f\u00e9rfi divat minden ter\u00fclete k\u00e9pviselteti mag\u00e1t<\/strong>. Fedezze fel a VAN GRAAF \u00fczleteiben a Finshley &amp; Harding id\u0151tlen f\u00e9rfi divat\u00e1ruit, melyekkel st\u00edlusosan eg\u00e9sz\u00edtheti ki megl\u00e9v\u0151 ruhat\u00e1r\u00e1t.<\/p>\r\n[\/vc_column_text][vc_row_inner][vc_column_inner]\n            <div class=\"vg-element topic-slider topic-slider--left topic-slider--dark\" style=\"--season-color-1: #ededed; --season-color-2: #002045\" data-aos=\"fade-up\">\n                <div class=\"topic-slider__inner\">\n                    <div class=\"content_wrap\">\n                        <div class=\"vc_row\">\n                            <div class=\"vc_col-md-12 vc_col-lg-10 vc_col-lg-offset-1\">\n                                <div class=\"vc_row\">\n                                    <div class=\"vc_col-sm-6\"><div class=\"topic-slider__image-wrap\"><div class=\"topic-slider__slider-wrap\"><div class=\"js-topic-slider\"><div class=\"topic-slider__slider__item\"><img loading=\"lazy\" decoding=\"async\" width=\"427\" height=\"639\" src=\"https:\/\/www.vangraaf.com\/hu\/wp-content\/uploads\/sites\/3\/2022\/05\/VKF_HAKA_FHL_A_0456.jpg\" class=\"vc_single_image-img attachment-full\" alt=\"\" title=\"VKF_HAKA_FHL_A_0456\" srcset=\"https:\/\/www.vangraaf.com\/hu\/wp-content\/uploads\/sites\/3\/2022\/05\/VKF_HAKA_FHL_A_0456.jpg 427w, https:\/\/www.vangraaf.com\/hu\/wp-content\/uploads\/sites\/3\/2022\/05\/VKF_HAKA_FHL_A_0456-200x300.jpg 200w\" sizes=\"(max-width: 427px) 100vw, 427px\" \/><\/div><div class=\"topic-slider__slider__item\"><img loading=\"lazy\" decoding=\"async\" width=\"427\" height=\"639\" src=\"https:\/\/www.vangraaf.com\/hu\/wp-content\/uploads\/sites\/3\/2022\/05\/VKF_HAKA_FHL_B_1346.jpg\" class=\"vc_single_image-img attachment-full\" alt=\"\" title=\"VKF_HAKA_FHL_B_1346\" srcset=\"https:\/\/www.vangraaf.com\/hu\/wp-content\/uploads\/sites\/3\/2022\/05\/VKF_HAKA_FHL_B_1346.jpg 427w, https:\/\/www.vangraaf.com\/hu\/wp-content\/uploads\/sites\/3\/2022\/05\/VKF_HAKA_FHL_B_1346-200x300.jpg 200w\" sizes=\"(max-width: 427px) 100vw, 427px\" \/><\/div><div class=\"topic-slider__slider__item\"><img loading=\"lazy\" decoding=\"async\" width=\"427\" height=\"639\" src=\"https:\/\/www.vangraaf.com\/hu\/wp-content\/uploads\/sites\/3\/2022\/05\/VKF_HAKA_FHL_H_3124.jpg\" class=\"vc_single_image-img attachment-full\" alt=\"\" title=\"VKF_HAKA_FHL_H_3124\" srcset=\"https:\/\/www.vangraaf.com\/hu\/wp-content\/uploads\/sites\/3\/2022\/05\/VKF_HAKA_FHL_H_3124.jpg 427w, https:\/\/www.vangraaf.com\/hu\/wp-content\/uploads\/sites\/3\/2022\/05\/VKF_HAKA_FHL_H_3124-200x300.jpg 200w\" sizes=\"(max-width: 427px) 100vw, 427px\" \/><\/div><\/div><\/div><\/div><\/div><div class=\"vc_col-sm-6 vc_col-md-5 vc_col-md-offset-1\"><div class=\"topic-slider__content\"><span class=\"h4\">Extravag\u00e1ns, t\u00falz\u00e1sok n\u00e9lk\u00fcl \u2013 a Finshley &amp; Harding angol ihlet\u00e9s\u0171 st\u00edlusa<\/span><p>Jellegzetes brit st\u00edlus a divatban: a visszafogotts\u00e1g \u00e9s az id\u0151tlen elegancia \u00f6tv\u00f6zete k\u00fcl\u00f6nleges r\u00e9szletekkel \u00e9s sportos elemekkel kieg\u00e9sz\u00edtve. A Finshley &amp; Harding m\u00e1rka sz\u00e1mos darabj\u00e1ban az \u00f6sszet\u00e9veszthetetlen angol st\u00edlus is megjelenik <strong>az ir\u00f3nia vagy a lezser \u201e\u00farifi\u00fas\u201d s\u00e1rm<\/strong> mellett. A kock\u00e1s \u00f6lt\u00f6ny, amelyet egy sz\u00ednben harmoniz\u00e1l\u00f3 ing \u00e9s megfelel\u0151 csokornyakkend\u0151 eg\u00e9sz\u00edt ki, Nagy-Britannia-szerte az \u00e1polt mindennapi megjelen\u00e9s szerves r\u00e9sze.<\/p>\n<\/div><\/div>\n                                <\/div>\n                            <\/div>\n                        <\/div>\n                    <\/div>\n                <\/div>\n            <\/div>[\/vc_column_inner][\/vc_row_inner][\/vc_column][\/vc_row][vc_row][vc_column][vc_column_text]Term\u00e9szetesen nem kell mindent a divat nagy k\u00f6nyve szerint csin\u00e1lni: \u00edzl\u00e9s szerint b\u00e1rmilyen egyedi darab, p\u00e9ld\u00e1ul egy kordb\u00e1rsony zak\u00f3 vagy egy f\u0151iskolai st\u00edlus\u00fa lezser bomberdzseki is lehet az angolos megjelen\u00e9s k\u00f6zponti eleme. A Finshley &amp; Harding f\u00e9rfi divat\u00e1rui a kombin\u00e1ci\u00f3s lehet\u0151s\u00e9gek ezen sokf\u00e9les\u00e9g\u00e9t haszn\u00e1lj\u00e1k ki: <strong>a h\u00e9tk\u00f6znapis\u00e1g tal\u00e1lkozik benn\u00fck a rafin\u00e9ri\u00e1val \u00e9s a szokatlan megold\u00e1sokkal<\/strong>. A f\u00e9rfi divat jellegzetes angolos elemei az \u00f6r\u00f6kz\u00f6ld st\u00edluselemekkel vegy\u00edtve a mindennapi viselet szerves r\u00e9szeiv\u00e9 v\u00e1lnak.[\/vc_column_text][\/vc_column][\/vc_row][vc_row][vc_column]\n        <div class=\"headlines headlines--center\" data-aos=\"fade-up\">\n            <div class=\"vc_row\">\n                <div class=\"vc_col-md-10 vc_col-md-offset-1 vc_col-lg-10 vc_col-lg-offset-1\"><h2 class=\"h2\">A Finshley &amp; Harding klasszikus \u00e9s sokf\u00e9lek\u00e9ppen kombin\u00e1lhat\u00f3 alapdarabjai a VAN GRAAF \u00fczleteiben<\/h2><\/div>\n            <\/div>\n        <\/div>[vc_column_text]A VAN GRAAF \u00fczleteiben ugyan\u00fagy megtal\u00e1lja a sportos h\u00e9tk\u00f6znapi ruh\u00e1zatokat, mint az eleg\u00e1ns, egyedi darabokat, amelyekkel kihangs\u00falyozhatja saj\u00e1t egy\u00e9ni st\u00edlus\u00e1t.\u00a0\u00a0 K\u00eds\u00e9rletezzen k\u00fcl\u00f6nf\u00e9le kombin\u00e1ci\u00f3kkal, \u00e9s \u00e1ll\u00edtsa \u00f6ssze kedvenc \u00f6lt\u00f6z\u00e9k\u00e9t a min\u0151s\u00e9gi f\u00e9rfi divat\u00e1ruk sz\u00e9les v\u00e1laszt\u00e9k\u00e1b\u00f3l:\r\n<ul>\r\n \t<li>A Finshley &amp; Harding zak\u00f3it \u00e9s mell\u00e9nyeit p\u00e9ld\u00e1ul tetsz\u00e9s szerint \u00e9s alkalomt\u00f3l f\u00fcgg\u0151en \u00f6lt\u00f6nynadr\u00e1ggal \u00e9s farmernadr\u00e1ggal is b\u00e1tran kombin\u00e1lhatja.<\/li>\r\n \t<li>Az inghez ugyanolyan st\u00edlusosan \u00e1ll a zak\u00f3, mint a finom k\u00f6t\u00f6tt pul\u00f3verhez vagy az egyszer\u0171, hossz\u00fa ujj\u00fa garb\u00f3hoz.<\/li>\r\n \t<li>Nadr\u00e1gtart\u00f3, csokornyakkend\u0151 vagy a nadr\u00e1gsz\u00e1r \u00e9s a cip\u0151 k\u00f6z\u00f6tt kivillan\u00f3 sz\u00ednes zokni? Az \u00f6lt\u00f6z\u00e9k\u00e9hez ill\u0151 t\u00f6k\u00e9letes kieg\u00e9sz\u00edt\u0151kkel m\u00e9g egy\u00e9nibb\u00e9 teheti megjelen\u00e9s\u00e9t. Itt is \u00e9rdemes megeml\u00edteni a divathoz val\u00f3 jellegzetesen brit, j\u00e1t\u00e9kos \u00e9s humoros hozz\u00e1\u00e1ll\u00e1st. Nem t\u00fal komolyan venni magunkat, m\u00e9gis st\u00edlusosnak \u00e9s eleg\u00e1nsnak maradni \u2013 ezt senki nem tudja jobban, mint az angolok.<\/li>\r\n<\/ul>\r\n[\/vc_column_text][\/vc_column][\/vc_row][vc_row][vc_column]\n        <div class=\"headlines headlines--center\" data-aos=\"fade-up\">\n            <div class=\"vc_row\">\n                <div class=\"vc_col-md-10 vc_col-md-offset-1 vc_col-lg-10 vc_col-lg-offset-1\"><h2 class=\"h2\">\u00c1ll\u00edtsa \u00f6ssze saj\u00e1t \u00e1lom\u00f6lt\u00f6ny\u00e9t a Finshley &amp; Harding modul\u00e1ris \u00f6lt\u00f6nyeib\u0151l<\/h2><\/div>\n            <\/div>\n        <\/div>[vc_column_text]Karizmatikus \u00fczleti darabokat keres? A Finshley &amp; Harding min\u0151s\u00e9gi \u00f6lt\u00f6nyei k\u00f6z\u00f6tt biztosan megtal\u00e1lja az ig\u00e9nyeinek megfelel\u0151t. A v\u00e1laszt\u00e9kban egym\u00e1shoz illeszked\u0151 egy\u00fctteseket tal\u00e1l, amelyeket a szab\u00e1s, a sz\u00edn \u00e9s a forma kiv\u00e1laszt\u00e1sa ut\u00e1n tetsz\u00e9s szerint kombin\u00e1lhat.\r\n\r\nK\u00eds\u00e9rletez\u0151 kedv\u0171 vagy a v\u00e1ltozatoss\u00e1got kedvel\u0151 f\u00e9rfiaknak aj\u00e1nljuk <a href=\"https:\/\/www.vangraaf.com\/hu\/tanacsadas-stilus\/tippek\/a-stilusos-meret-mix\/\">modul\u00e1ris \u00f6lt\u00f6nyeinket<\/a>: V\u00e1lasszon zak\u00f3t \u00e9s nadr\u00e1got, \u00e9s \u00e1ll\u00edtsa \u00f6ssze saj\u00e1t \u00e1lom\u00f6lt\u00f6ny\u00e9t. A nagy v\u00e1laszt\u00e9knak k\u00f6sz\u00f6nhet\u0151en n\u00e1lunk mindig megtal\u00e1lja az ide\u00e1lis kombin\u00e1ci\u00f3t minden ig\u00e9nyhez \u00e9s minden alkalomra.[\/vc_column_text][\/vc_column][\/vc_row][vc_row][vc_column]<div class=\"vg-element brand-slider brand-slider--light\" data-aos=\"fade-up\"><div class=\"brand-slider__inner\"><div class=\"brand-slider__slider js-brand-slider\"><div class=\"brand-slider__slider__item\"><a href=\"https:\/\/www.vangraaf.com\/hu\/markaink\/adidas-originals\/\" title=\"adidas Originals\"><img loading=\"lazy\" decoding=\"async\" width=\"1\" height=\"1\" src=\"https:\/\/www.vangraaf.com\/hu\/wp-content\/uploads\/sites\/3\/2020\/03\/Adidas_Logo_grau_OK.svg\" class=\"attachment-full size-full\" alt=\"\" \/><\/a><\/div><div class=\"brand-slider__slider__item\"><a href=\"https:\/\/www.vangraaf.com\/hu\/markaink\/tommy-hilfiger\/\" title=\"Tommy Hilfiger\"><img loading=\"lazy\" decoding=\"async\" width=\"1\" height=\"1\" src=\"https:\/\/www.vangraaf.com\/hu\/wp-content\/uploads\/sites\/3\/2020\/03\/Tommy_Hilfiger_4c_grau_OK.svg\" class=\"attachment-full size-full\" alt=\"\" \/><\/a><\/div><div class=\"brand-slider__slider__item\"><a href=\"https:\/\/www.vangraaf.com\/hu\/markaink\/levis\/\" title=\"Levi&#039;s\"><img loading=\"lazy\" decoding=\"async\" width=\"1\" height=\"1\" src=\"https:\/\/www.vangraaf.com\/hu\/wp-content\/uploads\/sites\/3\/2020\/03\/Levis_Logo_grau_OK.svg\" class=\"attachment-full size-full\" alt=\"\" \/><\/a><\/div><div class=\"brand-slider__slider__item\"><a href=\"https:\/\/www.vangraaf.com\/hu\/markaink\/calvin-klein\/\" title=\"Calvin Klein\"><img loading=\"lazy\" decoding=\"async\" width=\"1\" height=\"1\" src=\"https:\/\/www.vangraaf.com\/hu\/wp-content\/uploads\/sites\/3\/2020\/03\/Calvin-Klein-Logo-grau_OK.svg\" class=\"attachment-full size-full\" alt=\"\" \/><\/a><\/div><div class=\"brand-slider__slider__item\"><a href=\"https:\/\/www.vangraaf.com\/hu\/markaink\/champion\/\" title=\"Champion\"><img loading=\"lazy\" decoding=\"async\" width=\"1\" height=\"1\" src=\"https:\/\/www.vangraaf.com\/hu\/wp-content\/uploads\/sites\/3\/2020\/03\/Champion_Logo_grau_OK.svg\" class=\"attachment-full size-full\" alt=\"\" \/><\/a><\/div><div class=\"brand-slider__slider__item\"><a href=\"https:\/\/www.vangraaf.com\/hu\/markaink\/lacoste\/\" title=\"Lacoste\"><img loading=\"lazy\" decoding=\"async\" width=\"1\" height=\"1\" src=\"https:\/\/www.vangraaf.com\/hu\/wp-content\/uploads\/sites\/3\/2020\/03\/Lacoste_Logo_4c_grau_Ausnahme_OK.svg\" class=\"attachment-full size-full\" alt=\"\" \/><\/a><\/div><div class=\"brand-slider__slider__item\"><a href=\"https:\/\/www.vangraaf.com\/hu\/markaink\/superdry\/\" title=\"Superdry\"><img loading=\"lazy\" decoding=\"async\" width=\"1\" height=\"1\" src=\"https:\/\/www.vangraaf.com\/hu\/wp-content\/uploads\/sites\/3\/2020\/03\/Superdry_Logo_grau_OK.svg\" class=\"attachment-full size-full\" alt=\"\" \/><\/a><\/div><div class=\"brand-slider__slider__item\"><a href=\"https:\/\/www.vangraaf.com\/hu\/markaink\/fila\/\" title=\"FILA\"><img loading=\"lazy\" decoding=\"async\" width=\"1\" height=\"1\" src=\"https:\/\/www.vangraaf.com\/hu\/wp-content\/uploads\/sites\/3\/2020\/03\/Fila-Logo-grau_OK.svg\" class=\"attachment-full size-full\" alt=\"\" \/><\/a><\/div><div class=\"brand-slider__slider__item\"><a href=\"https:\/\/www.vangraaf.com\/hu\/markaink\/tom-tailor\/\" title=\"TOM TAILOR\"><img loading=\"lazy\" decoding=\"async\" width=\"1\" height=\"1\" src=\"https:\/\/www.vangraaf.com\/hu\/wp-content\/uploads\/sites\/3\/2020\/03\/Tom_Tailor_Logo_grau_OK.svg\" class=\"attachment-full size-full\" alt=\"\" \/><\/a><\/div><div class=\"brand-slider__slider__item\"><a href=\"https:\/\/www.vangraaf.com\/hu\/markaink\/alpha-industries\/\" title=\"Alpha Industries\"><img loading=\"lazy\" decoding=\"async\" width=\"1\" height=\"1\" src=\"https:\/\/www.vangraaf.com\/hu\/wp-content\/uploads\/sites\/3\/2020\/03\/Alpha_Industries_Logo_grau_OK.svg\" class=\"attachment-full size-full\" alt=\"\" \/><\/a><\/div><div class=\"brand-slider__slider__item\"><a href=\"https:\/\/www.vangraaf.com\/hu\/markaink\/g-star\/\" title=\"G-Star RAW\"><img loading=\"lazy\" decoding=\"async\" width=\"1\" height=\"1\" src=\"https:\/\/www.vangraaf.com\/hu\/wp-content\/uploads\/sites\/3\/2020\/03\/G_Star_Logo_grau_OK.svg\" class=\"attachment-full size-full\" alt=\"\" \/><\/a><\/div><div class=\"brand-slider__slider__item\"><a href=\"https:\/\/www.vangraaf.com\/hu\/markaink\/vila\/\" title=\"VILA\"><img loading=\"lazy\" decoding=\"async\" width=\"1\" height=\"1\" src=\"https:\/\/www.vangraaf.com\/hu\/wp-content\/uploads\/sites\/3\/2020\/03\/Vila_Logo_grau_OK.svg\" class=\"attachment-full size-full\" alt=\"\" \/><\/a><\/div><div class=\"brand-slider__slider__item\"><a href=\"https:\/\/www.vangraaf.com\/hu\/markaink\/boss\/\" title=\"BOSS\"><img loading=\"lazy\" decoding=\"async\" width=\"1\" height=\"1\" src=\"https:\/\/www.vangraaf.com\/hu\/wp-content\/uploads\/sites\/3\/2020\/03\/Boss_Logo_grau_OK.svg\" class=\"attachment-full size-full\" alt=\"\" \/><\/a><\/div><div class=\"brand-slider__slider__item\"><a href=\"https:\/\/www.vangraaf.com\/hu\/markaink\/armani-exchange\/\" title=\"Armani Exchange\"><img loading=\"lazy\" decoding=\"async\" width=\"1\" height=\"1\" src=\"https:\/\/www.vangraaf.com\/hu\/wp-content\/uploads\/sites\/3\/2020\/03\/Armani-Exchange-Logo-grau_OK.svg\" class=\"attachment-full size-full\" alt=\"\" \/><\/a><\/div><div class=\"brand-slider__slider__item\"><a href=\"https:\/\/www.vangraaf.com\/hu\/markaink\/polo-ralph-lauren\/\" title=\"Polo Ralph Lauren\"><img loading=\"lazy\" decoding=\"async\" width=\"1\" height=\"1\" src=\"https:\/\/www.vangraaf.com\/hu\/wp-content\/uploads\/sites\/3\/2020\/03\/Ralph_Lauren_Logo_grau_OK.svg\" class=\"attachment-full size-full\" alt=\"\" \/><\/a><\/div><div class=\"brand-slider__slider__item\"><a href=\"https:\/\/www.vangraaf.com\/hu\/markaink\/marie-lund\/\" title=\"Marie Lund\"><img loading=\"lazy\" decoding=\"async\" width=\"1\" height=\"1\" src=\"https:\/\/www.vangraaf.com\/hu\/wp-content\/uploads\/sites\/3\/2020\/03\/Marie_Lund_Logo_grau_OK.svg\" class=\"attachment-full size-full\" alt=\"\" \/><\/a><\/div><\/div><\/div><\/div>[\/vc_column][\/vc_row]<\/div>","protected":false},"excerpt":{"rendered":"[vc_row full_width=&#8221;stretch_row_content_no_spaces&#8221;][vc_column][vc_column_text] A brit f\u00e9rfi divatban megvan az a bizonyos extra, \u00e9s st\u00edlus szempontj\u00e1b\u00f3l egyszer\u0171en ut\u00e1nozhatatlan. A brit elegancia mindig \u00edzl\u00e9ses, kifinomult \u00e9s makul\u00e1tlan. Ha egy f\u00e9rfi \u00edgy \u00f6lt\u00f6zik, j\u00f3 \u00edzl\u00e9sr\u0151l \u00e9s eszt\u00e9tikai \u00e9rz\u00e9kr\u0151l tesz tan\u00fabizonys\u00e1got. Ez az t\u00f6rekv\u00e9s jellemzi a Finshley &amp; Harding darabjait is: a brit m\u00e1rka f\u00e9rfiaknak k\u00e9sz\u00fclt \u00f6lt\u00f6z\u00e9kei klasszikusan eleg\u00e1ns megjelen\u00e9s\u00fckkel [&hellip;]","protected":false},"author":3,"featured_media":0,"parent":3937,"menu_order":0,"comment_status":"closed","ping_status":"closed","template":"","meta":{"_acf_changed":false,"inline_featured_image":false,"footnotes":""},"class_list":["post-4752","page","type-page","status-publish","hentry"],"acf":[],"yoast_head":"<!-- This site is optimized with the Yoast SEO plugin v27.2 - https:\/\/yoast.com\/product\/yoast-seo-wordpress\/ -->\n<title>Finshley &amp; Harding | VAN GRAAF Magyarorsz\u00e1g<\/title>\n<meta name=\"description\" content=\"Brit klasszikusok \u00e9s id\u0151tlen alapdarabok a Finshley &amp; Harding f\u00e9rfi divatm\u00e1rk\u00e1t\u00f3l a VAN GRAAF-n\u00e1l!\" \/>\n<meta name=\"robots\" content=\"index, follow, max-snippet:-1, max-image-preview:large, max-video-preview:-1\" \/>\n<link rel=\"canonical\" href=\"https:\/\/www.vangraaf.com\/hu\/markaink\/finshley-harding\/\" \/>\n<meta property=\"og:locale\" content=\"hu_HU\" \/>\n<meta property=\"og:type\" content=\"article\" \/>\n<meta property=\"og:title\" content=\"Finshley &amp; Harding | VAN GRAAF Magyarorsz\u00e1g\" \/>\n<meta property=\"og:description\" content=\"Brit klasszikusok \u00e9s id\u0151tlen alapdarabok a Finshley &amp; Harding f\u00e9rfi divatm\u00e1rk\u00e1t\u00f3l a VAN GRAAF-n\u00e1l!\" \/>\n<meta property=\"og:url\" content=\"https:\/\/www.vangraaf.com\/hu\/markaink\/finshley-harding\/\" \/>\n<meta property=\"og:site_name\" content=\"VAN GRAAF Magyarorsz\u00e1g\" \/>\n<meta property=\"article:modified_time\" content=\"2022-05-03T10:24:01+00:00\" \/>\n<meta name=\"twitter:card\" content=\"summary_large_image\" \/>\n<meta name=\"twitter:label1\" content=\"Becs\u00fclt olvas\u00e1si id\u0151\" \/>\n\t<meta name=\"twitter:data1\" content=\"4 perc\" \/>\n<script type=\"application\/ld+json\" class=\"yoast-schema-graph\">{\"@context\":\"https:\/\/schema.org\",\"@graph\":[{\"@type\":\"WebPage\",\"@id\":\"https:\/\/www.vangraaf.com\/hu\/markaink\/finshley-harding\/\",\"url\":\"https:\/\/www.vangraaf.com\/hu\/markaink\/finshley-harding\/\",\"name\":\"Finshley & Harding | VAN GRAAF Magyarorsz\u00e1g\",\"isPartOf\":{\"@id\":\"https:\/\/www.vangraaf.com\/hu\/#website\"},\"datePublished\":\"2020-03-12T11:07:04+00:00\",\"dateModified\":\"2022-05-03T10:24:01+00:00\",\"description\":\"Brit klasszikusok \u00e9s id\u0151tlen alapdarabok a Finshley & Harding f\u00e9rfi divatm\u00e1rk\u00e1t\u00f3l a VAN GRAAF-n\u00e1l!\",\"breadcrumb\":{\"@id\":\"https:\/\/www.vangraaf.com\/hu\/markaink\/finshley-harding\/#breadcrumb\"},\"inLanguage\":\"hu\",\"potentialAction\":[{\"@type\":\"ReadAction\",\"target\":[\"https:\/\/www.vangraaf.com\/hu\/markaink\/finshley-harding\/\"]}]},{\"@type\":\"BreadcrumbList\",\"@id\":\"https:\/\/www.vangraaf.com\/hu\/markaink\/finshley-harding\/#breadcrumb\",\"itemListElement\":[{\"@type\":\"ListItem\",\"position\":1,\"name\":\"Home\",\"item\":\"https:\/\/www.vangraaf.com\/hu\/\"},{\"@type\":\"ListItem\",\"position\":2,\"name\":\"Marken\",\"item\":\"https:\/\/www.vangraaf.com\/hu\/markaink\/\"},{\"@type\":\"ListItem\",\"position\":3,\"name\":\"Finshley &amp; Harding\"}]},{\"@type\":\"WebSite\",\"@id\":\"https:\/\/www.vangraaf.com\/hu\/#website\",\"url\":\"https:\/\/www.vangraaf.com\/hu\/\",\"name\":\"VAN GRAAF\",\"description\":\"VAN GRAAF\",\"potentialAction\":[{\"@type\":\"SearchAction\",\"target\":{\"@type\":\"EntryPoint\",\"urlTemplate\":\"https:\/\/www.vangraaf.com\/hu\/?s={search_term_string}\"},\"query-input\":{\"@type\":\"PropertyValueSpecification\",\"valueRequired\":true,\"valueName\":\"search_term_string\"}}],\"inLanguage\":\"hu\"}]}<\/script>\n<!-- \/ Yoast SEO plugin. -->","yoast_head_json":{"title":"Finshley & Harding | VAN GRAAF Magyarorsz\u00e1g","description":"Brit klasszikusok \u00e9s id\u0151tlen alapdarabok a Finshley & Harding f\u00e9rfi divatm\u00e1rk\u00e1t\u00f3l a VAN GRAAF-n\u00e1l!","robots":{"index":"index","follow":"follow","max-snippet":"max-snippet:-1","max-image-preview":"max-image-preview:large","max-video-preview":"max-video-preview:-1"},"canonical":"https:\/\/www.vangraaf.com\/hu\/markaink\/finshley-harding\/","og_locale":"hu_HU","og_type":"article","og_title":"Finshley & Harding | VAN GRAAF Magyarorsz\u00e1g","og_description":"Brit klasszikusok \u00e9s id\u0151tlen alapdarabok a Finshley & Harding f\u00e9rfi divatm\u00e1rk\u00e1t\u00f3l a VAN GRAAF-n\u00e1l!","og_url":"https:\/\/www.vangraaf.com\/hu\/markaink\/finshley-harding\/","og_site_name":"VAN GRAAF Magyarorsz\u00e1g","article_modified_time":"2022-05-03T10:24:01+00:00","twitter_card":"summary_large_image","twitter_misc":{"Becs\u00fclt olvas\u00e1si id\u0151":"4 perc"},"schema":{"@context":"https:\/\/schema.org","@graph":[{"@type":"WebPage","@id":"https:\/\/www.vangraaf.com\/hu\/markaink\/finshley-harding\/","url":"https:\/\/www.vangraaf.com\/hu\/markaink\/finshley-harding\/","name":"Finshley & Harding | VAN GRAAF Magyarorsz\u00e1g","isPartOf":{"@id":"https:\/\/www.vangraaf.com\/hu\/#website"},"datePublished":"2020-03-12T11:07:04+00:00","dateModified":"2022-05-03T10:24:01+00:00","description":"Brit klasszikusok \u00e9s id\u0151tlen alapdarabok a Finshley & Harding f\u00e9rfi divatm\u00e1rk\u00e1t\u00f3l a VAN GRAAF-n\u00e1l!","breadcrumb":{"@id":"https:\/\/www.vangraaf.com\/hu\/markaink\/finshley-harding\/#breadcrumb"},"inLanguage":"hu","potentialAction":[{"@type":"ReadAction","target":["https:\/\/www.vangraaf.com\/hu\/markaink\/finshley-harding\/"]}]},{"@type":"BreadcrumbList","@id":"https:\/\/www.vangraaf.com\/hu\/markaink\/finshley-harding\/#breadcrumb","itemListElement":[{"@type":"ListItem","position":1,"name":"Home","item":"https:\/\/www.vangraaf.com\/hu\/"},{"@type":"ListItem","position":2,"name":"Marken","item":"https:\/\/www.vangraaf.com\/hu\/markaink\/"},{"@type":"ListItem","position":3,"name":"Finshley &amp; Harding"}]},{"@type":"WebSite","@id":"https:\/\/www.vangraaf.com\/hu\/#website","url":"https:\/\/www.vangraaf.com\/hu\/","name":"VAN GRAAF","description":"VAN GRAAF","potentialAction":[{"@type":"SearchAction","target":{"@type":"EntryPoint","urlTemplate":"https:\/\/www.vangraaf.com\/hu\/?s={search_term_string}"},"query-input":{"@type":"PropertyValueSpecification","valueRequired":true,"valueName":"search_term_string"}}],"inLanguage":"hu"}]}},"_links":{"self":[{"href":"https:\/\/www.vangraaf.com\/hu\/wp-json\/wp\/v2\/pages\/4752","targetHints":{"allow":["GET"]}}],"collection":[{"href":"https:\/\/www.vangraaf.com\/hu\/wp-json\/wp\/v2\/pages"}],"about":[{"href":"https:\/\/www.vangraaf.com\/hu\/wp-json\/wp\/v2\/types\/page"}],"author":[{"embeddable":true,"href":"https:\/\/www.vangraaf.com\/hu\/wp-json\/wp\/v2\/users\/3"}],"replies":[{"embeddable":true,"href":"https:\/\/www.vangraaf.com\/hu\/wp-json\/wp\/v2\/comments?post=4752"}],"version-history":[{"count":10,"href":"https:\/\/www.vangraaf.com\/hu\/wp-json\/wp\/v2\/pages\/4752\/revisions"}],"predecessor-version":[{"id":7066,"href":"https:\/\/www.vangraaf.com\/hu\/wp-json\/wp\/v2\/pages\/4752\/revisions\/7066"}],"up":[{"embeddable":true,"href":"https:\/\/www.vangraaf.com\/hu\/wp-json\/wp\/v2\/pages\/3937"}],"wp:attachment":[{"href":"https:\/\/www.vangraaf.com\/hu\/wp-json\/wp\/v2\/media?parent=4752"}],"curies":[{"name":"wp","href":"https:\/\/api.w.org\/{rel}","templated":true}]}}