{"id":4751,"date":"2020-03-12T13:49:11","date_gmt":"2020-03-12T12:49:11","guid":{"rendered":"http:\/\/van-graaf.test\/ch\/?page_id=3636"},"modified":"2026-02-26T11:48:24","modified_gmt":"2026-02-26T10:48:24","slug":"fila","status":"publish","type":"page","link":"https:\/\/www.vangraaf.com\/hu\/markaink\/fila\/","title":{"rendered":"FILA"},"content":{"rendered":"<div class=\"wpb-content-wrapper\">[vc_row full_width=&#8221;stretch_row_content_no_spaces&#8221;][vc_column]<div class=\"keyvisual\" data-aos=\"fade-up\" ><img loading=\"lazy\" decoding=\"async\" width=\"1440\" height=\"480\" src=\"https:\/\/www.vangraaf.com\/hu\/wp-content\/uploads\/sites\/3\/2020\/02\/Logo_Fila.jpg\" class=\"vc_single_image-img\" alt=\"\" srcset=\"https:\/\/www.vangraaf.com\/hu\/wp-content\/uploads\/sites\/3\/2020\/02\/Logo_Fila.jpg 1440w, https:\/\/www.vangraaf.com\/hu\/wp-content\/uploads\/sites\/3\/2020\/02\/Logo_Fila-300x100.jpg 300w, https:\/\/www.vangraaf.com\/hu\/wp-content\/uploads\/sites\/3\/2020\/02\/Logo_Fila-1024x341.jpg 1024w, https:\/\/www.vangraaf.com\/hu\/wp-content\/uploads\/sites\/3\/2020\/02\/Logo_Fila-768x256.jpg 768w, https:\/\/www.vangraaf.com\/hu\/wp-content\/uploads\/sites\/3\/2020\/02\/Logo_Fila-1200x400.jpg 1200w, https:\/\/www.vangraaf.com\/hu\/wp-content\/uploads\/sites\/3\/2020\/02\/Logo_Fila-992x331.jpg 992w, https:\/\/www.vangraaf.com\/hu\/wp-content\/uploads\/sites\/3\/2020\/02\/Logo_Fila-480x160.jpg 480w\" sizes=\"(max-width: 1440px) 100vw, 1440px\" \/><\/div>\n        <div class=\"headlines headlines--center\" data-aos=\"fade-up\">\n            <div class=\"vc_row\">\n                <div class=\"vc_col-md-10 vc_col-md-offset-1 vc_col-lg-10 vc_col-lg-offset-1\"><span class=\"h6\">FILA<\/span><h1 class=\"h2\">V\u00e1lassza a sportos \u00e9s egyben divatos megjelen\u00e9st a FILA term\u00e9keivel a budapesti VAN GRAAF-\u00fczletekben<\/h1><\/div>\n            <\/div>\n        <\/div>[vc_column_text]\r\n<p style=\"text-align: center;\">A FILA visszat\u00e9rt a divatvil\u00e1g sz\u00ednpad\u00e1ra. A <strong>90-es \u00e9vek kultikus olasz m\u00e1rk\u00e1ja<\/strong> \u00fajra helyet k\u00f6vetel mag\u00e1nak a ruh\u00e1sszekr\u00e9nyekben. Az \u00faj modellek a r\u00e9giekhez hasonl\u00f3an lezserek, k\u00e9nyelmesek, \u00e9s ide\u00e1lisak a h\u00e9tk\u00f6znapokra. Ugyanakkor a retr\u00f3 darabok \u00faj interpret\u00e1ci\u00f3i \u00fcd\u00edt\u0151en \u00fajszer\u0171nek is hatnak. A divatos sz\u00ednek, mint\u00e1k, alapanyagok \u00e9s szab\u00e1sok modern dinamizmussal t\u00f6ltik fel a klasszikus kedvenceket. \u00d6n is r\u00e9g\u00f3ta v\u00e1rja a m\u00e1rka felt\u00e1mad\u00e1s\u00e1t? L\u00e1togasson el a VAN GRAAF budapesti \u00fczleteibe, \u00e9s ismerkedjen meg a FILA \u00fajra\u00e9rtelmezett n\u0151i \u00e9s f\u00e9rfi ruhadarabjaival!<\/p>\r\n[\/vc_column_text][\/vc_column][\/vc_row][vc_row][vc_column]\n        <div class=\"headlines headlines--center\" data-aos=\"fade-up\">\n            <div class=\"vc_row\">\n                <div class=\"vc_col-md-10 vc_col-md-offset-1 vc_col-lg-10 vc_col-lg-offset-1\"><h2 class=\"h2\">FILA \u2013 sportm\u00e1rk\u00e1b\u00f3l kultikus kedvenc<\/h2><\/div>\n            <\/div>\n        <\/div>[vc_column_text]A FILA t\u00f6rt\u00e9nete <strong>1911-ben<\/strong> kezd\u0151d\u00f6tt az olaszorsz\u00e1gi Piemont tartom\u00e1nyban. A <strong>Fila testv\u00e9rek<\/strong> olyan <strong>hegyisport-ruh\u00e1zati m\u00e1rk\u00e1t<\/strong> alap\u00edtottak, amelyet kifejezetten az olasz Alpok zord k\u00f6r\u00fclm\u00e9nyeihez terveztek. Legk\u00e9s\u0151bb a 70-es \u00e9vek \u00f3ta a k\u00fcl\u00f6nf\u00e9le sport\u00e1gak egyre t\u00f6bb sportol\u00f3ja viseli a FILA technikai ruh\u00e1it, k\u00f6zt\u00fck olyan k\u00f6zismert profik, mint a teniszlegenda <strong>Bj\u00f6rn Borg<\/strong>. A FILA term\u00e9szetesen a hegym\u00e1sz\u00f3k k\u00f6r\u00e9ben is \u00f3ri\u00e1si n\u00e9pszer\u0171s\u00e9gnek \u00f6rvend, p\u00e9ld\u00e1ul a h\u00edres alpinista, <strong>Reinhold Messner<\/strong> is ilyen ruh\u00e1zatot viselt. Az olyan szt\u00e1rs\u00edel\u0151k, mint Alberto Tomba vagy Ingemar Stenmark, szint\u00e9n a FILA kiv\u00e1l\u00f3 min\u0151s\u00e9g\u0171 sportruh\u00e1zataira esk\u00fcsznek.\r\n\r\nDe a FILA a teniszp\u00e1ly\u00e1kon \u00e9s a s\u00edp\u00e1ly\u00e1kon k\u00edv\u00fcl is n\u00e9pszer\u0171v\u00e9 tudott v\u00e1lni. A k\u00e9nyelmes darabok gyorsan helyet k\u00f6veteltek maguknak a f\u00e9rfiak \u00e9s n\u0151k ruh\u00e1sszekr\u00e9nyeiben. A FILA a 90-es \u00e9vekben jutott el a cs\u00facsra.[\/vc_column_text][\/vc_column][\/vc_row][vc_row][vc_column]\n        <div class=\"headlines headlines--center\" data-aos=\"fade-up\">\n            <div class=\"vc_row\">\n                <div class=\"vc_col-md-10 vc_col-md-offset-1 vc_col-lg-10 vc_col-lg-offset-1\"><h2 class=\"h2\">Piros, feh\u00e9r, k\u00e9k \u2013 ezek a FILA alapsz\u00ednei<\/h2><\/div>\n            <\/div>\n        <\/div>[vc_column_text]M\u00edg m\u00e1s m\u00e1rk\u00e1k t\u00f6bb sz\u00ednt alkalmaznak, a FILA tudatosan visszafogott m\u00f3don haszn\u00e1lja a sz\u00edneket. Id\u0151nk\u00e9nt ugyan felbukkannak a v\u00e1laszt\u00e9kban a neon\u00e1rnyalatok, az \u00e1llatos mint\u00e1k \u00e9s a teljes ruh\u00e1zatot lefed\u0151 nyomatok is, de a divatm\u00e1rka h\u00e1rom kedvenc sz\u00edne \u00e1lland\u00f3: <strong>piros, feh\u00e9r \u00e9s k\u00e9k<\/strong>. Ez a h\u00e1rom sz\u00edn d\u00edsz\u00edti a m\u00e1rka log\u00f3j\u00e1t, az <strong>ikonikus FILA-F<\/strong> embl\u00e9m\u00e1t is. Legyen sz\u00f3 ak\u00e1r feh\u00e9r b\u0151rcip\u0151r\u0151l, b\u00e9zs kapucnis pul\u00f3verr\u0151l, kos\u00e1rlabdamezr\u0151l vagy \u00fasz\u00f3nadr\u00e1gr\u00f3l, szinte minden ruh\u00e1zat \u00e9s kieg\u00e9sz\u00edt\u0151 st\u00edlusosan alkalmazza a h\u00e1rom m\u00e1rkasz\u00ednt.[\/vc_column_text][\/vc_column][\/vc_row][vc_row][vc_column]\n        <div class=\"headlines headlines--center\" data-aos=\"fade-up\">\n            <div class=\"vc_row\">\n                <div class=\"vc_col-md-10 vc_col-md-offset-1 vc_col-lg-10 vc_col-lg-offset-1\"><h2 class=\"h2\">FILA n\u0151i \u00e9s f\u00e9rfi divat \u2013 Els\u0151 a k\u00e9nyelem<\/h2><\/div>\n            <\/div>\n        <\/div>[vc_column_text]A m\u00e1rka ma is h\u0171 marad sportos arculat\u00e1hoz. A <strong>k\u00e9nyelem \u00e9s a funkcionalit\u00e1s<\/strong> tov\u00e1bbra is a FILA f\u0151 c\u00e9ljai k\u00f6z\u00f6tt szerepel. A laza szab\u00e1s\u00fa ingek, kapucnis pul\u00f3verek, meleg\u00edt\u0151k \u00e9s cipz\u00e1ras dzsekik a term\u00e9kportf\u00f3li\u00f3 alapvet\u0151 r\u00e9sz\u00e9t k\u00e9pezik \u2013 a n\u0151i darabok k\u00f6z\u00f6tt is. A n\u0151ies, sz\u0171k szab\u00e1s\u00fa szokny\u00e1k, ruh\u00e1k \u00e9s bl\u00fazok helyett a FILA tervez\u0151i lezserebb, <strong>b\u0151 szab\u00e1st<\/strong> alkalmaznak, a visel\u0151k k\u00e9nyelm\u00e9t szem el\u0151tt tartva. A kollekci\u00f3k ez\u00e9rt els\u0151sorban a fiatal, v\u00e1rosi r\u00e9teget veszik c\u00e9lba, akik a h\u00e9tk\u00f6znapi, laza viseletet r\u00e9szes\u00edtik el\u0151nyben. Foglaljon szem\u00e9lyes v\u00e1s\u00e1rl\u00e1si id\u0151pontot budapesti \u00fczleteinkben, \u00e9s <a href=\"https:\/\/www.vangraaf.com\/hu\/divathazaink\/personal-shopping\/\">divatszak\u00e9rt\u0151ink \u00f6r\u00f6mmel<\/a> adnak tan\u00e1csot a lezser ruhadarabok kombin\u00e1l\u00e1s\u00e1hoz \u00e9s a st\u00edluskontrasztok tudatos alkalmaz\u00e1s\u00e1hoz. Ha pedig <a href=\"https:\/\/www.vangraaf.com\/hu\/friendsclub-newsletter-subscribe\/\">a VAN GRAAF h\u00edrlevel\u00e9re<\/a> is feliratkozik, folyamatosan nyomon k\u00f6vetheti a divat gyorsan v\u00e1ltoz\u00f3 vil\u00e1g\u00e1nak \u00fajdons\u00e1gait.[\/vc_column_text][\/vc_column][\/vc_row][vc_row][vc_column]<div class=\"vg-element brand-slider brand-slider--light\" data-aos=\"fade-up\"><div class=\"brand-slider__inner\"><div class=\"brand-slider__slider js-brand-slider\"><div class=\"brand-slider__slider__item\"><a href=\"https:\/\/www.vangraaf.com\/hu\/markaink\/adidas-originals\/\" title=\"adidas Originals\"><img loading=\"lazy\" decoding=\"async\" width=\"1\" height=\"1\" src=\"https:\/\/www.vangraaf.com\/hu\/wp-content\/uploads\/sites\/3\/2020\/03\/Adidas_Logo_grau_OK.svg\" class=\"attachment-full size-full\" alt=\"\" \/><\/a><\/div><div class=\"brand-slider__slider__item\"><a href=\"https:\/\/www.vangraaf.com\/hu\/markaink\/tommy-hilfiger\/\" title=\"Tommy Hilfiger\"><img loading=\"lazy\" decoding=\"async\" width=\"1\" height=\"1\" src=\"https:\/\/www.vangraaf.com\/hu\/wp-content\/uploads\/sites\/3\/2020\/03\/Tommy_Hilfiger_4c_grau_OK.svg\" class=\"attachment-full size-full\" alt=\"\" \/><\/a><\/div><div class=\"brand-slider__slider__item\"><a href=\"https:\/\/www.vangraaf.com\/hu\/markaink\/levis\/\" title=\"Levi&#039;s\"><img loading=\"lazy\" decoding=\"async\" width=\"1\" height=\"1\" src=\"https:\/\/www.vangraaf.com\/hu\/wp-content\/uploads\/sites\/3\/2020\/03\/Levis_Logo_grau_OK.svg\" class=\"attachment-full size-full\" alt=\"\" \/><\/a><\/div><div class=\"brand-slider__slider__item\"><a href=\"https:\/\/www.vangraaf.com\/hu\/markaink\/calvin-klein\/\" title=\"Calvin Klein\"><img loading=\"lazy\" decoding=\"async\" width=\"1\" height=\"1\" src=\"https:\/\/www.vangraaf.com\/hu\/wp-content\/uploads\/sites\/3\/2020\/03\/Calvin-Klein-Logo-grau_OK.svg\" class=\"attachment-full size-full\" alt=\"\" \/><\/a><\/div><div class=\"brand-slider__slider__item\"><a href=\"https:\/\/www.vangraaf.com\/hu\/markaink\/champion\/\" title=\"Champion\"><img loading=\"lazy\" decoding=\"async\" width=\"1\" height=\"1\" src=\"https:\/\/www.vangraaf.com\/hu\/wp-content\/uploads\/sites\/3\/2020\/03\/Champion_Logo_grau_OK.svg\" class=\"attachment-full size-full\" alt=\"\" \/><\/a><\/div><div class=\"brand-slider__slider__item\"><a href=\"https:\/\/www.vangraaf.com\/hu\/markaink\/lacoste\/\" title=\"Lacoste\"><img loading=\"lazy\" decoding=\"async\" width=\"1\" height=\"1\" src=\"https:\/\/www.vangraaf.com\/hu\/wp-content\/uploads\/sites\/3\/2020\/03\/Lacoste_Logo_4c_grau_Ausnahme_OK.svg\" class=\"attachment-full size-full\" alt=\"\" \/><\/a><\/div><div class=\"brand-slider__slider__item\"><a href=\"https:\/\/www.vangraaf.com\/hu\/markaink\/superdry\/\" title=\"Superdry\"><img loading=\"lazy\" decoding=\"async\" width=\"1\" height=\"1\" src=\"https:\/\/www.vangraaf.com\/hu\/wp-content\/uploads\/sites\/3\/2020\/03\/Superdry_Logo_grau_OK.svg\" class=\"attachment-full size-full\" alt=\"\" \/><\/a><\/div><div class=\"brand-slider__slider__item\"><a href=\"https:\/\/www.vangraaf.com\/hu\/markaink\/fila\/\" title=\"FILA\"><img loading=\"lazy\" decoding=\"async\" width=\"1\" height=\"1\" src=\"https:\/\/www.vangraaf.com\/hu\/wp-content\/uploads\/sites\/3\/2020\/03\/Fila-Logo-grau_OK.svg\" class=\"attachment-full size-full\" alt=\"\" \/><\/a><\/div><div class=\"brand-slider__slider__item\"><a href=\"https:\/\/www.vangraaf.com\/hu\/markaink\/tom-tailor\/\" title=\"TOM TAILOR\"><img loading=\"lazy\" decoding=\"async\" width=\"1\" height=\"1\" src=\"https:\/\/www.vangraaf.com\/hu\/wp-content\/uploads\/sites\/3\/2020\/03\/Tom_Tailor_Logo_grau_OK.svg\" class=\"attachment-full size-full\" alt=\"\" \/><\/a><\/div><div class=\"brand-slider__slider__item\"><a href=\"https:\/\/www.vangraaf.com\/hu\/markaink\/alpha-industries\/\" title=\"Alpha Industries\"><img loading=\"lazy\" decoding=\"async\" width=\"1\" height=\"1\" src=\"https:\/\/www.vangraaf.com\/hu\/wp-content\/uploads\/sites\/3\/2020\/03\/Alpha_Industries_Logo_grau_OK.svg\" class=\"attachment-full size-full\" alt=\"\" \/><\/a><\/div><div class=\"brand-slider__slider__item\"><a href=\"https:\/\/www.vangraaf.com\/hu\/markaink\/g-star\/\" title=\"G-Star RAW\"><img loading=\"lazy\" decoding=\"async\" width=\"1\" height=\"1\" src=\"https:\/\/www.vangraaf.com\/hu\/wp-content\/uploads\/sites\/3\/2020\/03\/G_Star_Logo_grau_OK.svg\" class=\"attachment-full size-full\" alt=\"\" \/><\/a><\/div><div class=\"brand-slider__slider__item\"><a href=\"https:\/\/www.vangraaf.com\/hu\/markaink\/vila\/\" title=\"VILA\"><img loading=\"lazy\" decoding=\"async\" width=\"1\" height=\"1\" src=\"https:\/\/www.vangraaf.com\/hu\/wp-content\/uploads\/sites\/3\/2020\/03\/Vila_Logo_grau_OK.svg\" class=\"attachment-full size-full\" alt=\"\" \/><\/a><\/div><div class=\"brand-slider__slider__item\"><a href=\"https:\/\/www.vangraaf.com\/hu\/markaink\/boss\/\" title=\"BOSS\"><img loading=\"lazy\" decoding=\"async\" width=\"1\" height=\"1\" src=\"https:\/\/www.vangraaf.com\/hu\/wp-content\/uploads\/sites\/3\/2020\/03\/Boss_Logo_grau_OK.svg\" class=\"attachment-full size-full\" alt=\"\" \/><\/a><\/div><div class=\"brand-slider__slider__item\"><a href=\"https:\/\/www.vangraaf.com\/hu\/markaink\/armani-exchange\/\" title=\"Armani Exchange\"><img loading=\"lazy\" decoding=\"async\" width=\"1\" height=\"1\" src=\"https:\/\/www.vangraaf.com\/hu\/wp-content\/uploads\/sites\/3\/2020\/03\/Armani-Exchange-Logo-grau_OK.svg\" class=\"attachment-full size-full\" alt=\"\" \/><\/a><\/div><div class=\"brand-slider__slider__item\"><a href=\"https:\/\/www.vangraaf.com\/hu\/markaink\/polo-ralph-lauren\/\" title=\"Polo Ralph Lauren\"><img loading=\"lazy\" decoding=\"async\" width=\"1\" height=\"1\" src=\"https:\/\/www.vangraaf.com\/hu\/wp-content\/uploads\/sites\/3\/2020\/03\/Ralph_Lauren_Logo_grau_OK.svg\" class=\"attachment-full size-full\" alt=\"\" \/><\/a><\/div><div class=\"brand-slider__slider__item\"><a href=\"https:\/\/www.vangraaf.com\/hu\/markaink\/marie-lund\/\" title=\"Marie Lund\"><img loading=\"lazy\" decoding=\"async\" width=\"1\" height=\"1\" src=\"https:\/\/www.vangraaf.com\/hu\/wp-content\/uploads\/sites\/3\/2020\/03\/Marie_Lund_Logo_grau_OK.svg\" class=\"attachment-full size-full\" alt=\"\" \/><\/a><\/div><\/div><\/div><\/div>[\/vc_column][\/vc_row]<\/div>","protected":false},"excerpt":{"rendered":"[vc_row full_width=&#8221;stretch_row_content_no_spaces&#8221;][vc_column][vc_column_text] A FILA visszat\u00e9rt a divatvil\u00e1g sz\u00ednpad\u00e1ra. A 90-es \u00e9vek kultikus olasz m\u00e1rk\u00e1ja \u00fajra helyet k\u00f6vetel mag\u00e1nak a ruh\u00e1sszekr\u00e9nyekben. Az \u00faj modellek a r\u00e9giekhez hasonl\u00f3an lezserek, k\u00e9nyelmesek, \u00e9s ide\u00e1lisak a h\u00e9tk\u00f6znapokra. Ugyanakkor a retr\u00f3 darabok \u00faj interpret\u00e1ci\u00f3i \u00fcd\u00edt\u0151en \u00fajszer\u0171nek is hatnak. A divatos sz\u00ednek, mint\u00e1k, alapanyagok \u00e9s szab\u00e1sok modern dinamizmussal t\u00f6ltik fel a klasszikus [&hellip;]","protected":false},"author":41,"featured_media":0,"parent":3937,"menu_order":0,"comment_status":"closed","ping_status":"closed","template":"","meta":{"_acf_changed":false,"inline_featured_image":false,"footnotes":""},"class_list":["post-4751","page","type-page","status-publish","hentry"],"acf":[],"yoast_head":"<!-- This site is optimized with the Yoast SEO plugin v27.2 - https:\/\/yoast.com\/product\/yoast-seo-wordpress\/ -->\n<title>FILA n\u0151i \u00e9s f\u00e9rfi divat Budapesten<\/title>\n<meta name=\"description\" content=\"A FILA ruh\u00e1zatai a 90-es \u00e9vek st\u00edlus\u00e1t \u00f6tv\u00f6zik a mai trendekkel. Fedezze fel a kultikus n\u0151i \u00e9s f\u00e9rfi ruhadarabokat a VAN GRAAF budapesti \u00fczleteiben!\" \/>\n<meta name=\"robots\" content=\"index, follow, max-snippet:-1, max-image-preview:large, max-video-preview:-1\" \/>\n<link rel=\"canonical\" href=\"https:\/\/www.vangraaf.com\/hu\/markaink\/fila\/\" \/>\n<meta property=\"og:locale\" content=\"hu_HU\" \/>\n<meta property=\"og:type\" content=\"article\" \/>\n<meta property=\"og:title\" content=\"FILA n\u0151i \u00e9s f\u00e9rfi divat Budapesten\" \/>\n<meta property=\"og:description\" content=\"A FILA ruh\u00e1zatai a 90-es \u00e9vek st\u00edlus\u00e1t \u00f6tv\u00f6zik a mai trendekkel. Fedezze fel a kultikus n\u0151i \u00e9s f\u00e9rfi ruhadarabokat a VAN GRAAF budapesti \u00fczleteiben!\" \/>\n<meta property=\"og:url\" content=\"https:\/\/www.vangraaf.com\/hu\/markaink\/fila\/\" \/>\n<meta property=\"og:site_name\" content=\"VAN GRAAF Magyarorsz\u00e1g\" \/>\n<meta property=\"article:modified_time\" content=\"2026-02-26T10:48:24+00:00\" \/>\n<meta name=\"twitter:card\" content=\"summary_large_image\" \/>\n<meta name=\"twitter:label1\" content=\"Becs\u00fclt olvas\u00e1si id\u0151\" \/>\n\t<meta name=\"twitter:data1\" content=\"3 perc\" \/>\n<script type=\"application\/ld+json\" class=\"yoast-schema-graph\">{\"@context\":\"https:\/\/schema.org\",\"@graph\":[{\"@type\":\"WebPage\",\"@id\":\"https:\/\/www.vangraaf.com\/hu\/markaink\/fila\/\",\"url\":\"https:\/\/www.vangraaf.com\/hu\/markaink\/fila\/\",\"name\":\"FILA n\u0151i \u00e9s f\u00e9rfi divat Budapesten\",\"isPartOf\":{\"@id\":\"https:\/\/www.vangraaf.com\/hu\/#website\"},\"datePublished\":\"2020-03-12T12:49:11+00:00\",\"dateModified\":\"2026-02-26T10:48:24+00:00\",\"description\":\"A FILA ruh\u00e1zatai a 90-es \u00e9vek st\u00edlus\u00e1t \u00f6tv\u00f6zik a mai trendekkel. Fedezze fel a kultikus n\u0151i \u00e9s f\u00e9rfi ruhadarabokat a VAN GRAAF budapesti \u00fczleteiben!\",\"breadcrumb\":{\"@id\":\"https:\/\/www.vangraaf.com\/hu\/markaink\/fila\/#breadcrumb\"},\"inLanguage\":\"hu\",\"potentialAction\":[{\"@type\":\"ReadAction\",\"target\":[\"https:\/\/www.vangraaf.com\/hu\/markaink\/fila\/\"]}]},{\"@type\":\"BreadcrumbList\",\"@id\":\"https:\/\/www.vangraaf.com\/hu\/markaink\/fila\/#breadcrumb\",\"itemListElement\":[{\"@type\":\"ListItem\",\"position\":1,\"name\":\"Home\",\"item\":\"https:\/\/www.vangraaf.com\/hu\/\"},{\"@type\":\"ListItem\",\"position\":2,\"name\":\"Marken\",\"item\":\"https:\/\/www.vangraaf.com\/hu\/markaink\/\"},{\"@type\":\"ListItem\",\"position\":3,\"name\":\"FILA\"}]},{\"@type\":\"WebSite\",\"@id\":\"https:\/\/www.vangraaf.com\/hu\/#website\",\"url\":\"https:\/\/www.vangraaf.com\/hu\/\",\"name\":\"VAN GRAAF\",\"description\":\"VAN GRAAF\",\"potentialAction\":[{\"@type\":\"SearchAction\",\"target\":{\"@type\":\"EntryPoint\",\"urlTemplate\":\"https:\/\/www.vangraaf.com\/hu\/?s={search_term_string}\"},\"query-input\":{\"@type\":\"PropertyValueSpecification\",\"valueRequired\":true,\"valueName\":\"search_term_string\"}}],\"inLanguage\":\"hu\"}]}<\/script>\n<!-- \/ Yoast SEO plugin. -->","yoast_head_json":{"title":"FILA n\u0151i \u00e9s f\u00e9rfi divat Budapesten","description":"A FILA ruh\u00e1zatai a 90-es \u00e9vek st\u00edlus\u00e1t \u00f6tv\u00f6zik a mai trendekkel. Fedezze fel a kultikus n\u0151i \u00e9s f\u00e9rfi ruhadarabokat a VAN GRAAF budapesti \u00fczleteiben!","robots":{"index":"index","follow":"follow","max-snippet":"max-snippet:-1","max-image-preview":"max-image-preview:large","max-video-preview":"max-video-preview:-1"},"canonical":"https:\/\/www.vangraaf.com\/hu\/markaink\/fila\/","og_locale":"hu_HU","og_type":"article","og_title":"FILA n\u0151i \u00e9s f\u00e9rfi divat Budapesten","og_description":"A FILA ruh\u00e1zatai a 90-es \u00e9vek st\u00edlus\u00e1t \u00f6tv\u00f6zik a mai trendekkel. Fedezze fel a kultikus n\u0151i \u00e9s f\u00e9rfi ruhadarabokat a VAN GRAAF budapesti \u00fczleteiben!","og_url":"https:\/\/www.vangraaf.com\/hu\/markaink\/fila\/","og_site_name":"VAN GRAAF Magyarorsz\u00e1g","article_modified_time":"2026-02-26T10:48:24+00:00","twitter_card":"summary_large_image","twitter_misc":{"Becs\u00fclt olvas\u00e1si id\u0151":"3 perc"},"schema":{"@context":"https:\/\/schema.org","@graph":[{"@type":"WebPage","@id":"https:\/\/www.vangraaf.com\/hu\/markaink\/fila\/","url":"https:\/\/www.vangraaf.com\/hu\/markaink\/fila\/","name":"FILA n\u0151i \u00e9s f\u00e9rfi divat Budapesten","isPartOf":{"@id":"https:\/\/www.vangraaf.com\/hu\/#website"},"datePublished":"2020-03-12T12:49:11+00:00","dateModified":"2026-02-26T10:48:24+00:00","description":"A FILA ruh\u00e1zatai a 90-es \u00e9vek st\u00edlus\u00e1t \u00f6tv\u00f6zik a mai trendekkel. Fedezze fel a kultikus n\u0151i \u00e9s f\u00e9rfi ruhadarabokat a VAN GRAAF budapesti \u00fczleteiben!","breadcrumb":{"@id":"https:\/\/www.vangraaf.com\/hu\/markaink\/fila\/#breadcrumb"},"inLanguage":"hu","potentialAction":[{"@type":"ReadAction","target":["https:\/\/www.vangraaf.com\/hu\/markaink\/fila\/"]}]},{"@type":"BreadcrumbList","@id":"https:\/\/www.vangraaf.com\/hu\/markaink\/fila\/#breadcrumb","itemListElement":[{"@type":"ListItem","position":1,"name":"Home","item":"https:\/\/www.vangraaf.com\/hu\/"},{"@type":"ListItem","position":2,"name":"Marken","item":"https:\/\/www.vangraaf.com\/hu\/markaink\/"},{"@type":"ListItem","position":3,"name":"FILA"}]},{"@type":"WebSite","@id":"https:\/\/www.vangraaf.com\/hu\/#website","url":"https:\/\/www.vangraaf.com\/hu\/","name":"VAN GRAAF","description":"VAN GRAAF","potentialAction":[{"@type":"SearchAction","target":{"@type":"EntryPoint","urlTemplate":"https:\/\/www.vangraaf.com\/hu\/?s={search_term_string}"},"query-input":{"@type":"PropertyValueSpecification","valueRequired":true,"valueName":"search_term_string"}}],"inLanguage":"hu"}]}},"_links":{"self":[{"href":"https:\/\/www.vangraaf.com\/hu\/wp-json\/wp\/v2\/pages\/4751","targetHints":{"allow":["GET"]}}],"collection":[{"href":"https:\/\/www.vangraaf.com\/hu\/wp-json\/wp\/v2\/pages"}],"about":[{"href":"https:\/\/www.vangraaf.com\/hu\/wp-json\/wp\/v2\/types\/page"}],"author":[{"embeddable":true,"href":"https:\/\/www.vangraaf.com\/hu\/wp-json\/wp\/v2\/users\/41"}],"replies":[{"embeddable":true,"href":"https:\/\/www.vangraaf.com\/hu\/wp-json\/wp\/v2\/comments?post=4751"}],"version-history":[{"count":9,"href":"https:\/\/www.vangraaf.com\/hu\/wp-json\/wp\/v2\/pages\/4751\/revisions"}],"predecessor-version":[{"id":22199,"href":"https:\/\/www.vangraaf.com\/hu\/wp-json\/wp\/v2\/pages\/4751\/revisions\/22199"}],"up":[{"embeddable":true,"href":"https:\/\/www.vangraaf.com\/hu\/wp-json\/wp\/v2\/pages\/3937"}],"wp:attachment":[{"href":"https:\/\/www.vangraaf.com\/hu\/wp-json\/wp\/v2\/media?parent=4751"}],"curies":[{"name":"wp","href":"https:\/\/api.w.org\/{rel}","templated":true}]}}