{"id":4750,"date":"2020-03-12T13:45:21","date_gmt":"2020-03-12T12:45:21","guid":{"rendered":"http:\/\/van-graaf.test\/ch\/?page_id=3627"},"modified":"2020-09-15T14:06:25","modified_gmt":"2020-09-15T12:06:25","slug":"champion","status":"publish","type":"page","link":"https:\/\/www.vangraaf.com\/hu\/markaink\/champion\/","title":{"rendered":"Champion"},"content":{"rendered":"<div class=\"wpb-content-wrapper\">[vc_row full_width=&#8221;stretch_row_content_no_spaces&#8221;][vc_column]<div class=\"keyvisual\" data-aos=\"fade-up\" ><img loading=\"lazy\" decoding=\"async\" width=\"1440\" height=\"480\" src=\"https:\/\/www.vangraaf.com\/hu\/wp-content\/uploads\/sites\/3\/2020\/02\/Logo_Champion.jpg\" class=\"vc_single_image-img\" alt=\"\" srcset=\"https:\/\/www.vangraaf.com\/hu\/wp-content\/uploads\/sites\/3\/2020\/02\/Logo_Champion.jpg 1440w, https:\/\/www.vangraaf.com\/hu\/wp-content\/uploads\/sites\/3\/2020\/02\/Logo_Champion-300x100.jpg 300w, https:\/\/www.vangraaf.com\/hu\/wp-content\/uploads\/sites\/3\/2020\/02\/Logo_Champion-1024x341.jpg 1024w, https:\/\/www.vangraaf.com\/hu\/wp-content\/uploads\/sites\/3\/2020\/02\/Logo_Champion-768x256.jpg 768w, https:\/\/www.vangraaf.com\/hu\/wp-content\/uploads\/sites\/3\/2020\/02\/Logo_Champion-1200x400.jpg 1200w, https:\/\/www.vangraaf.com\/hu\/wp-content\/uploads\/sites\/3\/2020\/02\/Logo_Champion-992x331.jpg 992w, https:\/\/www.vangraaf.com\/hu\/wp-content\/uploads\/sites\/3\/2020\/02\/Logo_Champion-480x160.jpg 480w\" sizes=\"(max-width: 1440px) 100vw, 1440px\" \/><\/div>\n        <div class=\"headlines headlines--center\" data-aos=\"fade-up\">\n            <div class=\"vc_row\">\n                <div class=\"vc_col-md-10 vc_col-md-offset-1 vc_col-lg-10 vc_col-lg-offset-1\"><span class=\"h6\">Champion<\/span><h1 class=\"h2\">Champion f\u00e9rfi divat a VAN GRAAF budapesti \u00fczleteiben<\/h1><\/div>\n            <\/div>\n        <\/div>[vc_column_text]\r\n<p style=\"text-align: center\">A hagyom\u00e1nyokat \u00e9s az autentikus megjelen\u00e9st sportos diz\u00e1jnnal \u00f6tv\u00f6z\u0151 amerikai Champion m\u00e1rka t\u00f6bb mint 100 \u00e9ve a <strong>sportos szabadid\u0151st\u00edlus<\/strong> szinonim\u00e1ja.<\/p>\r\n<p style=\"text-align: center\">A Champion v\u00e1llalatot 1919-ben a Feinbloom testv\u00e9rek alap\u00edtott\u00e1k Rochesterben, New York sz\u00f6vets\u00e9gi \u00e1llamban.<\/p>\r\n<p style=\"text-align: center\">Az 1920-as \u00e9s 1930-as \u00e9vekben a fiatal m\u00e1rka t\u00f6bb egyetemen \u00e9s f\u0151iskol\u00e1n a sportcsapatokat l\u00e1tta el ruh\u00e1zattal.<\/p>\r\n<p style=\"text-align: center\">Az 1930-as \u00e9vek v\u00e9g\u00e9re a Champion az amerikai katonai akad\u00e9mia hadgyakorlatainak \u00e9s sportk\u00e9pz\u00e9s\u00e9nek besz\u00e1ll\u00edt\u00f3ja lett.<\/p>\r\n<p style=\"text-align: center\">Az\u00f3ta a Champion pul\u00f3verei, p\u00f3l\u00f3i \u00e9s sportzoknijai az innovat\u00edv sportruh\u00e1zati m\u00e1rka alapvet\u0151 darabjaiv\u00e1 n\u0151tt\u00e9k ki magukat.<\/p>\r\n<p style=\"text-align: center\">A Champion-kollekci\u00f3kban mindm\u00e1ig az <strong>egyszer\u0171 sport- \u00e9s szabadid\u0151ruh\u00e1k<\/strong> domin\u00e1lnak. Min\u0151s\u00e9gi kivitelez\u00e9s\u00fck ugyanolyan jellemz\u0151 a nagy hagyom\u00e1nyokra visszatekint\u0151 m\u00e1rka darabjaira, mint legend\u00e1s sokoldal\u00fas\u00e1guk. A kapucnis pul\u00f3vekt\u0151l kezdve a lezser hossz\u00fa ujj\u00fa fels\u0151k\u00f6n, p\u00f3l\u00f3kon, pul\u00f3vereken kereszt\u00fcl az olyan mindennapi alapdarabokig, mint az als\u00f3nem\u0171k \u00e9s harisny\u00e1k, budapesti \u00fczleteinkben a Champion f\u00e9rfi ruh\u00e1zati cikkek sz\u00e9les v\u00e1laszt\u00e9k\u00e1t k\u00edn\u00e1ljuk, hogy \u00d6n az edz\u00e9sen \u00e9s az utc\u00e1n is <strong>k\u00e9nyelmesen \u00e9s st\u00edlusosan<\/strong> \u00f6lt\u00f6zhessen.<\/p>\r\n[\/vc_column_text][\/vc_column][\/vc_row][vc_row][vc_column]\n        <div class=\"headlines headlines--center\" data-aos=\"fade-up\">\n            <div class=\"vc_row\">\n                <div class=\"vc_col-md-10 vc_col-md-offset-1 vc_col-lg-10 vc_col-lg-offset-1\"><h2 class=\"h2\">Lezser, k\u00e9nyelmes \u00e9s sokoldal\u00fa: Champion sportruh\u00e1zat f\u00e9rfiaknak<\/h2><\/div>\n            <\/div>\n        <\/div>[vc_column_text]Ha megb\u00edzhat\u00f3 h\u00e9tk\u00f6znapi ruhadarabokat keres, amelyek minden k\u00f6r\u00fclm\u00e9nyek k\u00f6z\u00f6tt t\u00f6k\u00e9letesen \u00f6tv\u00f6zik a k\u00e9nyelmet \u00e9s a divattudatos visszafogotts\u00e1got, ismerje meg a Championt, az amerikai f\u00e9rfi sportruh\u00e1zati m\u00e1rk\u00e1t, amely <strong>komfortos viseletet \u00e9s id\u0151tlen, sportos st\u00edlust k\u00edn\u00e1l<\/strong>. A gy\u00e1rt\u00f3ra jellemz\u0151, hogy a j\u00f3l bev\u00e1lt megold\u00e1sok \u00e9s az innov\u00e1ci\u00f3 k\u00f6z\u00f6tti arany k\u00f6z\u00e9putat j\u00e1rja. A Champion hossz\u00fa, t\u00f6bb mint sz\u00e1z \u00e9ves t\u00f6rt\u00e9nete sor\u00e1n mindv\u00e9gig k\u00e9pes volt meg\u0151rizni autentikus gy\u00f6kereit. Hogy mi a titkuk? Mindenekel\u0151tt az eredeti formatervek \u00fcgyes \u00fajrafelhaszn\u00e1l\u00e1sa \u00e9s modern \u00fajra\u00e9rtelmez\u00e9se.\r\n\r\n<strong>Vil\u00e1gh\u00edr\u0171 szabadid\u0151s sportm\u00e1rkak\u00e9nt<\/strong> a Champion rafin\u00e1ltan \u00f6tv\u00f6zi az \u00faj trendeket a sportruh\u00e1zatok \u00e9s az utcai viselet klasszikus elemeivel. A feh\u00e9r alapon elhelyezett nagy piros-k\u00e9k C bet\u0171 a m\u00e1rka j\u00f3l felismerhet\u0151 log\u00f3j\u00e1v\u00e1 v\u00e1lt, \u00e9s ma m\u00e1r nemcsak a kapucnis pul\u00f3vereket \u00e9s ingeket d\u00edsz\u00edti, hanem a kieg\u00e9sz\u00edt\u0151ket is. A m\u00e1rka a min\u0151s\u00e9g ir\u00e1nti t\u00f6retlen elk\u00f6telezetts\u00e9g\u00e9nek k\u00f6sz\u00f6nheti nemzetk\u00f6zi h\u00edrnev\u00e9t, ami a v\u00e1logatott anyagokban, a kiv\u00e1l\u00f3 min\u0151s\u00e9g\u0171 kivitelez\u00e9sben \u00e9s a t\u00f6k\u00e9letes szab\u00e1sban \u00f6lt testet.[\/vc_column_text][\/vc_column][\/vc_row][vc_row][vc_column]\n        <div class=\"headlines headlines--center\" data-aos=\"fade-up\">\n            <div class=\"vc_row\">\n                <div class=\"vc_col-md-10 vc_col-md-offset-1 vc_col-lg-10 vc_col-lg-offset-1\"><h2 class=\"h2\">V\u00e1s\u00e1roljon sportos f\u00e9rfi divat\u00e1rukat a Championt\u00f3l a VAN GRAAF budapesti \u00fczleteiben<\/h2><\/div>\n            <\/div>\n        <\/div>[vc_column_text]<a href=\"https:\/\/www.vangraaf.com\/hu\/divathazaink\/\">Budapesti divath\u00e1zainkban<\/a> a Champion \u00e9s m\u00e1s m\u00e1rk\u00e1k <strong>utcai \u00e9s sportruh\u00e1zatainak sz\u00e9les v\u00e1laszt\u00e9k\u00e1val<\/strong> v\u00e1rjuk. Ezek a ruhadarabok a mindennapi \u00e9letben \u00e9s a sportp\u00e1ly\u00e1n is a k\u00e9nyelem \u00e9s a j\u00f3 megjelen\u00e9s t\u00f6k\u00e9letes kombin\u00e1ci\u00f3j\u00e1t biztos\u00edtj\u00e1k. A megfelel\u0151 st\u00edlus kiv\u00e1laszt\u00e1s\u00e1hoz k\u00e9rje bizalommal tapasztalt munkat\u00e1rsaink seg\u00edts\u00e9g\u00e9t. A budapesti Allee \u00e9s \u00c1rk\u00e1d bev\u00e1s\u00e1rl\u00f3k\u00f6zpontokban tal\u00e1lhat\u00f3 VAN GRAAF-divath\u00e1zak \u00f6sszesen <a href=\"https:\/\/www.vangraaf.com\/hu\/tanacsadas-stilus\/divatreszlegeink\/\">14 r\u00e9szleg\u00e9n minden st\u00edlushoz<\/a> \u00e9s alkalomhoz megtal\u00e1lja a legdivatosabb f\u00e9rfi ruhadarabokat: a szabadid\u0151-ruh\u00e1kt\u00f3l kezdve eg\u00e9szen az \u00f6lt\u00f6ny\u00f6kig.\r\n\r\n\u00c1ll\u00edtsa \u00f6ssze n\u00e1lunk egyedi modul\u00e1ris \u00f6lt\u00f6ny\u00e9t, vagy csak n\u00e9zzen be hozz\u00e1nk, \u00e9s v\u00e1lasszon k\u00e9nyelmes utcai \u00f6lt\u00f6z\u00e9ket a Champion \u00e9s m\u00e1s divatos sportruh\u00e1zat-m\u00e1rk\u00e1k k\u00edn\u00e1lat\u00e1b\u00f3l![\/vc_column_text][\/vc_column][\/vc_row][vc_row][vc_column]<div class=\"vg-element brand-slider brand-slider--light\" data-aos=\"fade-up\"><div class=\"brand-slider__inner\"><div class=\"brand-slider__slider js-brand-slider\"><div class=\"brand-slider__slider__item\"><a href=\"https:\/\/www.vangraaf.com\/hu\/markaink\/adidas-originals\/\" title=\"adidas Originals\"><img loading=\"lazy\" decoding=\"async\" width=\"1\" height=\"1\" src=\"https:\/\/www.vangraaf.com\/hu\/wp-content\/uploads\/sites\/3\/2020\/03\/Adidas_Logo_grau_OK.svg\" class=\"attachment-full size-full\" alt=\"\" \/><\/a><\/div><div class=\"brand-slider__slider__item\"><a href=\"https:\/\/www.vangraaf.com\/hu\/markaink\/tommy-hilfiger\/\" title=\"Tommy Hilfiger\"><img loading=\"lazy\" decoding=\"async\" width=\"1\" height=\"1\" src=\"https:\/\/www.vangraaf.com\/hu\/wp-content\/uploads\/sites\/3\/2020\/03\/Tommy_Hilfiger_4c_grau_OK.svg\" class=\"attachment-full size-full\" alt=\"\" \/><\/a><\/div><div class=\"brand-slider__slider__item\"><a href=\"https:\/\/www.vangraaf.com\/hu\/markaink\/levis\/\" title=\"Levi&#039;s\"><img loading=\"lazy\" decoding=\"async\" width=\"1\" height=\"1\" src=\"https:\/\/www.vangraaf.com\/hu\/wp-content\/uploads\/sites\/3\/2020\/03\/Levis_Logo_grau_OK.svg\" class=\"attachment-full size-full\" alt=\"\" \/><\/a><\/div><div class=\"brand-slider__slider__item\"><a href=\"https:\/\/www.vangraaf.com\/hu\/markaink\/calvin-klein\/\" title=\"Calvin Klein\"><img loading=\"lazy\" decoding=\"async\" width=\"1\" height=\"1\" src=\"https:\/\/www.vangraaf.com\/hu\/wp-content\/uploads\/sites\/3\/2020\/03\/Calvin-Klein-Logo-grau_OK.svg\" class=\"attachment-full size-full\" alt=\"\" \/><\/a><\/div><div class=\"brand-slider__slider__item\"><a href=\"https:\/\/www.vangraaf.com\/hu\/markaink\/champion\/\" title=\"Champion\"><img loading=\"lazy\" decoding=\"async\" width=\"1\" height=\"1\" src=\"https:\/\/www.vangraaf.com\/hu\/wp-content\/uploads\/sites\/3\/2020\/03\/Champion_Logo_grau_OK.svg\" class=\"attachment-full size-full\" alt=\"\" \/><\/a><\/div><div class=\"brand-slider__slider__item\"><a href=\"https:\/\/www.vangraaf.com\/hu\/markaink\/lacoste\/\" title=\"Lacoste\"><img loading=\"lazy\" decoding=\"async\" width=\"1\" height=\"1\" src=\"https:\/\/www.vangraaf.com\/hu\/wp-content\/uploads\/sites\/3\/2020\/03\/Lacoste_Logo_4c_grau_Ausnahme_OK.svg\" class=\"attachment-full size-full\" alt=\"\" \/><\/a><\/div><div class=\"brand-slider__slider__item\"><a href=\"https:\/\/www.vangraaf.com\/hu\/markaink\/superdry\/\" title=\"Superdry\"><img loading=\"lazy\" decoding=\"async\" width=\"1\" height=\"1\" src=\"https:\/\/www.vangraaf.com\/hu\/wp-content\/uploads\/sites\/3\/2020\/03\/Superdry_Logo_grau_OK.svg\" class=\"attachment-full size-full\" alt=\"\" \/><\/a><\/div><div class=\"brand-slider__slider__item\"><a href=\"https:\/\/www.vangraaf.com\/hu\/markaink\/fila\/\" title=\"FILA\"><img loading=\"lazy\" decoding=\"async\" width=\"1\" height=\"1\" src=\"https:\/\/www.vangraaf.com\/hu\/wp-content\/uploads\/sites\/3\/2020\/03\/Fila-Logo-grau_OK.svg\" class=\"attachment-full size-full\" alt=\"\" \/><\/a><\/div><div class=\"brand-slider__slider__item\"><a href=\"https:\/\/www.vangraaf.com\/hu\/markaink\/tom-tailor\/\" title=\"TOM TAILOR\"><img loading=\"lazy\" decoding=\"async\" width=\"1\" height=\"1\" src=\"https:\/\/www.vangraaf.com\/hu\/wp-content\/uploads\/sites\/3\/2020\/03\/Tom_Tailor_Logo_grau_OK.svg\" class=\"attachment-full size-full\" alt=\"\" \/><\/a><\/div><div class=\"brand-slider__slider__item\"><a href=\"https:\/\/www.vangraaf.com\/hu\/markaink\/alpha-industries\/\" title=\"Alpha Industries\"><img loading=\"lazy\" decoding=\"async\" width=\"1\" height=\"1\" src=\"https:\/\/www.vangraaf.com\/hu\/wp-content\/uploads\/sites\/3\/2020\/03\/Alpha_Industries_Logo_grau_OK.svg\" class=\"attachment-full size-full\" alt=\"\" \/><\/a><\/div><div class=\"brand-slider__slider__item\"><a href=\"https:\/\/www.vangraaf.com\/hu\/markaink\/g-star\/\" title=\"G-Star RAW\"><img loading=\"lazy\" decoding=\"async\" width=\"1\" height=\"1\" src=\"https:\/\/www.vangraaf.com\/hu\/wp-content\/uploads\/sites\/3\/2020\/03\/G_Star_Logo_grau_OK.svg\" class=\"attachment-full size-full\" alt=\"\" \/><\/a><\/div><div class=\"brand-slider__slider__item\"><a href=\"https:\/\/www.vangraaf.com\/hu\/markaink\/vila\/\" title=\"VILA\"><img loading=\"lazy\" decoding=\"async\" width=\"1\" height=\"1\" src=\"https:\/\/www.vangraaf.com\/hu\/wp-content\/uploads\/sites\/3\/2020\/03\/Vila_Logo_grau_OK.svg\" class=\"attachment-full size-full\" alt=\"\" \/><\/a><\/div><div class=\"brand-slider__slider__item\"><a href=\"https:\/\/www.vangraaf.com\/hu\/markaink\/boss\/\" title=\"BOSS\"><img loading=\"lazy\" decoding=\"async\" width=\"1\" height=\"1\" src=\"https:\/\/www.vangraaf.com\/hu\/wp-content\/uploads\/sites\/3\/2020\/03\/Boss_Logo_grau_OK.svg\" class=\"attachment-full size-full\" alt=\"\" \/><\/a><\/div><div class=\"brand-slider__slider__item\"><a href=\"https:\/\/www.vangraaf.com\/hu\/markaink\/armani-exchange\/\" title=\"Armani Exchange\"><img loading=\"lazy\" decoding=\"async\" width=\"1\" height=\"1\" src=\"https:\/\/www.vangraaf.com\/hu\/wp-content\/uploads\/sites\/3\/2020\/03\/Armani-Exchange-Logo-grau_OK.svg\" class=\"attachment-full size-full\" alt=\"\" \/><\/a><\/div><div class=\"brand-slider__slider__item\"><a href=\"https:\/\/www.vangraaf.com\/hu\/markaink\/polo-ralph-lauren\/\" title=\"Polo Ralph Lauren\"><img loading=\"lazy\" decoding=\"async\" width=\"1\" height=\"1\" src=\"https:\/\/www.vangraaf.com\/hu\/wp-content\/uploads\/sites\/3\/2020\/03\/Ralph_Lauren_Logo_grau_OK.svg\" class=\"attachment-full size-full\" alt=\"\" \/><\/a><\/div><div class=\"brand-slider__slider__item\"><a href=\"https:\/\/www.vangraaf.com\/hu\/markaink\/marie-lund\/\" title=\"Marie Lund\"><img loading=\"lazy\" decoding=\"async\" width=\"1\" height=\"1\" src=\"https:\/\/www.vangraaf.com\/hu\/wp-content\/uploads\/sites\/3\/2020\/03\/Marie_Lund_Logo_grau_OK.svg\" class=\"attachment-full size-full\" alt=\"\" \/><\/a><\/div><\/div><\/div><\/div>[\/vc_column][\/vc_row]<\/div>","protected":false},"excerpt":{"rendered":"[vc_row full_width=&#8221;stretch_row_content_no_spaces&#8221;][vc_column][vc_column_text] A hagyom\u00e1nyokat \u00e9s az autentikus megjelen\u00e9st sportos diz\u00e1jnnal \u00f6tv\u00f6z\u0151 amerikai Champion m\u00e1rka t\u00f6bb mint 100 \u00e9ve a sportos szabadid\u0151st\u00edlus szinonim\u00e1ja. A Champion v\u00e1llalatot 1919-ben a Feinbloom testv\u00e9rek alap\u00edtott\u00e1k Rochesterben, New York sz\u00f6vets\u00e9gi \u00e1llamban. Az 1920-as \u00e9s 1930-as \u00e9vekben a fiatal m\u00e1rka t\u00f6bb egyetemen \u00e9s f\u0151iskol\u00e1n a sportcsapatokat l\u00e1tta el ruh\u00e1zattal. Az 1930-as \u00e9vek [&hellip;]","protected":false},"author":3,"featured_media":0,"parent":3937,"menu_order":0,"comment_status":"closed","ping_status":"closed","template":"","meta":{"_acf_changed":false,"inline_featured_image":false,"footnotes":""},"class_list":["post-4750","page","type-page","status-publish","hentry"],"acf":[],"yoast_head":"<!-- This site is optimized with the Yoast SEO plugin v27.2 - https:\/\/yoast.com\/product\/yoast-seo-wordpress\/ -->\n<title>Champion f\u00e9rfi divat a VAN GRAAF budapesti \u00fczleteiben<\/title>\n<meta name=\"description\" content=\"A Champion f\u00e9rfi divat\u00e1ruk a sportos lezsers\u00e9get \u00f6tv\u00f6zik a kiv\u00e1l\u00f3 min\u0151s\u00e9ggel. V\u00e1logasson a VAN GRAAF budapesti \u00fczleteiben a min\u0151s\u00e9gi term\u00e9kek k\u00f6z\u00fcl!\" \/>\n<meta name=\"robots\" content=\"index, follow, max-snippet:-1, max-image-preview:large, max-video-preview:-1\" \/>\n<link rel=\"canonical\" href=\"https:\/\/www.vangraaf.com\/hu\/markaink\/champion\/\" \/>\n<meta property=\"og:locale\" content=\"hu_HU\" \/>\n<meta property=\"og:type\" content=\"article\" \/>\n<meta property=\"og:title\" content=\"Champion f\u00e9rfi divat a VAN GRAAF budapesti \u00fczleteiben\" \/>\n<meta property=\"og:description\" content=\"A Champion f\u00e9rfi divat\u00e1ruk a sportos lezsers\u00e9get \u00f6tv\u00f6zik a kiv\u00e1l\u00f3 min\u0151s\u00e9ggel. V\u00e1logasson a VAN GRAAF budapesti \u00fczleteiben a min\u0151s\u00e9gi term\u00e9kek k\u00f6z\u00fcl!\" \/>\n<meta property=\"og:url\" content=\"https:\/\/www.vangraaf.com\/hu\/markaink\/champion\/\" \/>\n<meta property=\"og:site_name\" content=\"VAN GRAAF Magyarorsz\u00e1g\" \/>\n<meta property=\"article:modified_time\" content=\"2020-09-15T12:06:25+00:00\" \/>\n<meta name=\"twitter:card\" content=\"summary_large_image\" \/>\n<meta name=\"twitter:label1\" content=\"Becs\u00fclt olvas\u00e1si id\u0151\" \/>\n\t<meta name=\"twitter:data1\" content=\"4 perc\" \/>\n<script type=\"application\/ld+json\" class=\"yoast-schema-graph\">{\"@context\":\"https:\/\/schema.org\",\"@graph\":[{\"@type\":\"WebPage\",\"@id\":\"https:\/\/www.vangraaf.com\/hu\/markaink\/champion\/\",\"url\":\"https:\/\/www.vangraaf.com\/hu\/markaink\/champion\/\",\"name\":\"Champion f\u00e9rfi divat a VAN GRAAF budapesti \u00fczleteiben\",\"isPartOf\":{\"@id\":\"https:\/\/www.vangraaf.com\/hu\/#website\"},\"datePublished\":\"2020-03-12T12:45:21+00:00\",\"dateModified\":\"2020-09-15T12:06:25+00:00\",\"description\":\"A Champion f\u00e9rfi divat\u00e1ruk a sportos lezsers\u00e9get \u00f6tv\u00f6zik a kiv\u00e1l\u00f3 min\u0151s\u00e9ggel. V\u00e1logasson a VAN GRAAF budapesti \u00fczleteiben a min\u0151s\u00e9gi term\u00e9kek k\u00f6z\u00fcl!\",\"breadcrumb\":{\"@id\":\"https:\/\/www.vangraaf.com\/hu\/markaink\/champion\/#breadcrumb\"},\"inLanguage\":\"hu\",\"potentialAction\":[{\"@type\":\"ReadAction\",\"target\":[\"https:\/\/www.vangraaf.com\/hu\/markaink\/champion\/\"]}]},{\"@type\":\"BreadcrumbList\",\"@id\":\"https:\/\/www.vangraaf.com\/hu\/markaink\/champion\/#breadcrumb\",\"itemListElement\":[{\"@type\":\"ListItem\",\"position\":1,\"name\":\"Home\",\"item\":\"https:\/\/www.vangraaf.com\/hu\/\"},{\"@type\":\"ListItem\",\"position\":2,\"name\":\"Marken\",\"item\":\"https:\/\/www.vangraaf.com\/hu\/markaink\/\"},{\"@type\":\"ListItem\",\"position\":3,\"name\":\"Champion\"}]},{\"@type\":\"WebSite\",\"@id\":\"https:\/\/www.vangraaf.com\/hu\/#website\",\"url\":\"https:\/\/www.vangraaf.com\/hu\/\",\"name\":\"VAN GRAAF\",\"description\":\"VAN GRAAF\",\"potentialAction\":[{\"@type\":\"SearchAction\",\"target\":{\"@type\":\"EntryPoint\",\"urlTemplate\":\"https:\/\/www.vangraaf.com\/hu\/?s={search_term_string}\"},\"query-input\":{\"@type\":\"PropertyValueSpecification\",\"valueRequired\":true,\"valueName\":\"search_term_string\"}}],\"inLanguage\":\"hu\"}]}<\/script>\n<!-- \/ Yoast SEO plugin. -->","yoast_head_json":{"title":"Champion f\u00e9rfi divat a VAN GRAAF budapesti \u00fczleteiben","description":"A Champion f\u00e9rfi divat\u00e1ruk a sportos lezsers\u00e9get \u00f6tv\u00f6zik a kiv\u00e1l\u00f3 min\u0151s\u00e9ggel. V\u00e1logasson a VAN GRAAF budapesti \u00fczleteiben a min\u0151s\u00e9gi term\u00e9kek k\u00f6z\u00fcl!","robots":{"index":"index","follow":"follow","max-snippet":"max-snippet:-1","max-image-preview":"max-image-preview:large","max-video-preview":"max-video-preview:-1"},"canonical":"https:\/\/www.vangraaf.com\/hu\/markaink\/champion\/","og_locale":"hu_HU","og_type":"article","og_title":"Champion f\u00e9rfi divat a VAN GRAAF budapesti \u00fczleteiben","og_description":"A Champion f\u00e9rfi divat\u00e1ruk a sportos lezsers\u00e9get \u00f6tv\u00f6zik a kiv\u00e1l\u00f3 min\u0151s\u00e9ggel. V\u00e1logasson a VAN GRAAF budapesti \u00fczleteiben a min\u0151s\u00e9gi term\u00e9kek k\u00f6z\u00fcl!","og_url":"https:\/\/www.vangraaf.com\/hu\/markaink\/champion\/","og_site_name":"VAN GRAAF Magyarorsz\u00e1g","article_modified_time":"2020-09-15T12:06:25+00:00","twitter_card":"summary_large_image","twitter_misc":{"Becs\u00fclt olvas\u00e1si id\u0151":"4 perc"},"schema":{"@context":"https:\/\/schema.org","@graph":[{"@type":"WebPage","@id":"https:\/\/www.vangraaf.com\/hu\/markaink\/champion\/","url":"https:\/\/www.vangraaf.com\/hu\/markaink\/champion\/","name":"Champion f\u00e9rfi divat a VAN GRAAF budapesti \u00fczleteiben","isPartOf":{"@id":"https:\/\/www.vangraaf.com\/hu\/#website"},"datePublished":"2020-03-12T12:45:21+00:00","dateModified":"2020-09-15T12:06:25+00:00","description":"A Champion f\u00e9rfi divat\u00e1ruk a sportos lezsers\u00e9get \u00f6tv\u00f6zik a kiv\u00e1l\u00f3 min\u0151s\u00e9ggel. V\u00e1logasson a VAN GRAAF budapesti \u00fczleteiben a min\u0151s\u00e9gi term\u00e9kek k\u00f6z\u00fcl!","breadcrumb":{"@id":"https:\/\/www.vangraaf.com\/hu\/markaink\/champion\/#breadcrumb"},"inLanguage":"hu","potentialAction":[{"@type":"ReadAction","target":["https:\/\/www.vangraaf.com\/hu\/markaink\/champion\/"]}]},{"@type":"BreadcrumbList","@id":"https:\/\/www.vangraaf.com\/hu\/markaink\/champion\/#breadcrumb","itemListElement":[{"@type":"ListItem","position":1,"name":"Home","item":"https:\/\/www.vangraaf.com\/hu\/"},{"@type":"ListItem","position":2,"name":"Marken","item":"https:\/\/www.vangraaf.com\/hu\/markaink\/"},{"@type":"ListItem","position":3,"name":"Champion"}]},{"@type":"WebSite","@id":"https:\/\/www.vangraaf.com\/hu\/#website","url":"https:\/\/www.vangraaf.com\/hu\/","name":"VAN GRAAF","description":"VAN GRAAF","potentialAction":[{"@type":"SearchAction","target":{"@type":"EntryPoint","urlTemplate":"https:\/\/www.vangraaf.com\/hu\/?s={search_term_string}"},"query-input":{"@type":"PropertyValueSpecification","valueRequired":true,"valueName":"search_term_string"}}],"inLanguage":"hu"}]}},"_links":{"self":[{"href":"https:\/\/www.vangraaf.com\/hu\/wp-json\/wp\/v2\/pages\/4750","targetHints":{"allow":["GET"]}}],"collection":[{"href":"https:\/\/www.vangraaf.com\/hu\/wp-json\/wp\/v2\/pages"}],"about":[{"href":"https:\/\/www.vangraaf.com\/hu\/wp-json\/wp\/v2\/types\/page"}],"author":[{"embeddable":true,"href":"https:\/\/www.vangraaf.com\/hu\/wp-json\/wp\/v2\/users\/3"}],"replies":[{"embeddable":true,"href":"https:\/\/www.vangraaf.com\/hu\/wp-json\/wp\/v2\/comments?post=4750"}],"version-history":[{"count":8,"href":"https:\/\/www.vangraaf.com\/hu\/wp-json\/wp\/v2\/pages\/4750\/revisions"}],"predecessor-version":[{"id":5339,"href":"https:\/\/www.vangraaf.com\/hu\/wp-json\/wp\/v2\/pages\/4750\/revisions\/5339"}],"up":[{"embeddable":true,"href":"https:\/\/www.vangraaf.com\/hu\/wp-json\/wp\/v2\/pages\/3937"}],"wp:attachment":[{"href":"https:\/\/www.vangraaf.com\/hu\/wp-json\/wp\/v2\/media?parent=4750"}],"curies":[{"name":"wp","href":"https:\/\/api.w.org\/{rel}","templated":true}]}}