{"id":4749,"date":"2020-03-12T13:43:41","date_gmt":"2020-03-12T12:43:41","guid":{"rendered":"http:\/\/van-graaf.test\/ch\/?page_id=3624"},"modified":"2021-09-09T12:03:23","modified_gmt":"2021-09-09T10:03:23","slug":"calvin-klein","status":"publish","type":"page","link":"https:\/\/www.vangraaf.com\/hu\/markaink\/calvin-klein\/","title":{"rendered":"Calvin Klein"},"content":{"rendered":"<div class=\"wpb-content-wrapper\">[vc_row full_width=&#8221;stretch_row_content_no_spaces&#8221;][vc_column]<div class=\"keyvisual\" data-aos=\"fade-up\" ><img loading=\"lazy\" decoding=\"async\" width=\"1440\" height=\"480\" src=\"https:\/\/www.vangraaf.com\/hu\/wp-content\/uploads\/sites\/3\/2020\/02\/Logo_CalvinKlein.jpg\" class=\"vc_single_image-img\" alt=\"\" srcset=\"https:\/\/www.vangraaf.com\/hu\/wp-content\/uploads\/sites\/3\/2020\/02\/Logo_CalvinKlein.jpg 1440w, https:\/\/www.vangraaf.com\/hu\/wp-content\/uploads\/sites\/3\/2020\/02\/Logo_CalvinKlein-300x100.jpg 300w, https:\/\/www.vangraaf.com\/hu\/wp-content\/uploads\/sites\/3\/2020\/02\/Logo_CalvinKlein-1024x341.jpg 1024w, https:\/\/www.vangraaf.com\/hu\/wp-content\/uploads\/sites\/3\/2020\/02\/Logo_CalvinKlein-768x256.jpg 768w, https:\/\/www.vangraaf.com\/hu\/wp-content\/uploads\/sites\/3\/2020\/02\/Logo_CalvinKlein-1200x400.jpg 1200w, https:\/\/www.vangraaf.com\/hu\/wp-content\/uploads\/sites\/3\/2020\/02\/Logo_CalvinKlein-992x331.jpg 992w, https:\/\/www.vangraaf.com\/hu\/wp-content\/uploads\/sites\/3\/2020\/02\/Logo_CalvinKlein-480x160.jpg 480w\" sizes=\"(max-width: 1440px) 100vw, 1440px\" \/><\/div>\n        <div class=\"headlines headlines--center\" data-aos=\"fade-up\">\n            <div class=\"vc_row\">\n                <div class=\"vc_col-md-10 vc_col-md-offset-1 vc_col-lg-10 vc_col-lg-offset-1\"><span class=\"h6\">Calvin Klein<\/span><h1 class=\"h2\">Min\u0151s\u00e9gi Calvin Klein divat\u00e1ruk a budapesti VAN GRAAF-ban<\/h1><\/div>\n            <\/div>\n        <\/div>[vc_column_text]\r\n<p style=\"text-align: center\">Minimalista, id\u0151tlen elegancia: A \u201eCalvin Klein\u201c n\u00e9v olyan klasszikus, sportos megjelen\u00e9st k\u00e9pvisel, amely t\u00falmutat a r\u00f6vid \u00e9let\u0171 divathull\u00e1mokon \u00e9s a konvencion\u00e1lis nemi sztereot\u00edpi\u00e1kon. A Calvin Klein az 1990-es \u00e9vekben olyan m\u00e1rkak\u00e9nt vonult be a k\u00f6ztudatba, amely<strong> ikonikus uniszex darabjaival<\/strong> h\u00f3d\u00edtotta meg a divatrajong\u00f3k sz\u00edv\u00e9t. A Calvin Klein farmereket \u00e9s feh\u00e9rnem\u0171ket n\u00e9pszer\u0171s\u00edt\u0151, \u00edzl\u00e9sesen minimalista, fekete-feh\u00e9r f\u00e9nyk\u00e9peket felvonultat\u00f3 rekl\u00e1mkamp\u00e1nyai, amelyekben olyan divatikonok vettek r\u00e9szt, mint Christy Turlington, Kate Moss vagy Mark Wahlberg, ma m\u00e1r vil\u00e1gszerte kultikus st\u00e1tusznak \u00f6rvendenek. Az olyan ruhadarabokkal, amelyek mer\u00e9szen szak\u00edtottak a hagyom\u00e1nyos n\u0151i \u00e9s f\u00e9rfi sztereot\u00edpi\u00e1kkal \u00e9s megk\u00e9rd\u0151jelezt\u00e9k a klasszikus nemi szerepeket, a Calvin Klein messze megel\u0151zte a kor\u00e1t. A szint\u00e9n uniszex CK One parf\u00fcm is j\u00f3l p\u00e9ld\u00e1zza, hogyan lehet sikeres term\u00e9keket bevezetni a nemi kateg\u00f3ri\u00e1k mer\u00e9sz megker\u00fcl\u00e9s\u00e9vel.<\/p>\r\n<p style=\"text-align: center\">A c\u00e9g alap\u00edt\u00f3ja \u00e9s n\u00e9vad\u00f3ja, Calvin Klein 1968-ban ind\u00edtotta \u00fatj\u00e1ra a m\u00e1rk\u00e1t, melynek f\u0151 ismertet\u0151jegye mindm\u00e1ig a <strong>minimalizmus, az elegancia \u00e9s a modern megjelen\u00e9s egyedi \u00f6tv\u00f6zete<\/strong>. Fedezze fel a Calvin Klein, a Calvin Klein Jeans \u00e9s a Calvin Klein Underwear n\u0151i \u00e9s f\u00e9rfi divat\u00e1ruit budapesti \u00fczleteinkben! N\u00e1lunk az amerikai kultuszm\u00e1rka j\u00f3l kombin\u00e1lhat\u00f3 alapdarabjai mellett azokat az exkluz\u00edv term\u00e9keket is megtal\u00e1lja, amelyek j\u00f3 es\u00e9llyel hossz\u00fa t\u00e1v\u00fa kedvenceiv\u00e9 v\u00e1lnak majd.<\/p>\r\n[\/vc_column_text][\/vc_column][\/vc_row][vc_row bwd_tbc4vd_show_weekday=&#8221;&#8221; full_width=&#8221;stretch_row_content_no_spaces&#8221; disable_element=&#8221;yes&#8221;][vc_column]\n            <div class=\"vg-element topic-slider topic-slider--left topic-slider--dark\" style=\"--season-color-1: #ededed; --season-color-2: #002045\" data-aos=\"fade-up\">\n                <div class=\"topic-slider__inner\">\n                    <div class=\"content_wrap\">\n                        <div class=\"vc_row\">\n                            <div class=\"vc_col-md-12 vc_col-lg-10 vc_col-lg-offset-1\">\n                                <div class=\"vc_row\">\n                                    <div class=\"vc_col-sm-6\"><div class=\"topic-slider__image-wrap\"><div class=\"topic-slider__slider-wrap\"><div class=\"js-topic-slider\"><div class=\"topic-slider__slider__item\"><\/div><div class=\"topic-slider__slider__item\"><\/div><\/div><\/div><\/div><\/div><div class=\"vc_col-sm-6 vc_col-md-5 vc_col-md-offset-1\"><div class=\"topic-slider__content\"><span class=\"h4\">A Calvin Klein letisztult, klasszikus megjelen\u00e9st hoz a n\u0151i \u00e9s f\u00e9rfi divatba<\/span><p>Szinte egyetlen m\u00e1s m\u00e1rka sem volt olyan nagy hat\u00e1ssal a divatvil\u00e1gra, mint a Calvin Klein az 1980-as \u00e9s 1990-es \u00e9vekben. A gy\u00e1rt\u00f3 n\u0151i \u00e9s f\u00e9rfi divat\u00e1rui az\u00f3ta is a letisztult megjelen\u00e9s \u00e9s a kiv\u00e1l\u00f3 min\u0151s\u00e9g szinonim\u00e1i. <strong>A v\u00e1logatott anyagok \u00e9s a t\u00f6k\u00e9letes szab\u00e1s<\/strong> ugyanolyan elmaradhatatlan jellemz\u0151i a m\u00e1rk\u00e1nak, mint a j\u00f3 kombin\u00e1lhat\u00f3s\u00e1g \u00e9s az id\u0151tlen elegancia.<\/p>\n<\/div><\/div>\n                                <\/div>\n                            <\/div>\n                        <\/div>\n                    <\/div>\n                <\/div>\n            <\/div>[\/vc_column][\/vc_row][vc_row][vc_column]\n        <div class=\"headlines headlines--center\" data-aos=\"fade-up\">\n            <div class=\"vc_row\">\n                <div class=\"vc_col-md-10 vc_col-md-offset-1 vc_col-lg-10 vc_col-lg-offset-1\"><h2 class=\"h2\">A Calvin Klein letisztult, klasszikus megjelen\u00e9st hoz a n\u0151i \u00e9s f\u00e9rfi divatba<\/h2><\/div>\n            <\/div>\n        <\/div>[vc_column_text]Szinte egyetlen m\u00e1s m\u00e1rka sem volt olyan nagy hat\u00e1ssal a divatvil\u00e1gra, mint a Calvin Klein az 1980-as \u00e9s 1990-es \u00e9vekben. A gy\u00e1rt\u00f3 n\u0151i \u00e9s f\u00e9rfi divat\u00e1rui az\u00f3ta is a letisztult megjelen\u00e9s \u00e9s a kiv\u00e1l\u00f3 min\u0151s\u00e9g szinonim\u00e1i. <strong>A v\u00e1logatott anyagok \u00e9s a t\u00f6k\u00e9letes szab\u00e1s<\/strong> ugyanolyan elmaradhatatlan jellemz\u0151i a m\u00e1rk\u00e1nak, mint a j\u00f3 kombin\u00e1lhat\u00f3s\u00e1g \u00e9s az id\u0151tlen elegancia. A VAN GRAAF budapesti \u00fczleteinek k\u00fcl\u00f6nf\u00e9le r\u00e9szlegein <strong>nagy v\u00e1laszt\u00e9kban k\u00edn\u00e1lunk Calvin Klein ruh\u00e1zati cikkeket, mind a n\u0151k, mind a f\u00e9rfiak sz\u00e1m\u00e1ra:<\/strong> a farmerekt\u0151l kezdve az olyan h\u00e9tk\u00f6znapi alapdarabokon kereszt\u00fcl, mint p\u00e9ld\u00e1ul az ingek, bl\u00fazok, pul\u00f3verek \u00e9s p\u00f3l\u00f3k, eg\u00e9szen az als\u00f3nem\u0171kig, harisny\u00e1kig \u00e9s kieg\u00e9sz\u00edt\u0151kig. Calvin Klein m\u00e1rk\u00e1j\u00fa term\u00e9keink k\u00f6z\u00f6tt megtal\u00e1lja a legszebb \u00e9s leg\u00fajabb darabokat.[\/vc_column_text][\/vc_column][\/vc_row][vc_row][vc_column]\n        <div class=\"headlines headlines--center\" data-aos=\"fade-up\">\n            <div class=\"vc_row\">\n                <div class=\"vc_col-md-10 vc_col-md-offset-1 vc_col-lg-10 vc_col-lg-offset-1\"><h2 class=\"h2\">V\u00e1s\u00e1roljon exkluz\u00edv Calvin Klein ruh\u00e1zati cikkeket a budapesti VAN GRAAF-\u00fczletekben<\/h2><\/div>\n            <\/div>\n        <\/div>[vc_column_text]\r\n<p class=\"Standard1\" style=\"margin-bottom: 8.0pt\"><span lang=\"EN-US\">Nem biztos benne, hogy melyik Calvin Klein farmer \u00e1ll a legjobban \u00d6nnek, vagy seg\u00edts\u00e9gre van sz\u00fcks\u00e9ge egy n\u00edv\u00f3s \u00fczleti \u00f6lt\u00f6z\u00e9k \u00f6ssze\u00e1ll\u00edt\u00e1s\u00e1hoz? <a href=\"https:\/\/www.vangraaf.com\/hu\/divathazaink\/\">Budapesti divath\u00e1zainkban<\/a> \u00f6r\u00f6mmel \u00e1llunk rendelkez\u00e9s\u00e9re a szab\u00e1ssal, a st\u00edlussal \u00e9s a kombin\u00e1ci\u00f3s lehet\u0151s\u00e9gekkel kapcsolatos k\u00e9rd\u00e9sekben. Szem\u00e9lyes v\u00e1s\u00e1rl\u00e1si szolg\u00e1ltat\u00e1sunk keret\u00e9ben munkat\u00e1rsaink exkluz\u00edv szak\u00e9rt\u0151i seg\u00edts\u00e9get ny\u00fajtanak a v\u00e1laszt\u00e1shoz.<\/span><\/p>\r\n<p class=\"Standard1\" style=\"margin-bottom: 8.0pt\"><span lang=\"EN-US\">Foglaljon szem\u00e9lyes v\u00e1s\u00e1rl\u00e1si id\u0151pontot, vagy v\u00e1logasson kedv\u00e9re a sz\u00e1mtalan \u00e1rucikk k\u00f6z\u00fcl <a href=\"https:\/\/www.vangraaf.com\/hu\/tanacsadas-stilus\/divatreszlegeink\/\">14 r\u00e9szleg\u00fcnk\u00f6n<\/a>. A Calvin Klein n\u0151i \u00e9s f\u00e9rfi divat\u00e1rui mellett sz\u00e1mos tov\u00e1bbi vil\u00e1gh\u00edr\u0171 m\u00e1rka term\u00e9keit is megtal\u00e1lja n\u00e1lunk. Sok szeretettel v\u00e1rjuk divath\u00e1zainkban \u2013 l\u00e1togasson el hozz\u00e1nk!<\/span><\/p>\r\n[\/vc_column_text][\/vc_column][\/vc_row][vc_row][vc_column]<div class=\"vg-element brand-slider brand-slider--light\" data-aos=\"fade-up\"><div class=\"brand-slider__inner\"><div class=\"brand-slider__slider js-brand-slider\"><div class=\"brand-slider__slider__item\"><a href=\"https:\/\/www.vangraaf.com\/hu\/markaink\/adidas-originals\/\" title=\"adidas Originals\"><img loading=\"lazy\" decoding=\"async\" width=\"1\" height=\"1\" src=\"https:\/\/www.vangraaf.com\/hu\/wp-content\/uploads\/sites\/3\/2020\/03\/Adidas_Logo_grau_OK.svg\" class=\"attachment-full size-full\" alt=\"\" \/><\/a><\/div><div class=\"brand-slider__slider__item\"><a href=\"https:\/\/www.vangraaf.com\/hu\/markaink\/tommy-hilfiger\/\" title=\"Tommy Hilfiger\"><img loading=\"lazy\" decoding=\"async\" width=\"1\" height=\"1\" src=\"https:\/\/www.vangraaf.com\/hu\/wp-content\/uploads\/sites\/3\/2020\/03\/Tommy_Hilfiger_4c_grau_OK.svg\" class=\"attachment-full size-full\" alt=\"\" \/><\/a><\/div><div class=\"brand-slider__slider__item\"><a href=\"https:\/\/www.vangraaf.com\/hu\/markaink\/levis\/\" title=\"Levi&#039;s\"><img loading=\"lazy\" decoding=\"async\" width=\"1\" height=\"1\" src=\"https:\/\/www.vangraaf.com\/hu\/wp-content\/uploads\/sites\/3\/2020\/03\/Levis_Logo_grau_OK.svg\" class=\"attachment-full size-full\" alt=\"\" \/><\/a><\/div><div class=\"brand-slider__slider__item\"><a href=\"https:\/\/www.vangraaf.com\/hu\/markaink\/calvin-klein\/\" title=\"Calvin Klein\"><img loading=\"lazy\" decoding=\"async\" width=\"1\" height=\"1\" src=\"https:\/\/www.vangraaf.com\/hu\/wp-content\/uploads\/sites\/3\/2020\/03\/Calvin-Klein-Logo-grau_OK.svg\" class=\"attachment-full size-full\" alt=\"\" \/><\/a><\/div><div class=\"brand-slider__slider__item\"><a href=\"https:\/\/www.vangraaf.com\/hu\/markaink\/champion\/\" title=\"Champion\"><img loading=\"lazy\" decoding=\"async\" width=\"1\" height=\"1\" src=\"https:\/\/www.vangraaf.com\/hu\/wp-content\/uploads\/sites\/3\/2020\/03\/Champion_Logo_grau_OK.svg\" class=\"attachment-full size-full\" alt=\"\" \/><\/a><\/div><div class=\"brand-slider__slider__item\"><a href=\"https:\/\/www.vangraaf.com\/hu\/markaink\/lacoste\/\" title=\"Lacoste\"><img loading=\"lazy\" decoding=\"async\" width=\"1\" height=\"1\" src=\"https:\/\/www.vangraaf.com\/hu\/wp-content\/uploads\/sites\/3\/2020\/03\/Lacoste_Logo_4c_grau_Ausnahme_OK.svg\" class=\"attachment-full size-full\" alt=\"\" \/><\/a><\/div><div class=\"brand-slider__slider__item\"><a href=\"https:\/\/www.vangraaf.com\/hu\/markaink\/superdry\/\" title=\"Superdry\"><img loading=\"lazy\" decoding=\"async\" width=\"1\" height=\"1\" src=\"https:\/\/www.vangraaf.com\/hu\/wp-content\/uploads\/sites\/3\/2020\/03\/Superdry_Logo_grau_OK.svg\" class=\"attachment-full size-full\" alt=\"\" \/><\/a><\/div><div class=\"brand-slider__slider__item\"><a href=\"https:\/\/www.vangraaf.com\/hu\/markaink\/fila\/\" title=\"FILA\"><img loading=\"lazy\" decoding=\"async\" width=\"1\" height=\"1\" src=\"https:\/\/www.vangraaf.com\/hu\/wp-content\/uploads\/sites\/3\/2020\/03\/Fila-Logo-grau_OK.svg\" class=\"attachment-full size-full\" alt=\"\" \/><\/a><\/div><div class=\"brand-slider__slider__item\"><a href=\"https:\/\/www.vangraaf.com\/hu\/markaink\/tom-tailor\/\" title=\"TOM TAILOR\"><img loading=\"lazy\" decoding=\"async\" width=\"1\" height=\"1\" src=\"https:\/\/www.vangraaf.com\/hu\/wp-content\/uploads\/sites\/3\/2020\/03\/Tom_Tailor_Logo_grau_OK.svg\" class=\"attachment-full size-full\" alt=\"\" \/><\/a><\/div><div class=\"brand-slider__slider__item\"><a href=\"https:\/\/www.vangraaf.com\/hu\/markaink\/alpha-industries\/\" title=\"Alpha Industries\"><img loading=\"lazy\" decoding=\"async\" width=\"1\" height=\"1\" src=\"https:\/\/www.vangraaf.com\/hu\/wp-content\/uploads\/sites\/3\/2020\/03\/Alpha_Industries_Logo_grau_OK.svg\" class=\"attachment-full size-full\" alt=\"\" \/><\/a><\/div><div class=\"brand-slider__slider__item\"><a href=\"https:\/\/www.vangraaf.com\/hu\/markaink\/g-star\/\" title=\"G-Star RAW\"><img loading=\"lazy\" decoding=\"async\" width=\"1\" height=\"1\" src=\"https:\/\/www.vangraaf.com\/hu\/wp-content\/uploads\/sites\/3\/2020\/03\/G_Star_Logo_grau_OK.svg\" class=\"attachment-full size-full\" alt=\"\" \/><\/a><\/div><div class=\"brand-slider__slider__item\"><a href=\"https:\/\/www.vangraaf.com\/hu\/markaink\/vila\/\" title=\"VILA\"><img loading=\"lazy\" decoding=\"async\" width=\"1\" height=\"1\" src=\"https:\/\/www.vangraaf.com\/hu\/wp-content\/uploads\/sites\/3\/2020\/03\/Vila_Logo_grau_OK.svg\" class=\"attachment-full size-full\" alt=\"\" \/><\/a><\/div><div class=\"brand-slider__slider__item\"><a href=\"https:\/\/www.vangraaf.com\/hu\/markaink\/boss\/\" title=\"BOSS\"><img loading=\"lazy\" decoding=\"async\" width=\"1\" height=\"1\" src=\"https:\/\/www.vangraaf.com\/hu\/wp-content\/uploads\/sites\/3\/2020\/03\/Boss_Logo_grau_OK.svg\" class=\"attachment-full size-full\" alt=\"\" \/><\/a><\/div><div class=\"brand-slider__slider__item\"><a href=\"https:\/\/www.vangraaf.com\/hu\/markaink\/armani-exchange\/\" title=\"Armani Exchange\"><img loading=\"lazy\" decoding=\"async\" width=\"1\" height=\"1\" src=\"https:\/\/www.vangraaf.com\/hu\/wp-content\/uploads\/sites\/3\/2020\/03\/Armani-Exchange-Logo-grau_OK.svg\" class=\"attachment-full size-full\" alt=\"\" \/><\/a><\/div><div class=\"brand-slider__slider__item\"><a href=\"https:\/\/www.vangraaf.com\/hu\/markaink\/polo-ralph-lauren\/\" title=\"Polo Ralph Lauren\"><img loading=\"lazy\" decoding=\"async\" width=\"1\" height=\"1\" src=\"https:\/\/www.vangraaf.com\/hu\/wp-content\/uploads\/sites\/3\/2020\/03\/Ralph_Lauren_Logo_grau_OK.svg\" class=\"attachment-full size-full\" alt=\"\" \/><\/a><\/div><div class=\"brand-slider__slider__item\"><a href=\"https:\/\/www.vangraaf.com\/hu\/markaink\/marie-lund\/\" title=\"Marie Lund\"><img loading=\"lazy\" decoding=\"async\" width=\"1\" height=\"1\" src=\"https:\/\/www.vangraaf.com\/hu\/wp-content\/uploads\/sites\/3\/2020\/03\/Marie_Lund_Logo_grau_OK.svg\" class=\"attachment-full size-full\" alt=\"\" \/><\/a><\/div><\/div><\/div><\/div>[\/vc_column][\/vc_row]<\/div>","protected":false},"excerpt":{"rendered":"[vc_row full_width=&#8221;stretch_row_content_no_spaces&#8221;][vc_column][vc_column_text] Minimalista, id\u0151tlen elegancia: A \u201eCalvin Klein\u201c n\u00e9v olyan klasszikus, sportos megjelen\u00e9st k\u00e9pvisel, amely t\u00falmutat a r\u00f6vid \u00e9let\u0171 divathull\u00e1mokon \u00e9s a konvencion\u00e1lis nemi sztereot\u00edpi\u00e1kon. A Calvin Klein az 1990-es \u00e9vekben olyan m\u00e1rkak\u00e9nt vonult be a k\u00f6ztudatba, amely ikonikus uniszex darabjaival h\u00f3d\u00edtotta meg a divatrajong\u00f3k sz\u00edv\u00e9t. A Calvin Klein farmereket \u00e9s feh\u00e9rnem\u0171ket n\u00e9pszer\u0171s\u00edt\u0151, \u00edzl\u00e9sesen minimalista, [&hellip;]","protected":false},"author":3,"featured_media":0,"parent":3937,"menu_order":0,"comment_status":"closed","ping_status":"closed","template":"","meta":{"_acf_changed":false,"inline_featured_image":false,"footnotes":""},"class_list":["post-4749","page","type-page","status-publish","hentry"],"acf":[],"yoast_head":"<!-- This site is optimized with the Yoast SEO plugin v27.2 - https:\/\/yoast.com\/product\/yoast-seo-wordpress\/ -->\n<title>Calvin-Klein n\u0151i \u00e9s f\u00e9rfi divat\u00e1ruk Budapesten<\/title>\n<meta name=\"description\" content=\"Letisztult, id\u0151tlen elegancia: Calvin Klein. Fedezze fel a minimalista megjelen\u00e9s\u00fckr\u0151l k\u00f6zismert n\u0151i \u00e9s f\u00e9rfi divat\u00e1rukat a VAN GRAAF budapesti \u00fczleteiben!\" \/>\n<meta name=\"robots\" content=\"index, follow, max-snippet:-1, max-image-preview:large, max-video-preview:-1\" \/>\n<link rel=\"canonical\" href=\"https:\/\/www.vangraaf.com\/hu\/markaink\/calvin-klein\/\" \/>\n<meta property=\"og:locale\" content=\"hu_HU\" \/>\n<meta property=\"og:type\" content=\"article\" \/>\n<meta property=\"og:title\" content=\"Calvin-Klein n\u0151i \u00e9s f\u00e9rfi divat\u00e1ruk Budapesten\" \/>\n<meta property=\"og:description\" content=\"Letisztult, id\u0151tlen elegancia: Calvin Klein. Fedezze fel a minimalista megjelen\u00e9s\u00fckr\u0151l k\u00f6zismert n\u0151i \u00e9s f\u00e9rfi divat\u00e1rukat a VAN GRAAF budapesti \u00fczleteiben!\" \/>\n<meta property=\"og:url\" content=\"https:\/\/www.vangraaf.com\/hu\/markaink\/calvin-klein\/\" \/>\n<meta property=\"og:site_name\" content=\"VAN GRAAF Magyarorsz\u00e1g\" \/>\n<meta property=\"article:modified_time\" content=\"2021-09-09T10:03:23+00:00\" \/>\n<meta name=\"twitter:card\" content=\"summary_large_image\" \/>\n<meta name=\"twitter:label1\" content=\"Becs\u00fclt olvas\u00e1si id\u0151\" \/>\n\t<meta name=\"twitter:data1\" content=\"3 perc\" \/>\n<script type=\"application\/ld+json\" class=\"yoast-schema-graph\">{\"@context\":\"https:\/\/schema.org\",\"@graph\":[{\"@type\":\"WebPage\",\"@id\":\"https:\/\/www.vangraaf.com\/hu\/markaink\/calvin-klein\/\",\"url\":\"https:\/\/www.vangraaf.com\/hu\/markaink\/calvin-klein\/\",\"name\":\"Calvin-Klein n\u0151i \u00e9s f\u00e9rfi divat\u00e1ruk Budapesten\",\"isPartOf\":{\"@id\":\"https:\/\/www.vangraaf.com\/hu\/#website\"},\"datePublished\":\"2020-03-12T12:43:41+00:00\",\"dateModified\":\"2021-09-09T10:03:23+00:00\",\"description\":\"Letisztult, id\u0151tlen elegancia: Calvin Klein. Fedezze fel a minimalista megjelen\u00e9s\u00fckr\u0151l k\u00f6zismert n\u0151i \u00e9s f\u00e9rfi divat\u00e1rukat a VAN GRAAF budapesti \u00fczleteiben!\",\"breadcrumb\":{\"@id\":\"https:\/\/www.vangraaf.com\/hu\/markaink\/calvin-klein\/#breadcrumb\"},\"inLanguage\":\"hu\",\"potentialAction\":[{\"@type\":\"ReadAction\",\"target\":[\"https:\/\/www.vangraaf.com\/hu\/markaink\/calvin-klein\/\"]}]},{\"@type\":\"BreadcrumbList\",\"@id\":\"https:\/\/www.vangraaf.com\/hu\/markaink\/calvin-klein\/#breadcrumb\",\"itemListElement\":[{\"@type\":\"ListItem\",\"position\":1,\"name\":\"Home\",\"item\":\"https:\/\/www.vangraaf.com\/hu\/\"},{\"@type\":\"ListItem\",\"position\":2,\"name\":\"Marken\",\"item\":\"https:\/\/www.vangraaf.com\/hu\/markaink\/\"},{\"@type\":\"ListItem\",\"position\":3,\"name\":\"Calvin Klein\"}]},{\"@type\":\"WebSite\",\"@id\":\"https:\/\/www.vangraaf.com\/hu\/#website\",\"url\":\"https:\/\/www.vangraaf.com\/hu\/\",\"name\":\"VAN GRAAF\",\"description\":\"VAN GRAAF\",\"potentialAction\":[{\"@type\":\"SearchAction\",\"target\":{\"@type\":\"EntryPoint\",\"urlTemplate\":\"https:\/\/www.vangraaf.com\/hu\/?s={search_term_string}\"},\"query-input\":{\"@type\":\"PropertyValueSpecification\",\"valueRequired\":true,\"valueName\":\"search_term_string\"}}],\"inLanguage\":\"hu\"}]}<\/script>\n<!-- \/ Yoast SEO plugin. -->","yoast_head_json":{"title":"Calvin-Klein n\u0151i \u00e9s f\u00e9rfi divat\u00e1ruk Budapesten","description":"Letisztult, id\u0151tlen elegancia: Calvin Klein. Fedezze fel a minimalista megjelen\u00e9s\u00fckr\u0151l k\u00f6zismert n\u0151i \u00e9s f\u00e9rfi divat\u00e1rukat a VAN GRAAF budapesti \u00fczleteiben!","robots":{"index":"index","follow":"follow","max-snippet":"max-snippet:-1","max-image-preview":"max-image-preview:large","max-video-preview":"max-video-preview:-1"},"canonical":"https:\/\/www.vangraaf.com\/hu\/markaink\/calvin-klein\/","og_locale":"hu_HU","og_type":"article","og_title":"Calvin-Klein n\u0151i \u00e9s f\u00e9rfi divat\u00e1ruk Budapesten","og_description":"Letisztult, id\u0151tlen elegancia: Calvin Klein. Fedezze fel a minimalista megjelen\u00e9s\u00fckr\u0151l k\u00f6zismert n\u0151i \u00e9s f\u00e9rfi divat\u00e1rukat a VAN GRAAF budapesti \u00fczleteiben!","og_url":"https:\/\/www.vangraaf.com\/hu\/markaink\/calvin-klein\/","og_site_name":"VAN GRAAF Magyarorsz\u00e1g","article_modified_time":"2021-09-09T10:03:23+00:00","twitter_card":"summary_large_image","twitter_misc":{"Becs\u00fclt olvas\u00e1si id\u0151":"3 perc"},"schema":{"@context":"https:\/\/schema.org","@graph":[{"@type":"WebPage","@id":"https:\/\/www.vangraaf.com\/hu\/markaink\/calvin-klein\/","url":"https:\/\/www.vangraaf.com\/hu\/markaink\/calvin-klein\/","name":"Calvin-Klein n\u0151i \u00e9s f\u00e9rfi divat\u00e1ruk Budapesten","isPartOf":{"@id":"https:\/\/www.vangraaf.com\/hu\/#website"},"datePublished":"2020-03-12T12:43:41+00:00","dateModified":"2021-09-09T10:03:23+00:00","description":"Letisztult, id\u0151tlen elegancia: Calvin Klein. Fedezze fel a minimalista megjelen\u00e9s\u00fckr\u0151l k\u00f6zismert n\u0151i \u00e9s f\u00e9rfi divat\u00e1rukat a VAN GRAAF budapesti \u00fczleteiben!","breadcrumb":{"@id":"https:\/\/www.vangraaf.com\/hu\/markaink\/calvin-klein\/#breadcrumb"},"inLanguage":"hu","potentialAction":[{"@type":"ReadAction","target":["https:\/\/www.vangraaf.com\/hu\/markaink\/calvin-klein\/"]}]},{"@type":"BreadcrumbList","@id":"https:\/\/www.vangraaf.com\/hu\/markaink\/calvin-klein\/#breadcrumb","itemListElement":[{"@type":"ListItem","position":1,"name":"Home","item":"https:\/\/www.vangraaf.com\/hu\/"},{"@type":"ListItem","position":2,"name":"Marken","item":"https:\/\/www.vangraaf.com\/hu\/markaink\/"},{"@type":"ListItem","position":3,"name":"Calvin Klein"}]},{"@type":"WebSite","@id":"https:\/\/www.vangraaf.com\/hu\/#website","url":"https:\/\/www.vangraaf.com\/hu\/","name":"VAN GRAAF","description":"VAN GRAAF","potentialAction":[{"@type":"SearchAction","target":{"@type":"EntryPoint","urlTemplate":"https:\/\/www.vangraaf.com\/hu\/?s={search_term_string}"},"query-input":{"@type":"PropertyValueSpecification","valueRequired":true,"valueName":"search_term_string"}}],"inLanguage":"hu"}]}},"_links":{"self":[{"href":"https:\/\/www.vangraaf.com\/hu\/wp-json\/wp\/v2\/pages\/4749","targetHints":{"allow":["GET"]}}],"collection":[{"href":"https:\/\/www.vangraaf.com\/hu\/wp-json\/wp\/v2\/pages"}],"about":[{"href":"https:\/\/www.vangraaf.com\/hu\/wp-json\/wp\/v2\/types\/page"}],"author":[{"embeddable":true,"href":"https:\/\/www.vangraaf.com\/hu\/wp-json\/wp\/v2\/users\/3"}],"replies":[{"embeddable":true,"href":"https:\/\/www.vangraaf.com\/hu\/wp-json\/wp\/v2\/comments?post=4749"}],"version-history":[{"count":10,"href":"https:\/\/www.vangraaf.com\/hu\/wp-json\/wp\/v2\/pages\/4749\/revisions"}],"predecessor-version":[{"id":6185,"href":"https:\/\/www.vangraaf.com\/hu\/wp-json\/wp\/v2\/pages\/4749\/revisions\/6185"}],"up":[{"embeddable":true,"href":"https:\/\/www.vangraaf.com\/hu\/wp-json\/wp\/v2\/pages\/3937"}],"wp:attachment":[{"href":"https:\/\/www.vangraaf.com\/hu\/wp-json\/wp\/v2\/media?parent=4749"}],"curies":[{"name":"wp","href":"https:\/\/api.w.org\/{rel}","templated":true}]}}