{"id":4748,"date":"2020-03-12T13:57:30","date_gmt":"2020-03-12T12:57:30","guid":{"rendered":"http:\/\/van-graaf.test\/ch\/?page_id=3651"},"modified":"2020-09-15T14:05:42","modified_gmt":"2020-09-15T12:05:42","slug":"boss","status":"publish","type":"page","link":"https:\/\/www.vangraaf.com\/hu\/markaink\/boss\/","title":{"rendered":"BOSS"},"content":{"rendered":"<div class=\"wpb-content-wrapper\">[vc_row full_width=&#8221;stretch_row_content_no_spaces&#8221;][vc_column]<div class=\"keyvisual\" data-aos=\"fade-up\" ><img loading=\"lazy\" decoding=\"async\" width=\"1440\" height=\"480\" src=\"https:\/\/www.vangraaf.com\/hu\/wp-content\/uploads\/sites\/3\/2020\/02\/Logo_Boss.jpg\" class=\"vc_single_image-img\" alt=\"\" srcset=\"https:\/\/www.vangraaf.com\/hu\/wp-content\/uploads\/sites\/3\/2020\/02\/Logo_Boss.jpg 1440w, https:\/\/www.vangraaf.com\/hu\/wp-content\/uploads\/sites\/3\/2020\/02\/Logo_Boss-300x100.jpg 300w, https:\/\/www.vangraaf.com\/hu\/wp-content\/uploads\/sites\/3\/2020\/02\/Logo_Boss-1024x341.jpg 1024w, https:\/\/www.vangraaf.com\/hu\/wp-content\/uploads\/sites\/3\/2020\/02\/Logo_Boss-768x256.jpg 768w, https:\/\/www.vangraaf.com\/hu\/wp-content\/uploads\/sites\/3\/2020\/02\/Logo_Boss-1200x400.jpg 1200w, https:\/\/www.vangraaf.com\/hu\/wp-content\/uploads\/sites\/3\/2020\/02\/Logo_Boss-992x331.jpg 992w, https:\/\/www.vangraaf.com\/hu\/wp-content\/uploads\/sites\/3\/2020\/02\/Logo_Boss-480x160.jpg 480w\" sizes=\"(max-width: 1440px) 100vw, 1440px\" \/><\/div>\n        <div class=\"headlines headlines--center\" data-aos=\"fade-up\">\n            <div class=\"vc_row\">\n                <div class=\"vc_col-md-10 vc_col-md-offset-1 vc_col-lg-10 vc_col-lg-offset-1\"><span class=\"h6\">BOSS<\/span><h1 class=\"h2\">Min\u0151s\u00e9gi BOSS divat\u00e1ruk: Budapesten a VAN GRAAF-n\u00e1l<\/h1><\/div>\n            <\/div>\n        <\/div>[vc_column_text]\r\n<p style=\"text-align: center\">A divattudatos v\u00e1s\u00e1rl\u00f3k k\u00f6r\u00e9ben a vil\u00e1g minden t\u00e1j\u00e1n n\u00e9pszer\u0171 <strong>a pr\u00e9mium min\u0151s\u00e9get k\u00e9pvisel\u0151 BOSS m\u00e1rka<\/strong>. A BOSS n\u0151i \u00e9s f\u00e9rfi divatcikkeir\u0151l mindenkinek els\u0151sorban az eleg\u00e1ns \u00fczleti \u00e9s form\u00e1lis viselet jut esz\u00e9be. Ugyanakkor j\u00f3l l\u00e1that\u00f3 a m\u00e1rka t\u00e9rnyer\u00e9se a divatos utcai viseletek k\u00f6z\u00f6tt is. A bajororsz\u00e1gi Sv\u00e1bf\u00f6ld r\u00e9gi\u00f3ban alap\u00edtott v\u00e1llalat ma m\u00e1r az eg\u00e9sz vil\u00e1gon jelen van. Fedezze fel Magyarorsz\u00e1gon a BOSS term\u00e9keit <strong>a VAN GRAAF budapesti divath\u00e1zaiban<\/strong>.<\/p>\r\n[\/vc_column_text][\/vc_column][\/vc_row][vc_row][vc_column]\n        <div class=\"headlines headlines--center\" data-aos=\"fade-up\">\n            <div class=\"vc_row\">\n                <div class=\"vc_col-md-10 vc_col-md-offset-1 vc_col-lg-10 vc_col-lg-offset-1\"><h2 class=\"h2\">BOSS: \u00dczleti divat\u00e1ruk n\u0151knek \u00e9s f\u00e9rfiaknak<\/h2><\/div>\n            <\/div>\n        <\/div>[vc_column_text]Az 1924-ben a sv\u00e1b Metzingenben alap\u00edtott Hugo Boss AG hossz\u00fa sikert\u00f6rt\u00e9netre tekint vissza. Ma a BOSS <strong>a vil\u00e1g vezet\u0151 divatm\u00e1rk\u00e1i <\/strong>k\u00f6z\u00e9 tartozik a ruh\u00e1zati piac fels\u0151 szegmens\u00e9ben. Eredetileg kiz\u00e1r\u00f3lag f\u00e9rfi ruh\u00e1zatot gy\u00e1rtott, 1997-ben azonban n\u0151i term\u00e9keket is bevezetett. A st\u00edlusra sokat ad\u00f3, \u00f6ntudatos n\u0151k \u00e9s f\u00e9rfiak k\u00f6r\u00e9ben rendk\u00edv\u00fcl n\u00e9pszer\u0171ek a <strong>BOSS Womenswear<\/strong>, illetve a <strong>BOSS Menswear<\/strong> min\u0151s\u00e9gi darabjai. V\u00e1logasson kedv\u00e9re az <strong>exkluz\u00edv BOSS n\u0151i \u00e9s f\u00e9rfi divat\u00e1ruk<\/strong> k\u00f6z\u00fcl a <strong>VAN GRAAF magyarorsz\u00e1gi \u00fczleteiben<\/strong>.\r\n\r\nA <strong>f\u00e9rfi \u00f6lt\u00f6ny\u00f6k tervez\u00e9s\u00e9ben \u00e9s gy\u00e1rt\u00e1s\u00e1ban<\/strong> a BOSS k\u00fcl\u00f6n\u00f6sen nagy hagyom\u00e1nyokkal rendelkezik. Manaps\u00e1g azonban nemcsak az \u00fczletembereknek k\u00e9sz\u00fclt ruh\u00e1zatok \u00f6rvendenek nagy n\u00e9pszer\u0171s\u00e9gnek, hanem a <strong>BOSS n\u0151knek \u00e9s f\u00e9rfiaknak sz\u00e1nt est\u00e9lyi ruh\u00e1i, illetve \u00fcnnepi alkalmi \u00f6lt\u00f6z\u00e9kei is<\/strong>. <strong>A min\u0151s\u00e9gi anyagok<\/strong> \u00e9s a <strong>t\u00f6k\u00e9letes fazonok<\/strong> az <strong>optim\u00e1lis szab\u00e1si technik\u00e1kkal<\/strong> p\u00e1ros\u00edtva kik\u00f6vezt\u00e9k az utat a v\u00e1llalat vil\u00e1gsikere el\u0151tt. A BOSS n\u0151i \u00e9s f\u00e9rfi ruh\u00e1zatai divatosak, eleg\u00e1nsak \u00e9s nagyr\u00e9szt klasszikus sz\u00ednvil\u00e1g\u00faak.[\/vc_column_text][\/vc_column][\/vc_row][vc_row][vc_column]\n        <div class=\"headlines headlines--center\" data-aos=\"fade-up\">\n            <div class=\"vc_row\">\n                <div class=\"vc_col-md-10 vc_col-md-offset-1 vc_col-lg-10 vc_col-lg-offset-1\"><h2 class=\"h2\">A BOSS a sportost\u00f3l az eleg\u00e1nsig a n\u0151i \u00e9s f\u00e9rfi divat teljes palett\u00e1j\u00e1t lefedi<\/h2><\/div>\n            <\/div>\n        <\/div>[vc_column_text]A BOSS a h\u00e9tk\u00f6znapit\u00f3l a luxusig sz\u00e9les v\u00e1laszt\u00e9kban k\u00edn\u00e1l ruh\u00e1zati cikkeket sz\u00e1mos k\u00fcl\u00f6nf\u00e9le st\u00edlusban, t\u00f6bbek k\u00f6z\u00f6tt:\r\n<ul>\r\n \t<li>eleg\u00e1ns, ugyanakkor k\u00e9nyelmes <strong>k\u00e9tr\u00e9szes f\u00e9rfi szetteket<\/strong> elasztikus \u00e9s l\u00e9legz\u0151 gyapj\u00fab\u00f3l<\/li>\r\n \t<li>eleg\u00e1ns <strong>\u00fczleti ruh\u00e1kat<\/strong> n\u0151knek, p\u00e9ld\u00e1ul trenchcoat st\u00edlus\u00fa pamut ingbl\u00fazokat<\/li>\r\n \t<li><strong>eleg\u00e1ns est\u00e9lyi ruh\u00e1kat<\/strong>, p\u00e9ld\u00e1ul plisz\u00edrozott maxi ruh\u00e1kat elasztikus, k\u00f6nny\u0171 anyagb\u00f3l<\/li>\r\n<\/ul>\r\nA sz\u00e9les v\u00e1laszt\u00e9kot kab\u00e1tok, pul\u00f3verek \u00e9s nadr\u00e1gok, valamint olyan <strong>kieg\u00e9sz\u00edt\u0151k<\/strong> teszik teljess\u00e9, mint a cip\u0151k, kalapok \u00e9s t\u00e1sk\u00e1k. Fedezze fel <strong>Budapesten<\/strong> <strong>a BOSS f\u00e9rfi \u00e9s n\u0151i divat\u00e1ruit<\/strong>, \u00e9s tal\u00e1lja meg k\u00f6z\u00f6tt\u00fck szem\u00e9lyes kedvenc\u00e9t![\/vc_column_text][\/vc_column][\/vc_row][vc_row][vc_column]\n        <div class=\"headlines headlines--center\" data-aos=\"fade-up\">\n            <div class=\"vc_row\">\n                <div class=\"vc_col-md-10 vc_col-md-offset-1 vc_col-lg-10 vc_col-lg-offset-1\"><h2 class=\"h2\">BOSS Casual Budapesten<\/h2><\/div>\n            <\/div>\n        <\/div>[vc_column_text]A VAN GRAAF budapesti \u00fczleteiben a <strong>BOSS Casual kollekci\u00f3j\u00e1nak<\/strong> darabjait is megtal\u00e1lja. Ez a term\u00e9kcsal\u00e1d a klasszikus kollekci\u00f3kn\u00e1l mer\u00e9szebb, k\u00eds\u00e9rletez\u0151bb kedv\u0171 \u00f6lt\u00f6z\u00e9keket vonultat fel. A BOSS Casual olyan <strong>szabadid\u0151ruh\u00e1kat<\/strong> jelent, amelyek<strong> trendi st\u00edlussal<\/strong>, <strong>\u00e9l\u00e9nk sz\u00ednekkel<\/strong>, <strong>rafin\u00e1lt szab\u00e1sokkal \u00e9s extravag\u00e1ns r\u00e9szletekkel <\/strong>\u00f6rvendeztetik meg a divatrajong\u00f3kat. Legyen sz\u00f3 ak\u00e1r fiatalos, motoros st\u00edlus\u00fa b\u0151rkab\u00e1tr\u00f3l, sikkes chino nadr\u00e1gr\u00f3l \u00e9l\u00e9nk narancss\u00e1rga sz\u00ednben vagy men\u0151 streccsfarmerr\u0151l \u2013 a lezsers\u00e9g ellen\u00e9re a <strong>BOSS Casualwear<\/strong> mindig tartja mag\u00e1t ahhoz a <strong>n\u00edv\u00f3s st\u00edlustudatoss\u00e1ghoz<\/strong>, amely a HUGO BOSS saj\u00e1tja.[\/vc_column_text][\/vc_column][\/vc_row][vc_row][vc_column]\n        <div class=\"headlines headlines--center\" data-aos=\"fade-up\">\n            <div class=\"vc_row\">\n                <div class=\"vc_col-md-10 vc_col-md-offset-1 vc_col-lg-10 vc_col-lg-offset-1\"><h2 class=\"h2\">V\u00e1s\u00e1roljon BOSS divat\u00e1rukat a VAN GRAAF budapesti \u00fczleteiben<\/h2><\/div>\n            <\/div>\n        <\/div>[vc_column_text]Divatos \u00fczleti \u00f6lt\u00f6z\u00e9ket vagy j\u00f3l kin\u00e9z\u0151 szabadid\u0151ruh\u00e1t keres, \u00e9s nagyra \u00e9rt\u00e9keli a min\u0151s\u00e9gi m\u00e1rk\u00e1kat? Akkor l\u00e1togasson el a VAN GRAAF budapesti \u00fczleteibe, \u00e9s v\u00e1logasson a <strong>BOSS n\u0151i \u00e9s f\u00e9rfi kollekci\u00f3ib\u00f3l<\/strong>! Nem el\u00e9gedett az \u00fczletekben k\u00e9szen kaphat\u00f3 \u00f6lt\u00f6ny\u00f6kkel? <a href=\"https:\/\/www.vangraaf.com\/hu\/tanacsadas-stilus\/tippek\/a-stilusos-meret-mix\/\">Ebben is seg\u00edthet\u00fcnk<\/a>: a <strong>modul\u00e1ris \u00f6lt\u00f6ny<\/strong> lehet\u0151v\u00e9 teszi, hogy saj\u00e1t ig\u00e9nyeire szabott megold\u00e1st tal\u00e1ljon. <a href=\"https:\/\/www.vangraaf.com\/hu\/divathazaink\/personal-shopping\/\">Ha m\u00e9g szem\u00e9lyesebb kiszolg\u00e1l\u00e1st szeretne,<\/a> vegye ig\u00e9nybe <strong>szem\u00e9lyes v\u00e1s\u00e1rl\u00e1si szolg\u00e1ltat\u00e1sunkat<\/strong> \u00fczleteink <strong>k\u00fcl\u00f6nf\u00e9le r\u00e9szlegein.<\/strong>[\/vc_column_text][\/vc_column][\/vc_row][vc_row][vc_column]<div class=\"vg-element brand-slider brand-slider--light\" data-aos=\"fade-up\"><div class=\"brand-slider__inner\"><div class=\"brand-slider__slider js-brand-slider\"><div class=\"brand-slider__slider__item\"><a href=\"https:\/\/www.vangraaf.com\/hu\/markaink\/adidas-originals\/\" title=\"adidas Originals\"><img loading=\"lazy\" decoding=\"async\" width=\"1\" height=\"1\" src=\"https:\/\/www.vangraaf.com\/hu\/wp-content\/uploads\/sites\/3\/2020\/03\/Adidas_Logo_grau_OK.svg\" class=\"attachment-full size-full\" alt=\"\" \/><\/a><\/div><div class=\"brand-slider__slider__item\"><a href=\"https:\/\/www.vangraaf.com\/hu\/markaink\/tommy-hilfiger\/\" title=\"Tommy Hilfiger\"><img loading=\"lazy\" decoding=\"async\" width=\"1\" height=\"1\" src=\"https:\/\/www.vangraaf.com\/hu\/wp-content\/uploads\/sites\/3\/2020\/03\/Tommy_Hilfiger_4c_grau_OK.svg\" class=\"attachment-full size-full\" alt=\"\" \/><\/a><\/div><div class=\"brand-slider__slider__item\"><a href=\"https:\/\/www.vangraaf.com\/hu\/markaink\/levis\/\" title=\"Levi&#039;s\"><img loading=\"lazy\" decoding=\"async\" width=\"1\" height=\"1\" src=\"https:\/\/www.vangraaf.com\/hu\/wp-content\/uploads\/sites\/3\/2020\/03\/Levis_Logo_grau_OK.svg\" class=\"attachment-full size-full\" alt=\"\" \/><\/a><\/div><div class=\"brand-slider__slider__item\"><a href=\"https:\/\/www.vangraaf.com\/hu\/markaink\/calvin-klein\/\" title=\"Calvin Klein\"><img loading=\"lazy\" decoding=\"async\" width=\"1\" height=\"1\" src=\"https:\/\/www.vangraaf.com\/hu\/wp-content\/uploads\/sites\/3\/2020\/03\/Calvin-Klein-Logo-grau_OK.svg\" class=\"attachment-full size-full\" alt=\"\" \/><\/a><\/div><div class=\"brand-slider__slider__item\"><a href=\"https:\/\/www.vangraaf.com\/hu\/markaink\/champion\/\" title=\"Champion\"><img loading=\"lazy\" decoding=\"async\" width=\"1\" height=\"1\" src=\"https:\/\/www.vangraaf.com\/hu\/wp-content\/uploads\/sites\/3\/2020\/03\/Champion_Logo_grau_OK.svg\" class=\"attachment-full size-full\" alt=\"\" \/><\/a><\/div><div class=\"brand-slider__slider__item\"><a href=\"https:\/\/www.vangraaf.com\/hu\/markaink\/lacoste\/\" title=\"Lacoste\"><img loading=\"lazy\" decoding=\"async\" width=\"1\" height=\"1\" src=\"https:\/\/www.vangraaf.com\/hu\/wp-content\/uploads\/sites\/3\/2020\/03\/Lacoste_Logo_4c_grau_Ausnahme_OK.svg\" class=\"attachment-full size-full\" alt=\"\" \/><\/a><\/div><div class=\"brand-slider__slider__item\"><a href=\"https:\/\/www.vangraaf.com\/hu\/markaink\/superdry\/\" title=\"Superdry\"><img loading=\"lazy\" decoding=\"async\" width=\"1\" height=\"1\" src=\"https:\/\/www.vangraaf.com\/hu\/wp-content\/uploads\/sites\/3\/2020\/03\/Superdry_Logo_grau_OK.svg\" class=\"attachment-full size-full\" alt=\"\" \/><\/a><\/div><div class=\"brand-slider__slider__item\"><a href=\"https:\/\/www.vangraaf.com\/hu\/markaink\/fila\/\" title=\"FILA\"><img loading=\"lazy\" decoding=\"async\" width=\"1\" height=\"1\" src=\"https:\/\/www.vangraaf.com\/hu\/wp-content\/uploads\/sites\/3\/2020\/03\/Fila-Logo-grau_OK.svg\" class=\"attachment-full size-full\" alt=\"\" \/><\/a><\/div><div class=\"brand-slider__slider__item\"><a href=\"https:\/\/www.vangraaf.com\/hu\/markaink\/tom-tailor\/\" title=\"TOM TAILOR\"><img loading=\"lazy\" decoding=\"async\" width=\"1\" height=\"1\" src=\"https:\/\/www.vangraaf.com\/hu\/wp-content\/uploads\/sites\/3\/2020\/03\/Tom_Tailor_Logo_grau_OK.svg\" class=\"attachment-full size-full\" alt=\"\" \/><\/a><\/div><div class=\"brand-slider__slider__item\"><a href=\"https:\/\/www.vangraaf.com\/hu\/markaink\/alpha-industries\/\" title=\"Alpha Industries\"><img loading=\"lazy\" decoding=\"async\" width=\"1\" height=\"1\" src=\"https:\/\/www.vangraaf.com\/hu\/wp-content\/uploads\/sites\/3\/2020\/03\/Alpha_Industries_Logo_grau_OK.svg\" class=\"attachment-full size-full\" alt=\"\" \/><\/a><\/div><div class=\"brand-slider__slider__item\"><a href=\"https:\/\/www.vangraaf.com\/hu\/markaink\/g-star\/\" title=\"G-Star RAW\"><img loading=\"lazy\" decoding=\"async\" width=\"1\" height=\"1\" src=\"https:\/\/www.vangraaf.com\/hu\/wp-content\/uploads\/sites\/3\/2020\/03\/G_Star_Logo_grau_OK.svg\" class=\"attachment-full size-full\" alt=\"\" \/><\/a><\/div><div class=\"brand-slider__slider__item\"><a href=\"https:\/\/www.vangraaf.com\/hu\/markaink\/vila\/\" title=\"VILA\"><img loading=\"lazy\" decoding=\"async\" width=\"1\" height=\"1\" src=\"https:\/\/www.vangraaf.com\/hu\/wp-content\/uploads\/sites\/3\/2020\/03\/Vila_Logo_grau_OK.svg\" class=\"attachment-full size-full\" alt=\"\" \/><\/a><\/div><div class=\"brand-slider__slider__item\"><a href=\"https:\/\/www.vangraaf.com\/hu\/markaink\/boss\/\" title=\"BOSS\"><img loading=\"lazy\" decoding=\"async\" width=\"1\" height=\"1\" src=\"https:\/\/www.vangraaf.com\/hu\/wp-content\/uploads\/sites\/3\/2020\/03\/Boss_Logo_grau_OK.svg\" class=\"attachment-full size-full\" alt=\"\" \/><\/a><\/div><div class=\"brand-slider__slider__item\"><a href=\"https:\/\/www.vangraaf.com\/hu\/markaink\/armani-exchange\/\" title=\"Armani Exchange\"><img loading=\"lazy\" decoding=\"async\" width=\"1\" height=\"1\" src=\"https:\/\/www.vangraaf.com\/hu\/wp-content\/uploads\/sites\/3\/2020\/03\/Armani-Exchange-Logo-grau_OK.svg\" class=\"attachment-full size-full\" alt=\"\" \/><\/a><\/div><div class=\"brand-slider__slider__item\"><a href=\"https:\/\/www.vangraaf.com\/hu\/markaink\/polo-ralph-lauren\/\" title=\"Polo Ralph Lauren\"><img loading=\"lazy\" decoding=\"async\" width=\"1\" height=\"1\" src=\"https:\/\/www.vangraaf.com\/hu\/wp-content\/uploads\/sites\/3\/2020\/03\/Ralph_Lauren_Logo_grau_OK.svg\" class=\"attachment-full size-full\" alt=\"\" \/><\/a><\/div><div class=\"brand-slider__slider__item\"><a href=\"https:\/\/www.vangraaf.com\/hu\/markaink\/marie-lund\/\" title=\"Marie Lund\"><img loading=\"lazy\" decoding=\"async\" width=\"1\" height=\"1\" src=\"https:\/\/www.vangraaf.com\/hu\/wp-content\/uploads\/sites\/3\/2020\/03\/Marie_Lund_Logo_grau_OK.svg\" class=\"attachment-full size-full\" alt=\"\" \/><\/a><\/div><\/div><\/div><\/div>[\/vc_column][\/vc_row]<\/div>","protected":false},"excerpt":{"rendered":"[vc_row full_width=&#8221;stretch_row_content_no_spaces&#8221;][vc_column][vc_column_text] A divattudatos v\u00e1s\u00e1rl\u00f3k k\u00f6r\u00e9ben a vil\u00e1g minden t\u00e1j\u00e1n n\u00e9pszer\u0171 a pr\u00e9mium min\u0151s\u00e9get k\u00e9pvisel\u0151 BOSS m\u00e1rka. A BOSS n\u0151i \u00e9s f\u00e9rfi divatcikkeir\u0151l mindenkinek els\u0151sorban az eleg\u00e1ns \u00fczleti \u00e9s form\u00e1lis viselet jut esz\u00e9be. Ugyanakkor j\u00f3l l\u00e1that\u00f3 a m\u00e1rka t\u00e9rnyer\u00e9se a divatos utcai viseletek k\u00f6z\u00f6tt is. A bajororsz\u00e1gi Sv\u00e1bf\u00f6ld r\u00e9gi\u00f3ban alap\u00edtott v\u00e1llalat ma m\u00e1r az eg\u00e9sz [&hellip;]","protected":false},"author":3,"featured_media":0,"parent":3937,"menu_order":0,"comment_status":"closed","ping_status":"closed","template":"","meta":{"_acf_changed":false,"inline_featured_image":false,"footnotes":""},"class_list":["post-4748","page","type-page","status-publish","hentry"],"acf":[],"yoast_head":"<!-- This site is optimized with the Yoast SEO plugin v27.2 - https:\/\/yoast.com\/product\/yoast-seo-wordpress\/ -->\n<title>Min\u0151s\u00e9gi BOSS n\u0151i \u00e9s f\u00e9rfi divat\u00e1ruk Budapesten<\/title>\n<meta name=\"description\" content=\"A BOSS az eleg\u00e1ns \u00fczleti \u00e9s form\u00e1lis viselet, valamint a divatos utcai \u00f6lt\u00f6z\u00e9kek szinonim\u00e1j\u00e1v\u00e1 v\u00e1lt. BOSS n\u0151i \u00e9s f\u00e9rfi divat a VAN GRAAF budapesti \u00fczleteiben\u2028\" \/>\n<meta name=\"robots\" content=\"index, follow, max-snippet:-1, max-image-preview:large, max-video-preview:-1\" \/>\n<link rel=\"canonical\" href=\"https:\/\/www.vangraaf.com\/hu\/markaink\/boss\/\" \/>\n<meta property=\"og:locale\" content=\"hu_HU\" \/>\n<meta property=\"og:type\" content=\"article\" \/>\n<meta property=\"og:title\" content=\"Min\u0151s\u00e9gi BOSS n\u0151i \u00e9s f\u00e9rfi divat\u00e1ruk Budapesten\" \/>\n<meta property=\"og:description\" content=\"A BOSS az eleg\u00e1ns \u00fczleti \u00e9s form\u00e1lis viselet, valamint a divatos utcai \u00f6lt\u00f6z\u00e9kek szinonim\u00e1j\u00e1v\u00e1 v\u00e1lt. BOSS n\u0151i \u00e9s f\u00e9rfi divat a VAN GRAAF budapesti \u00fczleteiben\u2028\" \/>\n<meta property=\"og:url\" content=\"https:\/\/www.vangraaf.com\/hu\/markaink\/boss\/\" \/>\n<meta property=\"og:site_name\" content=\"VAN GRAAF Magyarorsz\u00e1g\" \/>\n<meta property=\"article:modified_time\" content=\"2020-09-15T12:05:42+00:00\" \/>\n<meta name=\"twitter:card\" content=\"summary_large_image\" \/>\n<meta name=\"twitter:label1\" content=\"Becs\u00fclt olvas\u00e1si id\u0151\" \/>\n\t<meta name=\"twitter:data1\" content=\"4 perc\" \/>\n<script type=\"application\/ld+json\" class=\"yoast-schema-graph\">{\"@context\":\"https:\/\/schema.org\",\"@graph\":[{\"@type\":\"WebPage\",\"@id\":\"https:\/\/www.vangraaf.com\/hu\/markaink\/boss\/\",\"url\":\"https:\/\/www.vangraaf.com\/hu\/markaink\/boss\/\",\"name\":\"Min\u0151s\u00e9gi BOSS n\u0151i \u00e9s f\u00e9rfi divat\u00e1ruk Budapesten\",\"isPartOf\":{\"@id\":\"https:\/\/www.vangraaf.com\/hu\/#website\"},\"datePublished\":\"2020-03-12T12:57:30+00:00\",\"dateModified\":\"2020-09-15T12:05:42+00:00\",\"description\":\"A BOSS az eleg\u00e1ns \u00fczleti \u00e9s form\u00e1lis viselet, valamint a divatos utcai \u00f6lt\u00f6z\u00e9kek szinonim\u00e1j\u00e1v\u00e1 v\u00e1lt. BOSS n\u0151i \u00e9s f\u00e9rfi divat a VAN GRAAF budapesti \u00fczleteiben\\u2028\",\"breadcrumb\":{\"@id\":\"https:\/\/www.vangraaf.com\/hu\/markaink\/boss\/#breadcrumb\"},\"inLanguage\":\"hu\",\"potentialAction\":[{\"@type\":\"ReadAction\",\"target\":[\"https:\/\/www.vangraaf.com\/hu\/markaink\/boss\/\"]}]},{\"@type\":\"BreadcrumbList\",\"@id\":\"https:\/\/www.vangraaf.com\/hu\/markaink\/boss\/#breadcrumb\",\"itemListElement\":[{\"@type\":\"ListItem\",\"position\":1,\"name\":\"Home\",\"item\":\"https:\/\/www.vangraaf.com\/hu\/\"},{\"@type\":\"ListItem\",\"position\":2,\"name\":\"Marken\",\"item\":\"https:\/\/www.vangraaf.com\/hu\/markaink\/\"},{\"@type\":\"ListItem\",\"position\":3,\"name\":\"BOSS\"}]},{\"@type\":\"WebSite\",\"@id\":\"https:\/\/www.vangraaf.com\/hu\/#website\",\"url\":\"https:\/\/www.vangraaf.com\/hu\/\",\"name\":\"VAN GRAAF\",\"description\":\"VAN GRAAF\",\"potentialAction\":[{\"@type\":\"SearchAction\",\"target\":{\"@type\":\"EntryPoint\",\"urlTemplate\":\"https:\/\/www.vangraaf.com\/hu\/?s={search_term_string}\"},\"query-input\":{\"@type\":\"PropertyValueSpecification\",\"valueRequired\":true,\"valueName\":\"search_term_string\"}}],\"inLanguage\":\"hu\"}]}<\/script>\n<!-- \/ Yoast SEO plugin. -->","yoast_head_json":{"title":"Min\u0151s\u00e9gi BOSS n\u0151i \u00e9s f\u00e9rfi divat\u00e1ruk Budapesten","description":"A BOSS az eleg\u00e1ns \u00fczleti \u00e9s form\u00e1lis viselet, valamint a divatos utcai \u00f6lt\u00f6z\u00e9kek szinonim\u00e1j\u00e1v\u00e1 v\u00e1lt. BOSS n\u0151i \u00e9s f\u00e9rfi divat a VAN GRAAF budapesti \u00fczleteiben\u2028","robots":{"index":"index","follow":"follow","max-snippet":"max-snippet:-1","max-image-preview":"max-image-preview:large","max-video-preview":"max-video-preview:-1"},"canonical":"https:\/\/www.vangraaf.com\/hu\/markaink\/boss\/","og_locale":"hu_HU","og_type":"article","og_title":"Min\u0151s\u00e9gi BOSS n\u0151i \u00e9s f\u00e9rfi divat\u00e1ruk Budapesten","og_description":"A BOSS az eleg\u00e1ns \u00fczleti \u00e9s form\u00e1lis viselet, valamint a divatos utcai \u00f6lt\u00f6z\u00e9kek szinonim\u00e1j\u00e1v\u00e1 v\u00e1lt. BOSS n\u0151i \u00e9s f\u00e9rfi divat a VAN GRAAF budapesti \u00fczleteiben\u2028","og_url":"https:\/\/www.vangraaf.com\/hu\/markaink\/boss\/","og_site_name":"VAN GRAAF Magyarorsz\u00e1g","article_modified_time":"2020-09-15T12:05:42+00:00","twitter_card":"summary_large_image","twitter_misc":{"Becs\u00fclt olvas\u00e1si id\u0151":"4 perc"},"schema":{"@context":"https:\/\/schema.org","@graph":[{"@type":"WebPage","@id":"https:\/\/www.vangraaf.com\/hu\/markaink\/boss\/","url":"https:\/\/www.vangraaf.com\/hu\/markaink\/boss\/","name":"Min\u0151s\u00e9gi BOSS n\u0151i \u00e9s f\u00e9rfi divat\u00e1ruk Budapesten","isPartOf":{"@id":"https:\/\/www.vangraaf.com\/hu\/#website"},"datePublished":"2020-03-12T12:57:30+00:00","dateModified":"2020-09-15T12:05:42+00:00","description":"A BOSS az eleg\u00e1ns \u00fczleti \u00e9s form\u00e1lis viselet, valamint a divatos utcai \u00f6lt\u00f6z\u00e9kek szinonim\u00e1j\u00e1v\u00e1 v\u00e1lt. BOSS n\u0151i \u00e9s f\u00e9rfi divat a VAN GRAAF budapesti \u00fczleteiben\u2028","breadcrumb":{"@id":"https:\/\/www.vangraaf.com\/hu\/markaink\/boss\/#breadcrumb"},"inLanguage":"hu","potentialAction":[{"@type":"ReadAction","target":["https:\/\/www.vangraaf.com\/hu\/markaink\/boss\/"]}]},{"@type":"BreadcrumbList","@id":"https:\/\/www.vangraaf.com\/hu\/markaink\/boss\/#breadcrumb","itemListElement":[{"@type":"ListItem","position":1,"name":"Home","item":"https:\/\/www.vangraaf.com\/hu\/"},{"@type":"ListItem","position":2,"name":"Marken","item":"https:\/\/www.vangraaf.com\/hu\/markaink\/"},{"@type":"ListItem","position":3,"name":"BOSS"}]},{"@type":"WebSite","@id":"https:\/\/www.vangraaf.com\/hu\/#website","url":"https:\/\/www.vangraaf.com\/hu\/","name":"VAN GRAAF","description":"VAN GRAAF","potentialAction":[{"@type":"SearchAction","target":{"@type":"EntryPoint","urlTemplate":"https:\/\/www.vangraaf.com\/hu\/?s={search_term_string}"},"query-input":{"@type":"PropertyValueSpecification","valueRequired":true,"valueName":"search_term_string"}}],"inLanguage":"hu"}]}},"_links":{"self":[{"href":"https:\/\/www.vangraaf.com\/hu\/wp-json\/wp\/v2\/pages\/4748","targetHints":{"allow":["GET"]}}],"collection":[{"href":"https:\/\/www.vangraaf.com\/hu\/wp-json\/wp\/v2\/pages"}],"about":[{"href":"https:\/\/www.vangraaf.com\/hu\/wp-json\/wp\/v2\/types\/page"}],"author":[{"embeddable":true,"href":"https:\/\/www.vangraaf.com\/hu\/wp-json\/wp\/v2\/users\/3"}],"replies":[{"embeddable":true,"href":"https:\/\/www.vangraaf.com\/hu\/wp-json\/wp\/v2\/comments?post=4748"}],"version-history":[{"count":7,"href":"https:\/\/www.vangraaf.com\/hu\/wp-json\/wp\/v2\/pages\/4748\/revisions"}],"predecessor-version":[{"id":5337,"href":"https:\/\/www.vangraaf.com\/hu\/wp-json\/wp\/v2\/pages\/4748\/revisions\/5337"}],"up":[{"embeddable":true,"href":"https:\/\/www.vangraaf.com\/hu\/wp-json\/wp\/v2\/pages\/3937"}],"wp:attachment":[{"href":"https:\/\/www.vangraaf.com\/hu\/wp-json\/wp\/v2\/media?parent=4748"}],"curies":[{"name":"wp","href":"https:\/\/api.w.org\/{rel}","templated":true}]}}