{"id":4747,"date":"2020-03-12T13:58:44","date_gmt":"2020-03-12T12:58:44","guid":{"rendered":"http:\/\/van-graaf.test\/ch\/?page_id=3655"},"modified":"2020-09-15T14:05:23","modified_gmt":"2020-09-15T12:05:23","slug":"armani-exchange","status":"publish","type":"page","link":"https:\/\/www.vangraaf.com\/hu\/markaink\/armani-exchange\/","title":{"rendered":"Armani Exchange"},"content":{"rendered":"<div class=\"wpb-content-wrapper\">[vc_row full_width=&#8221;stretch_row_content_no_spaces&#8221;][vc_column]<div class=\"keyvisual\" data-aos=\"fade-up\" ><img loading=\"lazy\" decoding=\"async\" width=\"1440\" height=\"480\" src=\"https:\/\/www.vangraaf.com\/hu\/wp-content\/uploads\/sites\/3\/2020\/02\/Logo_ArmaniExchange.jpg\" class=\"vc_single_image-img\" alt=\"\" srcset=\"https:\/\/www.vangraaf.com\/hu\/wp-content\/uploads\/sites\/3\/2020\/02\/Logo_ArmaniExchange.jpg 1440w, https:\/\/www.vangraaf.com\/hu\/wp-content\/uploads\/sites\/3\/2020\/02\/Logo_ArmaniExchange-300x100.jpg 300w, https:\/\/www.vangraaf.com\/hu\/wp-content\/uploads\/sites\/3\/2020\/02\/Logo_ArmaniExchange-1024x341.jpg 1024w, https:\/\/www.vangraaf.com\/hu\/wp-content\/uploads\/sites\/3\/2020\/02\/Logo_ArmaniExchange-768x256.jpg 768w, https:\/\/www.vangraaf.com\/hu\/wp-content\/uploads\/sites\/3\/2020\/02\/Logo_ArmaniExchange-1200x400.jpg 1200w, https:\/\/www.vangraaf.com\/hu\/wp-content\/uploads\/sites\/3\/2020\/02\/Logo_ArmaniExchange-992x331.jpg 992w, https:\/\/www.vangraaf.com\/hu\/wp-content\/uploads\/sites\/3\/2020\/02\/Logo_ArmaniExchange-480x160.jpg 480w\" sizes=\"(max-width: 1440px) 100vw, 1440px\" \/><\/div>\n        <div class=\"headlines headlines--center\" data-aos=\"fade-up\">\n            <div class=\"vc_row\">\n                <div class=\"vc_col-md-10 vc_col-md-offset-1 vc_col-lg-10 vc_col-lg-offset-1\"><span class=\"h6\">Armani Exchange<\/span><h1 class=\"h2\">Armani Exchange designer f\u00e9rfi divat Budapesten<\/h1><\/div>\n            <\/div>\n        <\/div>[vc_column_text]\r\n<p style=\"text-align: center\">Az Armani a csillog\u00e1s \u00e9s luxus szinonim\u00e1ja, \u00e9s k\u00e9ts\u00e9gk\u00edv\u00fcl a vil\u00e1g egyik legismertebb designer m\u00e1rk\u00e1ja. Ha az Armani anyav\u00e1llalat kollekci\u00f3it a klasszikus fazonok \u00e9s az \u00e1raml\u00f3 anyaghaszn\u00e1lat jellemzi, akkor fiatal testv\u00e9rm\u00e1rk\u00e1ja, az Armani Exchange <strong>izgalmas, sportos st\u00edlus\u00fa alternat\u00edv\u00e1t<\/strong> k\u00edn\u00e1l az utcai ruh\u00e1zat innovat\u00edv interpret\u00e1ci\u00f3j\u00e1val. Ha szereti a fiatalos, lezser f\u00e9rfi divatot azzal a bizonyos extr\u00e1val, az Armani Exchange budapesti v\u00e1laszt\u00e9k\u00e1ban biztosan megtal\u00e1lja \u00faj kedvenc darabjait.<\/p>\r\n[\/vc_column_text][\/vc_column][\/vc_row][vc_row][vc_column]\n        <div class=\"headlines headlines--center\" data-aos=\"fade-up\">\n            <div class=\"vc_row\">\n                <div class=\"vc_col-md-10 vc_col-md-offset-1 vc_col-lg-10 vc_col-lg-offset-1\"><h2 class=\"h2\">A v\u00f6r\u00f6s sz\u0151nyegr\u0151l egyenesen Budapestre \u2013 Armani Exchange divat\u00e1ruk Magyarorsz\u00e1gon<\/h2><\/div>\n            <\/div>\n        <\/div>[vc_column_text]A legend\u00e1s divattervez\u0151, Giorgio Armani az Oscar-d\u00edjasok \u201eudvari szab\u00f3jak\u00e9nt\u201d vonult be a k\u00f6ztudatba. Armanit Richard Gere ruh\u00e1i tett\u00e9k vil\u00e1gh\u00edr\u0171v\u00e9, amelyeket az \u201eAmerikai dzsigol\u00f3\u201d c\u00edm\u0171 filmben viselt, \u00e9s az\u00f3ta sz\u00e1mos h\u00edress\u00e9g <strong>kedvenc ruhatervez\u0151je<\/strong> volt, t\u00f6bbek k\u00f6z\u00f6tt olyan szt\u00e1rok\u00e9, mint Uma Thurman, Leonardo DiCaprio, David Bowie vagy Tina Turner. Az olasz legenda kirakatdekorat\u0151rk\u00e9nt \u00e9s beszerz\u0151k\u00e9nt kezdte, majd 1974-ben saj\u00e1t f\u00e9rfi \u00f6lt\u00f6nykollekci\u00f3val jelentkezett. 1975-ben Mil\u00e1n\u00f3ban megalap\u00edtotta a Giorgio Armani divatm\u00e1rk\u00e1t, \u00e9s az\u00f3ta nemcsak az eleg\u00e1ns f\u00e9rfi \u00f6lt\u00f6ny\u00f6kr\u0151l, hanem az exkluz\u00edv kieg\u00e9sz\u00edt\u0151kr\u0151l \u00e9s parf\u00fcm\u00f6kr\u0151l is ismertt\u00e9 v\u00e1lt.\r\n\r\nAz Armani Exchange term\u00e9kvonal 1991-ben jelent meg, azzal a nem titkolt c\u00e9llal, hogy a sportosabb eleganci\u00e1t kedvel\u0151 st\u00edlus- \u00e9s m\u00e1rkatudatos divatrajong\u00f3kat is megsz\u00f3l\u00edtsa. A term\u00e9kcsal\u00e1d olyan min\u0151s\u00e9gi utcai ruh\u00e1zatokat vonultat fel, amelyek els\u0151sorban a fiatalabb gener\u00e1ci\u00f3kat c\u00e9lozz\u00e1k meg.[\/vc_column_text][\/vc_column][\/vc_row][vc_row][vc_column]\n        <div class=\"headlines headlines--center\" data-aos=\"fade-up\">\n            <div class=\"vc_row\">\n                <div class=\"vc_col-md-10 vc_col-md-offset-1 vc_col-lg-10 vc_col-lg-offset-1\"><h2 class=\"h2\">Armani Exchange f\u00e9rfi divat Budapesten<\/h2><\/div>\n            <\/div>\n        <\/div>[vc_column_text]Letisztult, k\u00f6nnyed elegancia: Az Armani jellegzetes st\u00edlusjegyei az Armani Exchange (A|X) darabjaiban is megjelennek. A f\u00e9rfiaknak sz\u00e1nt sportos, lezser fels\u0151- \u00e9s als\u00f3ruh\u00e1zatokon els\u0151sorban a popkultur\u00e1lis \u00e9s urb\u00e1nus hat\u00e1sok \u00e9rv\u00e9nyes\u00fclnek. Az Armani Exchange f\u00e9rfi divat\u00e1rui k\u00f6z\u00f6tt a <strong>sport- \u00e9s szabadid\u0151ruh\u00e1zatok, az als\u00f3nem\u0171k \u00e9s a mark\u00e1ns fels\u0151ruh\u00e1zatok<\/strong> vannak jelen a legnagyobb hangs\u00fallyal, embl\u00e9m\u00e1val ell\u00e1tott kivitelben vagy an\u00e9lk\u00fcl. Legyen sz\u00f3 ak\u00e1r sportruh\u00e1zatr\u00f3l, ak\u00e1r sportos dzsekikr\u0151l, p\u00f3l\u00f3kr\u00f3l vagy ingekr\u0151l, az eg\u00e9sz term\u00e9kvonalat a sportos elegancia \u00e9s a klasszikus Armani sz\u00ednek \u2013 a sz\u00fcrke, a s\u00f6t\u00e9tk\u00e9k, a fekete \u00e9s a feh\u00e9r \u2013 haszn\u00e1lata hat\u00e1rozza meg.\r\n\r\nSzem\u00e9lyesen szeretn\u00e9 felfedezni az Armani Exchange eleg\u00e1ns f\u00e9rfi divat\u00e1ruit Budapesten? L\u00e1togasson el a <a href=\"https:\/\/www.vangraaf.com\/hu\/divathazaink\/\">VAN GRAAF budapesti<\/a> \u00fczleteibe, \u00e9s \u00e1ll\u00edtsa \u00f6ssze \u00faj kedvenc \u00f6lt\u00f6z\u00e9k\u00e9t. Ha szem\u00e9lyes v\u00e1s\u00e1rl\u00e1si id\u0151pontot foglal, munkat\u00e1rsaink kiemelten foglalkoznak \u00d6nnel, hogy seg\u00edtsenek v\u00e1lasztani az exkluz\u00edv m\u00e1rka darabjai k\u00f6z\u00fcl.[\/vc_column_text][\/vc_column][\/vc_row][vc_row][vc_column]<div class=\"vg-element brand-slider brand-slider--light\" data-aos=\"fade-up\"><div class=\"brand-slider__inner\"><div class=\"brand-slider__slider js-brand-slider\"><div class=\"brand-slider__slider__item\"><a href=\"https:\/\/www.vangraaf.com\/hu\/markaink\/adidas-originals\/\" title=\"adidas Originals\"><img loading=\"lazy\" decoding=\"async\" width=\"1\" height=\"1\" src=\"https:\/\/www.vangraaf.com\/hu\/wp-content\/uploads\/sites\/3\/2020\/03\/Adidas_Logo_grau_OK.svg\" class=\"attachment-full size-full\" alt=\"\" \/><\/a><\/div><div class=\"brand-slider__slider__item\"><a href=\"https:\/\/www.vangraaf.com\/hu\/markaink\/tommy-hilfiger\/\" title=\"Tommy Hilfiger\"><img loading=\"lazy\" decoding=\"async\" width=\"1\" height=\"1\" src=\"https:\/\/www.vangraaf.com\/hu\/wp-content\/uploads\/sites\/3\/2020\/03\/Tommy_Hilfiger_4c_grau_OK.svg\" class=\"attachment-full size-full\" alt=\"\" \/><\/a><\/div><div class=\"brand-slider__slider__item\"><a href=\"https:\/\/www.vangraaf.com\/hu\/markaink\/levis\/\" title=\"Levi&#039;s\"><img loading=\"lazy\" decoding=\"async\" width=\"1\" height=\"1\" src=\"https:\/\/www.vangraaf.com\/hu\/wp-content\/uploads\/sites\/3\/2020\/03\/Levis_Logo_grau_OK.svg\" class=\"attachment-full size-full\" alt=\"\" \/><\/a><\/div><div class=\"brand-slider__slider__item\"><a href=\"https:\/\/www.vangraaf.com\/hu\/markaink\/calvin-klein\/\" title=\"Calvin Klein\"><img loading=\"lazy\" decoding=\"async\" width=\"1\" height=\"1\" src=\"https:\/\/www.vangraaf.com\/hu\/wp-content\/uploads\/sites\/3\/2020\/03\/Calvin-Klein-Logo-grau_OK.svg\" class=\"attachment-full size-full\" alt=\"\" \/><\/a><\/div><div class=\"brand-slider__slider__item\"><a href=\"https:\/\/www.vangraaf.com\/hu\/markaink\/champion\/\" title=\"Champion\"><img loading=\"lazy\" decoding=\"async\" width=\"1\" height=\"1\" src=\"https:\/\/www.vangraaf.com\/hu\/wp-content\/uploads\/sites\/3\/2020\/03\/Champion_Logo_grau_OK.svg\" class=\"attachment-full size-full\" alt=\"\" \/><\/a><\/div><div class=\"brand-slider__slider__item\"><a href=\"https:\/\/www.vangraaf.com\/hu\/markaink\/lacoste\/\" title=\"Lacoste\"><img loading=\"lazy\" decoding=\"async\" width=\"1\" height=\"1\" src=\"https:\/\/www.vangraaf.com\/hu\/wp-content\/uploads\/sites\/3\/2020\/03\/Lacoste_Logo_4c_grau_Ausnahme_OK.svg\" class=\"attachment-full size-full\" alt=\"\" \/><\/a><\/div><div class=\"brand-slider__slider__item\"><a href=\"https:\/\/www.vangraaf.com\/hu\/markaink\/superdry\/\" title=\"Superdry\"><img loading=\"lazy\" decoding=\"async\" width=\"1\" height=\"1\" src=\"https:\/\/www.vangraaf.com\/hu\/wp-content\/uploads\/sites\/3\/2020\/03\/Superdry_Logo_grau_OK.svg\" class=\"attachment-full size-full\" alt=\"\" \/><\/a><\/div><div class=\"brand-slider__slider__item\"><a href=\"https:\/\/www.vangraaf.com\/hu\/markaink\/fila\/\" title=\"FILA\"><img loading=\"lazy\" decoding=\"async\" width=\"1\" height=\"1\" src=\"https:\/\/www.vangraaf.com\/hu\/wp-content\/uploads\/sites\/3\/2020\/03\/Fila-Logo-grau_OK.svg\" class=\"attachment-full size-full\" alt=\"\" \/><\/a><\/div><div class=\"brand-slider__slider__item\"><a href=\"https:\/\/www.vangraaf.com\/hu\/markaink\/tom-tailor\/\" title=\"TOM TAILOR\"><img loading=\"lazy\" decoding=\"async\" width=\"1\" height=\"1\" src=\"https:\/\/www.vangraaf.com\/hu\/wp-content\/uploads\/sites\/3\/2020\/03\/Tom_Tailor_Logo_grau_OK.svg\" class=\"attachment-full size-full\" alt=\"\" \/><\/a><\/div><div class=\"brand-slider__slider__item\"><a href=\"https:\/\/www.vangraaf.com\/hu\/markaink\/alpha-industries\/\" title=\"Alpha Industries\"><img loading=\"lazy\" decoding=\"async\" width=\"1\" height=\"1\" src=\"https:\/\/www.vangraaf.com\/hu\/wp-content\/uploads\/sites\/3\/2020\/03\/Alpha_Industries_Logo_grau_OK.svg\" class=\"attachment-full size-full\" alt=\"\" \/><\/a><\/div><div class=\"brand-slider__slider__item\"><a href=\"https:\/\/www.vangraaf.com\/hu\/markaink\/g-star\/\" title=\"G-Star RAW\"><img loading=\"lazy\" decoding=\"async\" width=\"1\" height=\"1\" src=\"https:\/\/www.vangraaf.com\/hu\/wp-content\/uploads\/sites\/3\/2020\/03\/G_Star_Logo_grau_OK.svg\" class=\"attachment-full size-full\" alt=\"\" \/><\/a><\/div><div class=\"brand-slider__slider__item\"><a href=\"https:\/\/www.vangraaf.com\/hu\/markaink\/vila\/\" title=\"VILA\"><img loading=\"lazy\" decoding=\"async\" width=\"1\" height=\"1\" src=\"https:\/\/www.vangraaf.com\/hu\/wp-content\/uploads\/sites\/3\/2020\/03\/Vila_Logo_grau_OK.svg\" class=\"attachment-full size-full\" alt=\"\" \/><\/a><\/div><div class=\"brand-slider__slider__item\"><a href=\"https:\/\/www.vangraaf.com\/hu\/markaink\/boss\/\" title=\"BOSS\"><img loading=\"lazy\" decoding=\"async\" width=\"1\" height=\"1\" src=\"https:\/\/www.vangraaf.com\/hu\/wp-content\/uploads\/sites\/3\/2020\/03\/Boss_Logo_grau_OK.svg\" class=\"attachment-full size-full\" alt=\"\" \/><\/a><\/div><div class=\"brand-slider__slider__item\"><a href=\"https:\/\/www.vangraaf.com\/hu\/markaink\/armani-exchange\/\" title=\"Armani Exchange\"><img loading=\"lazy\" decoding=\"async\" width=\"1\" height=\"1\" src=\"https:\/\/www.vangraaf.com\/hu\/wp-content\/uploads\/sites\/3\/2020\/03\/Armani-Exchange-Logo-grau_OK.svg\" class=\"attachment-full size-full\" alt=\"\" \/><\/a><\/div><div class=\"brand-slider__slider__item\"><a href=\"https:\/\/www.vangraaf.com\/hu\/markaink\/polo-ralph-lauren\/\" title=\"Polo Ralph Lauren\"><img loading=\"lazy\" decoding=\"async\" width=\"1\" height=\"1\" src=\"https:\/\/www.vangraaf.com\/hu\/wp-content\/uploads\/sites\/3\/2020\/03\/Ralph_Lauren_Logo_grau_OK.svg\" class=\"attachment-full size-full\" alt=\"\" \/><\/a><\/div><div class=\"brand-slider__slider__item\"><a href=\"https:\/\/www.vangraaf.com\/hu\/markaink\/marie-lund\/\" title=\"Marie Lund\"><img loading=\"lazy\" decoding=\"async\" width=\"1\" height=\"1\" src=\"https:\/\/www.vangraaf.com\/hu\/wp-content\/uploads\/sites\/3\/2020\/03\/Marie_Lund_Logo_grau_OK.svg\" class=\"attachment-full size-full\" alt=\"\" \/><\/a><\/div><\/div><\/div><\/div>[\/vc_column][\/vc_row]<\/div>","protected":false},"excerpt":{"rendered":"[vc_row full_width=&#8221;stretch_row_content_no_spaces&#8221;][vc_column][vc_column_text] Az Armani a csillog\u00e1s \u00e9s luxus szinonim\u00e1ja, \u00e9s k\u00e9ts\u00e9gk\u00edv\u00fcl a vil\u00e1g egyik legismertebb designer m\u00e1rk\u00e1ja. Ha az Armani anyav\u00e1llalat kollekci\u00f3it a klasszikus fazonok \u00e9s az \u00e1raml\u00f3 anyaghaszn\u00e1lat jellemzi, akkor fiatal testv\u00e9rm\u00e1rk\u00e1ja, az Armani Exchange izgalmas, sportos st\u00edlus\u00fa alternat\u00edv\u00e1t k\u00edn\u00e1l az utcai ruh\u00e1zat innovat\u00edv interpret\u00e1ci\u00f3j\u00e1val. Ha szereti a fiatalos, lezser f\u00e9rfi divatot azzal a [&hellip;]","protected":false},"author":3,"featured_media":0,"parent":3937,"menu_order":0,"comment_status":"closed","ping_status":"closed","template":"","meta":{"_acf_changed":false,"inline_featured_image":false,"footnotes":""},"class_list":["post-4747","page","type-page","status-publish","hentry"],"acf":[],"yoast_head":"<!-- This site is optimized with the Yoast SEO plugin v27.2 - https:\/\/yoast.com\/product\/yoast-seo-wordpress\/ -->\n<title>Armani Exchange designer f\u00e9rfi divat Budapesten<\/title>\n<meta name=\"description\" content=\"Az Armani Exchange a sportos divatot jelenti a megszokott Armani-min\u0151s\u00e9gben. V\u00e1logasson a designer m\u00e1rka f\u00e9rfi divat\u00e1rui k\u00f6z\u00fcl a VAN GRAAF budapesti \u00fczleteiben.\" \/>\n<meta name=\"robots\" content=\"index, follow, max-snippet:-1, max-image-preview:large, max-video-preview:-1\" \/>\n<link rel=\"canonical\" href=\"https:\/\/www.vangraaf.com\/hu\/markaink\/armani-exchange\/\" \/>\n<meta property=\"og:locale\" content=\"hu_HU\" \/>\n<meta property=\"og:type\" content=\"article\" \/>\n<meta property=\"og:title\" content=\"Armani Exchange designer f\u00e9rfi divat Budapesten\" \/>\n<meta property=\"og:description\" content=\"Az Armani Exchange a sportos divatot jelenti a megszokott Armani-min\u0151s\u00e9gben. V\u00e1logasson a designer m\u00e1rka f\u00e9rfi divat\u00e1rui k\u00f6z\u00fcl a VAN GRAAF budapesti \u00fczleteiben.\" \/>\n<meta property=\"og:url\" content=\"https:\/\/www.vangraaf.com\/hu\/markaink\/armani-exchange\/\" \/>\n<meta property=\"og:site_name\" content=\"VAN GRAAF Magyarorsz\u00e1g\" \/>\n<meta property=\"article:modified_time\" content=\"2020-09-15T12:05:23+00:00\" \/>\n<meta name=\"twitter:card\" content=\"summary_large_image\" \/>\n<meta name=\"twitter:label1\" content=\"Becs\u00fclt olvas\u00e1si id\u0151\" \/>\n\t<meta name=\"twitter:data1\" content=\"3 perc\" \/>\n<script type=\"application\/ld+json\" class=\"yoast-schema-graph\">{\"@context\":\"https:\/\/schema.org\",\"@graph\":[{\"@type\":\"WebPage\",\"@id\":\"https:\/\/www.vangraaf.com\/hu\/markaink\/armani-exchange\/\",\"url\":\"https:\/\/www.vangraaf.com\/hu\/markaink\/armani-exchange\/\",\"name\":\"Armani Exchange designer f\u00e9rfi divat Budapesten\",\"isPartOf\":{\"@id\":\"https:\/\/www.vangraaf.com\/hu\/#website\"},\"datePublished\":\"2020-03-12T12:58:44+00:00\",\"dateModified\":\"2020-09-15T12:05:23+00:00\",\"description\":\"Az Armani Exchange a sportos divatot jelenti a megszokott Armani-min\u0151s\u00e9gben. V\u00e1logasson a designer m\u00e1rka f\u00e9rfi divat\u00e1rui k\u00f6z\u00fcl a VAN GRAAF budapesti \u00fczleteiben.\",\"breadcrumb\":{\"@id\":\"https:\/\/www.vangraaf.com\/hu\/markaink\/armani-exchange\/#breadcrumb\"},\"inLanguage\":\"hu\",\"potentialAction\":[{\"@type\":\"ReadAction\",\"target\":[\"https:\/\/www.vangraaf.com\/hu\/markaink\/armani-exchange\/\"]}]},{\"@type\":\"BreadcrumbList\",\"@id\":\"https:\/\/www.vangraaf.com\/hu\/markaink\/armani-exchange\/#breadcrumb\",\"itemListElement\":[{\"@type\":\"ListItem\",\"position\":1,\"name\":\"Home\",\"item\":\"https:\/\/www.vangraaf.com\/hu\/\"},{\"@type\":\"ListItem\",\"position\":2,\"name\":\"Marken\",\"item\":\"https:\/\/www.vangraaf.com\/hu\/markaink\/\"},{\"@type\":\"ListItem\",\"position\":3,\"name\":\"Armani Exchange\"}]},{\"@type\":\"WebSite\",\"@id\":\"https:\/\/www.vangraaf.com\/hu\/#website\",\"url\":\"https:\/\/www.vangraaf.com\/hu\/\",\"name\":\"VAN GRAAF\",\"description\":\"VAN GRAAF\",\"potentialAction\":[{\"@type\":\"SearchAction\",\"target\":{\"@type\":\"EntryPoint\",\"urlTemplate\":\"https:\/\/www.vangraaf.com\/hu\/?s={search_term_string}\"},\"query-input\":{\"@type\":\"PropertyValueSpecification\",\"valueRequired\":true,\"valueName\":\"search_term_string\"}}],\"inLanguage\":\"hu\"}]}<\/script>\n<!-- \/ Yoast SEO plugin. -->","yoast_head_json":{"title":"Armani Exchange designer f\u00e9rfi divat Budapesten","description":"Az Armani Exchange a sportos divatot jelenti a megszokott Armani-min\u0151s\u00e9gben. V\u00e1logasson a designer m\u00e1rka f\u00e9rfi divat\u00e1rui k\u00f6z\u00fcl a VAN GRAAF budapesti \u00fczleteiben.","robots":{"index":"index","follow":"follow","max-snippet":"max-snippet:-1","max-image-preview":"max-image-preview:large","max-video-preview":"max-video-preview:-1"},"canonical":"https:\/\/www.vangraaf.com\/hu\/markaink\/armani-exchange\/","og_locale":"hu_HU","og_type":"article","og_title":"Armani Exchange designer f\u00e9rfi divat Budapesten","og_description":"Az Armani Exchange a sportos divatot jelenti a megszokott Armani-min\u0151s\u00e9gben. V\u00e1logasson a designer m\u00e1rka f\u00e9rfi divat\u00e1rui k\u00f6z\u00fcl a VAN GRAAF budapesti \u00fczleteiben.","og_url":"https:\/\/www.vangraaf.com\/hu\/markaink\/armani-exchange\/","og_site_name":"VAN GRAAF Magyarorsz\u00e1g","article_modified_time":"2020-09-15T12:05:23+00:00","twitter_card":"summary_large_image","twitter_misc":{"Becs\u00fclt olvas\u00e1si id\u0151":"3 perc"},"schema":{"@context":"https:\/\/schema.org","@graph":[{"@type":"WebPage","@id":"https:\/\/www.vangraaf.com\/hu\/markaink\/armani-exchange\/","url":"https:\/\/www.vangraaf.com\/hu\/markaink\/armani-exchange\/","name":"Armani Exchange designer f\u00e9rfi divat Budapesten","isPartOf":{"@id":"https:\/\/www.vangraaf.com\/hu\/#website"},"datePublished":"2020-03-12T12:58:44+00:00","dateModified":"2020-09-15T12:05:23+00:00","description":"Az Armani Exchange a sportos divatot jelenti a megszokott Armani-min\u0151s\u00e9gben. V\u00e1logasson a designer m\u00e1rka f\u00e9rfi divat\u00e1rui k\u00f6z\u00fcl a VAN GRAAF budapesti \u00fczleteiben.","breadcrumb":{"@id":"https:\/\/www.vangraaf.com\/hu\/markaink\/armani-exchange\/#breadcrumb"},"inLanguage":"hu","potentialAction":[{"@type":"ReadAction","target":["https:\/\/www.vangraaf.com\/hu\/markaink\/armani-exchange\/"]}]},{"@type":"BreadcrumbList","@id":"https:\/\/www.vangraaf.com\/hu\/markaink\/armani-exchange\/#breadcrumb","itemListElement":[{"@type":"ListItem","position":1,"name":"Home","item":"https:\/\/www.vangraaf.com\/hu\/"},{"@type":"ListItem","position":2,"name":"Marken","item":"https:\/\/www.vangraaf.com\/hu\/markaink\/"},{"@type":"ListItem","position":3,"name":"Armani Exchange"}]},{"@type":"WebSite","@id":"https:\/\/www.vangraaf.com\/hu\/#website","url":"https:\/\/www.vangraaf.com\/hu\/","name":"VAN GRAAF","description":"VAN GRAAF","potentialAction":[{"@type":"SearchAction","target":{"@type":"EntryPoint","urlTemplate":"https:\/\/www.vangraaf.com\/hu\/?s={search_term_string}"},"query-input":{"@type":"PropertyValueSpecification","valueRequired":true,"valueName":"search_term_string"}}],"inLanguage":"hu"}]}},"_links":{"self":[{"href":"https:\/\/www.vangraaf.com\/hu\/wp-json\/wp\/v2\/pages\/4747","targetHints":{"allow":["GET"]}}],"collection":[{"href":"https:\/\/www.vangraaf.com\/hu\/wp-json\/wp\/v2\/pages"}],"about":[{"href":"https:\/\/www.vangraaf.com\/hu\/wp-json\/wp\/v2\/types\/page"}],"author":[{"embeddable":true,"href":"https:\/\/www.vangraaf.com\/hu\/wp-json\/wp\/v2\/users\/3"}],"replies":[{"embeddable":true,"href":"https:\/\/www.vangraaf.com\/hu\/wp-json\/wp\/v2\/comments?post=4747"}],"version-history":[{"count":6,"href":"https:\/\/www.vangraaf.com\/hu\/wp-json\/wp\/v2\/pages\/4747\/revisions"}],"predecessor-version":[{"id":5336,"href":"https:\/\/www.vangraaf.com\/hu\/wp-json\/wp\/v2\/pages\/4747\/revisions\/5336"}],"up":[{"embeddable":true,"href":"https:\/\/www.vangraaf.com\/hu\/wp-json\/wp\/v2\/pages\/3937"}],"wp:attachment":[{"href":"https:\/\/www.vangraaf.com\/hu\/wp-json\/wp\/v2\/media?parent=4747"}],"curies":[{"name":"wp","href":"https:\/\/api.w.org\/{rel}","templated":true}]}}