{"id":4746,"date":"2020-03-12T13:52:02","date_gmt":"2020-03-12T12:52:02","guid":{"rendered":"http:\/\/van-graaf.test\/ch\/?page_id=3642"},"modified":"2026-02-26T11:47:48","modified_gmt":"2026-02-26T10:47:48","slug":"alpha-industries","status":"publish","type":"page","link":"https:\/\/www.vangraaf.com\/hu\/markaink\/alpha-industries\/","title":{"rendered":"Alpha Industries"},"content":{"rendered":"<div class=\"wpb-content-wrapper\">[vc_row full_width=&#8221;stretch_row_content_no_spaces&#8221;][vc_column]<div class=\"keyvisual\" data-aos=\"fade-up\" ><img loading=\"lazy\" decoding=\"async\" width=\"1440\" height=\"480\" src=\"https:\/\/www.vangraaf.com\/hu\/wp-content\/uploads\/sites\/3\/2020\/02\/Logo_AlphaIndustries.jpg\" class=\"vc_single_image-img\" alt=\"\" srcset=\"https:\/\/www.vangraaf.com\/hu\/wp-content\/uploads\/sites\/3\/2020\/02\/Logo_AlphaIndustries.jpg 1440w, https:\/\/www.vangraaf.com\/hu\/wp-content\/uploads\/sites\/3\/2020\/02\/Logo_AlphaIndustries-300x100.jpg 300w, https:\/\/www.vangraaf.com\/hu\/wp-content\/uploads\/sites\/3\/2020\/02\/Logo_AlphaIndustries-1024x341.jpg 1024w, https:\/\/www.vangraaf.com\/hu\/wp-content\/uploads\/sites\/3\/2020\/02\/Logo_AlphaIndustries-768x256.jpg 768w, https:\/\/www.vangraaf.com\/hu\/wp-content\/uploads\/sites\/3\/2020\/02\/Logo_AlphaIndustries-1200x400.jpg 1200w, https:\/\/www.vangraaf.com\/hu\/wp-content\/uploads\/sites\/3\/2020\/02\/Logo_AlphaIndustries-992x331.jpg 992w, https:\/\/www.vangraaf.com\/hu\/wp-content\/uploads\/sites\/3\/2020\/02\/Logo_AlphaIndustries-480x160.jpg 480w\" sizes=\"(max-width: 1440px) 100vw, 1440px\" \/><\/div>\n        <div class=\"headlines headlines--center\" data-aos=\"fade-up\">\n            <div class=\"vc_row\">\n                <div class=\"vc_col-md-10 vc_col-md-offset-1 vc_col-lg-10 vc_col-lg-offset-1\"><span class=\"h6\">Alpha Industries<\/span><h1 class=\"h2\">Alpha Industries Budapesten \u2013 N\u0151i \u00e9s f\u00e9rfi divat military st\u00edlusban<\/h1><\/div>\n            <\/div>\n        <\/div>[vc_column_text]\r\n<p style=\"text-align: center;\">Pil\u00f3taruh\u00e1zatb\u00f3l sportos divatm\u00e1rka: az Alpha Industries megh\u00f3d\u00edtotta a divatvil\u00e1got. A gy\u00e1rt\u00f3 eredetileg az amerikai l\u00e9gier\u0151nek tervezte n\u00e9pszer\u0171 szabadid\u0151s ruh\u00e1zatait. A mark\u00e1ns megjelen\u00e9s\u0171 military ruh\u00e1zat id\u0151tlen st\u00edlusa azonban nemcsak a pil\u00f3taf\u00fclk\u00e9ben, hanem a divatrajong\u00f3k k\u00f6r\u00e9ben is nagy sikert aratott. Az amerikai m\u00e1rka z\u00e1szl\u00f3shaj\u00f3j\u00e1nak els\u0151sorban a bomberdzsekit tekinthetj\u00fck, amely n\u0151k \u00e9s f\u00e9rfiak k\u00f6r\u00e9ben egyar\u00e1nt n\u00e9pszer\u0171, \u00e9s amelyet sokan el\u0151szeretettel kombin\u00e1lnak <strong>lezser st\u00edlus\u00fa utcai darabokkal<\/strong>. Mer\u00edtsen ihletet a leg\u00fajabb divattrendekb\u0151l, \u00e9s v\u00e1logasson az Alpha Industries legn\u00e9pszer\u0171bb darabjai k\u00f6z\u00fcl a budapesti VAN GRAAF-\u00fczletekben.<\/p>\r\n[\/vc_column_text][\/vc_column][\/vc_row][vc_row bwd_tbc4vd_show_weekday=&#8221;&#8221; full_width=&#8221;stretch_row_content_no_spaces&#8221;][vc_column]\n            <div class=\"vg-element topic-slider topic-slider--left topic-slider--dark\" style=\"--season-color-1: #ededed; --season-color-2: #002045\" data-aos=\"fade-up\">\n                <div class=\"topic-slider__inner\">\n                    <div class=\"content_wrap\">\n                        <div class=\"vc_row\">\n                            <div class=\"vc_col-md-12 vc_col-lg-10 vc_col-lg-offset-1\">\n                                <div class=\"vc_row\">\n                                    <div class=\"vc_col-sm-6\"><div class=\"topic-slider__image-wrap\"><div class=\"topic-slider__slider-wrap\"><div class=\"js-topic-slider\"><div class=\"topic-slider__slider__item\"><img loading=\"lazy\" decoding=\"async\" width=\"427\" height=\"639\" src=\"https:\/\/www.vangraaf.com\/hu\/wp-content\/uploads\/sites\/3\/2022\/05\/Damen-Wendejacke_pdzoom_539699-0001_outfit_1.jpg\" class=\"vc_single_image-img attachment-full\" alt=\"\" title=\"Damen-Wendejacke_pdzoom_539699-0001_outfit_1\" srcset=\"https:\/\/www.vangraaf.com\/hu\/wp-content\/uploads\/sites\/3\/2022\/05\/Damen-Wendejacke_pdzoom_539699-0001_outfit_1.jpg 427w, https:\/\/www.vangraaf.com\/hu\/wp-content\/uploads\/sites\/3\/2022\/05\/Damen-Wendejacke_pdzoom_539699-0001_outfit_1-200x300.jpg 200w\" sizes=\"(max-width: 427px) 100vw, 427px\" \/><\/div><div class=\"topic-slider__slider__item\"><img loading=\"lazy\" decoding=\"async\" width=\"427\" height=\"639\" src=\"https:\/\/www.vangraaf.com\/hu\/wp-content\/uploads\/sites\/3\/2022\/05\/Herren-Jacke_pdzoom_523752-0001_modeldetail_1.jpg\" class=\"vc_single_image-img attachment-full\" alt=\"\" title=\"Herren-Jacke_pdzoom_523752-0001_modeldetail_1\" srcset=\"https:\/\/www.vangraaf.com\/hu\/wp-content\/uploads\/sites\/3\/2022\/05\/Herren-Jacke_pdzoom_523752-0001_modeldetail_1.jpg 427w, https:\/\/www.vangraaf.com\/hu\/wp-content\/uploads\/sites\/3\/2022\/05\/Herren-Jacke_pdzoom_523752-0001_modeldetail_1-200x300.jpg 200w\" sizes=\"(max-width: 427px) 100vw, 427px\" \/><\/div><\/div><\/div><\/div><\/div><div class=\"vc_col-sm-6 vc_col-md-5 vc_col-md-offset-1\"><div class=\"topic-slider__content\"><span class=\"h4\">B\u00edrja a gy\u0171r\u0151d\u00e9st \u2013 N\u0151i \u00e9s f\u00e9rfi divat\u00e1ruk az Alpha Industriest\u00f3l<\/span><p>Az Alpha Industries 1959-es megalap\u00edt\u00e1sakor egyetlen c\u00e9lt t\u0171z\u00f6tt ki maga el\u00e9: a lehet\u0151 legjobb felszerel\u00e9seket k\u00e9sz\u00edteni az amerikai hadsereg sz\u00e1m\u00e1ra. Ez\u00e9rt a <strong>tart\u00f3s \u00e9s praktikus kialak\u00edt\u00e1st<\/strong> helyezt\u00e9k k\u00f6z\u00e9ppontba, amely megfelel a katonai ig\u00e9nybev\u00e9telnek. A m\u00e1rka a mai napig ezt a min\u0151s\u00e9gi alapelvet k\u00f6veti. \u00cdgy a fels\u0151ruh\u00e1zatok, mint p\u00e9ld\u00e1ul a dzsekik \u00e9s a csukly\u00e1s kab\u00e1tok v\u00edztasz\u00edt\u00f3 kivitelben, kiv\u00e1l\u00f3 min\u0151s\u00e9g\u0171 cipz\u00e1rral \u00e9s k\u00e9nyelmes, bord\u00e1zott anyagokkal k\u00e9sz\u00fclnek.<\/p>\n<\/div><\/div>\n                                <\/div>\n                            <\/div>\n                        <\/div>\n                    <\/div>\n                <\/div>\n            <\/div>[\/vc_column][\/vc_row][vc_row][vc_column][vc_column_text]Az Alpha Industries ruh\u00e1zatainak sz\u00ednv\u00e1laszt\u00e9ka is a m\u00e1rka katonai gy\u00f6kereire eml\u00e9keztet: a k\u00f6z\u00e9ppontban az olyan <strong>visszafogott sz\u00ednek<\/strong> \u00e1llnak, mint p\u00e9ld\u00e1ul a barna, a b\u00e9zs, a fekete \u00e9s a tenger\u00e9szk\u00e9k. De a knoxville-i m\u00e1rka legink\u00e1bb a khaki sz\u00ednt r\u00e9szes\u00edti el\u0151nyben, hiszen ez a military st\u00edlus legjellemz\u0151bb von\u00e1sa. Legyen sz\u00f3 ak\u00e1r kapucnis pul\u00f3verr\u0151l, ak\u00e1r p\u00f3l\u00f3r\u00f3l, bomberdzsekir\u0151l vagy t\u00e9li csukly\u00e1s kab\u00e1tr\u00f3l, a jellegzetes z\u00f6ld sz\u00edn\u00e1rnyalat j\u00f3l felismerhet\u0151v\u00e9 teszi a m\u00e1rka kollekci\u00f3it. A n\u0151i \u00e9s f\u00e9rfi fels\u0151- \u00e9s als\u00f3ruh\u00e1zat military st\u00edlus\u00fa megjelen\u00e9s\u00e9t b\u0151 szab\u00e1s \u00e9s olyan mark\u00e1ns r\u00e9szletek teszik teljess\u00e9, mint p\u00e9ld\u00e1ul a varrott log\u00f3k \u00e9s a kontrasztos cipz\u00e1rak.[\/vc_column_text][\/vc_column][\/vc_row][vc_row][vc_column]\n        <div class=\"headlines headlines--center\" data-aos=\"fade-up\">\n            <div class=\"vc_row\">\n                <div class=\"vc_col-md-10 vc_col-md-offset-1 vc_col-lg-10 vc_col-lg-offset-1\"><h2 class=\"h2\">Fedezze fel az Alpha Industries divatos modelljeit Budapesten<\/h2><\/div>\n            <\/div>\n        <\/div>[vc_column_text]\r\n<p class=\"Standard1\"><span lang=\"EN-US\"><a href=\"https:\/\/www.vangraaf.com\/hu\/divathazaink\/\">Budapesti \u00fczleteinkben<\/a> nagy v\u00e1laszt\u00e9kban tal\u00e1l n\u0151i \u00e9s f\u00e9rfi ruh\u00e1zatokat az Alpha Industriest\u00f3l \u00e9s tov\u00e1bbi sportos m\u00e1rk\u00e1kt\u00f3l. Munkat\u00e1rsaink ig\u00e9ny eset\u00e9n sz\u00edvesen seg\u00edtenek az \u00d6nh\u00f6z legink\u00e1bb ill\u0151 military st\u00edlus\u00fa \u00f6lt\u00f6z\u00e9k kiv\u00e1laszt\u00e1s\u00e1ban. Nem szeretne lemaradni a leg\u00fajabb trendekr\u0151l? <a href=\"https:\/\/www.vangraaf.com\/hu\/friendsclub-newsletter-subscribe\/\">H\u00edrlevel\u00fcnkb\u0151l megismerheti az \u00fajdons\u00e1gokat \u00e9s a budapesti<\/a> \u00fczleteinkben el\u00e9rhet\u0151 kedvezm\u00e9nyeket.<\/span><\/p>\r\n[\/vc_column_text][\/vc_column][\/vc_row][vc_row][vc_column]<div class=\"vg-element brand-slider brand-slider--light\" data-aos=\"fade-up\"><div class=\"brand-slider__inner\"><div class=\"brand-slider__slider js-brand-slider\"><div class=\"brand-slider__slider__item\"><a href=\"https:\/\/www.vangraaf.com\/hu\/markaink\/adidas-originals\/\" title=\"adidas Originals\"><img loading=\"lazy\" decoding=\"async\" width=\"1\" height=\"1\" src=\"https:\/\/www.vangraaf.com\/hu\/wp-content\/uploads\/sites\/3\/2020\/03\/Adidas_Logo_grau_OK.svg\" class=\"attachment-full size-full\" alt=\"\" \/><\/a><\/div><div class=\"brand-slider__slider__item\"><a href=\"https:\/\/www.vangraaf.com\/hu\/markaink\/tommy-hilfiger\/\" title=\"Tommy Hilfiger\"><img loading=\"lazy\" decoding=\"async\" width=\"1\" height=\"1\" src=\"https:\/\/www.vangraaf.com\/hu\/wp-content\/uploads\/sites\/3\/2020\/03\/Tommy_Hilfiger_4c_grau_OK.svg\" class=\"attachment-full size-full\" alt=\"\" \/><\/a><\/div><div class=\"brand-slider__slider__item\"><a href=\"https:\/\/www.vangraaf.com\/hu\/markaink\/levis\/\" title=\"Levi&#039;s\"><img loading=\"lazy\" decoding=\"async\" width=\"1\" height=\"1\" src=\"https:\/\/www.vangraaf.com\/hu\/wp-content\/uploads\/sites\/3\/2020\/03\/Levis_Logo_grau_OK.svg\" class=\"attachment-full size-full\" alt=\"\" \/><\/a><\/div><div class=\"brand-slider__slider__item\"><a href=\"https:\/\/www.vangraaf.com\/hu\/markaink\/calvin-klein\/\" title=\"Calvin Klein\"><img loading=\"lazy\" decoding=\"async\" width=\"1\" height=\"1\" src=\"https:\/\/www.vangraaf.com\/hu\/wp-content\/uploads\/sites\/3\/2020\/03\/Calvin-Klein-Logo-grau_OK.svg\" class=\"attachment-full size-full\" alt=\"\" \/><\/a><\/div><div class=\"brand-slider__slider__item\"><a href=\"https:\/\/www.vangraaf.com\/hu\/markaink\/champion\/\" title=\"Champion\"><img loading=\"lazy\" decoding=\"async\" width=\"1\" height=\"1\" src=\"https:\/\/www.vangraaf.com\/hu\/wp-content\/uploads\/sites\/3\/2020\/03\/Champion_Logo_grau_OK.svg\" class=\"attachment-full size-full\" alt=\"\" \/><\/a><\/div><div class=\"brand-slider__slider__item\"><a href=\"https:\/\/www.vangraaf.com\/hu\/markaink\/lacoste\/\" title=\"Lacoste\"><img loading=\"lazy\" decoding=\"async\" width=\"1\" height=\"1\" src=\"https:\/\/www.vangraaf.com\/hu\/wp-content\/uploads\/sites\/3\/2020\/03\/Lacoste_Logo_4c_grau_Ausnahme_OK.svg\" class=\"attachment-full size-full\" alt=\"\" \/><\/a><\/div><div class=\"brand-slider__slider__item\"><a href=\"https:\/\/www.vangraaf.com\/hu\/markaink\/superdry\/\" title=\"Superdry\"><img loading=\"lazy\" decoding=\"async\" width=\"1\" height=\"1\" src=\"https:\/\/www.vangraaf.com\/hu\/wp-content\/uploads\/sites\/3\/2020\/03\/Superdry_Logo_grau_OK.svg\" class=\"attachment-full size-full\" alt=\"\" \/><\/a><\/div><div class=\"brand-slider__slider__item\"><a href=\"https:\/\/www.vangraaf.com\/hu\/markaink\/fila\/\" title=\"FILA\"><img loading=\"lazy\" decoding=\"async\" width=\"1\" height=\"1\" src=\"https:\/\/www.vangraaf.com\/hu\/wp-content\/uploads\/sites\/3\/2020\/03\/Fila-Logo-grau_OK.svg\" class=\"attachment-full size-full\" alt=\"\" \/><\/a><\/div><div class=\"brand-slider__slider__item\"><a href=\"https:\/\/www.vangraaf.com\/hu\/markaink\/tom-tailor\/\" title=\"TOM TAILOR\"><img loading=\"lazy\" decoding=\"async\" width=\"1\" height=\"1\" src=\"https:\/\/www.vangraaf.com\/hu\/wp-content\/uploads\/sites\/3\/2020\/03\/Tom_Tailor_Logo_grau_OK.svg\" class=\"attachment-full size-full\" alt=\"\" \/><\/a><\/div><div class=\"brand-slider__slider__item\"><a href=\"https:\/\/www.vangraaf.com\/hu\/markaink\/alpha-industries\/\" title=\"Alpha Industries\"><img loading=\"lazy\" decoding=\"async\" width=\"1\" height=\"1\" src=\"https:\/\/www.vangraaf.com\/hu\/wp-content\/uploads\/sites\/3\/2020\/03\/Alpha_Industries_Logo_grau_OK.svg\" class=\"attachment-full size-full\" alt=\"\" \/><\/a><\/div><div class=\"brand-slider__slider__item\"><a href=\"https:\/\/www.vangraaf.com\/hu\/markaink\/g-star\/\" title=\"G-Star RAW\"><img loading=\"lazy\" decoding=\"async\" width=\"1\" height=\"1\" src=\"https:\/\/www.vangraaf.com\/hu\/wp-content\/uploads\/sites\/3\/2020\/03\/G_Star_Logo_grau_OK.svg\" class=\"attachment-full size-full\" alt=\"\" \/><\/a><\/div><div class=\"brand-slider__slider__item\"><a href=\"https:\/\/www.vangraaf.com\/hu\/markaink\/vila\/\" title=\"VILA\"><img loading=\"lazy\" decoding=\"async\" width=\"1\" height=\"1\" src=\"https:\/\/www.vangraaf.com\/hu\/wp-content\/uploads\/sites\/3\/2020\/03\/Vila_Logo_grau_OK.svg\" class=\"attachment-full size-full\" alt=\"\" \/><\/a><\/div><div class=\"brand-slider__slider__item\"><a href=\"https:\/\/www.vangraaf.com\/hu\/markaink\/boss\/\" title=\"BOSS\"><img loading=\"lazy\" decoding=\"async\" width=\"1\" height=\"1\" src=\"https:\/\/www.vangraaf.com\/hu\/wp-content\/uploads\/sites\/3\/2020\/03\/Boss_Logo_grau_OK.svg\" class=\"attachment-full size-full\" alt=\"\" \/><\/a><\/div><div class=\"brand-slider__slider__item\"><a href=\"https:\/\/www.vangraaf.com\/hu\/markaink\/armani-exchange\/\" title=\"Armani Exchange\"><img loading=\"lazy\" decoding=\"async\" width=\"1\" height=\"1\" src=\"https:\/\/www.vangraaf.com\/hu\/wp-content\/uploads\/sites\/3\/2020\/03\/Armani-Exchange-Logo-grau_OK.svg\" class=\"attachment-full size-full\" alt=\"\" \/><\/a><\/div><div class=\"brand-slider__slider__item\"><a href=\"https:\/\/www.vangraaf.com\/hu\/markaink\/polo-ralph-lauren\/\" title=\"Polo Ralph Lauren\"><img loading=\"lazy\" decoding=\"async\" width=\"1\" height=\"1\" src=\"https:\/\/www.vangraaf.com\/hu\/wp-content\/uploads\/sites\/3\/2020\/03\/Ralph_Lauren_Logo_grau_OK.svg\" class=\"attachment-full size-full\" alt=\"\" \/><\/a><\/div><div class=\"brand-slider__slider__item\"><a href=\"https:\/\/www.vangraaf.com\/hu\/markaink\/marie-lund\/\" title=\"Marie Lund\"><img loading=\"lazy\" decoding=\"async\" width=\"1\" height=\"1\" src=\"https:\/\/www.vangraaf.com\/hu\/wp-content\/uploads\/sites\/3\/2020\/03\/Marie_Lund_Logo_grau_OK.svg\" class=\"attachment-full size-full\" alt=\"\" \/><\/a><\/div><\/div><\/div><\/div>[\/vc_column][\/vc_row]<\/div>","protected":false},"excerpt":{"rendered":"[vc_row full_width=&#8221;stretch_row_content_no_spaces&#8221;][vc_column][vc_column_text] Pil\u00f3taruh\u00e1zatb\u00f3l sportos divatm\u00e1rka: az Alpha Industries megh\u00f3d\u00edtotta a divatvil\u00e1got. A gy\u00e1rt\u00f3 eredetileg az amerikai l\u00e9gier\u0151nek tervezte n\u00e9pszer\u0171 szabadid\u0151s ruh\u00e1zatait. A mark\u00e1ns megjelen\u00e9s\u0171 military ruh\u00e1zat id\u0151tlen st\u00edlusa azonban nemcsak a pil\u00f3taf\u00fclk\u00e9ben, hanem a divatrajong\u00f3k k\u00f6r\u00e9ben is nagy sikert aratott. Az amerikai m\u00e1rka z\u00e1szl\u00f3shaj\u00f3j\u00e1nak els\u0151sorban a bomberdzsekit tekinthetj\u00fck, amely n\u0151k \u00e9s f\u00e9rfiak k\u00f6r\u00e9ben egyar\u00e1nt n\u00e9pszer\u0171, [&hellip;]","protected":false},"author":41,"featured_media":0,"parent":3937,"menu_order":0,"comment_status":"closed","ping_status":"closed","template":"","meta":{"_acf_changed":false,"inline_featured_image":false,"footnotes":""},"class_list":["post-4746","page","type-page","status-publish","hentry"],"acf":[],"yoast_head":"<!-- This site is optimized with the Yoast SEO plugin v27.2 - https:\/\/yoast.com\/product\/yoast-seo-wordpress\/ -->\n<title>Alpha Industries n\u0151i \u00e9s f\u00e9rfi divat Budapesten<\/title>\n<meta name=\"description\" content=\"Sportos divat trendi military st\u00edlusban: Fedezze fel az Alpha Industries n\u0151i \u00e9s f\u00e9rfi kollekci\u00f3it a VAN GRAAF budapesti \u00fczleteiben.\" \/>\n<meta name=\"robots\" content=\"index, follow, max-snippet:-1, max-image-preview:large, max-video-preview:-1\" \/>\n<link rel=\"canonical\" href=\"https:\/\/www.vangraaf.com\/hu\/markaink\/alpha-industries\/\" \/>\n<meta property=\"og:locale\" content=\"hu_HU\" \/>\n<meta property=\"og:type\" content=\"article\" \/>\n<meta property=\"og:title\" content=\"Alpha Industries n\u0151i \u00e9s f\u00e9rfi divat Budapesten\" \/>\n<meta property=\"og:description\" content=\"Sportos divat trendi military st\u00edlusban: Fedezze fel az Alpha Industries n\u0151i \u00e9s f\u00e9rfi kollekci\u00f3it a VAN GRAAF budapesti \u00fczleteiben.\" \/>\n<meta property=\"og:url\" content=\"https:\/\/www.vangraaf.com\/hu\/markaink\/alpha-industries\/\" \/>\n<meta property=\"og:site_name\" content=\"VAN GRAAF Magyarorsz\u00e1g\" \/>\n<meta property=\"article:modified_time\" content=\"2026-02-26T10:47:48+00:00\" \/>\n<meta name=\"twitter:card\" content=\"summary_large_image\" \/>\n<meta name=\"twitter:label1\" content=\"Becs\u00fclt olvas\u00e1si id\u0151\" \/>\n\t<meta name=\"twitter:data1\" content=\"3 perc\" \/>\n<script type=\"application\/ld+json\" class=\"yoast-schema-graph\">{\"@context\":\"https:\/\/schema.org\",\"@graph\":[{\"@type\":\"WebPage\",\"@id\":\"https:\/\/www.vangraaf.com\/hu\/markaink\/alpha-industries\/\",\"url\":\"https:\/\/www.vangraaf.com\/hu\/markaink\/alpha-industries\/\",\"name\":\"Alpha Industries n\u0151i \u00e9s f\u00e9rfi divat Budapesten\",\"isPartOf\":{\"@id\":\"https:\/\/www.vangraaf.com\/hu\/#website\"},\"datePublished\":\"2020-03-12T12:52:02+00:00\",\"dateModified\":\"2026-02-26T10:47:48+00:00\",\"description\":\"Sportos divat trendi military st\u00edlusban: Fedezze fel az Alpha Industries n\u0151i \u00e9s f\u00e9rfi kollekci\u00f3it a VAN GRAAF budapesti \u00fczleteiben.\",\"breadcrumb\":{\"@id\":\"https:\/\/www.vangraaf.com\/hu\/markaink\/alpha-industries\/#breadcrumb\"},\"inLanguage\":\"hu\",\"potentialAction\":[{\"@type\":\"ReadAction\",\"target\":[\"https:\/\/www.vangraaf.com\/hu\/markaink\/alpha-industries\/\"]}]},{\"@type\":\"BreadcrumbList\",\"@id\":\"https:\/\/www.vangraaf.com\/hu\/markaink\/alpha-industries\/#breadcrumb\",\"itemListElement\":[{\"@type\":\"ListItem\",\"position\":1,\"name\":\"Home\",\"item\":\"https:\/\/www.vangraaf.com\/hu\/\"},{\"@type\":\"ListItem\",\"position\":2,\"name\":\"Marken\",\"item\":\"https:\/\/www.vangraaf.com\/hu\/markaink\/\"},{\"@type\":\"ListItem\",\"position\":3,\"name\":\"Alpha Industries\"}]},{\"@type\":\"WebSite\",\"@id\":\"https:\/\/www.vangraaf.com\/hu\/#website\",\"url\":\"https:\/\/www.vangraaf.com\/hu\/\",\"name\":\"VAN GRAAF\",\"description\":\"VAN GRAAF\",\"potentialAction\":[{\"@type\":\"SearchAction\",\"target\":{\"@type\":\"EntryPoint\",\"urlTemplate\":\"https:\/\/www.vangraaf.com\/hu\/?s={search_term_string}\"},\"query-input\":{\"@type\":\"PropertyValueSpecification\",\"valueRequired\":true,\"valueName\":\"search_term_string\"}}],\"inLanguage\":\"hu\"}]}<\/script>\n<!-- \/ Yoast SEO plugin. -->","yoast_head_json":{"title":"Alpha Industries n\u0151i \u00e9s f\u00e9rfi divat Budapesten","description":"Sportos divat trendi military st\u00edlusban: Fedezze fel az Alpha Industries n\u0151i \u00e9s f\u00e9rfi kollekci\u00f3it a VAN GRAAF budapesti \u00fczleteiben.","robots":{"index":"index","follow":"follow","max-snippet":"max-snippet:-1","max-image-preview":"max-image-preview:large","max-video-preview":"max-video-preview:-1"},"canonical":"https:\/\/www.vangraaf.com\/hu\/markaink\/alpha-industries\/","og_locale":"hu_HU","og_type":"article","og_title":"Alpha Industries n\u0151i \u00e9s f\u00e9rfi divat Budapesten","og_description":"Sportos divat trendi military st\u00edlusban: Fedezze fel az Alpha Industries n\u0151i \u00e9s f\u00e9rfi kollekci\u00f3it a VAN GRAAF budapesti \u00fczleteiben.","og_url":"https:\/\/www.vangraaf.com\/hu\/markaink\/alpha-industries\/","og_site_name":"VAN GRAAF Magyarorsz\u00e1g","article_modified_time":"2026-02-26T10:47:48+00:00","twitter_card":"summary_large_image","twitter_misc":{"Becs\u00fclt olvas\u00e1si id\u0151":"3 perc"},"schema":{"@context":"https:\/\/schema.org","@graph":[{"@type":"WebPage","@id":"https:\/\/www.vangraaf.com\/hu\/markaink\/alpha-industries\/","url":"https:\/\/www.vangraaf.com\/hu\/markaink\/alpha-industries\/","name":"Alpha Industries n\u0151i \u00e9s f\u00e9rfi divat Budapesten","isPartOf":{"@id":"https:\/\/www.vangraaf.com\/hu\/#website"},"datePublished":"2020-03-12T12:52:02+00:00","dateModified":"2026-02-26T10:47:48+00:00","description":"Sportos divat trendi military st\u00edlusban: Fedezze fel az Alpha Industries n\u0151i \u00e9s f\u00e9rfi kollekci\u00f3it a VAN GRAAF budapesti \u00fczleteiben.","breadcrumb":{"@id":"https:\/\/www.vangraaf.com\/hu\/markaink\/alpha-industries\/#breadcrumb"},"inLanguage":"hu","potentialAction":[{"@type":"ReadAction","target":["https:\/\/www.vangraaf.com\/hu\/markaink\/alpha-industries\/"]}]},{"@type":"BreadcrumbList","@id":"https:\/\/www.vangraaf.com\/hu\/markaink\/alpha-industries\/#breadcrumb","itemListElement":[{"@type":"ListItem","position":1,"name":"Home","item":"https:\/\/www.vangraaf.com\/hu\/"},{"@type":"ListItem","position":2,"name":"Marken","item":"https:\/\/www.vangraaf.com\/hu\/markaink\/"},{"@type":"ListItem","position":3,"name":"Alpha Industries"}]},{"@type":"WebSite","@id":"https:\/\/www.vangraaf.com\/hu\/#website","url":"https:\/\/www.vangraaf.com\/hu\/","name":"VAN GRAAF","description":"VAN GRAAF","potentialAction":[{"@type":"SearchAction","target":{"@type":"EntryPoint","urlTemplate":"https:\/\/www.vangraaf.com\/hu\/?s={search_term_string}"},"query-input":{"@type":"PropertyValueSpecification","valueRequired":true,"valueName":"search_term_string"}}],"inLanguage":"hu"}]}},"_links":{"self":[{"href":"https:\/\/www.vangraaf.com\/hu\/wp-json\/wp\/v2\/pages\/4746","targetHints":{"allow":["GET"]}}],"collection":[{"href":"https:\/\/www.vangraaf.com\/hu\/wp-json\/wp\/v2\/pages"}],"about":[{"href":"https:\/\/www.vangraaf.com\/hu\/wp-json\/wp\/v2\/types\/page"}],"author":[{"embeddable":true,"href":"https:\/\/www.vangraaf.com\/hu\/wp-json\/wp\/v2\/users\/41"}],"replies":[{"embeddable":true,"href":"https:\/\/www.vangraaf.com\/hu\/wp-json\/wp\/v2\/comments?post=4746"}],"version-history":[{"count":10,"href":"https:\/\/www.vangraaf.com\/hu\/wp-json\/wp\/v2\/pages\/4746\/revisions"}],"predecessor-version":[{"id":22198,"href":"https:\/\/www.vangraaf.com\/hu\/wp-json\/wp\/v2\/pages\/4746\/revisions\/22198"}],"up":[{"embeddable":true,"href":"https:\/\/www.vangraaf.com\/hu\/wp-json\/wp\/v2\/pages\/3937"}],"wp:attachment":[{"href":"https:\/\/www.vangraaf.com\/hu\/wp-json\/wp\/v2\/media?parent=4746"}],"curies":[{"name":"wp","href":"https:\/\/api.w.org\/{rel}","templated":true}]}}