{"id":4745,"date":"2020-03-12T13:37:26","date_gmt":"2020-03-12T12:37:26","guid":{"rendered":"http:\/\/van-graaf.test\/ch\/?page_id=3614"},"modified":"2020-09-15T14:04:39","modified_gmt":"2020-09-15T12:04:39","slug":"adidas-originals","status":"publish","type":"page","link":"https:\/\/www.vangraaf.com\/hu\/markaink\/adidas-originals\/","title":{"rendered":"Adidas Originals"},"content":{"rendered":"<div class=\"wpb-content-wrapper\">[vc_row full_width=&#8221;stretch_row_content_no_spaces&#8221;][vc_column]<div class=\"keyvisual\" data-aos=\"fade-up\" ><img loading=\"lazy\" decoding=\"async\" width=\"1440\" height=\"480\" src=\"https:\/\/www.vangraaf.com\/hu\/wp-content\/uploads\/sites\/3\/2020\/02\/Logo_Adidas.jpg\" class=\"vc_single_image-img\" alt=\"\" srcset=\"https:\/\/www.vangraaf.com\/hu\/wp-content\/uploads\/sites\/3\/2020\/02\/Logo_Adidas.jpg 1440w, https:\/\/www.vangraaf.com\/hu\/wp-content\/uploads\/sites\/3\/2020\/02\/Logo_Adidas-300x100.jpg 300w, https:\/\/www.vangraaf.com\/hu\/wp-content\/uploads\/sites\/3\/2020\/02\/Logo_Adidas-1024x341.jpg 1024w, https:\/\/www.vangraaf.com\/hu\/wp-content\/uploads\/sites\/3\/2020\/02\/Logo_Adidas-768x256.jpg 768w, https:\/\/www.vangraaf.com\/hu\/wp-content\/uploads\/sites\/3\/2020\/02\/Logo_Adidas-1200x400.jpg 1200w, https:\/\/www.vangraaf.com\/hu\/wp-content\/uploads\/sites\/3\/2020\/02\/Logo_Adidas-992x331.jpg 992w, https:\/\/www.vangraaf.com\/hu\/wp-content\/uploads\/sites\/3\/2020\/02\/Logo_Adidas-480x160.jpg 480w\" sizes=\"(max-width: 1440px) 100vw, 1440px\" \/><\/div>\n        <div class=\"headlines headlines--center\" data-aos=\"fade-up\">\n            <div class=\"vc_row\">\n                <div class=\"vc_col-md-10 vc_col-md-offset-1 vc_col-lg-10 vc_col-lg-offset-1\"><span class=\"h6\">adidas Originals<\/span><h1 class=\"h2\">Fedezze fel a VAN GRAAF budapesti \u00fczleteiben az adidas Originals divatos darabjait<\/h1><\/div>\n            <\/div>\n        <\/div>[vc_column_text]\r\n<p style=\"text-align: center\">Csal\u00e1di v\u00e1llalkoz\u00e1sb\u00f3l kultuszm\u00e1rka: az adidas felemelked\u00e9s\u00e9nek t\u00f6rt\u00e9nete val\u00f3ban leny\u0171g\u00f6z\u0151. A sportm\u00e1rka m\u00e1r r\u00e9g\u00f3ta nem csup\u00e1n a profi \u00e9s amat\u0151r sportol\u00f3k kedvence, hanem a <strong>lezser utcai ruh\u00e1zat\u00e9rt<\/strong> rajong\u00f3k k\u00f6r\u00e9ben is \u00f3ri\u00e1si n\u00e9pszer\u0171s\u00e9gnek \u00f6rvend. Az adidas Originals a nagy nev\u0171 v\u00e1llalat <strong>v\u00e1rosi term\u00e9kcsal\u00e1dja<\/strong>. A popszt\u00e1rok, a hollywoodi ikonok, a topmodellek \u00e9s a kor\u00e1bbi profi sportol\u00f3k is esk\u00fcsznek a k\u00e9nyelmes utcai viseletre: Rihanna, Justin Bieber, Emma Stone, Gigi Hadid, Kristen Stewart \u00e9s Katie Holmes \u2013 hogy csak n\u00e9h\u00e1nyat eml\u00edts\u00fcnk. A budapesti VAN GRAAF-\u00fczletekben n\u0151k \u00e9s f\u00e9rfiak is megtal\u00e1lj\u00e1k a nekik val\u00f3 legtrendibb, klasszikus st\u00edlus\u00fa utcai darabokat.<\/p>\r\n[\/vc_column_text][\/vc_column][\/vc_row][vc_row bwd_tbc4vd_show_weekday=&#8221;&#8221; full_width=&#8221;stretch_row_content_no_spaces&#8221;][vc_column]\n            <div class=\"vg-element topic-slider topic-slider--left topic-slider--light\" style=\"--season-color-1: #3c5e8d; --season-color-2: #fcd844\" data-aos=\"fade-up\">\n                <div class=\"topic-slider__inner\">\n                    <div class=\"content_wrap\">\n                        <div class=\"vc_row\">\n                            <div class=\"vc_col-md-12 vc_col-lg-10 vc_col-lg-offset-1\">\n                                <div class=\"vc_row\">\n                                    <div class=\"vc_col-sm-6\"><div class=\"topic-slider__image-wrap\"><div class=\"topic-slider__slider-wrap\"><div class=\"js-topic-slider\"><div class=\"topic-slider__slider__item\"><img loading=\"lazy\" decoding=\"async\" width=\"427\" height=\"639\" src=\"https:\/\/www.vangraaf.com\/hu\/wp-content\/uploads\/sites\/3\/2020\/02\/Adidas_2.jpg\" class=\"vc_single_image-img attachment-full\" alt=\"\" title=\"Adidas_2\" srcset=\"https:\/\/www.vangraaf.com\/hu\/wp-content\/uploads\/sites\/3\/2020\/02\/Adidas_2.jpg 427w, https:\/\/www.vangraaf.com\/hu\/wp-content\/uploads\/sites\/3\/2020\/02\/Adidas_2-200x300.jpg 200w\" sizes=\"(max-width: 427px) 100vw, 427px\" \/><\/div><\/div><\/div><\/div><\/div><div class=\"vc_col-sm-6 vc_col-md-5 vc_col-md-offset-1\"><div class=\"topic-slider__content\"><span class=\"h4\">adidas Originals \u2013 v\u00e1laszt\u00e9kunk a VAN GRAAF budapesti \u00fczlet\u00e9ben<\/span><p>Legyen sz\u00f3 edz\u0151kab\u00e1tr\u00f3l, fut\u00f3cip\u0151r\u0151l vagy teniszzoknir\u00f3l, az adidas Originals darabjait nemcsak az adidas jellegzetes h\u00e1rom cs\u00edkja d\u00edsz\u00edti, hanem a sportm\u00e1rka h\u00e1romlevel\u0171 embl\u00e9m\u00e1ja is. Ez a log\u00f3 az adidas Originals f\u00e9rfi \u00e9s n\u0151i darabjainak klasszikus kisug\u00e1rz\u00e1s\u00e1t teszi m\u00e9g hangs\u00falyosabb\u00e1. A klasszikus szab\u00e1s\u00fa, nosztalgikus darabok a <strong>70-es \u00e9s 80-as \u00e9veket<\/strong> id\u00e9zik fel, amikor az adidas rendk\u00edv\u00fcl n\u00e9pszer\u0171 volt nemcsak a sportol\u00f3k, hanem a hip-hop-rajong\u00f3k \u00e9s az utcai m\u0171v\u00e9szek k\u00f6r\u00e9ben is.<\/p>\n<\/div><\/div>\n                                <\/div>\n                            <\/div>\n                        <\/div>\n                    <\/div>\n                <\/div>\n            <\/div>[\/vc_column][\/vc_row][vc_row][vc_column][vc_column_text]Az adidas Originals term\u00e9kcsal\u00e1d v\u00e1laszt\u00e9k\u00e1ban a r\u00e9gi id\u0151k legnagyobb klasszikusai t\u00e9rnek vissza:\r\n<ul>\r\n \t<li><strong>Retr\u00f3 cip\u0151k<\/strong>: Gazelle, Samba, Stan Smith, adidas Superstar<\/li>\r\n \t<li><strong>Adilette<\/strong>: a vil\u00e1g legh\u00edresebb papucsai<\/li>\r\n \t<li><strong>Meleg\u00edt\u0151fels\u0151:<\/strong> Superstar<\/li>\r\n \t<li><strong>Meleg\u00edt\u0151nadr\u00e1g:<\/strong> SST n\u0151knek \u00e9s f\u00e9rfiaknak<\/li>\r\n<\/ul>\r\n[\/vc_column_text][\/vc_column][\/vc_row][vc_row][vc_column]\n        <div class=\"headlines headlines--center\" data-aos=\"fade-up\">\n            <div class=\"vc_row\">\n                <div class=\"vc_col-md-10 vc_col-md-offset-1 vc_col-lg-10 vc_col-lg-offset-1\"><h2 class=\"h2\">adidas Originals \u2013 N\u0151i \u00e9s f\u00e9rfi divat Budapesten<\/h2><\/div>\n            <\/div>\n        <\/div>[vc_column_text]Ha sportos, k\u00e9nyelmes adidas Originals n\u0151i \u00e9s f\u00e9rfi darabokat keres Magyarorsz\u00e1gon, akkor biztosan megtal\u00e1lja <a href=\"https:\/\/www.vangraaf.com\/hu\/divathazaink\/\">a budapesti VAN GRAAF-\u00fczletekben<\/a>. K\u00edn\u00e1latunkban nagy v\u00e1laszt\u00e9kban tal\u00e1lhat\u00f3k <strong>fels\u0151- \u00e9s als\u00f3ruh\u00e1zatok n\u0151k \u00e9s f\u00e9rfiak sz\u00e1m\u00e1ra<\/strong>: \u00fczlet\u00fcnkben kedv\u00e9re v\u00e1logathat a klasszikus szab\u00e1s\u00fa, cs\u00edkos log\u00f3val ell\u00e1tott leggingnadr\u00e1gok \u00e9s meleg\u00edt\u0151nadr\u00e1gok, valamint a m\u00e1rka h\u00e1romlevel\u0171 embl\u00e9m\u00e1j\u00e1val d\u00edsz\u00edtett kapucnis pul\u00f3verek \u00e9s meleg\u00edt\u0151fels\u0151k k\u00f6z\u00fcl. A szemet gy\u00f6ny\u00f6rk\u00f6dtet\u0151 sz\u00ednek, p\u00e9ld\u00e1ul a Lush Red, a Clear Sky vagy a Blue Bird, valamint a sz\u00ednes \u00e1llatos \u00e9s vir\u00e1gos mint\u00e1k egyenesen a 80-as \u00e9vekbe rep\u00edtenek vissza. Nosztalgikus darabok, retr\u00f3 \u00e9let\u00e9rz\u00e9s! Az adidas Originals-szerel\u00e9s m\u00e9g autentikusabb\u00e1 v\u00e1lik, ha a m\u00e1rka sapk\u00e1ival, s\u00e1ljaival \u00e9s keszty\u0171ivel eg\u00e9sz\u00fcl ki.\r\n\r\nFedezze fel a VAN GRAAF mindk\u00e9t \u00fczlet\u00e9t Budapesten, \u00e9s v\u00e1s\u00e1rolja meg kedvenc darabjait az adidas Originals <a href=\"https:\/\/www.vangraaf.com\/hu\/markaink\/\">\u00e9s m\u00e1s neves m\u00e1rk\u00e1k v\u00e1laszt\u00e9k\u00e1b\u00f3l<\/a>. Munkat\u00e1rsaink \u00f6r\u00f6mmel v\u00e1rj\u00e1k l\u00e1togat\u00e1s\u00e1t![\/vc_column_text][\/vc_column][\/vc_row][vc_row][vc_column]<div class=\"vg-element brand-slider brand-slider--light\" data-aos=\"fade-up\"><div class=\"brand-slider__inner\"><div class=\"brand-slider__slider js-brand-slider\"><div class=\"brand-slider__slider__item\"><a href=\"https:\/\/www.vangraaf.com\/hu\/markaink\/adidas-originals\/\" title=\"adidas Originals\"><img loading=\"lazy\" decoding=\"async\" width=\"1\" height=\"1\" src=\"https:\/\/www.vangraaf.com\/hu\/wp-content\/uploads\/sites\/3\/2020\/03\/Adidas_Logo_grau_OK.svg\" class=\"attachment-full size-full\" alt=\"\" \/><\/a><\/div><div class=\"brand-slider__slider__item\"><a href=\"https:\/\/www.vangraaf.com\/hu\/markaink\/tommy-hilfiger\/\" title=\"Tommy Hilfiger\"><img loading=\"lazy\" decoding=\"async\" width=\"1\" height=\"1\" src=\"https:\/\/www.vangraaf.com\/hu\/wp-content\/uploads\/sites\/3\/2020\/03\/Tommy_Hilfiger_4c_grau_OK.svg\" class=\"attachment-full size-full\" alt=\"\" \/><\/a><\/div><div class=\"brand-slider__slider__item\"><a href=\"https:\/\/www.vangraaf.com\/hu\/markaink\/levis\/\" title=\"Levi&#039;s\"><img loading=\"lazy\" decoding=\"async\" width=\"1\" height=\"1\" src=\"https:\/\/www.vangraaf.com\/hu\/wp-content\/uploads\/sites\/3\/2020\/03\/Levis_Logo_grau_OK.svg\" class=\"attachment-full size-full\" alt=\"\" \/><\/a><\/div><div class=\"brand-slider__slider__item\"><a href=\"https:\/\/www.vangraaf.com\/hu\/markaink\/calvin-klein\/\" title=\"Calvin Klein\"><img loading=\"lazy\" decoding=\"async\" width=\"1\" height=\"1\" src=\"https:\/\/www.vangraaf.com\/hu\/wp-content\/uploads\/sites\/3\/2020\/03\/Calvin-Klein-Logo-grau_OK.svg\" class=\"attachment-full size-full\" alt=\"\" \/><\/a><\/div><div class=\"brand-slider__slider__item\"><a href=\"https:\/\/www.vangraaf.com\/hu\/markaink\/champion\/\" title=\"Champion\"><img loading=\"lazy\" decoding=\"async\" width=\"1\" height=\"1\" src=\"https:\/\/www.vangraaf.com\/hu\/wp-content\/uploads\/sites\/3\/2020\/03\/Champion_Logo_grau_OK.svg\" class=\"attachment-full size-full\" alt=\"\" \/><\/a><\/div><div class=\"brand-slider__slider__item\"><a href=\"https:\/\/www.vangraaf.com\/hu\/markaink\/lacoste\/\" title=\"Lacoste\"><img loading=\"lazy\" decoding=\"async\" width=\"1\" height=\"1\" src=\"https:\/\/www.vangraaf.com\/hu\/wp-content\/uploads\/sites\/3\/2020\/03\/Lacoste_Logo_4c_grau_Ausnahme_OK.svg\" class=\"attachment-full size-full\" alt=\"\" \/><\/a><\/div><div class=\"brand-slider__slider__item\"><a href=\"https:\/\/www.vangraaf.com\/hu\/markaink\/superdry\/\" title=\"Superdry\"><img loading=\"lazy\" decoding=\"async\" width=\"1\" height=\"1\" src=\"https:\/\/www.vangraaf.com\/hu\/wp-content\/uploads\/sites\/3\/2020\/03\/Superdry_Logo_grau_OK.svg\" class=\"attachment-full size-full\" alt=\"\" \/><\/a><\/div><div class=\"brand-slider__slider__item\"><a href=\"https:\/\/www.vangraaf.com\/hu\/markaink\/fila\/\" title=\"FILA\"><img loading=\"lazy\" decoding=\"async\" width=\"1\" height=\"1\" src=\"https:\/\/www.vangraaf.com\/hu\/wp-content\/uploads\/sites\/3\/2020\/03\/Fila-Logo-grau_OK.svg\" class=\"attachment-full size-full\" alt=\"\" \/><\/a><\/div><div class=\"brand-slider__slider__item\"><a href=\"https:\/\/www.vangraaf.com\/hu\/markaink\/tom-tailor\/\" title=\"TOM TAILOR\"><img loading=\"lazy\" decoding=\"async\" width=\"1\" height=\"1\" src=\"https:\/\/www.vangraaf.com\/hu\/wp-content\/uploads\/sites\/3\/2020\/03\/Tom_Tailor_Logo_grau_OK.svg\" class=\"attachment-full size-full\" alt=\"\" \/><\/a><\/div><div class=\"brand-slider__slider__item\"><a href=\"https:\/\/www.vangraaf.com\/hu\/markaink\/alpha-industries\/\" title=\"Alpha Industries\"><img loading=\"lazy\" decoding=\"async\" width=\"1\" height=\"1\" src=\"https:\/\/www.vangraaf.com\/hu\/wp-content\/uploads\/sites\/3\/2020\/03\/Alpha_Industries_Logo_grau_OK.svg\" class=\"attachment-full size-full\" alt=\"\" \/><\/a><\/div><div class=\"brand-slider__slider__item\"><a href=\"https:\/\/www.vangraaf.com\/hu\/markaink\/g-star\/\" title=\"G-Star RAW\"><img loading=\"lazy\" decoding=\"async\" width=\"1\" height=\"1\" src=\"https:\/\/www.vangraaf.com\/hu\/wp-content\/uploads\/sites\/3\/2020\/03\/G_Star_Logo_grau_OK.svg\" class=\"attachment-full size-full\" alt=\"\" \/><\/a><\/div><div class=\"brand-slider__slider__item\"><a href=\"https:\/\/www.vangraaf.com\/hu\/markaink\/vila\/\" title=\"VILA\"><img loading=\"lazy\" decoding=\"async\" width=\"1\" height=\"1\" src=\"https:\/\/www.vangraaf.com\/hu\/wp-content\/uploads\/sites\/3\/2020\/03\/Vila_Logo_grau_OK.svg\" class=\"attachment-full size-full\" alt=\"\" \/><\/a><\/div><div class=\"brand-slider__slider__item\"><a href=\"https:\/\/www.vangraaf.com\/hu\/markaink\/boss\/\" title=\"BOSS\"><img loading=\"lazy\" decoding=\"async\" width=\"1\" height=\"1\" src=\"https:\/\/www.vangraaf.com\/hu\/wp-content\/uploads\/sites\/3\/2020\/03\/Boss_Logo_grau_OK.svg\" class=\"attachment-full size-full\" alt=\"\" \/><\/a><\/div><div class=\"brand-slider__slider__item\"><a href=\"https:\/\/www.vangraaf.com\/hu\/markaink\/armani-exchange\/\" title=\"Armani Exchange\"><img loading=\"lazy\" decoding=\"async\" width=\"1\" height=\"1\" src=\"https:\/\/www.vangraaf.com\/hu\/wp-content\/uploads\/sites\/3\/2020\/03\/Armani-Exchange-Logo-grau_OK.svg\" class=\"attachment-full size-full\" alt=\"\" \/><\/a><\/div><div class=\"brand-slider__slider__item\"><a href=\"https:\/\/www.vangraaf.com\/hu\/markaink\/polo-ralph-lauren\/\" title=\"Polo Ralph Lauren\"><img loading=\"lazy\" decoding=\"async\" width=\"1\" height=\"1\" src=\"https:\/\/www.vangraaf.com\/hu\/wp-content\/uploads\/sites\/3\/2020\/03\/Ralph_Lauren_Logo_grau_OK.svg\" class=\"attachment-full size-full\" alt=\"\" \/><\/a><\/div><div class=\"brand-slider__slider__item\"><a href=\"https:\/\/www.vangraaf.com\/hu\/markaink\/marie-lund\/\" title=\"Marie Lund\"><img loading=\"lazy\" decoding=\"async\" width=\"1\" height=\"1\" src=\"https:\/\/www.vangraaf.com\/hu\/wp-content\/uploads\/sites\/3\/2020\/03\/Marie_Lund_Logo_grau_OK.svg\" class=\"attachment-full size-full\" alt=\"\" \/><\/a><\/div><\/div><\/div><\/div>[\/vc_column][\/vc_row]<\/div>","protected":false},"excerpt":{"rendered":"[vc_row full_width=&#8221;stretch_row_content_no_spaces&#8221;][vc_column][vc_column_text] Csal\u00e1di v\u00e1llalkoz\u00e1sb\u00f3l kultuszm\u00e1rka: az adidas felemelked\u00e9s\u00e9nek t\u00f6rt\u00e9nete val\u00f3ban leny\u0171g\u00f6z\u0151. A sportm\u00e1rka m\u00e1r r\u00e9g\u00f3ta nem csup\u00e1n a profi \u00e9s amat\u0151r sportol\u00f3k kedvence, hanem a lezser utcai ruh\u00e1zat\u00e9rt rajong\u00f3k k\u00f6r\u00e9ben is \u00f3ri\u00e1si n\u00e9pszer\u0171s\u00e9gnek \u00f6rvend. Az adidas Originals a nagy nev\u0171 v\u00e1llalat v\u00e1rosi term\u00e9kcsal\u00e1dja. A popszt\u00e1rok, a hollywoodi ikonok, a topmodellek \u00e9s a kor\u00e1bbi profi sportol\u00f3k [&hellip;]","protected":false},"author":3,"featured_media":0,"parent":3937,"menu_order":0,"comment_status":"closed","ping_status":"closed","template":"","meta":{"_acf_changed":false,"inline_featured_image":false,"footnotes":""},"class_list":["post-4745","page","type-page","status-publish","hentry"],"acf":[],"yoast_head":"<!-- This site is optimized with the Yoast SEO plugin v27.2 - https:\/\/yoast.com\/product\/yoast-seo-wordpress\/ -->\n<title>adidas Originals: Divat\u00e1ruk a VAN GRAAF-n\u00e1l Budapesten<\/title>\n<meta name=\"description\" content=\"Budapesti \u00fczleteinkben a n\u00e9pszer\u0171 h\u00e1romcs\u00edkos m\u00e1rka divatos n\u0151i \u00e9s f\u00e9rfi darabjai v\u00e1rj\u00e1k v\u00e1s\u00e1rl\u00f3inkat. L\u00e1togasson el hozz\u00e1nk!\" \/>\n<meta name=\"robots\" content=\"index, follow, max-snippet:-1, max-image-preview:large, max-video-preview:-1\" \/>\n<link rel=\"canonical\" href=\"https:\/\/www.vangraaf.com\/hu\/markaink\/adidas-originals\/\" \/>\n<meta property=\"og:locale\" content=\"hu_HU\" \/>\n<meta property=\"og:type\" content=\"article\" \/>\n<meta property=\"og:title\" content=\"adidas Originals: Divat\u00e1ruk a VAN GRAAF-n\u00e1l Budapesten\" \/>\n<meta property=\"og:description\" content=\"Budapesti \u00fczleteinkben a n\u00e9pszer\u0171 h\u00e1romcs\u00edkos m\u00e1rka divatos n\u0151i \u00e9s f\u00e9rfi darabjai v\u00e1rj\u00e1k v\u00e1s\u00e1rl\u00f3inkat. L\u00e1togasson el hozz\u00e1nk!\" \/>\n<meta property=\"og:url\" content=\"https:\/\/www.vangraaf.com\/hu\/markaink\/adidas-originals\/\" \/>\n<meta property=\"og:site_name\" content=\"VAN GRAAF Magyarorsz\u00e1g\" \/>\n<meta property=\"article:modified_time\" content=\"2020-09-15T12:04:39+00:00\" \/>\n<meta name=\"twitter:card\" content=\"summary_large_image\" \/>\n<meta name=\"twitter:label1\" content=\"Becs\u00fclt olvas\u00e1si id\u0151\" \/>\n\t<meta name=\"twitter:data1\" content=\"4 perc\" \/>\n<script type=\"application\/ld+json\" class=\"yoast-schema-graph\">{\"@context\":\"https:\/\/schema.org\",\"@graph\":[{\"@type\":\"WebPage\",\"@id\":\"https:\/\/www.vangraaf.com\/hu\/markaink\/adidas-originals\/\",\"url\":\"https:\/\/www.vangraaf.com\/hu\/markaink\/adidas-originals\/\",\"name\":\"adidas Originals: Divat\u00e1ruk a VAN GRAAF-n\u00e1l Budapesten\",\"isPartOf\":{\"@id\":\"https:\/\/www.vangraaf.com\/hu\/#website\"},\"datePublished\":\"2020-03-12T12:37:26+00:00\",\"dateModified\":\"2020-09-15T12:04:39+00:00\",\"description\":\"Budapesti \u00fczleteinkben a n\u00e9pszer\u0171 h\u00e1romcs\u00edkos m\u00e1rka divatos n\u0151i \u00e9s f\u00e9rfi darabjai v\u00e1rj\u00e1k v\u00e1s\u00e1rl\u00f3inkat. L\u00e1togasson el hozz\u00e1nk!\",\"breadcrumb\":{\"@id\":\"https:\/\/www.vangraaf.com\/hu\/markaink\/adidas-originals\/#breadcrumb\"},\"inLanguage\":\"hu\",\"potentialAction\":[{\"@type\":\"ReadAction\",\"target\":[\"https:\/\/www.vangraaf.com\/hu\/markaink\/adidas-originals\/\"]}]},{\"@type\":\"BreadcrumbList\",\"@id\":\"https:\/\/www.vangraaf.com\/hu\/markaink\/adidas-originals\/#breadcrumb\",\"itemListElement\":[{\"@type\":\"ListItem\",\"position\":1,\"name\":\"Home\",\"item\":\"https:\/\/www.vangraaf.com\/hu\/\"},{\"@type\":\"ListItem\",\"position\":2,\"name\":\"Marken\",\"item\":\"https:\/\/www.vangraaf.com\/hu\/markaink\/\"},{\"@type\":\"ListItem\",\"position\":3,\"name\":\"Adidas Originals\"}]},{\"@type\":\"WebSite\",\"@id\":\"https:\/\/www.vangraaf.com\/hu\/#website\",\"url\":\"https:\/\/www.vangraaf.com\/hu\/\",\"name\":\"VAN GRAAF\",\"description\":\"VAN GRAAF\",\"potentialAction\":[{\"@type\":\"SearchAction\",\"target\":{\"@type\":\"EntryPoint\",\"urlTemplate\":\"https:\/\/www.vangraaf.com\/hu\/?s={search_term_string}\"},\"query-input\":{\"@type\":\"PropertyValueSpecification\",\"valueRequired\":true,\"valueName\":\"search_term_string\"}}],\"inLanguage\":\"hu\"}]}<\/script>\n<!-- \/ Yoast SEO plugin. -->","yoast_head_json":{"title":"adidas Originals: Divat\u00e1ruk a VAN GRAAF-n\u00e1l Budapesten","description":"Budapesti \u00fczleteinkben a n\u00e9pszer\u0171 h\u00e1romcs\u00edkos m\u00e1rka divatos n\u0151i \u00e9s f\u00e9rfi darabjai v\u00e1rj\u00e1k v\u00e1s\u00e1rl\u00f3inkat. L\u00e1togasson el hozz\u00e1nk!","robots":{"index":"index","follow":"follow","max-snippet":"max-snippet:-1","max-image-preview":"max-image-preview:large","max-video-preview":"max-video-preview:-1"},"canonical":"https:\/\/www.vangraaf.com\/hu\/markaink\/adidas-originals\/","og_locale":"hu_HU","og_type":"article","og_title":"adidas Originals: Divat\u00e1ruk a VAN GRAAF-n\u00e1l Budapesten","og_description":"Budapesti \u00fczleteinkben a n\u00e9pszer\u0171 h\u00e1romcs\u00edkos m\u00e1rka divatos n\u0151i \u00e9s f\u00e9rfi darabjai v\u00e1rj\u00e1k v\u00e1s\u00e1rl\u00f3inkat. L\u00e1togasson el hozz\u00e1nk!","og_url":"https:\/\/www.vangraaf.com\/hu\/markaink\/adidas-originals\/","og_site_name":"VAN GRAAF Magyarorsz\u00e1g","article_modified_time":"2020-09-15T12:04:39+00:00","twitter_card":"summary_large_image","twitter_misc":{"Becs\u00fclt olvas\u00e1si id\u0151":"4 perc"},"schema":{"@context":"https:\/\/schema.org","@graph":[{"@type":"WebPage","@id":"https:\/\/www.vangraaf.com\/hu\/markaink\/adidas-originals\/","url":"https:\/\/www.vangraaf.com\/hu\/markaink\/adidas-originals\/","name":"adidas Originals: Divat\u00e1ruk a VAN GRAAF-n\u00e1l Budapesten","isPartOf":{"@id":"https:\/\/www.vangraaf.com\/hu\/#website"},"datePublished":"2020-03-12T12:37:26+00:00","dateModified":"2020-09-15T12:04:39+00:00","description":"Budapesti \u00fczleteinkben a n\u00e9pszer\u0171 h\u00e1romcs\u00edkos m\u00e1rka divatos n\u0151i \u00e9s f\u00e9rfi darabjai v\u00e1rj\u00e1k v\u00e1s\u00e1rl\u00f3inkat. L\u00e1togasson el hozz\u00e1nk!","breadcrumb":{"@id":"https:\/\/www.vangraaf.com\/hu\/markaink\/adidas-originals\/#breadcrumb"},"inLanguage":"hu","potentialAction":[{"@type":"ReadAction","target":["https:\/\/www.vangraaf.com\/hu\/markaink\/adidas-originals\/"]}]},{"@type":"BreadcrumbList","@id":"https:\/\/www.vangraaf.com\/hu\/markaink\/adidas-originals\/#breadcrumb","itemListElement":[{"@type":"ListItem","position":1,"name":"Home","item":"https:\/\/www.vangraaf.com\/hu\/"},{"@type":"ListItem","position":2,"name":"Marken","item":"https:\/\/www.vangraaf.com\/hu\/markaink\/"},{"@type":"ListItem","position":3,"name":"Adidas Originals"}]},{"@type":"WebSite","@id":"https:\/\/www.vangraaf.com\/hu\/#website","url":"https:\/\/www.vangraaf.com\/hu\/","name":"VAN GRAAF","description":"VAN GRAAF","potentialAction":[{"@type":"SearchAction","target":{"@type":"EntryPoint","urlTemplate":"https:\/\/www.vangraaf.com\/hu\/?s={search_term_string}"},"query-input":{"@type":"PropertyValueSpecification","valueRequired":true,"valueName":"search_term_string"}}],"inLanguage":"hu"}]}},"_links":{"self":[{"href":"https:\/\/www.vangraaf.com\/hu\/wp-json\/wp\/v2\/pages\/4745","targetHints":{"allow":["GET"]}}],"collection":[{"href":"https:\/\/www.vangraaf.com\/hu\/wp-json\/wp\/v2\/pages"}],"about":[{"href":"https:\/\/www.vangraaf.com\/hu\/wp-json\/wp\/v2\/types\/page"}],"author":[{"embeddable":true,"href":"https:\/\/www.vangraaf.com\/hu\/wp-json\/wp\/v2\/users\/3"}],"replies":[{"embeddable":true,"href":"https:\/\/www.vangraaf.com\/hu\/wp-json\/wp\/v2\/comments?post=4745"}],"version-history":[{"count":8,"href":"https:\/\/www.vangraaf.com\/hu\/wp-json\/wp\/v2\/pages\/4745\/revisions"}],"predecessor-version":[{"id":5334,"href":"https:\/\/www.vangraaf.com\/hu\/wp-json\/wp\/v2\/pages\/4745\/revisions\/5334"}],"up":[{"embeddable":true,"href":"https:\/\/www.vangraaf.com\/hu\/wp-json\/wp\/v2\/pages\/3937"}],"wp:attachment":[{"href":"https:\/\/www.vangraaf.com\/hu\/wp-json\/wp\/v2\/media?parent=4745"}],"curies":[{"name":"wp","href":"https:\/\/api.w.org\/{rel}","templated":true}]}}