{"id":4540,"date":"2020-03-12T13:53:23","date_gmt":"2020-03-12T12:53:23","guid":{"rendered":"http:\/\/van-graaf.test\/ch\/?page_id=3645"},"modified":"2022-04-28T18:14:59","modified_gmt":"2022-04-28T16:14:59","slug":"g-star","status":"publish","type":"page","link":"https:\/\/www.vangraaf.com\/hu\/markaink\/g-star\/","title":{"rendered":"G-Star"},"content":{"rendered":"<div class=\"wpb-content-wrapper\">[vc_row full_width=&#8221;stretch_row_content_no_spaces&#8221;][vc_column]<div class=\"keyvisual\" data-aos=\"fade-up\" ><img loading=\"lazy\" decoding=\"async\" width=\"1440\" height=\"480\" src=\"https:\/\/www.vangraaf.com\/hu\/wp-content\/uploads\/sites\/3\/2020\/02\/Logo_GStar.jpg\" class=\"vc_single_image-img\" alt=\"\" srcset=\"https:\/\/www.vangraaf.com\/hu\/wp-content\/uploads\/sites\/3\/2020\/02\/Logo_GStar.jpg 1440w, https:\/\/www.vangraaf.com\/hu\/wp-content\/uploads\/sites\/3\/2020\/02\/Logo_GStar-300x100.jpg 300w, https:\/\/www.vangraaf.com\/hu\/wp-content\/uploads\/sites\/3\/2020\/02\/Logo_GStar-1024x341.jpg 1024w, https:\/\/www.vangraaf.com\/hu\/wp-content\/uploads\/sites\/3\/2020\/02\/Logo_GStar-768x256.jpg 768w, https:\/\/www.vangraaf.com\/hu\/wp-content\/uploads\/sites\/3\/2020\/02\/Logo_GStar-1200x400.jpg 1200w, https:\/\/www.vangraaf.com\/hu\/wp-content\/uploads\/sites\/3\/2020\/02\/Logo_GStar-992x331.jpg 992w, https:\/\/www.vangraaf.com\/hu\/wp-content\/uploads\/sites\/3\/2020\/02\/Logo_GStar-480x160.jpg 480w\" sizes=\"(max-width: 1440px) 100vw, 1440px\" \/><\/div>\n        <div class=\"headlines headlines--center\" data-aos=\"fade-up\">\n            <div class=\"vc_row\">\n                <div class=\"vc_col-md-10 vc_col-md-offset-1 vc_col-lg-10 vc_col-lg-offset-1\"><span class=\"h6\">G-Star RAW<\/span><h1 class=\"h2\">V\u00e1s\u00e1roljon G-Star n\u0151i \u00e9s f\u00e9rfi divat\u00e1rukat Budapesten<\/h1><\/div>\n            <\/div>\n        <\/div>[vc_column_text]\r\n<p style=\"text-align: center\">Aki szereti a <strong>farmeranyagot<\/strong> \u00e9s a hasonl\u00f3, nagy hagyom\u00e1nyokkal rendelkez\u0151 anyagokat, nem ker\u00fclheti el a holland <strong>G-Star<\/strong> k\u00f6zismert term\u00e9keit. Amellett, hogy \u00fajra feltal\u00e1lta a farmert, ez a divatm\u00e1rka a fenntarthat\u00f3s\u00e1got is el\u0151t\u00e9rbe helyezi. Legyen sz\u00f3 ak\u00e1r farmernadr\u00e1gr\u00f3l, teljes ruh\u00e1r\u00f3l vagy cip\u0151r\u0151l, a <strong>G-Star n\u0151i \u00e9s f\u00e9rfi term\u00e9kei<\/strong> divatosak, \u00e9s a h\u00e9tk\u00f6znapi eleganci\u00e1t testes\u00edtik meg.<\/p>\r\n[\/vc_column_text][vc_column_text]<strong>V\u00e1logasson a VAN GRAAF-n\u00e1l a G-Star divatos farmerruh\u00e1zatai \u00e9s egy\u00e9b term\u00e9kei k\u00f6z\u00f6tt<\/strong>\r\n\r\n<strong>\u201eJust the Product\u201c<\/strong> \u2013 ahogy az 1989-ben alap\u00edtott m\u00e1rka mott\u00f3ja is hirdeti, a G-Star a term\u00e9kre \u00f6sszpontos\u00edt: n\u0151k \u00e9s f\u00e9rfiak sz\u00e1m\u00e1ra gy\u00e1rt alkalmi, urb\u00e1nus \u00e9s egyedi m\u00f3don st\u00edlusos darabokat. A G-Star term\u00e9keire jellemz\u0151 a k\u00e9nyelmes kialak\u00edt\u00e1s \u00e9s az urb\u00e1nus st\u00edlus, amely azonban az irod\u00e1ban \u00e9s hivatalos esem\u00e9nyeken is meg\u00e1llja a hely\u00e9t.[\/vc_column_text][vc_column_text]A felhaszn\u00e1lt anyagok <strong>kiv\u00e1l\u00f3 min\u0151s\u00e9g\u00fckkel, hossz\u00fa \u00e9lettartamukkal<\/strong> \u00e9s <strong>k\u00f6rnyezetbar\u00e1t gy\u00e1rt\u00e1si technol\u00f3gi\u00e1ikkal<\/strong> t\u0171nnek ki a t\u00f6megb\u0151l. Fedezze fel a G-Star n\u0151i \u00e9s f\u00e9rfi divat\u00e1ruit a budapesti VAN GRAAF-\u00fczletekben!\r\n<p style=\"text-align: left\">A G-Star dzsekiket, p\u00f3l\u00f3kat, pul\u00f3vereket, kab\u00e1tokat, sapk\u00e1kat \u00e9s cip\u0151ket is gy\u00e1rt, de legf\u0151bb ismertet\u0151jegye mindm\u00e1ig <strong>a farmeranyag!<\/strong> A m\u00e1rka m\u00e1r a kezdetekt\u0151l fogva a strapab\u00edr\u00f3 k\u00e9k anyagra esk\u00fcszik. A jellegzetes G-Star farmerek legismertebb k\u00e9pvisel\u0151je a f\u00e9rfiak sz\u00e1m\u00e1ra k\u00e9sz\u00fclt, motorker\u00e9kp\u00e1ros-nadr\u00e1gok st\u00edlus\u00e1t id\u00e9z\u0151, a vil\u00e1g minden t\u00e1j\u00e1n exkluz\u00edv darabk\u00e9nt elismert <strong>Elwood<\/strong>, jellegzetes kerek varratokkal \u00e9s sz\u00e1rprofillal.<\/p>\r\n<p style=\"text-align: left\">Fenntarthat\u00f3 divat Budapesten: G-Star RAW Sustainable<\/p>\r\n<p style=\"text-align: left\">1996 \u00f3ta a G-Star az angol \u201eRaw\u201c sz\u00f3val eg\u00e9sz\u00edtette ki a log\u00f3j\u00e1t. A jelent\u00e9se: nyers, eredeti, term\u00e9szetes. Azt jelzi, hogy a G-Star RAW term\u00e9kcsal\u00e1d tagjain\u00e1l <strong>kezeletlen farmeranyagot haszn\u00e1lnak fel<\/strong>. Ennek k\u00f6sz\u00f6nhet\u0151en a gy\u00e1rt\u00e1si folyamat rendk\u00edv\u00fcl k\u00f6rnyezetbar\u00e1t. A G-Star RAW farmerekn\u00e9l a mos\u00e1s is csak k\u00edm\u00e9l\u0151 m\u00f3dszerrel lehets\u00e9ges, ami szint\u00e9n a fenntarthat\u00f3s\u00e1got fokozza. A biopamut sz\u00ednez\u00e9s\u00e9hez a G-Star a <strong>vil\u00e1g legtiszt\u00e1bb indig\u00f3fest\u00e9si elj\u00e1r\u00e1s\u00e1t<\/strong> haszn\u00e1lja. Ennek k\u00f6sz\u00f6nhet\u0151en a G-Star RAW farmerek m\u00e9ly, egyenletes alapt\u00f3nust kapnak.<\/p>\r\n<p style=\"text-align: left\">Legyen sz\u00f3 ak\u00e1r biopamutb\u00f3l k\u00e9sz\u00fclt n\u0151i ruh\u00e1kr\u00f3l, \u00fajrahasznos\u00edtott poli\u00e9szter ingekr\u0151l \u2013 melyeknek anyag\u00e1t PET-palackokb\u00f3l nyerik \u2013 vagy k\u00f6rnyezetbar\u00e1t elasztikus anyag\u00fa f\u00e9rfi nadr\u00e1gokr\u00f3l, a <strong>RAW term\u00e9kek mindegyike fenntarthat\u00f3 m\u00f3don<\/strong> k\u00e9sz\u00fcl. A G-Star n\u0151i \u00e9s f\u00e9rfi divat\u00e1rui nemcsak st\u00edlusosak, lezserek \u00e9s men\u0151k, hanem k\u00f6rnyezetbar\u00e1tak is.<\/p>\r\n<p style=\"text-align: left\">RAW for the Oceans: A G-Star tengeri hullad\u00e9kb\u00f3l k\u00e9sz\u00fclt n\u0151i \u00e9s f\u00e9rfi ruh\u00e1zatai<\/p>\r\n<p style=\"text-align: left\">Az \u00f3ce\u00e1nok megtiszt\u00edt\u00e1sa farmerv\u00e1s\u00e1rl\u00e1ssal? Ez sem lehetetlen <strong>Pharrell Williams<\/strong> amerikai zen\u00e9sz kollekci\u00f3j\u00e1val, amely a <strong>RAW for the Oceans<\/strong> n\u00e9vre hallgat. A rapszt\u00e1r annyira beleszeretett az \u00f6tletbe, hogy ma m\u00e1r \u0151 is a G-Star t\u00e1rstulajdonosa. A ruhadarabokhoz \u00fagynevezett bionikus fonalat haszn\u00e1lnak fel, amelyet az \u00f3ce\u00e1nb\u00f3l sz\u00e1rmaz\u00f3 \u00fajrahasznos\u00edtott m\u0171anyaghullad\u00e9kb\u00f3l nyernek ki.<\/p>\r\n[\/vc_column_text][\/vc_column][\/vc_row][vc_row bwd_tbc4vd_show_weekday=&#8221;&#8221; disable_element=&#8221;yes&#8221;][vc_column]\n        <div class=\"headlines headlines--center\" data-aos=\"fade-up\">\n            <div class=\"vc_row\">\n                <div class=\"vc_col-md-10 vc_col-md-offset-1 vc_col-lg-10 vc_col-lg-offset-1\"><span class=\"h6\">G-Star RAW Sustainable<\/span><h2 class=\"h2\">Nachhaltige Fashion in Spreitenbach<\/h2><\/div>\n            <\/div>\n        <\/div>[vc_column_text]Nachhaltigkeit ist bei G-Star eine Voraussetzung f\u00fcr Zusammenarbeit und ein Prozess stetiger Verbesserung. Das hei\u00dft, die Produktion erfolgt besonders umweltfreundlich und gleichzeitig mit viel Respekt f\u00fcr alle Menschen, die in der Wertsch\u00f6pfungskette involviert sind. F\u00fcr das Einf\u00e4rben der Bio-Baumwolle setzt G-Star beispielsweise das <strong>weltweit sauberste Indigo-F\u00e4rbeverfahren <\/strong>ein, bei dem kein Wasser verschwendet und mit ausschliesslich erneuerbarer Energie gearbeitet wird.\r\n\r\nOb Damenkleider aus Bio-Baumwolle, Shirts aus recyceltem Polyester, das beispielsweise aus PET-Flaschen gewonnen wird, oder kurze M\u00e4nnerhosen aus nachhaltiger Stretch-Faser \u2013 die G-Star Kollektionen werden aus fast 100% nachhaltigen Materialien und auf transparente Art und Weise gefertigt. G-Star-Mode f\u00fcr Damen und Herren ist nicht nur stylish, casual und cool, sondern eben auch umweltfreundlich.[\/vc_column_text][\/vc_column][\/vc_row][vc_row][vc_column]\n        <div class=\"headlines headlines--center\" data-aos=\"fade-up\">\n            <div class=\"vc_row\">\n                <div class=\"vc_col-md-10 vc_col-md-offset-1 vc_col-lg-10 vc_col-lg-offset-1\"><h2 class=\"h2\">V\u00e1s\u00e1roljon G-Star divat\u00e1rukat a VAN GRAAF budapesti \u00fczleteiben<\/h2><\/div>\n            <\/div>\n        <\/div>[vc_column_text]A <strong>VAN GRAAF budapesti divath\u00e1zaiban<\/strong> sz\u00e9les v\u00e1laszt\u00e9kban v\u00e1rj\u00e1k a G-Star, valamint <a href=\"https:\/\/www.vangraaf.com\/hu\/markaink\/\">200 tov\u00e1bbi neves m\u00e1rka<\/a> n\u0151i \u00e9s f\u00e9rfi ruh\u00e1zatai. A feledhetetlen v\u00e1s\u00e1rl\u00e1si \u00e9lm\u00e9nyr\u0151l t\u00e1gas pr\u00f3baf\u00fclk\u00e9k \u00e9s k\u00e9nyelmes pihen\u0151z\u00f3n\u00e1k gondoskodnak, ig\u00e9ny eset\u00e9n pedig <strong>szem\u00e9lyes v\u00e1s\u00e1rl\u00e1si szolg\u00e1ltat\u00e1st<\/strong> is k\u00edn\u00e1lunk: foglaljon id\u0151pontot, \u00e9s a <a href=\"https:\/\/www.vangraaf.com\/hu\/divathazaink\/personal-shopping\/\"><strong>VAN GRAAF divatszak\u00e9rt\u0151je<\/strong><\/a> l\u00e1tja el tan\u00e1csokkal a v\u00e1s\u00e1rl\u00e1skor.[\/vc_column_text][\/vc_column][\/vc_row][vc_row][vc_column]<div class=\"vg-element brand-slider brand-slider--light\" data-aos=\"fade-up\"><div class=\"brand-slider__inner\"><div class=\"brand-slider__slider js-brand-slider\"><div class=\"brand-slider__slider__item\"><a href=\"https:\/\/www.vangraaf.com\/hu\/markaink\/adidas-originals\/\" title=\"adidas Originals\"><img loading=\"lazy\" decoding=\"async\" width=\"1\" height=\"1\" src=\"https:\/\/www.vangraaf.com\/hu\/wp-content\/uploads\/sites\/3\/2020\/03\/Adidas_Logo_grau_OK.svg\" class=\"attachment-full size-full\" alt=\"\" \/><\/a><\/div><div class=\"brand-slider__slider__item\"><a href=\"https:\/\/www.vangraaf.com\/hu\/markaink\/tommy-hilfiger\/\" title=\"Tommy Hilfiger\"><img loading=\"lazy\" decoding=\"async\" width=\"1\" height=\"1\" src=\"https:\/\/www.vangraaf.com\/hu\/wp-content\/uploads\/sites\/3\/2020\/03\/Tommy_Hilfiger_4c_grau_OK.svg\" class=\"attachment-full size-full\" alt=\"\" \/><\/a><\/div><div class=\"brand-slider__slider__item\"><a href=\"https:\/\/www.vangraaf.com\/hu\/markaink\/levis\/\" title=\"Levi&#039;s\"><img loading=\"lazy\" decoding=\"async\" width=\"1\" height=\"1\" src=\"https:\/\/www.vangraaf.com\/hu\/wp-content\/uploads\/sites\/3\/2020\/03\/Levis_Logo_grau_OK.svg\" class=\"attachment-full size-full\" alt=\"\" \/><\/a><\/div><div class=\"brand-slider__slider__item\"><a href=\"https:\/\/www.vangraaf.com\/hu\/markaink\/calvin-klein\/\" title=\"Calvin Klein\"><img loading=\"lazy\" decoding=\"async\" width=\"1\" height=\"1\" src=\"https:\/\/www.vangraaf.com\/hu\/wp-content\/uploads\/sites\/3\/2020\/03\/Calvin-Klein-Logo-grau_OK.svg\" class=\"attachment-full size-full\" alt=\"\" \/><\/a><\/div><div class=\"brand-slider__slider__item\"><a href=\"https:\/\/www.vangraaf.com\/hu\/markaink\/champion\/\" title=\"Champion\"><img loading=\"lazy\" decoding=\"async\" width=\"1\" height=\"1\" src=\"https:\/\/www.vangraaf.com\/hu\/wp-content\/uploads\/sites\/3\/2020\/03\/Champion_Logo_grau_OK.svg\" class=\"attachment-full size-full\" alt=\"\" \/><\/a><\/div><div class=\"brand-slider__slider__item\"><a href=\"https:\/\/www.vangraaf.com\/hu\/markaink\/lacoste\/\" title=\"Lacoste\"><img loading=\"lazy\" decoding=\"async\" width=\"1\" height=\"1\" src=\"https:\/\/www.vangraaf.com\/hu\/wp-content\/uploads\/sites\/3\/2020\/03\/Lacoste_Logo_4c_grau_Ausnahme_OK.svg\" class=\"attachment-full size-full\" alt=\"\" \/><\/a><\/div><div class=\"brand-slider__slider__item\"><a href=\"https:\/\/www.vangraaf.com\/hu\/markaink\/superdry\/\" title=\"Superdry\"><img loading=\"lazy\" decoding=\"async\" width=\"1\" height=\"1\" src=\"https:\/\/www.vangraaf.com\/hu\/wp-content\/uploads\/sites\/3\/2020\/03\/Superdry_Logo_grau_OK.svg\" class=\"attachment-full size-full\" alt=\"\" \/><\/a><\/div><div class=\"brand-slider__slider__item\"><a href=\"https:\/\/www.vangraaf.com\/hu\/markaink\/fila\/\" title=\"FILA\"><img loading=\"lazy\" decoding=\"async\" width=\"1\" height=\"1\" src=\"https:\/\/www.vangraaf.com\/hu\/wp-content\/uploads\/sites\/3\/2020\/03\/Fila-Logo-grau_OK.svg\" class=\"attachment-full size-full\" alt=\"\" \/><\/a><\/div><div class=\"brand-slider__slider__item\"><a href=\"https:\/\/www.vangraaf.com\/hu\/markaink\/tom-tailor\/\" title=\"TOM TAILOR\"><img loading=\"lazy\" decoding=\"async\" width=\"1\" height=\"1\" src=\"https:\/\/www.vangraaf.com\/hu\/wp-content\/uploads\/sites\/3\/2020\/03\/Tom_Tailor_Logo_grau_OK.svg\" class=\"attachment-full size-full\" alt=\"\" \/><\/a><\/div><div class=\"brand-slider__slider__item\"><a href=\"https:\/\/www.vangraaf.com\/hu\/markaink\/alpha-industries\/\" title=\"Alpha Industries\"><img loading=\"lazy\" decoding=\"async\" width=\"1\" height=\"1\" src=\"https:\/\/www.vangraaf.com\/hu\/wp-content\/uploads\/sites\/3\/2020\/03\/Alpha_Industries_Logo_grau_OK.svg\" class=\"attachment-full size-full\" alt=\"\" \/><\/a><\/div><div class=\"brand-slider__slider__item\"><a href=\"https:\/\/www.vangraaf.com\/hu\/markaink\/vila\/\" title=\"VILA\"><img loading=\"lazy\" decoding=\"async\" width=\"1\" height=\"1\" src=\"https:\/\/www.vangraaf.com\/hu\/wp-content\/uploads\/sites\/3\/2020\/03\/Vila_Logo_grau_OK.svg\" class=\"attachment-full size-full\" alt=\"\" \/><\/a><\/div><div class=\"brand-slider__slider__item\"><a href=\"https:\/\/www.vangraaf.com\/hu\/markaink\/boss\/\" title=\"BOSS\"><img loading=\"lazy\" decoding=\"async\" width=\"1\" height=\"1\" src=\"https:\/\/www.vangraaf.com\/hu\/wp-content\/uploads\/sites\/3\/2020\/03\/Boss_Logo_grau_OK.svg\" class=\"attachment-full size-full\" alt=\"\" \/><\/a><\/div><div class=\"brand-slider__slider__item\"><a href=\"https:\/\/www.vangraaf.com\/hu\/markaink\/armani-exchange\/\" title=\"Armani Exchange\"><img loading=\"lazy\" decoding=\"async\" width=\"1\" height=\"1\" src=\"https:\/\/www.vangraaf.com\/hu\/wp-content\/uploads\/sites\/3\/2020\/03\/Armani-Exchange-Logo-grau_OK.svg\" class=\"attachment-full size-full\" alt=\"\" \/><\/a><\/div><div class=\"brand-slider__slider__item\"><a href=\"https:\/\/www.vangraaf.com\/hu\/markaink\/polo-ralph-lauren\/\" title=\"Polo Ralph Lauren\"><img loading=\"lazy\" decoding=\"async\" width=\"1\" height=\"1\" src=\"https:\/\/www.vangraaf.com\/hu\/wp-content\/uploads\/sites\/3\/2020\/03\/Ralph_Lauren_Logo_grau_OK.svg\" class=\"attachment-full size-full\" alt=\"\" \/><\/a><\/div><div class=\"brand-slider__slider__item\"><a href=\"https:\/\/www.vangraaf.com\/hu\/markaink\/marie-lund\/\" title=\"Marie Lund\"><img loading=\"lazy\" decoding=\"async\" width=\"1\" height=\"1\" src=\"https:\/\/www.vangraaf.com\/hu\/wp-content\/uploads\/sites\/3\/2020\/03\/Marie_Lund_Logo_grau_OK.svg\" class=\"attachment-full size-full\" alt=\"\" \/><\/a><\/div><\/div><\/div><\/div>[\/vc_column][\/vc_row]<\/div>","protected":false},"excerpt":{"rendered":"[vc_row full_width=&#8221;stretch_row_content_no_spaces&#8221;][vc_column][vc_column_text] Aki szereti a farmeranyagot \u00e9s a hasonl\u00f3, nagy hagyom\u00e1nyokkal rendelkez\u0151 anyagokat, nem ker\u00fclheti el a holland G-Star k\u00f6zismert term\u00e9keit. Amellett, hogy \u00fajra feltal\u00e1lta a farmert, ez a divatm\u00e1rka a fenntarthat\u00f3s\u00e1got is el\u0151t\u00e9rbe helyezi. Legyen sz\u00f3 ak\u00e1r farmernadr\u00e1gr\u00f3l, teljes ruh\u00e1r\u00f3l vagy cip\u0151r\u0151l, a G-Star n\u0151i \u00e9s f\u00e9rfi term\u00e9kei divatosak, \u00e9s a h\u00e9tk\u00f6znapi eleganci\u00e1t testes\u00edtik [&hellip;]","protected":false},"author":3,"featured_media":0,"parent":3937,"menu_order":0,"comment_status":"closed","ping_status":"closed","template":"","meta":{"_acf_changed":false,"inline_featured_image":false,"footnotes":""},"class_list":["post-4540","page","type-page","status-publish","hentry"],"acf":[],"yoast_head":"<!-- This site is optimized with the Yoast SEO plugin v27.2 - https:\/\/yoast.com\/product\/yoast-seo-wordpress\/ -->\n<title>G-Star n\u0151i \u00e9s f\u00e9rfi divat Budapesten<\/title>\n<meta name=\"description\" content=\"A G-Star ruh\u00e1zatai a fenntarthat\u00f3s\u00e1got \u00e9s az urb\u00e1nus utcai st\u00edlust k\u00e9pviselik, sok farmeranyag felhaszn\u00e1l\u00e1s\u00e1val. V\u00e1s\u00e1roljon divatos G-Star darabokat a VAN GRAAF budapesti \u00fczleteiben!\" \/>\n<meta name=\"robots\" content=\"index, follow, max-snippet:-1, max-image-preview:large, max-video-preview:-1\" \/>\n<link rel=\"canonical\" href=\"https:\/\/www.vangraaf.com\/hu\/markaink\/g-star\/\" \/>\n<meta property=\"og:locale\" content=\"hu_HU\" \/>\n<meta property=\"og:type\" content=\"article\" \/>\n<meta property=\"og:title\" content=\"G-Star n\u0151i \u00e9s f\u00e9rfi divat Budapesten\" \/>\n<meta property=\"og:description\" content=\"A G-Star ruh\u00e1zatai a fenntarthat\u00f3s\u00e1got \u00e9s az urb\u00e1nus utcai st\u00edlust k\u00e9pviselik, sok farmeranyag felhaszn\u00e1l\u00e1s\u00e1val. V\u00e1s\u00e1roljon divatos G-Star darabokat a VAN GRAAF budapesti \u00fczleteiben!\" \/>\n<meta property=\"og:url\" content=\"https:\/\/www.vangraaf.com\/hu\/markaink\/g-star\/\" \/>\n<meta property=\"og:site_name\" content=\"VAN GRAAF Magyarorsz\u00e1g\" \/>\n<meta property=\"article:modified_time\" content=\"2022-04-28T16:14:59+00:00\" \/>\n<meta name=\"twitter:card\" content=\"summary_large_image\" \/>\n<meta name=\"twitter:label1\" content=\"Becs\u00fclt olvas\u00e1si id\u0151\" \/>\n\t<meta name=\"twitter:data1\" content=\"3 perc\" \/>\n<script type=\"application\/ld+json\" class=\"yoast-schema-graph\">{\"@context\":\"https:\/\/schema.org\",\"@graph\":[{\"@type\":\"WebPage\",\"@id\":\"https:\/\/www.vangraaf.com\/hu\/markaink\/g-star\/\",\"url\":\"https:\/\/www.vangraaf.com\/hu\/markaink\/g-star\/\",\"name\":\"G-Star n\u0151i \u00e9s f\u00e9rfi divat Budapesten\",\"isPartOf\":{\"@id\":\"https:\/\/www.vangraaf.com\/hu\/#website\"},\"datePublished\":\"2020-03-12T12:53:23+00:00\",\"dateModified\":\"2022-04-28T16:14:59+00:00\",\"description\":\"A G-Star ruh\u00e1zatai a fenntarthat\u00f3s\u00e1got \u00e9s az urb\u00e1nus utcai st\u00edlust k\u00e9pviselik, sok farmeranyag felhaszn\u00e1l\u00e1s\u00e1val. V\u00e1s\u00e1roljon divatos G-Star darabokat a VAN GRAAF budapesti \u00fczleteiben!\",\"breadcrumb\":{\"@id\":\"https:\/\/www.vangraaf.com\/hu\/markaink\/g-star\/#breadcrumb\"},\"inLanguage\":\"hu\",\"potentialAction\":[{\"@type\":\"ReadAction\",\"target\":[\"https:\/\/www.vangraaf.com\/hu\/markaink\/g-star\/\"]}]},{\"@type\":\"BreadcrumbList\",\"@id\":\"https:\/\/www.vangraaf.com\/hu\/markaink\/g-star\/#breadcrumb\",\"itemListElement\":[{\"@type\":\"ListItem\",\"position\":1,\"name\":\"Home\",\"item\":\"https:\/\/www.vangraaf.com\/hu\/\"},{\"@type\":\"ListItem\",\"position\":2,\"name\":\"Marken\",\"item\":\"https:\/\/www.vangraaf.com\/hu\/markaink\/\"},{\"@type\":\"ListItem\",\"position\":3,\"name\":\"G-Star\"}]},{\"@type\":\"WebSite\",\"@id\":\"https:\/\/www.vangraaf.com\/hu\/#website\",\"url\":\"https:\/\/www.vangraaf.com\/hu\/\",\"name\":\"VAN GRAAF\",\"description\":\"VAN GRAAF\",\"potentialAction\":[{\"@type\":\"SearchAction\",\"target\":{\"@type\":\"EntryPoint\",\"urlTemplate\":\"https:\/\/www.vangraaf.com\/hu\/?s={search_term_string}\"},\"query-input\":{\"@type\":\"PropertyValueSpecification\",\"valueRequired\":true,\"valueName\":\"search_term_string\"}}],\"inLanguage\":\"hu\"}]}<\/script>\n<!-- \/ Yoast SEO plugin. -->","yoast_head_json":{"title":"G-Star n\u0151i \u00e9s f\u00e9rfi divat Budapesten","description":"A G-Star ruh\u00e1zatai a fenntarthat\u00f3s\u00e1got \u00e9s az urb\u00e1nus utcai st\u00edlust k\u00e9pviselik, sok farmeranyag felhaszn\u00e1l\u00e1s\u00e1val. V\u00e1s\u00e1roljon divatos G-Star darabokat a VAN GRAAF budapesti \u00fczleteiben!","robots":{"index":"index","follow":"follow","max-snippet":"max-snippet:-1","max-image-preview":"max-image-preview:large","max-video-preview":"max-video-preview:-1"},"canonical":"https:\/\/www.vangraaf.com\/hu\/markaink\/g-star\/","og_locale":"hu_HU","og_type":"article","og_title":"G-Star n\u0151i \u00e9s f\u00e9rfi divat Budapesten","og_description":"A G-Star ruh\u00e1zatai a fenntarthat\u00f3s\u00e1got \u00e9s az urb\u00e1nus utcai st\u00edlust k\u00e9pviselik, sok farmeranyag felhaszn\u00e1l\u00e1s\u00e1val. V\u00e1s\u00e1roljon divatos G-Star darabokat a VAN GRAAF budapesti \u00fczleteiben!","og_url":"https:\/\/www.vangraaf.com\/hu\/markaink\/g-star\/","og_site_name":"VAN GRAAF Magyarorsz\u00e1g","article_modified_time":"2022-04-28T16:14:59+00:00","twitter_card":"summary_large_image","twitter_misc":{"Becs\u00fclt olvas\u00e1si id\u0151":"3 perc"},"schema":{"@context":"https:\/\/schema.org","@graph":[{"@type":"WebPage","@id":"https:\/\/www.vangraaf.com\/hu\/markaink\/g-star\/","url":"https:\/\/www.vangraaf.com\/hu\/markaink\/g-star\/","name":"G-Star n\u0151i \u00e9s f\u00e9rfi divat Budapesten","isPartOf":{"@id":"https:\/\/www.vangraaf.com\/hu\/#website"},"datePublished":"2020-03-12T12:53:23+00:00","dateModified":"2022-04-28T16:14:59+00:00","description":"A G-Star ruh\u00e1zatai a fenntarthat\u00f3s\u00e1got \u00e9s az urb\u00e1nus utcai st\u00edlust k\u00e9pviselik, sok farmeranyag felhaszn\u00e1l\u00e1s\u00e1val. V\u00e1s\u00e1roljon divatos G-Star darabokat a VAN GRAAF budapesti \u00fczleteiben!","breadcrumb":{"@id":"https:\/\/www.vangraaf.com\/hu\/markaink\/g-star\/#breadcrumb"},"inLanguage":"hu","potentialAction":[{"@type":"ReadAction","target":["https:\/\/www.vangraaf.com\/hu\/markaink\/g-star\/"]}]},{"@type":"BreadcrumbList","@id":"https:\/\/www.vangraaf.com\/hu\/markaink\/g-star\/#breadcrumb","itemListElement":[{"@type":"ListItem","position":1,"name":"Home","item":"https:\/\/www.vangraaf.com\/hu\/"},{"@type":"ListItem","position":2,"name":"Marken","item":"https:\/\/www.vangraaf.com\/hu\/markaink\/"},{"@type":"ListItem","position":3,"name":"G-Star"}]},{"@type":"WebSite","@id":"https:\/\/www.vangraaf.com\/hu\/#website","url":"https:\/\/www.vangraaf.com\/hu\/","name":"VAN GRAAF","description":"VAN GRAAF","potentialAction":[{"@type":"SearchAction","target":{"@type":"EntryPoint","urlTemplate":"https:\/\/www.vangraaf.com\/hu\/?s={search_term_string}"},"query-input":{"@type":"PropertyValueSpecification","valueRequired":true,"valueName":"search_term_string"}}],"inLanguage":"hu"}]}},"_links":{"self":[{"href":"https:\/\/www.vangraaf.com\/hu\/wp-json\/wp\/v2\/pages\/4540","targetHints":{"allow":["GET"]}}],"collection":[{"href":"https:\/\/www.vangraaf.com\/hu\/wp-json\/wp\/v2\/pages"}],"about":[{"href":"https:\/\/www.vangraaf.com\/hu\/wp-json\/wp\/v2\/types\/page"}],"author":[{"embeddable":true,"href":"https:\/\/www.vangraaf.com\/hu\/wp-json\/wp\/v2\/users\/3"}],"replies":[{"embeddable":true,"href":"https:\/\/www.vangraaf.com\/hu\/wp-json\/wp\/v2\/comments?post=4540"}],"version-history":[{"count":16,"href":"https:\/\/www.vangraaf.com\/hu\/wp-json\/wp\/v2\/pages\/4540\/revisions"}],"predecessor-version":[{"id":7022,"href":"https:\/\/www.vangraaf.com\/hu\/wp-json\/wp\/v2\/pages\/4540\/revisions\/7022"}],"up":[{"embeddable":true,"href":"https:\/\/www.vangraaf.com\/hu\/wp-json\/wp\/v2\/pages\/3937"}],"wp:attachment":[{"href":"https:\/\/www.vangraaf.com\/hu\/wp-json\/wp\/v2\/media?parent=4540"}],"curies":[{"name":"wp","href":"https:\/\/api.w.org\/{rel}","templated":true}]}}