{"id":4365,"date":"2020-02-11T13:25:41","date_gmt":"2020-02-11T12:25:41","guid":{"rendered":"http:\/\/van-graaf.test\/ch\/?page_id=2218"},"modified":"2022-03-10T16:06:54","modified_gmt":"2022-03-10T15:06:54","slug":"tippek","status":"publish","type":"page","link":"https:\/\/www.vangraaf.com\/hu\/tanacsadas-stilus\/tippek\/","title":{"rendered":"Tippek"},"content":{"rendered":"<div class=\"wpb-content-wrapper\">[vc_row bwd_tbc4vd_show_weekday=&#8221;&#8221; full_width=&#8221;stretch_row_content_no_spaces&#8221;][vc_column]<div class=\"keyvisual\" data-aos=\"fade-up\" ><img loading=\"lazy\" decoding=\"async\" width=\"1440\" height=\"480\" src=\"https:\/\/www.vangraaf.com\/hu\/wp-content\/uploads\/sites\/3\/2020\/02\/Tipps_Banner_WP.jpg\" class=\"vc_single_image-img\" alt=\"Egy mosolyg\u00f3 n\u0151 t\u00e1ncol r\u00f3zsasz\u00edn, vir\u00e1gmint\u00e1s ruh\u00e1ban, feh\u00e9r h\u00e1tt\u00e9r el\u0151tt, hossz\u00fa f\u00fclbeval\u00f3val.\" srcset=\"https:\/\/www.vangraaf.com\/hu\/wp-content\/uploads\/sites\/3\/2020\/02\/Tipps_Banner_WP.jpg 1440w, https:\/\/www.vangraaf.com\/hu\/wp-content\/uploads\/sites\/3\/2020\/02\/Tipps_Banner_WP-300x100.jpg 300w, https:\/\/www.vangraaf.com\/hu\/wp-content\/uploads\/sites\/3\/2020\/02\/Tipps_Banner_WP-1024x341.jpg 1024w, https:\/\/www.vangraaf.com\/hu\/wp-content\/uploads\/sites\/3\/2020\/02\/Tipps_Banner_WP-768x256.jpg 768w, https:\/\/www.vangraaf.com\/hu\/wp-content\/uploads\/sites\/3\/2020\/02\/Tipps_Banner_WP-1200x400.jpg 1200w, https:\/\/www.vangraaf.com\/hu\/wp-content\/uploads\/sites\/3\/2020\/02\/Tipps_Banner_WP-992x331.jpg 992w, https:\/\/www.vangraaf.com\/hu\/wp-content\/uploads\/sites\/3\/2020\/02\/Tipps_Banner_WP-480x160.jpg 480w, https:\/\/www.vangraaf.com\/hu\/wp-content\/uploads\/sites\/3\/2020\/02\/Tipps_Banner_WP-690x230.jpg 690w\" sizes=\"(max-width: 1440px) 100vw, 1440px\" \/><\/div>\n        <div class=\"headlines headlines--center\" data-aos=\"fade-up\">\n            <div class=\"vc_row\">\n                <div class=\"vc_col-md-10 vc_col-md-offset-1 vc_col-lg-10 vc_col-lg-offset-1\"><h1 class=\"h2\">Tippek<\/h1><\/div>\n            <\/div>\n        <\/div>[\/vc_column][\/vc_row][vc_row bwd_show_when_type=&#8221;before&#8221; bwd_show_when_date=&#8221;03\/15\/2021 00:00&#8243; bwd_tbc4vd_show_weekday=&#8221;&#8221; full_width=&#8221;stretch_row_content_no_spaces&#8221;][vc_column]<div class=\"vice-versa-teaser vice-versa-teaser--dark\" style=\"--season-color: #ededed\" data-aos=\"fade-up\"><div class=\"vice-versa-teaser__inner\">\n                        <div class=\"content_wrap\"><div class=\"vg-element vice-versa-teaser__item vice-versa-teaser__item--left\"><div class=\"vc_row vc_row-flex\"><div class=\"vc_col-xs-12 vc_col-sm-6\"><div class=\"vice-versa-teaser__item__image-wrap\"><a class=\"\" href=\"http:\/\/vangraaf.com\/hu\/tanacsadas-stilus\/tippek__trashed\/a-stilusos-meret-mix\/\" target=\"_self\" rel=\"\" style=\"\">A st\u00edlusos m\u00e9ret-mix!<\/a><\/div><\/div><div class=\"vice-versa-teaser__item__content-wrap vc_col-xs-12 vc_col-sm-6 vc_col-md-4 vc_col-md-offset-1\"><div class=\"vice-versa-teaser__item__content\"><h3>A st\u00edlusos m\u00e9ret-mix<\/h3><p>Nem mindenkire illenek a klasszikus \u00f6lt\u00f6nym\u00e9retek. Hol az \u00f6lt\u00f6nyzak\u00f3 t\u00fal kicsi, hol a nadr\u00e1g t\u00fal nagy \u2013 vagy \u00e9ppen ford\u00edtva. Mi \u00e9ppen ez\u00e9rt eg\u00e9szen egy\u00e9ni megold\u00e1st k\u00edn\u00e1lunk \u00d6nnek: a VAN GRAAF elemekb\u0151l \u00f6ssze\u00e1ll\u00edtott \u00f6lt\u00f6ny\u00e9t.<\/p><a class=\"button button--dark\" href=\"http:\/\/vangraaf.com\/hu\/tanacsadas-stilus\/tippek__trashed\/a-stilusos-meret-mix\/\" target=\"_self\" rel=\"\" style=\"\">A st\u00edlusos m\u00e9ret-mix!<\/a><\/div><\/div><\/div><\/div><div class=\"vg-element vice-versa-teaser__item vice-versa-teaser__item--right\"><div class=\"vc_row vc_row-flex\"><div class=\"vc_col-xs-12 vc_col-sm-6 vc_col-sm-push-6\"><div class=\"vice-versa-teaser__item__image-wrap\"><a class=\"\" href=\"http:\/\/vangraaf.com\/hu\/tanacsadas-stilus\/tippek__trashed\/apolasi-tanacsok\/\" target=\"_self\" rel=\"\" style=\"\">\u00c1pol\u00e1si tan\u00e1csok<\/a><\/div><\/div><div class=\"vice-versa-teaser__item__content-wrap vc_col-xs-12 vc_col-sm-6 vc_col-md-4 vc_col-md-offset-1 vc_col-sm-pull-6\"><div class=\"vice-versa-teaser__item__content\"><h3>\u00c1pol\u00e1si tan\u00e1csok<\/h3><p>Olvassa el \u00e1pol\u00e1si tan\u00e1csainkat, hogy megtudja, hogyan \u00e1polja text\u00edli\u00e1it a gyapj\u00fat\u00f3l a selyemig. Tan\u00e1csaink k\u00f6z\u00f6tt megtal\u00e1lja a text\u00edli\u00e1k \u00e1pol\u00e1si ikonjainak magyar\u00e1zat\u00e1t is \u2013 mindezt egyetlen helyen!<\/p><a class=\"button button--dark\" href=\"http:\/\/vangraaf.com\/hu\/tanacsadas-stilus\/tippek__trashed\/apolasi-tanacsok\/\" target=\"_self\" rel=\"\" style=\"\">\u00c1pol\u00e1si tan\u00e1csok<\/a><\/div><\/div><\/div><\/div><\/div><\/div><\/div>[\/vc_column][\/vc_row][vc_row bwd_show_when_type=&#8221;after&#8221; bwd_show_when_date=&#8221;03\/15\/2021 00:00&#8243; bwd_tbc4vd_show_weekday=&#8221;&#8221; full_width=&#8221;stretch_row_content_no_spaces&#8221;][vc_column]<div class=\"vice-versa-teaser vice-versa-teaser--dark\" style=\"--season-color: #ededed\" data-aos=\"fade-up\"><div class=\"vice-versa-teaser__inner\">\n                        <div class=\"content_wrap\"><div class=\"vg-element vice-versa-teaser__item vice-versa-teaser__item--left\"><div class=\"vc_row vc_row-flex\"><div class=\"vc_col-xs-12 vc_col-sm-6\"><div class=\"vice-versa-teaser__item__image-wrap\"><a class=\"\" href=\"http:\/\/vangraaf.com\/hu\/tanacsadas-stilus\/tippek__trashed\/a-stilusos-meret-mix\/\" target=\"_self\" rel=\"\" style=\"\"><img loading=\"lazy\" decoding=\"async\" width=\"544\" height=\"711\" src=\"https:\/\/www.vangraaf.com\/hu\/wp-content\/uploads\/sites\/3\/2020\/02\/Baukastenanzug_ViceVersa_WP.jpg\" class=\"attachment-van-graaf-vice-versa-teaser size-van-graaf-vice-versa-teaser\" alt=\"F\u00e9rfi vil\u00e1gossz\u00fcrke, k\u00e9tsoros \u00f6lt\u00f6nyben, zsebre tett k\u00e9zzel \u00e1ll, feh\u00e9r f\u00fcgg\u00f6ny\u00f6k k\u00f6z\u00f6tti minimalista k\u00f6rnyezetben.\" srcset=\"https:\/\/www.vangraaf.com\/hu\/wp-content\/uploads\/sites\/3\/2020\/02\/Baukastenanzug_ViceVersa_WP.jpg 544w, https:\/\/www.vangraaf.com\/hu\/wp-content\/uploads\/sites\/3\/2020\/02\/Baukastenanzug_ViceVersa_WP-230x300.jpg 230w, https:\/\/www.vangraaf.com\/hu\/wp-content\/uploads\/sites\/3\/2020\/02\/Baukastenanzug_ViceVersa_WP-480x627.jpg 480w\" sizes=\"(max-width: 544px) 100vw, 544px\" \/><\/a><\/div><\/div><div class=\"vice-versa-teaser__item__content-wrap vc_col-xs-12 vc_col-sm-6 vc_col-md-4 vc_col-md-offset-1\"><div class=\"vice-versa-teaser__item__content\"><h3>A st\u00edlusos m\u00e9ret-mix<\/h3><p>Nem mindenkire illenek a klasszikus \u00f6lt\u00f6nym\u00e9retek. Hol az \u00f6lt\u00f6nyzak\u00f3 t\u00fal kicsi, hol a nadr\u00e1g t\u00fal nagy \u2013 vagy \u00e9ppen ford\u00edtva. Mi \u00e9ppen ez\u00e9rt eg\u00e9szen egy\u00e9ni megold\u00e1st k\u00edn\u00e1lunk \u00d6nnek: a VAN GRAAF elemekb\u0151l \u00f6ssze\u00e1ll\u00edtott \u00f6lt\u00f6ny\u00e9t.<\/p><a class=\"button button--dark\" href=\"http:\/\/vangraaf.com\/hu\/tanacsadas-stilus\/tippek__trashed\/a-stilusos-meret-mix\/\" target=\"_self\" rel=\"\" style=\"\">A st\u00edlusos m\u00e9ret-mix!<\/a><\/div><\/div><\/div><\/div><div class=\"vg-element vice-versa-teaser__item vice-versa-teaser__item--right\"><div class=\"vc_row vc_row-flex\"><div class=\"vc_col-xs-12 vc_col-sm-6 vc_col-sm-push-6\"><div class=\"vice-versa-teaser__item__image-wrap\"><a class=\"\" href=\"http:\/\/vangraaf.com\/hu\/tanacsadas-stilus\/tippek__trashed\/apolasi-tanacsok\/\" target=\"_self\" rel=\"\" style=\"\"><img loading=\"lazy\" decoding=\"async\" width=\"544\" height=\"711\" src=\"https:\/\/www.vangraaf.com\/hu\/wp-content\/uploads\/sites\/3\/2020\/02\/Pflegetipps_ViceVersa_WP.jpg\" class=\"attachment-van-graaf-vice-versa-teaser size-van-graaf-vice-versa-teaser\" alt=\"Egy n\u0151 \u00fcl egy b\u00e1rsz\u00e9ken feh\u00e9r, b\u0151 sz\u00e1r\u00fa nadr\u00e1gban \u00e9s csillog\u00f3, ez\u00fcst p\u00e1ntos fels\u0151ben.\" srcset=\"https:\/\/www.vangraaf.com\/hu\/wp-content\/uploads\/sites\/3\/2020\/02\/Pflegetipps_ViceVersa_WP.jpg 544w, https:\/\/www.vangraaf.com\/hu\/wp-content\/uploads\/sites\/3\/2020\/02\/Pflegetipps_ViceVersa_WP-230x300.jpg 230w, https:\/\/www.vangraaf.com\/hu\/wp-content\/uploads\/sites\/3\/2020\/02\/Pflegetipps_ViceVersa_WP-480x627.jpg 480w\" sizes=\"(max-width: 544px) 100vw, 544px\" \/><\/a><\/div><\/div><div class=\"vice-versa-teaser__item__content-wrap vc_col-xs-12 vc_col-sm-6 vc_col-md-4 vc_col-md-offset-1 vc_col-sm-pull-6\"><div class=\"vice-versa-teaser__item__content\"><h3>\u00c1pol\u00e1si tan\u00e1csok<\/h3><p>Olvassa el \u00e1pol\u00e1si tan\u00e1csainkat, hogy megtudja, hogyan \u00e1polja text\u00edli\u00e1it a gyapj\u00fat\u00f3l a selyemig. Tan\u00e1csaink k\u00f6z\u00f6tt megtal\u00e1lja a text\u00edli\u00e1k \u00e1pol\u00e1si ikonjainak magyar\u00e1zat\u00e1t is \u2013 mindezt egyetlen helyen!<\/p><a class=\"button button--dark\" href=\"http:\/\/vangraaf.com\/hu\/tanacsadas-stilus\/tippek__trashed\/apolasi-tanacsok\/\" target=\"_self\" rel=\"\" style=\"\">\u00c1pol\u00e1si tan\u00e1csok<\/a><\/div><\/div><\/div><\/div><\/div><\/div><\/div>[\/vc_column][\/vc_row]<\/div>","protected":false},"excerpt":{"rendered":"[vc_row bwd_tbc4vd_show_weekday=&#8221;&#8221; full_width=&#8221;stretch_row_content_no_spaces&#8221;][vc_column][\/vc_column][\/vc_row][vc_row bwd_show_when_type=&#8221;before&#8221; bwd_show_when_date=&#8221;03\/15\/2021 00:00&#8243; bwd_tbc4vd_show_weekday=&#8221;&#8221; full_width=&#8221;stretch_row_content_no_spaces&#8221;][vc_column][\/vc_column][\/vc_row][vc_row bwd_show_when_type=&#8221;after&#8221; bwd_show_when_date=&#8221;03\/15\/2021 00:00&#8243; bwd_tbc4vd_show_weekday=&#8221;&#8221; full_width=&#8221;stretch_row_content_no_spaces&#8221;][vc_column][\/vc_column][\/vc_row]","protected":false},"author":3,"featured_media":0,"parent":3919,"menu_order":0,"comment_status":"closed","ping_status":"closed","template":"","meta":{"_acf_changed":false,"inline_featured_image":false,"footnotes":""},"class_list":["post-4365","page","type-page","status-publish","hentry"],"acf":[],"yoast_head":"<!-- This site is optimized with the Yoast SEO plugin v27.2 - https:\/\/yoast.com\/product\/yoast-seo-wordpress\/ -->\n<title>Tippek | VAN GRAAF Magyarorsz\u00e1g<\/title>\n<meta name=\"description\" content=\"A VAN GRAAF modul\u00e1ris \u00f6lt\u00f6ny\u00e9vel saj\u00e1t \u00edzl\u00e9s\u00e9nek megfelel\u0151 \u00f6lt\u00f6nyt \u00e1ll\u00edthat \u00f6ssze, divattan\u00e1csainkb\u00f3l pedig ihletet mer\u00edthet.\" \/>\n<meta name=\"robots\" content=\"index, follow, max-snippet:-1, max-image-preview:large, max-video-preview:-1\" \/>\n<link rel=\"canonical\" href=\"https:\/\/www.vangraaf.com\/hu\/tanacsadas-stilus\/tippek\/\" \/>\n<meta property=\"og:locale\" content=\"hu_HU\" \/>\n<meta property=\"og:type\" content=\"article\" \/>\n<meta property=\"og:title\" content=\"Tippek | VAN GRAAF Magyarorsz\u00e1g\" \/>\n<meta property=\"og:description\" content=\"A VAN GRAAF modul\u00e1ris \u00f6lt\u00f6ny\u00e9vel saj\u00e1t \u00edzl\u00e9s\u00e9nek megfelel\u0151 \u00f6lt\u00f6nyt \u00e1ll\u00edthat \u00f6ssze, divattan\u00e1csainkb\u00f3l pedig ihletet mer\u00edthet.\" \/>\n<meta property=\"og:url\" content=\"https:\/\/www.vangraaf.com\/hu\/tanacsadas-stilus\/tippek\/\" \/>\n<meta property=\"og:site_name\" content=\"VAN GRAAF Magyarorsz\u00e1g\" \/>\n<meta property=\"article:modified_time\" content=\"2022-03-10T15:06:54+00:00\" \/>\n<meta name=\"twitter:card\" content=\"summary_large_image\" \/>\n<meta name=\"twitter:label1\" content=\"Becs\u00fclt olvas\u00e1si id\u0151\" \/>\n\t<meta name=\"twitter:data1\" content=\"1 perc\" \/>\n<script type=\"application\/ld+json\" class=\"yoast-schema-graph\">{\"@context\":\"https:\/\/schema.org\",\"@graph\":[{\"@type\":\"WebPage\",\"@id\":\"https:\/\/www.vangraaf.com\/hu\/tanacsadas-stilus\/tippek\/\",\"url\":\"https:\/\/www.vangraaf.com\/hu\/tanacsadas-stilus\/tippek\/\",\"name\":\"Tippek | VAN GRAAF Magyarorsz\u00e1g\",\"isPartOf\":{\"@id\":\"https:\/\/www.vangraaf.com\/hu\/#website\"},\"datePublished\":\"2020-02-11T12:25:41+00:00\",\"dateModified\":\"2022-03-10T15:06:54+00:00\",\"description\":\"A VAN GRAAF modul\u00e1ris \u00f6lt\u00f6ny\u00e9vel saj\u00e1t \u00edzl\u00e9s\u00e9nek megfelel\u0151 \u00f6lt\u00f6nyt \u00e1ll\u00edthat \u00f6ssze, divattan\u00e1csainkb\u00f3l pedig ihletet mer\u00edthet.\",\"breadcrumb\":{\"@id\":\"https:\/\/www.vangraaf.com\/hu\/tanacsadas-stilus\/tippek\/#breadcrumb\"},\"inLanguage\":\"hu\",\"potentialAction\":[{\"@type\":\"ReadAction\",\"target\":[\"https:\/\/www.vangraaf.com\/hu\/tanacsadas-stilus\/tippek\/\"]}]},{\"@type\":\"BreadcrumbList\",\"@id\":\"https:\/\/www.vangraaf.com\/hu\/tanacsadas-stilus\/tippek\/#breadcrumb\",\"itemListElement\":[{\"@type\":\"ListItem\",\"position\":1,\"name\":\"Home\",\"item\":\"https:\/\/www.vangraaf.com\/hu\/\"},{\"@type\":\"ListItem\",\"position\":2,\"name\":\"Beratung und Style\",\"item\":\"https:\/\/www.vangraaf.com\/hu\/tanacsadas-stilus\/\"},{\"@type\":\"ListItem\",\"position\":3,\"name\":\"Tippek\"}]},{\"@type\":\"WebSite\",\"@id\":\"https:\/\/www.vangraaf.com\/hu\/#website\",\"url\":\"https:\/\/www.vangraaf.com\/hu\/\",\"name\":\"VAN GRAAF\",\"description\":\"VAN GRAAF\",\"potentialAction\":[{\"@type\":\"SearchAction\",\"target\":{\"@type\":\"EntryPoint\",\"urlTemplate\":\"https:\/\/www.vangraaf.com\/hu\/?s={search_term_string}\"},\"query-input\":{\"@type\":\"PropertyValueSpecification\",\"valueRequired\":true,\"valueName\":\"search_term_string\"}}],\"inLanguage\":\"hu\"}]}<\/script>\n<!-- \/ Yoast SEO plugin. -->","yoast_head_json":{"title":"Tippek | VAN GRAAF Magyarorsz\u00e1g","description":"A VAN GRAAF modul\u00e1ris \u00f6lt\u00f6ny\u00e9vel saj\u00e1t \u00edzl\u00e9s\u00e9nek megfelel\u0151 \u00f6lt\u00f6nyt \u00e1ll\u00edthat \u00f6ssze, divattan\u00e1csainkb\u00f3l pedig ihletet mer\u00edthet.","robots":{"index":"index","follow":"follow","max-snippet":"max-snippet:-1","max-image-preview":"max-image-preview:large","max-video-preview":"max-video-preview:-1"},"canonical":"https:\/\/www.vangraaf.com\/hu\/tanacsadas-stilus\/tippek\/","og_locale":"hu_HU","og_type":"article","og_title":"Tippek | VAN GRAAF Magyarorsz\u00e1g","og_description":"A VAN GRAAF modul\u00e1ris \u00f6lt\u00f6ny\u00e9vel saj\u00e1t \u00edzl\u00e9s\u00e9nek megfelel\u0151 \u00f6lt\u00f6nyt \u00e1ll\u00edthat \u00f6ssze, divattan\u00e1csainkb\u00f3l pedig ihletet mer\u00edthet.","og_url":"https:\/\/www.vangraaf.com\/hu\/tanacsadas-stilus\/tippek\/","og_site_name":"VAN GRAAF Magyarorsz\u00e1g","article_modified_time":"2022-03-10T15:06:54+00:00","twitter_card":"summary_large_image","twitter_misc":{"Becs\u00fclt olvas\u00e1si id\u0151":"1 perc"},"schema":{"@context":"https:\/\/schema.org","@graph":[{"@type":"WebPage","@id":"https:\/\/www.vangraaf.com\/hu\/tanacsadas-stilus\/tippek\/","url":"https:\/\/www.vangraaf.com\/hu\/tanacsadas-stilus\/tippek\/","name":"Tippek | VAN GRAAF Magyarorsz\u00e1g","isPartOf":{"@id":"https:\/\/www.vangraaf.com\/hu\/#website"},"datePublished":"2020-02-11T12:25:41+00:00","dateModified":"2022-03-10T15:06:54+00:00","description":"A VAN GRAAF modul\u00e1ris \u00f6lt\u00f6ny\u00e9vel saj\u00e1t \u00edzl\u00e9s\u00e9nek megfelel\u0151 \u00f6lt\u00f6nyt \u00e1ll\u00edthat \u00f6ssze, divattan\u00e1csainkb\u00f3l pedig ihletet mer\u00edthet.","breadcrumb":{"@id":"https:\/\/www.vangraaf.com\/hu\/tanacsadas-stilus\/tippek\/#breadcrumb"},"inLanguage":"hu","potentialAction":[{"@type":"ReadAction","target":["https:\/\/www.vangraaf.com\/hu\/tanacsadas-stilus\/tippek\/"]}]},{"@type":"BreadcrumbList","@id":"https:\/\/www.vangraaf.com\/hu\/tanacsadas-stilus\/tippek\/#breadcrumb","itemListElement":[{"@type":"ListItem","position":1,"name":"Home","item":"https:\/\/www.vangraaf.com\/hu\/"},{"@type":"ListItem","position":2,"name":"Beratung und Style","item":"https:\/\/www.vangraaf.com\/hu\/tanacsadas-stilus\/"},{"@type":"ListItem","position":3,"name":"Tippek"}]},{"@type":"WebSite","@id":"https:\/\/www.vangraaf.com\/hu\/#website","url":"https:\/\/www.vangraaf.com\/hu\/","name":"VAN GRAAF","description":"VAN GRAAF","potentialAction":[{"@type":"SearchAction","target":{"@type":"EntryPoint","urlTemplate":"https:\/\/www.vangraaf.com\/hu\/?s={search_term_string}"},"query-input":{"@type":"PropertyValueSpecification","valueRequired":true,"valueName":"search_term_string"}}],"inLanguage":"hu"}]}},"_links":{"self":[{"href":"https:\/\/www.vangraaf.com\/hu\/wp-json\/wp\/v2\/pages\/4365","targetHints":{"allow":["GET"]}}],"collection":[{"href":"https:\/\/www.vangraaf.com\/hu\/wp-json\/wp\/v2\/pages"}],"about":[{"href":"https:\/\/www.vangraaf.com\/hu\/wp-json\/wp\/v2\/types\/page"}],"author":[{"embeddable":true,"href":"https:\/\/www.vangraaf.com\/hu\/wp-json\/wp\/v2\/users\/3"}],"replies":[{"embeddable":true,"href":"https:\/\/www.vangraaf.com\/hu\/wp-json\/wp\/v2\/comments?post=4365"}],"version-history":[{"count":10,"href":"https:\/\/www.vangraaf.com\/hu\/wp-json\/wp\/v2\/pages\/4365\/revisions"}],"predecessor-version":[{"id":6597,"href":"https:\/\/www.vangraaf.com\/hu\/wp-json\/wp\/v2\/pages\/4365\/revisions\/6597"}],"up":[{"embeddable":true,"href":"https:\/\/www.vangraaf.com\/hu\/wp-json\/wp\/v2\/pages\/3919"}],"wp:attachment":[{"href":"https:\/\/www.vangraaf.com\/hu\/wp-json\/wp\/v2\/media?parent=4365"}],"curies":[{"name":"wp","href":"https:\/\/api.w.org\/{rel}","templated":true}]}}