{"id":4163,"date":"2020-03-12T13:40:01","date_gmt":"2020-03-12T12:40:01","guid":{"rendered":"http:\/\/van-graaf.test\/ch\/?page_id=3618"},"modified":"2022-05-03T12:25:42","modified_gmt":"2022-05-03T10:25:42","slug":"tommy-hilfiger","status":"publish","type":"page","link":"https:\/\/www.vangraaf.com\/hu\/markaink\/tommy-hilfiger\/","title":{"rendered":"Tommy Hilfiger"},"content":{"rendered":"<div class=\"wpb-content-wrapper\">[vc_row full_width=&#8221;stretch_row_content_no_spaces&#8221;][vc_column]<div class=\"keyvisual\" data-aos=\"fade-up\" ><img loading=\"lazy\" decoding=\"async\" width=\"1440\" height=\"480\" src=\"https:\/\/www.vangraaf.com\/hu\/wp-content\/uploads\/sites\/3\/2020\/02\/Logo_TommyHilfiger.jpg\" class=\"vc_single_image-img\" alt=\"\" srcset=\"https:\/\/www.vangraaf.com\/hu\/wp-content\/uploads\/sites\/3\/2020\/02\/Logo_TommyHilfiger.jpg 1440w, https:\/\/www.vangraaf.com\/hu\/wp-content\/uploads\/sites\/3\/2020\/02\/Logo_TommyHilfiger-300x100.jpg 300w, https:\/\/www.vangraaf.com\/hu\/wp-content\/uploads\/sites\/3\/2020\/02\/Logo_TommyHilfiger-1024x341.jpg 1024w, https:\/\/www.vangraaf.com\/hu\/wp-content\/uploads\/sites\/3\/2020\/02\/Logo_TommyHilfiger-768x256.jpg 768w, https:\/\/www.vangraaf.com\/hu\/wp-content\/uploads\/sites\/3\/2020\/02\/Logo_TommyHilfiger-1200x400.jpg 1200w, https:\/\/www.vangraaf.com\/hu\/wp-content\/uploads\/sites\/3\/2020\/02\/Logo_TommyHilfiger-992x331.jpg 992w, https:\/\/www.vangraaf.com\/hu\/wp-content\/uploads\/sites\/3\/2020\/02\/Logo_TommyHilfiger-480x160.jpg 480w\" sizes=\"(max-width: 1440px) 100vw, 1440px\" \/><\/div>\n        <div class=\"headlines headlines--center\" data-aos=\"fade-up\">\n            <div class=\"vc_row\">\n                <div class=\"vc_col-md-10 vc_col-md-offset-1 vc_col-lg-10 vc_col-lg-offset-1\"><h1 class=\"h2\">V\u00e1s\u00e1roljon Tommy-Hilfiger divat\u00e1rukat a VAN GRAAF budapesti \u00fczleteiben<\/h1><\/div>\n            <\/div>\n        <\/div>[vc_column_text]\r\n<p style=\"text-align: center\">A Tommy Hilfiger szinte minden m\u00e1s m\u00e1rk\u00e1n\u00e1l jobban k\u00e9pviseli a sportos \u00e9s eleg\u00e1ns megjelen\u00e9st, amely az amerikai f\u0151iskolai st\u00edlus j\u00f3l ismert elemeit \u00f6tv\u00f6zi a klasszikus szab\u00e1sokkal \u00e9s a trendi r\u00e9szletekkel. Kiv\u00e1l\u00f3an kombin\u00e1lhat\u00f3 alapvet\u0151 darabok n\u0151knek \u00e9s f\u00e9rfiaknak: ez a Tommy-Hilfiger m\u00e1rkaportf\u00f3li\u00f3j\u00e1nak l\u00e9nyege. Felt\u0171n\u0151bb elemekkel kombin\u00e1lva k\u00f6nnyed, a \u201eh\u00e9tk\u00f6znapi\u201d \u00e9s az \u201eeleg\u00e1ns\u201d hat\u00e1r\u00e1n mozg\u00f3 megjelen\u00e9s \u00e9rhet\u0151 el, amely sz\u00e1mos k\u00fcl\u00f6nf\u00e9le alkalomhoz ide\u00e1lis. A Tommy-Hilfiger darabjait az <strong>\u00edzl\u00e9ses visszafogotts\u00e1g \u00e9s az id\u0151tlen, k\u00f6zvetlen st\u00edlus jellemzi<\/strong>. Fedezze fel a Tommy Hilfiger sokoldal\u00fa ruh\u00e1zatait a budapesti VAN GRAAF-\u00fczletekben, \u00e9s mer\u00edtsen ihletet az amerikai keleti partvid\u00e9kre jellemz\u0151 k\u00f6nnyed eleganci\u00e1b\u00f3l!<\/p>\r\n[\/vc_column_text][\/vc_column][\/vc_row][vc_row][vc_column]\n        <div class=\"headlines headlines--center\" data-aos=\"fade-up\">\n            <div class=\"vc_row\">\n                <div class=\"vc_col-md-10 vc_col-md-offset-1 vc_col-lg-10 vc_col-lg-offset-1\"><h2 class=\"h2\">Tommy Hilfiger: sportos f\u0151iskolai st\u00edlus \u00e9s k\u00f6nnyed elegancia<\/h2><\/div>\n            <\/div>\n        <\/div>[vc_column_text]A Tommy Hilfiger kollekci\u00f3i \u00fajra \u00e9s \u00fajra bebizony\u00edtj\u00e1k, hogy a h\u00e9tk\u00f6znapi divat eleg\u00e1ns is lehet. Az Egyes\u00fclt \u00c1llamokb\u00f3l sz\u00e1rmaz\u00f3 pr\u00e9mium m\u00e1rka, amelyet Tommy Hilfiger az 1980-as \u00e9vekben New Yorkban h\u00edvott \u00e9letre, az id\u0151tlen eleganci\u00e1t <strong>\u00f6tv\u00f6zi<\/strong> <strong>a sportos k\u00f6nnyeds\u00e9ggel<\/strong>. A bev\u00e1lt megold\u00e1sok tal\u00e1lkoz\u00e1sa a mer\u00e9sz \u00fajdons\u00e1gokkal \u2013 a Tommy Hilfiger \u00edgy alkotja meg a st\u00edlusok egyed\u00fcl\u00e1ll\u00f3 kever\u00e9k\u00e9t, amely az 1895-ben alap\u00edtott m\u00e1rka saj\u00e1tja. A j\u00f3l kombin\u00e1lhat\u00f3, h\u00e9tk\u00f6znapi alapdarabok ugyan\u00fagy r\u00e9szei a kollekci\u00f3nak, mint a k\u00fcl\u00f6nleges alkalmakra sz\u00e1nt rendk\u00edv\u00fcl eleg\u00e1ns ruh\u00e1k.\r\n\r\nA Tommy Hilfiger minden ruhadarabj\u00e1ra jellemz\u0151 a m\u00e1rka j\u00f3 felismerhet\u0151s\u00e9ge. A gy\u00e1rt\u00f3 f\u0151k\u00e9nt a feh\u00e9r, k\u00e9k \u00e9s piros sz\u00edneket haszn\u00e1lja. Ezek a tengeri hangulatot sug\u00e1rz\u00f3 sz\u00ednek megtal\u00e1lhat\u00f3k az Egyes\u00fclt \u00c1llamok z\u00e1szlaj\u00e1ban is: tal\u00e1n nem v\u00e9letlen, hogy a c\u00e9g embl\u00e9m\u00e1ja is ezekb\u0151l a sz\u00ednekb\u0151l \u00e9p\u00fcl fel. Az ingekt\u0151l kezdve a pul\u00f3vereken kereszt\u00fcl a dzsekikig \u00e9s kab\u00e1tokig: a budapesti VAN GRAAF-n\u00e1l<strong> sz\u00e1mos divatos darabot<\/strong> \u00e9s <strong>teljes \u00f6lt\u00f6z\u00e9ket tal\u00e1l<\/strong> <strong>a Tommy-Hilfiger n\u0151i \u00e9s f\u00e9rfi kollekci\u00f3iban<\/strong>. A darabok ide\u00e1lis kieg\u00e9sz\u00edt\u0151i a h\u00e9tk\u00f6znapi ruhat\u00e1rnak, de az eleg\u00e1ns, form\u00e1lisabb \u00f6lt\u00f6z\u00e9khez is j\u00f3l illeszkednek.[\/vc_column_text][\/vc_column][\/vc_row][vc_row][vc_column]\n        <div class=\"headlines headlines--center\" data-aos=\"fade-up\">\n            <div class=\"vc_row\">\n                <div class=\"vc_col-md-10 vc_col-md-offset-1 vc_col-lg-10 vc_col-lg-offset-1\"><h2 class=\"h2\">Trendi viseletek a Tommy Hilfigert\u0151l a budapesti VAN GRAAF-\u00fczletekben<\/h2><\/div>\n            <\/div>\n        <\/div>[vc_column_text]\r\n<p class=\"Standard1\"><span lang=\"EN-US\">Budapesti divath\u00e1zainkban nagy v\u00e1laszt\u00e9kban k\u00edn\u00e1ljuk a n\u00e9pszer\u0171 amerikai m\u00e1rka st\u00edlusos darabjait. A v\u00e1laszt\u00e1sban is \u00f6r\u00f6mmel seg\u00edt\u00fcnk: <a href=\"https:\/\/www.vangraaf.com\/hu\/tanacsadas-stilus\/\">st\u00edlustan\u00e1csad\u00e1s unk<\/a> r\u00e9szek\u00e9nt szak\u00e9rt\u0151 seg\u00edts\u00e9get ny\u00fajtunk a megfelel\u0151 ruh\u00e1zat kiv\u00e1laszt\u00e1s\u00e1hoz vagy a k\u00fcl\u00f6nb\u00f6z\u0151 \u00f6lt\u00f6z\u00e9kek \u00f6ssze\u00e1ll\u00edt\u00e1s\u00e1hoz. Munkat\u00e1rsaink m\u00e9g <a href=\"https:\/\/www.vangraaf.com\/hu\/divathazaink\/budapest-allee\/personal-shopping\/\">szem\u00e9lyesebb tan\u00e1csokkal szolg\u00e1lnak \u00d6nnek<\/a>, ha szem\u00e9lyes v\u00e1s\u00e1rl\u00e1si id\u0151pontot foglal.<\/span><\/p>\r\n[\/vc_column_text][\/vc_column][\/vc_row][vc_row][vc_column]<div class=\"vg-element brand-slider brand-slider--light\" data-aos=\"fade-up\"><div class=\"brand-slider__inner\"><div class=\"brand-slider__slider js-brand-slider\"><div class=\"brand-slider__slider__item\"><a href=\"https:\/\/www.vangraaf.com\/hu\/markaink\/adidas-originals\/\" title=\"adidas Originals\"><img loading=\"lazy\" decoding=\"async\" width=\"1\" height=\"1\" src=\"https:\/\/www.vangraaf.com\/hu\/wp-content\/uploads\/sites\/3\/2020\/03\/Adidas_Logo_grau_OK.svg\" class=\"attachment-full size-full\" alt=\"\" \/><\/a><\/div><div class=\"brand-slider__slider__item\"><a href=\"https:\/\/www.vangraaf.com\/hu\/markaink\/tommy-hilfiger\/\" title=\"Tommy Hilfiger\"><img loading=\"lazy\" decoding=\"async\" width=\"1\" height=\"1\" src=\"https:\/\/www.vangraaf.com\/hu\/wp-content\/uploads\/sites\/3\/2020\/03\/Tommy_Hilfiger_4c_grau_OK.svg\" class=\"attachment-full size-full\" alt=\"\" \/><\/a><\/div><div class=\"brand-slider__slider__item\"><a href=\"https:\/\/www.vangraaf.com\/hu\/markaink\/levis\/\" title=\"Levi&#039;s\"><img loading=\"lazy\" decoding=\"async\" width=\"1\" height=\"1\" src=\"https:\/\/www.vangraaf.com\/hu\/wp-content\/uploads\/sites\/3\/2020\/03\/Levis_Logo_grau_OK.svg\" class=\"attachment-full size-full\" alt=\"\" \/><\/a><\/div><div class=\"brand-slider__slider__item\"><a href=\"https:\/\/www.vangraaf.com\/hu\/markaink\/calvin-klein\/\" title=\"Calvin Klein\"><img loading=\"lazy\" decoding=\"async\" width=\"1\" height=\"1\" src=\"https:\/\/www.vangraaf.com\/hu\/wp-content\/uploads\/sites\/3\/2020\/03\/Calvin-Klein-Logo-grau_OK.svg\" class=\"attachment-full size-full\" alt=\"\" \/><\/a><\/div><div class=\"brand-slider__slider__item\"><a href=\"https:\/\/www.vangraaf.com\/hu\/markaink\/champion\/\" title=\"Champion\"><img loading=\"lazy\" decoding=\"async\" width=\"1\" height=\"1\" src=\"https:\/\/www.vangraaf.com\/hu\/wp-content\/uploads\/sites\/3\/2020\/03\/Champion_Logo_grau_OK.svg\" class=\"attachment-full size-full\" alt=\"\" \/><\/a><\/div><div class=\"brand-slider__slider__item\"><a href=\"https:\/\/www.vangraaf.com\/hu\/markaink\/lacoste\/\" title=\"Lacoste\"><img loading=\"lazy\" decoding=\"async\" width=\"1\" height=\"1\" src=\"https:\/\/www.vangraaf.com\/hu\/wp-content\/uploads\/sites\/3\/2020\/03\/Lacoste_Logo_4c_grau_Ausnahme_OK.svg\" class=\"attachment-full size-full\" alt=\"\" \/><\/a><\/div><div class=\"brand-slider__slider__item\"><a href=\"https:\/\/www.vangraaf.com\/hu\/markaink\/superdry\/\" title=\"Superdry\"><img loading=\"lazy\" decoding=\"async\" width=\"1\" height=\"1\" src=\"https:\/\/www.vangraaf.com\/hu\/wp-content\/uploads\/sites\/3\/2020\/03\/Superdry_Logo_grau_OK.svg\" class=\"attachment-full size-full\" alt=\"\" \/><\/a><\/div><div class=\"brand-slider__slider__item\"><a href=\"https:\/\/www.vangraaf.com\/hu\/markaink\/fila\/\" title=\"FILA\"><img loading=\"lazy\" decoding=\"async\" width=\"1\" height=\"1\" src=\"https:\/\/www.vangraaf.com\/hu\/wp-content\/uploads\/sites\/3\/2020\/03\/Fila-Logo-grau_OK.svg\" class=\"attachment-full size-full\" alt=\"\" \/><\/a><\/div><div class=\"brand-slider__slider__item\"><a href=\"https:\/\/www.vangraaf.com\/hu\/markaink\/tom-tailor\/\" title=\"TOM TAILOR\"><img loading=\"lazy\" decoding=\"async\" width=\"1\" height=\"1\" src=\"https:\/\/www.vangraaf.com\/hu\/wp-content\/uploads\/sites\/3\/2020\/03\/Tom_Tailor_Logo_grau_OK.svg\" class=\"attachment-full size-full\" alt=\"\" \/><\/a><\/div><div class=\"brand-slider__slider__item\"><a href=\"https:\/\/www.vangraaf.com\/hu\/markaink\/alpha-industries\/\" title=\"Alpha Industries\"><img loading=\"lazy\" decoding=\"async\" width=\"1\" height=\"1\" src=\"https:\/\/www.vangraaf.com\/hu\/wp-content\/uploads\/sites\/3\/2020\/03\/Alpha_Industries_Logo_grau_OK.svg\" class=\"attachment-full size-full\" alt=\"\" \/><\/a><\/div><div class=\"brand-slider__slider__item\"><a href=\"https:\/\/www.vangraaf.com\/hu\/markaink\/g-star\/\" title=\"G-Star RAW\"><img loading=\"lazy\" decoding=\"async\" width=\"1\" height=\"1\" src=\"https:\/\/www.vangraaf.com\/hu\/wp-content\/uploads\/sites\/3\/2020\/03\/G_Star_Logo_grau_OK.svg\" class=\"attachment-full size-full\" alt=\"\" \/><\/a><\/div><div class=\"brand-slider__slider__item\"><a href=\"https:\/\/www.vangraaf.com\/hu\/markaink\/vila\/\" title=\"VILA\"><img loading=\"lazy\" decoding=\"async\" width=\"1\" height=\"1\" src=\"https:\/\/www.vangraaf.com\/hu\/wp-content\/uploads\/sites\/3\/2020\/03\/Vila_Logo_grau_OK.svg\" class=\"attachment-full size-full\" alt=\"\" \/><\/a><\/div><div class=\"brand-slider__slider__item\"><a href=\"https:\/\/www.vangraaf.com\/hu\/markaink\/boss\/\" title=\"BOSS\"><img loading=\"lazy\" decoding=\"async\" width=\"1\" height=\"1\" src=\"https:\/\/www.vangraaf.com\/hu\/wp-content\/uploads\/sites\/3\/2020\/03\/Boss_Logo_grau_OK.svg\" class=\"attachment-full size-full\" alt=\"\" \/><\/a><\/div><div class=\"brand-slider__slider__item\"><a href=\"https:\/\/www.vangraaf.com\/hu\/markaink\/armani-exchange\/\" title=\"Armani Exchange\"><img loading=\"lazy\" decoding=\"async\" width=\"1\" height=\"1\" src=\"https:\/\/www.vangraaf.com\/hu\/wp-content\/uploads\/sites\/3\/2020\/03\/Armani-Exchange-Logo-grau_OK.svg\" class=\"attachment-full size-full\" alt=\"\" \/><\/a><\/div><div class=\"brand-slider__slider__item\"><a href=\"https:\/\/www.vangraaf.com\/hu\/markaink\/polo-ralph-lauren\/\" title=\"Polo Ralph Lauren\"><img loading=\"lazy\" decoding=\"async\" width=\"1\" height=\"1\" src=\"https:\/\/www.vangraaf.com\/hu\/wp-content\/uploads\/sites\/3\/2020\/03\/Ralph_Lauren_Logo_grau_OK.svg\" class=\"attachment-full size-full\" alt=\"\" \/><\/a><\/div><div class=\"brand-slider__slider__item\"><a href=\"https:\/\/www.vangraaf.com\/hu\/markaink\/marie-lund\/\" title=\"Marie Lund\"><img loading=\"lazy\" decoding=\"async\" width=\"1\" height=\"1\" src=\"https:\/\/www.vangraaf.com\/hu\/wp-content\/uploads\/sites\/3\/2020\/03\/Marie_Lund_Logo_grau_OK.svg\" class=\"attachment-full size-full\" alt=\"\" \/><\/a><\/div><\/div><\/div><\/div>[\/vc_column][\/vc_row]<\/div>","protected":false},"excerpt":{"rendered":"[vc_row full_width=&#8221;stretch_row_content_no_spaces&#8221;][vc_column][vc_column_text] A Tommy Hilfiger szinte minden m\u00e1s m\u00e1rk\u00e1n\u00e1l jobban k\u00e9pviseli a sportos \u00e9s eleg\u00e1ns megjelen\u00e9st, amely az amerikai f\u0151iskolai st\u00edlus j\u00f3l ismert elemeit \u00f6tv\u00f6zi a klasszikus szab\u00e1sokkal \u00e9s a trendi r\u00e9szletekkel. Kiv\u00e1l\u00f3an kombin\u00e1lhat\u00f3 alapvet\u0151 darabok n\u0151knek \u00e9s f\u00e9rfiaknak: ez a Tommy-Hilfiger m\u00e1rkaportf\u00f3li\u00f3j\u00e1nak l\u00e9nyege. Felt\u0171n\u0151bb elemekkel kombin\u00e1lva k\u00f6nnyed, a \u201eh\u00e9tk\u00f6znapi\u201d \u00e9s az \u201eeleg\u00e1ns\u201d hat\u00e1r\u00e1n mozg\u00f3 [&hellip;]","protected":false},"author":3,"featured_media":0,"parent":3937,"menu_order":0,"comment_status":"closed","ping_status":"closed","template":"","meta":{"_acf_changed":false,"inline_featured_image":false,"footnotes":""},"class_list":["post-4163","page","type-page","status-publish","hentry"],"acf":[],"yoast_head":"<!-- This site is optimized with the Yoast SEO plugin v27.2 - https:\/\/yoast.com\/product\/yoast-seo-wordpress\/ -->\n<title>Tommy-Hilfiger-Mode f\u00fcr Damen &amp; Herren in Spreitenbach<\/title>\n<meta name=\"description\" content=\"Sportliche Looks mit Preppy-Note: Entdecken Sie von Tommy Hilfiger Damen-, Herren- und Kindermode in grosser Auswahl bei VAN GRAAF in Spreitenbach!\" \/>\n<meta name=\"robots\" content=\"index, follow, max-snippet:-1, max-image-preview:large, max-video-preview:-1\" \/>\n<link rel=\"canonical\" href=\"https:\/\/www.vangraaf.com\/hu\/markaink\/tommy-hilfiger\/\" \/>\n<meta property=\"og:locale\" content=\"hu_HU\" \/>\n<meta property=\"og:type\" content=\"article\" \/>\n<meta property=\"og:title\" content=\"Tommy-Hilfiger-Mode f\u00fcr Damen &amp; Herren in Spreitenbach\" \/>\n<meta property=\"og:description\" content=\"Sportliche Looks mit Preppy-Note: Entdecken Sie von Tommy Hilfiger Damen-, Herren- und Kindermode in grosser Auswahl bei VAN GRAAF in Spreitenbach!\" \/>\n<meta property=\"og:url\" content=\"https:\/\/www.vangraaf.com\/hu\/markaink\/tommy-hilfiger\/\" \/>\n<meta property=\"og:site_name\" content=\"VAN GRAAF Magyarorsz\u00e1g\" \/>\n<meta property=\"article:modified_time\" content=\"2022-05-03T10:25:42+00:00\" \/>\n<meta name=\"twitter:card\" content=\"summary_large_image\" \/>\n<meta name=\"twitter:label1\" content=\"Becs\u00fclt olvas\u00e1si id\u0151\" \/>\n\t<meta name=\"twitter:data1\" content=\"2 perc\" \/>\n<script type=\"application\/ld+json\" class=\"yoast-schema-graph\">{\"@context\":\"https:\/\/schema.org\",\"@graph\":[{\"@type\":\"WebPage\",\"@id\":\"https:\/\/www.vangraaf.com\/hu\/markaink\/tommy-hilfiger\/\",\"url\":\"https:\/\/www.vangraaf.com\/hu\/markaink\/tommy-hilfiger\/\",\"name\":\"Tommy-Hilfiger-Mode f\u00fcr Damen & Herren in Spreitenbach\",\"isPartOf\":{\"@id\":\"https:\/\/www.vangraaf.com\/hu\/#website\"},\"datePublished\":\"2020-03-12T12:40:01+00:00\",\"dateModified\":\"2022-05-03T10:25:42+00:00\",\"description\":\"Sportliche Looks mit Preppy-Note: Entdecken Sie von Tommy Hilfiger Damen-, Herren- und Kindermode in grosser Auswahl bei VAN GRAAF in Spreitenbach!\",\"breadcrumb\":{\"@id\":\"https:\/\/www.vangraaf.com\/hu\/markaink\/tommy-hilfiger\/#breadcrumb\"},\"inLanguage\":\"hu\",\"potentialAction\":[{\"@type\":\"ReadAction\",\"target\":[\"https:\/\/www.vangraaf.com\/hu\/markaink\/tommy-hilfiger\/\"]}]},{\"@type\":\"BreadcrumbList\",\"@id\":\"https:\/\/www.vangraaf.com\/hu\/markaink\/tommy-hilfiger\/#breadcrumb\",\"itemListElement\":[{\"@type\":\"ListItem\",\"position\":1,\"name\":\"Home\",\"item\":\"https:\/\/www.vangraaf.com\/hu\/\"},{\"@type\":\"ListItem\",\"position\":2,\"name\":\"Marken\",\"item\":\"https:\/\/www.vangraaf.com\/hu\/markaink\/\"},{\"@type\":\"ListItem\",\"position\":3,\"name\":\"Tommy Hilfiger\"}]},{\"@type\":\"WebSite\",\"@id\":\"https:\/\/www.vangraaf.com\/hu\/#website\",\"url\":\"https:\/\/www.vangraaf.com\/hu\/\",\"name\":\"VAN GRAAF\",\"description\":\"VAN GRAAF\",\"potentialAction\":[{\"@type\":\"SearchAction\",\"target\":{\"@type\":\"EntryPoint\",\"urlTemplate\":\"https:\/\/www.vangraaf.com\/hu\/?s={search_term_string}\"},\"query-input\":{\"@type\":\"PropertyValueSpecification\",\"valueRequired\":true,\"valueName\":\"search_term_string\"}}],\"inLanguage\":\"hu\"}]}<\/script>\n<!-- \/ Yoast SEO plugin. -->","yoast_head_json":{"title":"Tommy-Hilfiger-Mode f\u00fcr Damen & Herren in Spreitenbach","description":"Sportliche Looks mit Preppy-Note: Entdecken Sie von Tommy Hilfiger Damen-, Herren- und Kindermode in grosser Auswahl bei VAN GRAAF in Spreitenbach!","robots":{"index":"index","follow":"follow","max-snippet":"max-snippet:-1","max-image-preview":"max-image-preview:large","max-video-preview":"max-video-preview:-1"},"canonical":"https:\/\/www.vangraaf.com\/hu\/markaink\/tommy-hilfiger\/","og_locale":"hu_HU","og_type":"article","og_title":"Tommy-Hilfiger-Mode f\u00fcr Damen & Herren in Spreitenbach","og_description":"Sportliche Looks mit Preppy-Note: Entdecken Sie von Tommy Hilfiger Damen-, Herren- und Kindermode in grosser Auswahl bei VAN GRAAF in Spreitenbach!","og_url":"https:\/\/www.vangraaf.com\/hu\/markaink\/tommy-hilfiger\/","og_site_name":"VAN GRAAF Magyarorsz\u00e1g","article_modified_time":"2022-05-03T10:25:42+00:00","twitter_card":"summary_large_image","twitter_misc":{"Becs\u00fclt olvas\u00e1si id\u0151":"2 perc"},"schema":{"@context":"https:\/\/schema.org","@graph":[{"@type":"WebPage","@id":"https:\/\/www.vangraaf.com\/hu\/markaink\/tommy-hilfiger\/","url":"https:\/\/www.vangraaf.com\/hu\/markaink\/tommy-hilfiger\/","name":"Tommy-Hilfiger-Mode f\u00fcr Damen & Herren in Spreitenbach","isPartOf":{"@id":"https:\/\/www.vangraaf.com\/hu\/#website"},"datePublished":"2020-03-12T12:40:01+00:00","dateModified":"2022-05-03T10:25:42+00:00","description":"Sportliche Looks mit Preppy-Note: Entdecken Sie von Tommy Hilfiger Damen-, Herren- und Kindermode in grosser Auswahl bei VAN GRAAF in Spreitenbach!","breadcrumb":{"@id":"https:\/\/www.vangraaf.com\/hu\/markaink\/tommy-hilfiger\/#breadcrumb"},"inLanguage":"hu","potentialAction":[{"@type":"ReadAction","target":["https:\/\/www.vangraaf.com\/hu\/markaink\/tommy-hilfiger\/"]}]},{"@type":"BreadcrumbList","@id":"https:\/\/www.vangraaf.com\/hu\/markaink\/tommy-hilfiger\/#breadcrumb","itemListElement":[{"@type":"ListItem","position":1,"name":"Home","item":"https:\/\/www.vangraaf.com\/hu\/"},{"@type":"ListItem","position":2,"name":"Marken","item":"https:\/\/www.vangraaf.com\/hu\/markaink\/"},{"@type":"ListItem","position":3,"name":"Tommy Hilfiger"}]},{"@type":"WebSite","@id":"https:\/\/www.vangraaf.com\/hu\/#website","url":"https:\/\/www.vangraaf.com\/hu\/","name":"VAN GRAAF","description":"VAN GRAAF","potentialAction":[{"@type":"SearchAction","target":{"@type":"EntryPoint","urlTemplate":"https:\/\/www.vangraaf.com\/hu\/?s={search_term_string}"},"query-input":{"@type":"PropertyValueSpecification","valueRequired":true,"valueName":"search_term_string"}}],"inLanguage":"hu"}]}},"_links":{"self":[{"href":"https:\/\/www.vangraaf.com\/hu\/wp-json\/wp\/v2\/pages\/4163","targetHints":{"allow":["GET"]}}],"collection":[{"href":"https:\/\/www.vangraaf.com\/hu\/wp-json\/wp\/v2\/pages"}],"about":[{"href":"https:\/\/www.vangraaf.com\/hu\/wp-json\/wp\/v2\/types\/page"}],"author":[{"embeddable":true,"href":"https:\/\/www.vangraaf.com\/hu\/wp-json\/wp\/v2\/users\/3"}],"replies":[{"embeddable":true,"href":"https:\/\/www.vangraaf.com\/hu\/wp-json\/wp\/v2\/comments?post=4163"}],"version-history":[{"count":14,"href":"https:\/\/www.vangraaf.com\/hu\/wp-json\/wp\/v2\/pages\/4163\/revisions"}],"predecessor-version":[{"id":7071,"href":"https:\/\/www.vangraaf.com\/hu\/wp-json\/wp\/v2\/pages\/4163\/revisions\/7071"}],"up":[{"embeddable":true,"href":"https:\/\/www.vangraaf.com\/hu\/wp-json\/wp\/v2\/pages\/3937"}],"wp:attachment":[{"href":"https:\/\/www.vangraaf.com\/hu\/wp-json\/wp\/v2\/media?parent=4163"}],"curies":[{"name":"wp","href":"https:\/\/api.w.org\/{rel}","templated":true}]}}