{"id":4154,"date":"2020-03-12T13:41:36","date_gmt":"2020-03-12T12:41:36","guid":{"rendered":"http:\/\/van-graaf.test\/ch\/?page_id=3621"},"modified":"2020-09-15T14:08:51","modified_gmt":"2020-09-15T12:08:51","slug":"levis","status":"publish","type":"page","link":"https:\/\/www.vangraaf.com\/hu\/markaink\/levis\/","title":{"rendered":"Levi&#8217;s"},"content":{"rendered":"<div class=\"wpb-content-wrapper\">[vc_row full_width=&#8221;stretch_row_content_no_spaces&#8221;][vc_column]<div class=\"keyvisual\" data-aos=\"fade-up\" ><img loading=\"lazy\" decoding=\"async\" width=\"1440\" height=\"480\" src=\"https:\/\/www.vangraaf.com\/hu\/wp-content\/uploads\/sites\/3\/2020\/02\/Logo_Levis.jpg\" class=\"vc_single_image-img\" alt=\"\" srcset=\"https:\/\/www.vangraaf.com\/hu\/wp-content\/uploads\/sites\/3\/2020\/02\/Logo_Levis.jpg 1440w, https:\/\/www.vangraaf.com\/hu\/wp-content\/uploads\/sites\/3\/2020\/02\/Logo_Levis-300x100.jpg 300w, https:\/\/www.vangraaf.com\/hu\/wp-content\/uploads\/sites\/3\/2020\/02\/Logo_Levis-1024x341.jpg 1024w, https:\/\/www.vangraaf.com\/hu\/wp-content\/uploads\/sites\/3\/2020\/02\/Logo_Levis-768x256.jpg 768w, https:\/\/www.vangraaf.com\/hu\/wp-content\/uploads\/sites\/3\/2020\/02\/Logo_Levis-1200x400.jpg 1200w, https:\/\/www.vangraaf.com\/hu\/wp-content\/uploads\/sites\/3\/2020\/02\/Logo_Levis-992x331.jpg 992w, https:\/\/www.vangraaf.com\/hu\/wp-content\/uploads\/sites\/3\/2020\/02\/Logo_Levis-480x160.jpg 480w\" sizes=\"(max-width: 1440px) 100vw, 1440px\" \/><\/div>\n        <div class=\"headlines headlines--center\" data-aos=\"fade-up\">\n            <div class=\"vc_row\">\n                <div class=\"vc_col-md-10 vc_col-md-offset-1 vc_col-lg-10 vc_col-lg-offset-1\"><h1 class=\"h2\">A Levi\u2018s legmen\u0151bb farmermodelljei a budapesti VAN GRAAF-\u00fczletekben<\/h1><\/div>\n            <\/div>\n        <\/div>[vc_column_text]\r\n<p style=\"text-align: center\">Kev\u00e9s divatm\u00e1rka b\u00fcszk\u00e9lkedhet olyan nagy hagyom\u00e1nyokkal, mint a farmergy\u00e1rt\u00f3 Levi&#8217;s. A kultikus amerikai m\u00e1rka t\u00f6rt\u00e9nete t\u00f6bb mint 150 \u00e9vre ny\u00falik vissza. A strapab\u00edr\u00f3 munkaruh\u00e1zatok egykori \u00fatt\u00f6r\u0151j\u00e9b\u0151l a m\u00e1rka<strong> a farmerdivat egyik legismertebb \u00e9s legsokoldal\u00fabb k\u00e9pvisel\u0151j\u00e9v\u00e9<\/strong> n\u0151tte ki mag\u00e1t. A term\u00e9kportf\u00f3li\u00f3ban m\u00e1r r\u00e9g\u00f3ta nem csup\u00e1n farmerek szerepelnek: a budapesti VAN GRAAF-\u00fczletekben a Levi\u2018s leg\u00fajabb modelljeinek sz\u00e9les v\u00e1laszt\u00e9k\u00e1t k\u00edn\u00e1ljuk, amelyek a h\u00e9tk\u00f6znapi viselet st\u00edlusjegyeit \u00f6tv\u00f6zik a m\u00e1rk\u00e1ra jellemz\u0151 <strong>kiv\u00e1l\u00f3 gy\u00e1rt\u00e1si min\u0151s\u00e9ggel \u00e9s k\u00e9nyelmes szab\u00e1ssal<\/strong>. L\u00e1togasson el budapesti divath\u00e1zainkba, \u00e9s fedezze fel a Levi&#8217;s \u00e9s sok m\u00e1s m\u00e1rka aktu\u00e1lis k\u00edn\u00e1lat\u00e1t 14 r\u00e9szleg\u00fcnk\u00f6n, ahol minden \u00edzl\u00e9shez \u00e9s minden alkalomhoz megtal\u00e1lja, amit keres!<\/p>\r\n[\/vc_column_text][\/vc_column][\/vc_row][vc_row][vc_column]\n        <div class=\"headlines headlines--center\" data-aos=\"fade-up\">\n            <div class=\"vc_row\">\n                <div class=\"vc_col-md-10 vc_col-md-offset-1 vc_col-lg-10 vc_col-lg-offset-1\"><h2 class=\"h2\">\u00cdgy v\u00e1lt a Levi\u2018s kultikus m\u00e1rk\u00e1v\u00e1<\/h2><\/div>\n            <\/div>\n        <\/div>[vc_column_text]A Levi\u2018s farmerek sikert\u00f6rt\u00e9nete az <strong>alap\u00edt\u00f3val, <\/strong>Levi Strauss-szal kezd\u0151dik. A m\u00e1rka atyja az aranyl\u00e1z idej\u00e9n a Bamberg k\u00f6zel\u00e9ben tal\u00e1lhat\u00f3 Buttenheimb\u0151l k\u00f6lt\u00f6z\u00f6tt Amerik\u00e1ba. 1853-ban Strauss textilkeresked\u00e9st nyitott San Francisc\u00f3ban, ahol munkaruh\u00e1t, cip\u0151t \u00e9s egy\u00e9b \u00e1rucikkeket \u00e9rt\u00e9kes\u00edtett \u00c9szak-Amerika nyugati kiskeresked\u0151inek. Jacob Davis-szel, a Rig\u00e1b\u00f3l sz\u00e1rmaz\u00f3 szab\u00f3val k\u00f6z\u00f6sen Strauss 1873-ban szabadalmat szerzett egy elj\u00e1r\u00e1sra, amellyel a munkanadr\u00e1gok zsebeit a nyergekben is haszn\u00e1lt szegecsekkel er\u0151s\u00edtette meg. A nadr\u00e1gok ez\u00e1ltal strapab\u00edr\u00f3bbak \u00e9s ellen\u00e1ll\u00f3bbak lettek, mint a kor\u00e1bbi munkaruh\u00e1zatok.\r\n\r\nA szegecsek a mai napig jellemz\u0151ek nemcsak a Levi\u2018s farmereire, hanem sok m\u00e1s m\u00e1rka eredeti st\u00edlusban k\u00e9sz\u00fclt farmernadr\u00e1gjaira is. Az \u00e9vtizedek folyam\u00e1n a szab\u00e1sok \u00e9s a formatervek term\u00e9szetesen t\u00f6bbsz\u00f6r is v\u00e1ltoztak az aktu\u00e1lis ig\u00e9nyeknek \u00e9s \u00edzl\u00e9snek megfelel\u0151en. A VAN GRAAF budapesti \u00fczleteiben a Levi\u2019s modelljeinek sz\u00e9les v\u00e1laszt\u00e9k\u00e1val v\u00e1rjuk. N\u0151i, f\u00e9rfi \u00e9s gyermek divatoszt\u00e1lyainkon a Levi\u2019s leg\u00fajabb kollekci\u00f3inak darabjait ugyan\u00fagy megtal\u00e1lja, mint az id\u0151tlen klasszikusokat. A farmernadr\u00e1g tov\u00e1bbra is a term\u00e9kportf\u00f3li\u00f3 alappill\u00e9re, \u00e1m a Levi\u2019s k\u00edn\u00e1lat\u00e1ban ma m\u00e1r a <strong>farmerdzsekik, fels\u0151ruh\u00e1zatok \u00e9s kieg\u00e9sz\u00edt\u0151k<\/strong> is nagy hangs\u00fallyal vannak jelen. Fedezze fel a Levi\u2018s divatos ruhadarabjait, \u00e9s mer\u00edtsen ihletet sz\u00e1mos <a href=\"https:\/\/www.vangraaf.com\/hu\/markaink\/\">tov\u00e1bbi m\u00e1rka<\/a> v\u00e1ltozatos k\u00edn\u00e1lat\u00e1b\u00f3l k\u00e9t <a href=\"https:\/\/www.vangraaf.com\/hu\/tanacsadas-stilus\/fachabteilungen\/\">budapesti divath\u00e1zunk 14 r\u00e9szleg\u00e9n<\/a>! H\u00e9tf\u0151t\u0151l szombatig 10:00 \u00e9s 21:00 \u00f3ra k\u00f6z\u00f6tt, vas\u00e1rnaponk\u00e9nt pedig 10:00 \u00e9s 19:00 \u00f3ra k\u00f6z\u00f6tt v\u00e1rjuk az Allee \u00e9s az \u00c1rk\u00e1d bev\u00e1s\u00e1rl\u00f3k\u00f6zpontokban.[\/vc_column_text][\/vc_column][\/vc_row][vc_row][vc_column]\n        <div class=\"headlines headlines--center\" data-aos=\"fade-up\">\n            <div class=\"vc_row\">\n                <div class=\"vc_col-md-10 vc_col-md-offset-1 vc_col-lg-10 vc_col-lg-offset-1\"><h2 class=\"h2\">V\u00e1logatott farmer-divat\u00e1ruk \u00e9s els\u0151 oszt\u00e1ly\u00fa kiszolg\u00e1l\u00e1s a VAN GRAAF budapesti \u00fczleteiben<\/h2><\/div>\n            <\/div>\n        <\/div>[vc_column_text]\r\n<p class=\"Standard1\"><span lang=\"EN-US\">Nem tudja eld\u00f6nteni, melyik Levi\u2018s farmer \u00e1ll a legjobban, vagy mire kell figyelni a farmerv\u00e1s\u00e1rl\u00e1skor? Munkat\u00e1rsaink \u00f6r\u00f6mmel adnak szak\u00e9rt\u0151 seg\u00edts\u00e9get az \u00d6n ig\u00e9nyeinek legink\u00e1bb megfelel\u0151 ruhadarabok kiv\u00e1laszt\u00e1s\u00e1hoz. Ha szeretn\u00e9, szem\u00e9lyes v\u00e1s\u00e1rl\u00e1si id\u0151pontot is foglalhat: <a href=\"https:\/\/www.vangraaf.com\/hu\/divathazaink\/budapest-allee\/personal-shopping\/\">\u00edgy garant\u00e1ltan egy\u00e9nre szabott kiszolg\u00e1l\u00e1sra sz\u00e1m\u00edthat<\/a>. <a href=\"https:\/\/www.vangraaf.com\/hu\/divathazaink\/budapest-allee\/szolgaltatas\/\">Szolg\u00e1ltat\u00e1saink r\u00e9szek\u00e9nt<\/a> ig\u00e9ny eset\u00e9n m\u00e9retre igaz\u00edt\u00e1st is k\u00edn\u00e1lunk. Ha a kiszemelt farmer t\u00f6k\u00e9letesen illeszkedik a der\u00e9kr\u00e9szen, de sz\u00e1rban t\u00fal hossz\u00fanak bizonyul, csak sz\u00f3ljon munkat\u00e1rsainknak, \u00e9s m\u00e9retre igaz\u00edtjuk a ruh\u00e1t.<\/span><\/p>\r\n[\/vc_column_text][\/vc_column][\/vc_row][vc_row][vc_column]<div class=\"vg-element brand-slider brand-slider--light\" data-aos=\"fade-up\"><div class=\"brand-slider__inner\"><div class=\"brand-slider__slider js-brand-slider\"><div class=\"brand-slider__slider__item\"><a href=\"https:\/\/www.vangraaf.com\/hu\/markaink\/adidas-originals\/\" title=\"adidas Originals\"><img loading=\"lazy\" decoding=\"async\" width=\"1\" height=\"1\" src=\"https:\/\/www.vangraaf.com\/hu\/wp-content\/uploads\/sites\/3\/2020\/03\/Adidas_Logo_grau_OK.svg\" class=\"attachment-full size-full\" alt=\"\" \/><\/a><\/div><div class=\"brand-slider__slider__item\"><a href=\"https:\/\/www.vangraaf.com\/hu\/markaink\/tommy-hilfiger\/\" title=\"Tommy Hilfiger\"><img loading=\"lazy\" decoding=\"async\" width=\"1\" height=\"1\" src=\"https:\/\/www.vangraaf.com\/hu\/wp-content\/uploads\/sites\/3\/2020\/03\/Tommy_Hilfiger_4c_grau_OK.svg\" class=\"attachment-full size-full\" alt=\"\" \/><\/a><\/div><div class=\"brand-slider__slider__item\"><a href=\"https:\/\/www.vangraaf.com\/hu\/markaink\/levis\/\" title=\"Levi&#039;s\"><img loading=\"lazy\" decoding=\"async\" width=\"1\" height=\"1\" src=\"https:\/\/www.vangraaf.com\/hu\/wp-content\/uploads\/sites\/3\/2020\/03\/Levis_Logo_grau_OK.svg\" class=\"attachment-full size-full\" alt=\"\" \/><\/a><\/div><div class=\"brand-slider__slider__item\"><a href=\"https:\/\/www.vangraaf.com\/hu\/markaink\/calvin-klein\/\" title=\"Calvin Klein\"><img loading=\"lazy\" decoding=\"async\" width=\"1\" height=\"1\" src=\"https:\/\/www.vangraaf.com\/hu\/wp-content\/uploads\/sites\/3\/2020\/03\/Calvin-Klein-Logo-grau_OK.svg\" class=\"attachment-full size-full\" alt=\"\" \/><\/a><\/div><div class=\"brand-slider__slider__item\"><a href=\"https:\/\/www.vangraaf.com\/hu\/markaink\/champion\/\" title=\"Champion\"><img loading=\"lazy\" decoding=\"async\" width=\"1\" height=\"1\" src=\"https:\/\/www.vangraaf.com\/hu\/wp-content\/uploads\/sites\/3\/2020\/03\/Champion_Logo_grau_OK.svg\" class=\"attachment-full size-full\" alt=\"\" \/><\/a><\/div><div class=\"brand-slider__slider__item\"><a href=\"https:\/\/www.vangraaf.com\/hu\/markaink\/lacoste\/\" title=\"Lacoste\"><img loading=\"lazy\" decoding=\"async\" width=\"1\" height=\"1\" src=\"https:\/\/www.vangraaf.com\/hu\/wp-content\/uploads\/sites\/3\/2020\/03\/Lacoste_Logo_4c_grau_Ausnahme_OK.svg\" class=\"attachment-full size-full\" alt=\"\" \/><\/a><\/div><div class=\"brand-slider__slider__item\"><a href=\"https:\/\/www.vangraaf.com\/hu\/markaink\/superdry\/\" title=\"Superdry\"><img loading=\"lazy\" decoding=\"async\" width=\"1\" height=\"1\" src=\"https:\/\/www.vangraaf.com\/hu\/wp-content\/uploads\/sites\/3\/2020\/03\/Superdry_Logo_grau_OK.svg\" class=\"attachment-full size-full\" alt=\"\" \/><\/a><\/div><div class=\"brand-slider__slider__item\"><a href=\"https:\/\/www.vangraaf.com\/hu\/markaink\/fila\/\" title=\"FILA\"><img loading=\"lazy\" decoding=\"async\" width=\"1\" height=\"1\" src=\"https:\/\/www.vangraaf.com\/hu\/wp-content\/uploads\/sites\/3\/2020\/03\/Fila-Logo-grau_OK.svg\" class=\"attachment-full size-full\" alt=\"\" \/><\/a><\/div><div class=\"brand-slider__slider__item\"><a href=\"https:\/\/www.vangraaf.com\/hu\/markaink\/tom-tailor\/\" title=\"TOM TAILOR\"><img loading=\"lazy\" decoding=\"async\" width=\"1\" height=\"1\" src=\"https:\/\/www.vangraaf.com\/hu\/wp-content\/uploads\/sites\/3\/2020\/03\/Tom_Tailor_Logo_grau_OK.svg\" class=\"attachment-full size-full\" alt=\"\" \/><\/a><\/div><div class=\"brand-slider__slider__item\"><a href=\"https:\/\/www.vangraaf.com\/hu\/markaink\/alpha-industries\/\" title=\"Alpha Industries\"><img loading=\"lazy\" decoding=\"async\" width=\"1\" height=\"1\" src=\"https:\/\/www.vangraaf.com\/hu\/wp-content\/uploads\/sites\/3\/2020\/03\/Alpha_Industries_Logo_grau_OK.svg\" class=\"attachment-full size-full\" alt=\"\" \/><\/a><\/div><div class=\"brand-slider__slider__item\"><a href=\"https:\/\/www.vangraaf.com\/hu\/markaink\/g-star\/\" title=\"G-Star RAW\"><img loading=\"lazy\" decoding=\"async\" width=\"1\" height=\"1\" src=\"https:\/\/www.vangraaf.com\/hu\/wp-content\/uploads\/sites\/3\/2020\/03\/G_Star_Logo_grau_OK.svg\" class=\"attachment-full size-full\" alt=\"\" \/><\/a><\/div><div class=\"brand-slider__slider__item\"><a href=\"https:\/\/www.vangraaf.com\/hu\/markaink\/vila\/\" title=\"VILA\"><img loading=\"lazy\" decoding=\"async\" width=\"1\" height=\"1\" src=\"https:\/\/www.vangraaf.com\/hu\/wp-content\/uploads\/sites\/3\/2020\/03\/Vila_Logo_grau_OK.svg\" class=\"attachment-full size-full\" alt=\"\" \/><\/a><\/div><div class=\"brand-slider__slider__item\"><a href=\"https:\/\/www.vangraaf.com\/hu\/markaink\/boss\/\" title=\"BOSS\"><img loading=\"lazy\" decoding=\"async\" width=\"1\" height=\"1\" src=\"https:\/\/www.vangraaf.com\/hu\/wp-content\/uploads\/sites\/3\/2020\/03\/Boss_Logo_grau_OK.svg\" class=\"attachment-full size-full\" alt=\"\" \/><\/a><\/div><div class=\"brand-slider__slider__item\"><a href=\"https:\/\/www.vangraaf.com\/hu\/markaink\/armani-exchange\/\" title=\"Armani Exchange\"><img loading=\"lazy\" decoding=\"async\" width=\"1\" height=\"1\" src=\"https:\/\/www.vangraaf.com\/hu\/wp-content\/uploads\/sites\/3\/2020\/03\/Armani-Exchange-Logo-grau_OK.svg\" class=\"attachment-full size-full\" alt=\"\" \/><\/a><\/div><div class=\"brand-slider__slider__item\"><a href=\"https:\/\/www.vangraaf.com\/hu\/markaink\/polo-ralph-lauren\/\" title=\"Polo Ralph Lauren\"><img loading=\"lazy\" decoding=\"async\" width=\"1\" height=\"1\" src=\"https:\/\/www.vangraaf.com\/hu\/wp-content\/uploads\/sites\/3\/2020\/03\/Ralph_Lauren_Logo_grau_OK.svg\" class=\"attachment-full size-full\" alt=\"\" \/><\/a><\/div><div class=\"brand-slider__slider__item\"><a href=\"https:\/\/www.vangraaf.com\/hu\/markaink\/marie-lund\/\" title=\"Marie Lund\"><img loading=\"lazy\" decoding=\"async\" width=\"1\" height=\"1\" src=\"https:\/\/www.vangraaf.com\/hu\/wp-content\/uploads\/sites\/3\/2020\/03\/Marie_Lund_Logo_grau_OK.svg\" class=\"attachment-full size-full\" alt=\"\" \/><\/a><\/div><\/div><\/div><\/div>[\/vc_column][\/vc_row]<\/div>","protected":false},"excerpt":{"rendered":"[vc_row full_width=&#8221;stretch_row_content_no_spaces&#8221;][vc_column][vc_column_text] Kev\u00e9s divatm\u00e1rka b\u00fcszk\u00e9lkedhet olyan nagy hagyom\u00e1nyokkal, mint a farmergy\u00e1rt\u00f3 Levi&#8217;s. A kultikus amerikai m\u00e1rka t\u00f6rt\u00e9nete t\u00f6bb mint 150 \u00e9vre ny\u00falik vissza. A strapab\u00edr\u00f3 munkaruh\u00e1zatok egykori \u00fatt\u00f6r\u0151j\u00e9b\u0151l a m\u00e1rka a farmerdivat egyik legismertebb \u00e9s legsokoldal\u00fabb k\u00e9pvisel\u0151j\u00e9v\u00e9 n\u0151tte ki mag\u00e1t. A term\u00e9kportf\u00f3li\u00f3ban m\u00e1r r\u00e9g\u00f3ta nem csup\u00e1n farmerek szerepelnek: a budapesti VAN GRAAF-\u00fczletekben a Levi\u2018s leg\u00fajabb [&hellip;]","protected":false},"author":3,"featured_media":0,"parent":3937,"menu_order":0,"comment_status":"closed","ping_status":"closed","template":"","meta":{"_acf_changed":false,"inline_featured_image":false,"footnotes":""},"class_list":["post-4154","page","type-page","status-publish","hentry"],"acf":[],"yoast_head":"<!-- This site is optimized with the Yoast SEO plugin v27.2 - https:\/\/yoast.com\/product\/yoast-seo-wordpress\/ -->\n<title>Levi\u2018s pro d\u00e1my, p\u00e1ny a d\u011bti v Praze<\/title>\n<meta name=\"description\" content=\"Aktu\u00e1ln\u00ed d\u017e\u00edny a casual m\u00f3da zna\u010dky Levi\u2019s pro d\u00e1my a p\u00e1ny: objevujte denimovou m\u00f3du Levi\u2019s v prodejn\u011b VAN GRAAF Praha!\" \/>\n<meta name=\"robots\" content=\"index, follow, max-snippet:-1, max-image-preview:large, max-video-preview:-1\" \/>\n<link rel=\"canonical\" href=\"https:\/\/www.vangraaf.com\/hu\/markaink\/levis\/\" \/>\n<meta property=\"og:locale\" content=\"hu_HU\" \/>\n<meta property=\"og:type\" content=\"article\" \/>\n<meta property=\"og:title\" content=\"Levi\u2018s pro d\u00e1my, p\u00e1ny a d\u011bti v Praze\" \/>\n<meta property=\"og:description\" content=\"Aktu\u00e1ln\u00ed d\u017e\u00edny a casual m\u00f3da zna\u010dky Levi\u2019s pro d\u00e1my a p\u00e1ny: objevujte denimovou m\u00f3du Levi\u2019s v prodejn\u011b VAN GRAAF Praha!\" \/>\n<meta property=\"og:url\" content=\"https:\/\/www.vangraaf.com\/hu\/markaink\/levis\/\" \/>\n<meta property=\"og:site_name\" content=\"VAN GRAAF Magyarorsz\u00e1g\" \/>\n<meta property=\"article:modified_time\" content=\"2020-09-15T12:08:51+00:00\" \/>\n<meta name=\"twitter:card\" content=\"summary_large_image\" \/>\n<meta name=\"twitter:label1\" content=\"Becs\u00fclt olvas\u00e1si id\u0151\" \/>\n\t<meta name=\"twitter:data1\" content=\"4 perc\" \/>\n<script type=\"application\/ld+json\" class=\"yoast-schema-graph\">{\"@context\":\"https:\/\/schema.org\",\"@graph\":[{\"@type\":\"WebPage\",\"@id\":\"https:\/\/www.vangraaf.com\/hu\/markaink\/levis\/\",\"url\":\"https:\/\/www.vangraaf.com\/hu\/markaink\/levis\/\",\"name\":\"Levi\u2018s pro d\u00e1my, p\u00e1ny a d\u011bti v Praze\",\"isPartOf\":{\"@id\":\"https:\/\/www.vangraaf.com\/hu\/#website\"},\"datePublished\":\"2020-03-12T12:41:36+00:00\",\"dateModified\":\"2020-09-15T12:08:51+00:00\",\"description\":\"Aktu\u00e1ln\u00ed d\u017e\u00edny a casual m\u00f3da zna\u010dky Levi\u2019s pro d\u00e1my a p\u00e1ny: objevujte denimovou m\u00f3du Levi\u2019s v prodejn\u011b VAN GRAAF Praha!\",\"breadcrumb\":{\"@id\":\"https:\/\/www.vangraaf.com\/hu\/markaink\/levis\/#breadcrumb\"},\"inLanguage\":\"hu\",\"potentialAction\":[{\"@type\":\"ReadAction\",\"target\":[\"https:\/\/www.vangraaf.com\/hu\/markaink\/levis\/\"]}]},{\"@type\":\"BreadcrumbList\",\"@id\":\"https:\/\/www.vangraaf.com\/hu\/markaink\/levis\/#breadcrumb\",\"itemListElement\":[{\"@type\":\"ListItem\",\"position\":1,\"name\":\"Home\",\"item\":\"https:\/\/www.vangraaf.com\/hu\/\"},{\"@type\":\"ListItem\",\"position\":2,\"name\":\"Marken\",\"item\":\"https:\/\/www.vangraaf.com\/hu\/markaink\/\"},{\"@type\":\"ListItem\",\"position\":3,\"name\":\"Levi&#8217;s\"}]},{\"@type\":\"WebSite\",\"@id\":\"https:\/\/www.vangraaf.com\/hu\/#website\",\"url\":\"https:\/\/www.vangraaf.com\/hu\/\",\"name\":\"VAN GRAAF\",\"description\":\"VAN GRAAF\",\"potentialAction\":[{\"@type\":\"SearchAction\",\"target\":{\"@type\":\"EntryPoint\",\"urlTemplate\":\"https:\/\/www.vangraaf.com\/hu\/?s={search_term_string}\"},\"query-input\":{\"@type\":\"PropertyValueSpecification\",\"valueRequired\":true,\"valueName\":\"search_term_string\"}}],\"inLanguage\":\"hu\"}]}<\/script>\n<!-- \/ Yoast SEO plugin. -->","yoast_head_json":{"title":"Levi\u2018s pro d\u00e1my, p\u00e1ny a d\u011bti v Praze","description":"Aktu\u00e1ln\u00ed d\u017e\u00edny a casual m\u00f3da zna\u010dky Levi\u2019s pro d\u00e1my a p\u00e1ny: objevujte denimovou m\u00f3du Levi\u2019s v prodejn\u011b VAN GRAAF Praha!","robots":{"index":"index","follow":"follow","max-snippet":"max-snippet:-1","max-image-preview":"max-image-preview:large","max-video-preview":"max-video-preview:-1"},"canonical":"https:\/\/www.vangraaf.com\/hu\/markaink\/levis\/","og_locale":"hu_HU","og_type":"article","og_title":"Levi\u2018s pro d\u00e1my, p\u00e1ny a d\u011bti v Praze","og_description":"Aktu\u00e1ln\u00ed d\u017e\u00edny a casual m\u00f3da zna\u010dky Levi\u2019s pro d\u00e1my a p\u00e1ny: objevujte denimovou m\u00f3du Levi\u2019s v prodejn\u011b VAN GRAAF Praha!","og_url":"https:\/\/www.vangraaf.com\/hu\/markaink\/levis\/","og_site_name":"VAN GRAAF Magyarorsz\u00e1g","article_modified_time":"2020-09-15T12:08:51+00:00","twitter_card":"summary_large_image","twitter_misc":{"Becs\u00fclt olvas\u00e1si id\u0151":"4 perc"},"schema":{"@context":"https:\/\/schema.org","@graph":[{"@type":"WebPage","@id":"https:\/\/www.vangraaf.com\/hu\/markaink\/levis\/","url":"https:\/\/www.vangraaf.com\/hu\/markaink\/levis\/","name":"Levi\u2018s pro d\u00e1my, p\u00e1ny a d\u011bti v Praze","isPartOf":{"@id":"https:\/\/www.vangraaf.com\/hu\/#website"},"datePublished":"2020-03-12T12:41:36+00:00","dateModified":"2020-09-15T12:08:51+00:00","description":"Aktu\u00e1ln\u00ed d\u017e\u00edny a casual m\u00f3da zna\u010dky Levi\u2019s pro d\u00e1my a p\u00e1ny: objevujte denimovou m\u00f3du Levi\u2019s v prodejn\u011b VAN GRAAF Praha!","breadcrumb":{"@id":"https:\/\/www.vangraaf.com\/hu\/markaink\/levis\/#breadcrumb"},"inLanguage":"hu","potentialAction":[{"@type":"ReadAction","target":["https:\/\/www.vangraaf.com\/hu\/markaink\/levis\/"]}]},{"@type":"BreadcrumbList","@id":"https:\/\/www.vangraaf.com\/hu\/markaink\/levis\/#breadcrumb","itemListElement":[{"@type":"ListItem","position":1,"name":"Home","item":"https:\/\/www.vangraaf.com\/hu\/"},{"@type":"ListItem","position":2,"name":"Marken","item":"https:\/\/www.vangraaf.com\/hu\/markaink\/"},{"@type":"ListItem","position":3,"name":"Levi&#8217;s"}]},{"@type":"WebSite","@id":"https:\/\/www.vangraaf.com\/hu\/#website","url":"https:\/\/www.vangraaf.com\/hu\/","name":"VAN GRAAF","description":"VAN GRAAF","potentialAction":[{"@type":"SearchAction","target":{"@type":"EntryPoint","urlTemplate":"https:\/\/www.vangraaf.com\/hu\/?s={search_term_string}"},"query-input":{"@type":"PropertyValueSpecification","valueRequired":true,"valueName":"search_term_string"}}],"inLanguage":"hu"}]}},"_links":{"self":[{"href":"https:\/\/www.vangraaf.com\/hu\/wp-json\/wp\/v2\/pages\/4154","targetHints":{"allow":["GET"]}}],"collection":[{"href":"https:\/\/www.vangraaf.com\/hu\/wp-json\/wp\/v2\/pages"}],"about":[{"href":"https:\/\/www.vangraaf.com\/hu\/wp-json\/wp\/v2\/types\/page"}],"author":[{"embeddable":true,"href":"https:\/\/www.vangraaf.com\/hu\/wp-json\/wp\/v2\/users\/3"}],"replies":[{"embeddable":true,"href":"https:\/\/www.vangraaf.com\/hu\/wp-json\/wp\/v2\/comments?post=4154"}],"version-history":[{"count":12,"href":"https:\/\/www.vangraaf.com\/hu\/wp-json\/wp\/v2\/pages\/4154\/revisions"}],"predecessor-version":[{"id":5344,"href":"https:\/\/www.vangraaf.com\/hu\/wp-json\/wp\/v2\/pages\/4154\/revisions\/5344"}],"up":[{"embeddable":true,"href":"https:\/\/www.vangraaf.com\/hu\/wp-json\/wp\/v2\/pages\/3937"}],"wp:attachment":[{"href":"https:\/\/www.vangraaf.com\/hu\/wp-json\/wp\/v2\/media?parent=4154"}],"curies":[{"name":"wp","href":"https:\/\/api.w.org\/{rel}","templated":true}]}}