{"id":3960,"date":"2020-02-24T10:52:45","date_gmt":"2020-02-24T09:52:45","guid":{"rendered":"http:\/\/van-graaf.test\/ch\/?page_id=2515"},"modified":"2021-03-01T13:45:48","modified_gmt":"2021-03-01T12:45:48","slug":"felhasznalasi-feltetelek","status":"publish","type":"page","link":"https:\/\/www.vangraaf.com\/hu\/felhasznalasi-feltetelek\/","title":{"rendered":"Nutzungsbedingungen"},"content":{"rendered":"<div class=\"wpb-content-wrapper\">[vc_row full_width=&#8221;stretch_row_content_no_spaces&#8221;][vc_column]<div class=\"keyvisual\" data-aos=\"fade-up\" ><img loading=\"lazy\" decoding=\"async\" width=\"1440\" height=\"480\" src=\"https:\/\/www.vangraaf.com\/hu\/wp-content\/uploads\/sites\/3\/2020\/02\/Impressum_Banner_WP.jpg\" class=\"vc_single_image-img\" alt=\"Egy f\u00e9rfi \u00e9s egy n\u0151 \u00e1llnak egym\u00e1s mellett, modern ruh\u00e1kban, egy minimalista, vil\u00e1gos h\u00e1tt\u00e9r el\u0151tt.\" srcset=\"https:\/\/www.vangraaf.com\/hu\/wp-content\/uploads\/sites\/3\/2020\/02\/Impressum_Banner_WP.jpg 1440w, https:\/\/www.vangraaf.com\/hu\/wp-content\/uploads\/sites\/3\/2020\/02\/Impressum_Banner_WP-300x100.jpg 300w, https:\/\/www.vangraaf.com\/hu\/wp-content\/uploads\/sites\/3\/2020\/02\/Impressum_Banner_WP-1024x341.jpg 1024w, https:\/\/www.vangraaf.com\/hu\/wp-content\/uploads\/sites\/3\/2020\/02\/Impressum_Banner_WP-768x256.jpg 768w, https:\/\/www.vangraaf.com\/hu\/wp-content\/uploads\/sites\/3\/2020\/02\/Impressum_Banner_WP-1200x400.jpg 1200w, https:\/\/www.vangraaf.com\/hu\/wp-content\/uploads\/sites\/3\/2020\/02\/Impressum_Banner_WP-992x331.jpg 992w, https:\/\/www.vangraaf.com\/hu\/wp-content\/uploads\/sites\/3\/2020\/02\/Impressum_Banner_WP-480x160.jpg 480w, https:\/\/www.vangraaf.com\/hu\/wp-content\/uploads\/sites\/3\/2020\/02\/Impressum_Banner_WP-690x230.jpg 690w\" sizes=\"(max-width: 1440px) 100vw, 1440px\" \/><\/div>\n        <div class=\"headlines headlines--center\" data-aos=\"fade-up\">\n            <div class=\"vc_row\">\n                <div class=\"vc_col-md-10 vc_col-md-offset-1 vc_col-lg-10 vc_col-lg-offset-1\"><h1 class=\"h2\">Felhaszn\u00e1l\u00e1si felt\u00e9telek<\/h1><\/div>\n            <\/div>\n        <\/div>[vc_column_text]A VAN GRAAF Bt. honlapja tartalmazhat m\u00e1s szem\u00e9lyek tulajdon\u00e1ban l\u00e9v\u0151 internetes oldalakra mutat\u00f3 linkeket (hivatkozott k\u00fcls\u0151 oldalak). VAN GRAAF Bt. hat\u00e1rozottan elhat\u00e1rol\u00f3dik ezen hivatkozott k\u00fcls\u0151 oldalak tartalm\u00e1t\u00f3l \u00e9s nem fogadja el azok tartalm\u00e1t saj\u00e1t tartalmak\u00e9nt. A VAN GRAAF Bt. nem v\u00e1llal felel\u0151ss\u00e9get a hivatkozott k\u00fcls\u0151 oldalak tartalm\u00e1\u00e9rt, kiv\u00e9ve, ha ismerte az adott k\u00fcls\u0151 oldal tartalm\u00e1t, tudott annak jogellenes tartalm\u00e1r\u00f3l, valamint technikailag lehets\u00e9ges \u00e9s gazdas\u00e1gilag is megengedhet\u0151 volt a VAN GRAAF Bt. sz\u00e1m\u00e1ra ezen hivatkozott k\u00fcls\u0151 oldalak haszn\u00e1lat\u00e1nak megakad\u00e1lyoz\u00e1sa. A VAN GRAAF Bt. kijelenti, hogy tudom\u00e1sa szerint az illet\u0151 oldalak nem rendelkeztek jogellenes tartalommal, amikor a r\u00e1juk mutat\u00f3 hivatkoz\u00e1st elhelyezte. A VAN GRAAF Bt. kiemeli azt a t\u00e9nyt, hogy nincs befoly\u00e1ssal a hivatkozott k\u00fcls\u0151 oldalak j\u00f6v\u0151beli szerkeszt\u00e9s\u00e9re \u00e9s j\u00f6v\u0151beli tartalm\u00e1ra.\r\n\r\nA VAN GRAAF Bt. semmilyen k\u00f6r\u00fclm\u00e9nyek k\u00f6z\u00f6tt nem v\u00e1llal felel\u0151ss\u00e9get a hivatkozott k\u00fcls\u0151 oldalak haszn\u00e1lat\u00e1b\u00f3l, vagy abb\u00f3l ered\u0151 k\u00e1rok\u00e9rt, hogy ezek haszn\u00e1lata lehetetlen. A VAN GRAAF Bt. tov\u00e1bb\u00e1 nem v\u00e1llal felel\u0151ss\u00e9get azon k\u00fcls\u0151 oldalak tartalm\u00e1\u00e9rt, amelyek a VAN GRAAF Bt. oldal\u00e1ra, vagy annak valamely tartalmi elem\u00e9re mutat\u00f3 linket haszn\u00e1lnak.\r\n\r\nA VAN GRAAF Bt. honlap szem\u00e9lyes, nem kereskedelmi c\u00e9l\u00fa haszn\u00e1latra szolg\u00e1l. A felhaszn\u00e1l\u00f3 nem jogosult a honlapr\u00f3l sz\u00e1rmaz\u00f3 inform\u00e1ci\u00f3, sz\u00f6veg vagy k\u00e9p m\u00f3dos\u00edt\u00e1s\u00e1ra, m\u00e1sol\u00e1s\u00e1ra, terjeszt\u00e9s\u00e9re, k\u00f6zvet\u00edt\u00e9s\u00e9re, kiad\u00e1s\u00e1ra, enged\u00e9lyez\u00e9s\u00e9re, tov\u00e1bb\u00edt\u00e1s\u00e1ra \u00e9s nyilv\u00e1noss\u00e1gra hozatal\u00e1ra, sem pedig b\u00e1rmilyen anyag alapjak\u00e9nt t\u00f6rt\u00e9n\u0151 felhaszn\u00e1l\u00e1s\u00e1ra, tov\u00e1bb\u00e1 az ilyen tartalom b\u00e1rmely r\u00e9szlet\u00e9nek kiad\u00e1s\u00e1ra vagy \u00e9rt\u00e9kes\u00edt\u00e9s\u00e9re. A VAN GRAAF Bt. kiz\u00e1r\u00f3lag mag\u00e1nhaszn\u00e1lat c\u00e9lj\u00e1b\u00f3l enged\u00e9lyezi a sz\u00f6vegek t\u00e1rol\u00e1s\u00e1t. B\u00e1rmilyen m\u00e1s c\u00e9lra t\u00f6rt\u00e9n\u0151 adatt\u00e1rol\u00e1s vagy felhaszn\u00e1l\u00e1s a VAN GRAAF Bt. \u00edr\u00e1sbeli enged\u00e9ly\u00e9hez k\u00f6t\u00f6tt.\r\n\r\nM\u00e1s szem\u00e9lyek \u00e1ltal m\u0171k\u00f6dtetett k\u00fcls\u0151 oldalak linkjei, amelyek a VAN GRAAF Bt. oldal\u00e1ra mutatnak, nem helyezhet\u0151k el a VAN GRAAF Bt. el\u0151zetes \u00edr\u00e1sbeli enged\u00e9lye n\u00e9lk\u00fcl.[\/vc_column_text][\/vc_column][\/vc_row]<\/div>","protected":false},"excerpt":{"rendered":"[vc_row full_width=&#8221;stretch_row_content_no_spaces&#8221;][vc_column][vc_column_text]A VAN GRAAF Bt. honlapja tartalmazhat m\u00e1s szem\u00e9lyek tulajdon\u00e1ban l\u00e9v\u0151 internetes oldalakra mutat\u00f3 linkeket (hivatkozott k\u00fcls\u0151 oldalak). VAN GRAAF Bt. hat\u00e1rozottan elhat\u00e1rol\u00f3dik ezen hivatkozott k\u00fcls\u0151 oldalak tartalm\u00e1t\u00f3l \u00e9s nem fogadja el azok tartalm\u00e1t saj\u00e1t tartalmak\u00e9nt. A VAN GRAAF Bt. nem v\u00e1llal felel\u0151ss\u00e9get a hivatkozott k\u00fcls\u0151 oldalak tartalm\u00e1\u00e9rt, kiv\u00e9ve, ha ismerte az adott k\u00fcls\u0151 oldal [&hellip;]","protected":false},"author":3,"featured_media":0,"parent":0,"menu_order":0,"comment_status":"closed","ping_status":"closed","template":"","meta":{"_acf_changed":false,"inline_featured_image":false,"footnotes":""},"class_list":["post-3960","page","type-page","status-publish","hentry"],"acf":[],"yoast_head":"<!-- This site is optimized with the Yoast SEO plugin v27.2 - https:\/\/yoast.com\/product\/yoast-seo-wordpress\/ -->\n<title>A VAN GRAAF GmbH &amp; Co. KG felhaszn\u00e1l\u00e1si felt\u00e9telei<\/title>\n<meta name=\"description\" content=\"Inform\u00e1ci\u00f3k a felhaszn\u00e1l\u00e1si felt\u00e9telekr\u0151l \u00e9s a VAN GRAAF divatszak\u00e9rt\u0151ivel val\u00f3 kapcsolatfelv\u00e9telr\u0151l.\" \/>\n<meta name=\"robots\" content=\"index, follow, max-snippet:-1, max-image-preview:large, max-video-preview:-1\" \/>\n<link rel=\"canonical\" href=\"https:\/\/www.vangraaf.com\/hu\/felhasznalasi-feltetelek\/\" \/>\n<meta property=\"og:locale\" content=\"hu_HU\" \/>\n<meta property=\"og:type\" content=\"article\" \/>\n<meta property=\"og:title\" content=\"A VAN GRAAF GmbH &amp; Co. KG felhaszn\u00e1l\u00e1si felt\u00e9telei\" \/>\n<meta property=\"og:description\" content=\"Inform\u00e1ci\u00f3k a felhaszn\u00e1l\u00e1si felt\u00e9telekr\u0151l \u00e9s a VAN GRAAF divatszak\u00e9rt\u0151ivel val\u00f3 kapcsolatfelv\u00e9telr\u0151l.\" \/>\n<meta property=\"og:url\" content=\"https:\/\/www.vangraaf.com\/hu\/felhasznalasi-feltetelek\/\" \/>\n<meta property=\"og:site_name\" content=\"VAN GRAAF Magyarorsz\u00e1g\" \/>\n<meta property=\"article:modified_time\" content=\"2021-03-01T12:45:48+00:00\" \/>\n<meta name=\"twitter:card\" content=\"summary_large_image\" \/>\n<meta name=\"twitter:label1\" content=\"Becs\u00fclt olvas\u00e1si id\u0151\" \/>\n\t<meta name=\"twitter:data1\" content=\"2 perc\" \/>\n<script type=\"application\/ld+json\" class=\"yoast-schema-graph\">{\"@context\":\"https:\/\/schema.org\",\"@graph\":[{\"@type\":\"WebPage\",\"@id\":\"https:\/\/www.vangraaf.com\/hu\/felhasznalasi-feltetelek\/\",\"url\":\"https:\/\/www.vangraaf.com\/hu\/felhasznalasi-feltetelek\/\",\"name\":\"A VAN GRAAF GmbH & Co. KG felhaszn\u00e1l\u00e1si felt\u00e9telei\",\"isPartOf\":{\"@id\":\"https:\/\/www.vangraaf.com\/hu\/#website\"},\"datePublished\":\"2020-02-24T09:52:45+00:00\",\"dateModified\":\"2021-03-01T12:45:48+00:00\",\"description\":\"Inform\u00e1ci\u00f3k a felhaszn\u00e1l\u00e1si felt\u00e9telekr\u0151l \u00e9s a VAN GRAAF divatszak\u00e9rt\u0151ivel val\u00f3 kapcsolatfelv\u00e9telr\u0151l.\",\"breadcrumb\":{\"@id\":\"https:\/\/www.vangraaf.com\/hu\/felhasznalasi-feltetelek\/#breadcrumb\"},\"inLanguage\":\"hu\",\"potentialAction\":[{\"@type\":\"ReadAction\",\"target\":[\"https:\/\/www.vangraaf.com\/hu\/felhasznalasi-feltetelek\/\"]}]},{\"@type\":\"BreadcrumbList\",\"@id\":\"https:\/\/www.vangraaf.com\/hu\/felhasznalasi-feltetelek\/#breadcrumb\",\"itemListElement\":[{\"@type\":\"ListItem\",\"position\":1,\"name\":\"Home\",\"item\":\"https:\/\/www.vangraaf.com\/hu\/\"},{\"@type\":\"ListItem\",\"position\":2,\"name\":\"Nutzungsbedingungen\"}]},{\"@type\":\"WebSite\",\"@id\":\"https:\/\/www.vangraaf.com\/hu\/#website\",\"url\":\"https:\/\/www.vangraaf.com\/hu\/\",\"name\":\"VAN GRAAF\",\"description\":\"VAN GRAAF\",\"potentialAction\":[{\"@type\":\"SearchAction\",\"target\":{\"@type\":\"EntryPoint\",\"urlTemplate\":\"https:\/\/www.vangraaf.com\/hu\/?s={search_term_string}\"},\"query-input\":{\"@type\":\"PropertyValueSpecification\",\"valueRequired\":true,\"valueName\":\"search_term_string\"}}],\"inLanguage\":\"hu\"}]}<\/script>\n<!-- \/ Yoast SEO plugin. -->","yoast_head_json":{"title":"A VAN GRAAF GmbH & Co. KG felhaszn\u00e1l\u00e1si felt\u00e9telei","description":"Inform\u00e1ci\u00f3k a felhaszn\u00e1l\u00e1si felt\u00e9telekr\u0151l \u00e9s a VAN GRAAF divatszak\u00e9rt\u0151ivel val\u00f3 kapcsolatfelv\u00e9telr\u0151l.","robots":{"index":"index","follow":"follow","max-snippet":"max-snippet:-1","max-image-preview":"max-image-preview:large","max-video-preview":"max-video-preview:-1"},"canonical":"https:\/\/www.vangraaf.com\/hu\/felhasznalasi-feltetelek\/","og_locale":"hu_HU","og_type":"article","og_title":"A VAN GRAAF GmbH & Co. KG felhaszn\u00e1l\u00e1si felt\u00e9telei","og_description":"Inform\u00e1ci\u00f3k a felhaszn\u00e1l\u00e1si felt\u00e9telekr\u0151l \u00e9s a VAN GRAAF divatszak\u00e9rt\u0151ivel val\u00f3 kapcsolatfelv\u00e9telr\u0151l.","og_url":"https:\/\/www.vangraaf.com\/hu\/felhasznalasi-feltetelek\/","og_site_name":"VAN GRAAF Magyarorsz\u00e1g","article_modified_time":"2021-03-01T12:45:48+00:00","twitter_card":"summary_large_image","twitter_misc":{"Becs\u00fclt olvas\u00e1si id\u0151":"2 perc"},"schema":{"@context":"https:\/\/schema.org","@graph":[{"@type":"WebPage","@id":"https:\/\/www.vangraaf.com\/hu\/felhasznalasi-feltetelek\/","url":"https:\/\/www.vangraaf.com\/hu\/felhasznalasi-feltetelek\/","name":"A VAN GRAAF GmbH & Co. KG felhaszn\u00e1l\u00e1si felt\u00e9telei","isPartOf":{"@id":"https:\/\/www.vangraaf.com\/hu\/#website"},"datePublished":"2020-02-24T09:52:45+00:00","dateModified":"2021-03-01T12:45:48+00:00","description":"Inform\u00e1ci\u00f3k a felhaszn\u00e1l\u00e1si felt\u00e9telekr\u0151l \u00e9s a VAN GRAAF divatszak\u00e9rt\u0151ivel val\u00f3 kapcsolatfelv\u00e9telr\u0151l.","breadcrumb":{"@id":"https:\/\/www.vangraaf.com\/hu\/felhasznalasi-feltetelek\/#breadcrumb"},"inLanguage":"hu","potentialAction":[{"@type":"ReadAction","target":["https:\/\/www.vangraaf.com\/hu\/felhasznalasi-feltetelek\/"]}]},{"@type":"BreadcrumbList","@id":"https:\/\/www.vangraaf.com\/hu\/felhasznalasi-feltetelek\/#breadcrumb","itemListElement":[{"@type":"ListItem","position":1,"name":"Home","item":"https:\/\/www.vangraaf.com\/hu\/"},{"@type":"ListItem","position":2,"name":"Nutzungsbedingungen"}]},{"@type":"WebSite","@id":"https:\/\/www.vangraaf.com\/hu\/#website","url":"https:\/\/www.vangraaf.com\/hu\/","name":"VAN GRAAF","description":"VAN GRAAF","potentialAction":[{"@type":"SearchAction","target":{"@type":"EntryPoint","urlTemplate":"https:\/\/www.vangraaf.com\/hu\/?s={search_term_string}"},"query-input":{"@type":"PropertyValueSpecification","valueRequired":true,"valueName":"search_term_string"}}],"inLanguage":"hu"}]}},"_links":{"self":[{"href":"https:\/\/www.vangraaf.com\/hu\/wp-json\/wp\/v2\/pages\/3960","targetHints":{"allow":["GET"]}}],"collection":[{"href":"https:\/\/www.vangraaf.com\/hu\/wp-json\/wp\/v2\/pages"}],"about":[{"href":"https:\/\/www.vangraaf.com\/hu\/wp-json\/wp\/v2\/types\/page"}],"author":[{"embeddable":true,"href":"https:\/\/www.vangraaf.com\/hu\/wp-json\/wp\/v2\/users\/3"}],"replies":[{"embeddable":true,"href":"https:\/\/www.vangraaf.com\/hu\/wp-json\/wp\/v2\/comments?post=3960"}],"version-history":[{"count":6,"href":"https:\/\/www.vangraaf.com\/hu\/wp-json\/wp\/v2\/pages\/3960\/revisions"}],"predecessor-version":[{"id":5642,"href":"https:\/\/www.vangraaf.com\/hu\/wp-json\/wp\/v2\/pages\/3960\/revisions\/5642"}],"wp:attachment":[{"href":"https:\/\/www.vangraaf.com\/hu\/wp-json\/wp\/v2\/media?parent=3960"}],"curies":[{"name":"wp","href":"https:\/\/api.w.org\/{rel}","templated":true}]}}