{"id":3937,"date":"2020-02-10T11:53:45","date_gmt":"2020-02-10T10:53:45","guid":{"rendered":"http:\/\/van-graaf.test\/ch\/?page_id=2162"},"modified":"2024-09-12T15:59:45","modified_gmt":"2024-09-12T13:59:45","slug":"markaink","status":"publish","type":"page","link":"https:\/\/www.vangraaf.com\/hu\/markaink\/","title":{"rendered":"Marken"},"content":{"rendered":"<div class=\"wpb-content-wrapper\">[vc_row full_width=&#8221;stretch_row_content_no_spaces&#8221;][vc_column]<div class=\"keyvisual\" data-aos=\"fade-up\" ><img loading=\"lazy\" decoding=\"async\" width=\"1440\" height=\"480\" src=\"https:\/\/www.vangraaf.com\/hu\/wp-content\/uploads\/sites\/3\/2020\/02\/Marken_Banner_WP.jpg\" class=\"vc_single_image-img\" alt=\"Egy n\u0151 \u00e9s egy f\u00e9rfi oldaln\u00e9zetb\u0151l \u00e1llnak egym\u00e1s mellett, semleges h\u00e1tt\u00e9r el\u0151tt; a n\u0151 r\u00f3zsasz\u00edn \u00e9s barna ruh\u00e1t visel, a f\u00e9rfi vil\u00e1gosk\u00e9ket \u00e9s s\u00f6t\u00e9tk\u00e9k ruhadarabot.\" srcset=\"https:\/\/www.vangraaf.com\/hu\/wp-content\/uploads\/sites\/3\/2020\/02\/Marken_Banner_WP.jpg 1440w, https:\/\/www.vangraaf.com\/hu\/wp-content\/uploads\/sites\/3\/2020\/02\/Marken_Banner_WP-300x100.jpg 300w, https:\/\/www.vangraaf.com\/hu\/wp-content\/uploads\/sites\/3\/2020\/02\/Marken_Banner_WP-1024x341.jpg 1024w, https:\/\/www.vangraaf.com\/hu\/wp-content\/uploads\/sites\/3\/2020\/02\/Marken_Banner_WP-768x256.jpg 768w, https:\/\/www.vangraaf.com\/hu\/wp-content\/uploads\/sites\/3\/2020\/02\/Marken_Banner_WP-1200x400.jpg 1200w, https:\/\/www.vangraaf.com\/hu\/wp-content\/uploads\/sites\/3\/2020\/02\/Marken_Banner_WP-992x331.jpg 992w, https:\/\/www.vangraaf.com\/hu\/wp-content\/uploads\/sites\/3\/2020\/02\/Marken_Banner_WP-480x160.jpg 480w, https:\/\/www.vangraaf.com\/hu\/wp-content\/uploads\/sites\/3\/2020\/02\/Marken_Banner_WP-690x230.jpg 690w\" sizes=\"(max-width: 1440px) 100vw, 1440px\" \/><\/div>\n        <div class=\"headlines headlines--center\" data-aos=\"fade-up\">\n            <div class=\"vc_row\">\n                <div class=\"vc_col-md-10 vc_col-md-offset-1 vc_col-lg-10 vc_col-lg-offset-1\"><span class=\"h6\">M\u00e1rk\u00e1ink<\/span><h1 class=\"h2\">Ismerje meg gazdag m\u00e1rkak\u00edn\u00e1latunkat!<\/h1><\/div>\n            <\/div>\n        <\/div>[vc_row_inner][vc_column_inner offset=&#8221;vc_col-md-offset-0 vc_col-sm-offset-0&#8243;][vc_column_text]\r\n<p style=\"text-align: center\">N\u00e1lunk k\u00f6zel 200 divatm\u00e1rk\u00e1t tal\u00e1l egy fed\u00e9l alatt. K\u00edv\u00e1ncsi r\u00e1, hogy melyik VAN GRAAF divath\u00e1zban k\u00edn\u00e1ljuk kedvenc m\u00e1rk\u00e1it? Az \u00e1ttekint\u00e9sb\u0151l megtudhatja, hogy melyik m\u00e1rk\u00e1kat tal\u00e1lja meg n\u00e1lunk \u2013 m\u00e9gpedig A-t\u00f3l Z-ig!<\/p>\r\n[\/vc_column_text][\/vc_column_inner][\/vc_row_inner][\/vc_column][\/vc_row][vc_row full_width=&#8221;stretch_row_content_no_spaces&#8221;][vc_column]<div class=\"vg-element brand-slider brand-slider--light\" data-aos=\"fade-up\"><div class=\"brand-slider__inner\"><div class=\"brand-slider__slider js-brand-slider\"><div class=\"brand-slider__slider__item\"><a href=\"https:\/\/www.vangraaf.com\/hu\/markaink\/adidas-originals\/\" title=\"adidas Originals\"><img loading=\"lazy\" decoding=\"async\" width=\"1\" height=\"1\" src=\"https:\/\/www.vangraaf.com\/hu\/wp-content\/uploads\/sites\/3\/2020\/03\/Adidas_Logo_grau_OK.svg\" class=\"attachment-full size-full\" alt=\"\" \/><\/a><\/div><div class=\"brand-slider__slider__item\"><a href=\"https:\/\/www.vangraaf.com\/hu\/markaink\/tommy-hilfiger\/\" title=\"Tommy Hilfiger\"><img loading=\"lazy\" decoding=\"async\" width=\"1\" height=\"1\" src=\"https:\/\/www.vangraaf.com\/hu\/wp-content\/uploads\/sites\/3\/2020\/03\/Tommy_Hilfiger_4c_grau_OK.svg\" class=\"attachment-full size-full\" alt=\"\" \/><\/a><\/div><div class=\"brand-slider__slider__item\"><a href=\"https:\/\/www.vangraaf.com\/hu\/markaink\/levis\/\" title=\"Levi&#039;s\"><img loading=\"lazy\" decoding=\"async\" width=\"1\" height=\"1\" src=\"https:\/\/www.vangraaf.com\/hu\/wp-content\/uploads\/sites\/3\/2020\/03\/Levis_Logo_grau_OK.svg\" class=\"attachment-full size-full\" alt=\"\" \/><\/a><\/div><div class=\"brand-slider__slider__item\"><a href=\"https:\/\/www.vangraaf.com\/hu\/markaink\/calvin-klein\/\" title=\"Calvin Klein\"><img loading=\"lazy\" decoding=\"async\" width=\"1\" height=\"1\" src=\"https:\/\/www.vangraaf.com\/hu\/wp-content\/uploads\/sites\/3\/2020\/03\/Calvin-Klein-Logo-grau_OK.svg\" class=\"attachment-full size-full\" alt=\"\" \/><\/a><\/div><div class=\"brand-slider__slider__item\"><a href=\"https:\/\/www.vangraaf.com\/hu\/markaink\/champion\/\" title=\"Champion\"><img loading=\"lazy\" decoding=\"async\" width=\"1\" height=\"1\" src=\"https:\/\/www.vangraaf.com\/hu\/wp-content\/uploads\/sites\/3\/2020\/03\/Champion_Logo_grau_OK.svg\" class=\"attachment-full size-full\" alt=\"\" \/><\/a><\/div><div class=\"brand-slider__slider__item\"><a href=\"https:\/\/www.vangraaf.com\/hu\/markaink\/lacoste\/\" title=\"Lacoste\"><img loading=\"lazy\" decoding=\"async\" width=\"1\" height=\"1\" src=\"https:\/\/www.vangraaf.com\/hu\/wp-content\/uploads\/sites\/3\/2020\/03\/Lacoste_Logo_4c_grau_Ausnahme_OK.svg\" class=\"attachment-full size-full\" alt=\"\" \/><\/a><\/div><div class=\"brand-slider__slider__item\"><a href=\"https:\/\/www.vangraaf.com\/hu\/markaink\/superdry\/\" title=\"Superdry\"><img loading=\"lazy\" decoding=\"async\" width=\"1\" height=\"1\" src=\"https:\/\/www.vangraaf.com\/hu\/wp-content\/uploads\/sites\/3\/2020\/03\/Superdry_Logo_grau_OK.svg\" class=\"attachment-full size-full\" alt=\"\" \/><\/a><\/div><div class=\"brand-slider__slider__item\"><a href=\"https:\/\/www.vangraaf.com\/hu\/markaink\/fila\/\" title=\"FILA\"><img loading=\"lazy\" decoding=\"async\" width=\"1\" height=\"1\" src=\"https:\/\/www.vangraaf.com\/hu\/wp-content\/uploads\/sites\/3\/2020\/03\/Fila-Logo-grau_OK.svg\" class=\"attachment-full size-full\" alt=\"\" \/><\/a><\/div><div class=\"brand-slider__slider__item\"><a href=\"https:\/\/www.vangraaf.com\/hu\/markaink\/tom-tailor\/\" title=\"TOM TAILOR\"><img loading=\"lazy\" decoding=\"async\" width=\"1\" height=\"1\" src=\"https:\/\/www.vangraaf.com\/hu\/wp-content\/uploads\/sites\/3\/2020\/03\/Tom_Tailor_Logo_grau_OK.svg\" class=\"attachment-full size-full\" alt=\"\" \/><\/a><\/div><div class=\"brand-slider__slider__item\"><a href=\"https:\/\/www.vangraaf.com\/hu\/markaink\/alpha-industries\/\" title=\"Alpha Industries\"><img loading=\"lazy\" decoding=\"async\" width=\"1\" height=\"1\" src=\"https:\/\/www.vangraaf.com\/hu\/wp-content\/uploads\/sites\/3\/2020\/03\/Alpha_Industries_Logo_grau_OK.svg\" class=\"attachment-full size-full\" alt=\"\" \/><\/a><\/div><div class=\"brand-slider__slider__item\"><a href=\"https:\/\/www.vangraaf.com\/hu\/markaink\/g-star\/\" title=\"G-Star RAW\"><img loading=\"lazy\" decoding=\"async\" width=\"1\" height=\"1\" src=\"https:\/\/www.vangraaf.com\/hu\/wp-content\/uploads\/sites\/3\/2020\/03\/G_Star_Logo_grau_OK.svg\" class=\"attachment-full size-full\" alt=\"\" \/><\/a><\/div><div class=\"brand-slider__slider__item\"><a href=\"https:\/\/www.vangraaf.com\/hu\/markaink\/vila\/\" title=\"VILA\"><img loading=\"lazy\" decoding=\"async\" width=\"1\" height=\"1\" src=\"https:\/\/www.vangraaf.com\/hu\/wp-content\/uploads\/sites\/3\/2020\/03\/Vila_Logo_grau_OK.svg\" class=\"attachment-full size-full\" alt=\"\" \/><\/a><\/div><div class=\"brand-slider__slider__item\"><a href=\"https:\/\/www.vangraaf.com\/hu\/markaink\/boss\/\" title=\"BOSS\"><img loading=\"lazy\" decoding=\"async\" width=\"1\" height=\"1\" src=\"https:\/\/www.vangraaf.com\/hu\/wp-content\/uploads\/sites\/3\/2020\/03\/Boss_Logo_grau_OK.svg\" class=\"attachment-full size-full\" alt=\"\" \/><\/a><\/div><div class=\"brand-slider__slider__item\"><a href=\"https:\/\/www.vangraaf.com\/hu\/markaink\/armani-exchange\/\" title=\"Armani Exchange\"><img loading=\"lazy\" decoding=\"async\" width=\"1\" height=\"1\" src=\"https:\/\/www.vangraaf.com\/hu\/wp-content\/uploads\/sites\/3\/2020\/03\/Armani-Exchange-Logo-grau_OK.svg\" class=\"attachment-full size-full\" alt=\"\" \/><\/a><\/div><div class=\"brand-slider__slider__item\"><a href=\"https:\/\/www.vangraaf.com\/hu\/markaink\/polo-ralph-lauren\/\" title=\"Polo Ralph Lauren\"><img loading=\"lazy\" decoding=\"async\" width=\"1\" height=\"1\" src=\"https:\/\/www.vangraaf.com\/hu\/wp-content\/uploads\/sites\/3\/2020\/03\/Ralph_Lauren_Logo_grau_OK.svg\" class=\"attachment-full size-full\" alt=\"\" \/><\/a><\/div><div class=\"brand-slider__slider__item\"><a href=\"https:\/\/www.vangraaf.com\/hu\/markaink\/marie-lund\/\" title=\"Marie Lund\"><img loading=\"lazy\" decoding=\"async\" width=\"1\" height=\"1\" src=\"https:\/\/www.vangraaf.com\/hu\/wp-content\/uploads\/sites\/3\/2020\/03\/Marie_Lund_Logo_grau_OK.svg\" class=\"attachment-full size-full\" alt=\"\" \/><\/a><\/div><\/div><\/div><\/div>[\/vc_column][\/vc_row][vc_row bwd_show_when_type=&#8221;after&#8221; bwd_show_when_date=&#8221;03\/15\/2021 00:00&#8243; bwd_tbc4vd_show_weekday=&#8221;&#8221; el_class=&#8221;vg-padding&#8221;][vc_column]\n        <div class=\"vg-element promo-teaser promo-teaser--  promo-teaser--\" style=\"--season-color: #ffffff;\" data-aos=\"fade-up\">\n            <div class=\"vc_row vc_row-flex\">\n                <div class=\"vc_col-sm-6 promo-teaser__image\">\n                    <a class=\"\" href=\"http:\/\/vangraaf.com\/hu\/markaink\/divatmarkak-nok\/\" target=\"_self\" rel=\"\" style=\"\"><img loading=\"lazy\" decoding=\"async\" width=\"378\" height=\"346\" src=\"https:\/\/www.vangraaf.com\/hu\/wp-content\/uploads\/sites\/3\/2021\/05\/Marken_DOB_PromoTeaser_WP.jpg\" class=\"vc_single_image-img\" alt=\"Mosolyg\u00f3 n\u0151 vir\u00e1gmint\u00e1s ruh\u00e1ban \u00fcl, t\u00e1rsaival megegyezve mosolyog.\" srcset=\"https:\/\/www.vangraaf.com\/hu\/wp-content\/uploads\/sites\/3\/2021\/05\/Marken_DOB_PromoTeaser_WP.jpg 378w, https:\/\/www.vangraaf.com\/hu\/wp-content\/uploads\/sites\/3\/2021\/05\/Marken_DOB_PromoTeaser_WP-300x275.jpg 300w\" sizes=\"(max-width: 378px) 100vw, 378px\" \/><\/a>\n                <\/div>\n                <div class=\"vc_col-sm-6\">\n                    <div class=\"promo-teaser__content-wrapper\">\n                        <div class=\"promo-teaser__content promo-teaser__content--center\"><h3>Divatm\u00e1rk\u00e1k n\u0151k<\/h3><p>Sz\u00e1mos neves \u00e9s min\u0151s\u00e9gi m\u00e1rk\u00e1t tartunk divath\u00e1zainkban. Hogy melyik m\u00e1rk\u00e1t pontosan hol tal\u00e1lhatja meg, megtudhatja, ha az al\u00e1bbi \u00e1ttekint\u0151 list\u00e1ban a kiv\u00e1lasztott m\u00e1rk\u00e1ra kattint!<\/p>\n<a class=\"button button--\" href=\"http:\/\/vangraaf.com\/hu\/markaink\/divatmarkak-nok\/\" target=\"_self\" rel=\"\" style=\"\">Divatm\u00e1rk\u00e1k n\u0151k<\/a><\/div>\n                    <\/div>\n                <\/div>\n            <\/div>\n        <\/div>\n        <div class=\"vg-element promo-teaser promo-teaser--right  promo-teaser--\" style=\"--season-color: #ffffff;\" data-aos=\"fade-up\">\n            <div class=\"vc_row vc_row-flex\">\n                <div class=\"vc_col-sm-6 promo-teaser__image vc_col-sm-push-6\">\n                    <a class=\"\" href=\"http:\/\/vangraaf.com\/hu\/markaink\/divatmarkak-ferfiak\/\" target=\"_self\" rel=\"\" style=\"\"><img loading=\"lazy\" decoding=\"async\" width=\"378\" height=\"346\" src=\"https:\/\/www.vangraaf.com\/hu\/wp-content\/uploads\/sites\/3\/2021\/05\/Marken_HAKA_PromoTeaser_WP.jpg\" class=\"vc_single_image-img\" alt=\"Fiatal f\u00e9rfi sz\u00fcrke inget visel, k\u00f6zeli portr\u00e9felv\u00e9tel vil\u00e1gos h\u00e1tt\u00e9rrel.\" srcset=\"https:\/\/www.vangraaf.com\/hu\/wp-content\/uploads\/sites\/3\/2021\/05\/Marken_HAKA_PromoTeaser_WP.jpg 378w, https:\/\/www.vangraaf.com\/hu\/wp-content\/uploads\/sites\/3\/2021\/05\/Marken_HAKA_PromoTeaser_WP-300x275.jpg 300w\" sizes=\"(max-width: 378px) 100vw, 378px\" \/><\/a>\n                <\/div>\n                <div class=\"vc_col-sm-6 vc_col-sm-pull-6\">\n                    <div class=\"promo-teaser__content-wrapper\">\n                        <div class=\"promo-teaser__content promo-teaser__content--center\"><h3>Divatm\u00e1rk\u00e1k f\u00e9rfiak<\/h3><p>Sz\u00e1mos neves \u00e9s min\u0151s\u00e9gi m\u00e1rk\u00e1t tartunk divath\u00e1zainkban. Hogy melyik m\u00e1rk\u00e1t pontosan hol tal\u00e1lhatja meg, megtudhatja, ha az al\u00e1bbi \u00e1ttekint\u0151 list\u00e1ban a kiv\u00e1lasztott m\u00e1rk\u00e1ra kattint!<\/p>\n<a class=\"button button--\" href=\"http:\/\/vangraaf.com\/hu\/markaink\/divatmarkak-ferfiak\/\" target=\"_self\" rel=\"\" style=\"\">Divatm\u00e1rk\u00e1k f\u00e9rfiak<\/a><\/div>\n                    <\/div>\n                <\/div>\n            <\/div>\n        <\/div>[\/vc_column][\/vc_row]<\/div>","protected":false},"excerpt":{"rendered":"[vc_row full_width=&#8221;stretch_row_content_no_spaces&#8221;][vc_column][vc_row_inner][vc_column_inner offset=&#8221;vc_col-md-offset-0 vc_col-sm-offset-0&#8243;][vc_column_text] N\u00e1lunk k\u00f6zel 200 divatm\u00e1rk\u00e1t tal\u00e1l egy fed\u00e9l alatt. K\u00edv\u00e1ncsi r\u00e1, hogy melyik VAN GRAAF divath\u00e1zban k\u00edn\u00e1ljuk kedvenc m\u00e1rk\u00e1it? Az \u00e1ttekint\u00e9sb\u0151l megtudhatja, hogy melyik m\u00e1rk\u00e1kat tal\u00e1lja meg n\u00e1lunk \u2013 m\u00e9gpedig A-t\u00f3l Z-ig! [\/vc_column_text][\/vc_column_inner][\/vc_row_inner][\/vc_column][\/vc_row][vc_row full_width=&#8221;stretch_row_content_no_spaces&#8221;][vc_column][\/vc_column][\/vc_row][vc_row bwd_show_when_type=&#8221;after&#8221; bwd_show_when_date=&#8221;03\/15\/2021 00:00&#8243; bwd_tbc4vd_show_weekday=&#8221;&#8221; el_class=&#8221;vg-padding&#8221;][vc_column][\/vc_column][\/vc_row]","protected":false},"author":5,"featured_media":0,"parent":0,"menu_order":0,"comment_status":"closed","ping_status":"closed","template":"","meta":{"_acf_changed":false,"inline_featured_image":false,"footnotes":""},"class_list":["post-3937","page","type-page","status-publish","hentry"],"acf":[],"yoast_head":"<!-- This site is optimized with the Yoast SEO plugin v27.2 - https:\/\/yoast.com\/product\/yoast-seo-wordpress\/ -->\n<title>Hatalmas m\u00e1rkav\u00e1laszt\u00e9k | VAN GRAAF Magyarorsz\u00e1g<\/title>\n<meta name=\"description\" content=\"N\u00e1lunk k\u00f6zel 200 divatm\u00e1rk\u00e1t tal\u00e1l egy fed\u00e9l alatt. A VAN GRAAF m\u00e1rkav\u00e1laszt\u00e9ka eg\u00e9szen egyed\u00fcl\u00e1ll\u00f3. Szinte biztos, hogy az \u00d6n kedvenc m\u00e1rk\u00e1j\u00e1t is megtal\u00e1lja n\u00e1lunk!\" \/>\n<meta name=\"robots\" content=\"index, follow, max-snippet:-1, max-image-preview:large, max-video-preview:-1\" \/>\n<link rel=\"canonical\" href=\"https:\/\/www.vangraaf.com\/hu\/markaink\/\" \/>\n<meta property=\"og:locale\" content=\"hu_HU\" \/>\n<meta property=\"og:type\" content=\"article\" \/>\n<meta property=\"og:title\" content=\"Hatalmas m\u00e1rkav\u00e1laszt\u00e9k | VAN GRAAF Magyarorsz\u00e1g\" \/>\n<meta property=\"og:description\" content=\"N\u00e1lunk k\u00f6zel 200 divatm\u00e1rk\u00e1t tal\u00e1l egy fed\u00e9l alatt. A VAN GRAAF m\u00e1rkav\u00e1laszt\u00e9ka eg\u00e9szen egyed\u00fcl\u00e1ll\u00f3. Szinte biztos, hogy az \u00d6n kedvenc m\u00e1rk\u00e1j\u00e1t is megtal\u00e1lja n\u00e1lunk!\" \/>\n<meta property=\"og:url\" content=\"https:\/\/www.vangraaf.com\/hu\/markaink\/\" \/>\n<meta property=\"og:site_name\" content=\"VAN GRAAF Magyarorsz\u00e1g\" \/>\n<meta property=\"article:modified_time\" content=\"2024-09-12T13:59:45+00:00\" \/>\n<meta name=\"twitter:card\" content=\"summary_large_image\" \/>\n<meta name=\"twitter:label1\" content=\"Becs\u00fclt olvas\u00e1si id\u0151\" \/>\n\t<meta name=\"twitter:data1\" content=\"2 perc\" \/>\n<script type=\"application\/ld+json\" class=\"yoast-schema-graph\">{\"@context\":\"https:\/\/schema.org\",\"@graph\":[{\"@type\":\"WebPage\",\"@id\":\"https:\/\/www.vangraaf.com\/hu\/markaink\/\",\"url\":\"https:\/\/www.vangraaf.com\/hu\/markaink\/\",\"name\":\"Hatalmas m\u00e1rkav\u00e1laszt\u00e9k | VAN GRAAF Magyarorsz\u00e1g\",\"isPartOf\":{\"@id\":\"https:\/\/www.vangraaf.com\/hu\/#website\"},\"datePublished\":\"2020-02-10T10:53:45+00:00\",\"dateModified\":\"2024-09-12T13:59:45+00:00\",\"description\":\"N\u00e1lunk k\u00f6zel 200 divatm\u00e1rk\u00e1t tal\u00e1l egy fed\u00e9l alatt. A VAN GRAAF m\u00e1rkav\u00e1laszt\u00e9ka eg\u00e9szen egyed\u00fcl\u00e1ll\u00f3. Szinte biztos, hogy az \u00d6n kedvenc m\u00e1rk\u00e1j\u00e1t is megtal\u00e1lja n\u00e1lunk!\",\"breadcrumb\":{\"@id\":\"https:\/\/www.vangraaf.com\/hu\/markaink\/#breadcrumb\"},\"inLanguage\":\"hu\",\"potentialAction\":[{\"@type\":\"ReadAction\",\"target\":[\"https:\/\/www.vangraaf.com\/hu\/markaink\/\"]}]},{\"@type\":\"BreadcrumbList\",\"@id\":\"https:\/\/www.vangraaf.com\/hu\/markaink\/#breadcrumb\",\"itemListElement\":[{\"@type\":\"ListItem\",\"position\":1,\"name\":\"Home\",\"item\":\"https:\/\/www.vangraaf.com\/hu\/\"},{\"@type\":\"ListItem\",\"position\":2,\"name\":\"Marken\"}]},{\"@type\":\"WebSite\",\"@id\":\"https:\/\/www.vangraaf.com\/hu\/#website\",\"url\":\"https:\/\/www.vangraaf.com\/hu\/\",\"name\":\"VAN GRAAF\",\"description\":\"VAN GRAAF\",\"potentialAction\":[{\"@type\":\"SearchAction\",\"target\":{\"@type\":\"EntryPoint\",\"urlTemplate\":\"https:\/\/www.vangraaf.com\/hu\/?s={search_term_string}\"},\"query-input\":{\"@type\":\"PropertyValueSpecification\",\"valueRequired\":true,\"valueName\":\"search_term_string\"}}],\"inLanguage\":\"hu\"}]}<\/script>\n<!-- \/ Yoast SEO plugin. -->","yoast_head_json":{"title":"Hatalmas m\u00e1rkav\u00e1laszt\u00e9k | VAN GRAAF Magyarorsz\u00e1g","description":"N\u00e1lunk k\u00f6zel 200 divatm\u00e1rk\u00e1t tal\u00e1l egy fed\u00e9l alatt. A VAN GRAAF m\u00e1rkav\u00e1laszt\u00e9ka eg\u00e9szen egyed\u00fcl\u00e1ll\u00f3. Szinte biztos, hogy az \u00d6n kedvenc m\u00e1rk\u00e1j\u00e1t is megtal\u00e1lja n\u00e1lunk!","robots":{"index":"index","follow":"follow","max-snippet":"max-snippet:-1","max-image-preview":"max-image-preview:large","max-video-preview":"max-video-preview:-1"},"canonical":"https:\/\/www.vangraaf.com\/hu\/markaink\/","og_locale":"hu_HU","og_type":"article","og_title":"Hatalmas m\u00e1rkav\u00e1laszt\u00e9k | VAN GRAAF Magyarorsz\u00e1g","og_description":"N\u00e1lunk k\u00f6zel 200 divatm\u00e1rk\u00e1t tal\u00e1l egy fed\u00e9l alatt. A VAN GRAAF m\u00e1rkav\u00e1laszt\u00e9ka eg\u00e9szen egyed\u00fcl\u00e1ll\u00f3. Szinte biztos, hogy az \u00d6n kedvenc m\u00e1rk\u00e1j\u00e1t is megtal\u00e1lja n\u00e1lunk!","og_url":"https:\/\/www.vangraaf.com\/hu\/markaink\/","og_site_name":"VAN GRAAF Magyarorsz\u00e1g","article_modified_time":"2024-09-12T13:59:45+00:00","twitter_card":"summary_large_image","twitter_misc":{"Becs\u00fclt olvas\u00e1si id\u0151":"2 perc"},"schema":{"@context":"https:\/\/schema.org","@graph":[{"@type":"WebPage","@id":"https:\/\/www.vangraaf.com\/hu\/markaink\/","url":"https:\/\/www.vangraaf.com\/hu\/markaink\/","name":"Hatalmas m\u00e1rkav\u00e1laszt\u00e9k | VAN GRAAF Magyarorsz\u00e1g","isPartOf":{"@id":"https:\/\/www.vangraaf.com\/hu\/#website"},"datePublished":"2020-02-10T10:53:45+00:00","dateModified":"2024-09-12T13:59:45+00:00","description":"N\u00e1lunk k\u00f6zel 200 divatm\u00e1rk\u00e1t tal\u00e1l egy fed\u00e9l alatt. A VAN GRAAF m\u00e1rkav\u00e1laszt\u00e9ka eg\u00e9szen egyed\u00fcl\u00e1ll\u00f3. Szinte biztos, hogy az \u00d6n kedvenc m\u00e1rk\u00e1j\u00e1t is megtal\u00e1lja n\u00e1lunk!","breadcrumb":{"@id":"https:\/\/www.vangraaf.com\/hu\/markaink\/#breadcrumb"},"inLanguage":"hu","potentialAction":[{"@type":"ReadAction","target":["https:\/\/www.vangraaf.com\/hu\/markaink\/"]}]},{"@type":"BreadcrumbList","@id":"https:\/\/www.vangraaf.com\/hu\/markaink\/#breadcrumb","itemListElement":[{"@type":"ListItem","position":1,"name":"Home","item":"https:\/\/www.vangraaf.com\/hu\/"},{"@type":"ListItem","position":2,"name":"Marken"}]},{"@type":"WebSite","@id":"https:\/\/www.vangraaf.com\/hu\/#website","url":"https:\/\/www.vangraaf.com\/hu\/","name":"VAN GRAAF","description":"VAN GRAAF","potentialAction":[{"@type":"SearchAction","target":{"@type":"EntryPoint","urlTemplate":"https:\/\/www.vangraaf.com\/hu\/?s={search_term_string}"},"query-input":{"@type":"PropertyValueSpecification","valueRequired":true,"valueName":"search_term_string"}}],"inLanguage":"hu"}]}},"_links":{"self":[{"href":"https:\/\/www.vangraaf.com\/hu\/wp-json\/wp\/v2\/pages\/3937","targetHints":{"allow":["GET"]}}],"collection":[{"href":"https:\/\/www.vangraaf.com\/hu\/wp-json\/wp\/v2\/pages"}],"about":[{"href":"https:\/\/www.vangraaf.com\/hu\/wp-json\/wp\/v2\/types\/page"}],"author":[{"embeddable":true,"href":"https:\/\/www.vangraaf.com\/hu\/wp-json\/wp\/v2\/users\/5"}],"replies":[{"embeddable":true,"href":"https:\/\/www.vangraaf.com\/hu\/wp-json\/wp\/v2\/comments?post=3937"}],"version-history":[{"count":17,"href":"https:\/\/www.vangraaf.com\/hu\/wp-json\/wp\/v2\/pages\/3937\/revisions"}],"predecessor-version":[{"id":12838,"href":"https:\/\/www.vangraaf.com\/hu\/wp-json\/wp\/v2\/pages\/3937\/revisions\/12838"}],"wp:attachment":[{"href":"https:\/\/www.vangraaf.com\/hu\/wp-json\/wp\/v2\/media?parent=3937"}],"curies":[{"name":"wp","href":"https:\/\/api.w.org\/{rel}","templated":true}]}}