{"id":3936,"date":"2020-01-20T14:51:40","date_gmt":"2020-01-20T13:51:40","guid":{"rendered":"http:\/\/van-graaf.test\/ch\/?page_id=2035"},"modified":"2021-03-01T13:45:09","modified_gmt":"2021-03-01T12:45:09","slug":"kapcsolat","status":"publish","type":"page","link":"https:\/\/www.vangraaf.com\/hu\/kapcsolat\/","title":{"rendered":"Kontakt"},"content":{"rendered":"<div class=\"wpb-content-wrapper\">[vc_row full_width=&#8221;stretch_row_content_no_spaces&#8221;][vc_column]<div class=\"keyvisual\" data-aos=\"fade-up\" ><img loading=\"lazy\" decoding=\"async\" width=\"1440\" height=\"480\" src=\"https:\/\/www.vangraaf.com\/hu\/wp-content\/uploads\/sites\/3\/2020\/02\/Impressum_Banner_WP.jpg\" class=\"vc_single_image-img\" alt=\"Egy f\u00e9rfi \u00e9s egy n\u0151 \u00e1llnak egym\u00e1s mellett, modern ruh\u00e1kban, egy minimalista, vil\u00e1gos h\u00e1tt\u00e9r el\u0151tt.\" srcset=\"https:\/\/www.vangraaf.com\/hu\/wp-content\/uploads\/sites\/3\/2020\/02\/Impressum_Banner_WP.jpg 1440w, https:\/\/www.vangraaf.com\/hu\/wp-content\/uploads\/sites\/3\/2020\/02\/Impressum_Banner_WP-300x100.jpg 300w, https:\/\/www.vangraaf.com\/hu\/wp-content\/uploads\/sites\/3\/2020\/02\/Impressum_Banner_WP-1024x341.jpg 1024w, https:\/\/www.vangraaf.com\/hu\/wp-content\/uploads\/sites\/3\/2020\/02\/Impressum_Banner_WP-768x256.jpg 768w, https:\/\/www.vangraaf.com\/hu\/wp-content\/uploads\/sites\/3\/2020\/02\/Impressum_Banner_WP-1200x400.jpg 1200w, https:\/\/www.vangraaf.com\/hu\/wp-content\/uploads\/sites\/3\/2020\/02\/Impressum_Banner_WP-992x331.jpg 992w, https:\/\/www.vangraaf.com\/hu\/wp-content\/uploads\/sites\/3\/2020\/02\/Impressum_Banner_WP-480x160.jpg 480w, https:\/\/www.vangraaf.com\/hu\/wp-content\/uploads\/sites\/3\/2020\/02\/Impressum_Banner_WP-690x230.jpg 690w\" sizes=\"(max-width: 1440px) 100vw, 1440px\" \/><\/div>\n        <div class=\"headlines headlines--center\" data-aos=\"fade-up\">\n            <div class=\"vc_row\">\n                <div class=\"vc_col-md-10 vc_col-md-offset-1 vc_col-lg-10 vc_col-lg-offset-1\"><h1 class=\"h2\">Kapcsolat<\/h1><\/div>\n            <\/div>\n        <\/div>[vc_column_text]\r\n<p style=\"text-align: center\">K\u00f6zvetlen kapcsolat a VAN GRAAF-fal: K\u00e9rj\u00fck, k\u00fcldje el a k\u00e9rd\u00e9s\u00e9t, \u00f6tlet\u00e9t vagy kritik\u00e1j\u00e1t kapcsolatfelv\u00e9teli nyomtatv\u00e1nyunkon.<\/p>\r\n[\/vc_column_text][\/vc_column][\/vc_row][vc_row][vc_column]\n<div class=\"wpcf7 no-js\" id=\"wpcf7-f56-o1\" lang=\"de-DE\" dir=\"ltr\" data-wpcf7-id=\"56\">\n<div class=\"screen-reader-response\"><p role=\"status\" aria-live=\"polite\" aria-atomic=\"true\"><\/p> <ul><\/ul><\/div>\n<form action=\"\/hu\/wp-json\/wp\/v2\/pages\/3936#wpcf7-f56-o1\" method=\"post\" class=\"wpcf7-form init wpcf7-acceptance-as-validation\" aria-label=\"Kontaktformular\" novalidate=\"novalidate\" data-status=\"init\">\n<fieldset class=\"hidden-fields-container\"><input type=\"hidden\" name=\"_wpcf7\" value=\"56\" \/><input type=\"hidden\" name=\"_wpcf7_version\" value=\"6.1.5\" \/><input type=\"hidden\" name=\"_wpcf7_locale\" value=\"de_DE_formal\" \/><input type=\"hidden\" name=\"_wpcf7_unit_tag\" value=\"wpcf7-f56-o1\" \/><input type=\"hidden\" name=\"_wpcf7_container_post\" value=\"0\" \/><input type=\"hidden\" name=\"_wpcf7_posted_data_hash\" value=\"\" \/><input type=\"hidden\" name=\"_cf7a__timestamp\" value=\"5CM86XNhsU2CkAVqrOg1HA==\" \/><input type=\"hidden\" name=\"_cf7a_version\" value=\"1.0\" \/><input type=\"hidden\" name=\"_cf7a_address\" value=\"\" \/><input type=\"hidden\" name=\"_cf7a_referer\" value=\"\" \/><input type=\"hidden\" name=\"_cf7a_protocol\" value=\"\" \/><input type=\"hidden\" name=\"_cf7a_bot_fingerprint\" value=\"5CM86XNhsU2CkAVqrOg1HA==\" \/><input type=\"hidden\" name=\"_cf7a_bot_fingerprint_extras\" \/><input type=\"hidden\" name=\"_cf7a_append_on_submit\" \/>\n<\/fieldset>\n<div class=\"vc_row\">\n<div class=\"vc_col-sm-6\">\n<div class=\"form-element form-element--select\">\n<span class=\"wpcf7-form-control-wrap\" data-name=\"subject\"><select class=\"wpcf7-form-control wpcf7-select wpcf7-validates-as-required\" aria-required=\"true\" aria-invalid=\"false\" name=\"subject\"><option value=\"\">T\u00e1rgy*<\/option><option value=\"Dics\u00e9ret \u00e9s kritika\">Dics\u00e9ret \u00e9s kritika<\/option><option value=\"K\u00e9r\u00e9sek \u00e9s javaslatok\">K\u00e9r\u00e9sek \u00e9s javaslatok<\/option><option value=\"Term\u00e9kv\u00e1laszt\u00e9kunkra vonatkoz\u00f3 k\u00e9rd\u00e9s\">Term\u00e9kv\u00e1laszt\u00e9kunkra vonatkoz\u00f3 k\u00e9rd\u00e9s<\/option><option value=\"Szolg\u00e1ltat\u00e1sainkra vonatkoz\u00f3 k\u00e9rd\u00e9s\">Szolg\u00e1ltat\u00e1sainkra vonatkoz\u00f3 k\u00e9rd\u00e9s<\/option><option value=\"V\u00e1llalatunkra vonatkoz\u00f3 k\u00e9rd\u00e9s\">V\u00e1llalatunkra vonatkoz\u00f3 k\u00e9rd\u00e9s<\/option><option value=\"Honlapunkra vonatkoz\u00f3 k\u00e9rd\u00e9s\">Honlapunkra vonatkoz\u00f3 k\u00e9rd\u00e9s<\/option><option value=\"Vegyes\">Vegyes<\/option><\/select><\/span>\n<\/div>\n<\/div>\n<div class=\"vc_col-sm-6\">\n<div class=\"form-element form-element--select\">\n<span class=\"wpcf7-form-control-wrap\" data-name=\"store\"><select class=\"wpcf7-form-control wpcf7-select wpcf7-validates-as-required\" aria-required=\"true\" aria-invalid=\"false\" name=\"store\"><option value=\"\">C\u00edmzett*<\/option><option value=\"Budapest, Allee\">Budapest, Allee<\/option><option value=\"Budapest, \u00c1rk\u00e1d\">Budapest, \u00c1rk\u00e1d<\/option><\/select><\/span>\n<\/div>\n<\/div>\n<\/div>\n\n<div class=\"vc_row\">\n<div class=\"vc_col-sm-6\">\n<div class=\"form-element form-element--select\">\n<span class=\"wpcf7-form-control-wrap\" data-name=\"salutation\"><select class=\"wpcf7-form-control wpcf7-select wpcf7-validates-as-required\" aria-required=\"true\" aria-invalid=\"false\" name=\"salutation\"><option value=\"\">Megsz\u00f3l\u00edt\u00e1s*<\/option><option value=\"\u00dar\">\u00dar<\/option><option value=\"H\u00f6lgy\">H\u00f6lgy<\/option><\/select><\/span>\n<\/div>\n<\/div>\n<\/div>\n\n<div class=\"vc_row\">\n<div class=\"vc_col-sm-6\">\n<div class=\"form-element form-element--input\">\n<span class=\"wpcf7-form-control-wrap\" data-name=\"firstname\"><input size=\"40\" maxlength=\"400\" class=\"wpcf7-form-control wpcf7-text wpcf7-validates-as-required\" id=\"firstname\" aria-required=\"true\" aria-invalid=\"false\" value=\"\" type=\"text\" name=\"firstname\" \/><\/span> <label for=\"firstname\">Keresztn\u00e9v*<\/label>\n<\/div>\n<\/div>\n<div class=\"vc_col-sm-6\">\n<div class=\"form-element form-element--input\">\n<span class=\"wpcf7-form-control-wrap\" data-name=\"lastname\"><input size=\"40\" maxlength=\"400\" class=\"wpcf7-form-control wpcf7-text wpcf7-validates-as-required\" id=\"lastname\" aria-required=\"true\" aria-invalid=\"false\" value=\"\" type=\"text\" name=\"lastname\" \/><\/span> <label for=\"lastname\">Vezet\u00e9kn\u00e9v*<\/label>\n<\/div>\n<\/div>\n<\/div>\n\n<div class=\"vc_row\">\n<div class=\"vc_col-sm-6\">\n<div class=\"form-element form-element--input\">\n<span class=\"wpcf7-form-control-wrap\" data-name=\"street\"><input size=\"40\" maxlength=\"400\" class=\"wpcf7-form-control wpcf7-text\" id=\"street\" aria-invalid=\"false\" value=\"\" type=\"text\" name=\"street\" \/><\/span> <label for=\"street\">Utca<\/label>\n<\/div>\n<\/div>\n<div class=\"vc_col-sm-6\">\n<div class=\"form-element form-element--input\">\n<span class=\"wpcf7-form-control-wrap\" data-name=\"number\"><input size=\"40\" maxlength=\"400\" class=\"wpcf7-form-control wpcf7-text\" id=\"number\" aria-invalid=\"false\" value=\"\" type=\"text\" name=\"number\" \/><\/span> <label for=\"number\">Sz\u00e1m.<\/label>\n<\/div>\n<\/div>\n<\/div>\n\n<div class=\"vc_row\">\n<div class=\"vc_col-sm-6\">\n<div class=\"form-element form-element--input\">\n<span class=\"wpcf7-form-control-wrap\" data-name=\"zip\"><input size=\"40\" maxlength=\"400\" class=\"wpcf7-form-control wpcf7-text\" id=\"zip\" aria-invalid=\"false\" value=\"\" type=\"text\" name=\"zip\" \/><\/span> <label for=\"zip\">Postai ir\u00e1ny\u00edt\u00f3sz\u00e1m<\/label>\n<\/div>\n<\/div>\n<div class=\"vc_col-sm-6\">\n<div class=\"form-element form-element--input\">\n<span class=\"wpcf7-form-control-wrap\" data-name=\"city\"><input size=\"40\" maxlength=\"400\" class=\"wpcf7-form-control wpcf7-text\" id=\"city\" aria-invalid=\"false\" value=\"\" type=\"text\" name=\"city\" \/><\/span> <label for=\"city\">V\u00e1ros\/k\u00f6zs\u00e9g<\/label>\n<\/div>\n<\/div>\n<\/div>\n\n<div class=\"vc_row\">\n<div class=\"vc_col-sm-6\">\n<div class=\"form-element form-element--input\">\n<span class=\"wpcf7-form-control-wrap\" data-name=\"phone\"><input size=\"40\" maxlength=\"400\" class=\"wpcf7-form-control wpcf7-tel wpcf7-text wpcf7-validates-as-tel\" id=\"phone\" aria-invalid=\"false\" value=\"\" type=\"tel\" name=\"phone\" \/><\/span> <label for=\"phone\">Telefon<\/label>\n<\/div>\n<\/div>\n<div class=\"vc_col-sm-6\">\n<div class=\"form-element form-element--input\">\n<span class=\"wpcf7-form-control-wrap\" data-name=\"email\"><input size=\"40\" maxlength=\"400\" class=\"wpcf7-form-control wpcf7-email wpcf7-validates-as-required wpcf7-text wpcf7-validates-as-email\" id=\"email\" aria-required=\"true\" aria-invalid=\"false\" value=\"\" type=\"email\" name=\"email\" \/><\/span> <label for=\"email\">Email*<\/label>\n<\/div>\n<\/div>\n<\/div>\n\n<div class=\"vc_row\">\n<div class=\"vc_col-sm-12\">\n<div class=\"form-element form-element--textarea\">\n<span class=\"wpcf7-form-control-wrap\" data-name=\"message\"><textarea cols=\"40\" rows=\"10\" maxlength=\"2000\" class=\"wpcf7-form-control wpcf7-textarea wpcf7-validates-as-required\" id=\"message\" aria-required=\"true\" aria-invalid=\"false\" name=\"message\"><\/textarea><\/span> <label for=\"message\">Az \u00d6n \u00fczenete*<\/label>\n<\/div>\n<\/div>\n<\/div>\n\n<div class=\"vc_row\">\n<div class=\"vc_col-sm-12\">\n<div class=\"form-element form-element--checkbox\">\n<span class=\"wpcf7-form-control-wrap\" data-name=\"privacy\"><span class=\"wpcf7-form-control wpcf7-acceptance\"><span class=\"wpcf7-list-item\"><input type=\"checkbox\" name=\"privacy\" value=\"1\" id=\"privacy\" aria-invalid=\"false\" \/><\/span><\/span><\/span> <label for=\"privacy\">Hozz\u00e1j\u00e1rulok ahhoz, hogy a fenti kapcsolatfelv\u00e9teli \u0171rlapon megadott szem\u00e9lyes adataimat a VAN&nbsp;GRAAF Bt. \u00e9s a Peek&amp;Cloppenburg KG feldolgozza annak \u00e9rdek\u00e9ben, hogy k\u00e9rd\u00e9seimre e-mailben, telefonon kereszt\u00fcl \u00e9s\/vagy postai \u00faton v\u00e1laszoljon. Elolvastam az <a href=\"\/hu\/adatvedelmi-es-adatbiztonsagi-policy\/\" target=\"_blank\">Adatv\u00e9delmi nyilatkozatot<\/a> \u00e9s elfogadom az abban foglaltakat. T\u00e1j\u00e9koztatjuk, hogy az itt megadott szem\u00e9lyes adatait (vezet\u00e9kn\u00e9v, keresztn\u00e9v, lakc\u00edm, telefonsz\u00e1m, e-mail c\u00edm) a Peek&amp;Cloppenburg KG t\u00e1rsas\u00e1ggal k\u00f6t\u00f6tt k\u00fcl\u00f6n meg\u00e1llapod\u00e1sok alapj\u00e1n egy N\u00e9metorsz\u00e1gban bejegyzett t\u00e1rsas\u00e1g, az MCS Moorbek Computer Systeme GmbH (sz\u00e9khelye: Essener Bogen 17, 22419 Hamburg, N\u00e9metorsz\u00e1g) adatfeldolgoz\u00f3k\u00e9nt a Peek&amp;Cloppenburg KG webszerver\u00e9n t\u00e1rolja, oly m\u00f3don, hogy azokhoz illet\u00e9ktelen harmadik szem\u00e9lyek nem f\u00e9rhetnek hozz\u00e1. Az adatkezel\u00e9s kiz\u00e1r\u00f3lag arra a c\u00e9lra t\u00f6rt\u00e9nik, amelyre tekintettel \u00d6n megadta azokat, azaz hogy \u00d6nnel kapcsolatba l\u00e9pj\u00fcnk, esetleges panasz\u00e1t feldolgozzuk, \u00e9szrev\u00e9teleire reag\u00e1ljunk. Az \u00d6n \u00e1ltal megadott szem\u00e9lyes adatokat az adatkezel\u0151k a c\u00e9l megval\u00f3sul\u00e1s\u00e1t (megkeres\u00e9se megv\u00e1laszol\u00e1s\u00e1t, esetleges panasza rendez\u00e9s\u00e9t) k\u00f6vet\u0151en halad\u00e9ktalanul t\u00f6rlik az adatb\u00e1zisb\u00f3l.*<\/label>\n<\/div>\n<\/div>\n<\/div>\n\n<div class=\"vc_row\">\n<div class=\"vc_col-sm-12\">\n<small>K\u00e9rj\u00fck, t\u00f6ltse ki az \u00f6sszes csillaggal (*) jel\u00f6lt mez\u0151t.<\/small>\n<\/div>\n<\/div>\n\n<div class=\"wpcf7-response-output\" aria-hidden=\"true\"><\/div>\n\n<div class=\"vc_row\">\n<div class=\"vc_col-sm-12 form__buttons\">\n<button id=\"submit\" type=\"submit\" class=\"wpcf7-form-control wpcf7-submit button\">Elk\u00fcld<\/button>\n<\/div>\n<\/div>\n\n<span id=\"wpcf7-69fb0d74d5916-wrapper\" class=\"wpcf7-form-control-wrap credit-card-wrap\" ><input type=\"hidden\" name=\"credit-card-time-start\" value=\"1778060660\"><input type=\"hidden\" name=\"credit-card-time-check\" value=\"4\"><input id=\"wpcf7-69fb0d74d5916-field\"  class=\"wpcf7-form-control wpcf7-text\" type=\"text\" name=\"credit-card\" value=\"\" size=\"40\" tabindex=\"-1\" autocomplete=\"new-password\" \/><\/span>\n<\/form>\n<\/div>\n[\/vc_column][\/vc_row]<\/div>","protected":false},"excerpt":{"rendered":"[vc_row full_width=&#8221;stretch_row_content_no_spaces&#8221;][vc_column][vc_column_text] K\u00f6zvetlen kapcsolat a VAN GRAAF-fal: K\u00e9rj\u00fck, k\u00fcldje el a k\u00e9rd\u00e9s\u00e9t, \u00f6tlet\u00e9t vagy kritik\u00e1j\u00e1t kapcsolatfelv\u00e9teli nyomtatv\u00e1nyunkon. [\/vc_column_text][\/vc_column][\/vc_row][vc_row][vc_column][\/vc_column][\/vc_row]","protected":false},"author":3,"featured_media":0,"parent":0,"menu_order":0,"comment_status":"closed","ping_status":"closed","template":"","meta":{"_acf_changed":false,"inline_featured_image":false,"footnotes":""},"class_list":["post-3936","page","type-page","status-publish","hentry"],"acf":[],"yoast_head":"<!-- This site is optimized with the Yoast SEO plugin v27.2 - https:\/\/yoast.com\/product\/yoast-seo-wordpress\/ -->\n<title>A VAN GRAAF el\u00e9rhet\u0151s\u00e9gei<\/title>\n<meta name=\"description\" content=\"A VAN GRAAF v\u00e1rja \u00e9rdekl\u0151d\u00e9s\u00e9t, javaslatait vagy kritik\u00e1it.\" \/>\n<meta name=\"robots\" content=\"index, follow, max-snippet:-1, max-image-preview:large, max-video-preview:-1\" \/>\n<link rel=\"canonical\" href=\"https:\/\/www.vangraaf.com\/hu\/kapcsolat\/\" \/>\n<meta property=\"og:locale\" content=\"hu_HU\" \/>\n<meta property=\"og:type\" content=\"article\" \/>\n<meta property=\"og:title\" content=\"A VAN GRAAF el\u00e9rhet\u0151s\u00e9gei\" \/>\n<meta property=\"og:description\" content=\"A VAN GRAAF v\u00e1rja \u00e9rdekl\u0151d\u00e9s\u00e9t, javaslatait vagy kritik\u00e1it.\" \/>\n<meta property=\"og:url\" content=\"https:\/\/www.vangraaf.com\/hu\/kapcsolat\/\" \/>\n<meta property=\"og:site_name\" content=\"VAN GRAAF Magyarorsz\u00e1g\" \/>\n<meta property=\"article:modified_time\" content=\"2021-03-01T12:45:09+00:00\" \/>\n<meta name=\"twitter:card\" content=\"summary_large_image\" \/>\n<script type=\"application\/ld+json\" class=\"yoast-schema-graph\">{\"@context\":\"https:\/\/schema.org\",\"@graph\":[{\"@type\":\"WebPage\",\"@id\":\"https:\/\/www.vangraaf.com\/hu\/kapcsolat\/\",\"url\":\"https:\/\/www.vangraaf.com\/hu\/kapcsolat\/\",\"name\":\"A VAN GRAAF el\u00e9rhet\u0151s\u00e9gei\",\"isPartOf\":{\"@id\":\"https:\/\/www.vangraaf.com\/hu\/#website\"},\"datePublished\":\"2020-01-20T13:51:40+00:00\",\"dateModified\":\"2021-03-01T12:45:09+00:00\",\"description\":\"A VAN GRAAF v\u00e1rja \u00e9rdekl\u0151d\u00e9s\u00e9t, javaslatait vagy kritik\u00e1it.\",\"breadcrumb\":{\"@id\":\"https:\/\/www.vangraaf.com\/hu\/kapcsolat\/#breadcrumb\"},\"inLanguage\":\"hu\",\"potentialAction\":[{\"@type\":\"ReadAction\",\"target\":[\"https:\/\/www.vangraaf.com\/hu\/kapcsolat\/\"]}]},{\"@type\":\"BreadcrumbList\",\"@id\":\"https:\/\/www.vangraaf.com\/hu\/kapcsolat\/#breadcrumb\",\"itemListElement\":[{\"@type\":\"ListItem\",\"position\":1,\"name\":\"Home\",\"item\":\"https:\/\/www.vangraaf.com\/hu\/\"},{\"@type\":\"ListItem\",\"position\":2,\"name\":\"Kontakt\"}]},{\"@type\":\"WebSite\",\"@id\":\"https:\/\/www.vangraaf.com\/hu\/#website\",\"url\":\"https:\/\/www.vangraaf.com\/hu\/\",\"name\":\"VAN GRAAF\",\"description\":\"VAN GRAAF\",\"potentialAction\":[{\"@type\":\"SearchAction\",\"target\":{\"@type\":\"EntryPoint\",\"urlTemplate\":\"https:\/\/www.vangraaf.com\/hu\/?s={search_term_string}\"},\"query-input\":{\"@type\":\"PropertyValueSpecification\",\"valueRequired\":true,\"valueName\":\"search_term_string\"}}],\"inLanguage\":\"hu\"}]}<\/script>\n<!-- \/ Yoast SEO plugin. -->","yoast_head_json":{"title":"A VAN GRAAF el\u00e9rhet\u0151s\u00e9gei","description":"A VAN GRAAF v\u00e1rja \u00e9rdekl\u0151d\u00e9s\u00e9t, javaslatait vagy kritik\u00e1it.","robots":{"index":"index","follow":"follow","max-snippet":"max-snippet:-1","max-image-preview":"max-image-preview:large","max-video-preview":"max-video-preview:-1"},"canonical":"https:\/\/www.vangraaf.com\/hu\/kapcsolat\/","og_locale":"hu_HU","og_type":"article","og_title":"A VAN GRAAF el\u00e9rhet\u0151s\u00e9gei","og_description":"A VAN GRAAF v\u00e1rja \u00e9rdekl\u0151d\u00e9s\u00e9t, javaslatait vagy kritik\u00e1it.","og_url":"https:\/\/www.vangraaf.com\/hu\/kapcsolat\/","og_site_name":"VAN GRAAF Magyarorsz\u00e1g","article_modified_time":"2021-03-01T12:45:09+00:00","twitter_card":"summary_large_image","schema":{"@context":"https:\/\/schema.org","@graph":[{"@type":"WebPage","@id":"https:\/\/www.vangraaf.com\/hu\/kapcsolat\/","url":"https:\/\/www.vangraaf.com\/hu\/kapcsolat\/","name":"A VAN GRAAF el\u00e9rhet\u0151s\u00e9gei","isPartOf":{"@id":"https:\/\/www.vangraaf.com\/hu\/#website"},"datePublished":"2020-01-20T13:51:40+00:00","dateModified":"2021-03-01T12:45:09+00:00","description":"A VAN GRAAF v\u00e1rja \u00e9rdekl\u0151d\u00e9s\u00e9t, javaslatait vagy kritik\u00e1it.","breadcrumb":{"@id":"https:\/\/www.vangraaf.com\/hu\/kapcsolat\/#breadcrumb"},"inLanguage":"hu","potentialAction":[{"@type":"ReadAction","target":["https:\/\/www.vangraaf.com\/hu\/kapcsolat\/"]}]},{"@type":"BreadcrumbList","@id":"https:\/\/www.vangraaf.com\/hu\/kapcsolat\/#breadcrumb","itemListElement":[{"@type":"ListItem","position":1,"name":"Home","item":"https:\/\/www.vangraaf.com\/hu\/"},{"@type":"ListItem","position":2,"name":"Kontakt"}]},{"@type":"WebSite","@id":"https:\/\/www.vangraaf.com\/hu\/#website","url":"https:\/\/www.vangraaf.com\/hu\/","name":"VAN GRAAF","description":"VAN GRAAF","potentialAction":[{"@type":"SearchAction","target":{"@type":"EntryPoint","urlTemplate":"https:\/\/www.vangraaf.com\/hu\/?s={search_term_string}"},"query-input":{"@type":"PropertyValueSpecification","valueRequired":true,"valueName":"search_term_string"}}],"inLanguage":"hu"}]}},"_links":{"self":[{"href":"https:\/\/www.vangraaf.com\/hu\/wp-json\/wp\/v2\/pages\/3936","targetHints":{"allow":["GET"]}}],"collection":[{"href":"https:\/\/www.vangraaf.com\/hu\/wp-json\/wp\/v2\/pages"}],"about":[{"href":"https:\/\/www.vangraaf.com\/hu\/wp-json\/wp\/v2\/types\/page"}],"author":[{"embeddable":true,"href":"https:\/\/www.vangraaf.com\/hu\/wp-json\/wp\/v2\/users\/3"}],"replies":[{"embeddable":true,"href":"https:\/\/www.vangraaf.com\/hu\/wp-json\/wp\/v2\/comments?post=3936"}],"version-history":[{"count":7,"href":"https:\/\/www.vangraaf.com\/hu\/wp-json\/wp\/v2\/pages\/3936\/revisions"}],"predecessor-version":[{"id":5639,"href":"https:\/\/www.vangraaf.com\/hu\/wp-json\/wp\/v2\/pages\/3936\/revisions\/5639"}],"wp:attachment":[{"href":"https:\/\/www.vangraaf.com\/hu\/wp-json\/wp\/v2\/media?parent=3936"}],"curies":[{"name":"wp","href":"https:\/\/api.w.org\/{rel}","templated":true}]}}