{"id":3935,"date":"2020-02-24T10:49:49","date_gmt":"2020-02-24T09:49:49","guid":{"rendered":"http:\/\/van-graaf.test\/ch\/?page_id=2509"},"modified":"2025-07-04T16:51:36","modified_gmt":"2025-07-04T14:51:36","slug":"impresszum","status":"publish","type":"page","link":"https:\/\/www.vangraaf.com\/hu\/impresszum\/","title":{"rendered":"Impressum"},"content":{"rendered":"<div class=\"wpb-content-wrapper\">[vc_row full_width=&#8221;stretch_row_content_no_spaces&#8221;][vc_column]<div class=\"keyvisual\" data-aos=\"fade-up\" ><img loading=\"lazy\" decoding=\"async\" width=\"1440\" height=\"480\" src=\"https:\/\/www.vangraaf.com\/hu\/wp-content\/uploads\/sites\/3\/2020\/02\/Impressum_Banner_WP.jpg\" class=\"vc_single_image-img\" alt=\"Egy f\u00e9rfi \u00e9s egy n\u0151 \u00e1llnak egym\u00e1s mellett, modern ruh\u00e1kban, egy minimalista, vil\u00e1gos h\u00e1tt\u00e9r el\u0151tt.\" srcset=\"https:\/\/www.vangraaf.com\/hu\/wp-content\/uploads\/sites\/3\/2020\/02\/Impressum_Banner_WP.jpg 1440w, https:\/\/www.vangraaf.com\/hu\/wp-content\/uploads\/sites\/3\/2020\/02\/Impressum_Banner_WP-300x100.jpg 300w, https:\/\/www.vangraaf.com\/hu\/wp-content\/uploads\/sites\/3\/2020\/02\/Impressum_Banner_WP-1024x341.jpg 1024w, https:\/\/www.vangraaf.com\/hu\/wp-content\/uploads\/sites\/3\/2020\/02\/Impressum_Banner_WP-768x256.jpg 768w, https:\/\/www.vangraaf.com\/hu\/wp-content\/uploads\/sites\/3\/2020\/02\/Impressum_Banner_WP-1200x400.jpg 1200w, https:\/\/www.vangraaf.com\/hu\/wp-content\/uploads\/sites\/3\/2020\/02\/Impressum_Banner_WP-992x331.jpg 992w, https:\/\/www.vangraaf.com\/hu\/wp-content\/uploads\/sites\/3\/2020\/02\/Impressum_Banner_WP-480x160.jpg 480w, https:\/\/www.vangraaf.com\/hu\/wp-content\/uploads\/sites\/3\/2020\/02\/Impressum_Banner_WP-690x230.jpg 690w\" sizes=\"(max-width: 1440px) 100vw, 1440px\" \/><\/div>\n        <div class=\"headlines headlines--center\" data-aos=\"fade-up\">\n            <div class=\"vc_row\">\n                <div class=\"vc_col-md-10 vc_col-md-offset-1 vc_col-lg-10 vc_col-lg-offset-1\"><h1 class=\"h2\">Impresszum<\/h1><\/div>\n            <\/div>\n        <\/div>[vc_column_text]\r\n<p class=\"headline headline--level-2\"><strong>C\u00edm<\/strong><\/p>\r\nVAN\u00a0GRAAF Bt.\r\nAndr\u00e1ssy \u00fat 121\r\n1062 Budapest\/Hungary\r\nSz\u00e9khely: Budapest\r\nC\u00e9gjegyz\u00e9ksz\u00e1m: 01-06-781193, c\u00e9gjegyz\u00e9ket vezet\u0151 b\u00edr\u00f3s\u00e1g: F\u0151v\u00e1rosi\r\nT\u00f6rv\u00e9nysz\u00e9k C\u00e9gb\u00edr\u00f3s\u00e1ga\r\nAd\u00f3sz\u00e1m: 22576686-2-42\r\n\u00dcgyvezet\u0151 igazgat\u00f3: Verena Czaja, Ludger Wonnemann, Peter Bethmann\r\n\r\ne-mail: <a href=\"mailto:service.budapest@vangraaf.com\">service.budapest@vangraaf.com<\/a>\r\nfax: +36 (1) 8834-101\r\n\r\nValamennyi adat, sz\u00f6vegr\u00e9sz \u00e9s k\u00e9p a VAN\u00a0GRAAF tulajdon\u00e1t k\u00e9pezi. Ezek \u00fczleti c\u00e9l\u00fa felhaszn\u00e1l\u00e1sa tilos.\r\n\r\nA jelen impresszum a <a href=\"https:\/\/www.facebook.com\/VANGRAAF\/\" target=\"_blank\" rel=\"noopener noreferrer\">www.facebook.com\/VANGRAAF<\/a> helyen tal\u00e1lhat\u00f3 Facebook rajong\u00f3i oldalunkra is \u00e9rv\u00e9nyes.\r\n\r\n<span data-teams=\"true\">Technikai v\u00e9grehajt\u00e1s \u00e9s fel\u00fcgyelet a <a href=\"https:\/\/www.pluspol-interactive.de\/\">PLUSPOL interactive<\/a> \u00e1ltal.\u00a0<\/span>[\/vc_column_text][\/vc_column][\/vc_row]<\/div>","protected":false},"excerpt":{"rendered":"[vc_row full_width=&#8221;stretch_row_content_no_spaces&#8221;][vc_column][vc_column_text] C\u00edm VAN\u00a0GRAAF Bt. Andr\u00e1ssy \u00fat 121 1062 Budapest\/Hungary Sz\u00e9khely: Budapest C\u00e9gjegyz\u00e9ksz\u00e1m: 01-06-781193, c\u00e9gjegyz\u00e9ket vezet\u0151 b\u00edr\u00f3s\u00e1g: F\u0151v\u00e1rosi T\u00f6rv\u00e9nysz\u00e9k C\u00e9gb\u00edr\u00f3s\u00e1ga Ad\u00f3sz\u00e1m: 22576686-2-42 \u00dcgyvezet\u0151 igazgat\u00f3: Verena Czaja, Ludger Wonnemann, Peter Bethmann e-mail: service.budapest@vangraaf.com fax: +36 (1) 8834-101 Valamennyi adat, sz\u00f6vegr\u00e9sz \u00e9s k\u00e9p a VAN\u00a0GRAAF tulajdon\u00e1t k\u00e9pezi. Ezek \u00fczleti c\u00e9l\u00fa felhaszn\u00e1l\u00e1sa tilos. A jelen impresszum a www.facebook.com\/VANGRAAF [&hellip;]","protected":false},"author":5,"featured_media":0,"parent":0,"menu_order":0,"comment_status":"closed","ping_status":"closed","template":"","meta":{"_acf_changed":false,"inline_featured_image":false,"footnotes":""},"class_list":["post-3935","page","type-page","status-publish","hentry"],"acf":[],"yoast_head":"<!-- This site is optimized with the Yoast SEO plugin v27.2 - https:\/\/yoast.com\/product\/yoast-seo-wordpress\/ -->\n<title>A VAN GRAAF GmbH &amp; Co. KG impresszuma<\/title>\n<meta name=\"description\" content=\"Itt a VAN GRAAF GmbH &amp; Co. KG c\u00edm\u00e9t, el\u00e9rhet\u0151s\u00e9geit \u00e9s tov\u00e1bbi inform\u00e1ci\u00f3kat tal\u00e1l.\" \/>\n<meta name=\"robots\" content=\"index, follow, max-snippet:-1, max-image-preview:large, max-video-preview:-1\" \/>\n<link rel=\"canonical\" href=\"https:\/\/www.vangraaf.com\/hu\/impresszum\/\" \/>\n<meta property=\"og:locale\" content=\"hu_HU\" \/>\n<meta property=\"og:type\" content=\"article\" \/>\n<meta property=\"og:title\" content=\"A VAN GRAAF GmbH &amp; Co. KG impresszuma\" \/>\n<meta property=\"og:description\" content=\"Itt a VAN GRAAF GmbH &amp; Co. KG c\u00edm\u00e9t, el\u00e9rhet\u0151s\u00e9geit \u00e9s tov\u00e1bbi inform\u00e1ci\u00f3kat tal\u00e1l.\" \/>\n<meta property=\"og:url\" content=\"https:\/\/www.vangraaf.com\/hu\/impresszum\/\" \/>\n<meta property=\"og:site_name\" content=\"VAN GRAAF Magyarorsz\u00e1g\" \/>\n<meta property=\"article:modified_time\" content=\"2025-07-04T14:51:36+00:00\" \/>\n<meta name=\"twitter:card\" content=\"summary_large_image\" \/>\n<meta name=\"twitter:label1\" content=\"Becs\u00fclt olvas\u00e1si id\u0151\" \/>\n\t<meta name=\"twitter:data1\" content=\"1 perc\" \/>\n<script type=\"application\/ld+json\" class=\"yoast-schema-graph\">{\"@context\":\"https:\/\/schema.org\",\"@graph\":[{\"@type\":\"WebPage\",\"@id\":\"https:\/\/www.vangraaf.com\/hu\/impresszum\/\",\"url\":\"https:\/\/www.vangraaf.com\/hu\/impresszum\/\",\"name\":\"A VAN GRAAF GmbH & Co. KG impresszuma\",\"isPartOf\":{\"@id\":\"https:\/\/www.vangraaf.com\/hu\/#website\"},\"datePublished\":\"2020-02-24T09:49:49+00:00\",\"dateModified\":\"2025-07-04T14:51:36+00:00\",\"description\":\"Itt a VAN GRAAF GmbH & Co. KG c\u00edm\u00e9t, el\u00e9rhet\u0151s\u00e9geit \u00e9s tov\u00e1bbi inform\u00e1ci\u00f3kat tal\u00e1l.\",\"breadcrumb\":{\"@id\":\"https:\/\/www.vangraaf.com\/hu\/impresszum\/#breadcrumb\"},\"inLanguage\":\"hu\",\"potentialAction\":[{\"@type\":\"ReadAction\",\"target\":[\"https:\/\/www.vangraaf.com\/hu\/impresszum\/\"]}]},{\"@type\":\"BreadcrumbList\",\"@id\":\"https:\/\/www.vangraaf.com\/hu\/impresszum\/#breadcrumb\",\"itemListElement\":[{\"@type\":\"ListItem\",\"position\":1,\"name\":\"Home\",\"item\":\"https:\/\/www.vangraaf.com\/hu\/\"},{\"@type\":\"ListItem\",\"position\":2,\"name\":\"Impressum\"}]},{\"@type\":\"WebSite\",\"@id\":\"https:\/\/www.vangraaf.com\/hu\/#website\",\"url\":\"https:\/\/www.vangraaf.com\/hu\/\",\"name\":\"VAN GRAAF\",\"description\":\"VAN GRAAF\",\"potentialAction\":[{\"@type\":\"SearchAction\",\"target\":{\"@type\":\"EntryPoint\",\"urlTemplate\":\"https:\/\/www.vangraaf.com\/hu\/?s={search_term_string}\"},\"query-input\":{\"@type\":\"PropertyValueSpecification\",\"valueRequired\":true,\"valueName\":\"search_term_string\"}}],\"inLanguage\":\"hu\"}]}<\/script>\n<!-- \/ Yoast SEO plugin. -->","yoast_head_json":{"title":"A VAN GRAAF GmbH & Co. KG impresszuma","description":"Itt a VAN GRAAF GmbH & Co. KG c\u00edm\u00e9t, el\u00e9rhet\u0151s\u00e9geit \u00e9s tov\u00e1bbi inform\u00e1ci\u00f3kat tal\u00e1l.","robots":{"index":"index","follow":"follow","max-snippet":"max-snippet:-1","max-image-preview":"max-image-preview:large","max-video-preview":"max-video-preview:-1"},"canonical":"https:\/\/www.vangraaf.com\/hu\/impresszum\/","og_locale":"hu_HU","og_type":"article","og_title":"A VAN GRAAF GmbH & Co. KG impresszuma","og_description":"Itt a VAN GRAAF GmbH & Co. KG c\u00edm\u00e9t, el\u00e9rhet\u0151s\u00e9geit \u00e9s tov\u00e1bbi inform\u00e1ci\u00f3kat tal\u00e1l.","og_url":"https:\/\/www.vangraaf.com\/hu\/impresszum\/","og_site_name":"VAN GRAAF Magyarorsz\u00e1g","article_modified_time":"2025-07-04T14:51:36+00:00","twitter_card":"summary_large_image","twitter_misc":{"Becs\u00fclt olvas\u00e1si id\u0151":"1 perc"},"schema":{"@context":"https:\/\/schema.org","@graph":[{"@type":"WebPage","@id":"https:\/\/www.vangraaf.com\/hu\/impresszum\/","url":"https:\/\/www.vangraaf.com\/hu\/impresszum\/","name":"A VAN GRAAF GmbH & Co. KG impresszuma","isPartOf":{"@id":"https:\/\/www.vangraaf.com\/hu\/#website"},"datePublished":"2020-02-24T09:49:49+00:00","dateModified":"2025-07-04T14:51:36+00:00","description":"Itt a VAN GRAAF GmbH & Co. KG c\u00edm\u00e9t, el\u00e9rhet\u0151s\u00e9geit \u00e9s tov\u00e1bbi inform\u00e1ci\u00f3kat tal\u00e1l.","breadcrumb":{"@id":"https:\/\/www.vangraaf.com\/hu\/impresszum\/#breadcrumb"},"inLanguage":"hu","potentialAction":[{"@type":"ReadAction","target":["https:\/\/www.vangraaf.com\/hu\/impresszum\/"]}]},{"@type":"BreadcrumbList","@id":"https:\/\/www.vangraaf.com\/hu\/impresszum\/#breadcrumb","itemListElement":[{"@type":"ListItem","position":1,"name":"Home","item":"https:\/\/www.vangraaf.com\/hu\/"},{"@type":"ListItem","position":2,"name":"Impressum"}]},{"@type":"WebSite","@id":"https:\/\/www.vangraaf.com\/hu\/#website","url":"https:\/\/www.vangraaf.com\/hu\/","name":"VAN GRAAF","description":"VAN GRAAF","potentialAction":[{"@type":"SearchAction","target":{"@type":"EntryPoint","urlTemplate":"https:\/\/www.vangraaf.com\/hu\/?s={search_term_string}"},"query-input":{"@type":"PropertyValueSpecification","valueRequired":true,"valueName":"search_term_string"}}],"inLanguage":"hu"}]}},"_links":{"self":[{"href":"https:\/\/www.vangraaf.com\/hu\/wp-json\/wp\/v2\/pages\/3935","targetHints":{"allow":["GET"]}}],"collection":[{"href":"https:\/\/www.vangraaf.com\/hu\/wp-json\/wp\/v2\/pages"}],"about":[{"href":"https:\/\/www.vangraaf.com\/hu\/wp-json\/wp\/v2\/types\/page"}],"author":[{"embeddable":true,"href":"https:\/\/www.vangraaf.com\/hu\/wp-json\/wp\/v2\/users\/5"}],"replies":[{"embeddable":true,"href":"https:\/\/www.vangraaf.com\/hu\/wp-json\/wp\/v2\/comments?post=3935"}],"version-history":[{"count":11,"href":"https:\/\/www.vangraaf.com\/hu\/wp-json\/wp\/v2\/pages\/3935\/revisions"}],"predecessor-version":[{"id":15071,"href":"https:\/\/www.vangraaf.com\/hu\/wp-json\/wp\/v2\/pages\/3935\/revisions\/15071"}],"wp:attachment":[{"href":"https:\/\/www.vangraaf.com\/hu\/wp-json\/wp\/v2\/media?parent=3935"}],"curies":[{"name":"wp","href":"https:\/\/api.w.org\/{rel}","templated":true}]}}