{"id":3932,"date":"2020-02-07T16:28:43","date_gmt":"2020-02-07T15:28:43","guid":{"rendered":"http:\/\/van-graaf.test\/ch\/?page_id=2149"},"modified":"2023-04-03T09:52:05","modified_gmt":"2023-04-03T07:52:05","slug":"divathazaink","status":"publish","type":"page","link":"https:\/\/www.vangraaf.com\/hu\/divathazaink\/","title":{"rendered":"H\u00e4user"},"content":{"rendered":"<div class=\"wpb-content-wrapper\">[vc_row bwd_show_when_date=&#8221;09\/08\/2021 00:00&#8243; bwd_tbc4vd_show_weekday=&#8221;&#8221; full_width=&#8221;stretch_row_content_no_spaces&#8221;][vc_column]<div class=\"visual-slider js-visual-slider\" data-aos=\"fade-up\"><div class=\"visual-slider__item\" ><div ><div class=\"visual-slider__item__visual\"><img loading=\"lazy\" decoding=\"async\" width=\"1440\" height=\"480\" src=\"https:\/\/www.vangraaf.com\/hu\/wp-content\/uploads\/sites\/3\/2026\/04\/WebsiteBanner_HU_LNS_LYT.jpg\" class=\"attachment-van-graaf-visual size-van-graaf-visual\" alt=\"Egy fiatal p\u00e1r mosolyog, mellett\u00fck &quot;\u00c9jszakai v\u00e1s\u00e1rl\u00e1s 20% mindenre&quot; felirat l\u00e1that\u00f3.\" srcset=\"https:\/\/www.vangraaf.com\/hu\/wp-content\/uploads\/sites\/3\/2026\/04\/WebsiteBanner_HU_LNS_LYT.jpg 1440w, https:\/\/www.vangraaf.com\/hu\/wp-content\/uploads\/sites\/3\/2026\/04\/WebsiteBanner_HU_LNS_LYT-300x100.jpg 300w, https:\/\/www.vangraaf.com\/hu\/wp-content\/uploads\/sites\/3\/2026\/04\/WebsiteBanner_HU_LNS_LYT-1024x341.jpg 1024w, https:\/\/www.vangraaf.com\/hu\/wp-content\/uploads\/sites\/3\/2026\/04\/WebsiteBanner_HU_LNS_LYT-768x256.jpg 768w, https:\/\/www.vangraaf.com\/hu\/wp-content\/uploads\/sites\/3\/2026\/04\/WebsiteBanner_HU_LNS_LYT-1200x400.jpg 1200w, https:\/\/www.vangraaf.com\/hu\/wp-content\/uploads\/sites\/3\/2026\/04\/WebsiteBanner_HU_LNS_LYT-992x331.jpg 992w, https:\/\/www.vangraaf.com\/hu\/wp-content\/uploads\/sites\/3\/2026\/04\/WebsiteBanner_HU_LNS_LYT-480x160.jpg 480w, https:\/\/www.vangraaf.com\/hu\/wp-content\/uploads\/sites\/3\/2026\/04\/WebsiteBanner_HU_LNS_LYT-690x230.jpg 690w\" sizes=\"(max-width: 1440px) 100vw, 1440px\" \/><\/div><\/div><\/div><div class=\"visual-slider__item\" data-visual-href=\"https:\/\/www.vangraaf.com\/hu\/divathazaink\/personal-shopping\/\" data-visual-target=\"_self\"><div ><div class=\"visual-slider__item__visual\"><a class=\"\" href=\"https:\/\/www.vangraaf.com\/hu\/divathazaink\/personal-shopping\/\" target=\"_self\" rel=\"\" style=\"\"><img loading=\"lazy\" decoding=\"async\" width=\"1440\" height=\"480\" src=\"https:\/\/www.vangraaf.com\/hu\/wp-content\/uploads\/sites\/3\/2023\/09\/PersonalShopping_Banner.jpg\" class=\"attachment-van-graaf-visual size-van-graaf-visual\" alt=\"K\u00e9t n\u0151 besz\u00e9l \u00e9s mosolyog egy \u00fczletben, a jobb oldalon &quot;Personal Shopping&quot; felirat.\" srcset=\"https:\/\/www.vangraaf.com\/hu\/wp-content\/uploads\/sites\/3\/2023\/09\/PersonalShopping_Banner.jpg 1440w, https:\/\/www.vangraaf.com\/hu\/wp-content\/uploads\/sites\/3\/2023\/09\/PersonalShopping_Banner-300x100.jpg 300w, https:\/\/www.vangraaf.com\/hu\/wp-content\/uploads\/sites\/3\/2023\/09\/PersonalShopping_Banner-1024x341.jpg 1024w, https:\/\/www.vangraaf.com\/hu\/wp-content\/uploads\/sites\/3\/2023\/09\/PersonalShopping_Banner-768x256.jpg 768w, https:\/\/www.vangraaf.com\/hu\/wp-content\/uploads\/sites\/3\/2023\/09\/PersonalShopping_Banner-1200x400.jpg 1200w, https:\/\/www.vangraaf.com\/hu\/wp-content\/uploads\/sites\/3\/2023\/09\/PersonalShopping_Banner-992x331.jpg 992w, https:\/\/www.vangraaf.com\/hu\/wp-content\/uploads\/sites\/3\/2023\/09\/PersonalShopping_Banner-480x160.jpg 480w, https:\/\/www.vangraaf.com\/hu\/wp-content\/uploads\/sites\/3\/2023\/09\/PersonalShopping_Banner-690x230.jpg 690w\" sizes=\"(max-width: 1440px) 100vw, 1440px\" \/><\/a><\/div><\/div><\/div><div class=\"visual-slider__item\" ><div ><div class=\"visual-slider__item__visual\"><img loading=\"lazy\" decoding=\"async\" width=\"1440\" height=\"480\" src=\"https:\/\/www.vangraaf.com\/hu\/wp-content\/uploads\/sites\/3\/2026\/02\/TTC_Website_Banner_1440x480_HU.jpg\" class=\"attachment-van-graaf-visual size-van-graaf-visual\" alt=\"Egy f\u00e9rfi \u00e9s egy n\u0151 \u00fcnnepi ruh\u00e1ban t\u00e1ncolnak egy feh\u00e9r f\u00fcgg\u00f6ny\u00f6k el\u0151tt, &quot;\u00dcnnepi percek&quot; felirattal.\" srcset=\"https:\/\/www.vangraaf.com\/hu\/wp-content\/uploads\/sites\/3\/2026\/02\/TTC_Website_Banner_1440x480_HU.jpg 1440w, https:\/\/www.vangraaf.com\/hu\/wp-content\/uploads\/sites\/3\/2026\/02\/TTC_Website_Banner_1440x480_HU-300x100.jpg 300w, https:\/\/www.vangraaf.com\/hu\/wp-content\/uploads\/sites\/3\/2026\/02\/TTC_Website_Banner_1440x480_HU-1024x341.jpg 1024w, https:\/\/www.vangraaf.com\/hu\/wp-content\/uploads\/sites\/3\/2026\/02\/TTC_Website_Banner_1440x480_HU-768x256.jpg 768w, https:\/\/www.vangraaf.com\/hu\/wp-content\/uploads\/sites\/3\/2026\/02\/TTC_Website_Banner_1440x480_HU-1200x400.jpg 1200w, https:\/\/www.vangraaf.com\/hu\/wp-content\/uploads\/sites\/3\/2026\/02\/TTC_Website_Banner_1440x480_HU-992x331.jpg 992w, https:\/\/www.vangraaf.com\/hu\/wp-content\/uploads\/sites\/3\/2026\/02\/TTC_Website_Banner_1440x480_HU-480x160.jpg 480w, https:\/\/www.vangraaf.com\/hu\/wp-content\/uploads\/sites\/3\/2026\/02\/TTC_Website_Banner_1440x480_HU-690x230.jpg 690w\" sizes=\"(max-width: 1440px) 100vw, 1440px\" \/><\/div><\/div><\/div><div class=\"visual-slider__item\" data-visual-href=\"https:\/\/www.vangraaf.com\/hu\/friendsclub\/\" data-visual-target=\"_self\"><div ><div class=\"visual-slider__item__visual\"><a class=\"\" href=\"https:\/\/www.vangraaf.com\/hu\/friendsclub\/\" target=\"_self\" rel=\"\" style=\"\"><img loading=\"lazy\" decoding=\"async\" width=\"1440\" height=\"480\" src=\"https:\/\/www.vangraaf.com\/hu\/wp-content\/uploads\/sites\/3\/2026\/03\/1440X480_FC_HU_Banner.jpg\" class=\"attachment-van-graaf-visual size-van-graaf-visual\" alt=\"N\u00e9gy mosolyg\u00f3s fiatal \u00e1ll a term\u00e9szetben, a k\u00e9p mellett &quot;Kedvezm\u00e9nyek kiz\u00e1r\u00f3lag a tagoknak&quot; felirat \u00e9s regisztr\u00e1ci\u00f3s gomb tal\u00e1lhat\u00f3.\" srcset=\"https:\/\/www.vangraaf.com\/hu\/wp-content\/uploads\/sites\/3\/2026\/03\/1440X480_FC_HU_Banner.jpg 1440w, https:\/\/www.vangraaf.com\/hu\/wp-content\/uploads\/sites\/3\/2026\/03\/1440X480_FC_HU_Banner-300x100.jpg 300w, https:\/\/www.vangraaf.com\/hu\/wp-content\/uploads\/sites\/3\/2026\/03\/1440X480_FC_HU_Banner-1024x341.jpg 1024w, https:\/\/www.vangraaf.com\/hu\/wp-content\/uploads\/sites\/3\/2026\/03\/1440X480_FC_HU_Banner-768x256.jpg 768w, https:\/\/www.vangraaf.com\/hu\/wp-content\/uploads\/sites\/3\/2026\/03\/1440X480_FC_HU_Banner-1200x400.jpg 1200w, https:\/\/www.vangraaf.com\/hu\/wp-content\/uploads\/sites\/3\/2026\/03\/1440X480_FC_HU_Banner-992x331.jpg 992w, https:\/\/www.vangraaf.com\/hu\/wp-content\/uploads\/sites\/3\/2026\/03\/1440X480_FC_HU_Banner-480x160.jpg 480w, https:\/\/www.vangraaf.com\/hu\/wp-content\/uploads\/sites\/3\/2026\/03\/1440X480_FC_HU_Banner-690x230.jpg 690w\" sizes=\"(max-width: 1440px) 100vw, 1440px\" \/><\/a><\/div><\/div><\/div><div class=\"visual-slider__item\" ><div ><div class=\"visual-slider__item__visual\"><img loading=\"lazy\" decoding=\"async\" width=\"1440\" height=\"480\" src=\"https:\/\/www.vangraaf.com\/hu\/wp-content\/uploads\/sites\/3\/2026\/03\/1440X480_FC_HU_Banner-1.jpg\" class=\"attachment-van-graaf-visual size-van-graaf-visual\" alt=\"Friends Club aj\u00e1nlat: ak\u00e1r 20% kedvezm\u00e9ny kiz\u00e1r\u00f3lag klubtagoknak a megjel\u00f6lt term\u00e9kekre, 2026.05.31-ig.\" srcset=\"https:\/\/www.vangraaf.com\/hu\/wp-content\/uploads\/sites\/3\/2026\/03\/1440X480_FC_HU_Banner-1.jpg 1440w, https:\/\/www.vangraaf.com\/hu\/wp-content\/uploads\/sites\/3\/2026\/03\/1440X480_FC_HU_Banner-1-300x100.jpg 300w, https:\/\/www.vangraaf.com\/hu\/wp-content\/uploads\/sites\/3\/2026\/03\/1440X480_FC_HU_Banner-1-1024x341.jpg 1024w, https:\/\/www.vangraaf.com\/hu\/wp-content\/uploads\/sites\/3\/2026\/03\/1440X480_FC_HU_Banner-1-768x256.jpg 768w, https:\/\/www.vangraaf.com\/hu\/wp-content\/uploads\/sites\/3\/2026\/03\/1440X480_FC_HU_Banner-1-1200x400.jpg 1200w, https:\/\/www.vangraaf.com\/hu\/wp-content\/uploads\/sites\/3\/2026\/03\/1440X480_FC_HU_Banner-1-992x331.jpg 992w, https:\/\/www.vangraaf.com\/hu\/wp-content\/uploads\/sites\/3\/2026\/03\/1440X480_FC_HU_Banner-1-480x160.jpg 480w, https:\/\/www.vangraaf.com\/hu\/wp-content\/uploads\/sites\/3\/2026\/03\/1440X480_FC_HU_Banner-1-690x230.jpg 690w\" sizes=\"(max-width: 1440px) 100vw, 1440px\" \/><\/div><\/div><\/div><div class=\"visual-slider__item\" ><div ><div class=\"visual-slider__item__visual\"><img loading=\"lazy\" decoding=\"async\" width=\"1440\" height=\"480\" src=\"https:\/\/www.vangraaf.com\/hu\/wp-content\/uploads\/sites\/3\/2026\/04\/MKT-27669-HU-FS26-LYT-Doppelte-Punkte-Website_1440x480-V01.jpg\" class=\"attachment-van-graaf-visual size-van-graaf-visual\" alt=\"Dupla pontok minden v\u00e1s\u00e1rl\u00e1sn\u00e1l 2026. m\u00e1jus 17-ig, plusz regisztr\u00e1ci\u00f3kor 400 pont.\" srcset=\"https:\/\/www.vangraaf.com\/hu\/wp-content\/uploads\/sites\/3\/2026\/04\/MKT-27669-HU-FS26-LYT-Doppelte-Punkte-Website_1440x480-V01.jpg 1440w, https:\/\/www.vangraaf.com\/hu\/wp-content\/uploads\/sites\/3\/2026\/04\/MKT-27669-HU-FS26-LYT-Doppelte-Punkte-Website_1440x480-V01-300x100.jpg 300w, https:\/\/www.vangraaf.com\/hu\/wp-content\/uploads\/sites\/3\/2026\/04\/MKT-27669-HU-FS26-LYT-Doppelte-Punkte-Website_1440x480-V01-1024x341.jpg 1024w, https:\/\/www.vangraaf.com\/hu\/wp-content\/uploads\/sites\/3\/2026\/04\/MKT-27669-HU-FS26-LYT-Doppelte-Punkte-Website_1440x480-V01-768x256.jpg 768w, https:\/\/www.vangraaf.com\/hu\/wp-content\/uploads\/sites\/3\/2026\/04\/MKT-27669-HU-FS26-LYT-Doppelte-Punkte-Website_1440x480-V01-1200x400.jpg 1200w, https:\/\/www.vangraaf.com\/hu\/wp-content\/uploads\/sites\/3\/2026\/04\/MKT-27669-HU-FS26-LYT-Doppelte-Punkte-Website_1440x480-V01-992x331.jpg 992w, https:\/\/www.vangraaf.com\/hu\/wp-content\/uploads\/sites\/3\/2026\/04\/MKT-27669-HU-FS26-LYT-Doppelte-Punkte-Website_1440x480-V01-480x160.jpg 480w, https:\/\/www.vangraaf.com\/hu\/wp-content\/uploads\/sites\/3\/2026\/04\/MKT-27669-HU-FS26-LYT-Doppelte-Punkte-Website_1440x480-V01-690x230.jpg 690w\" sizes=\"(max-width: 1440px) 100vw, 1440px\" \/><\/div><\/div><\/div><\/div>[\/vc_column][\/vc_row][vc_row full_width=&#8221;stretch_row_content_no_spaces&#8221;][vc_column]\n        <div class=\"headlines headlines--center\" data-aos=\"fade-up\">\n            <div class=\"vc_row\">\n                <div class=\"vc_col-md-10 vc_col-md-offset-1 vc_col-lg-10 vc_col-lg-offset-1\"><h1 class=\"h2\">Az \u00e9n VAN GRAAF divath\u00e1zam Budapest<\/h1><\/div>\n            <\/div>\n        <\/div>[vc_column_text]\r\n<p style=\"text-align: center\">A VAN GRAAF cs\u00facsdivatot \u00e9s hatalmas m\u00e1rkav\u00e1laszt\u00e9kot k\u00edn\u00e1l: n\u00e1lunk egy fed\u00e9l alatt tal\u00e1lja a legjobb min\u0151s\u00e9g\u0171 klasszikus ruh\u00e1zatot, a nemzetk\u00f6zi divattervez\u0151k leg\u00fajabb kollekci\u00f3it \u00e9s a fiatal trendm\u00e1rk\u00e1kat.<\/p>\r\n[\/vc_column_text][\/vc_column][\/vc_row][vc_row][vc_column]<div class=\"vice-versa-teaser vice-versa-teaser--dark\" style=\"--season-color: #ededed\" data-aos=\"fade-up\"><div class=\"vice-versa-teaser__inner\">\n                        <div class=\"content_wrap\"><div class=\"vg-element vice-versa-teaser__item vice-versa-teaser__item--left\"><div class=\"vc_row vc_row-flex\"><div class=\"vc_col-xs-12 vc_col-sm-6\"><div class=\"vice-versa-teaser__item__image-wrap\"><a class=\"\" href=\"http:\/\/vangraaf.com\/hu\/divathazaink\/budapest-allee\/\" target=\"_self\" rel=\"\" style=\"\"><img loading=\"lazy\" decoding=\"async\" width=\"544\" height=\"711\" src=\"https:\/\/www.vangraaf.com\/hu\/wp-content\/uploads\/sites\/3\/2021\/01\/ViceVersa_Allee.jpg\" class=\"attachment-van-graaf-vice-versa-teaser size-van-graaf-vice-versa-teaser\" alt=\"\" srcset=\"https:\/\/www.vangraaf.com\/hu\/wp-content\/uploads\/sites\/3\/2021\/01\/ViceVersa_Allee.jpg 544w, https:\/\/www.vangraaf.com\/hu\/wp-content\/uploads\/sites\/3\/2021\/01\/ViceVersa_Allee-230x300.jpg 230w, https:\/\/www.vangraaf.com\/hu\/wp-content\/uploads\/sites\/3\/2021\/01\/ViceVersa_Allee-480x627.jpg 480w\" sizes=\"(max-width: 544px) 100vw, 544px\" \/><\/a><\/div><\/div><div class=\"vice-versa-teaser__item__content-wrap vc_col-xs-12 vc_col-sm-6 vc_col-md-4 vc_col-md-offset-1\"><div class=\"vice-versa-teaser__item__content\"><h3>Budapest, Allee<\/h3><p>Az ALLEE-ban l\u00e9v\u0151 \u00fczlet\u00fcnk sz\u00e9les k\u00edn\u00e1lattal, k\u00e9t emeleten v\u00e1r trendi \u00e9s klasszikus ruh\u00e1kkal n\u0151knek, f\u00e9rfiaknak \u00e9s tiniknek.<\/p><a class=\"button button--dark\" href=\"http:\/\/vangraaf.com\/hu\/divathazaink\/budapest-allee\/\" target=\"_self\" rel=\"\" style=\"\">Budapest, Allee<\/a><\/div><\/div><\/div><\/div><div class=\"vg-element vice-versa-teaser__item vice-versa-teaser__item--right\"><div class=\"vc_row vc_row-flex\"><div class=\"vc_col-xs-12 vc_col-sm-6 vc_col-sm-push-6\"><div class=\"vice-versa-teaser__item__image-wrap\"><a class=\"\" href=\"http:\/\/vangraaf.com\/hu\/divathazaink\/budapest-arkad\/\" target=\"_self\" rel=\"\" style=\"\"><img loading=\"lazy\" decoding=\"async\" width=\"544\" height=\"711\" src=\"https:\/\/www.vangraaf.com\/hu\/wp-content\/uploads\/sites\/3\/2020\/04\/Haus_HU_Budapest_Arkad_4.jpg\" class=\"attachment-van-graaf-vice-versa-teaser size-van-graaf-vice-versa-teaser\" alt=\"\" srcset=\"https:\/\/www.vangraaf.com\/hu\/wp-content\/uploads\/sites\/3\/2020\/04\/Haus_HU_Budapest_Arkad_4.jpg 544w, https:\/\/www.vangraaf.com\/hu\/wp-content\/uploads\/sites\/3\/2020\/04\/Haus_HU_Budapest_Arkad_4-230x300.jpg 230w, https:\/\/www.vangraaf.com\/hu\/wp-content\/uploads\/sites\/3\/2020\/04\/Haus_HU_Budapest_Arkad_4-480x627.jpg 480w\" sizes=\"(max-width: 544px) 100vw, 544px\" \/><\/a><\/div><\/div><div class=\"vice-versa-teaser__item__content-wrap vc_col-xs-12 vc_col-sm-6 vc_col-md-4 vc_col-md-offset-1 vc_col-sm-pull-6\"><div class=\"vice-versa-teaser__item__content\"><h3>Budapest, \u00c1rk\u00e1d<\/h3><p>Az \u00c1rk\u00e1dban l\u00e9v\u0151 \u00fczlet\u00fcnk sz\u00e9les k\u00edn\u00e1lattal, 3500 qm-en v\u00e1r trendi \u00e9s klasszikus ruh\u00e1kkal n\u0151knek, f\u00e9rfiaknak \u00e9s tiniknek.<\/p><a class=\"button button--dark\" href=\"http:\/\/vangraaf.com\/hu\/divathazaink\/budapest-arkad\/\" target=\"_self\" rel=\"\" style=\"\">Budapest, \u00c1rk\u00e1d<\/a><\/div><\/div><\/div><\/div><\/div><\/div><\/div>[\/vc_column][\/vc_row][vc_row][vc_column][\/vc_column][\/vc_row][vc_row][vc_column][\/vc_column][\/vc_row]<\/div>","protected":false},"excerpt":{"rendered":"[vc_row bwd_show_when_date=&#8221;09\/08\/2021 00:00&#8243; bwd_tbc4vd_show_weekday=&#8221;&#8221; full_width=&#8221;stretch_row_content_no_spaces&#8221;][vc_column][\/vc_column][\/vc_row][vc_row full_width=&#8221;stretch_row_content_no_spaces&#8221;][vc_column][vc_column_text] A VAN GRAAF cs\u00facsdivatot \u00e9s hatalmas m\u00e1rkav\u00e1laszt\u00e9kot k\u00edn\u00e1l: n\u00e1lunk egy fed\u00e9l alatt tal\u00e1lja a legjobb min\u0151s\u00e9g\u0171 klasszikus ruh\u00e1zatot, a nemzetk\u00f6zi divattervez\u0151k leg\u00fajabb kollekci\u00f3it \u00e9s a fiatal trendm\u00e1rk\u00e1kat. [\/vc_column_text][\/vc_column][\/vc_row][vc_row][vc_column][\/vc_column][\/vc_row][vc_row][vc_column][\/vc_column][\/vc_row][vc_row][vc_column][\/vc_column][\/vc_row]","protected":false},"author":3,"featured_media":0,"parent":0,"menu_order":0,"comment_status":"closed","ping_status":"closed","template":"","meta":{"_acf_changed":false,"inline_featured_image":false,"footnotes":""},"class_list":["post-3932","page","type-page","status-publish","hentry"],"acf":[],"yoast_head":"<!-- This site is optimized with the Yoast SEO plugin v27.2 - https:\/\/yoast.com\/product\/yoast-seo-wordpress\/ -->\n<title>Divath\u00e1zaink<\/title>\n<meta name=\"description\" content=\"A VAN GRAAF cs\u00facsdivatot \u00e9s hatalmas m\u00e1rkav\u00e1laszt\u00e9kot k\u00edn\u00e1l: N\u00e1lunk egy fed\u00e9l alatt tal\u00e1lja a legjobb min\u0151s\u00e9g\u0171 klasszikus ruh\u00e1zatot, a nemzetk\u00f6zi divattervez\u0151k leg\u00fajabb kollekci\u00f3it \u00e9s a fiatal trend-m\u00e1rk\u00e1kat.\" \/>\n<meta name=\"robots\" content=\"index, follow, max-snippet:-1, max-image-preview:large, max-video-preview:-1\" \/>\n<link rel=\"canonical\" href=\"https:\/\/www.vangraaf.com\/hu\/divathazaink\/\" \/>\n<meta property=\"og:locale\" content=\"hu_HU\" \/>\n<meta property=\"og:type\" content=\"article\" \/>\n<meta property=\"og:title\" content=\"Divath\u00e1zaink\" \/>\n<meta property=\"og:description\" content=\"A VAN GRAAF cs\u00facsdivatot \u00e9s hatalmas m\u00e1rkav\u00e1laszt\u00e9kot k\u00edn\u00e1l: N\u00e1lunk egy fed\u00e9l alatt tal\u00e1lja a legjobb min\u0151s\u00e9g\u0171 klasszikus ruh\u00e1zatot, a nemzetk\u00f6zi divattervez\u0151k leg\u00fajabb kollekci\u00f3it \u00e9s a fiatal trend-m\u00e1rk\u00e1kat.\" \/>\n<meta property=\"og:url\" content=\"https:\/\/www.vangraaf.com\/hu\/divathazaink\/\" \/>\n<meta property=\"og:site_name\" content=\"VAN GRAAF Magyarorsz\u00e1g\" \/>\n<meta property=\"article:modified_time\" content=\"2023-04-03T07:52:05+00:00\" \/>\n<meta name=\"twitter:card\" content=\"summary_large_image\" \/>\n<meta name=\"twitter:label1\" content=\"Becs\u00fclt olvas\u00e1si id\u0151\" \/>\n\t<meta name=\"twitter:data1\" content=\"1 perc\" \/>\n<script type=\"application\/ld+json\" class=\"yoast-schema-graph\">{\"@context\":\"https:\/\/schema.org\",\"@graph\":[{\"@type\":\"WebPage\",\"@id\":\"https:\/\/www.vangraaf.com\/hu\/divathazaink\/\",\"url\":\"https:\/\/www.vangraaf.com\/hu\/divathazaink\/\",\"name\":\"Divath\u00e1zaink\",\"isPartOf\":{\"@id\":\"https:\/\/www.vangraaf.com\/hu\/#website\"},\"datePublished\":\"2020-02-07T15:28:43+00:00\",\"dateModified\":\"2023-04-03T07:52:05+00:00\",\"description\":\"A VAN GRAAF cs\u00facsdivatot \u00e9s hatalmas m\u00e1rkav\u00e1laszt\u00e9kot k\u00edn\u00e1l: N\u00e1lunk egy fed\u00e9l alatt tal\u00e1lja a legjobb min\u0151s\u00e9g\u0171 klasszikus ruh\u00e1zatot, a nemzetk\u00f6zi divattervez\u0151k leg\u00fajabb kollekci\u00f3it \u00e9s a fiatal trend-m\u00e1rk\u00e1kat.\",\"breadcrumb\":{\"@id\":\"https:\/\/www.vangraaf.com\/hu\/divathazaink\/#breadcrumb\"},\"inLanguage\":\"hu\",\"potentialAction\":[{\"@type\":\"ReadAction\",\"target\":[\"https:\/\/www.vangraaf.com\/hu\/divathazaink\/\"]}]},{\"@type\":\"BreadcrumbList\",\"@id\":\"https:\/\/www.vangraaf.com\/hu\/divathazaink\/#breadcrumb\",\"itemListElement\":[{\"@type\":\"ListItem\",\"position\":1,\"name\":\"Home\",\"item\":\"https:\/\/www.vangraaf.com\/hu\/\"},{\"@type\":\"ListItem\",\"position\":2,\"name\":\"H\u00e4user\"}]},{\"@type\":\"WebSite\",\"@id\":\"https:\/\/www.vangraaf.com\/hu\/#website\",\"url\":\"https:\/\/www.vangraaf.com\/hu\/\",\"name\":\"VAN GRAAF\",\"description\":\"VAN GRAAF\",\"potentialAction\":[{\"@type\":\"SearchAction\",\"target\":{\"@type\":\"EntryPoint\",\"urlTemplate\":\"https:\/\/www.vangraaf.com\/hu\/?s={search_term_string}\"},\"query-input\":{\"@type\":\"PropertyValueSpecification\",\"valueRequired\":true,\"valueName\":\"search_term_string\"}}],\"inLanguage\":\"hu\"}]}<\/script>\n<!-- \/ Yoast SEO plugin. -->","yoast_head_json":{"title":"Divath\u00e1zaink","description":"A VAN GRAAF cs\u00facsdivatot \u00e9s hatalmas m\u00e1rkav\u00e1laszt\u00e9kot k\u00edn\u00e1l: N\u00e1lunk egy fed\u00e9l alatt tal\u00e1lja a legjobb min\u0151s\u00e9g\u0171 klasszikus ruh\u00e1zatot, a nemzetk\u00f6zi divattervez\u0151k leg\u00fajabb kollekci\u00f3it \u00e9s a fiatal trend-m\u00e1rk\u00e1kat.","robots":{"index":"index","follow":"follow","max-snippet":"max-snippet:-1","max-image-preview":"max-image-preview:large","max-video-preview":"max-video-preview:-1"},"canonical":"https:\/\/www.vangraaf.com\/hu\/divathazaink\/","og_locale":"hu_HU","og_type":"article","og_title":"Divath\u00e1zaink","og_description":"A VAN GRAAF cs\u00facsdivatot \u00e9s hatalmas m\u00e1rkav\u00e1laszt\u00e9kot k\u00edn\u00e1l: N\u00e1lunk egy fed\u00e9l alatt tal\u00e1lja a legjobb min\u0151s\u00e9g\u0171 klasszikus ruh\u00e1zatot, a nemzetk\u00f6zi divattervez\u0151k leg\u00fajabb kollekci\u00f3it \u00e9s a fiatal trend-m\u00e1rk\u00e1kat.","og_url":"https:\/\/www.vangraaf.com\/hu\/divathazaink\/","og_site_name":"VAN GRAAF Magyarorsz\u00e1g","article_modified_time":"2023-04-03T07:52:05+00:00","twitter_card":"summary_large_image","twitter_misc":{"Becs\u00fclt olvas\u00e1si id\u0151":"1 perc"},"schema":{"@context":"https:\/\/schema.org","@graph":[{"@type":"WebPage","@id":"https:\/\/www.vangraaf.com\/hu\/divathazaink\/","url":"https:\/\/www.vangraaf.com\/hu\/divathazaink\/","name":"Divath\u00e1zaink","isPartOf":{"@id":"https:\/\/www.vangraaf.com\/hu\/#website"},"datePublished":"2020-02-07T15:28:43+00:00","dateModified":"2023-04-03T07:52:05+00:00","description":"A VAN GRAAF cs\u00facsdivatot \u00e9s hatalmas m\u00e1rkav\u00e1laszt\u00e9kot k\u00edn\u00e1l: N\u00e1lunk egy fed\u00e9l alatt tal\u00e1lja a legjobb min\u0151s\u00e9g\u0171 klasszikus ruh\u00e1zatot, a nemzetk\u00f6zi divattervez\u0151k leg\u00fajabb kollekci\u00f3it \u00e9s a fiatal trend-m\u00e1rk\u00e1kat.","breadcrumb":{"@id":"https:\/\/www.vangraaf.com\/hu\/divathazaink\/#breadcrumb"},"inLanguage":"hu","potentialAction":[{"@type":"ReadAction","target":["https:\/\/www.vangraaf.com\/hu\/divathazaink\/"]}]},{"@type":"BreadcrumbList","@id":"https:\/\/www.vangraaf.com\/hu\/divathazaink\/#breadcrumb","itemListElement":[{"@type":"ListItem","position":1,"name":"Home","item":"https:\/\/www.vangraaf.com\/hu\/"},{"@type":"ListItem","position":2,"name":"H\u00e4user"}]},{"@type":"WebSite","@id":"https:\/\/www.vangraaf.com\/hu\/#website","url":"https:\/\/www.vangraaf.com\/hu\/","name":"VAN GRAAF","description":"VAN GRAAF","potentialAction":[{"@type":"SearchAction","target":{"@type":"EntryPoint","urlTemplate":"https:\/\/www.vangraaf.com\/hu\/?s={search_term_string}"},"query-input":{"@type":"PropertyValueSpecification","valueRequired":true,"valueName":"search_term_string"}}],"inLanguage":"hu"}]}},"_links":{"self":[{"href":"https:\/\/www.vangraaf.com\/hu\/wp-json\/wp\/v2\/pages\/3932","targetHints":{"allow":["GET"]}}],"collection":[{"href":"https:\/\/www.vangraaf.com\/hu\/wp-json\/wp\/v2\/pages"}],"about":[{"href":"https:\/\/www.vangraaf.com\/hu\/wp-json\/wp\/v2\/types\/page"}],"author":[{"embeddable":true,"href":"https:\/\/www.vangraaf.com\/hu\/wp-json\/wp\/v2\/users\/3"}],"replies":[{"embeddable":true,"href":"https:\/\/www.vangraaf.com\/hu\/wp-json\/wp\/v2\/comments?post=3932"}],"version-history":[{"count":87,"href":"https:\/\/www.vangraaf.com\/hu\/wp-json\/wp\/v2\/pages\/3932\/revisions"}],"predecessor-version":[{"id":7498,"href":"https:\/\/www.vangraaf.com\/hu\/wp-json\/wp\/v2\/pages\/3932\/revisions\/7498"}],"wp:attachment":[{"href":"https:\/\/www.vangraaf.com\/hu\/wp-json\/wp\/v2\/media?parent=3932"}],"curies":[{"name":"wp","href":"https:\/\/api.w.org\/{rel}","templated":true}]}}