{"id":3920,"date":"2020-02-20T15:55:23","date_gmt":"2020-02-20T14:55:23","guid":{"rendered":"http:\/\/van-graaf.test\/ch\/?page_id=2396"},"modified":"2022-03-10T16:05:27","modified_gmt":"2022-03-10T15:05:27","slug":"trendek","status":"publish","type":"page","link":"https:\/\/www.vangraaf.com\/hu\/tanacsadas-stilus\/trendek\/","title":{"rendered":"Trends"},"content":{"rendered":"<div class=\"wpb-content-wrapper\">[vc_row full_width=&#8221;stretch_row_content_no_spaces&#8221;][vc_column]<div class=\"keyvisual\" data-aos=\"fade-up\" ><img loading=\"lazy\" decoding=\"async\" width=\"1440\" height=\"480\" src=\"https:\/\/www.vangraaf.com\/hu\/wp-content\/uploads\/sites\/3\/2020\/02\/AktuelleTrends_Banner_WP.jpg\" class=\"vc_single_image-img\" alt=\"Egy fiatal f\u00e9rfi \u00e9s egy fiatal n\u0151 \u00e1llnak egym\u00e1s mellett, egy z\u00f6ld csempefal el\u0151tt. A f\u00e9rfinak g\u00f6nd\u00f6r haja van, a n\u0151 narancss\u00e1rga haj\u00fa \u00e9s vil\u00e1gos ruh\u00e1t visel.\" srcset=\"https:\/\/www.vangraaf.com\/hu\/wp-content\/uploads\/sites\/3\/2020\/02\/AktuelleTrends_Banner_WP.jpg 1440w, https:\/\/www.vangraaf.com\/hu\/wp-content\/uploads\/sites\/3\/2020\/02\/AktuelleTrends_Banner_WP-300x100.jpg 300w, https:\/\/www.vangraaf.com\/hu\/wp-content\/uploads\/sites\/3\/2020\/02\/AktuelleTrends_Banner_WP-1024x341.jpg 1024w, https:\/\/www.vangraaf.com\/hu\/wp-content\/uploads\/sites\/3\/2020\/02\/AktuelleTrends_Banner_WP-768x256.jpg 768w, https:\/\/www.vangraaf.com\/hu\/wp-content\/uploads\/sites\/3\/2020\/02\/AktuelleTrends_Banner_WP-1200x400.jpg 1200w, https:\/\/www.vangraaf.com\/hu\/wp-content\/uploads\/sites\/3\/2020\/02\/AktuelleTrends_Banner_WP-992x331.jpg 992w, https:\/\/www.vangraaf.com\/hu\/wp-content\/uploads\/sites\/3\/2020\/02\/AktuelleTrends_Banner_WP-480x160.jpg 480w, https:\/\/www.vangraaf.com\/hu\/wp-content\/uploads\/sites\/3\/2020\/02\/AktuelleTrends_Banner_WP-690x230.jpg 690w\" sizes=\"(max-width: 1440px) 100vw, 1440px\" \/><\/div>\n        <div class=\"headlines headlines--center\" data-aos=\"fade-up\">\n            <div class=\"vc_row\">\n                <div class=\"vc_col-md-10 vc_col-md-offset-1 vc_col-lg-10 vc_col-lg-offset-1\"><span class=\"h6\">Trendek<\/span><h1 class=\"h2\">Bek\u00f6sz\u00f6nt\u00f6tt az \u00faj divatszezon<\/h1><\/div>\n            <\/div>\n        <\/div>[vc_column_text]\r\n<p style=\"text-align: center\">Fedezze fel a vezet\u0151 nemzetk\u00f6zi m\u00e1rk\u00e1k leg\u00fct\u0151sebb trendjeit \u00e9s kollekci\u00f3it \u2013 \u00e9s v\u00e1lassza ki saj\u00e1t szem\u00e9lyes kedvenceit!<\/p>\r\n[\/vc_column_text][\/vc_column][\/vc_row][vc_row bwd_tbc4vd_show_weekday=&#8221;&#8221; disable_element=&#8221;yes&#8221; el_class=&#8221;vg-padding&#8221;][vc_column]\n        <div class=\"vg-element promo-teaser promo-teaser--  promo-teaser--\" style=\"--season-color: #ffffff;\" data-aos=\"fade-up\">\n            <div class=\"vc_row vc_row-flex\">\n                <div class=\"vc_col-sm-6 promo-teaser__image\">\n                    <a class=\"\" href=\"http:\/\/vangraaf.com\/hu\/tanacsadas-stilus\/trendek\/uj-trendek\/\" target=\"_self\" rel=\"\" style=\"\"><img loading=\"lazy\" decoding=\"async\" width=\"599\" height=\"504\" src=\"https:\/\/www.vangraaf.com\/hu\/wp-content\/uploads\/sites\/3\/2020\/02\/Neue_Trends.jpg\" class=\"vc_single_image-img\" alt=\"\" srcset=\"https:\/\/www.vangraaf.com\/hu\/wp-content\/uploads\/sites\/3\/2020\/02\/Neue_Trends.jpg 599w, https:\/\/www.vangraaf.com\/hu\/wp-content\/uploads\/sites\/3\/2020\/02\/Neue_Trends-300x252.jpg 300w, https:\/\/www.vangraaf.com\/hu\/wp-content\/uploads\/sites\/3\/2020\/02\/Neue_Trends-480x404.jpg 480w\" sizes=\"(max-width: 599px) 100vw, 599px\" \/><\/a>\n                <\/div>\n                <div class=\"vc_col-sm-6\">\n                    <div class=\"promo-teaser__content-wrapper\">\n                        <div class=\"promo-teaser__content promo-teaser__content--center\"><h3>Meg\u00e9rkezett az \u00faj divat<\/h3><p>M\u00e1r alig v\u00e1rja az \u00faj ny\u00e1ri divattrendeket? Mi is alig v\u00e1rjuk, hogy bemutassuk kedvenc darabjainkat.<\/p>\n<a class=\"button button--\" href=\"http:\/\/vangraaf.com\/hu\/tanacsadas-stilus\/trendek\/uj-trendek\/\" target=\"_self\" rel=\"\" style=\"\">\u00daj trendek<\/a><\/div>\n                    <\/div>\n                <\/div>\n            <\/div>\n        <\/div>[\/vc_column][\/vc_row]<\/div>","protected":false},"excerpt":{"rendered":"[vc_row full_width=&#8221;stretch_row_content_no_spaces&#8221;][vc_column][vc_column_text] Fedezze fel a vezet\u0151 nemzetk\u00f6zi m\u00e1rk\u00e1k leg\u00fct\u0151sebb trendjeit \u00e9s kollekci\u00f3it \u2013 \u00e9s v\u00e1lassza ki saj\u00e1t szem\u00e9lyes kedvenceit! [\/vc_column_text][\/vc_column][\/vc_row][vc_row bwd_tbc4vd_show_weekday=&#8221;&#8221; disable_element=&#8221;yes&#8221; el_class=&#8221;vg-padding&#8221;][vc_column][\/vc_column][\/vc_row]","protected":false},"author":3,"featured_media":0,"parent":3919,"menu_order":0,"comment_status":"closed","ping_status":"closed","template":"","meta":{"_acf_changed":false,"inline_featured_image":false,"footnotes":""},"class_list":["post-3920","page","type-page","status-publish","hentry"],"acf":[],"yoast_head":"<!-- This site is optimized with the Yoast SEO plugin v27.2 - https:\/\/yoast.com\/product\/yoast-seo-wordpress\/ -->\n<title>Aktu\u00e1lis trendek a VAN GRAAF budapesti \u00fczleteiben<\/title>\n<meta name=\"description\" content=\"Az aktu\u00e1lis divatszezon trendjei \u00e9s t\u00e9m\u00e1i a VAN GRAAF-n\u00e1l.\" \/>\n<meta name=\"robots\" content=\"index, follow, max-snippet:-1, max-image-preview:large, max-video-preview:-1\" \/>\n<link rel=\"canonical\" href=\"https:\/\/www.vangraaf.com\/hu\/tanacsadas-stilus\/trendek\/\" \/>\n<meta property=\"og:locale\" content=\"hu_HU\" \/>\n<meta property=\"og:type\" content=\"article\" \/>\n<meta property=\"og:title\" content=\"Aktu\u00e1lis trendek a VAN GRAAF budapesti \u00fczleteiben\" \/>\n<meta property=\"og:description\" content=\"Az aktu\u00e1lis divatszezon trendjei \u00e9s t\u00e9m\u00e1i a VAN GRAAF-n\u00e1l.\" \/>\n<meta property=\"og:url\" content=\"https:\/\/www.vangraaf.com\/hu\/tanacsadas-stilus\/trendek\/\" \/>\n<meta property=\"og:site_name\" content=\"VAN GRAAF Magyarorsz\u00e1g\" \/>\n<meta property=\"article:modified_time\" content=\"2022-03-10T15:05:27+00:00\" \/>\n<meta name=\"twitter:card\" content=\"summary_large_image\" \/>\n<meta name=\"twitter:label1\" content=\"Becs\u00fclt olvas\u00e1si id\u0151\" \/>\n\t<meta name=\"twitter:data1\" content=\"1 perc\" \/>\n<script type=\"application\/ld+json\" class=\"yoast-schema-graph\">{\"@context\":\"https:\/\/schema.org\",\"@graph\":[{\"@type\":\"WebPage\",\"@id\":\"https:\/\/www.vangraaf.com\/hu\/tanacsadas-stilus\/trendek\/\",\"url\":\"https:\/\/www.vangraaf.com\/hu\/tanacsadas-stilus\/trendek\/\",\"name\":\"Aktu\u00e1lis trendek a VAN GRAAF budapesti \u00fczleteiben\",\"isPartOf\":{\"@id\":\"https:\/\/www.vangraaf.com\/hu\/#website\"},\"datePublished\":\"2020-02-20T14:55:23+00:00\",\"dateModified\":\"2022-03-10T15:05:27+00:00\",\"description\":\"Az aktu\u00e1lis divatszezon trendjei \u00e9s t\u00e9m\u00e1i a VAN GRAAF-n\u00e1l.\",\"breadcrumb\":{\"@id\":\"https:\/\/www.vangraaf.com\/hu\/tanacsadas-stilus\/trendek\/#breadcrumb\"},\"inLanguage\":\"hu\",\"potentialAction\":[{\"@type\":\"ReadAction\",\"target\":[\"https:\/\/www.vangraaf.com\/hu\/tanacsadas-stilus\/trendek\/\"]}]},{\"@type\":\"BreadcrumbList\",\"@id\":\"https:\/\/www.vangraaf.com\/hu\/tanacsadas-stilus\/trendek\/#breadcrumb\",\"itemListElement\":[{\"@type\":\"ListItem\",\"position\":1,\"name\":\"Home\",\"item\":\"https:\/\/www.vangraaf.com\/hu\/\"},{\"@type\":\"ListItem\",\"position\":2,\"name\":\"Beratung und Style\",\"item\":\"https:\/\/www.vangraaf.com\/hu\/tanacsadas-stilus\/\"},{\"@type\":\"ListItem\",\"position\":3,\"name\":\"Trends\"}]},{\"@type\":\"WebSite\",\"@id\":\"https:\/\/www.vangraaf.com\/hu\/#website\",\"url\":\"https:\/\/www.vangraaf.com\/hu\/\",\"name\":\"VAN GRAAF\",\"description\":\"VAN GRAAF\",\"potentialAction\":[{\"@type\":\"SearchAction\",\"target\":{\"@type\":\"EntryPoint\",\"urlTemplate\":\"https:\/\/www.vangraaf.com\/hu\/?s={search_term_string}\"},\"query-input\":{\"@type\":\"PropertyValueSpecification\",\"valueRequired\":true,\"valueName\":\"search_term_string\"}}],\"inLanguage\":\"hu\"}]}<\/script>\n<!-- \/ Yoast SEO plugin. -->","yoast_head_json":{"title":"Aktu\u00e1lis trendek a VAN GRAAF budapesti \u00fczleteiben","description":"Az aktu\u00e1lis divatszezon trendjei \u00e9s t\u00e9m\u00e1i a VAN GRAAF-n\u00e1l.","robots":{"index":"index","follow":"follow","max-snippet":"max-snippet:-1","max-image-preview":"max-image-preview:large","max-video-preview":"max-video-preview:-1"},"canonical":"https:\/\/www.vangraaf.com\/hu\/tanacsadas-stilus\/trendek\/","og_locale":"hu_HU","og_type":"article","og_title":"Aktu\u00e1lis trendek a VAN GRAAF budapesti \u00fczleteiben","og_description":"Az aktu\u00e1lis divatszezon trendjei \u00e9s t\u00e9m\u00e1i a VAN GRAAF-n\u00e1l.","og_url":"https:\/\/www.vangraaf.com\/hu\/tanacsadas-stilus\/trendek\/","og_site_name":"VAN GRAAF Magyarorsz\u00e1g","article_modified_time":"2022-03-10T15:05:27+00:00","twitter_card":"summary_large_image","twitter_misc":{"Becs\u00fclt olvas\u00e1si id\u0151":"1 perc"},"schema":{"@context":"https:\/\/schema.org","@graph":[{"@type":"WebPage","@id":"https:\/\/www.vangraaf.com\/hu\/tanacsadas-stilus\/trendek\/","url":"https:\/\/www.vangraaf.com\/hu\/tanacsadas-stilus\/trendek\/","name":"Aktu\u00e1lis trendek a VAN GRAAF budapesti \u00fczleteiben","isPartOf":{"@id":"https:\/\/www.vangraaf.com\/hu\/#website"},"datePublished":"2020-02-20T14:55:23+00:00","dateModified":"2022-03-10T15:05:27+00:00","description":"Az aktu\u00e1lis divatszezon trendjei \u00e9s t\u00e9m\u00e1i a VAN GRAAF-n\u00e1l.","breadcrumb":{"@id":"https:\/\/www.vangraaf.com\/hu\/tanacsadas-stilus\/trendek\/#breadcrumb"},"inLanguage":"hu","potentialAction":[{"@type":"ReadAction","target":["https:\/\/www.vangraaf.com\/hu\/tanacsadas-stilus\/trendek\/"]}]},{"@type":"BreadcrumbList","@id":"https:\/\/www.vangraaf.com\/hu\/tanacsadas-stilus\/trendek\/#breadcrumb","itemListElement":[{"@type":"ListItem","position":1,"name":"Home","item":"https:\/\/www.vangraaf.com\/hu\/"},{"@type":"ListItem","position":2,"name":"Beratung und Style","item":"https:\/\/www.vangraaf.com\/hu\/tanacsadas-stilus\/"},{"@type":"ListItem","position":3,"name":"Trends"}]},{"@type":"WebSite","@id":"https:\/\/www.vangraaf.com\/hu\/#website","url":"https:\/\/www.vangraaf.com\/hu\/","name":"VAN GRAAF","description":"VAN GRAAF","potentialAction":[{"@type":"SearchAction","target":{"@type":"EntryPoint","urlTemplate":"https:\/\/www.vangraaf.com\/hu\/?s={search_term_string}"},"query-input":{"@type":"PropertyValueSpecification","valueRequired":true,"valueName":"search_term_string"}}],"inLanguage":"hu"}]}},"_links":{"self":[{"href":"https:\/\/www.vangraaf.com\/hu\/wp-json\/wp\/v2\/pages\/3920","targetHints":{"allow":["GET"]}}],"collection":[{"href":"https:\/\/www.vangraaf.com\/hu\/wp-json\/wp\/v2\/pages"}],"about":[{"href":"https:\/\/www.vangraaf.com\/hu\/wp-json\/wp\/v2\/types\/page"}],"author":[{"embeddable":true,"href":"https:\/\/www.vangraaf.com\/hu\/wp-json\/wp\/v2\/users\/3"}],"replies":[{"embeddable":true,"href":"https:\/\/www.vangraaf.com\/hu\/wp-json\/wp\/v2\/comments?post=3920"}],"version-history":[{"count":12,"href":"https:\/\/www.vangraaf.com\/hu\/wp-json\/wp\/v2\/pages\/3920\/revisions"}],"predecessor-version":[{"id":6593,"href":"https:\/\/www.vangraaf.com\/hu\/wp-json\/wp\/v2\/pages\/3920\/revisions\/6593"}],"up":[{"embeddable":true,"href":"https:\/\/www.vangraaf.com\/hu\/wp-json\/wp\/v2\/pages\/3919"}],"wp:attachment":[{"href":"https:\/\/www.vangraaf.com\/hu\/wp-json\/wp\/v2\/media?parent=3920"}],"curies":[{"name":"wp","href":"https:\/\/api.w.org\/{rel}","templated":true}]}}