{"id":6208,"date":"2021-06-29T14:11:06","date_gmt":"2021-06-29T12:11:06","guid":{"rendered":"https:\/\/www.vangraaf.com\/cz\/?page_id=6208"},"modified":"2025-12-15T14:15:23","modified_gmt":"2025-12-15T13:15:23","slug":"architektura","status":"publish","type":"page","link":"https:\/\/www.vangraaf.com\/cz\/firma\/koncern\/architektura\/","title":{"rendered":"Architektura"},"content":{"rendered":"<div class=\"wpb-content-wrapper\">[vc_row][vc_column][vc_column_text][\/vc_column_text][\/vc_column][\/vc_row][vc_row bwd_tbc4vd_show_weekday=&#8220;&#8220; full_width=&#8220;stretch_row_content_no_spaces&#8220;][vc_column]\n        <div class=\"headlines headlines--center\" data-aos=\"fade-up\">\n            <div class=\"vc_row\">\n                <div class=\"vc_col-md-10 vc_col-md-offset-1 vc_col-lg-10 vc_col-lg-offset-1\"><span class=\"h6\">Architektura<\/span><h1 class=\"h2\">V\u00edtejte v p\u0159\u00edjemn\u00e9m prost\u0159ed\u00ed<\/h1><\/div>\n            <\/div>\n        <\/div>[vc_column_text]\r\n<p style=\"text-align: center\">Nab\u00edz\u00edme na\u0161im z\u00e1kaznic\u00edm a z\u00e1kazn\u00edk\u016fm mnoho cest k jedine\u010dn\u00e9mu z\u00e1\u017eitku nakupov\u00e1n\u00ed. Obzvl\u00e1\u0161\u0165 siln\u00fd je speci\u00e1ln\u00ed n\u00e1kupn\u00ed z\u00e1\u017eitek p\u0159\u00edmo na m\u00edst\u011b v na\u0161ich pobo\u010dk\u00e1ch, kde m\u016f\u017eete vn\u00edmat na\u0161i v\u00e1\u0161e\u0148 pro m\u00f3du a lidi v\u0161emi smysly. Prvn\u00ed dojem z\u00edsk\u00e1te u\u017e z d\u00e1lky p\u0159i pohledu na na\u0161e domy, na jejich\u017e \u0159e\u0161en\u00ed klademe velk\u00fd d\u016fraz, stejn\u011b jako na p\u0159ita\u017elivou, stylovou atmosf\u00e9ru uvnit\u0159 prodejn\u00edch prostor. Individu\u00e1ln\u00edmi tipy, inspiruj\u00edc\u00edmi outfitov\u00fdmi n\u00e1pady a osobn\u00edmi slu\u017ebami jsme pro na\u0161e z\u00e1kazn\u00edky pr\u016fvodci na jejich cest\u011b p\u0159i objevov\u00e1n\u00ed nov\u00fdch m\u00f3dn\u00edch p\u0159\u00edle\u017eitost\u00ed, na kter\u00e9 se budou c\u00edtit p\u0159\u00edjemn\u011b.<\/p>\r\n[\/vc_column_text][\/vc_column][\/vc_row][vc_row bwd_tbc4vd_show_weekday=&#8220;&#8220; disable_element=&#8220;yes&#8220; full_width=&#8220;stretch_row_content_no_spaces&#8220;][vc_column]<div class=\"vice-versa-teaser vice-versa-teaser--dark\" style=\"--season-color: #ededed\" data-aos=\"fade-up\"><div class=\"vice-versa-teaser__inner\">\n                        <div class=\"content_wrap\"><div class=\"vg-element vice-versa-teaser__item vice-versa-teaser__item--left\"><div class=\"vc_row vc_row-flex\"><div class=\"vc_col-xs-12 vc_col-sm-6\"><div class=\"vice-versa-teaser__item__image-wrap\"><img loading=\"lazy\" decoding=\"async\" width=\"555\" height=\"735\" src=\"https:\/\/www.vangraaf.com\/cz\/wp-content\/uploads\/sites\/2\/2021\/05\/Unternehmen_Architektur_Prag_aussen_WP.jpg\" class=\"attachment-van-graaf-vice-versa-teaser size-van-graaf-vice-versa-teaser\" alt=\"\" srcset=\"https:\/\/www.vangraaf.com\/cz\/wp-content\/uploads\/sites\/2\/2021\/05\/Unternehmen_Architektur_Prag_aussen_WP.jpg 555w, https:\/\/www.vangraaf.com\/cz\/wp-content\/uploads\/sites\/2\/2021\/05\/Unternehmen_Architektur_Prag_aussen_WP-227x300.jpg 227w, https:\/\/www.vangraaf.com\/cz\/wp-content\/uploads\/sites\/2\/2021\/05\/Unternehmen_Architektur_Prag_aussen_WP-480x636.jpg 480w\" sizes=\"(max-width: 555px) 100vw, 555px\" \/><\/div><\/div><div class=\"vice-versa-teaser__item__content-wrap vc_col-xs-12 vc_col-sm-6 vc_col-md-4 vc_col-md-offset-1\"><div class=\"vice-versa-teaser__item__content\"><p>Na\u0161e domy jsou na\u0161\u00ed vizitkou. Vyu\u017eit\u00edm architektonick\u00fdch z\u00e1sad zakotven\u00fdch ve firemn\u00ed identit\u011b VAN GRAAF se v\u0161echny obchodn\u00ed domy koncernu prezentuj\u00ed v souladu s jednotn\u00fdmi vizu\u00e1ln\u00edmi principy. Po\u010d\u00ednaje charakteristick\u00fdmi fas\u00e1dami, kter\u00e9 pozn\u00e1te u\u017e z d\u00e1lky, a\u017e po opakuj\u00edc\u00ed se interi\u00e9rov\u00e9 programy a stavebn\u00ed prvky uvnit\u0159.<\/p><\/div><\/div><\/div><\/div><div class=\"vg-element vice-versa-teaser__item vice-versa-teaser__item--right\"><div class=\"vc_row vc_row-flex\"><div class=\"vc_col-xs-12 vc_col-sm-6 vc_col-sm-push-6\"><div class=\"vice-versa-teaser__item__image-wrap\"><img loading=\"lazy\" decoding=\"async\" width=\"555\" height=\"735\" src=\"https:\/\/www.vangraaf.com\/cz\/wp-content\/uploads\/sites\/2\/2021\/05\/Unternehmen_Architektur_Prag_WP.jpg\" class=\"attachment-van-graaf-vice-versa-teaser size-van-graaf-vice-versa-teaser\" alt=\"\" srcset=\"https:\/\/www.vangraaf.com\/cz\/wp-content\/uploads\/sites\/2\/2021\/05\/Unternehmen_Architektur_Prag_WP.jpg 555w, https:\/\/www.vangraaf.com\/cz\/wp-content\/uploads\/sites\/2\/2021\/05\/Unternehmen_Architektur_Prag_WP-227x300.jpg 227w, https:\/\/www.vangraaf.com\/cz\/wp-content\/uploads\/sites\/2\/2021\/05\/Unternehmen_Architektur_Prag_WP-480x636.jpg 480w\" sizes=\"(max-width: 555px) 100vw, 555px\" \/><\/div><\/div><div class=\"vice-versa-teaser__item__content-wrap vc_col-xs-12 vc_col-sm-6 vc_col-md-4 vc_col-md-offset-1 vc_col-sm-pull-6\"><div class=\"vice-versa-teaser__item__content\"><p>A\u0165 se jedn\u00e1 o historickou budovu nebo reprezentativn\u00ed n\u00e1kupn\u00ed centrum \u2013 v na\u0161ich obchodech s\u00e1z\u00edme s \u00fasp\u011bchem na vnit\u0159n\u00ed architekturu tvo\u0159enou jasn\u00fdmi, stylov\u00fdmi liniemi a velkorys\u00fdmi prostorov\u00fdmi podm\u00ednkami.<\/p><\/div><\/div><\/div><\/div><\/div><\/div><\/div>[\/vc_column][\/vc_row][vc_row][vc_column][vc_column_text]\r\n<p style=\"text-align: center\"><a class=\"button\" href=\"https:\/\/www.vangraaf.com\/cz\/firma\/fakta\/#stores\">K obchod\u016fm VAN GRAAF<\/a><\/p>\r\n[\/vc_column_text][\/vc_column][\/vc_row][vc_row][vc_column]\n        <div class=\"headlines headlines--center\" data-aos=\"fade-up\">\n            <div class=\"vc_row\">\n                <div class=\"vc_col-md-10 vc_col-md-offset-1 vc_col-lg-10 vc_col-lg-offset-1\"><h2 class=\"h2\">Atraktivn\u00ed vybaven\u00ed<\/h2><\/div>\n            <\/div>\n        <\/div>[vc_column_text]V na\u0161em jasn\u011b strukturovan\u00e9m a inspiruj\u00edc\u00edm sv\u011bt\u011b m\u00f3dy se na\u0161i n\u00e1v\u0161t\u011bvn\u00edci mohou bez probl\u00e9m\u016f orientovat a c\u00edtit se p\u0159\u00edjemn\u011b. Od technick\u00e9ho a stavebn\u00edho vybaven\u00ed a\u017e po za\u0159\u00edzen\u00ed n\u00e1bytkem neponech\u00e1v\u00e1me \u017e\u00e1dn\u00fd detail n\u00e1hod\u011b. Na\u0161i interi\u00e9rov\u00ed specialist\u00e9 vyv\u00edjej\u00ed a \u0159\u00edd\u00ed kompletn\u00ed \u0159e\u0161en\u00ed na\u0161ich prodejn\u00edch prostor. Ve\u0161ker\u00e9 pr\u00e1ce a prvky se vyzna\u010duj\u00ed \u0159emeslnou preciznost\u00ed. Tak\u00e9 volba pou\u017eit\u00fdch materi\u00e1l\u016f podl\u00e9h\u00e1 definovan\u00fdm krit\u00e9ri\u00edm. Kvalitn\u00ed d\u0159ev\u011bn\u00e9 a kamenn\u00e9 podlahy, p\u016fsobiv\u00e9 sv\u011bteln\u00e9 inscenace a vkusn\u00fd n\u00e1bytek vytv\u00e1\u0159ej\u00ed neopakovateln\u00fd dojem z na\u0161ich prodejen a dod\u00e1vaj\u00ed jim kultivovanou, p\u0159ita\u017elivou atmosf\u00e9ru.[\/vc_column_text]\n        <div class=\"headlines headlines--center\" data-aos=\"fade-up\">\n            <div class=\"vc_row\">\n                <div class=\"vc_col-md-10 vc_col-md-offset-1 vc_col-lg-10 vc_col-lg-offset-1\"><h2 class=\"h2\">Inspiruj\u00edc\u00ed prost\u0159ed\u00ed<\/h2><\/div>\n            <\/div>\n        <\/div>[vc_column_text]Uvoln\u011bn\u011b nakupovat, nechat se inspirovat m\u00f3dn\u00edmi n\u00e1pady a naj\u00edt p\u0159esn\u011b to prav\u00e9 \u2013 zda\u0159il\u00fd z\u00e1\u017eitek z n\u00e1kupu pot\u0159ebuje p\u0159\u00edjemn\u00e9 prost\u0159ed\u00ed. O n\u011b se star\u00e1me pohodln\u00fdmi voln\u00fdmi odpo\u010dinkov\u00fdmi z\u00f3nami, kter\u00e9 poskytuj\u00ed m\u00edsto pro pohyb a p\u0159est\u00e1vky, ide\u00e1ln\u00ed teplotou a sv\u011btlem, uspo\u0159\u00e1dan\u00fdmi prezentacemi zbo\u017e\u00ed a vybranou hudbou. O optim\u00e1ln\u00ed inscenov\u00e1n\u00ed m\u00f3dn\u00edch kolekc\u00ed, outfitov\u00fdch n\u00e1pad\u016f a stylingov\u00fdch n\u00e1vrh\u016f se staraj\u00ed na\u0161i profesion\u00e1lov\u00e9: visual merchandising team. Od \u0159e\u0161en\u00ed v\u00fdloh a\u017e po dokonalou prezentaci zbo\u017e\u00ed. V neposledn\u00ed \u0159ad\u011b se osobn\u00ed poradenstv\u00ed v kombinaci s rozs\u00e1hl\u00fdmi slu\u017ebami star\u00e1 o to, aby se nakupov\u00e1n\u00ed u VAN GRAAF stalo z\u00e1\u017eitkem.\r\n\r\n[\/vc_column_text][\/vc_column][\/vc_row][vc_row][vc_column][\/vc_column][\/vc_row]<\/div>","protected":false},"excerpt":{"rendered":"[vc_row][vc_column][vc_column_text][\/vc_column_text][\/vc_column][\/vc_row][vc_row bwd_tbc4vd_show_weekday=&#8220;&#8220; full_width=&#8220;stretch_row_content_no_spaces&#8220;][vc_column][vc_column_text] Nab\u00edz\u00edme na\u0161im z\u00e1kaznic\u00edm a z\u00e1kazn\u00edk\u016fm mnoho cest k jedine\u010dn\u00e9mu z\u00e1\u017eitku nakupov\u00e1n\u00ed. Obzvl\u00e1\u0161\u0165 siln\u00fd je speci\u00e1ln\u00ed n\u00e1kupn\u00ed z\u00e1\u017eitek p\u0159\u00edmo na m\u00edst\u011b v na\u0161ich pobo\u010dk\u00e1ch, kde m\u016f\u017eete vn\u00edmat na\u0161i v\u00e1\u0161e\u0148 pro m\u00f3du a lidi v\u0161emi smysly. Prvn\u00ed dojem z\u00edsk\u00e1te u\u017e z d\u00e1lky p\u0159i pohledu na na\u0161e domy, na jejich\u017e \u0159e\u0161en\u00ed klademe velk\u00fd d\u016fraz, stejn\u011b [&hellip;]","protected":false},"author":6,"featured_media":0,"parent":6202,"menu_order":0,"comment_status":"closed","ping_status":"closed","template":"","meta":{"_acf_changed":false,"inline_featured_image":false,"footnotes":""},"class_list":["post-6208","page","type-page","status-publish","hentry"],"acf":[],"yoast_head":"<!-- This site is optimized with the Yoast SEO plugin v27.2 - https:\/\/yoast.com\/product\/yoast-seo-wordpress\/ -->\n<title>VAN GRAAF Praha - Architektura<\/title>\n<meta name=\"description\" content=\"Nab\u00edz\u00edme na\u0161im z\u00e1kaznic\u00edm a z\u00e1kazn\u00edk\u016fm mnoho cest k jedine\u010dn\u00e9mu z\u00e1\u017eitku nakupov\u00e1n\u00ed.\" \/>\n<meta name=\"robots\" content=\"index, follow, max-snippet:-1, max-image-preview:large, max-video-preview:-1\" \/>\n<link rel=\"canonical\" href=\"https:\/\/www.vangraaf.com\/cz\/firma\/koncern\/architektura\/\" \/>\n<meta property=\"og:locale\" content=\"cs_CZ\" \/>\n<meta property=\"og:type\" content=\"article\" \/>\n<meta property=\"og:title\" content=\"VAN GRAAF Praha - Architektura\" \/>\n<meta property=\"og:description\" content=\"Nab\u00edz\u00edme na\u0161im z\u00e1kaznic\u00edm a z\u00e1kazn\u00edk\u016fm mnoho cest k jedine\u010dn\u00e9mu z\u00e1\u017eitku nakupov\u00e1n\u00ed.\" \/>\n<meta property=\"og:url\" content=\"https:\/\/www.vangraaf.com\/cz\/firma\/koncern\/architektura\/\" \/>\n<meta property=\"og:site_name\" content=\"VAN GRAAF \u010cesk\u00e1 republika\" \/>\n<meta property=\"article:modified_time\" content=\"2025-12-15T13:15:23+00:00\" \/>\n<meta name=\"twitter:card\" content=\"summary_large_image\" \/>\n<meta name=\"twitter:label1\" content=\"Odhadovan\u00e1 doba \u010dten\u00ed\" \/>\n\t<meta name=\"twitter:data1\" content=\"2 minuty\" \/>\n<script type=\"application\/ld+json\" class=\"yoast-schema-graph\">{\"@context\":\"https:\/\/schema.org\",\"@graph\":[{\"@type\":\"WebPage\",\"@id\":\"https:\/\/www.vangraaf.com\/cz\/firma\/koncern\/architektura\/\",\"url\":\"https:\/\/www.vangraaf.com\/cz\/firma\/koncern\/architektura\/\",\"name\":\"VAN GRAAF Praha - Architektura\",\"isPartOf\":{\"@id\":\"https:\/\/www.vangraaf.com\/cz\/#website\"},\"datePublished\":\"2021-06-29T12:11:06+00:00\",\"dateModified\":\"2025-12-15T13:15:23+00:00\",\"description\":\"Nab\u00edz\u00edme na\u0161im z\u00e1kaznic\u00edm a z\u00e1kazn\u00edk\u016fm mnoho cest k jedine\u010dn\u00e9mu z\u00e1\u017eitku nakupov\u00e1n\u00ed.\",\"breadcrumb\":{\"@id\":\"https:\/\/www.vangraaf.com\/cz\/firma\/koncern\/architektura\/#breadcrumb\"},\"inLanguage\":\"cs\",\"potentialAction\":[{\"@type\":\"ReadAction\",\"target\":[\"https:\/\/www.vangraaf.com\/cz\/firma\/koncern\/architektura\/\"]}]},{\"@type\":\"BreadcrumbList\",\"@id\":\"https:\/\/www.vangraaf.com\/cz\/firma\/koncern\/architektura\/#breadcrumb\",\"itemListElement\":[{\"@type\":\"ListItem\",\"position\":1,\"name\":\"Home\",\"item\":\"https:\/\/www.vangraaf.com\/cz\/\"},{\"@type\":\"ListItem\",\"position\":2,\"name\":\"Firma\",\"item\":\"https:\/\/www.vangraaf.com\/cz\/firma\/\"},{\"@type\":\"ListItem\",\"position\":3,\"name\":\"Koncern\",\"item\":\"https:\/\/www.vangraaf.com\/cz\/firma\/koncern\/\"},{\"@type\":\"ListItem\",\"position\":4,\"name\":\"Architektura\"}]},{\"@type\":\"WebSite\",\"@id\":\"https:\/\/www.vangraaf.com\/cz\/#website\",\"url\":\"https:\/\/www.vangraaf.com\/cz\/\",\"name\":\"VAN GRAAF\",\"description\":\"VAN GRAAF\",\"potentialAction\":[{\"@type\":\"SearchAction\",\"target\":{\"@type\":\"EntryPoint\",\"urlTemplate\":\"https:\/\/www.vangraaf.com\/cz\/?s={search_term_string}\"},\"query-input\":{\"@type\":\"PropertyValueSpecification\",\"valueRequired\":true,\"valueName\":\"search_term_string\"}}],\"inLanguage\":\"cs\"}]}<\/script>\n<!-- \/ Yoast SEO plugin. -->","yoast_head_json":{"title":"VAN GRAAF Praha - Architektura","description":"Nab\u00edz\u00edme na\u0161im z\u00e1kaznic\u00edm a z\u00e1kazn\u00edk\u016fm mnoho cest k jedine\u010dn\u00e9mu z\u00e1\u017eitku nakupov\u00e1n\u00ed.","robots":{"index":"index","follow":"follow","max-snippet":"max-snippet:-1","max-image-preview":"max-image-preview:large","max-video-preview":"max-video-preview:-1"},"canonical":"https:\/\/www.vangraaf.com\/cz\/firma\/koncern\/architektura\/","og_locale":"cs_CZ","og_type":"article","og_title":"VAN GRAAF Praha - Architektura","og_description":"Nab\u00edz\u00edme na\u0161im z\u00e1kaznic\u00edm a z\u00e1kazn\u00edk\u016fm mnoho cest k jedine\u010dn\u00e9mu z\u00e1\u017eitku nakupov\u00e1n\u00ed.","og_url":"https:\/\/www.vangraaf.com\/cz\/firma\/koncern\/architektura\/","og_site_name":"VAN GRAAF \u010cesk\u00e1 republika","article_modified_time":"2025-12-15T13:15:23+00:00","twitter_card":"summary_large_image","twitter_misc":{"Odhadovan\u00e1 doba \u010dten\u00ed":"2 minuty"},"schema":{"@context":"https:\/\/schema.org","@graph":[{"@type":"WebPage","@id":"https:\/\/www.vangraaf.com\/cz\/firma\/koncern\/architektura\/","url":"https:\/\/www.vangraaf.com\/cz\/firma\/koncern\/architektura\/","name":"VAN GRAAF Praha - Architektura","isPartOf":{"@id":"https:\/\/www.vangraaf.com\/cz\/#website"},"datePublished":"2021-06-29T12:11:06+00:00","dateModified":"2025-12-15T13:15:23+00:00","description":"Nab\u00edz\u00edme na\u0161im z\u00e1kaznic\u00edm a z\u00e1kazn\u00edk\u016fm mnoho cest k jedine\u010dn\u00e9mu z\u00e1\u017eitku nakupov\u00e1n\u00ed.","breadcrumb":{"@id":"https:\/\/www.vangraaf.com\/cz\/firma\/koncern\/architektura\/#breadcrumb"},"inLanguage":"cs","potentialAction":[{"@type":"ReadAction","target":["https:\/\/www.vangraaf.com\/cz\/firma\/koncern\/architektura\/"]}]},{"@type":"BreadcrumbList","@id":"https:\/\/www.vangraaf.com\/cz\/firma\/koncern\/architektura\/#breadcrumb","itemListElement":[{"@type":"ListItem","position":1,"name":"Home","item":"https:\/\/www.vangraaf.com\/cz\/"},{"@type":"ListItem","position":2,"name":"Firma","item":"https:\/\/www.vangraaf.com\/cz\/firma\/"},{"@type":"ListItem","position":3,"name":"Koncern","item":"https:\/\/www.vangraaf.com\/cz\/firma\/koncern\/"},{"@type":"ListItem","position":4,"name":"Architektura"}]},{"@type":"WebSite","@id":"https:\/\/www.vangraaf.com\/cz\/#website","url":"https:\/\/www.vangraaf.com\/cz\/","name":"VAN GRAAF","description":"VAN GRAAF","potentialAction":[{"@type":"SearchAction","target":{"@type":"EntryPoint","urlTemplate":"https:\/\/www.vangraaf.com\/cz\/?s={search_term_string}"},"query-input":{"@type":"PropertyValueSpecification","valueRequired":true,"valueName":"search_term_string"}}],"inLanguage":"cs"}]}},"_links":{"self":[{"href":"https:\/\/www.vangraaf.com\/cz\/wp-json\/wp\/v2\/pages\/6208","targetHints":{"allow":["GET"]}}],"collection":[{"href":"https:\/\/www.vangraaf.com\/cz\/wp-json\/wp\/v2\/pages"}],"about":[{"href":"https:\/\/www.vangraaf.com\/cz\/wp-json\/wp\/v2\/types\/page"}],"author":[{"embeddable":true,"href":"https:\/\/www.vangraaf.com\/cz\/wp-json\/wp\/v2\/users\/6"}],"replies":[{"embeddable":true,"href":"https:\/\/www.vangraaf.com\/cz\/wp-json\/wp\/v2\/comments?post=6208"}],"version-history":[{"count":6,"href":"https:\/\/www.vangraaf.com\/cz\/wp-json\/wp\/v2\/pages\/6208\/revisions"}],"predecessor-version":[{"id":20885,"href":"https:\/\/www.vangraaf.com\/cz\/wp-json\/wp\/v2\/pages\/6208\/revisions\/20885"}],"up":[{"embeddable":true,"href":"https:\/\/www.vangraaf.com\/cz\/wp-json\/wp\/v2\/pages\/6202"}],"wp:attachment":[{"href":"https:\/\/www.vangraaf.com\/cz\/wp-json\/wp\/v2\/media?parent=6208"}],"curies":[{"name":"wp","href":"https:\/\/api.w.org\/{rel}","templated":true}]}}