{"id":6202,"date":"2021-06-29T14:09:42","date_gmt":"2021-06-29T12:09:42","guid":{"rendered":"https:\/\/www.vangraaf.com\/cz\/?page_id=6202"},"modified":"2025-12-15T14:46:59","modified_gmt":"2025-12-15T13:46:59","slug":"koncern","status":"publish","type":"page","link":"https:\/\/www.vangraaf.com\/cz\/firma\/koncern\/","title":{"rendered":"Koncern"},"content":{"rendered":"<div class=\"wpb-content-wrapper\">[vc_row bwd_tbc4vd_show_weekday=&#8220;&#8220; full_width=&#8220;stretch_row_content_no_spaces&#8220;][vc_column]<div class=\"keyvisual\" data-aos=\"fade-up\" ><img loading=\"lazy\" decoding=\"async\" width=\"1440\" height=\"480\" src=\"https:\/\/www.vangraaf.com\/cz\/wp-content\/uploads\/sites\/2\/2021\/05\/Unternehmen_Unternehmensgruppe_VG_Banner_WP.jpg\" class=\"vc_single_image-img\" alt=\"\" srcset=\"https:\/\/www.vangraaf.com\/cz\/wp-content\/uploads\/sites\/2\/2021\/05\/Unternehmen_Unternehmensgruppe_VG_Banner_WP.jpg 1440w, https:\/\/www.vangraaf.com\/cz\/wp-content\/uploads\/sites\/2\/2021\/05\/Unternehmen_Unternehmensgruppe_VG_Banner_WP-300x100.jpg 300w, https:\/\/www.vangraaf.com\/cz\/wp-content\/uploads\/sites\/2\/2021\/05\/Unternehmen_Unternehmensgruppe_VG_Banner_WP-1024x341.jpg 1024w, https:\/\/www.vangraaf.com\/cz\/wp-content\/uploads\/sites\/2\/2021\/05\/Unternehmen_Unternehmensgruppe_VG_Banner_WP-768x256.jpg 768w, https:\/\/www.vangraaf.com\/cz\/wp-content\/uploads\/sites\/2\/2021\/05\/Unternehmen_Unternehmensgruppe_VG_Banner_WP-1200x400.jpg 1200w, https:\/\/www.vangraaf.com\/cz\/wp-content\/uploads\/sites\/2\/2021\/05\/Unternehmen_Unternehmensgruppe_VG_Banner_WP-992x331.jpg 992w, https:\/\/www.vangraaf.com\/cz\/wp-content\/uploads\/sites\/2\/2021\/05\/Unternehmen_Unternehmensgruppe_VG_Banner_WP-480x160.jpg 480w\" sizes=\"(max-width: 1440px) 100vw, 1440px\" \/><\/div>\n        <div class=\"headlines headlines--center\" data-aos=\"fade-up\">\n            <div class=\"vc_row\">\n                <div class=\"vc_col-md-10 vc_col-md-offset-1 vc_col-lg-10 vc_col-lg-offset-1\"><span class=\"h6\">VAN GRAAF<\/span><h1 class=\"h2\">Koncern<\/h1><\/div>\n            <\/div>\n        <\/div>[vc_column_text]\r\n<p style=\"text-align: center\">VAN GRAAF je jednou z p\u0159edn\u00edch m\u00f3dn\u00edch spole\u010dnost\u00ed v Evrop\u011b, zn\u00e1mou pro svou vynikaj\u00edc\u00ed kompetenci a styl. Od kvalitn\u00edch od\u011bv\u016f pro ka\u017edodenn\u00ed no\u0161en\u00ed p\u0159es design\u00e9rsk\u00e9 kolekce a\u017e po mlad\u00e9 trendov\u00e9 zna\u010dky \u2013 jako specialista na m\u00f3dn\u00ed zna\u010dky nab\u00edz\u00ed VAN GRAAF kvalitu, pestrost a m\u00f3dn\u00ed know-how z jedn\u00e9 ruky.<\/p>\r\n[\/vc_column_text][\/vc_column][\/vc_row][vc_row][vc_column]\n        <div class=\"headlines headlines--center\" data-aos=\"fade-up\">\n            <div class=\"vc_row\">\n                <div class=\"vc_col-md-10 vc_col-md-offset-1 vc_col-lg-10 vc_col-lg-offset-1\"><span class=\"h6\">VAN GRAAF<\/span><h2 class=\"h2\">V Evrop\u011b doma<\/h2><\/div>\n            <\/div>\n        <\/div>[vc_column_text]Pod z\u00e1\u0161titou spole\u010dnosti Peek&amp;Cloppenburg KG Hamburg se v roce 2001 otev\u00edr\u00e1 prvn\u00ed prodejna VAN GRAAF v polsk\u00e9 Vratislavi. VAN GRAAF se vyzna\u010duje silnou flexibilitou a citlivost\u00ed pro tr\u017en\u00ed podm\u00ednky v Evrop\u011b. B\u011bhem n\u011bkolika let se spole\u010dnosti VAN GRAAF da\u0159\u00ed etablovat se \u00fasp\u011b\u0161n\u011b v \u0159ad\u011b metropol\u00ed Evropy. Se sou\u010dasn\u00fdmi 13 prodejnami je spole\u010dnost zastoupena v Polsku, \u0160v\u00fdcarsku, Ma\u010farsku a Loty\u0161sku. Hlavn\u00ed s\u00eddlo spole\u010dnosti VAN GRAAF GmbH &amp; Co KG je ve V\u00eddni (Rakousko).\r\n\r\nJako v\u00fdkonn\u00fd omnikan\u00e1lov\u00fd obchodn\u00edk je koncern \u00fasp\u011b\u0161n\u011b zastoupen se sv\u00fdm online obchodem VANGRAAF.COM v N\u011bmecku a Polsku.\r\n<p style=\"text-align: left\">VAN GRAAF je jednou z nejsiln\u011bj\u0161\u00edch m\u00f3dn\u00edch spole\u010dnost\u00ed nab\u00edzej\u00edc\u00edch od\u011bvy pro ka\u017edodenn\u00ed no\u0161en\u00ed \u2013 tzv. basics a\u017e po mezin\u00e1rodn\u00ed lifestylov\u00e9 zna\u010dky pro d\u00e1my i p\u00e1ny.<\/p>\r\n[\/vc_column_text][\/vc_column][\/vc_row][vc_row bwd_tbc4vd_show_weekday=&#8220;&#8220; disable_element=&#8220;yes&#8220; full_width=&#8220;stretch_row_content_no_spaces&#8220;][vc_column]\n        <div class=\"headlines headlines--center\" data-aos=\"fade-up\">\n            <div class=\"vc_row\">\n                <div class=\"vc_col-md-10 vc_col-md-offset-1 vc_col-lg-10 vc_col-lg-offset-1\"><h2 class=\"h2\">Vlajkov\u00e1 lo\u010f v Praze<\/h2><\/div>\n            <\/div>\n        <\/div>[vc_row_inner][vc_column_inner]\n            <div class=\"vg-element topic-slider topic-slider--left topic-slider--dark\" style=\"--season-color-1: #ededed; --season-color-2: #002045\" data-aos=\"fade-up\">\n                <div class=\"topic-slider__inner\">\n                    <div class=\"content_wrap\">\n                        <div class=\"vc_row\">\n                            <div class=\"vc_col-md-12 vc_col-lg-10 vc_col-lg-offset-1\">\n                                <div class=\"vc_row\">\n                                    <div class=\"vc_col-sm-6\"><div class=\"topic-slider__image-wrap\"><div class=\"topic-slider__slider-wrap\"><div class=\"js-topic-slider\"><div class=\"topic-slider__slider__item\"><img loading=\"lazy\" decoding=\"async\" width=\"402\" height=\"535\" src=\"https:\/\/www.vangraaf.com\/cz\/wp-content\/uploads\/sites\/2\/2021\/05\/Unternehmen_Unternehmensgruppe_Prag_WP.jpg\" class=\"vc_single_image-img attachment-full\" alt=\"\" title=\"Unternehmen_Unternehmensgruppe_Prag_WP\" srcset=\"https:\/\/www.vangraaf.com\/cz\/wp-content\/uploads\/sites\/2\/2021\/05\/Unternehmen_Unternehmensgruppe_Prag_WP.jpg 402w, https:\/\/www.vangraaf.com\/cz\/wp-content\/uploads\/sites\/2\/2021\/05\/Unternehmen_Unternehmensgruppe_Prag_WP-225x300.jpg 225w\" sizes=\"(max-width: 402px) 100vw, 402px\" \/><\/div><\/div><\/div><\/div><\/div><div class=\"vc_col-sm-6 vc_col-md-5 vc_col-md-offset-1\"><div class=\"topic-slider__content\"><p>V historick\u00e9m obchodn\u00edm dom\u011b na V\u00e1clavsk\u00e9m n\u00e1m\u011bst\u00ed, st\u0159edobodu Prahy, p\u0159ij\u00edm\u00e1 prodejna VAN GRAAF sv\u00e9 z\u00e1kaznice a z\u00e1kazn\u00edky.<\/p>\n<ul>\n<li>centr\u00e1ln\u00ed poloha v n\u00e1kupn\u00edm srdci Prahy<\/li>\n<li>fascinuj\u00edc\u00ed sv\u011bt m\u00f3dy na 5 podla\u017e\u00edch s\u00a010 000 m\u00b2<\/li>\n<li>jedine\u010dn\u00e1 pestrost a\u017e 200 mezin\u00e1rodn\u00edch m\u00f3dn\u00edch zna\u010dek<\/li>\n<\/ul>\n<\/div><\/div>\n                                <\/div>\n                            <\/div>\n                        <\/div>\n                    <\/div>\n                <\/div>\n            <\/div>[\/vc_column_inner][\/vc_row_inner][\/vc_column][\/vc_row][vc_row bwd_tbc4vd_show_weekday=&#8220;&#8220; full_width=&#8220;stretch_row_content_no_spaces&#8220;][vc_column]\n        <div class=\"headlines headlines--center\" data-aos=\"fade-up\">\n            <div class=\"vc_row\">\n                <div class=\"vc_col-md-10 vc_col-md-offset-1 vc_col-lg-10 vc_col-lg-offset-1\"><h2 class=\"h2\">Online obchod VANGRAAF.COM<\/h2><\/div>\n            <\/div>\n        <\/div>[vc_column_text]VAN GRAAF existuje od roku 2012 v N\u011bmecku v podob\u011b online obchodu pro m\u00f3du a \u017eivotn\u00ed styl pod n\u00e1zvem VANGRAAF.COM. Od roku 2016 je VANGRAAF.COM zastoupen i na polsk\u00e9m trhu a spojuje stacion\u00e1rn\u00ed obchod s e-commerce kan\u00e1lem do jednoho perspektivn\u00edho omnikan\u00e1lov\u00e9ho svazku.\r\n\r\n<a class=\"button\" href=\"https:\/\/www.vangraaf.com\/de\/cat\/2\/damen\/\">K n\u011bmeck\u00e9mu online obchodu<\/a>\r\n\r\n&nbsp;\r\n\r\n&nbsp;\r\n<p style=\"text-align: right\">Online obchody nab\u00edzej\u00ed a\u017e 200 \u0161pi\u010dkov\u00fdch m\u00f3dn\u00edch zna\u010dek pro d\u00e1my, p\u00e1ny i d\u011bti a profesion\u00e1ln\u00ed poradenstv\u00ed pro outfit a styl.<\/p>\r\n<p style=\"text-align: right\"><a class=\"button\" href=\"https:\/\/www.vangraaf.com\/pl\/cat\/2\/kobiety\/\">Polsk\u00e9mu online obchodu<\/a><\/p>\r\n[\/vc_column_text][\/vc_column][\/vc_row]<\/div>","protected":false},"excerpt":{"rendered":"[vc_row bwd_tbc4vd_show_weekday=&#8220;&#8220; full_width=&#8220;stretch_row_content_no_spaces&#8220;][vc_column][vc_column_text] VAN GRAAF je jednou z p\u0159edn\u00edch m\u00f3dn\u00edch spole\u010dnost\u00ed v Evrop\u011b, zn\u00e1mou pro svou vynikaj\u00edc\u00ed kompetenci a styl. Od kvalitn\u00edch od\u011bv\u016f pro ka\u017edodenn\u00ed no\u0161en\u00ed p\u0159es design\u00e9rsk\u00e9 kolekce a\u017e po mlad\u00e9 trendov\u00e9 zna\u010dky \u2013 jako specialista na m\u00f3dn\u00ed zna\u010dky nab\u00edz\u00ed VAN GRAAF kvalitu, pestrost a m\u00f3dn\u00ed know-how z jedn\u00e9 ruky. [\/vc_column_text][\/vc_column][\/vc_row][vc_row][vc_column][vc_column_text]Pod z\u00e1\u0161titou spole\u010dnosti Peek&amp;Cloppenburg [&hellip;]","protected":false},"author":6,"featured_media":0,"parent":6190,"menu_order":0,"comment_status":"closed","ping_status":"closed","template":"","meta":{"_acf_changed":false,"inline_featured_image":false,"footnotes":""},"class_list":["post-6202","page","type-page","status-publish","hentry"],"acf":[],"yoast_head":"<!-- This site is optimized with the Yoast SEO plugin v27.2 - https:\/\/yoast.com\/product\/yoast-seo-wordpress\/ -->\n<title>VAN GRAAF Praha - Koncern<\/title>\n<meta name=\"description\" content=\"VAN GRAAF je jednou z p\u0159edn\u00edch m\u00f3dn\u00edch spole\u010dnost\u00ed v Evrop\u011b, zn\u00e1mou pro svou vynikaj\u00edc\u00ed kompetenci a styl.\" \/>\n<meta name=\"robots\" content=\"index, follow, max-snippet:-1, max-image-preview:large, max-video-preview:-1\" \/>\n<link rel=\"canonical\" href=\"https:\/\/www.vangraaf.com\/cz\/firma\/koncern\/\" \/>\n<meta property=\"og:locale\" content=\"cs_CZ\" \/>\n<meta property=\"og:type\" content=\"article\" \/>\n<meta property=\"og:title\" content=\"VAN GRAAF Praha - Koncern\" \/>\n<meta property=\"og:description\" content=\"VAN GRAAF je jednou z p\u0159edn\u00edch m\u00f3dn\u00edch spole\u010dnost\u00ed v Evrop\u011b, zn\u00e1mou pro svou vynikaj\u00edc\u00ed kompetenci a styl.\" \/>\n<meta property=\"og:url\" content=\"https:\/\/www.vangraaf.com\/cz\/firma\/koncern\/\" \/>\n<meta property=\"og:site_name\" content=\"VAN GRAAF \u010cesk\u00e1 republika\" \/>\n<meta property=\"article:modified_time\" content=\"2025-12-15T13:46:59+00:00\" \/>\n<meta name=\"twitter:card\" content=\"summary_large_image\" \/>\n<meta name=\"twitter:label1\" content=\"Odhadovan\u00e1 doba \u010dten\u00ed\" \/>\n\t<meta name=\"twitter:data1\" content=\"2 minuty\" \/>\n<script type=\"application\/ld+json\" class=\"yoast-schema-graph\">{\"@context\":\"https:\/\/schema.org\",\"@graph\":[{\"@type\":\"WebPage\",\"@id\":\"https:\/\/www.vangraaf.com\/cz\/firma\/koncern\/\",\"url\":\"https:\/\/www.vangraaf.com\/cz\/firma\/koncern\/\",\"name\":\"VAN GRAAF Praha - Koncern\",\"isPartOf\":{\"@id\":\"https:\/\/www.vangraaf.com\/cz\/#website\"},\"datePublished\":\"2021-06-29T12:09:42+00:00\",\"dateModified\":\"2025-12-15T13:46:59+00:00\",\"description\":\"VAN GRAAF je jednou z p\u0159edn\u00edch m\u00f3dn\u00edch spole\u010dnost\u00ed v Evrop\u011b, zn\u00e1mou pro svou vynikaj\u00edc\u00ed kompetenci a styl.\",\"breadcrumb\":{\"@id\":\"https:\/\/www.vangraaf.com\/cz\/firma\/koncern\/#breadcrumb\"},\"inLanguage\":\"cs\",\"potentialAction\":[{\"@type\":\"ReadAction\",\"target\":[\"https:\/\/www.vangraaf.com\/cz\/firma\/koncern\/\"]}]},{\"@type\":\"BreadcrumbList\",\"@id\":\"https:\/\/www.vangraaf.com\/cz\/firma\/koncern\/#breadcrumb\",\"itemListElement\":[{\"@type\":\"ListItem\",\"position\":1,\"name\":\"Home\",\"item\":\"https:\/\/www.vangraaf.com\/cz\/\"},{\"@type\":\"ListItem\",\"position\":2,\"name\":\"Firma\",\"item\":\"https:\/\/www.vangraaf.com\/cz\/firma\/\"},{\"@type\":\"ListItem\",\"position\":3,\"name\":\"Koncern\"}]},{\"@type\":\"WebSite\",\"@id\":\"https:\/\/www.vangraaf.com\/cz\/#website\",\"url\":\"https:\/\/www.vangraaf.com\/cz\/\",\"name\":\"VAN GRAAF\",\"description\":\"VAN GRAAF\",\"potentialAction\":[{\"@type\":\"SearchAction\",\"target\":{\"@type\":\"EntryPoint\",\"urlTemplate\":\"https:\/\/www.vangraaf.com\/cz\/?s={search_term_string}\"},\"query-input\":{\"@type\":\"PropertyValueSpecification\",\"valueRequired\":true,\"valueName\":\"search_term_string\"}}],\"inLanguage\":\"cs\"}]}<\/script>\n<!-- \/ Yoast SEO plugin. -->","yoast_head_json":{"title":"VAN GRAAF Praha - Koncern","description":"VAN GRAAF je jednou z p\u0159edn\u00edch m\u00f3dn\u00edch spole\u010dnost\u00ed v Evrop\u011b, zn\u00e1mou pro svou vynikaj\u00edc\u00ed kompetenci a styl.","robots":{"index":"index","follow":"follow","max-snippet":"max-snippet:-1","max-image-preview":"max-image-preview:large","max-video-preview":"max-video-preview:-1"},"canonical":"https:\/\/www.vangraaf.com\/cz\/firma\/koncern\/","og_locale":"cs_CZ","og_type":"article","og_title":"VAN GRAAF Praha - Koncern","og_description":"VAN GRAAF je jednou z p\u0159edn\u00edch m\u00f3dn\u00edch spole\u010dnost\u00ed v Evrop\u011b, zn\u00e1mou pro svou vynikaj\u00edc\u00ed kompetenci a styl.","og_url":"https:\/\/www.vangraaf.com\/cz\/firma\/koncern\/","og_site_name":"VAN GRAAF \u010cesk\u00e1 republika","article_modified_time":"2025-12-15T13:46:59+00:00","twitter_card":"summary_large_image","twitter_misc":{"Odhadovan\u00e1 doba \u010dten\u00ed":"2 minuty"},"schema":{"@context":"https:\/\/schema.org","@graph":[{"@type":"WebPage","@id":"https:\/\/www.vangraaf.com\/cz\/firma\/koncern\/","url":"https:\/\/www.vangraaf.com\/cz\/firma\/koncern\/","name":"VAN GRAAF Praha - Koncern","isPartOf":{"@id":"https:\/\/www.vangraaf.com\/cz\/#website"},"datePublished":"2021-06-29T12:09:42+00:00","dateModified":"2025-12-15T13:46:59+00:00","description":"VAN GRAAF je jednou z p\u0159edn\u00edch m\u00f3dn\u00edch spole\u010dnost\u00ed v Evrop\u011b, zn\u00e1mou pro svou vynikaj\u00edc\u00ed kompetenci a styl.","breadcrumb":{"@id":"https:\/\/www.vangraaf.com\/cz\/firma\/koncern\/#breadcrumb"},"inLanguage":"cs","potentialAction":[{"@type":"ReadAction","target":["https:\/\/www.vangraaf.com\/cz\/firma\/koncern\/"]}]},{"@type":"BreadcrumbList","@id":"https:\/\/www.vangraaf.com\/cz\/firma\/koncern\/#breadcrumb","itemListElement":[{"@type":"ListItem","position":1,"name":"Home","item":"https:\/\/www.vangraaf.com\/cz\/"},{"@type":"ListItem","position":2,"name":"Firma","item":"https:\/\/www.vangraaf.com\/cz\/firma\/"},{"@type":"ListItem","position":3,"name":"Koncern"}]},{"@type":"WebSite","@id":"https:\/\/www.vangraaf.com\/cz\/#website","url":"https:\/\/www.vangraaf.com\/cz\/","name":"VAN GRAAF","description":"VAN GRAAF","potentialAction":[{"@type":"SearchAction","target":{"@type":"EntryPoint","urlTemplate":"https:\/\/www.vangraaf.com\/cz\/?s={search_term_string}"},"query-input":{"@type":"PropertyValueSpecification","valueRequired":true,"valueName":"search_term_string"}}],"inLanguage":"cs"}]}},"_links":{"self":[{"href":"https:\/\/www.vangraaf.com\/cz\/wp-json\/wp\/v2\/pages\/6202","targetHints":{"allow":["GET"]}}],"collection":[{"href":"https:\/\/www.vangraaf.com\/cz\/wp-json\/wp\/v2\/pages"}],"about":[{"href":"https:\/\/www.vangraaf.com\/cz\/wp-json\/wp\/v2\/types\/page"}],"author":[{"embeddable":true,"href":"https:\/\/www.vangraaf.com\/cz\/wp-json\/wp\/v2\/users\/6"}],"replies":[{"embeddable":true,"href":"https:\/\/www.vangraaf.com\/cz\/wp-json\/wp\/v2\/comments?post=6202"}],"version-history":[{"count":21,"href":"https:\/\/www.vangraaf.com\/cz\/wp-json\/wp\/v2\/pages\/6202\/revisions"}],"predecessor-version":[{"id":20905,"href":"https:\/\/www.vangraaf.com\/cz\/wp-json\/wp\/v2\/pages\/6202\/revisions\/20905"}],"up":[{"embeddable":true,"href":"https:\/\/www.vangraaf.com\/cz\/wp-json\/wp\/v2\/pages\/6190"}],"wp:attachment":[{"href":"https:\/\/www.vangraaf.com\/cz\/wp-json\/wp\/v2\/media?parent=6202"}],"curies":[{"name":"wp","href":"https:\/\/api.w.org\/{rel}","templated":true}]}}