{"id":6200,"date":"2021-06-29T14:09:25","date_gmt":"2021-06-29T12:09:25","guid":{"rendered":"https:\/\/www.vangraaf.com\/cz\/?page_id=6200"},"modified":"2026-01-06T16:38:26","modified_gmt":"2026-01-06T15:38:26","slug":"fakta","status":"publish","type":"page","link":"https:\/\/www.vangraaf.com\/cz\/firma\/fakta\/","title":{"rendered":"Fakta"},"content":{"rendered":"<div class=\"wpb-content-wrapper\">[vc_row bwd_tbc4vd_show_weekday=&#8220;&#8220; full_width=&#8220;stretch_row_content_no_spaces&#8220;][vc_column]<div class=\"keyvisual\" data-aos=\"fade-up\" ><img loading=\"lazy\" decoding=\"async\" width=\"1440\" height=\"480\" src=\"https:\/\/www.vangraaf.com\/cz\/wp-content\/uploads\/sites\/2\/2021\/05\/M8_E_VK_Logistik_054.jpg\" class=\"vc_single_image-img\" alt=\"\" srcset=\"https:\/\/www.vangraaf.com\/cz\/wp-content\/uploads\/sites\/2\/2021\/05\/M8_E_VK_Logistik_054.jpg 1440w, https:\/\/www.vangraaf.com\/cz\/wp-content\/uploads\/sites\/2\/2021\/05\/M8_E_VK_Logistik_054-300x100.jpg 300w, https:\/\/www.vangraaf.com\/cz\/wp-content\/uploads\/sites\/2\/2021\/05\/M8_E_VK_Logistik_054-1024x341.jpg 1024w, https:\/\/www.vangraaf.com\/cz\/wp-content\/uploads\/sites\/2\/2021\/05\/M8_E_VK_Logistik_054-768x256.jpg 768w, https:\/\/www.vangraaf.com\/cz\/wp-content\/uploads\/sites\/2\/2021\/05\/M8_E_VK_Logistik_054-1200x400.jpg 1200w, https:\/\/www.vangraaf.com\/cz\/wp-content\/uploads\/sites\/2\/2021\/05\/M8_E_VK_Logistik_054-992x331.jpg 992w, https:\/\/www.vangraaf.com\/cz\/wp-content\/uploads\/sites\/2\/2021\/05\/M8_E_VK_Logistik_054-480x160.jpg 480w, https:\/\/www.vangraaf.com\/cz\/wp-content\/uploads\/sites\/2\/2021\/05\/M8_E_VK_Logistik_054-690x230.jpg 690w\" sizes=\"(max-width: 1440px) 100vw, 1440px\" \/><\/div>\n        <div class=\"headlines headlines--center\" data-aos=\"fade-up\">\n            <div class=\"vc_row\">\n                <div class=\"vc_col-md-10 vc_col-md-offset-1 vc_col-lg-10 vc_col-lg-offset-1\"><span class=\"h6\">Fakta<\/span><h1 class=\"h2\">Fakta o spole\u010dnosti VAN GRAAF<\/h1><\/div>\n            <\/div>\n        <\/div>[vc_column_text]\r\n<p style=\"text-align: center\">P\u0159ibli\u017en\u011b 400 zam\u011bstnanc\u016f, a\u017e 200 m\u00f3dn\u00edch zna\u010dek a 16 pobo\u010dek po cel\u00e9 Evrop\u011b \u2013 stru\u010dn\u00fd p\u0159ehled nejd\u016fle\u017eit\u011bj\u0161\u00edch fakt\u016f o spole\u010dnosti VAN GRAAF.<\/p>\r\n[\/vc_column_text][\/vc_column][\/vc_row][vc_row][vc_column]<ul class=\"vg-element chess-board chess-board--4 chess-board--4--layout-2\" data-aos=\"fade-up\" aria-label=\"Teaser\"><li class=\"chess-board__item  chess-board__item--lightbox\"><a href=\"#lightbox\" class=\"chess-board__item__link js-lightbox js-chess-board\" data-lightbox-template=\"text\" data-lightbox-headline=\"Zam\u011bstnanci\" data-lightbox-content=\"&lt;h4&gt;Zam\u011bstnanci&lt;\/h4&gt;&lt;p&gt;Kolem 400 zam\u011bstnanky\u0148 a zam\u011bstnanc\u016f se s nad\u0161en\u00edm star\u00e1 o spokojen\u00e9 z\u00e1kazn\u00edky&lt;\/p&gt;\" data-lightbox-hide-for-sm=\"true\"  aria-expanded=\"false\"><div class=\"chess-board__item__image\"><img loading=\"lazy\" decoding=\"async\" width=\"400\" height=\"400\" src=\"https:\/\/www.vangraaf.com\/cz\/wp-content\/uploads\/sites\/2\/2021\/05\/Unternehmen_Fakten_Chess_1Begeisterung_WP.jpg\" class=\"attachment-full size-full\" alt=\"\" srcset=\"https:\/\/www.vangraaf.com\/cz\/wp-content\/uploads\/sites\/2\/2021\/05\/Unternehmen_Fakten_Chess_1Begeisterung_WP.jpg 400w, https:\/\/www.vangraaf.com\/cz\/wp-content\/uploads\/sites\/2\/2021\/05\/Unternehmen_Fakten_Chess_1Begeisterung_WP-300x300.jpg 300w, https:\/\/www.vangraaf.com\/cz\/wp-content\/uploads\/sites\/2\/2021\/05\/Unternehmen_Fakten_Chess_1Begeisterung_WP-150x150.jpg 150w, https:\/\/www.vangraaf.com\/cz\/wp-content\/uploads\/sites\/2\/2021\/05\/Unternehmen_Fakten_Chess_1Begeisterung_WP-280x280.jpg 280w\" sizes=\"(max-width: 400px) 100vw, 400px\" \/><\/div><div class=\"chess-board__item__content\"><div class=\"chess-board__item__content__inner\"><div class=\"chess-board__item__content__inner__overflow\"><h4 class=\"\">Zam\u011bstnanci<\/h4><\/div><\/div><span class=\"show-more\"><\/span><\/div><\/a><div id=\"chess-board-4-item-accordion69fc0afc1e722\" class=\"chess-board__item__accordion\" role=\"region\"><div class=\"chess-board__item__accordion__inner\"><p>Kolem 400 zam\u011bstnanky\u0148 a zam\u011bstnanc\u016f se s nad\u0161en\u00edm star\u00e1 o spokojen\u00e9 z\u00e1kazn\u00edky<\/p><\/div><\/div><\/li><li class=\"chess-board__item revert chess-board__item--lightbox\"><a href=\"#lightbox\" class=\"chess-board__item__link js-lightbox js-chess-board\" data-lightbox-template=\"text\" data-lightbox-headline=\"Prodej dom\u016f\" data-lightbox-content=\"&lt;h4&gt;Prodej dom\u016f&lt;\/h4&gt;&lt;p&gt;13 prodejen a dva online obchody v \u0161esti evropsk\u00fdch zem\u00edch p\u0159edstavuj\u00ed sv\u011bt m\u00f3dy VAN GRAAF&lt;\/p&gt;\" data-lightbox-hide-for-sm=\"true\"  aria-expanded=\"false\"><div class=\"chess-board__item__content\"><div class=\"chess-board__item__content__inner\"><div class=\"chess-board__item__content__inner__overflow\"><h4 class=\"\">Prodej dom\u016f<\/h4><\/div><\/div><span class=\"show-more\"><\/span><\/div><div class=\"chess-board__item__image\"><img loading=\"lazy\" decoding=\"async\" width=\"300\" height=\"300\" src=\"https:\/\/www.vangraaf.com\/cz\/wp-content\/uploads\/sites\/2\/2021\/05\/Unternehmen_Historie_Chess_2009_WP.jpg\" class=\"attachment-full size-full\" alt=\"\" srcset=\"https:\/\/www.vangraaf.com\/cz\/wp-content\/uploads\/sites\/2\/2021\/05\/Unternehmen_Historie_Chess_2009_WP.jpg 300w, https:\/\/www.vangraaf.com\/cz\/wp-content\/uploads\/sites\/2\/2021\/05\/Unternehmen_Historie_Chess_2009_WP-150x150.jpg 150w\" sizes=\"(max-width: 300px) 100vw, 300px\" \/><\/div><\/a><div id=\"chess-board-4-item-accordion69fc0afc1f12f\" class=\"chess-board__item__accordion\" role=\"region\"><div class=\"chess-board__item__accordion__inner\"><p>13 prodejen a dva online obchody v \u0161esti evropsk\u00fdch zem\u00edch p\u0159edstavuj\u00ed sv\u011bt m\u00f3dy VAN GRAAF<\/p><\/div><\/div><\/li><li class=\"chess-board__item revert chess-board__item--lightbox\"><a href=\"#lightbox\" class=\"chess-board__item__link js-lightbox js-chess-board\" data-lightbox-template=\"text\" data-lightbox-headline=\"M\u00f3dn\u00ed \u0161t\u00edtek\" data-lightbox-content=\"&lt;h4&gt;M\u00f3dn\u00ed \u0161t\u00edtek&lt;\/h4&gt;&lt;p&gt;A\u017e 200 mezin\u00e1rodn\u00edch m\u00f3dn\u00edch zna\u010dek nab\u00edz\u00ed kvalitu, r\u016fznorodost a aktu\u00e1ln\u00ed trendy&lt;\/p&gt;\" data-lightbox-hide-for-sm=\"true\"  aria-expanded=\"false\"><div class=\"chess-board__item__image\"><img loading=\"lazy\" decoding=\"async\" width=\"300\" height=\"300\" src=\"https:\/\/www.vangraaf.com\/cz\/wp-content\/uploads\/sites\/2\/2021\/05\/Unternehmen_Fakten_Chess_3Modelabels_WP.jpg\" class=\"attachment-full size-full\" alt=\"\" srcset=\"https:\/\/www.vangraaf.com\/cz\/wp-content\/uploads\/sites\/2\/2021\/05\/Unternehmen_Fakten_Chess_3Modelabels_WP.jpg 300w, https:\/\/www.vangraaf.com\/cz\/wp-content\/uploads\/sites\/2\/2021\/05\/Unternehmen_Fakten_Chess_3Modelabels_WP-150x150.jpg 150w\" sizes=\"(max-width: 300px) 100vw, 300px\" \/><\/div><div class=\"chess-board__item__content\"><div class=\"chess-board__item__content__inner\"><div class=\"chess-board__item__content__inner__overflow\"><h4 class=\"\">M\u00f3dn\u00ed \u0161t\u00edtek<\/h4><\/div><\/div><span class=\"show-more\"><\/span><\/div><\/a><div id=\"chess-board-4-item-accordion69fc0afc1f65f\" class=\"chess-board__item__accordion\" role=\"region\"><div class=\"chess-board__item__accordion__inner\"><p>A\u017e 200 mezin\u00e1rodn\u00edch m\u00f3dn\u00edch zna\u010dek nab\u00edz\u00ed kvalitu, r\u016fznorodost a aktu\u00e1ln\u00ed trendy<\/p><\/div><\/div><\/li><li class=\"chess-board__item  chess-board__item--lightbox\"><a href=\"#lightbox\" class=\"chess-board__item__link js-lightbox js-chess-board\" data-lightbox-template=\"text\" data-lightbox-headline=\"Historie\" data-lightbox-content=\"&lt;h4&gt;Historie&lt;\/h4&gt;&lt;p&gt;Ji\u017e po dv\u011b generace je VAN GRAAF rodinn\u00fdm podnikem&lt;\/p&gt;&lt;a class=&quot;button&quot; href=&quot;https:\/\/www.vangraaf.com\/cz\/firma\/koncern\/historie\/&quot; target=&quot;_self&quot; rel=&quot;&quot; style=&quot;&quot;&gt;Zjist\u011bte v\u00edce&lt;\/a&gt;\" data-lightbox-hide-for-sm=\"true\"  aria-expanded=\"false\"><div class=\"chess-board__item__content\"><div class=\"chess-board__item__content__inner\"><div class=\"chess-board__item__content__inner__overflow\"><h4 class=\"\">Historie<\/h4><\/div><\/div><span class=\"show-more\"><\/span><\/div><div class=\"chess-board__item__image\"><img loading=\"lazy\" decoding=\"async\" width=\"300\" height=\"300\" src=\"https:\/\/www.vangraaf.com\/cz\/wp-content\/uploads\/sites\/2\/2021\/05\/Unternehmen_Fakten_Chess_4Generationen_WP.jpg\" class=\"attachment-full size-full\" alt=\"\" srcset=\"https:\/\/www.vangraaf.com\/cz\/wp-content\/uploads\/sites\/2\/2021\/05\/Unternehmen_Fakten_Chess_4Generationen_WP.jpg 300w, https:\/\/www.vangraaf.com\/cz\/wp-content\/uploads\/sites\/2\/2021\/05\/Unternehmen_Fakten_Chess_4Generationen_WP-150x150.jpg 150w\" sizes=\"(max-width: 300px) 100vw, 300px\" \/><\/div><\/a><div id=\"chess-board-4-item-accordion69fc0afc1f8ba\" class=\"chess-board__item__accordion\" role=\"region\"><div class=\"chess-board__item__accordion__inner\"><p>Ji\u017e po dv\u011b generace je VAN GRAAF rodinn\u00fdm podnikem<\/p><a class=\"button\" href=\"https:\/\/www.vangraaf.com\/cz\/firma\/koncern\/historie\/\" target=\"_self\" rel=\"\" style=\"\">Zjist\u011bte v\u00edce<\/a><\/div><\/div><\/li><\/ul>[\/vc_column][\/vc_row][vc_row bwd_tbc4vd_show_weekday=&#8220;&#8220; full_width=&#8220;stretch_row_content_no_spaces&#8220;][vc_column][vc_column_text]\r\n<h2>Online Obchod<\/h2>\r\nObjevujte m\u00f3du, \u017eivotn\u00ed styl a \u0161pi\u010dkov\u00e9 slu\u017eby po cel\u00fd den v online obchod\u011b VANGRAAF.COM, kter\u00fd je k dispozici v <a href=\"https:\/\/www.vangraaf.com\/de\/\">N\u011bmecku<\/a> a <a href=\"https:\/\/www.vangraaf.com\/pl\/\">Polsku<\/a>.[\/vc_column_text][\/vc_column][\/vc_row][vc_row bwd_tbc4vd_show_weekday=&#8220;&#8220; el_id=&#8220;stores&#8220;][vc_column]\n        <div class=\"headlines headlines--center\" data-aos=\"fade-up\">\n            <div class=\"vc_row\">\n                <div class=\"vc_col-md-10 vc_col-md-offset-1 vc_col-lg-10 vc_col-lg-offset-1\"><span class=\"h6\">M\u00edsta<\/span><h2 class=\"h2\">Na\u0161e pobo\u010dky v Evrop\u011b<\/h2><\/div>\n            <\/div>\n        <\/div><div data-leaflet-options=\"{&quot;marker&quot;:{&quot;3703&quot;:{&quot;title&quot;:&quot;Budape\\u0161\\u0165, Allee&quot;,&quot;lat&quot;:&quot;47.47537715&quot;,&quot;long&quot;:&quot;19.04934103&quot;,&quot;category&quot;:&quot;vg&quot;,&quot;tooltip&quot;:&quot;&lt;strong&gt;Budape\\u0161\\u0165, Allee&lt;\\\/strong&gt;&lt;p&gt;Obchodn\\u00ed d\\u016fm&lt;\\\/p&gt;&lt;p&gt;&lt;a class=\\&quot;button\\&quot; href=\\&quot;https:\\\/\\\/www.vangraaf.com\\\/hu\\\/divathazaink\\\/budapest-allee\\\/\\&quot;&gt;Lokalita&lt;\\\/a&gt;&lt;\\\/p&gt;&quot;},&quot;3704&quot;:{&quot;title&quot;:&quot;Budape\\u0161\\u0165, \\u00c1rk\\u00e1d&quot;,&quot;lat&quot;:&quot;47.5030067&quot;,&quot;long&quot;:&quot;19.14136971&quot;,&quot;category&quot;:&quot;vg&quot;,&quot;tooltip&quot;:&quot;&lt;strong&gt;Budape\\u0161\\u0165, \\u00c1rk\\u00e1d&lt;\\\/strong&gt;&lt;p&gt;Obchodn\\u00ed d\\u016fm&lt;\\\/p&gt;&lt;p&gt;&lt;a class=\\&quot;button\\&quot; href=\\&quot;https:\\\/\\\/www.vangraaf.com\\\/hu\\\/divathazaink\\\/budapest-arkad\\\/\\&quot;&gt;Lokalita&lt;\\\/a&gt;&lt;\\\/p&gt;&quot;},&quot;3705&quot;:{&quot;title&quot;:&quot;Gda\\u0148sk&quot;,&quot;lat&quot;:&quot;54.3493276&quot;,&quot;long&quot;:&quot;18.6442557&quot;,&quot;category&quot;:&quot;vg&quot;,&quot;tooltip&quot;:&quot;&lt;strong&gt;Gda\\u0148sk&lt;\\\/strong&gt;&lt;p&gt;Obchodn\\u00ed d\\u016fm&lt;\\\/p&gt;&lt;p&gt;&lt;a class=\\&quot;button\\&quot; href=\\&quot;https:\\\/\\\/www.vangraaf.com\\\/pl\\\/salony\\\/nasze-filie\\\/gdansk\\\/\\&quot;&gt;Lokalita&lt;\\\/a&gt;&lt;\\\/p&gt;&quot;},&quot;3706&quot;:{&quot;title&quot;:&quot;Gdyn\\u011b&quot;,&quot;lat&quot;:&quot;54.5050165&quot;,&quot;long&quot;:&quot;18.5319454&quot;,&quot;category&quot;:&quot;vg&quot;,&quot;tooltip&quot;:&quot;&lt;strong&gt;Gdyn\\u011b&lt;\\\/strong&gt;&lt;p&gt;Obchodn\\u00ed d\\u016fm&lt;\\\/p&gt;&lt;p&gt;&lt;a class=\\&quot;button\\&quot; href=\\&quot;https:\\\/\\\/www.vangraaf.com\\\/pl\\\/salony\\\/nasze-filie\\\/gdynia\\\/\\&quot;&gt;Lokalita&lt;\\\/a&gt;&lt;\\\/p&gt;&quot;},&quot;3708&quot;:{&quot;title&quot;:&quot;Katowice Silesia City Center&quot;,&quot;lat&quot;:&quot;50.270513&quot;,&quot;long&quot;:&quot;19.0047342&quot;,&quot;category&quot;:&quot;vg&quot;,&quot;tooltip&quot;:&quot;&lt;strong&gt;Katowice Silesia City Center&lt;\\\/strong&gt;&lt;p&gt;Obchodn\\u00ed d\\u016fm&lt;\\\/p&gt;&lt;p&gt;&lt;a class=\\&quot;button\\&quot; href=\\&quot;https:\\\/\\\/www.vangraaf.com\\\/pl\\\/salony\\\/nasze-filie\\\/katowice\\\/\\&quot;&gt;Lokalita&lt;\\\/a&gt;&lt;\\\/p&gt;&quot;},&quot;3707&quot;:{&quot;title&quot;:&quot;Krakov&quot;,&quot;lat&quot;:&quot;50.087115&quot;,&quot;long&quot;:&quot;19.977557&quot;,&quot;category&quot;:&quot;vg&quot;,&quot;tooltip&quot;:&quot;&lt;strong&gt;Krakov&lt;\\\/strong&gt;&lt;p&gt;Obchodn\\u00ed d\\u016fm&lt;\\\/p&gt;&lt;p&gt;&lt;a class=\\&quot;button\\&quot; href=\\&quot;https:\\\/\\\/www.vangraaf.com\\\/pl\\\/salony\\\/nasze-filie\\\/krakow\\\/\\&quot;&gt;Lokalita&lt;\\\/a&gt;&lt;\\\/p&gt;&quot;},&quot;3709&quot;:{&quot;title&quot;:&quot;Lod\\u017e&quot;,&quot;lat&quot;:&quot;51.7792577&quot;,&quot;long&quot;:&quot;19.4447859&quot;,&quot;category&quot;:&quot;vg&quot;,&quot;tooltip&quot;:&quot;&lt;strong&gt;Lod\\u017e&lt;\\\/strong&gt;&lt;p&gt;Obchodn\\u00ed d\\u016fm&lt;\\\/p&gt;&lt;p&gt;&lt;a class=\\&quot;button\\&quot; href=\\&quot;https:\\\/\\\/www.vangraaf.com\\\/pl\\\/salony\\\/nasze-filie\\\/lodz\\\/\\&quot;&gt;Lokalita&lt;\\\/a&gt;&lt;\\\/p&gt;&quot;},&quot;3710&quot;:{&quot;title&quot;:&quot;Pozna\\u0148, Posnania&quot;,&quot;lat&quot;:&quot;52.39808223632361&quot;,&quot;long&quot;:&quot;16.94810108747227&quot;,&quot;category&quot;:&quot;vg&quot;,&quot;tooltip&quot;:&quot;&lt;strong&gt;Pozna\\u0148, Posnania&lt;\\\/strong&gt;&lt;p&gt;Obchodn\\u00ed d\\u016fm&lt;\\\/p&gt;&lt;p&gt;&lt;a class=\\&quot;button\\&quot; href=\\&quot;https:\\\/\\\/www.vangraaf.com\\\/pl\\\/salony\\\/nasze-filie\\\/poznan-posnania\\\/\\&quot;&gt;Lokalita&lt;\\\/a&gt;&lt;\\\/p&gt;&quot;},&quot;3711&quot;:{&quot;title&quot;:&quot;Pozna\\u0148, Stary Browar&quot;,&quot;lat&quot;:&quot;52.4012985&quot;,&quot;long&quot;:&quot;16.9277759&quot;,&quot;category&quot;:&quot;vg&quot;,&quot;tooltip&quot;:&quot;&lt;strong&gt;Pozna\\u0148, Stary Browar&lt;\\\/strong&gt;&lt;p&gt;Obchodn\\u00ed d\\u016fm&lt;\\\/p&gt;&lt;p&gt;&lt;a class=\\&quot;button\\&quot; href=\\&quot;https:\\\/\\\/www.vangraaf.com\\\/pl\\\/salony\\\/nasze-filie\\\/poznan-stary-browar\\\/\\&quot;&gt;Lokalita&lt;\\\/a&gt;&lt;\\\/p&gt;&quot;},&quot;3717&quot;:{&quot;title&quot;:&quot;Riga&quot;,&quot;lat&quot;:&quot;56.9244304&quot;,&quot;long&quot;:&quot;24.1721953&quot;,&quot;category&quot;:&quot;vg&quot;,&quot;tooltip&quot;:&quot;&lt;strong&gt;Riga&lt;\\\/strong&gt;&lt;p&gt;Obchodn\\u00ed d\\u016fm&lt;\\\/p&gt;&lt;p&gt;&lt;a class=\\&quot;button\\&quot; href=\\&quot;https:\\\/\\\/www.vangraaf.com\\\/lv\\\/par-mums\\\/riga\\\/\\&quot;&gt;Lokalita&lt;\\\/a&gt;&lt;\\\/p&gt;&quot;},&quot;3722&quot;:{&quot;title&quot;:&quot;Sopoty&quot;,&quot;lat&quot;:&quot;54.44455297892016&quot;,&quot;long&quot;:&quot;18.567380152994758&quot;,&quot;category&quot;:&quot;vg&quot;,&quot;tooltip&quot;:&quot;&lt;strong&gt;Sopoty&lt;\\\/strong&gt;&lt;p&gt;Outlet&lt;\\\/p&gt;&lt;p&gt;&lt;a class=\\&quot;button\\&quot; href=\\&quot;https:\\\/\\\/www.vangraaf.com\\\/pl\\\/salony\\\/nasze-filie\\\/sopot-outlet\\\/\\&quot;&gt;Lokalita&lt;\\\/a&gt;&lt;\\\/p&gt;&quot;},&quot;3713&quot;:{&quot;title&quot;:&quot;Spreitenbach u Curychu&quot;,&quot;lat&quot;:&quot;47.42360321&quot;,&quot;long&quot;:&quot;8.37162911&quot;,&quot;category&quot;:&quot;vg&quot;,&quot;tooltip&quot;:&quot;&lt;strong&gt;Spreitenbach u Curychu&lt;\\\/strong&gt;&lt;p&gt;Obchodn\\u00ed d\\u016fm&lt;\\\/p&gt;&lt;p&gt;&lt;a class=\\&quot;button\\&quot; href=\\&quot;https:\\\/\\\/www.vangraaf.com\\\/ch\\\/haus\\\/spreitenbach\\\/\\&quot;&gt;Lokalita&lt;\\\/a&gt;&lt;\\\/p&gt;&quot;},&quot;3714&quot;:{&quot;title&quot;:&quot;\\u0160t\\u011bt\\u00edn&quot;,&quot;lat&quot;:&quot;53.4277687&quot;,&quot;long&quot;:&quot;14.5511149&quot;,&quot;category&quot;:&quot;vg&quot;,&quot;tooltip&quot;:&quot;&lt;strong&gt;\\u0160t\\u011bt\\u00edn&lt;\\\/strong&gt;&lt;p&gt;Obchodn\\u00ed d\\u016fm&lt;\\\/p&gt;&lt;p&gt;&lt;a class=\\&quot;button\\&quot; href=\\&quot;https:\\\/\\\/www.vangraaf.com\\\/pl\\\/salony\\\/nasze-filie\\\/szczecin\\\/\\&quot;&gt;Lokalita&lt;\\\/a&gt;&lt;\\\/p&gt;&quot;},&quot;3721&quot;:{&quot;title&quot;:&quot;Var\\u0161ava, Galeria M\\u0142ociny&quot;,&quot;lat&quot;:&quot;52.288160&quot;,&quot;long&quot;:&quot;20.928220&quot;,&quot;category&quot;:&quot;vg&quot;,&quot;tooltip&quot;:&quot;&lt;strong&gt;Var\\u0161ava, Galeria M\\u0142ociny&lt;\\\/strong&gt;&lt;p&gt;Obchodn\\u00ed d\\u016fm&lt;\\\/p&gt;&lt;p&gt;&lt;a class=\\&quot;button\\&quot; href=\\&quot;https:\\\/\\\/www.vangraaf.com\\\/pl\\\/salony\\\/nasze-filie\\\/warszawa-galerii-mlociny\\\/\\&quot;&gt;Lokalita&lt;\\\/a&gt;&lt;\\\/p&gt;&quot;}},&quot;zoom&quot;:&quot;5&quot;,&quot;center&quot;:{&quot;lat&quot;:&quot;53.08275410884729&quot;,&quot;long&quot;:&quot;15.491434221122145&quot;}}\" data-uc-options=\"{&quot;serviceName&quot;:&quot;OpenStreetMap&quot;,&quot;serviceID&quot;:&quot;j7Igy6o8D&quot;,&quot;description&quot;:&quot;Ke vkl\\u00e1d\\u00e1n\\u00ed obsahu mapy pou\\u017e\\u00edv\\u00e1me slu\\u017ebu t\\u0159et\\u00ed strany. Tato slu\\u017eba m\\u016f\\u017ee shroma\\u017e\\u010fovat \\u00fadaje o Va\\u0161ich aktivit\\u00e1ch. P\\u0159e\\u010dt\\u011bte si pros\\u00edm podrobnosti a odsouhlaste pou\\u017e\\u00edv\\u00e1n\\u00ed slu\\u017eby k zobrazen\\u00ed t\\u00e9to mapy.&quot;}\"><div id=\"leaflet\"><\/div><\/div>[\/vc_column][\/vc_row]<\/div>","protected":false},"excerpt":{"rendered":"[vc_row bwd_tbc4vd_show_weekday=&#8220;&#8220; full_width=&#8220;stretch_row_content_no_spaces&#8220;][vc_column][vc_column_text] P\u0159ibli\u017en\u011b 400 zam\u011bstnanc\u016f, a\u017e 200 m\u00f3dn\u00edch zna\u010dek a 16 pobo\u010dek po cel\u00e9 Evrop\u011b \u2013 stru\u010dn\u00fd p\u0159ehled nejd\u016fle\u017eit\u011bj\u0161\u00edch fakt\u016f o spole\u010dnosti VAN GRAAF. [\/vc_column_text][\/vc_column][\/vc_row][vc_row][vc_column][\/vc_column][\/vc_row][vc_row bwd_tbc4vd_show_weekday=&#8220;&#8220; full_width=&#8220;stretch_row_content_no_spaces&#8220;][vc_column][vc_column_text] Online Obchod Objevujte m\u00f3du, \u017eivotn\u00ed styl a \u0161pi\u010dkov\u00e9 slu\u017eby po cel\u00fd den v online obchod\u011b VANGRAAF.COM, kter\u00fd je k dispozici v N\u011bmecku a Polsku.[\/vc_column_text][\/vc_column][\/vc_row][vc_row bwd_tbc4vd_show_weekday=&#8220;&#8220; el_id=&#8220;stores&#8220;][vc_column][\/vc_column][\/vc_row]","protected":false},"author":6,"featured_media":0,"parent":6190,"menu_order":0,"comment_status":"closed","ping_status":"closed","template":"","meta":{"_acf_changed":false,"inline_featured_image":false,"footnotes":""},"class_list":["post-6200","page","type-page","status-publish","hentry"],"acf":[],"yoast_head":"<!-- This site is optimized with the Yoast SEO plugin v27.2 - https:\/\/yoast.com\/product\/yoast-seo-wordpress\/ -->\n<title>VAN GRAAF Praha - Fakta<\/title>\n<meta name=\"description\" content=\"P\u0159ibli\u017en\u011b 800 zam\u011bstnanc\u016f, a\u017e 200 m\u00f3dn\u00edch zna\u010dek a 16 pobo\u010dek po cel\u00e9 Evrop\u011b.\" \/>\n<meta name=\"robots\" content=\"index, follow, max-snippet:-1, max-image-preview:large, max-video-preview:-1\" \/>\n<link rel=\"canonical\" href=\"https:\/\/www.vangraaf.com\/cz\/firma\/fakta\/\" \/>\n<meta property=\"og:locale\" content=\"cs_CZ\" \/>\n<meta property=\"og:type\" content=\"article\" \/>\n<meta property=\"og:title\" content=\"VAN GRAAF Praha - Fakta\" \/>\n<meta property=\"og:description\" content=\"P\u0159ibli\u017en\u011b 800 zam\u011bstnanc\u016f, a\u017e 200 m\u00f3dn\u00edch zna\u010dek a 16 pobo\u010dek po cel\u00e9 Evrop\u011b.\" \/>\n<meta property=\"og:url\" content=\"https:\/\/www.vangraaf.com\/cz\/firma\/fakta\/\" \/>\n<meta property=\"og:site_name\" content=\"VAN GRAAF \u010cesk\u00e1 republika\" \/>\n<meta property=\"article:modified_time\" content=\"2026-01-06T15:38:26+00:00\" \/>\n<meta name=\"twitter:card\" content=\"summary_large_image\" \/>\n<meta name=\"twitter:label1\" content=\"Odhadovan\u00e1 doba \u010dten\u00ed\" \/>\n\t<meta name=\"twitter:data1\" content=\"1 minuta\" \/>\n<script type=\"application\/ld+json\" class=\"yoast-schema-graph\">{\"@context\":\"https:\/\/schema.org\",\"@graph\":[{\"@type\":\"WebPage\",\"@id\":\"https:\/\/www.vangraaf.com\/cz\/firma\/fakta\/\",\"url\":\"https:\/\/www.vangraaf.com\/cz\/firma\/fakta\/\",\"name\":\"VAN GRAAF Praha - Fakta\",\"isPartOf\":{\"@id\":\"https:\/\/www.vangraaf.com\/cz\/#website\"},\"datePublished\":\"2021-06-29T12:09:25+00:00\",\"dateModified\":\"2026-01-06T15:38:26+00:00\",\"description\":\"P\u0159ibli\u017en\u011b 800 zam\u011bstnanc\u016f, a\u017e 200 m\u00f3dn\u00edch zna\u010dek a 16 pobo\u010dek po cel\u00e9 Evrop\u011b.\",\"breadcrumb\":{\"@id\":\"https:\/\/www.vangraaf.com\/cz\/firma\/fakta\/#breadcrumb\"},\"inLanguage\":\"cs\",\"potentialAction\":[{\"@type\":\"ReadAction\",\"target\":[\"https:\/\/www.vangraaf.com\/cz\/firma\/fakta\/\"]}]},{\"@type\":\"BreadcrumbList\",\"@id\":\"https:\/\/www.vangraaf.com\/cz\/firma\/fakta\/#breadcrumb\",\"itemListElement\":[{\"@type\":\"ListItem\",\"position\":1,\"name\":\"Home\",\"item\":\"https:\/\/www.vangraaf.com\/cz\/\"},{\"@type\":\"ListItem\",\"position\":2,\"name\":\"Firma\",\"item\":\"https:\/\/www.vangraaf.com\/cz\/firma\/\"},{\"@type\":\"ListItem\",\"position\":3,\"name\":\"Fakta\"}]},{\"@type\":\"WebSite\",\"@id\":\"https:\/\/www.vangraaf.com\/cz\/#website\",\"url\":\"https:\/\/www.vangraaf.com\/cz\/\",\"name\":\"VAN GRAAF\",\"description\":\"VAN GRAAF\",\"potentialAction\":[{\"@type\":\"SearchAction\",\"target\":{\"@type\":\"EntryPoint\",\"urlTemplate\":\"https:\/\/www.vangraaf.com\/cz\/?s={search_term_string}\"},\"query-input\":{\"@type\":\"PropertyValueSpecification\",\"valueRequired\":true,\"valueName\":\"search_term_string\"}}],\"inLanguage\":\"cs\"}]}<\/script>\n<!-- \/ Yoast SEO plugin. -->","yoast_head_json":{"title":"VAN GRAAF Praha - Fakta","description":"P\u0159ibli\u017en\u011b 800 zam\u011bstnanc\u016f, a\u017e 200 m\u00f3dn\u00edch zna\u010dek a 16 pobo\u010dek po cel\u00e9 Evrop\u011b.","robots":{"index":"index","follow":"follow","max-snippet":"max-snippet:-1","max-image-preview":"max-image-preview:large","max-video-preview":"max-video-preview:-1"},"canonical":"https:\/\/www.vangraaf.com\/cz\/firma\/fakta\/","og_locale":"cs_CZ","og_type":"article","og_title":"VAN GRAAF Praha - Fakta","og_description":"P\u0159ibli\u017en\u011b 800 zam\u011bstnanc\u016f, a\u017e 200 m\u00f3dn\u00edch zna\u010dek a 16 pobo\u010dek po cel\u00e9 Evrop\u011b.","og_url":"https:\/\/www.vangraaf.com\/cz\/firma\/fakta\/","og_site_name":"VAN GRAAF \u010cesk\u00e1 republika","article_modified_time":"2026-01-06T15:38:26+00:00","twitter_card":"summary_large_image","twitter_misc":{"Odhadovan\u00e1 doba \u010dten\u00ed":"1 minuta"},"schema":{"@context":"https:\/\/schema.org","@graph":[{"@type":"WebPage","@id":"https:\/\/www.vangraaf.com\/cz\/firma\/fakta\/","url":"https:\/\/www.vangraaf.com\/cz\/firma\/fakta\/","name":"VAN GRAAF Praha - Fakta","isPartOf":{"@id":"https:\/\/www.vangraaf.com\/cz\/#website"},"datePublished":"2021-06-29T12:09:25+00:00","dateModified":"2026-01-06T15:38:26+00:00","description":"P\u0159ibli\u017en\u011b 800 zam\u011bstnanc\u016f, a\u017e 200 m\u00f3dn\u00edch zna\u010dek a 16 pobo\u010dek po cel\u00e9 Evrop\u011b.","breadcrumb":{"@id":"https:\/\/www.vangraaf.com\/cz\/firma\/fakta\/#breadcrumb"},"inLanguage":"cs","potentialAction":[{"@type":"ReadAction","target":["https:\/\/www.vangraaf.com\/cz\/firma\/fakta\/"]}]},{"@type":"BreadcrumbList","@id":"https:\/\/www.vangraaf.com\/cz\/firma\/fakta\/#breadcrumb","itemListElement":[{"@type":"ListItem","position":1,"name":"Home","item":"https:\/\/www.vangraaf.com\/cz\/"},{"@type":"ListItem","position":2,"name":"Firma","item":"https:\/\/www.vangraaf.com\/cz\/firma\/"},{"@type":"ListItem","position":3,"name":"Fakta"}]},{"@type":"WebSite","@id":"https:\/\/www.vangraaf.com\/cz\/#website","url":"https:\/\/www.vangraaf.com\/cz\/","name":"VAN GRAAF","description":"VAN GRAAF","potentialAction":[{"@type":"SearchAction","target":{"@type":"EntryPoint","urlTemplate":"https:\/\/www.vangraaf.com\/cz\/?s={search_term_string}"},"query-input":{"@type":"PropertyValueSpecification","valueRequired":true,"valueName":"search_term_string"}}],"inLanguage":"cs"}]}},"_links":{"self":[{"href":"https:\/\/www.vangraaf.com\/cz\/wp-json\/wp\/v2\/pages\/6200","targetHints":{"allow":["GET"]}}],"collection":[{"href":"https:\/\/www.vangraaf.com\/cz\/wp-json\/wp\/v2\/pages"}],"about":[{"href":"https:\/\/www.vangraaf.com\/cz\/wp-json\/wp\/v2\/types\/page"}],"author":[{"embeddable":true,"href":"https:\/\/www.vangraaf.com\/cz\/wp-json\/wp\/v2\/users\/6"}],"replies":[{"embeddable":true,"href":"https:\/\/www.vangraaf.com\/cz\/wp-json\/wp\/v2\/comments?post=6200"}],"version-history":[{"count":17,"href":"https:\/\/www.vangraaf.com\/cz\/wp-json\/wp\/v2\/pages\/6200\/revisions"}],"predecessor-version":[{"id":20916,"href":"https:\/\/www.vangraaf.com\/cz\/wp-json\/wp\/v2\/pages\/6200\/revisions\/20916"}],"up":[{"embeddable":true,"href":"https:\/\/www.vangraaf.com\/cz\/wp-json\/wp\/v2\/pages\/6190"}],"wp:attachment":[{"href":"https:\/\/www.vangraaf.com\/cz\/wp-json\/wp\/v2\/media?parent=6200"}],"curies":[{"name":"wp","href":"https:\/\/api.w.org\/{rel}","templated":true}]}}