{"id":6190,"date":"2021-06-29T14:05:30","date_gmt":"2021-06-29T12:05:30","guid":{"rendered":"https:\/\/www.vangraaf.com\/cz\/?page_id=6190"},"modified":"2026-01-06T16:37:13","modified_gmt":"2026-01-06T15:37:13","slug":"firma","status":"publish","type":"page","link":"https:\/\/www.vangraaf.com\/cz\/firma\/","title":{"rendered":"Firma"},"content":{"rendered":"<div class=\"wpb-content-wrapper\">[vc_row bwd_tbc4vd_show_weekday=&#8220;&#8220; full_width=&#8220;stretch_row_content_no_spaces&#8220;][vc_column]\n        <div class=\"headlines headlines--center\" data-aos=\"fade-up\">\n            <div class=\"vc_row\">\n                <div class=\"vc_col-md-10 vc_col-md-offset-1 vc_col-lg-10 vc_col-lg-offset-1\"><span class=\"h6\">VAN GRAAF<\/span><h1 class=\"h2\">V\u00edtejte ve VAN GRAAF<\/h1><\/div>\n            <\/div>\n        <\/div>[vc_column_text]\r\n<p style=\"text-align: center\">Atraktivn\u00ed kvalita \u2013 v cel\u00e9 Evrop\u011b od sv\u00e9ho zalo\u017een\u00ed v roce 2001 se spole\u010dnost VAN GRAAF stala jednou z p\u0159edn\u00edch m\u00f3dn\u00edch firem v Evrop\u011b. Krom\u011b 17 prodejen ve \u0160v\u00fdcarsku, Polsku, Loty\u0161sku, \u010cesk\u00e9 republice a Ma\u010farsku provozuje tento vysoce v\u00fdkonn\u00fd multikan\u00e1lov\u00fd prodejce tak\u00e9 internetov\u00e9 obchody v N\u011bmecku a Polsku. Spole\u010dnost si vyty\u010dila d\u016fle\u017eit\u00fd sm\u011br k digit\u00e1ln\u00ed budoucnosti a pova\u017euje se za ide\u00e1ln\u011b nastavenou vzhledem k sou\u010dasn\u00fdm i budouc\u00edm soci\u00e1ln\u00edm, environment\u00e1ln\u00edm a ekonomick\u00fdm v\u00fdzv\u00e1m.<\/p>\r\n[\/vc_column_text][\/vc_column][\/vc_row][vc_row bwd_tbc4vd_show_weekday=&#8220;&#8220; full_width=&#8220;stretch_row_content_no_spaces&#8220;][vc_column]<div class=\"vice-versa-teaser vice-versa-teaser--dark\" style=\"--season-color: #ededed\" data-aos=\"fade-up\"><div class=\"vice-versa-teaser__inner\">\n                        <div class=\"content_wrap\"><div class=\"vg-element vice-versa-teaser__item vice-versa-teaser__item--left\"><div class=\"vc_row vc_row-flex\"><div class=\"vc_col-xs-12 vc_col-sm-6\"><div class=\"vice-versa-teaser__item__image-wrap\"><a class=\"\" href=\"https:\/\/www.vangraaf.com\/cz\/firma\/fakta\/\" target=\"_self\" rel=\"\" style=\"\"><img loading=\"lazy\" decoding=\"async\" width=\"557\" height=\"737\" src=\"https:\/\/www.vangraaf.com\/cz\/wp-content\/uploads\/sites\/2\/2021\/05\/Unternehmen_Startseite_Fakten_WP.jpg\" class=\"attachment-van-graaf-vice-versa-teaser size-van-graaf-vice-versa-teaser\" alt=\"\" srcset=\"https:\/\/www.vangraaf.com\/cz\/wp-content\/uploads\/sites\/2\/2021\/05\/Unternehmen_Startseite_Fakten_WP.jpg 557w, https:\/\/www.vangraaf.com\/cz\/wp-content\/uploads\/sites\/2\/2021\/05\/Unternehmen_Startseite_Fakten_WP-227x300.jpg 227w, https:\/\/www.vangraaf.com\/cz\/wp-content\/uploads\/sites\/2\/2021\/05\/Unternehmen_Startseite_Fakten_WP-480x635.jpg 480w\" sizes=\"(max-width: 557px) 100vw, 557px\" \/><\/a><\/div><\/div><div class=\"vice-versa-teaser__item__content-wrap vc_col-xs-12 vc_col-sm-6 vc_col-md-4 vc_col-md-offset-1\"><div class=\"vice-versa-teaser__item__content\"><h3>Fakta o spole\u010dnosti VAN GRAAF<\/h3><p>P\u0159ibli\u017en\u011b 400 zam\u011bstnanc\u016f, a\u017e 200 m\u00f3dn\u00edch zna\u010dek a 13 pobo\u010dek po cel\u00e9 Evrop\u011b \u2013 stru\u010dn\u00fd p\u0159ehled nejd\u016fle\u017eit\u011bj\u0161\u00edch fakt\u016f o spole\u010dnosti VAN GRAAF. <\/p><a class=\"button button--dark\" href=\"https:\/\/www.vangraaf.com\/cz\/firma\/fakta\/\" target=\"_self\" rel=\"\" style=\"\">Zjist\u011bte v\u00edce<\/a><\/div><\/div><\/div><\/div><\/div><\/div><\/div>[\/vc_column][\/vc_row][vc_row][vc_column]<ul class=\"vg-element chess-board chess-board--4 chess-board--4--layout-2\" data-aos=\"fade-up\" aria-label=\"Teaser\"><li class=\"chess-board__item \"><a class=\"chess-board__item__link\" href=\"https:\/\/www.vangraaf.com\/cz\/firma\/koncern\/\" target=\"_self\" rel=\"\" style=\"\"><div class=\"chess-board__item__image\"><img loading=\"lazy\" decoding=\"async\" width=\"300\" height=\"300\" src=\"https:\/\/www.vangraaf.com\/cz\/wp-content\/uploads\/sites\/2\/2021\/05\/Unternehmen_Startseite_Unternehmensgruppe_VG_WP.jpg\" class=\"attachment-full size-full\" alt=\"\" srcset=\"https:\/\/www.vangraaf.com\/cz\/wp-content\/uploads\/sites\/2\/2021\/05\/Unternehmen_Startseite_Unternehmensgruppe_VG_WP.jpg 300w, https:\/\/www.vangraaf.com\/cz\/wp-content\/uploads\/sites\/2\/2021\/05\/Unternehmen_Startseite_Unternehmensgruppe_VG_WP-150x150.jpg 150w\" sizes=\"(max-width: 300px) 100vw, 300px\" \/><\/div><div class=\"chess-board__item__content\"><div class=\"chess-board__item__content__inner\"><div class=\"chess-board__item__content__inner__overflow\"><h4 class=\"\">Koncern<\/h4><\/div><\/div><span class=\"show-more\"><\/span><\/div><\/a><\/li><li class=\"chess-board__item revert\"><a class=\"chess-board__item__link\" href=\"https:\/\/www.vangraaf.com\/cz\/firma\/koncern\/historie\/\" target=\"_self\" rel=\"\" style=\"\"><div class=\"chess-board__item__content\"><div class=\"chess-board__item__content__inner\"><div class=\"chess-board__item__content__inner__overflow\"><h4 class=\"\">Historie<\/h4><\/div><\/div><span class=\"show-more\"><\/span><\/div><div class=\"chess-board__item__image\"><img loading=\"lazy\" decoding=\"async\" width=\"300\" height=\"300\" src=\"https:\/\/www.vangraaf.com\/cz\/wp-content\/uploads\/sites\/2\/2021\/05\/Unternehmen_Startseite_Historie_WP.jpg\" class=\"attachment-full size-full\" alt=\"\" srcset=\"https:\/\/www.vangraaf.com\/cz\/wp-content\/uploads\/sites\/2\/2021\/05\/Unternehmen_Startseite_Historie_WP.jpg 300w, https:\/\/www.vangraaf.com\/cz\/wp-content\/uploads\/sites\/2\/2021\/05\/Unternehmen_Startseite_Historie_WP-150x150.jpg 150w\" sizes=\"(max-width: 300px) 100vw, 300px\" \/><\/div><\/a><\/li><li class=\"chess-board__item revert\"><a class=\"chess-board__item__link\" href=\"https:\/\/www.vangraaf.com\/cz\/firma\/koncern\/architektura\/\" target=\"_self\" rel=\"\" style=\"\"><div class=\"chess-board__item__image\"><img loading=\"lazy\" decoding=\"async\" width=\"300\" height=\"300\" src=\"https:\/\/www.vangraaf.com\/cz\/wp-content\/uploads\/sites\/2\/2021\/05\/Unternehmen_Startseite_Architektur_VG_WP.jpg\" class=\"attachment-full size-full\" alt=\"\" srcset=\"https:\/\/www.vangraaf.com\/cz\/wp-content\/uploads\/sites\/2\/2021\/05\/Unternehmen_Startseite_Architektur_VG_WP.jpg 300w, https:\/\/www.vangraaf.com\/cz\/wp-content\/uploads\/sites\/2\/2021\/05\/Unternehmen_Startseite_Architektur_VG_WP-150x150.jpg 150w\" sizes=\"(max-width: 300px) 100vw, 300px\" \/><\/div><div class=\"chess-board__item__content\"><div class=\"chess-board__item__content__inner\"><div class=\"chess-board__item__content__inner__overflow\"><h4 class=\"\">Architektura<\/h4><\/div><\/div><span class=\"show-more\"><\/span><\/div><\/a><\/li><\/ul>[\/vc_column][\/vc_row]<\/div>","protected":false},"excerpt":{"rendered":"[vc_row bwd_tbc4vd_show_weekday=&#8220;&#8220; full_width=&#8220;stretch_row_content_no_spaces&#8220;][vc_column][vc_column_text] Atraktivn\u00ed kvalita \u2013 v cel\u00e9 Evrop\u011b od sv\u00e9ho zalo\u017een\u00ed v roce 2001 se spole\u010dnost VAN GRAAF stala jednou z p\u0159edn\u00edch m\u00f3dn\u00edch firem v Evrop\u011b. Krom\u011b 17 prodejen ve \u0160v\u00fdcarsku, Polsku, Loty\u0161sku, \u010cesk\u00e9 republice a Ma\u010farsku provozuje tento vysoce v\u00fdkonn\u00fd multikan\u00e1lov\u00fd prodejce tak\u00e9 internetov\u00e9 obchody v N\u011bmecku a Polsku. Spole\u010dnost si vyty\u010dila d\u016fle\u017eit\u00fd [&hellip;]","protected":false},"author":6,"featured_media":0,"parent":0,"menu_order":0,"comment_status":"closed","ping_status":"closed","template":"","meta":{"_acf_changed":false,"inline_featured_image":false,"footnotes":""},"class_list":["post-6190","page","type-page","status-publish","hentry"],"acf":[],"yoast_head":"<!-- This site is optimized with the Yoast SEO plugin v27.2 - https:\/\/yoast.com\/product\/yoast-seo-wordpress\/ -->\n<title>VAN GRAAF Praha - Firma<\/title>\n<meta name=\"description\" content=\"V cel\u00e9 Evrop\u011b Od sv\u00e9ho zalo\u017een\u00ed v roce 2001 se spole\u010dnost VAN GRAAF stala jednou z p\u0159edn\u00edch m\u00f3dn\u00edch firem v Evrop\u011b.\" \/>\n<meta name=\"robots\" content=\"index, follow, max-snippet:-1, max-image-preview:large, max-video-preview:-1\" \/>\n<link rel=\"canonical\" href=\"https:\/\/www.vangraaf.com\/cz\/firma\/\" \/>\n<meta property=\"og:locale\" content=\"cs_CZ\" \/>\n<meta property=\"og:type\" content=\"article\" \/>\n<meta property=\"og:title\" content=\"VAN GRAAF Praha - Firma\" \/>\n<meta property=\"og:description\" content=\"V cel\u00e9 Evrop\u011b Od sv\u00e9ho zalo\u017een\u00ed v roce 2001 se spole\u010dnost VAN GRAAF stala jednou z p\u0159edn\u00edch m\u00f3dn\u00edch firem v Evrop\u011b.\" \/>\n<meta property=\"og:url\" content=\"https:\/\/www.vangraaf.com\/cz\/firma\/\" \/>\n<meta property=\"og:site_name\" content=\"VAN GRAAF \u010cesk\u00e1 republika\" \/>\n<meta property=\"article:modified_time\" content=\"2026-01-06T15:37:13+00:00\" \/>\n<meta name=\"twitter:card\" content=\"summary_large_image\" \/>\n<meta name=\"twitter:label1\" content=\"Odhadovan\u00e1 doba \u010dten\u00ed\" \/>\n\t<meta name=\"twitter:data1\" content=\"1 minuta\" \/>\n<script type=\"application\/ld+json\" class=\"yoast-schema-graph\">{\"@context\":\"https:\/\/schema.org\",\"@graph\":[{\"@type\":\"WebPage\",\"@id\":\"https:\/\/www.vangraaf.com\/cz\/firma\/\",\"url\":\"https:\/\/www.vangraaf.com\/cz\/firma\/\",\"name\":\"VAN GRAAF Praha - Firma\",\"isPartOf\":{\"@id\":\"https:\/\/www.vangraaf.com\/cz\/#website\"},\"datePublished\":\"2021-06-29T12:05:30+00:00\",\"dateModified\":\"2026-01-06T15:37:13+00:00\",\"description\":\"V cel\u00e9 Evrop\u011b Od sv\u00e9ho zalo\u017een\u00ed v roce 2001 se spole\u010dnost VAN GRAAF stala jednou z p\u0159edn\u00edch m\u00f3dn\u00edch firem v Evrop\u011b.\",\"breadcrumb\":{\"@id\":\"https:\/\/www.vangraaf.com\/cz\/firma\/#breadcrumb\"},\"inLanguage\":\"cs\",\"potentialAction\":[{\"@type\":\"ReadAction\",\"target\":[\"https:\/\/www.vangraaf.com\/cz\/firma\/\"]}]},{\"@type\":\"BreadcrumbList\",\"@id\":\"https:\/\/www.vangraaf.com\/cz\/firma\/#breadcrumb\",\"itemListElement\":[{\"@type\":\"ListItem\",\"position\":1,\"name\":\"Home\",\"item\":\"https:\/\/www.vangraaf.com\/cz\/\"},{\"@type\":\"ListItem\",\"position\":2,\"name\":\"Firma\"}]},{\"@type\":\"WebSite\",\"@id\":\"https:\/\/www.vangraaf.com\/cz\/#website\",\"url\":\"https:\/\/www.vangraaf.com\/cz\/\",\"name\":\"VAN GRAAF\",\"description\":\"VAN GRAAF\",\"potentialAction\":[{\"@type\":\"SearchAction\",\"target\":{\"@type\":\"EntryPoint\",\"urlTemplate\":\"https:\/\/www.vangraaf.com\/cz\/?s={search_term_string}\"},\"query-input\":{\"@type\":\"PropertyValueSpecification\",\"valueRequired\":true,\"valueName\":\"search_term_string\"}}],\"inLanguage\":\"cs\"}]}<\/script>\n<!-- \/ Yoast SEO plugin. -->","yoast_head_json":{"title":"VAN GRAAF Praha - Firma","description":"V cel\u00e9 Evrop\u011b Od sv\u00e9ho zalo\u017een\u00ed v roce 2001 se spole\u010dnost VAN GRAAF stala jednou z p\u0159edn\u00edch m\u00f3dn\u00edch firem v Evrop\u011b.","robots":{"index":"index","follow":"follow","max-snippet":"max-snippet:-1","max-image-preview":"max-image-preview:large","max-video-preview":"max-video-preview:-1"},"canonical":"https:\/\/www.vangraaf.com\/cz\/firma\/","og_locale":"cs_CZ","og_type":"article","og_title":"VAN GRAAF Praha - Firma","og_description":"V cel\u00e9 Evrop\u011b Od sv\u00e9ho zalo\u017een\u00ed v roce 2001 se spole\u010dnost VAN GRAAF stala jednou z p\u0159edn\u00edch m\u00f3dn\u00edch firem v Evrop\u011b.","og_url":"https:\/\/www.vangraaf.com\/cz\/firma\/","og_site_name":"VAN GRAAF \u010cesk\u00e1 republika","article_modified_time":"2026-01-06T15:37:13+00:00","twitter_card":"summary_large_image","twitter_misc":{"Odhadovan\u00e1 doba \u010dten\u00ed":"1 minuta"},"schema":{"@context":"https:\/\/schema.org","@graph":[{"@type":"WebPage","@id":"https:\/\/www.vangraaf.com\/cz\/firma\/","url":"https:\/\/www.vangraaf.com\/cz\/firma\/","name":"VAN GRAAF Praha - Firma","isPartOf":{"@id":"https:\/\/www.vangraaf.com\/cz\/#website"},"datePublished":"2021-06-29T12:05:30+00:00","dateModified":"2026-01-06T15:37:13+00:00","description":"V cel\u00e9 Evrop\u011b Od sv\u00e9ho zalo\u017een\u00ed v roce 2001 se spole\u010dnost VAN GRAAF stala jednou z p\u0159edn\u00edch m\u00f3dn\u00edch firem v Evrop\u011b.","breadcrumb":{"@id":"https:\/\/www.vangraaf.com\/cz\/firma\/#breadcrumb"},"inLanguage":"cs","potentialAction":[{"@type":"ReadAction","target":["https:\/\/www.vangraaf.com\/cz\/firma\/"]}]},{"@type":"BreadcrumbList","@id":"https:\/\/www.vangraaf.com\/cz\/firma\/#breadcrumb","itemListElement":[{"@type":"ListItem","position":1,"name":"Home","item":"https:\/\/www.vangraaf.com\/cz\/"},{"@type":"ListItem","position":2,"name":"Firma"}]},{"@type":"WebSite","@id":"https:\/\/www.vangraaf.com\/cz\/#website","url":"https:\/\/www.vangraaf.com\/cz\/","name":"VAN GRAAF","description":"VAN GRAAF","potentialAction":[{"@type":"SearchAction","target":{"@type":"EntryPoint","urlTemplate":"https:\/\/www.vangraaf.com\/cz\/?s={search_term_string}"},"query-input":{"@type":"PropertyValueSpecification","valueRequired":true,"valueName":"search_term_string"}}],"inLanguage":"cs"}]}},"_links":{"self":[{"href":"https:\/\/www.vangraaf.com\/cz\/wp-json\/wp\/v2\/pages\/6190","targetHints":{"allow":["GET"]}}],"collection":[{"href":"https:\/\/www.vangraaf.com\/cz\/wp-json\/wp\/v2\/pages"}],"about":[{"href":"https:\/\/www.vangraaf.com\/cz\/wp-json\/wp\/v2\/types\/page"}],"author":[{"embeddable":true,"href":"https:\/\/www.vangraaf.com\/cz\/wp-json\/wp\/v2\/users\/6"}],"replies":[{"embeddable":true,"href":"https:\/\/www.vangraaf.com\/cz\/wp-json\/wp\/v2\/comments?post=6190"}],"version-history":[{"count":26,"href":"https:\/\/www.vangraaf.com\/cz\/wp-json\/wp\/v2\/pages\/6190\/revisions"}],"predecessor-version":[{"id":20914,"href":"https:\/\/www.vangraaf.com\/cz\/wp-json\/wp\/v2\/pages\/6190\/revisions\/20914"}],"wp:attachment":[{"href":"https:\/\/www.vangraaf.com\/cz\/wp-json\/wp\/v2\/media?parent=6190"}],"curies":[{"name":"wp","href":"https:\/\/api.w.org\/{rel}","templated":true}]}}