{"id":5379,"date":"2020-07-24T07:54:55","date_gmt":"2020-07-24T05:54:55","guid":{"rendered":"https:\/\/www.vangraaf.com\/cz\/?page_id=5379"},"modified":"2021-03-01T13:49:36","modified_gmt":"2021-03-01T12:49:36","slug":"mapa-webu","status":"publish","type":"page","link":"https:\/\/www.vangraaf.com\/cz\/mapa-webu\/","title":{"rendered":"Sitemap"},"content":{"rendered":"<div class=\"wpb-content-wrapper\">[vc_row bwd_tbc4vd_show_weekday=&#8220;&#8220; full_width=&#8220;stretch_row_content_no_spaces&#8220;][vc_column]<div class=\"keyvisual\" data-aos=\"fade-up\" ><img loading=\"lazy\" decoding=\"async\" width=\"1440\" height=\"480\" src=\"https:\/\/www.vangraaf.com\/cz\/wp-content\/uploads\/sites\/2\/2020\/02\/Impressum_Banner_WP.jpg\" class=\"vc_single_image-img\" alt=\"Nemohu \u0159\u00edct, kdo jsou lid\u00e9 na obr\u00e1zku.\" srcset=\"https:\/\/www.vangraaf.com\/cz\/wp-content\/uploads\/sites\/2\/2020\/02\/Impressum_Banner_WP.jpg 1440w, https:\/\/www.vangraaf.com\/cz\/wp-content\/uploads\/sites\/2\/2020\/02\/Impressum_Banner_WP-300x100.jpg 300w, https:\/\/www.vangraaf.com\/cz\/wp-content\/uploads\/sites\/2\/2020\/02\/Impressum_Banner_WP-1024x341.jpg 1024w, https:\/\/www.vangraaf.com\/cz\/wp-content\/uploads\/sites\/2\/2020\/02\/Impressum_Banner_WP-768x256.jpg 768w, https:\/\/www.vangraaf.com\/cz\/wp-content\/uploads\/sites\/2\/2020\/02\/Impressum_Banner_WP-1200x400.jpg 1200w, https:\/\/www.vangraaf.com\/cz\/wp-content\/uploads\/sites\/2\/2020\/02\/Impressum_Banner_WP-992x331.jpg 992w, https:\/\/www.vangraaf.com\/cz\/wp-content\/uploads\/sites\/2\/2020\/02\/Impressum_Banner_WP-480x160.jpg 480w, https:\/\/www.vangraaf.com\/cz\/wp-content\/uploads\/sites\/2\/2020\/02\/Impressum_Banner_WP-690x230.jpg 690w\" sizes=\"(max-width: 1440px) 100vw, 1440px\" \/><\/div>\n        <div class=\"headlines headlines--center\" data-aos=\"fade-up\">\n            <div class=\"vc_row\">\n                <div class=\"vc_col-md-10 vc_col-md-offset-1 vc_col-lg-10 vc_col-lg-offset-1\"><h1 class=\"h2\">Mapa webu<\/h1><\/div>\n            <\/div>\n        <\/div>[vc_column_text]<div class=\"sitemap\"><nav class=\"sitemap__menue-container\"><ul id=\"menu-main-menu\" class=\"menu\"><li id=\"menu-item-20893\" class=\"menu-item menu-item-type-post_type menu-item-object-page menu-item-20893\"><a href=\"https:\/\/www.vangraaf.com\/cz\/firma\/\">Firma<\/a><\/li>\n<\/ul><\/nav><nav class=\"sitemap__menue-container sitemap__menue-container--footer\"><ul id=\"menu-footer-menu\" class=\"menu\"><li id=\"menu-item-4058\" class=\"menu-item menu-item-type-post_type menu-item-object-page menu-item-4058\"><a href=\"https:\/\/www.vangraaf.com\/cz\/spravce-stranek\/\">Spr\u00e1vce str\u00e1nek<\/a><\/li>\n<li id=\"menu-item-4059\" class=\"menu-item menu-item-type-post_type menu-item-object-page menu-item-4059\"><a href=\"https:\/\/www.vangraaf.com\/cz\/podminky-pouzivani\/\">Podm\u00ednky pou\u017e\u00edv\u00e1n\u00ed<\/a><\/li>\n<li id=\"menu-item-4060\" class=\"menu-item menu-item-type-post_type menu-item-object-page menu-item-4060\"><a href=\"https:\/\/www.vangraaf.com\/cz\/ochrana-osobnich-udaju\/\">Ochrana osobn\u00edch \u00fadaj\u016f<\/a><\/li>\n<li id=\"menu-item-13161\" class=\"menu-item menu-item-type-custom menu-item-object-custom menu-item-13161\"><a href=\"https:\/\/www.vangraaf.com\/cz\/wp-content\/uploads\/sites\/2\/2021\/05\/2240927__Complaints-Process_CZ.pdf\">Reklama\u010dn\u00ed \u0159\u00e1d<\/a><\/li>\n<li id=\"menu-item-5381\" class=\"menu-item menu-item-type-post_type menu-item-object-page menu-item-5381\"><a href=\"https:\/\/www.vangraaf.com\/cz\/mapa-webu\/\">Mapa webu<\/a><\/li>\n<li id=\"menu-item-8031\" class=\"uc-service-layer menu-item menu-item-type-custom menu-item-object-custom menu-item-8031\"><a href=\"#\">Nastaven\u00ed cookies<\/a><\/li>\n<\/ul><\/nav><\/div>[\/vc_column_text][\/vc_column][\/vc_row]<\/div>","protected":false},"excerpt":{"rendered":"[vc_row bwd_tbc4vd_show_weekday=&#8220;&#8220; full_width=&#8220;stretch_row_content_no_spaces&#8220;][vc_column][vc_column_text][\/vc_column_text][\/vc_column][\/vc_row]","protected":false},"author":6,"featured_media":0,"parent":0,"menu_order":0,"comment_status":"closed","ping_status":"closed","template":"","meta":{"_acf_changed":false,"inline_featured_image":false,"footnotes":""},"class_list":["post-5379","page","type-page","status-publish","hentry"],"acf":[],"yoast_head":"<!-- This site is optimized with the Yoast SEO plugin v27.2 - https:\/\/yoast.com\/product\/yoast-seo-wordpress\/ -->\n<title>Mapa webu VAN GRAAF<\/title>\n<meta name=\"description\" content=\"Na t\u00e9to str\u00e1nce najdete \u00faplnou a hierarchicky uspo\u0159\u00e1danou strukturu na\u0161ich webov\u00fdch str\u00e1nek VAN GRAAF.\" \/>\n<meta name=\"robots\" content=\"index, follow, max-snippet:-1, max-image-preview:large, max-video-preview:-1\" \/>\n<link rel=\"canonical\" href=\"https:\/\/www.vangraaf.com\/cz\/mapa-webu\/\" \/>\n<meta property=\"og:locale\" content=\"cs_CZ\" \/>\n<meta property=\"og:type\" content=\"article\" \/>\n<meta property=\"og:title\" content=\"Mapa webu VAN GRAAF\" \/>\n<meta property=\"og:description\" content=\"Na t\u00e9to str\u00e1nce najdete \u00faplnou a hierarchicky uspo\u0159\u00e1danou strukturu na\u0161ich webov\u00fdch str\u00e1nek VAN GRAAF.\" \/>\n<meta property=\"og:url\" content=\"https:\/\/www.vangraaf.com\/cz\/mapa-webu\/\" \/>\n<meta property=\"og:site_name\" content=\"VAN GRAAF \u010cesk\u00e1 republika\" \/>\n<meta property=\"article:modified_time\" content=\"2021-03-01T12:49:36+00:00\" \/>\n<meta name=\"twitter:card\" content=\"summary_large_image\" \/>\n<script type=\"application\/ld+json\" class=\"yoast-schema-graph\">{\"@context\":\"https:\/\/schema.org\",\"@graph\":[{\"@type\":\"WebPage\",\"@id\":\"https:\/\/www.vangraaf.com\/cz\/mapa-webu\/\",\"url\":\"https:\/\/www.vangraaf.com\/cz\/mapa-webu\/\",\"name\":\"Mapa webu VAN GRAAF\",\"isPartOf\":{\"@id\":\"https:\/\/www.vangraaf.com\/cz\/#website\"},\"datePublished\":\"2020-07-24T05:54:55+00:00\",\"dateModified\":\"2021-03-01T12:49:36+00:00\",\"description\":\"Na t\u00e9to str\u00e1nce najdete \u00faplnou a hierarchicky uspo\u0159\u00e1danou strukturu na\u0161ich webov\u00fdch str\u00e1nek VAN GRAAF.\",\"breadcrumb\":{\"@id\":\"https:\/\/www.vangraaf.com\/cz\/mapa-webu\/#breadcrumb\"},\"inLanguage\":\"cs\",\"potentialAction\":[{\"@type\":\"ReadAction\",\"target\":[\"https:\/\/www.vangraaf.com\/cz\/mapa-webu\/\"]}]},{\"@type\":\"BreadcrumbList\",\"@id\":\"https:\/\/www.vangraaf.com\/cz\/mapa-webu\/#breadcrumb\",\"itemListElement\":[{\"@type\":\"ListItem\",\"position\":1,\"name\":\"Home\",\"item\":\"https:\/\/www.vangraaf.com\/cz\/\"},{\"@type\":\"ListItem\",\"position\":2,\"name\":\"Sitemap\"}]},{\"@type\":\"WebSite\",\"@id\":\"https:\/\/www.vangraaf.com\/cz\/#website\",\"url\":\"https:\/\/www.vangraaf.com\/cz\/\",\"name\":\"VAN GRAAF\",\"description\":\"VAN GRAAF\",\"potentialAction\":[{\"@type\":\"SearchAction\",\"target\":{\"@type\":\"EntryPoint\",\"urlTemplate\":\"https:\/\/www.vangraaf.com\/cz\/?s={search_term_string}\"},\"query-input\":{\"@type\":\"PropertyValueSpecification\",\"valueRequired\":true,\"valueName\":\"search_term_string\"}}],\"inLanguage\":\"cs\"}]}<\/script>\n<!-- \/ Yoast SEO plugin. -->","yoast_head_json":{"title":"Mapa webu VAN GRAAF","description":"Na t\u00e9to str\u00e1nce najdete \u00faplnou a hierarchicky uspo\u0159\u00e1danou strukturu na\u0161ich webov\u00fdch str\u00e1nek VAN GRAAF.","robots":{"index":"index","follow":"follow","max-snippet":"max-snippet:-1","max-image-preview":"max-image-preview:large","max-video-preview":"max-video-preview:-1"},"canonical":"https:\/\/www.vangraaf.com\/cz\/mapa-webu\/","og_locale":"cs_CZ","og_type":"article","og_title":"Mapa webu VAN GRAAF","og_description":"Na t\u00e9to str\u00e1nce najdete \u00faplnou a hierarchicky uspo\u0159\u00e1danou strukturu na\u0161ich webov\u00fdch str\u00e1nek VAN GRAAF.","og_url":"https:\/\/www.vangraaf.com\/cz\/mapa-webu\/","og_site_name":"VAN GRAAF \u010cesk\u00e1 republika","article_modified_time":"2021-03-01T12:49:36+00:00","twitter_card":"summary_large_image","schema":{"@context":"https:\/\/schema.org","@graph":[{"@type":"WebPage","@id":"https:\/\/www.vangraaf.com\/cz\/mapa-webu\/","url":"https:\/\/www.vangraaf.com\/cz\/mapa-webu\/","name":"Mapa webu VAN GRAAF","isPartOf":{"@id":"https:\/\/www.vangraaf.com\/cz\/#website"},"datePublished":"2020-07-24T05:54:55+00:00","dateModified":"2021-03-01T12:49:36+00:00","description":"Na t\u00e9to str\u00e1nce najdete \u00faplnou a hierarchicky uspo\u0159\u00e1danou strukturu na\u0161ich webov\u00fdch str\u00e1nek VAN GRAAF.","breadcrumb":{"@id":"https:\/\/www.vangraaf.com\/cz\/mapa-webu\/#breadcrumb"},"inLanguage":"cs","potentialAction":[{"@type":"ReadAction","target":["https:\/\/www.vangraaf.com\/cz\/mapa-webu\/"]}]},{"@type":"BreadcrumbList","@id":"https:\/\/www.vangraaf.com\/cz\/mapa-webu\/#breadcrumb","itemListElement":[{"@type":"ListItem","position":1,"name":"Home","item":"https:\/\/www.vangraaf.com\/cz\/"},{"@type":"ListItem","position":2,"name":"Sitemap"}]},{"@type":"WebSite","@id":"https:\/\/www.vangraaf.com\/cz\/#website","url":"https:\/\/www.vangraaf.com\/cz\/","name":"VAN GRAAF","description":"VAN GRAAF","potentialAction":[{"@type":"SearchAction","target":{"@type":"EntryPoint","urlTemplate":"https:\/\/www.vangraaf.com\/cz\/?s={search_term_string}"},"query-input":{"@type":"PropertyValueSpecification","valueRequired":true,"valueName":"search_term_string"}}],"inLanguage":"cs"}]}},"_links":{"self":[{"href":"https:\/\/www.vangraaf.com\/cz\/wp-json\/wp\/v2\/pages\/5379","targetHints":{"allow":["GET"]}}],"collection":[{"href":"https:\/\/www.vangraaf.com\/cz\/wp-json\/wp\/v2\/pages"}],"about":[{"href":"https:\/\/www.vangraaf.com\/cz\/wp-json\/wp\/v2\/types\/page"}],"author":[{"embeddable":true,"href":"https:\/\/www.vangraaf.com\/cz\/wp-json\/wp\/v2\/users\/6"}],"replies":[{"embeddable":true,"href":"https:\/\/www.vangraaf.com\/cz\/wp-json\/wp\/v2\/comments?post=5379"}],"version-history":[{"count":5,"href":"https:\/\/www.vangraaf.com\/cz\/wp-json\/wp\/v2\/pages\/5379\/revisions"}],"predecessor-version":[{"id":5989,"href":"https:\/\/www.vangraaf.com\/cz\/wp-json\/wp\/v2\/pages\/5379\/revisions\/5989"}],"wp:attachment":[{"href":"https:\/\/www.vangraaf.com\/cz\/wp-json\/wp\/v2\/media?parent=5379"}],"curies":[{"name":"wp","href":"https:\/\/api.w.org\/{rel}","templated":true}]}}