{"id":3961,"date":"2020-02-24T10:52:45","date_gmt":"2020-02-24T09:52:45","guid":{"rendered":"http:\/\/van-graaf.test\/ch\/?page_id=2515"},"modified":"2025-12-15T14:21:10","modified_gmt":"2025-12-15T13:21:10","slug":"podminky-pouzivani","status":"publish","type":"page","link":"https:\/\/www.vangraaf.com\/cz\/podminky-pouzivani\/","title":{"rendered":"Nutzungsbedingungen"},"content":{"rendered":"<div class=\"wpb-content-wrapper\">[vc_row full_width=&#8220;stretch_row_content_no_spaces&#8220;][vc_column]\n        <div class=\"headlines headlines--center\" data-aos=\"fade-up\">\n            <div class=\"vc_row\">\n                <div class=\"vc_col-md-10 vc_col-md-offset-1 vc_col-lg-10 vc_col-lg-offset-1\"><h1 class=\"h2\">Podm\u00ednky pou\u017e\u00edv\u00e1n\u00ed<\/h1><\/div>\n            <\/div>\n        <\/div>[vc_column_text]Webov\u00e9 str\u00e1nky VAN GRAAF mohou obsahovat odkazy na jin\u00e9 internetov\u00e9 str\u00e1nky, kter\u00e9 jsou ve vlastnictv\u00ed t\u0159et\u00edch osob (d\u00e1le jen &#8222;odkazovan\u00e9 extern\u00ed internetov\u00e9 str\u00e1nky&#8220;). Spole\u010dnost VAN GRAAF se t\u00edmto v\u00fdslovn\u011b distancuje od obsahu v\u0161ech odkazovan\u00fdch extern\u00edch internetov\u00fdch str\u00e1nek a obsah t\u011bchto internetov\u00fdch str\u00e1nek nep\u0159ij\u00edm\u00e1 za obsah vlastn\u00edch webov\u00fdch str\u00e1nek. Spole\u010dnost VAN GRAAF nep\u0159ij\u00edm\u00e1 jakoukoliv odpov\u011bdnost za obsah odkazovan\u00fdch extern\u00edch internetov\u00fdch str\u00e1nek, leda by spole\u010dnost VAN GRAAF obsah p\u0159edm\u011btn\u00e9 odkazovan\u00e9 extern\u00ed internetov\u00e9 str\u00e1nky znala, byla si v\u011bdoma jeho protipr\u00e1vn\u00edho obsahu a bylo pro spole\u010dnost VAN GRAAF technicky mo\u017en\u00e9 a ekonomicky rozumn\u011b po\u017eadovateln\u00e9, aby u\u017e\u00edv\u00e1n\u00ed takov\u00e9 odkazovan\u00e9 extern\u00ed internetov\u00e9 str\u00e1nky zabr\u00e1nila. Spole\u010dnost VAN GRAAF prohla\u0161uje, \u017ee v dob\u011b, kdy spole\u010dnost VAN GRAAF na sv\u00e9 webov\u00e9 str\u00e1nky odkazy na odkazovan\u00e9 extern\u00ed internetov\u00e9 str\u00e1nky um\u00edstila, neobsahovaly odkazovan\u00e9 extern\u00ed internetov\u00e9 str\u00e1nky protipr\u00e1vn\u00ed obsah. Spole\u010dnost VAN GRAAF zd\u016fraz\u0148uje, \u017ee nen\u00ed schopna jak\u00fdmkoliv zp\u016fsobem ovlivnit budouc\u00ed podobu \u010di obsah odkazovan\u00fdch extern\u00edch internetov\u00fdch str\u00e1nek.\r\n\r\nSpole\u010dnost VAN GRAAF nep\u0159ij\u00edm\u00e1 za \u017e\u00e1dn\u00fdch okolnost\u00ed odpov\u011bdnost za \u0161kodu, kter\u00e1 vznikne z u\u017e\u00edv\u00e1n\u00ed nebo nemo\u017enosti u\u017e\u00edv\u00e1n\u00ed odkazovan\u00fdch extern\u00edch internetov\u00fdch str\u00e1nek. Spole\u010dnost VAN GRAAF t\u00e9\u017e nep\u0159eb\u00edr\u00e1 odpov\u011bdnost za obsah extern\u00edch internetov\u00fdch str\u00e1nek, kter\u00e9 obsahuj\u00ed odkaz na webov\u00e9 str\u00e1nky spole\u010dnosti VAN GRAAF \u010di na specifick\u00fd obsah webov\u00fdch str\u00e1nek spole\u010dnosti VAN GRAAF.\r\n\r\nWebov\u00e9 str\u00e1nky spole\u010dnosti VAN GRAAF jsou ur\u010deny k Va\u0161emu osobn\u00edmu a nekomer\u010dn\u00edmu u\u017e\u00edv\u00e1n\u00ed. U\u017eivatel nen\u00ed opr\u00e1vn\u011bn m\u011bnit, kop\u00edrovat, rozes\u00edlat, vys\u00edlat, uve\u0159ej\u0148ovat, poskytovat licence, p\u0159en\u00e1\u0161et ani jakkoliv ve\u0159ejn\u011b p\u0159edv\u00e1d\u011bt jak\u00e9koliv informace, text \u010di obr\u00e1zky maj\u00edc\u00ed p\u016fvod ve webov\u00fdch str\u00e1nk\u00e1ch spole\u010dnosti VAN GRAAF, ani je pou\u017e\u00edvat jako z\u00e1klad pro jak\u00fdkoli materi\u00e1l, ani uve\u0159ej\u0148ovat nebo prod\u00e1vat jak\u00e9koli v\u00fd\u0148atky \u010di \u010d\u00e1sti obsahu webov\u00fdch str\u00e1nek spole\u010dnosti VAN GRAAF. Spole\u010dnost VAN GRAAF povoluje ukl\u00e1d\u00e1n\u00ed text\u016f v\u00fdlu\u010dn\u011b k soukrom\u00e9mu pou\u017eit\u00ed a citaci. Jak\u00e9koli ukl\u00e1d\u00e1n\u00ed nebo pou\u017eit\u00ed \u00fadaj\u016f k jin\u00fdm \u00fa\u010del\u016fm podl\u00e9h\u00e1 na\u0161emu p\u0159edchoz\u00edmu p\u00edsemn\u00e9mu souhlasu.\r\n\r\nOdkazy na webov\u00e9 str\u00e1nky spole\u010dnosti VAN GRAAF mohou b\u00fdt na extern\u00edch internetov\u00fdch str\u00e1nk\u00e1ch provozovan\u00fdch t\u0159et\u00edmi osobami um\u00edst\u011bny pouze na z\u00e1klad\u011b p\u0159edchoz\u00edho p\u00edsemn\u00e9ho souhlasu spole\u010dnosti VAN GRAAF.[\/vc_column_text][\/vc_column][\/vc_row]<\/div>","protected":false},"excerpt":{"rendered":"[vc_row full_width=&#8220;stretch_row_content_no_spaces&#8220;][vc_column][vc_column_text]Webov\u00e9 str\u00e1nky VAN GRAAF mohou obsahovat odkazy na jin\u00e9 internetov\u00e9 str\u00e1nky, kter\u00e9 jsou ve vlastnictv\u00ed t\u0159et\u00edch osob (d\u00e1le jen &#8222;odkazovan\u00e9 extern\u00ed internetov\u00e9 str\u00e1nky&#8220;). Spole\u010dnost VAN GRAAF se t\u00edmto v\u00fdslovn\u011b distancuje od obsahu v\u0161ech odkazovan\u00fdch extern\u00edch internetov\u00fdch str\u00e1nek a obsah t\u011bchto internetov\u00fdch str\u00e1nek nep\u0159ij\u00edm\u00e1 za obsah vlastn\u00edch webov\u00fdch str\u00e1nek. Spole\u010dnost VAN GRAAF nep\u0159ij\u00edm\u00e1 jakoukoliv odpov\u011bdnost [&hellip;]","protected":false},"author":5,"featured_media":0,"parent":0,"menu_order":0,"comment_status":"closed","ping_status":"closed","template":"","meta":{"_acf_changed":false,"inline_featured_image":false,"footnotes":""},"class_list":["post-3961","page","type-page","status-publish","hentry"],"acf":[],"yoast_head":"<!-- This site is optimized with the Yoast SEO plugin v27.2 - https:\/\/yoast.com\/product\/yoast-seo-wordpress\/ -->\n<title>Podm\u00ednky pou\u017e\u00edv\u00e1n\u00ed | VAN GRAAF Czechia<\/title>\n<meta name=\"description\" content=\"ebov\u00e9 str\u00e1nky VAN GRAAF mohou obsahovat odkazy na jin\u00e9 internetov\u00e9 str\u00e1nky, kter\u00e9 jsou ve vlastnictv\u00ed t\u0159et\u00edch osob.\" \/>\n<meta name=\"robots\" content=\"index, follow, max-snippet:-1, max-image-preview:large, max-video-preview:-1\" \/>\n<link rel=\"canonical\" href=\"https:\/\/www.vangraaf.com\/cz\/podminky-pouzivani\/\" \/>\n<meta property=\"og:locale\" content=\"cs_CZ\" \/>\n<meta property=\"og:type\" content=\"article\" \/>\n<meta property=\"og:title\" content=\"Podm\u00ednky pou\u017e\u00edv\u00e1n\u00ed | VAN GRAAF Czechia\" \/>\n<meta property=\"og:description\" content=\"ebov\u00e9 str\u00e1nky VAN GRAAF mohou obsahovat odkazy na jin\u00e9 internetov\u00e9 str\u00e1nky, kter\u00e9 jsou ve vlastnictv\u00ed t\u0159et\u00edch osob.\" \/>\n<meta property=\"og:url\" content=\"https:\/\/www.vangraaf.com\/cz\/podminky-pouzivani\/\" \/>\n<meta property=\"og:site_name\" content=\"VAN GRAAF \u010cesk\u00e1 republika\" \/>\n<meta property=\"article:modified_time\" content=\"2025-12-15T13:21:10+00:00\" \/>\n<meta name=\"twitter:card\" content=\"summary_large_image\" \/>\n<meta name=\"twitter:label1\" content=\"Odhadovan\u00e1 doba \u010dten\u00ed\" \/>\n\t<meta name=\"twitter:data1\" content=\"3 minuty\" \/>\n<script type=\"application\/ld+json\" class=\"yoast-schema-graph\">{\"@context\":\"https:\/\/schema.org\",\"@graph\":[{\"@type\":\"WebPage\",\"@id\":\"https:\/\/www.vangraaf.com\/cz\/podminky-pouzivani\/\",\"url\":\"https:\/\/www.vangraaf.com\/cz\/podminky-pouzivani\/\",\"name\":\"Podm\u00ednky pou\u017e\u00edv\u00e1n\u00ed | VAN GRAAF Czechia\",\"isPartOf\":{\"@id\":\"https:\/\/www.vangraaf.com\/cz\/#website\"},\"datePublished\":\"2020-02-24T09:52:45+00:00\",\"dateModified\":\"2025-12-15T13:21:10+00:00\",\"description\":\"ebov\u00e9 str\u00e1nky VAN GRAAF mohou obsahovat odkazy na jin\u00e9 internetov\u00e9 str\u00e1nky, kter\u00e9 jsou ve vlastnictv\u00ed t\u0159et\u00edch osob.\",\"breadcrumb\":{\"@id\":\"https:\/\/www.vangraaf.com\/cz\/podminky-pouzivani\/#breadcrumb\"},\"inLanguage\":\"cs\",\"potentialAction\":[{\"@type\":\"ReadAction\",\"target\":[\"https:\/\/www.vangraaf.com\/cz\/podminky-pouzivani\/\"]}]},{\"@type\":\"BreadcrumbList\",\"@id\":\"https:\/\/www.vangraaf.com\/cz\/podminky-pouzivani\/#breadcrumb\",\"itemListElement\":[{\"@type\":\"ListItem\",\"position\":1,\"name\":\"Home\",\"item\":\"https:\/\/www.vangraaf.com\/cz\/\"},{\"@type\":\"ListItem\",\"position\":2,\"name\":\"Nutzungsbedingungen\"}]},{\"@type\":\"WebSite\",\"@id\":\"https:\/\/www.vangraaf.com\/cz\/#website\",\"url\":\"https:\/\/www.vangraaf.com\/cz\/\",\"name\":\"VAN GRAAF\",\"description\":\"VAN GRAAF\",\"potentialAction\":[{\"@type\":\"SearchAction\",\"target\":{\"@type\":\"EntryPoint\",\"urlTemplate\":\"https:\/\/www.vangraaf.com\/cz\/?s={search_term_string}\"},\"query-input\":{\"@type\":\"PropertyValueSpecification\",\"valueRequired\":true,\"valueName\":\"search_term_string\"}}],\"inLanguage\":\"cs\"}]}<\/script>\n<!-- \/ Yoast SEO plugin. -->","yoast_head_json":{"title":"Podm\u00ednky pou\u017e\u00edv\u00e1n\u00ed | VAN GRAAF Czechia","description":"ebov\u00e9 str\u00e1nky VAN GRAAF mohou obsahovat odkazy na jin\u00e9 internetov\u00e9 str\u00e1nky, kter\u00e9 jsou ve vlastnictv\u00ed t\u0159et\u00edch osob.","robots":{"index":"index","follow":"follow","max-snippet":"max-snippet:-1","max-image-preview":"max-image-preview:large","max-video-preview":"max-video-preview:-1"},"canonical":"https:\/\/www.vangraaf.com\/cz\/podminky-pouzivani\/","og_locale":"cs_CZ","og_type":"article","og_title":"Podm\u00ednky pou\u017e\u00edv\u00e1n\u00ed | VAN GRAAF Czechia","og_description":"ebov\u00e9 str\u00e1nky VAN GRAAF mohou obsahovat odkazy na jin\u00e9 internetov\u00e9 str\u00e1nky, kter\u00e9 jsou ve vlastnictv\u00ed t\u0159et\u00edch osob.","og_url":"https:\/\/www.vangraaf.com\/cz\/podminky-pouzivani\/","og_site_name":"VAN GRAAF \u010cesk\u00e1 republika","article_modified_time":"2025-12-15T13:21:10+00:00","twitter_card":"summary_large_image","twitter_misc":{"Odhadovan\u00e1 doba \u010dten\u00ed":"3 minuty"},"schema":{"@context":"https:\/\/schema.org","@graph":[{"@type":"WebPage","@id":"https:\/\/www.vangraaf.com\/cz\/podminky-pouzivani\/","url":"https:\/\/www.vangraaf.com\/cz\/podminky-pouzivani\/","name":"Podm\u00ednky pou\u017e\u00edv\u00e1n\u00ed | VAN GRAAF Czechia","isPartOf":{"@id":"https:\/\/www.vangraaf.com\/cz\/#website"},"datePublished":"2020-02-24T09:52:45+00:00","dateModified":"2025-12-15T13:21:10+00:00","description":"ebov\u00e9 str\u00e1nky VAN GRAAF mohou obsahovat odkazy na jin\u00e9 internetov\u00e9 str\u00e1nky, kter\u00e9 jsou ve vlastnictv\u00ed t\u0159et\u00edch osob.","breadcrumb":{"@id":"https:\/\/www.vangraaf.com\/cz\/podminky-pouzivani\/#breadcrumb"},"inLanguage":"cs","potentialAction":[{"@type":"ReadAction","target":["https:\/\/www.vangraaf.com\/cz\/podminky-pouzivani\/"]}]},{"@type":"BreadcrumbList","@id":"https:\/\/www.vangraaf.com\/cz\/podminky-pouzivani\/#breadcrumb","itemListElement":[{"@type":"ListItem","position":1,"name":"Home","item":"https:\/\/www.vangraaf.com\/cz\/"},{"@type":"ListItem","position":2,"name":"Nutzungsbedingungen"}]},{"@type":"WebSite","@id":"https:\/\/www.vangraaf.com\/cz\/#website","url":"https:\/\/www.vangraaf.com\/cz\/","name":"VAN GRAAF","description":"VAN GRAAF","potentialAction":[{"@type":"SearchAction","target":{"@type":"EntryPoint","urlTemplate":"https:\/\/www.vangraaf.com\/cz\/?s={search_term_string}"},"query-input":{"@type":"PropertyValueSpecification","valueRequired":true,"valueName":"search_term_string"}}],"inLanguage":"cs"}]}},"_links":{"self":[{"href":"https:\/\/www.vangraaf.com\/cz\/wp-json\/wp\/v2\/pages\/3961","targetHints":{"allow":["GET"]}}],"collection":[{"href":"https:\/\/www.vangraaf.com\/cz\/wp-json\/wp\/v2\/pages"}],"about":[{"href":"https:\/\/www.vangraaf.com\/cz\/wp-json\/wp\/v2\/types\/page"}],"author":[{"embeddable":true,"href":"https:\/\/www.vangraaf.com\/cz\/wp-json\/wp\/v2\/users\/5"}],"replies":[{"embeddable":true,"href":"https:\/\/www.vangraaf.com\/cz\/wp-json\/wp\/v2\/comments?post=3961"}],"version-history":[{"count":9,"href":"https:\/\/www.vangraaf.com\/cz\/wp-json\/wp\/v2\/pages\/3961\/revisions"}],"predecessor-version":[{"id":20891,"href":"https:\/\/www.vangraaf.com\/cz\/wp-json\/wp\/v2\/pages\/3961\/revisions\/20891"}],"wp:attachment":[{"href":"https:\/\/www.vangraaf.com\/cz\/wp-json\/wp\/v2\/media?parent=3961"}],"curies":[{"name":"wp","href":"https:\/\/api.w.org\/{rel}","templated":true}]}}