{"id":3936,"date":"2020-02-24T10:49:49","date_gmt":"2020-02-24T09:49:49","guid":{"rendered":"http:\/\/van-graaf.test\/ch\/?page_id=2509"},"modified":"2025-07-04T16:50:53","modified_gmt":"2025-07-04T14:50:53","slug":"spravce-stranek","status":"publish","type":"page","link":"https:\/\/www.vangraaf.com\/cz\/spravce-stranek\/","title":{"rendered":"Impressum"},"content":{"rendered":"<div class=\"wpb-content-wrapper\">[vc_row full_width=&#8220;stretch_row_content_no_spaces&#8220;][vc_column]<div class=\"keyvisual\" data-aos=\"fade-up\" ><img loading=\"lazy\" decoding=\"async\" width=\"1440\" height=\"480\" src=\"https:\/\/www.vangraaf.com\/cz\/wp-content\/uploads\/sites\/2\/2020\/02\/Impressum_Banner_WP.jpg\" class=\"vc_single_image-img\" alt=\"Nemohu \u0159\u00edct, kdo jsou lid\u00e9 na obr\u00e1zku.\" srcset=\"https:\/\/www.vangraaf.com\/cz\/wp-content\/uploads\/sites\/2\/2020\/02\/Impressum_Banner_WP.jpg 1440w, https:\/\/www.vangraaf.com\/cz\/wp-content\/uploads\/sites\/2\/2020\/02\/Impressum_Banner_WP-300x100.jpg 300w, https:\/\/www.vangraaf.com\/cz\/wp-content\/uploads\/sites\/2\/2020\/02\/Impressum_Banner_WP-1024x341.jpg 1024w, https:\/\/www.vangraaf.com\/cz\/wp-content\/uploads\/sites\/2\/2020\/02\/Impressum_Banner_WP-768x256.jpg 768w, https:\/\/www.vangraaf.com\/cz\/wp-content\/uploads\/sites\/2\/2020\/02\/Impressum_Banner_WP-1200x400.jpg 1200w, https:\/\/www.vangraaf.com\/cz\/wp-content\/uploads\/sites\/2\/2020\/02\/Impressum_Banner_WP-992x331.jpg 992w, https:\/\/www.vangraaf.com\/cz\/wp-content\/uploads\/sites\/2\/2020\/02\/Impressum_Banner_WP-480x160.jpg 480w, https:\/\/www.vangraaf.com\/cz\/wp-content\/uploads\/sites\/2\/2020\/02\/Impressum_Banner_WP-690x230.jpg 690w\" sizes=\"(max-width: 1440px) 100vw, 1440px\" \/><\/div>\n        <div class=\"headlines headlines--center\" data-aos=\"fade-up\">\n            <div class=\"vc_row\">\n                <div class=\"vc_col-md-10 vc_col-md-offset-1 vc_col-lg-10 vc_col-lg-offset-1\"><h1 class=\"h2\">Spr\u00e1vce str\u00e1nek<\/h1><\/div>\n            <\/div>\n        <\/div>[vc_column_text]\r\n<div id=\"c1643\" class=\"block-text container-fluid \">\r\n<div class=\"smaller-inner-wrapper\">\r\n<p class=\"headline headline--level-2\"><strong>Adresa<\/strong><\/p>\r\nVAN\u00a0GRAAF, k.s.\r\nS\u00eddlo spole\u010dnosti: Ve Svahu 482\/5, 14700 Praha\r\nSpisov\u00e1 zna\u010dka: A 58478 veden\u00e1 u M\u011bstsk\u00e9ho soudu v Praze\r\nI\u010c: 279 50 638\r\nKomplement\u00e1\u0159: VAN\u00a0GRAAF, s.r.o.\r\nSpole\u010dn\u00edci: VAN\u00a0GRAAF, s.r.o. a van Graaf Gmbh &amp; Co KG se s\u00eddlem ve V\u00eddni\r\n\r\ne-mail: service.praha@vangraaf.com\r\nfax: +42 (0) 296 304 201\r\n\r\nVe\u0161ker\u00e1 data, texty a obr\u00e1zky jsou vlastnictv\u00edm VAN\u00a0GRAAF. Jejich pou\u017e\u00edv\u00e1n\u00ed k podnikatelsk\u00fdm \u00fa\u010del\u016fm je zak\u00e1zan\u00e9.\r\n\r\nImpresum se vztahuje tak\u00e9 na na\u0161e facebookov\u00e9 str\u00e1nky <a href=\"https:\/\/www.facebook.com\/VANGRAAFCZ\/\" target=\"_blank\" rel=\"noopener noreferrer\">www.facebook.com\/VANGRAAFCZ<\/a>.\r\n\r\n<span data-teams=\"true\">Technickou realizaci a podporu zaji\u0161\u0165uje <a href=\"https:\/\/www.pluspol-interactive.de\/\">PLUSPOL interactive<\/a>.<\/span>\r\n\r\n<\/div>\r\n<\/div>\r\n[\/vc_column_text][\/vc_column][\/vc_row]<\/div>","protected":false},"excerpt":{"rendered":"[vc_row full_width=&#8220;stretch_row_content_no_spaces&#8220;][vc_column][vc_column_text] Adresa VAN\u00a0GRAAF, k.s. S\u00eddlo spole\u010dnosti: Ve Svahu 482\/5, 14700 Praha Spisov\u00e1 zna\u010dka: A 58478 veden\u00e1 u M\u011bstsk\u00e9ho soudu v Praze I\u010c: 279 50 638 Komplement\u00e1\u0159: VAN\u00a0GRAAF, s.r.o. Spole\u010dn\u00edci: VAN\u00a0GRAAF, s.r.o. a van Graaf Gmbh &amp; Co KG se s\u00eddlem ve V\u00eddni e-mail: service.praha@vangraaf.com fax: +42 (0) 296 304 201 Ve\u0161ker\u00e1 data, texty a [&hellip;]","protected":false},"author":5,"featured_media":0,"parent":0,"menu_order":0,"comment_status":"closed","ping_status":"closed","template":"","meta":{"_acf_changed":false,"inline_featured_image":false,"footnotes":""},"class_list":["post-3936","page","type-page","status-publish","hentry"],"acf":[],"yoast_head":"<!-- This site is optimized with the Yoast SEO plugin v27.2 - https:\/\/yoast.com\/product\/yoast-seo-wordpress\/ -->\n<title>Impresum spole\u010dnosti VAN GRAAF GmbH &amp; Co. KG<\/title>\n<meta name=\"description\" content=\"Zde najdete adresu, kontaktn\u00ed \u00fadaje a dal\u0161\u00ed informace o spole\u010dnosti VAN GRAAF GmbH &amp; Co. KG.\" \/>\n<meta name=\"robots\" content=\"index, follow, max-snippet:-1, max-image-preview:large, max-video-preview:-1\" \/>\n<link rel=\"canonical\" href=\"https:\/\/www.vangraaf.com\/cz\/spravce-stranek\/\" \/>\n<meta property=\"og:locale\" content=\"cs_CZ\" \/>\n<meta property=\"og:type\" content=\"article\" \/>\n<meta property=\"og:title\" content=\"Impresum spole\u010dnosti VAN GRAAF GmbH &amp; Co. KG\" \/>\n<meta property=\"og:description\" content=\"Zde najdete adresu, kontaktn\u00ed \u00fadaje a dal\u0161\u00ed informace o spole\u010dnosti VAN GRAAF GmbH &amp; Co. KG.\" \/>\n<meta property=\"og:url\" content=\"https:\/\/www.vangraaf.com\/cz\/spravce-stranek\/\" \/>\n<meta property=\"og:site_name\" content=\"VAN GRAAF \u010cesk\u00e1 republika\" \/>\n<meta property=\"article:modified_time\" content=\"2025-07-04T14:50:53+00:00\" \/>\n<meta name=\"twitter:card\" content=\"summary_large_image\" \/>\n<meta name=\"twitter:label1\" content=\"Odhadovan\u00e1 doba \u010dten\u00ed\" \/>\n\t<meta name=\"twitter:data1\" content=\"1 minuta\" \/>\n<script type=\"application\/ld+json\" class=\"yoast-schema-graph\">{\"@context\":\"https:\/\/schema.org\",\"@graph\":[{\"@type\":\"WebPage\",\"@id\":\"https:\/\/www.vangraaf.com\/cz\/spravce-stranek\/\",\"url\":\"https:\/\/www.vangraaf.com\/cz\/spravce-stranek\/\",\"name\":\"Impresum spole\u010dnosti VAN GRAAF GmbH & Co. KG\",\"isPartOf\":{\"@id\":\"https:\/\/www.vangraaf.com\/cz\/#website\"},\"datePublished\":\"2020-02-24T09:49:49+00:00\",\"dateModified\":\"2025-07-04T14:50:53+00:00\",\"description\":\"Zde najdete adresu, kontaktn\u00ed \u00fadaje a dal\u0161\u00ed informace o spole\u010dnosti VAN GRAAF GmbH & Co. KG.\",\"breadcrumb\":{\"@id\":\"https:\/\/www.vangraaf.com\/cz\/spravce-stranek\/#breadcrumb\"},\"inLanguage\":\"cs\",\"potentialAction\":[{\"@type\":\"ReadAction\",\"target\":[\"https:\/\/www.vangraaf.com\/cz\/spravce-stranek\/\"]}]},{\"@type\":\"BreadcrumbList\",\"@id\":\"https:\/\/www.vangraaf.com\/cz\/spravce-stranek\/#breadcrumb\",\"itemListElement\":[{\"@type\":\"ListItem\",\"position\":1,\"name\":\"Home\",\"item\":\"https:\/\/www.vangraaf.com\/cz\/\"},{\"@type\":\"ListItem\",\"position\":2,\"name\":\"Impressum\"}]},{\"@type\":\"WebSite\",\"@id\":\"https:\/\/www.vangraaf.com\/cz\/#website\",\"url\":\"https:\/\/www.vangraaf.com\/cz\/\",\"name\":\"VAN GRAAF\",\"description\":\"VAN GRAAF\",\"potentialAction\":[{\"@type\":\"SearchAction\",\"target\":{\"@type\":\"EntryPoint\",\"urlTemplate\":\"https:\/\/www.vangraaf.com\/cz\/?s={search_term_string}\"},\"query-input\":{\"@type\":\"PropertyValueSpecification\",\"valueRequired\":true,\"valueName\":\"search_term_string\"}}],\"inLanguage\":\"cs\"}]}<\/script>\n<!-- \/ Yoast SEO plugin. -->","yoast_head_json":{"title":"Impresum spole\u010dnosti VAN GRAAF GmbH & Co. KG","description":"Zde najdete adresu, kontaktn\u00ed \u00fadaje a dal\u0161\u00ed informace o spole\u010dnosti VAN GRAAF GmbH & Co. KG.","robots":{"index":"index","follow":"follow","max-snippet":"max-snippet:-1","max-image-preview":"max-image-preview:large","max-video-preview":"max-video-preview:-1"},"canonical":"https:\/\/www.vangraaf.com\/cz\/spravce-stranek\/","og_locale":"cs_CZ","og_type":"article","og_title":"Impresum spole\u010dnosti VAN GRAAF GmbH & Co. KG","og_description":"Zde najdete adresu, kontaktn\u00ed \u00fadaje a dal\u0161\u00ed informace o spole\u010dnosti VAN GRAAF GmbH & Co. KG.","og_url":"https:\/\/www.vangraaf.com\/cz\/spravce-stranek\/","og_site_name":"VAN GRAAF \u010cesk\u00e1 republika","article_modified_time":"2025-07-04T14:50:53+00:00","twitter_card":"summary_large_image","twitter_misc":{"Odhadovan\u00e1 doba \u010dten\u00ed":"1 minuta"},"schema":{"@context":"https:\/\/schema.org","@graph":[{"@type":"WebPage","@id":"https:\/\/www.vangraaf.com\/cz\/spravce-stranek\/","url":"https:\/\/www.vangraaf.com\/cz\/spravce-stranek\/","name":"Impresum spole\u010dnosti VAN GRAAF GmbH & Co. KG","isPartOf":{"@id":"https:\/\/www.vangraaf.com\/cz\/#website"},"datePublished":"2020-02-24T09:49:49+00:00","dateModified":"2025-07-04T14:50:53+00:00","description":"Zde najdete adresu, kontaktn\u00ed \u00fadaje a dal\u0161\u00ed informace o spole\u010dnosti VAN GRAAF GmbH & Co. KG.","breadcrumb":{"@id":"https:\/\/www.vangraaf.com\/cz\/spravce-stranek\/#breadcrumb"},"inLanguage":"cs","potentialAction":[{"@type":"ReadAction","target":["https:\/\/www.vangraaf.com\/cz\/spravce-stranek\/"]}]},{"@type":"BreadcrumbList","@id":"https:\/\/www.vangraaf.com\/cz\/spravce-stranek\/#breadcrumb","itemListElement":[{"@type":"ListItem","position":1,"name":"Home","item":"https:\/\/www.vangraaf.com\/cz\/"},{"@type":"ListItem","position":2,"name":"Impressum"}]},{"@type":"WebSite","@id":"https:\/\/www.vangraaf.com\/cz\/#website","url":"https:\/\/www.vangraaf.com\/cz\/","name":"VAN GRAAF","description":"VAN GRAAF","potentialAction":[{"@type":"SearchAction","target":{"@type":"EntryPoint","urlTemplate":"https:\/\/www.vangraaf.com\/cz\/?s={search_term_string}"},"query-input":{"@type":"PropertyValueSpecification","valueRequired":true,"valueName":"search_term_string"}}],"inLanguage":"cs"}]}},"_links":{"self":[{"href":"https:\/\/www.vangraaf.com\/cz\/wp-json\/wp\/v2\/pages\/3936","targetHints":{"allow":["GET"]}}],"collection":[{"href":"https:\/\/www.vangraaf.com\/cz\/wp-json\/wp\/v2\/pages"}],"about":[{"href":"https:\/\/www.vangraaf.com\/cz\/wp-json\/wp\/v2\/types\/page"}],"author":[{"embeddable":true,"href":"https:\/\/www.vangraaf.com\/cz\/wp-json\/wp\/v2\/users\/5"}],"replies":[{"embeddable":true,"href":"https:\/\/www.vangraaf.com\/cz\/wp-json\/wp\/v2\/comments?post=3936"}],"version-history":[{"count":12,"href":"https:\/\/www.vangraaf.com\/cz\/wp-json\/wp\/v2\/pages\/3936\/revisions"}],"predecessor-version":[{"id":15003,"href":"https:\/\/www.vangraaf.com\/cz\/wp-json\/wp\/v2\/pages\/3936\/revisions\/15003"}],"wp:attachment":[{"href":"https:\/\/www.vangraaf.com\/cz\/wp-json\/wp\/v2\/media?parent=3936"}],"curies":[{"name":"wp","href":"https:\/\/api.w.org\/{rel}","templated":true}]}}