{"id":3919,"date":"2020-02-20T14:13:27","date_gmt":"2020-02-20T13:13:27","guid":{"rendered":"http:\/\/van-graaf.test\/ch\/404-2\/"},"modified":"2025-12-15T14:09:30","modified_gmt":"2025-12-15T13:09:30","slug":"error-404","status":"publish","type":"page","link":"https:\/\/www.vangraaf.com\/cz\/error-404\/","title":{"rendered":"404"},"content":{"rendered":"<div class=\"wpb-content-wrapper\">[vc_row full_width=&#8220;stretch_row_content_no_spaces&#8220;][vc_column]\n        <div class=\"headlines headlines--center\" data-aos=\"fade-up\">\n            <div class=\"vc_row\">\n                <div class=\"vc_col-md-10 vc_col-md-offset-1 vc_col-lg-10 vc_col-lg-offset-1\"><span class=\"h6\">Error 404<\/span><h1 class=\"h2\">Page not found<\/h1><\/div>\n            <\/div>\n        <\/div>[vc_column_text]\r\n<p style=\"text-align: center\">This page has either been moved and is now available in an other area or it does not exist anymore.<\/p>\r\n<p style=\"text-align: center\"><a class=\"button\" href=\"https:\/\/www.vangraaf.com\/cz\/\">Homepage<\/a><\/p>\r\n[\/vc_column_text][\/vc_column][\/vc_row][vc_row bwd_show_when_type=&#8220;before&#8220; bwd_show_when_date=&#8220;03\/15\/2021 00:00&#8243; bwd_tbc4vd_show_weekday=&#8220;&#8220; disable_element=&#8220;yes&#8220;][vc_column width=&#8220;1\/2&#8243; offset=&#8220;vc_col-lg-4 vc_col-md-4 vc_col-xs-12&#8243;]<div class=\"vg-element cta-teaser cta-teaser--center\" data-aos=\"fade-up\"><div class=\"cta-teaser__image\"><a class=\"\" href=\"http:\/\/vangraaf.com\/cz\/obchod\/praha\/\" target=\"_self\" rel=\"\" style=\"\"><img loading=\"lazy\" decoding=\"async\" width=\"378\" height=\"346\" src=\"https:\/\/www.vangraaf.com\/cz\/wp-content\/uploads\/sites\/2\/2020\/02\/CZ_Haus_Error_03.jpg\" class=\"vc_single_image-img attachment-full\" alt=\"\" title=\"CZ_Haus_Error_03\" srcset=\"https:\/\/www.vangraaf.com\/cz\/wp-content\/uploads\/sites\/2\/2020\/02\/CZ_Haus_Error_03.jpg 378w, https:\/\/www.vangraaf.com\/cz\/wp-content\/uploads\/sites\/2\/2020\/02\/CZ_Haus_Error_03-300x275.jpg 300w\" sizes=\"(max-width: 378px) 100vw, 378px\" \/><\/a><\/div><div class=\"cta-teaser__text\"><h3>VAN GRAAF Praha<\/h3><p>Pokud hled\u00e1te kvalitu a stylov\u00e9 od\u011bvy do pr\u00e1ce nebo na voln\u00fd \u010das od renovovan\u00fdch m\u00f3dn\u00edch zna\u010dek, nikde nenakoup\u00edte tak jako u VAN GRAAF v Praze.<\/p><a class=\"button\" href=\"http:\/\/vangraaf.com\/cz\/obchod\/praha\/\" target=\"_self\" rel=\"\" style=\"\">VAN GRAAF Praha<\/a><\/div><\/div>[\/vc_column][vc_column width=&#8220;1\/2&#8243; offset=&#8220;vc_col-lg-4 vc_col-md-4 vc_col-xs-12&#8243;]<div class=\"vg-element cta-teaser cta-teaser--center\" data-aos=\"fade-up\"><div class=\"cta-teaser__image\"><a class=\"\" href=\"http:\/\/vangraaf.com\/cz\/znacky\/damske-znacky\/\" target=\"_self\" rel=\"\" style=\"\">D\u00e1msk\u00e9 zna\u010dky<\/a><\/div><div class=\"cta-teaser__text\"><h3>Zna\u010dky pro D\u00e1my<\/h3><p>V na\u0161em obchodn\u00edm dom\u011b nab\u00edz\u00edme \u0159adu renomovan\u00fdch a vysoce kvalitn\u00edch zna\u010dek. Kter\u00e9 zna\u010dky u n\u00e1s najdete, zjist\u00edte v na\u0161em seznamu \u2013 od A do Z!<\/p><a class=\"button\" href=\"http:\/\/vangraaf.com\/cz\/znacky\/damske-znacky\/\" target=\"_self\" rel=\"\" style=\"\">D\u00e1msk\u00e9 zna\u010dky<\/a><\/div><\/div>[\/vc_column][vc_column width=&#8220;1\/2&#8243; offset=&#8220;vc_col-lg-4 vc_col-md-4&#8243;]<div class=\"vg-element cta-teaser cta-teaser--center\" data-aos=\"fade-up\"><div class=\"cta-teaser__image\"><a class=\"\" href=\"http:\/\/vangraaf.com\/cz\/znacky\/panske-znacky\/\" target=\"_self\" rel=\"\" style=\"\">P\u00e1nsk\u00e9 zna\u010dky<\/a><\/div><div class=\"cta-teaser__text\"><h3>Zna\u010dky pro Mu\u017ee<\/h3><p>V na\u0161em obchodn\u00edm dom\u011b nab\u00edz\u00edme \u0159adu renomovan\u00fdch a vysoce kvalitn\u00edch zna\u010dek. Kter\u00e9 zna\u010dky u n\u00e1s najdete, zjist\u00edte v na\u0161em seznamu \u2013 od A do Z!<\/p><a class=\"button\" href=\"http:\/\/vangraaf.com\/cz\/znacky\/panske-znacky\/\" target=\"_self\" rel=\"\" style=\"\">P\u00e1nsk\u00e9 zna\u010dky<\/a><\/div><\/div>[\/vc_column][\/vc_row][vc_row bwd_show_when_type=&#8220;after&#8220; bwd_show_when_date=&#8220;03\/15\/2021 00:00&#8243; bwd_tbc4vd_show_weekday=&#8220;&#8220; disable_element=&#8220;yes&#8220;][vc_column width=&#8220;1\/2&#8243; offset=&#8220;vc_col-lg-4 vc_col-md-4 vc_col-xs-12&#8243;]<div class=\"vg-element cta-teaser cta-teaser--center\" data-aos=\"fade-up\"><div class=\"cta-teaser__image\"><a class=\"\" href=\"http:\/\/vangraaf.com\/cz\/obchod\/praha\/\" target=\"_self\" rel=\"\" style=\"\"><img loading=\"lazy\" decoding=\"async\" width=\"378\" height=\"346\" src=\"https:\/\/www.vangraaf.com\/cz\/wp-content\/uploads\/sites\/2\/2020\/02\/CZ_Haus_Error_03.jpg\" class=\"vc_single_image-img attachment-full\" alt=\"\" title=\"CZ_Haus_Error_03\" srcset=\"https:\/\/www.vangraaf.com\/cz\/wp-content\/uploads\/sites\/2\/2020\/02\/CZ_Haus_Error_03.jpg 378w, https:\/\/www.vangraaf.com\/cz\/wp-content\/uploads\/sites\/2\/2020\/02\/CZ_Haus_Error_03-300x275.jpg 300w\" sizes=\"(max-width: 378px) 100vw, 378px\" \/><\/a><\/div><div class=\"cta-teaser__text\"><h3>VAN GRAAF Praha<\/h3><p>Pokud hled\u00e1te kvalitu a stylov\u00e9 od\u011bvy do pr\u00e1ce nebo na voln\u00fd \u010das od renovovan\u00fdch m\u00f3dn\u00edch zna\u010dek, nikde nenakoup\u00edte tak jako u VAN GRAAF v Praze.<\/p><a class=\"button\" href=\"http:\/\/vangraaf.com\/cz\/obchod\/praha\/\" target=\"_self\" rel=\"\" style=\"\">VAN GRAAF Praha<\/a><\/div><\/div>[\/vc_column][vc_column width=&#8220;1\/2&#8243; offset=&#8220;vc_col-lg-4 vc_col-md-4 vc_col-xs-12&#8243;]<div class=\"vg-element cta-teaser cta-teaser--center\" data-aos=\"fade-up\"><div class=\"cta-teaser__image\"><a class=\"\" href=\"http:\/\/vangraaf.com\/cz\/znacky\/damske-znacky\/\" target=\"_self\" rel=\"\" style=\"\"><img loading=\"lazy\" decoding=\"async\" width=\"378\" height=\"346\" src=\"https:\/\/www.vangraaf.com\/cz\/wp-content\/uploads\/sites\/2\/2021\/03\/Marken_DOB_PromoTeaser_WP.jpg\" class=\"vc_single_image-img attachment-full\" alt=\"Osoba v b\u00edl\u00e9m vest\u011b a \u0161ed\u00e9m svetru, op\u0159en\u00e1 o ze\u010f, s pohledem sm\u011b\u0159uj\u00edc\u00edm nahoru.\" title=\"Marken_DOB_PromoTeaser_WP\" srcset=\"https:\/\/www.vangraaf.com\/cz\/wp-content\/uploads\/sites\/2\/2021\/03\/Marken_DOB_PromoTeaser_WP.jpg 378w, https:\/\/www.vangraaf.com\/cz\/wp-content\/uploads\/sites\/2\/2021\/03\/Marken_DOB_PromoTeaser_WP-300x275.jpg 300w\" sizes=\"(max-width: 378px) 100vw, 378px\" \/><\/a><\/div><div class=\"cta-teaser__text\"><h3>Zna\u010dky pro D\u00e1my<\/h3><p>V na\u0161em obchodn\u00edm dom\u011b nab\u00edz\u00edme \u0159adu renomovan\u00fdch a vysoce kvalitn\u00edch zna\u010dek. Kter\u00e9 zna\u010dky u n\u00e1s najdete, zjist\u00edte v na\u0161em seznamu \u2013 od A do Z!<\/p><a class=\"button\" href=\"http:\/\/vangraaf.com\/cz\/znacky\/damske-znacky\/\" target=\"_self\" rel=\"\" style=\"\">D\u00e1msk\u00e9 zna\u010dky<\/a><\/div><\/div>[\/vc_column][vc_column width=&#8220;1\/2&#8243; offset=&#8220;vc_col-lg-4 vc_col-md-4&#8243;]<div class=\"vg-element cta-teaser cta-teaser--center\" data-aos=\"fade-up\"><div class=\"cta-teaser__image\"><a class=\"\" href=\"http:\/\/vangraaf.com\/cz\/znacky\/panske-znacky\/\" target=\"_self\" rel=\"\" style=\"\"><img loading=\"lazy\" decoding=\"async\" width=\"378\" height=\"346\" src=\"https:\/\/www.vangraaf.com\/cz\/wp-content\/uploads\/sites\/2\/2021\/03\/Marken_HAKA_PromoTeaser_WP.jpg\" class=\"vc_single_image-img attachment-full\" alt=\"Mu\u017e v pleten\u00e9m svetru s geometrick\u00fdm vzorem.\" title=\"Marken_HAKA_PromoTeaser_WP\" srcset=\"https:\/\/www.vangraaf.com\/cz\/wp-content\/uploads\/sites\/2\/2021\/03\/Marken_HAKA_PromoTeaser_WP.jpg 378w, https:\/\/www.vangraaf.com\/cz\/wp-content\/uploads\/sites\/2\/2021\/03\/Marken_HAKA_PromoTeaser_WP-300x275.jpg 300w\" sizes=\"(max-width: 378px) 100vw, 378px\" \/><\/a><\/div><div class=\"cta-teaser__text\"><h3>Zna\u010dky pro Mu\u017ee<\/h3><p>V na\u0161em obchodn\u00edm dom\u011b nab\u00edz\u00edme \u0159adu renomovan\u00fdch a vysoce kvalitn\u00edch zna\u010dek. Kter\u00e9 zna\u010dky u n\u00e1s najdete, zjist\u00edte v na\u0161em seznamu \u2013 od A do Z!<\/p><a class=\"button\" href=\"http:\/\/vangraaf.com\/cz\/znacky\/panske-znacky\/\" target=\"_self\" rel=\"\" style=\"\">P\u00e1nsk\u00e9 zna\u010dky<\/a><\/div><\/div>[\/vc_column][\/vc_row]<\/div>","protected":false},"excerpt":{"rendered":"[vc_row full_width=&#8220;stretch_row_content_no_spaces&#8220;][vc_column][vc_column_text] This page has either been moved and is now available in an other area or it does not exist anymore. Homepage [\/vc_column_text][\/vc_column][\/vc_row][vc_row bwd_show_when_type=&#8220;before&#8220; bwd_show_when_date=&#8220;03\/15\/2021 00:00&#8243; bwd_tbc4vd_show_weekday=&#8220;&#8220; disable_element=&#8220;yes&#8220;][vc_column width=&#8220;1\/2&#8243; offset=&#8220;vc_col-lg-4 vc_col-md-4 vc_col-xs-12&#8243;][\/vc_column][vc_column width=&#8220;1\/2&#8243; offset=&#8220;vc_col-lg-4 vc_col-md-4 vc_col-xs-12&#8243;][\/vc_column][vc_column width=&#8220;1\/2&#8243; offset=&#8220;vc_col-lg-4 vc_col-md-4&#8243;][\/vc_column][\/vc_row][vc_row bwd_show_when_type=&#8220;after&#8220; bwd_show_when_date=&#8220;03\/15\/2021 00:00&#8243; bwd_tbc4vd_show_weekday=&#8220;&#8220; disable_element=&#8220;yes&#8220;][vc_column width=&#8220;1\/2&#8243; offset=&#8220;vc_col-lg-4 vc_col-md-4 vc_col-xs-12&#8243;][\/vc_column][vc_column width=&#8220;1\/2&#8243; offset=&#8220;vc_col-lg-4 vc_col-md-4 vc_col-xs-12&#8243;][\/vc_column][vc_column width=&#8220;1\/2&#8243; offset=&#8220;vc_col-lg-4 [&hellip;]","protected":false},"author":5,"featured_media":0,"parent":0,"menu_order":0,"comment_status":"closed","ping_status":"closed","template":"page-404.php","meta":{"_acf_changed":false,"inline_featured_image":false,"footnotes":""},"class_list":["post-3919","page","type-page","status-publish","hentry"],"acf":[],"yoast_head":"<!-- This site is optimized with the Yoast SEO plugin v27.2 - https:\/\/yoast.com\/product\/yoast-seo-wordpress\/ -->\n<title>Error 404 - Page not found<\/title>\n<meta name=\"description\" content=\"This page has either been moved and is now available in an other area or it does not exist anymore.\" \/>\n<meta name=\"robots\" content=\"index, follow, max-snippet:-1, max-image-preview:large, max-video-preview:-1\" \/>\n<link rel=\"canonical\" href=\"https:\/\/www.vangraaf.com\/cz\/error-404\/\" \/>\n<meta property=\"og:locale\" content=\"cs_CZ\" \/>\n<meta property=\"og:type\" content=\"article\" \/>\n<meta property=\"og:title\" content=\"Error 404 - Page not found\" \/>\n<meta property=\"og:description\" content=\"This page has either been moved and is now available in an other area or it does not exist anymore.\" \/>\n<meta property=\"og:url\" content=\"https:\/\/www.vangraaf.com\/cz\/error-404\/\" \/>\n<meta property=\"og:site_name\" content=\"VAN GRAAF \u010cesk\u00e1 republika\" \/>\n<meta property=\"article:modified_time\" content=\"2025-12-15T13:09:30+00:00\" \/>\n<meta name=\"twitter:card\" content=\"summary_large_image\" \/>\n<meta name=\"twitter:label1\" content=\"Odhadovan\u00e1 doba \u010dten\u00ed\" \/>\n\t<meta name=\"twitter:data1\" content=\"3 minuty\" \/>\n<script type=\"application\/ld+json\" class=\"yoast-schema-graph\">{\"@context\":\"https:\/\/schema.org\",\"@graph\":[{\"@type\":\"WebPage\",\"@id\":\"https:\/\/www.vangraaf.com\/cz\/error-404\/\",\"url\":\"https:\/\/www.vangraaf.com\/cz\/error-404\/\",\"name\":\"Error 404 - Page not found\",\"isPartOf\":{\"@id\":\"https:\/\/www.vangraaf.com\/cz\/#website\"},\"datePublished\":\"2020-02-20T13:13:27+00:00\",\"dateModified\":\"2025-12-15T13:09:30+00:00\",\"description\":\"This page has either been moved and is now available in an other area or it does not exist anymore.\",\"breadcrumb\":{\"@id\":\"https:\/\/www.vangraaf.com\/cz\/error-404\/#breadcrumb\"},\"inLanguage\":\"cs\",\"potentialAction\":[{\"@type\":\"ReadAction\",\"target\":[\"https:\/\/www.vangraaf.com\/cz\/error-404\/\"]}]},{\"@type\":\"BreadcrumbList\",\"@id\":\"https:\/\/www.vangraaf.com\/cz\/error-404\/#breadcrumb\",\"itemListElement\":[{\"@type\":\"ListItem\",\"position\":1,\"name\":\"Home\",\"item\":\"https:\/\/www.vangraaf.com\/cz\/\"},{\"@type\":\"ListItem\",\"position\":2,\"name\":\"404\"}]},{\"@type\":\"WebSite\",\"@id\":\"https:\/\/www.vangraaf.com\/cz\/#website\",\"url\":\"https:\/\/www.vangraaf.com\/cz\/\",\"name\":\"VAN GRAAF\",\"description\":\"VAN GRAAF\",\"potentialAction\":[{\"@type\":\"SearchAction\",\"target\":{\"@type\":\"EntryPoint\",\"urlTemplate\":\"https:\/\/www.vangraaf.com\/cz\/?s={search_term_string}\"},\"query-input\":{\"@type\":\"PropertyValueSpecification\",\"valueRequired\":true,\"valueName\":\"search_term_string\"}}],\"inLanguage\":\"cs\"}]}<\/script>\n<!-- \/ Yoast SEO plugin. -->","yoast_head_json":{"title":"Error 404 - Page not found","description":"This page has either been moved and is now available in an other area or it does not exist anymore.","robots":{"index":"index","follow":"follow","max-snippet":"max-snippet:-1","max-image-preview":"max-image-preview:large","max-video-preview":"max-video-preview:-1"},"canonical":"https:\/\/www.vangraaf.com\/cz\/error-404\/","og_locale":"cs_CZ","og_type":"article","og_title":"Error 404 - Page not found","og_description":"This page has either been moved and is now available in an other area or it does not exist anymore.","og_url":"https:\/\/www.vangraaf.com\/cz\/error-404\/","og_site_name":"VAN GRAAF \u010cesk\u00e1 republika","article_modified_time":"2025-12-15T13:09:30+00:00","twitter_card":"summary_large_image","twitter_misc":{"Odhadovan\u00e1 doba \u010dten\u00ed":"3 minuty"},"schema":{"@context":"https:\/\/schema.org","@graph":[{"@type":"WebPage","@id":"https:\/\/www.vangraaf.com\/cz\/error-404\/","url":"https:\/\/www.vangraaf.com\/cz\/error-404\/","name":"Error 404 - Page not found","isPartOf":{"@id":"https:\/\/www.vangraaf.com\/cz\/#website"},"datePublished":"2020-02-20T13:13:27+00:00","dateModified":"2025-12-15T13:09:30+00:00","description":"This page has either been moved and is now available in an other area or it does not exist anymore.","breadcrumb":{"@id":"https:\/\/www.vangraaf.com\/cz\/error-404\/#breadcrumb"},"inLanguage":"cs","potentialAction":[{"@type":"ReadAction","target":["https:\/\/www.vangraaf.com\/cz\/error-404\/"]}]},{"@type":"BreadcrumbList","@id":"https:\/\/www.vangraaf.com\/cz\/error-404\/#breadcrumb","itemListElement":[{"@type":"ListItem","position":1,"name":"Home","item":"https:\/\/www.vangraaf.com\/cz\/"},{"@type":"ListItem","position":2,"name":"404"}]},{"@type":"WebSite","@id":"https:\/\/www.vangraaf.com\/cz\/#website","url":"https:\/\/www.vangraaf.com\/cz\/","name":"VAN GRAAF","description":"VAN GRAAF","potentialAction":[{"@type":"SearchAction","target":{"@type":"EntryPoint","urlTemplate":"https:\/\/www.vangraaf.com\/cz\/?s={search_term_string}"},"query-input":{"@type":"PropertyValueSpecification","valueRequired":true,"valueName":"search_term_string"}}],"inLanguage":"cs"}]}},"_links":{"self":[{"href":"https:\/\/www.vangraaf.com\/cz\/wp-json\/wp\/v2\/pages\/3919","targetHints":{"allow":["GET"]}}],"collection":[{"href":"https:\/\/www.vangraaf.com\/cz\/wp-json\/wp\/v2\/pages"}],"about":[{"href":"https:\/\/www.vangraaf.com\/cz\/wp-json\/wp\/v2\/types\/page"}],"author":[{"embeddable":true,"href":"https:\/\/www.vangraaf.com\/cz\/wp-json\/wp\/v2\/users\/5"}],"replies":[{"embeddable":true,"href":"https:\/\/www.vangraaf.com\/cz\/wp-json\/wp\/v2\/comments?post=3919"}],"version-history":[{"count":20,"href":"https:\/\/www.vangraaf.com\/cz\/wp-json\/wp\/v2\/pages\/3919\/revisions"}],"predecessor-version":[{"id":20882,"href":"https:\/\/www.vangraaf.com\/cz\/wp-json\/wp\/v2\/pages\/3919\/revisions\/20882"}],"wp:attachment":[{"href":"https:\/\/www.vangraaf.com\/cz\/wp-json\/wp\/v2\/media?parent=3919"}],"curies":[{"name":"wp","href":"https:\/\/api.w.org\/{rel}","templated":true}]}}