{"id":6601,"date":"2022-02-11T13:40:19","date_gmt":"2022-02-11T12:40:19","guid":{"rendered":"https:\/\/www.vangraaf.com\/ch\/?page_id=6601"},"modified":"2026-02-11T14:52:08","modified_gmt":"2026-02-11T13:52:08","slug":"kontakt","status":"publish","type":"page","link":"https:\/\/www.vangraaf.com\/ch\/karriere\/kontakt\/","title":{"rendered":"Kontakt"},"content":{"rendered":"<div class=\"wpb-content-wrapper\">[vc_row bwd_tbc4vd_show_weekday=&#187;&#187; full_width=&#187;stretch_row_content_no_spaces&#187;][vc_column]<div class=\"keyvisual\" data-aos=\"fade-up\" ><img loading=\"lazy\" decoding=\"async\" width=\"1440\" height=\"480\" src=\"https:\/\/www.vangraaf.com\/ch\/wp-content\/uploads\/sites\/6\/2022\/03\/M10_M_Portraits_Buero_124.jpg\" class=\"vc_single_image-img keyvisual__image--big\" alt=\"\" srcset=\"https:\/\/www.vangraaf.com\/ch\/wp-content\/uploads\/sites\/6\/2022\/03\/M10_M_Portraits_Buero_124.jpg 1440w, https:\/\/www.vangraaf.com\/ch\/wp-content\/uploads\/sites\/6\/2022\/03\/M10_M_Portraits_Buero_124-300x100.jpg 300w, https:\/\/www.vangraaf.com\/ch\/wp-content\/uploads\/sites\/6\/2022\/03\/M10_M_Portraits_Buero_124-1024x341.jpg 1024w, https:\/\/www.vangraaf.com\/ch\/wp-content\/uploads\/sites\/6\/2022\/03\/M10_M_Portraits_Buero_124-768x256.jpg 768w, https:\/\/www.vangraaf.com\/ch\/wp-content\/uploads\/sites\/6\/2022\/03\/M10_M_Portraits_Buero_124-1200x400.jpg 1200w, https:\/\/www.vangraaf.com\/ch\/wp-content\/uploads\/sites\/6\/2022\/03\/M10_M_Portraits_Buero_124-992x331.jpg 992w, https:\/\/www.vangraaf.com\/ch\/wp-content\/uploads\/sites\/6\/2022\/03\/M10_M_Portraits_Buero_124-480x160.jpg 480w, https:\/\/www.vangraaf.com\/ch\/wp-content\/uploads\/sites\/6\/2022\/03\/M10_M_Portraits_Buero_124-690x230.jpg 690w\" sizes=\"(max-width: 1440px) 100vw, 1440px\" \/><img loading=\"lazy\" decoding=\"async\" width=\"768\" height=\"250\" src=\"https:\/\/www.vangraaf.com\/ch\/wp-content\/uploads\/sites\/6\/2022\/03\/M10_M_Portraits_Buero_124_2.jpg\" class=\"vc_single_image-img keyvisual__image--small\" alt=\"\" srcset=\"https:\/\/www.vangraaf.com\/ch\/wp-content\/uploads\/sites\/6\/2022\/03\/M10_M_Portraits_Buero_124_2.jpg 768w, https:\/\/www.vangraaf.com\/ch\/wp-content\/uploads\/sites\/6\/2022\/03\/M10_M_Portraits_Buero_124_2-300x98.jpg 300w, https:\/\/www.vangraaf.com\/ch\/wp-content\/uploads\/sites\/6\/2022\/03\/M10_M_Portraits_Buero_124_2-480x156.jpg 480w, https:\/\/www.vangraaf.com\/ch\/wp-content\/uploads\/sites\/6\/2022\/03\/M10_M_Portraits_Buero_124_2-690x225.jpg 690w\" sizes=\"(max-width: 768px) 100vw, 768px\" \/><\/div>\n        <div class=\"headlines headlines--center\" data-aos=\"fade-up\">\n            <div class=\"vc_row\">\n                <div class=\"vc_col-md-10 vc_col-md-offset-1 vc_col-lg-10 vc_col-lg-offset-1\"><span class=\"h6\">Dein direkter Kontakt zu VAN GRAAF<\/span><h1 class=\"h2\">Kontakt<\/h1><\/div>\n            <\/div>\n        <\/div>[vc_column_text]\r\n<p style=\"text-align: center\">Du hast Fragen rund um den Karriereeinstieg bei VAN GRAAF? Wir freuen uns \u00fcber Deine Nachricht! Schick uns Deine Anfrage gerne \u00fcber das Kontaktformular oder ruf uns direkt pers\u00f6nlich an. Bitte nutze f\u00fcr Deine Bewerbung unbedingt das Bewerbungsformular in unseren <a href=\"https:\/\/www.vangraaf.com\/ch\/karriere\/jobs-karriere\/\">Jobs<\/a>. Bewerbungen \u00fcber das Kontaktformular k\u00f6nnen wir leider nicht ber\u00fccksichtigen.<\/p>\r\n[\/vc_column_text][\/vc_column][\/vc_row][vc_row][vc_column]\n<div class=\"wpcf7 no-js\" id=\"wpcf7-f6604-o1\" lang=\"de-DE\" dir=\"ltr\" data-wpcf7-id=\"6604\">\n<div class=\"screen-reader-response\"><p role=\"status\" aria-live=\"polite\" aria-atomic=\"true\"><\/p> <ul><\/ul><\/div>\n<form action=\"\/ch\/wp-json\/wp\/v2\/pages\/6601#wpcf7-f6604-o1\" method=\"post\" class=\"wpcf7-form init wpcf7-acceptance-as-validation\" aria-label=\"Kontaktformular\" novalidate=\"novalidate\" data-status=\"init\">\n<fieldset class=\"hidden-fields-container\"><input type=\"hidden\" name=\"_wpcf7\" value=\"6604\" \/><input type=\"hidden\" name=\"_wpcf7_version\" value=\"6.1.5\" \/><input type=\"hidden\" name=\"_wpcf7_locale\" value=\"de_DE\" \/><input type=\"hidden\" name=\"_wpcf7_unit_tag\" value=\"wpcf7-f6604-o1\" \/><input type=\"hidden\" name=\"_wpcf7_container_post\" value=\"0\" \/><input type=\"hidden\" name=\"_wpcf7_posted_data_hash\" value=\"\" \/><input type=\"hidden\" name=\"_cf7a__timestamp\" value=\"Z3MjuFRlpfryt3vD3GMUIA==\" \/><input type=\"hidden\" name=\"_cf7a_version\" value=\"1.0\" \/><input type=\"hidden\" name=\"_cf7a_address\" value=\"\" \/><input type=\"hidden\" name=\"_cf7a_referer\" value=\"\" \/><input type=\"hidden\" name=\"_cf7a_protocol\" value=\"\" \/><input type=\"hidden\" name=\"_cf7a_bot_fingerprint\" value=\"Z3MjuFRlpfryt3vD3GMUIA==\" \/><input type=\"hidden\" name=\"_cf7a_bot_fingerprint_extras\" \/><input type=\"hidden\" name=\"_cf7a_append_on_submit\" \/>\n<\/fieldset>\n<div class=\"vc_row\">\n<div class=\"vc_col-sm-6\">\n<div class=\"form-element form-element--select\">\n<span class=\"wpcf7-form-control-wrap recipient\" data-name=\"recipient\"><select class=\"wpcf7-form-control wpcf7-contact_person_select wpcf7-validates-as-required\" required=\"true\" aria-required=\"true\" aria-invalid=\"false\" name=\"recipient\"><option value=\"\">Bitte Kontakt w\u00e4hlen*<\/option><optgroup label=\"Recruiting Professionals E-Commerce, Zentrale &amp; Logistik\"><option value=\"7875\">Lucille Bumann<\/option><\/optgroup><optgroup label=\"Recruiting Schweiz\"><option value=\"8146\">Siri Hennig<\/option><\/optgroup><\/select><\/span>\n<\/div>\n<\/div>\n<\/div>\n\n<div class=\"vc_row\">\n<div class=\"vc_col-sm-6\">\n<div class=\"form-element form-element--input\">\n<span class=\"wpcf7-form-control-wrap\" data-name=\"firstname\"><input size=\"40\" maxlength=\"400\" class=\"wpcf7-form-control wpcf7-text wpcf7-validates-as-required\" id=\"firstname\" aria-required=\"true\" aria-invalid=\"false\" value=\"\" type=\"text\" name=\"firstname\" \/><\/span> <label for=\"firstname\">Vorname*<\/label>\n<\/div>\n<\/div>\n<div class=\"vc_col-sm-6\">\n<div class=\"form-element form-element--input\">\n<span class=\"wpcf7-form-control-wrap\" data-name=\"lastname\"><input size=\"40\" maxlength=\"400\" class=\"wpcf7-form-control wpcf7-text wpcf7-validates-as-required\" id=\"lastname\" aria-required=\"true\" aria-invalid=\"false\" value=\"\" type=\"text\" name=\"lastname\" \/><\/span> <label for=\"lastname\">Nachname*<\/label>\n<\/div>\n<\/div>\n<\/div>\n\n<div class=\"vc_row\">\n<div class=\"vc_col-sm-6\">\n<div class=\"form-element form-element--input\">\n<span class=\"wpcf7-form-control-wrap\" data-name=\"email\"><input size=\"40\" maxlength=\"400\" class=\"wpcf7-form-control wpcf7-email wpcf7-validates-as-required wpcf7-text wpcf7-validates-as-email\" id=\"email\" aria-required=\"true\" aria-invalid=\"false\" value=\"\" type=\"email\" name=\"email\" \/><\/span> <label for=\"email\">E-Mail-Adresse*<\/label>\n<\/div>\n<\/div>\n<\/div>\n\n<div class=\"vc_row\">\n<div class=\"vc_col-sm-12\">\n<div class=\"form-element form-element--textarea\">\n<span class=\"wpcf7-form-control-wrap\" data-name=\"message\"><textarea cols=\"40\" rows=\"10\" maxlength=\"2000\" class=\"wpcf7-form-control wpcf7-textarea wpcf7-validates-as-required\" id=\"message\" aria-required=\"true\" aria-invalid=\"false\" name=\"message\"><\/textarea><\/span> <label for=\"message\">Nachricht*<\/label>\n<\/div>\n<\/div>\n<\/div>\n\n<div class=\"vc_row\">\n<div class=\"vc_col-sm-12\">\n<div class=\"form-element form-element--checkbox\">\n<span class=\"wpcf7-form-control-wrap\" data-name=\"privacy\"><span class=\"wpcf7-form-control wpcf7-acceptance\"><span class=\"wpcf7-list-item\"><input type=\"checkbox\" name=\"privacy\" value=\"1\" id=\"privacy\" aria-invalid=\"false\" \/><\/span><\/span><\/span> <label for=\"privacy\">Ich willige ein, dass meine oben eingegebenen Daten von VAN GRAAF verarbeitet werden, um meine Anfrage per Email, telefonisch und\/oder auf dem Postwege zu beantworten. Die <a href=\"\/ch\/datenschutz\/\" target=\"_blank\">Datenschutzbestimmungen<\/a> habe ich gelesen und akzeptiere sie.*<\/label>\n<\/div>\n<\/div>\n<\/div>\n\n<div class=\"vc_row\">\n<div class=\"vc_col-sm-12\">\n<small>Bitte f\u00fcllen Sie alle mit * gekennzeichneten Felder aus.<\/small>\n<\/div>\n<\/div>\n\n<div class=\"wpcf7-response-output\" aria-hidden=\"true\"><\/div>\n\n<div class=\"vc_row\">\n<div class=\"vc_col-sm-12 form__buttons\">\n<button id=\"submit\" type=\"submit\" class=\"wpcf7-form-control wpcf7-submit button\">Absenden<\/button>\n<\/div>\n<\/div>\n\n<span id=\"wpcf7-69fc9c606a16a-wrapper\" class=\"wpcf7-form-control-wrap credit-card-wrap\" ><input type=\"hidden\" name=\"credit-card-time-start\" value=\"1778162784\"><input type=\"hidden\" name=\"credit-card-time-check\" value=\"4\"><input id=\"wpcf7-69fc9c606a16a-field\"  class=\"wpcf7-form-control wpcf7-text\" type=\"text\" name=\"credit-card\" value=\"\" size=\"40\" tabindex=\"-1\" autocomplete=\"new-password\" \/><\/span>\n<\/form>\n<\/div>\n[\/vc_column][\/vc_row][vc_row][vc_column]<div class=\"vg-element contact-persons-teaser\" data-aos=\"fade-up\"><div class=\"vc_row\"><div class=\"vc_col-md-10 vc_col-md-offset-1\"><div class=\"contact-persons-teaser__items vc_row\"><div class=\"contact-persons-teaser__item vc_col-sm-6\"><div class=\"vc_row vc_row-flex\"><div class=\"vc_col-xs-4 contact-persons-teaser__item__image\"><img loading=\"lazy\" decoding=\"async\" width=\"280\" height=\"280\" src=\"https:\/\/www.vangraaf.com\/ch\/wp-content\/uploads\/sites\/6\/2026\/02\/Siri-2-280x280.png\" class=\"attachment-van-graaf-small-square-teaser size-van-graaf-small-square-teaser\" alt=\"Portr\u00e4t einer l\u00e4chelnden Frau mit schulterlangem braunem Haar und einem dunkelblauen Blazer vor einem grauen Hintergrund.\" srcset=\"https:\/\/www.vangraaf.com\/ch\/wp-content\/uploads\/sites\/6\/2026\/02\/Siri-2-280x280.png 280w, https:\/\/www.vangraaf.com\/ch\/wp-content\/uploads\/sites\/6\/2026\/02\/Siri-2-150x150.png 150w, https:\/\/www.vangraaf.com\/ch\/wp-content\/uploads\/sites\/6\/2026\/02\/Siri-2-600x600.png 600w\" sizes=\"(max-width: 280px) 100vw, 280px\" \/><\/div><div class=\"vc_col-xs-8 contact-persons-teaser__item__text\"><div class=\"contact-persons-teaser__item__text__inner\"><span class=\"h4\">Recruiting Schweiz<\/span><p><span class=\"contact-persons-teaser__item__name\">Siri Hennig<\/span><br\/><a class=\"contact-persons-teaser__item__phone\" href=\"tel:+41564197242\">+41 564 197 242<\/a><br\/><a class=\"contact-persons-teaser__item__email\" href=\"mailto:karriere@vangraaf.ch\">E-Mail senden<\/a><\/p><\/div><\/div><\/div><\/div><\/div><\/div><\/div><\/div>[\/vc_column][\/vc_row]<\/div>","protected":false},"excerpt":{"rendered":"[vc_row bwd_tbc4vd_show_weekday=&#187;&#187; full_width=&#187;stretch_row_content_no_spaces&#187;][vc_column][vc_column_text] Du hast Fragen rund um den Karriereeinstieg bei VAN GRAAF? Wir freuen uns \u00fcber Deine Nachricht! Schick uns Deine Anfrage gerne \u00fcber das Kontaktformular oder ruf uns direkt pers\u00f6nlich an. Bitte nutze f\u00fcr Deine Bewerbung unbedingt das Bewerbungsformular in unseren Jobs. Bewerbungen \u00fcber das Kontaktformular k\u00f6nnen wir leider nicht ber\u00fccksichtigen. [\/vc_column_text][\/vc_column][\/vc_row][vc_row][vc_column][\/vc_column][\/vc_row][vc_row][vc_column][\/vc_column][\/vc_row]","protected":false},"author":6,"featured_media":0,"parent":6565,"menu_order":0,"comment_status":"closed","ping_status":"closed","template":"","meta":{"_acf_changed":false,"inline_featured_image":false,"footnotes":""},"class_list":["post-6601","page","type-page","status-publish","hentry"],"acf":[],"yoast_head":"<!-- This site is optimized with the Yoast SEO plugin v27.2 - https:\/\/yoast.com\/product\/yoast-seo-wordpress\/ -->\n<title>Kontakt I VAN GRAAF<\/title>\n<meta name=\"description\" content=\"Du m\u00f6chtest Dich \u00fcber Karrierem\u00f6glichkeiten bei VAN GRAAF informieren? Hier findest Du den direkten Kontakt zu uns.\" \/>\n<meta name=\"robots\" content=\"index, follow, max-snippet:-1, max-image-preview:large, max-video-preview:-1\" \/>\n<link rel=\"canonical\" href=\"https:\/\/www.vangraaf.com\/ch\/karriere\/kontakt\/\" \/>\n<meta property=\"og:locale\" content=\"de_DE\" \/>\n<meta property=\"og:type\" content=\"article\" \/>\n<meta property=\"og:title\" content=\"Kontakt I VAN GRAAF\" \/>\n<meta property=\"og:description\" content=\"Du m\u00f6chtest Dich \u00fcber Karrierem\u00f6glichkeiten bei VAN GRAAF informieren? Hier findest Du den direkten Kontakt zu uns.\" \/>\n<meta property=\"og:url\" content=\"https:\/\/www.vangraaf.com\/ch\/karriere\/kontakt\/\" \/>\n<meta property=\"og:site_name\" content=\"VAN GRAAF Schweiz\" \/>\n<meta property=\"article:modified_time\" content=\"2026-02-11T13:52:08+00:00\" \/>\n<meta name=\"twitter:card\" content=\"summary_large_image\" \/>\n<meta name=\"twitter:label1\" content=\"Est. reading time\" \/>\n\t<meta name=\"twitter:data1\" content=\"1\u00a0Minute\" \/>\n<script type=\"application\/ld+json\" class=\"yoast-schema-graph\">{\"@context\":\"https:\/\/schema.org\",\"@graph\":[{\"@type\":\"WebPage\",\"@id\":\"https:\/\/www.vangraaf.com\/ch\/karriere\/kontakt\/\",\"url\":\"https:\/\/www.vangraaf.com\/ch\/karriere\/kontakt\/\",\"name\":\"Kontakt I VAN GRAAF\",\"isPartOf\":{\"@id\":\"https:\/\/www.vangraaf.com\/ch\/#website\"},\"datePublished\":\"2022-02-11T12:40:19+00:00\",\"dateModified\":\"2026-02-11T13:52:08+00:00\",\"description\":\"Du m\u00f6chtest Dich \u00fcber Karrierem\u00f6glichkeiten bei VAN GRAAF informieren? Hier findest Du den direkten Kontakt zu uns.\",\"breadcrumb\":{\"@id\":\"https:\/\/www.vangraaf.com\/ch\/karriere\/kontakt\/#breadcrumb\"},\"inLanguage\":\"de-CH\",\"potentialAction\":[{\"@type\":\"ReadAction\",\"target\":[\"https:\/\/www.vangraaf.com\/ch\/karriere\/kontakt\/\"]}]},{\"@type\":\"BreadcrumbList\",\"@id\":\"https:\/\/www.vangraaf.com\/ch\/karriere\/kontakt\/#breadcrumb\",\"itemListElement\":[{\"@type\":\"ListItem\",\"position\":1,\"name\":\"Home\",\"item\":\"https:\/\/www.vangraaf.com\/ch\/\"},{\"@type\":\"ListItem\",\"position\":2,\"name\":\"Karriere\",\"item\":\"https:\/\/www.vangraaf.com\/ch\/karriere\/\"},{\"@type\":\"ListItem\",\"position\":3,\"name\":\"Kontakt\"}]},{\"@type\":\"WebSite\",\"@id\":\"https:\/\/www.vangraaf.com\/ch\/#website\",\"url\":\"https:\/\/www.vangraaf.com\/ch\/\",\"name\":\"VAN GRAAF\",\"description\":\"VAN GRAAF\",\"potentialAction\":[{\"@type\":\"SearchAction\",\"target\":{\"@type\":\"EntryPoint\",\"urlTemplate\":\"https:\/\/www.vangraaf.com\/ch\/?s={search_term_string}\"},\"query-input\":{\"@type\":\"PropertyValueSpecification\",\"valueRequired\":true,\"valueName\":\"search_term_string\"}}],\"inLanguage\":\"de-CH\"}]}<\/script>\n<!-- \/ Yoast SEO plugin. -->","yoast_head_json":{"title":"Kontakt I VAN GRAAF","description":"Du m\u00f6chtest Dich \u00fcber Karrierem\u00f6glichkeiten bei VAN GRAAF informieren? Hier findest Du den direkten Kontakt zu uns.","robots":{"index":"index","follow":"follow","max-snippet":"max-snippet:-1","max-image-preview":"max-image-preview:large","max-video-preview":"max-video-preview:-1"},"canonical":"https:\/\/www.vangraaf.com\/ch\/karriere\/kontakt\/","og_locale":"de_DE","og_type":"article","og_title":"Kontakt I VAN GRAAF","og_description":"Du m\u00f6chtest Dich \u00fcber Karrierem\u00f6glichkeiten bei VAN GRAAF informieren? Hier findest Du den direkten Kontakt zu uns.","og_url":"https:\/\/www.vangraaf.com\/ch\/karriere\/kontakt\/","og_site_name":"VAN GRAAF Schweiz","article_modified_time":"2026-02-11T13:52:08+00:00","twitter_card":"summary_large_image","twitter_misc":{"Est. reading time":"1\u00a0Minute"},"schema":{"@context":"https:\/\/schema.org","@graph":[{"@type":"WebPage","@id":"https:\/\/www.vangraaf.com\/ch\/karriere\/kontakt\/","url":"https:\/\/www.vangraaf.com\/ch\/karriere\/kontakt\/","name":"Kontakt I VAN GRAAF","isPartOf":{"@id":"https:\/\/www.vangraaf.com\/ch\/#website"},"datePublished":"2022-02-11T12:40:19+00:00","dateModified":"2026-02-11T13:52:08+00:00","description":"Du m\u00f6chtest Dich \u00fcber Karrierem\u00f6glichkeiten bei VAN GRAAF informieren? Hier findest Du den direkten Kontakt zu uns.","breadcrumb":{"@id":"https:\/\/www.vangraaf.com\/ch\/karriere\/kontakt\/#breadcrumb"},"inLanguage":"de-CH","potentialAction":[{"@type":"ReadAction","target":["https:\/\/www.vangraaf.com\/ch\/karriere\/kontakt\/"]}]},{"@type":"BreadcrumbList","@id":"https:\/\/www.vangraaf.com\/ch\/karriere\/kontakt\/#breadcrumb","itemListElement":[{"@type":"ListItem","position":1,"name":"Home","item":"https:\/\/www.vangraaf.com\/ch\/"},{"@type":"ListItem","position":2,"name":"Karriere","item":"https:\/\/www.vangraaf.com\/ch\/karriere\/"},{"@type":"ListItem","position":3,"name":"Kontakt"}]},{"@type":"WebSite","@id":"https:\/\/www.vangraaf.com\/ch\/#website","url":"https:\/\/www.vangraaf.com\/ch\/","name":"VAN GRAAF","description":"VAN GRAAF","potentialAction":[{"@type":"SearchAction","target":{"@type":"EntryPoint","urlTemplate":"https:\/\/www.vangraaf.com\/ch\/?s={search_term_string}"},"query-input":{"@type":"PropertyValueSpecification","valueRequired":true,"valueName":"search_term_string"}}],"inLanguage":"de-CH"}]}},"_links":{"self":[{"href":"https:\/\/www.vangraaf.com\/ch\/wp-json\/wp\/v2\/pages\/6601","targetHints":{"allow":["GET"]}}],"collection":[{"href":"https:\/\/www.vangraaf.com\/ch\/wp-json\/wp\/v2\/pages"}],"about":[{"href":"https:\/\/www.vangraaf.com\/ch\/wp-json\/wp\/v2\/types\/page"}],"author":[{"embeddable":true,"href":"https:\/\/www.vangraaf.com\/ch\/wp-json\/wp\/v2\/users\/6"}],"replies":[{"embeddable":true,"href":"https:\/\/www.vangraaf.com\/ch\/wp-json\/wp\/v2\/comments?post=6601"}],"version-history":[{"count":11,"href":"https:\/\/www.vangraaf.com\/ch\/wp-json\/wp\/v2\/pages\/6601\/revisions"}],"predecessor-version":[{"id":8148,"href":"https:\/\/www.vangraaf.com\/ch\/wp-json\/wp\/v2\/pages\/6601\/revisions\/8148"}],"up":[{"embeddable":true,"href":"https:\/\/www.vangraaf.com\/ch\/wp-json\/wp\/v2\/pages\/6565"}],"wp:attachment":[{"href":"https:\/\/www.vangraaf.com\/ch\/wp-json\/wp\/v2\/media?parent=6601"}],"curies":[{"name":"wp","href":"https:\/\/api.w.org\/{rel}","templated":true}]}}