{"id":6599,"date":"2022-02-11T13:40:07","date_gmt":"2022-02-11T12:40:07","guid":{"rendered":"https:\/\/www.vangraaf.com\/ch\/?page_id=6599"},"modified":"2023-04-11T14:57:24","modified_gmt":"2023-04-11T12:57:24","slug":"unternehmen","status":"publish","type":"page","link":"https:\/\/www.vangraaf.com\/ch\/karriere\/wir\/unternehmen\/","title":{"rendered":"Unternehmen"},"content":{"rendered":"<div class=\"wpb-content-wrapper\">[vc_row bwd_tbc4vd_show_weekday=&#187;&#187; full_width=&#187;stretch_row_content_no_spaces&#187;][vc_column]<div class=\"keyvisual\" data-aos=\"fade-up\" ><img loading=\"lazy\" decoding=\"async\" width=\"1440\" height=\"480\" src=\"https:\/\/www.vangraaf.com\/ch\/wp-content\/uploads\/sites\/6\/2021\/05\/DasUnternehmen_VG.jpg\" class=\"vc_single_image-img\" alt=\"\" srcset=\"https:\/\/www.vangraaf.com\/ch\/wp-content\/uploads\/sites\/6\/2021\/05\/DasUnternehmen_VG.jpg 1440w, https:\/\/www.vangraaf.com\/ch\/wp-content\/uploads\/sites\/6\/2021\/05\/DasUnternehmen_VG-300x100.jpg 300w, https:\/\/www.vangraaf.com\/ch\/wp-content\/uploads\/sites\/6\/2021\/05\/DasUnternehmen_VG-1024x341.jpg 1024w, https:\/\/www.vangraaf.com\/ch\/wp-content\/uploads\/sites\/6\/2021\/05\/DasUnternehmen_VG-768x256.jpg 768w, https:\/\/www.vangraaf.com\/ch\/wp-content\/uploads\/sites\/6\/2021\/05\/DasUnternehmen_VG-1200x400.jpg 1200w, https:\/\/www.vangraaf.com\/ch\/wp-content\/uploads\/sites\/6\/2021\/05\/DasUnternehmen_VG-992x331.jpg 992w, https:\/\/www.vangraaf.com\/ch\/wp-content\/uploads\/sites\/6\/2021\/05\/DasUnternehmen_VG-480x160.jpg 480w, https:\/\/www.vangraaf.com\/ch\/wp-content\/uploads\/sites\/6\/2021\/05\/DasUnternehmen_VG-690x230.jpg 690w\" sizes=\"(max-width: 1440px) 100vw, 1440px\" \/><\/div>\n        <div class=\"headlines headlines--center\" data-aos=\"fade-up\">\n            <div class=\"vc_row\">\n                <div class=\"vc_col-md-10 vc_col-md-offset-1 vc_col-lg-10 vc_col-lg-offset-1\"><span class=\"h6\">Wir sind VAN GRAAF<\/span><h1 class=\"h2\">Fakten &amp; Standorte<\/h1><\/div>\n            <\/div>\n        <\/div>[vc_column_text]VAN GRAAF steht f\u00fcr faszinierende Modeerlebnisse. Unter dem Dach der Peek&amp;Cloppenburg KG Hamburg gegr\u00fcndet, z\u00e4hlen heute \u00fcber 17 Stores in den L\u00e4ndern Polen, Tschechien, Ungarn, Lettland und in der Schweiz zu unserem erfolgreichen Retailkonzept.\r\n\r\nAls Omnichannel-Retailer sind wir mit unserem Online-Shop VANGRAAF.COM erfolgreich in Deutschland und Polen vertreten. Auf VANGRAAF.COM sind wir mit unseren vielf\u00e4ltigen Services und unserer spannenden Markenwelt 24\/7 f\u00fcr unsere Kund:innen da.\r\nMit dem Ziel, unser Omnichannel-Einkaufserlebnis an weiteren Standorten europaweit anzubieten, gestalten wir gemeinsam eine erfolgreiche Zukunft.\r\n\r\nDu m\u00f6chtest mehr dar\u00fcber erfahren, wer wir sind und was unsere Unternehmensgruppe ausmacht? Von unserer Historie bis zu unserer Modekompetenz \u2013 erfahre auf unserer <a href=\"https:\/\/www.vangraaf.com\/ch\/unternehmen\/\" target=\"_blank\" rel=\"noopener\">Unternehmensseite<\/a> alles \u00fcber VAN GRAAF![\/vc_column_text][\/vc_column][\/vc_row][vc_row][vc_column]<div data-leaflet-options=\"{&quot;marker&quot;:{&quot;3703&quot;:{&quot;title&quot;:&quot;Budapest, Allee&quot;,&quot;lat&quot;:&quot;47.47537715&quot;,&quot;long&quot;:&quot;19.04934103&quot;,&quot;category&quot;:&quot;vg&quot;,&quot;tooltip&quot;:&quot;&lt;strong&gt;Budapest, Allee&lt;\\\/strong&gt;&lt;p&gt;Verkaufshaus&lt;\\\/p&gt;&lt;p&gt;&lt;a class=\\&quot;button\\&quot; href=\\&quot;https:\\\/\\\/www.vangraaf.com\\\/hu\\\/divathazaink\\\/budapest-allee\\\/\\&quot;&gt;Zum Standort&lt;\\\/a&gt;&lt;\\\/p&gt;&quot;},&quot;3704&quot;:{&quot;title&quot;:&quot;Budapest, \\u00c1rk\\u00e1d&quot;,&quot;lat&quot;:&quot;47.5030067&quot;,&quot;long&quot;:&quot;19.14136971&quot;,&quot;category&quot;:&quot;vg&quot;,&quot;tooltip&quot;:&quot;&lt;strong&gt;Budapest, \\u00c1rk\\u00e1d&lt;\\\/strong&gt;&lt;p&gt;Verkaufshaus&lt;\\\/p&gt;&lt;p&gt;&lt;a class=\\&quot;button\\&quot; href=\\&quot;https:\\\/\\\/www.vangraaf.com\\\/hu\\\/divathazaink\\\/budapest-arkad\\\/\\&quot;&gt;Zum Standort&lt;\\\/a&gt;&lt;\\\/p&gt;&quot;},&quot;3705&quot;:{&quot;title&quot;:&quot;Danzig&quot;,&quot;lat&quot;:&quot;54.3493276&quot;,&quot;long&quot;:&quot;18.6442557&quot;,&quot;category&quot;:&quot;vg&quot;,&quot;tooltip&quot;:&quot;&lt;strong&gt;Danzig&lt;\\\/strong&gt;&lt;p&gt;Verkaufshaus&lt;\\\/p&gt;&lt;p&gt;&lt;a class=\\&quot;button\\&quot; href=\\&quot;https:\\\/\\\/www.vangraaf.com\\\/pl\\\/salony\\\/nasze-filie\\\/gdansk\\\/\\&quot;&gt;Zum Standort&lt;\\\/a&gt;&lt;\\\/p&gt;&quot;},&quot;3706&quot;:{&quot;title&quot;:&quot;Gdingen&quot;,&quot;lat&quot;:&quot;54.5050165&quot;,&quot;long&quot;:&quot;18.5319454&quot;,&quot;category&quot;:&quot;vg&quot;,&quot;tooltip&quot;:&quot;&lt;strong&gt;Gdingen&lt;\\\/strong&gt;&lt;p&gt;Verkaufshaus&lt;\\\/p&gt;&lt;p&gt;&lt;a class=\\&quot;button\\&quot; href=\\&quot;https:\\\/\\\/www.vangraaf.com\\\/pl\\\/salony\\\/nasze-filie\\\/gdynia\\\/\\&quot;&gt;Zum Standort&lt;\\\/a&gt;&lt;\\\/p&gt;&quot;},&quot;3708&quot;:{&quot;title&quot;:&quot;Katowice Silesia City Center&quot;,&quot;lat&quot;:&quot;50.270513&quot;,&quot;long&quot;:&quot;19.0047342&quot;,&quot;category&quot;:&quot;vg&quot;,&quot;tooltip&quot;:&quot;&lt;strong&gt;Katowice Silesia City Center&lt;\\\/strong&gt;&lt;p&gt;Verkaufshaus&lt;\\\/p&gt;&lt;p&gt;&lt;a class=\\&quot;button\\&quot; href=\\&quot;https:\\\/\\\/www.vangraaf.com\\\/pl\\\/salony\\\/nasze-filie\\\/katowice\\\/\\&quot;&gt;Zum Standort&lt;\\\/a&gt;&lt;\\\/p&gt;&quot;},&quot;3707&quot;:{&quot;title&quot;:&quot;Krakau&quot;,&quot;lat&quot;:&quot;50.087115&quot;,&quot;long&quot;:&quot;19.977557&quot;,&quot;category&quot;:&quot;vg&quot;,&quot;tooltip&quot;:&quot;&lt;strong&gt;Krakau&lt;\\\/strong&gt;&lt;p&gt;Verkaufshaus&lt;\\\/p&gt;&lt;p&gt;&lt;a class=\\&quot;button\\&quot; href=\\&quot;https:\\\/\\\/www.vangraaf.com\\\/pl\\\/salony\\\/nasze-filie\\\/krakow\\\/\\&quot;&gt;Zum Standort&lt;\\\/a&gt;&lt;\\\/p&gt;&quot;},&quot;3709&quot;:{&quot;title&quot;:&quot;Lodz&quot;,&quot;lat&quot;:&quot;51.7792577&quot;,&quot;long&quot;:&quot;19.4447859&quot;,&quot;category&quot;:&quot;vg&quot;,&quot;tooltip&quot;:&quot;&lt;strong&gt;Lodz&lt;\\\/strong&gt;&lt;p&gt;Verkaufshaus&lt;\\\/p&gt;&lt;p&gt;&lt;a class=\\&quot;button\\&quot; href=\\&quot;https:\\\/\\\/www.vangraaf.com\\\/pl\\\/salony\\\/nasze-filie\\\/lodz\\\/\\&quot;&gt;Zum Standort&lt;\\\/a&gt;&lt;\\\/p&gt;&quot;},&quot;3710&quot;:{&quot;title&quot;:&quot;Posen, Posnania&quot;,&quot;lat&quot;:&quot;52.39808223632361&quot;,&quot;long&quot;:&quot;16.94810108747227&quot;,&quot;category&quot;:&quot;vg&quot;,&quot;tooltip&quot;:&quot;&lt;strong&gt;Posen, Posnania&lt;\\\/strong&gt;&lt;p&gt;Verkaufshaus&lt;\\\/p&gt;&lt;p&gt;&lt;a class=\\&quot;button\\&quot; href=\\&quot;https:\\\/\\\/www.vangraaf.com\\\/pl\\\/salony\\\/nasze-filie\\\/poznan-posnania\\\/\\&quot;&gt;Zum Standort&lt;\\\/a&gt;&lt;\\\/p&gt;&quot;},&quot;3711&quot;:{&quot;title&quot;:&quot;Posen, Stary Browar&quot;,&quot;lat&quot;:&quot;52.4012985&quot;,&quot;long&quot;:&quot;16.9277759&quot;,&quot;category&quot;:&quot;vg&quot;,&quot;tooltip&quot;:&quot;&lt;strong&gt;Posen, Stary Browar&lt;\\\/strong&gt;&lt;p&gt;Verkaufshaus&lt;\\\/p&gt;&lt;p&gt;&lt;a class=\\&quot;button\\&quot; href=\\&quot;https:\\\/\\\/www.vangraaf.com\\\/pl\\\/salony\\\/nasze-filie\\\/poznan-stary-browar\\\/\\&quot;&gt;Zum Standort&lt;\\\/a&gt;&lt;\\\/p&gt;&quot;},&quot;3717&quot;:{&quot;title&quot;:&quot;Riga&quot;,&quot;lat&quot;:&quot;56.9244304&quot;,&quot;long&quot;:&quot;24.1721953&quot;,&quot;category&quot;:&quot;vg&quot;,&quot;tooltip&quot;:&quot;&lt;strong&gt;Riga&lt;\\\/strong&gt;&lt;p&gt;Verkaufshaus&lt;\\\/p&gt;&lt;p&gt;&lt;a class=\\&quot;button\\&quot; href=\\&quot;https:\\\/\\\/www.vangraaf.com\\\/lv\\\/par-mums\\\/riga\\\/\\&quot;&gt;Zum Standort&lt;\\\/a&gt;&lt;\\\/p&gt;&quot;},&quot;3722&quot;:{&quot;title&quot;:&quot;Zoppot&quot;,&quot;lat&quot;:&quot;54.44455297892016&quot;,&quot;long&quot;:&quot;18.567380152994758&quot;,&quot;category&quot;:&quot;vg&quot;,&quot;tooltip&quot;:&quot;&lt;strong&gt;Zoppot&lt;\\\/strong&gt;&lt;p&gt;Outlet&lt;\\\/p&gt;&lt;p&gt;&lt;a class=\\&quot;button\\&quot; href=\\&quot;https:\\\/\\\/www.vangraaf.com\\\/pl\\\/salony\\\/nasze-filie\\\/sopot-outlet\\\/\\&quot;&gt;Zum Standort&lt;\\\/a&gt;&lt;\\\/p&gt;&quot;},&quot;3713&quot;:{&quot;title&quot;:&quot;Spreitenbach bei Z\\u00fcrich&quot;,&quot;lat&quot;:&quot;47.42360321&quot;,&quot;long&quot;:&quot;8.37162911&quot;,&quot;category&quot;:&quot;vg&quot;,&quot;tooltip&quot;:&quot;&lt;strong&gt;Spreitenbach bei Z\\u00fcrich&lt;\\\/strong&gt;&lt;p&gt;Verkaufshaus&lt;\\\/p&gt;&lt;p&gt;&lt;a class=\\&quot;button\\&quot; href=\\&quot;https:\\\/\\\/www.vangraaf.com\\\/ch\\\/haus\\\/spreitenbach\\\/\\&quot;&gt;Zum Standort&lt;\\\/a&gt;&lt;\\\/p&gt;&quot;},&quot;3714&quot;:{&quot;title&quot;:&quot;Stettin&quot;,&quot;lat&quot;:&quot;53.4277687&quot;,&quot;long&quot;:&quot;14.5511149&quot;,&quot;category&quot;:&quot;vg&quot;,&quot;tooltip&quot;:&quot;&lt;strong&gt;Stettin&lt;\\\/strong&gt;&lt;p&gt;Verkaufshaus&lt;\\\/p&gt;&lt;p&gt;&lt;a class=\\&quot;button\\&quot; href=\\&quot;https:\\\/\\\/www.vangraaf.com\\\/pl\\\/salony\\\/nasze-filie\\\/szczecin\\\/\\&quot;&gt;Zum Standort&lt;\\\/a&gt;&lt;\\\/p&gt;&quot;},&quot;3721&quot;:{&quot;title&quot;:&quot;Warschau, Galeria M\\u0142ociny&quot;,&quot;lat&quot;:&quot;52.288160&quot;,&quot;long&quot;:&quot;20.928220&quot;,&quot;category&quot;:&quot;vg&quot;,&quot;tooltip&quot;:&quot;&lt;strong&gt;Warschau, Galeria M\\u0142ociny&lt;\\\/strong&gt;&lt;p&gt;Verkaufshaus&lt;\\\/p&gt;&lt;p&gt;&lt;a class=\\&quot;button\\&quot; href=\\&quot;https:\\\/\\\/www.vangraaf.com\\\/pl\\\/salony\\\/nasze-filie\\\/warszawa-galerii-mlociny\\\/\\&quot;&gt;Zum Standort&lt;\\\/a&gt;&lt;\\\/p&gt;&quot;},&quot;3715&quot;:{&quot;title&quot;:&quot;Warschau, Z\\u0142ote Tarasy&quot;,&quot;lat&quot;:&quot;52.2307089&quot;,&quot;long&quot;:&quot;21.0021248&quot;,&quot;category&quot;:&quot;vg&quot;,&quot;tooltip&quot;:&quot;&lt;strong&gt;Warschau, Z\\u0142ote Tarasy&lt;\\\/strong&gt;&lt;p&gt;Verkaufshaus&lt;\\\/p&gt;&lt;p&gt;&lt;a class=\\&quot;button\\&quot; href=\\&quot;https:\\\/\\\/www.vangraaf.com\\\/pl\\\/salony\\\/nasze-filie\\\/warszawa-zlote-tarasy\\\/\\&quot;&gt;Zum Standort&lt;\\\/a&gt;&lt;\\\/p&gt;&quot;},&quot;3716&quot;:{&quot;title&quot;:&quot;Breslau&quot;,&quot;lat&quot;:&quot;51.1083488&quot;,&quot;long&quot;:&quot;17.0404282&quot;,&quot;category&quot;:&quot;vg&quot;,&quot;tooltip&quot;:&quot;&lt;strong&gt;Breslau&lt;\\\/strong&gt;&lt;p&gt;Verkaufshaus&lt;\\\/p&gt;&lt;p&gt;&lt;a class=\\&quot;button\\&quot; href=\\&quot;https:\\\/\\\/www.vangraaf.com\\\/pl\\\/salony\\\/nasze-filie\\\/wroclaw\\\/\\&quot;&gt;Zum Standort&lt;\\\/a&gt;&lt;\\\/p&gt;&quot;}},&quot;zoom&quot;:&quot;5&quot;,&quot;center&quot;:{&quot;lat&quot;:&quot;53.08275410884729&quot;,&quot;long&quot;:&quot;15.491434221122145&quot;}}\" data-uc-options=\"{&quot;serviceName&quot;:&quot;OpenStreetMap&quot;,&quot;serviceID&quot;:&quot;j7Igy6o8D&quot;,&quot;description&quot;:&quot;Wir verwenden einen Service eines Drittanbieters, um Karteninhalte einzubetten. Dieser Service kann Daten zu Ihren Aktivit\\u00e4ten sammeln. Bitte lesen Sie die Details durch und stimmen Sie der Nutzung des Service zu, um diese Karte anzuzeigen.&quot;}\"><div id=\"leaflet\"><\/div><\/div>[\/vc_column][\/vc_row][vc_row bwd_tbc4vd_show_weekday=&#187;&#187; full_width=&#187;stretch_row_content_no_spaces&#187;][vc_column]\n        <div class=\"headlines headlines--center\" data-aos=\"fade-up\">\n            <div class=\"vc_row\">\n                <div class=\"vc_col-md-10 vc_col-md-offset-1 vc_col-lg-10 vc_col-lg-offset-1\"><h2 class=\"h2\">Mehr \u00fcber VAN GRAAF<\/h2><\/div>\n            <\/div>\n        <\/div>[vc_row_inner bwd_tbc4vd_show_weekday=&#187;&#187; row_design=&#187;row_square_background&#187;][vc_column_inner width=&#187;1\/3&#8243;]<div class=\"vg-element cta-teaser cta-teaser--center\" data-aos=\"fade-up\"><div class=\"cta-teaser__image\"><a class=\"\" href=\"https:\/\/www.vangraaf.com\/ch\/karriere\/wir\/miteinander\/\" target=\"_self\" rel=\"\" style=\"\"><img loading=\"lazy\" decoding=\"async\" width=\"380\" height=\"254\" src=\"https:\/\/www.vangraaf.com\/ch\/wp-content\/uploads\/sites\/6\/2022\/02\/M7_D_Wir_Headerbild_Gruppe_030-6.jpg\" class=\"vc_single_image-img attachment-full\" alt=\"\" title=\"Wir\" srcset=\"https:\/\/www.vangraaf.com\/ch\/wp-content\/uploads\/sites\/6\/2022\/02\/M7_D_Wir_Headerbild_Gruppe_030-6.jpg 380w, https:\/\/www.vangraaf.com\/ch\/wp-content\/uploads\/sites\/6\/2022\/02\/M7_D_Wir_Headerbild_Gruppe_030-6-300x201.jpg 300w\" sizes=\"(max-width: 380px) 100vw, 380px\" \/><\/a><\/div><div class=\"cta-teaser__text\"><h3>Miteinander<\/h3><p>Uns verbindet die gemeinsame Leidenschaft f\u00fcr Mode und Menschen. Erfahre mehr \u00fcber unsere Kultur.<\/p><a class=\"button\" href=\"https:\/\/www.vangraaf.com\/ch\/karriere\/wir\/miteinander\/\" target=\"_self\" rel=\"\" style=\"\">Mehr erfahren<\/a><\/div><\/div>[\/vc_column_inner][vc_column_inner width=&#187;1\/3&#8243;]<div class=\"vg-element cta-teaser cta-teaser--center\" data-aos=\"fade-up\"><div class=\"cta-teaser__image\"><a class=\"\" href=\"https:\/\/www.vangraaf.com\/ch\/karriere\/kontakt\/\" target=\"_self\" rel=\"\" style=\"\"><img loading=\"lazy\" decoding=\"async\" width=\"380\" height=\"254\" src=\"https:\/\/www.vangraaf.com\/ch\/wp-content\/uploads\/sites\/6\/2022\/03\/Portrait_MH.jpg\" class=\"vc_single_image-img attachment-full\" alt=\"\" title=\"Monique Hinsch\" srcset=\"https:\/\/www.vangraaf.com\/ch\/wp-content\/uploads\/sites\/6\/2022\/03\/Portrait_MH.jpg 380w, https:\/\/www.vangraaf.com\/ch\/wp-content\/uploads\/sites\/6\/2022\/03\/Portrait_MH-300x201.jpg 300w\" sizes=\"(max-width: 380px) 100vw, 380px\" \/><\/a><\/div><div class=\"cta-teaser__text\"><h3>Kontakt<\/h3><p>Du hast Fragen zum Jobeinstieg bei VAN GRAAF? Dann melde Dich direkt bei Monique: +41 564 197 242<\/p><a class=\"button\" href=\"https:\/\/www.vangraaf.com\/ch\/karriere\/kontakt\/\" target=\"_self\" rel=\"\" style=\"\">E-Mail senden<\/a><\/div><\/div>[\/vc_column_inner][vc_column_inner width=&#187;1\/3&#8243;]<div class=\"vg-element cta-teaser cta-teaser--center\" data-aos=\"fade-up\"><div class=\"cta-teaser__image\"><a class=\"\" href=\"https:\/\/www.vangraaf.com\/ch\/karriere\/wir\/entwicklung\/\" target=\"_self\" rel=\"\" style=\"\"><img loading=\"lazy\" decoding=\"async\" width=\"380\" height=\"254\" src=\"https:\/\/www.vangraaf.com\/ch\/wp-content\/uploads\/sites\/6\/2022\/02\/M12_D_GRUPPE_PORTRAIT_TRAINER_025-1.jpg\" class=\"vc_single_image-img attachment-full\" alt=\"\" title=\"Entwicklung\" srcset=\"https:\/\/www.vangraaf.com\/ch\/wp-content\/uploads\/sites\/6\/2022\/02\/M12_D_GRUPPE_PORTRAIT_TRAINER_025-1.jpg 380w, https:\/\/www.vangraaf.com\/ch\/wp-content\/uploads\/sites\/6\/2022\/02\/M12_D_GRUPPE_PORTRAIT_TRAINER_025-1-300x201.jpg 300w\" sizes=\"(max-width: 380px) 100vw, 380px\" \/><\/a><\/div><div class=\"cta-teaser__text\"><h3>Entwicklung<\/h3><p>Lernen kommt nie aus der Mode! Mit vielen Trainings und Programmen machen wir Dich fit f\u00fcr Deine Zukunft.<\/p><a class=\"button\" href=\"https:\/\/www.vangraaf.com\/ch\/karriere\/wir\/entwicklung\/\" target=\"_self\" rel=\"\" style=\"\">Mehr erfahren<\/a><\/div><\/div>[\/vc_column_inner][\/vc_row_inner][\/vc_column][\/vc_row]<\/div>","protected":false},"excerpt":{"rendered":"[vc_row bwd_tbc4vd_show_weekday=&#187;&#187; full_width=&#187;stretch_row_content_no_spaces&#187;][vc_column][vc_column_text]VAN GRAAF steht f\u00fcr faszinierende Modeerlebnisse. Unter dem Dach der Peek&amp;Cloppenburg KG Hamburg gegr\u00fcndet, z\u00e4hlen heute \u00fcber 17 Stores in den L\u00e4ndern Polen, Tschechien, Ungarn, Lettland und in der Schweiz zu unserem erfolgreichen Retailkonzept. Als Omnichannel-Retailer sind wir mit unserem Online-Shop VANGRAAF.COM erfolgreich in Deutschland und Polen vertreten. Auf VANGRAAF.COM sind wir mit [&hellip;]","protected":false},"author":6,"featured_media":0,"parent":6575,"menu_order":0,"comment_status":"closed","ping_status":"closed","template":"","meta":{"_acf_changed":false,"inline_featured_image":false,"footnotes":""},"class_list":["post-6599","page","type-page","status-publish","hentry"],"acf":[],"yoast_head":"<!-- This site is optimized with the Yoast SEO plugin v27.2 - https:\/\/yoast.com\/product\/yoast-seo-wordpress\/ -->\n<title>Fakten &amp; Standorte I VAN GRAAF<\/title>\n<meta name=\"description\" content=\"In Europa zu Hause: unsere VAN GRAAF Stores findest Du an \u00fcber 16 Standorten in den L\u00e4ndern Polen, Tschechien, Ungarn, Lettland und in der Schweiz.\" \/>\n<meta name=\"robots\" content=\"index, follow, max-snippet:-1, max-image-preview:large, max-video-preview:-1\" \/>\n<link rel=\"canonical\" href=\"https:\/\/www.vangraaf.com\/ch\/karriere\/wir\/unternehmen\/\" \/>\n<meta property=\"og:locale\" content=\"de_DE\" \/>\n<meta property=\"og:type\" content=\"article\" \/>\n<meta property=\"og:title\" content=\"Fakten &amp; Standorte I VAN GRAAF\" \/>\n<meta property=\"og:description\" content=\"In Europa zu Hause: unsere VAN GRAAF Stores findest Du an \u00fcber 16 Standorten in den L\u00e4ndern Polen, Tschechien, Ungarn, Lettland und in der Schweiz.\" \/>\n<meta property=\"og:url\" content=\"https:\/\/www.vangraaf.com\/ch\/karriere\/wir\/unternehmen\/\" \/>\n<meta property=\"og:site_name\" content=\"VAN GRAAF Schweiz\" \/>\n<meta property=\"article:modified_time\" content=\"2023-04-11T12:57:24+00:00\" \/>\n<meta name=\"twitter:card\" content=\"summary_large_image\" \/>\n<meta name=\"twitter:label1\" content=\"Est. reading time\" \/>\n\t<meta name=\"twitter:data1\" content=\"2\u00a0Minuten\" \/>\n<script type=\"application\/ld+json\" class=\"yoast-schema-graph\">{\"@context\":\"https:\/\/schema.org\",\"@graph\":[{\"@type\":\"WebPage\",\"@id\":\"https:\/\/www.vangraaf.com\/ch\/karriere\/wir\/unternehmen\/\",\"url\":\"https:\/\/www.vangraaf.com\/ch\/karriere\/wir\/unternehmen\/\",\"name\":\"Fakten & Standorte I VAN GRAAF\",\"isPartOf\":{\"@id\":\"https:\/\/www.vangraaf.com\/ch\/#website\"},\"datePublished\":\"2022-02-11T12:40:07+00:00\",\"dateModified\":\"2023-04-11T12:57:24+00:00\",\"description\":\"In Europa zu Hause: unsere VAN GRAAF Stores findest Du an \u00fcber 16 Standorten in den L\u00e4ndern Polen, Tschechien, Ungarn, Lettland und in der Schweiz.\",\"breadcrumb\":{\"@id\":\"https:\/\/www.vangraaf.com\/ch\/karriere\/wir\/unternehmen\/#breadcrumb\"},\"inLanguage\":\"de-CH\",\"potentialAction\":[{\"@type\":\"ReadAction\",\"target\":[\"https:\/\/www.vangraaf.com\/ch\/karriere\/wir\/unternehmen\/\"]}]},{\"@type\":\"BreadcrumbList\",\"@id\":\"https:\/\/www.vangraaf.com\/ch\/karriere\/wir\/unternehmen\/#breadcrumb\",\"itemListElement\":[{\"@type\":\"ListItem\",\"position\":1,\"name\":\"Home\",\"item\":\"https:\/\/www.vangraaf.com\/ch\/\"},{\"@type\":\"ListItem\",\"position\":2,\"name\":\"Karriere\",\"item\":\"https:\/\/www.vangraaf.com\/ch\/karriere\/\"},{\"@type\":\"ListItem\",\"position\":3,\"name\":\"Wir\",\"item\":\"https:\/\/www.vangraaf.com\/ch\/karriere\/wir\/\"},{\"@type\":\"ListItem\",\"position\":4,\"name\":\"Unternehmen\"}]},{\"@type\":\"WebSite\",\"@id\":\"https:\/\/www.vangraaf.com\/ch\/#website\",\"url\":\"https:\/\/www.vangraaf.com\/ch\/\",\"name\":\"VAN GRAAF\",\"description\":\"VAN GRAAF\",\"potentialAction\":[{\"@type\":\"SearchAction\",\"target\":{\"@type\":\"EntryPoint\",\"urlTemplate\":\"https:\/\/www.vangraaf.com\/ch\/?s={search_term_string}\"},\"query-input\":{\"@type\":\"PropertyValueSpecification\",\"valueRequired\":true,\"valueName\":\"search_term_string\"}}],\"inLanguage\":\"de-CH\"}]}<\/script>\n<!-- \/ Yoast SEO plugin. -->","yoast_head_json":{"title":"Fakten & Standorte I VAN GRAAF","description":"In Europa zu Hause: unsere VAN GRAAF Stores findest Du an \u00fcber 16 Standorten in den L\u00e4ndern Polen, Tschechien, Ungarn, Lettland und in der Schweiz.","robots":{"index":"index","follow":"follow","max-snippet":"max-snippet:-1","max-image-preview":"max-image-preview:large","max-video-preview":"max-video-preview:-1"},"canonical":"https:\/\/www.vangraaf.com\/ch\/karriere\/wir\/unternehmen\/","og_locale":"de_DE","og_type":"article","og_title":"Fakten & Standorte I VAN GRAAF","og_description":"In Europa zu Hause: unsere VAN GRAAF Stores findest Du an \u00fcber 16 Standorten in den L\u00e4ndern Polen, Tschechien, Ungarn, Lettland und in der Schweiz.","og_url":"https:\/\/www.vangraaf.com\/ch\/karriere\/wir\/unternehmen\/","og_site_name":"VAN GRAAF Schweiz","article_modified_time":"2023-04-11T12:57:24+00:00","twitter_card":"summary_large_image","twitter_misc":{"Est. reading time":"2\u00a0Minuten"},"schema":{"@context":"https:\/\/schema.org","@graph":[{"@type":"WebPage","@id":"https:\/\/www.vangraaf.com\/ch\/karriere\/wir\/unternehmen\/","url":"https:\/\/www.vangraaf.com\/ch\/karriere\/wir\/unternehmen\/","name":"Fakten & Standorte I VAN GRAAF","isPartOf":{"@id":"https:\/\/www.vangraaf.com\/ch\/#website"},"datePublished":"2022-02-11T12:40:07+00:00","dateModified":"2023-04-11T12:57:24+00:00","description":"In Europa zu Hause: unsere VAN GRAAF Stores findest Du an \u00fcber 16 Standorten in den L\u00e4ndern Polen, Tschechien, Ungarn, Lettland und in der Schweiz.","breadcrumb":{"@id":"https:\/\/www.vangraaf.com\/ch\/karriere\/wir\/unternehmen\/#breadcrumb"},"inLanguage":"de-CH","potentialAction":[{"@type":"ReadAction","target":["https:\/\/www.vangraaf.com\/ch\/karriere\/wir\/unternehmen\/"]}]},{"@type":"BreadcrumbList","@id":"https:\/\/www.vangraaf.com\/ch\/karriere\/wir\/unternehmen\/#breadcrumb","itemListElement":[{"@type":"ListItem","position":1,"name":"Home","item":"https:\/\/www.vangraaf.com\/ch\/"},{"@type":"ListItem","position":2,"name":"Karriere","item":"https:\/\/www.vangraaf.com\/ch\/karriere\/"},{"@type":"ListItem","position":3,"name":"Wir","item":"https:\/\/www.vangraaf.com\/ch\/karriere\/wir\/"},{"@type":"ListItem","position":4,"name":"Unternehmen"}]},{"@type":"WebSite","@id":"https:\/\/www.vangraaf.com\/ch\/#website","url":"https:\/\/www.vangraaf.com\/ch\/","name":"VAN GRAAF","description":"VAN GRAAF","potentialAction":[{"@type":"SearchAction","target":{"@type":"EntryPoint","urlTemplate":"https:\/\/www.vangraaf.com\/ch\/?s={search_term_string}"},"query-input":{"@type":"PropertyValueSpecification","valueRequired":true,"valueName":"search_term_string"}}],"inLanguage":"de-CH"}]}},"_links":{"self":[{"href":"https:\/\/www.vangraaf.com\/ch\/wp-json\/wp\/v2\/pages\/6599","targetHints":{"allow":["GET"]}}],"collection":[{"href":"https:\/\/www.vangraaf.com\/ch\/wp-json\/wp\/v2\/pages"}],"about":[{"href":"https:\/\/www.vangraaf.com\/ch\/wp-json\/wp\/v2\/types\/page"}],"author":[{"embeddable":true,"href":"https:\/\/www.vangraaf.com\/ch\/wp-json\/wp\/v2\/users\/6"}],"replies":[{"embeddable":true,"href":"https:\/\/www.vangraaf.com\/ch\/wp-json\/wp\/v2\/comments?post=6599"}],"version-history":[{"count":13,"href":"https:\/\/www.vangraaf.com\/ch\/wp-json\/wp\/v2\/pages\/6599\/revisions"}],"predecessor-version":[{"id":7517,"href":"https:\/\/www.vangraaf.com\/ch\/wp-json\/wp\/v2\/pages\/6599\/revisions\/7517"}],"up":[{"embeddable":true,"href":"https:\/\/www.vangraaf.com\/ch\/wp-json\/wp\/v2\/pages\/6575"}],"wp:attachment":[{"href":"https:\/\/www.vangraaf.com\/ch\/wp-json\/wp\/v2\/media?parent=6599"}],"curies":[{"name":"wp","href":"https:\/\/api.w.org\/{rel}","templated":true}]}}