{"id":6595,"date":"2022-02-11T13:39:38","date_gmt":"2022-02-11T12:39:38","guid":{"rendered":"https:\/\/www.vangraaf.com\/ch\/?page_id=6595"},"modified":"2022-07-29T12:58:31","modified_gmt":"2022-07-29T10:58:31","slug":"verantwortung","status":"publish","type":"page","link":"https:\/\/www.vangraaf.com\/ch\/karriere\/wir\/verantwortung\/","title":{"rendered":"Verantwortung"},"content":{"rendered":"<div class=\"wpb-content-wrapper\">[vc_row bwd_tbc4vd_show_weekday=&#187;&#187; full_width=&#187;stretch_row_content_no_spaces&#187;][vc_column]<div class=\"keyvisual\" data-aos=\"fade-up\" ><img loading=\"lazy\" decoding=\"async\" width=\"1440\" height=\"480\" src=\"https:\/\/www.vangraaf.com\/ch\/wp-content\/uploads\/sites\/6\/2022\/02\/M7_D_Wir_Headerbild_Gruppe_030.jpg\" class=\"vc_single_image-img keyvisual__image--big\" alt=\"\" srcset=\"https:\/\/www.vangraaf.com\/ch\/wp-content\/uploads\/sites\/6\/2022\/02\/M7_D_Wir_Headerbild_Gruppe_030.jpg 1440w, https:\/\/www.vangraaf.com\/ch\/wp-content\/uploads\/sites\/6\/2022\/02\/M7_D_Wir_Headerbild_Gruppe_030-300x100.jpg 300w, https:\/\/www.vangraaf.com\/ch\/wp-content\/uploads\/sites\/6\/2022\/02\/M7_D_Wir_Headerbild_Gruppe_030-1024x341.jpg 1024w, https:\/\/www.vangraaf.com\/ch\/wp-content\/uploads\/sites\/6\/2022\/02\/M7_D_Wir_Headerbild_Gruppe_030-768x256.jpg 768w, https:\/\/www.vangraaf.com\/ch\/wp-content\/uploads\/sites\/6\/2022\/02\/M7_D_Wir_Headerbild_Gruppe_030-1200x400.jpg 1200w, https:\/\/www.vangraaf.com\/ch\/wp-content\/uploads\/sites\/6\/2022\/02\/M7_D_Wir_Headerbild_Gruppe_030-992x331.jpg 992w, https:\/\/www.vangraaf.com\/ch\/wp-content\/uploads\/sites\/6\/2022\/02\/M7_D_Wir_Headerbild_Gruppe_030-480x160.jpg 480w, https:\/\/www.vangraaf.com\/ch\/wp-content\/uploads\/sites\/6\/2022\/02\/M7_D_Wir_Headerbild_Gruppe_030-690x230.jpg 690w\" sizes=\"(max-width: 1440px) 100vw, 1440px\" \/><img loading=\"lazy\" decoding=\"async\" width=\"768\" height=\"250\" src=\"https:\/\/www.vangraaf.com\/ch\/wp-content\/uploads\/sites\/6\/2022\/02\/M7_D_Wir_Headerbild_Gruppe_030-1.jpg\" class=\"vc_single_image-img keyvisual__image--small\" alt=\"\" srcset=\"https:\/\/www.vangraaf.com\/ch\/wp-content\/uploads\/sites\/6\/2022\/02\/M7_D_Wir_Headerbild_Gruppe_030-1.jpg 768w, https:\/\/www.vangraaf.com\/ch\/wp-content\/uploads\/sites\/6\/2022\/02\/M7_D_Wir_Headerbild_Gruppe_030-1-300x98.jpg 300w, https:\/\/www.vangraaf.com\/ch\/wp-content\/uploads\/sites\/6\/2022\/02\/M7_D_Wir_Headerbild_Gruppe_030-1-480x156.jpg 480w, https:\/\/www.vangraaf.com\/ch\/wp-content\/uploads\/sites\/6\/2022\/02\/M7_D_Wir_Headerbild_Gruppe_030-1-690x225.jpg 690w\" sizes=\"(max-width: 768px) 100vw, 768px\" \/><\/div>\n        <div class=\"headlines headlines--center\" data-aos=\"fade-up\">\n            <div class=\"vc_row\">\n                <div class=\"vc_col-md-10 vc_col-md-offset-1 vc_col-lg-10 vc_col-lg-offset-1\"><span class=\"h6\">Unsere Initiativen als Arbeitgeber<\/span><h1 class=\"h2\">Verantwortung\r<br\/>Erkennen &amp; Leben<\/h1><\/div>\n            <\/div>\n        <\/div>[vc_column_text]Als Familienunternehmen ist unternehmerische Verantwortung ein fester Bestandteil unserer Kultur. Wir handeln und entscheiden zukunftsorientiert, transparent und vertrauensvoll.\r\n\r\nVertrauen und Verantwortung bilden die Basis <a href=\"https:\/\/www.vangraaf.com\/ch\/karriere\/wir\/miteinander\/\">unserer Zusammenarbeit<\/a>, die wir aktiv f\u00f6rdern und leben.\r\n\r\nBei VAN GRAAF begeistern wir uns alle jeden Tag aufs Neue f\u00fcr unsere Arbeit. Wir sehen uns in der Verantwortung, ein Arbeitsumfeld zu schaffen, in dem sich jede:r wohlf\u00fchlen und entwickeln kann. Neben unserer Feedback- und F\u00fchrungskultur dr\u00fccken wir unsere Wertsch\u00e4tzung auch durch <a href=\"https:\/\/www.vangraaf.com\/ch\/karriere\/wir\/benefits\/\">vielf\u00e4ltige Zusatzleistungen<\/a> aus.\r\n\r\nWir wollen die Zukunft bei VAN GRAAF nachhaltig gestalten. Durch individuelle und <a href=\"https:\/\/www.vangraaf.com\/ch\/karriere\/wir\/entwicklung\/\">zielgerichtete Weiterbildung<\/a> stellen wir sicher, dass wir heute und in der Zukunft bestm\u00f6glich aufgestellt sind und sich jede:r pers\u00f6nlich weiterentwickeln kann.\r\n\r\nUnser Ziel ist die nachhaltige Leistungsf\u00e4higkeit unseres Unternehmens. Wir haben ein starkes Bewusstsein daf\u00fcr entwickelt, wie wichtig nachhaltiges Handeln ist und welche Verantwortung wir f\u00fcr unsere Gesellschaft und unsere Umwelt tragen. Erfahre <a href=\"https:\/\/www.vangraaf.com\/ch\/unternehmen\/nachhaltigkeit\/\" target=\"_blank\" rel=\"noopener\">hier<\/a> mehr \u00fcber unsere Nachhaltigkeits-Initiativen entlang unserer Wertsch\u00f6pfungskette.[\/vc_column_text][\/vc_column][\/vc_row][vc_row bwd_tbc4vd_show_weekday=&#187;&#187; full_width=&#187;stretch_row_content_no_spaces&#187;][vc_column]\n        <div class=\"headlines headlines--center\" data-aos=\"fade-up\">\n            <div class=\"vc_row\">\n                <div class=\"vc_col-md-10 vc_col-md-offset-1 vc_col-lg-10 vc_col-lg-offset-1\"><h2 class=\"h2\">Mehr \u00fcber VAN GRAAF<\/h2><\/div>\n            <\/div>\n        <\/div>[vc_row_inner bwd_tbc4vd_show_weekday=&#187;&#187; row_design=&#187;row_square_background&#187;][vc_column_inner width=&#187;1\/3&#8243;]<div class=\"vg-element cta-teaser cta-teaser--center\" data-aos=\"fade-up\"><div class=\"cta-teaser__image\"><a class=\"\" href=\"https:\/\/www.vangraaf.com\/ch\/karriere\/wir\/entwicklung\/\" target=\"_self\" rel=\"\" style=\"\"><img loading=\"lazy\" decoding=\"async\" width=\"380\" height=\"254\" src=\"https:\/\/www.vangraaf.com\/ch\/wp-content\/uploads\/sites\/6\/2022\/02\/M12_D_GRUPPE_PORTRAIT_TRAINER_025-1.jpg\" class=\"vc_single_image-img attachment-full\" alt=\"\" title=\"Entwicklung\" srcset=\"https:\/\/www.vangraaf.com\/ch\/wp-content\/uploads\/sites\/6\/2022\/02\/M12_D_GRUPPE_PORTRAIT_TRAINER_025-1.jpg 380w, https:\/\/www.vangraaf.com\/ch\/wp-content\/uploads\/sites\/6\/2022\/02\/M12_D_GRUPPE_PORTRAIT_TRAINER_025-1-300x201.jpg 300w\" sizes=\"(max-width: 380px) 100vw, 380px\" \/><\/a><\/div><div class=\"cta-teaser__text\"><h3>Entwicklung<\/h3><p>Lernen kommt nie aus der Mode! Mit vielen Trainings und Programmen machen wir Dich fit f\u00fcr Deine Zukunft.<\/p><a class=\"button\" href=\"https:\/\/www.vangraaf.com\/ch\/karriere\/wir\/entwicklung\/\" target=\"_self\" rel=\"\" style=\"\">Mehr erfahren<\/a><\/div><\/div>[\/vc_column_inner][vc_column_inner width=&#187;1\/3&#8243;]<div class=\"vg-element cta-teaser cta-teaser--center\" data-aos=\"fade-up\"><div class=\"cta-teaser__image\"><a class=\"\" href=\"https:\/\/www.vangraaf.com\/ch\/karriere\/wir\/unternehmen\/\" target=\"_self\" rel=\"\" style=\"\"><img loading=\"lazy\" decoding=\"async\" width=\"380\" height=\"254\" src=\"https:\/\/www.vangraaf.com\/ch\/wp-content\/uploads\/sites\/6\/2021\/05\/DasUnternehmen_VG-1.jpg\" class=\"vc_single_image-img attachment-full\" alt=\"\" title=\"Unternehmen_VG\" srcset=\"https:\/\/www.vangraaf.com\/ch\/wp-content\/uploads\/sites\/6\/2021\/05\/DasUnternehmen_VG-1.jpg 380w, https:\/\/www.vangraaf.com\/ch\/wp-content\/uploads\/sites\/6\/2021\/05\/DasUnternehmen_VG-1-300x201.jpg 300w\" sizes=\"(max-width: 380px) 100vw, 380px\" \/><\/a><\/div><div class=\"cta-teaser__text\"><h3>Das Unternehmen<\/h3><p>VAN GRAAF ist ein international erfolgreiches Retailkonzept. Erfahre mehr \u00fcber uns als Unternehmen.<\/p><a class=\"button\" href=\"https:\/\/www.vangraaf.com\/ch\/karriere\/wir\/unternehmen\/\" target=\"_self\" rel=\"\" style=\"\">Mehr erfahren<\/a><\/div><\/div>[\/vc_column_inner][vc_column_inner width=&#187;1\/3&#8243;]<div class=\"vg-element cta-teaser cta-teaser--center\" data-aos=\"fade-up\"><div class=\"cta-teaser__image\"><a class=\"\" href=\"https:\/\/www.vangraaf.com\/ch\/karriere\/jobs-karriere\/stellenangebote\/\" target=\"_self\" rel=\"\" style=\"\"><img loading=\"lazy\" decoding=\"async\" width=\"380\" height=\"254\" src=\"https:\/\/www.vangraaf.com\/ch\/wp-content\/uploads\/sites\/6\/2022\/02\/M10_M_Portraits_Buero_026-2.jpg\" class=\"vc_single_image-img attachment-full\" alt=\"\" title=\"Karriere_VG\" srcset=\"https:\/\/www.vangraaf.com\/ch\/wp-content\/uploads\/sites\/6\/2022\/02\/M10_M_Portraits_Buero_026-2.jpg 380w, https:\/\/www.vangraaf.com\/ch\/wp-content\/uploads\/sites\/6\/2022\/02\/M10_M_Portraits_Buero_026-2-300x201.jpg 300w\" sizes=\"(max-width: 380px) 100vw, 380px\" \/><\/a><\/div><div class=\"cta-teaser__text\"><h3>Alle Jobs bei VAN GRAAF<\/h3><p>Bereit f\u00fcr Deinen n\u00e4chsten Karriereschritt? Wir bieten Dir viele M\u00f6glichkeiten. Finde Deinen Traumjob bei VAN GRAAF.<\/p><a class=\"button button--primary\" href=\"https:\/\/www.vangraaf.com\/ch\/karriere\/jobs-karriere\/stellenangebote\/\" target=\"_self\" rel=\"\" style=\"\">Zur Jobsuche<\/a><\/div><\/div>[\/vc_column_inner][\/vc_row_inner][\/vc_column][\/vc_row]<\/div>","protected":false},"excerpt":{"rendered":"[vc_row bwd_tbc4vd_show_weekday=&#187;&#187; full_width=&#187;stretch_row_content_no_spaces&#187;][vc_column][vc_column_text]Als Familienunternehmen ist unternehmerische Verantwortung ein fester Bestandteil unserer Kultur. Wir handeln und entscheiden zukunftsorientiert, transparent und vertrauensvoll. Vertrauen und Verantwortung bilden die Basis unserer Zusammenarbeit, die wir aktiv f\u00f6rdern und leben. Bei VAN GRAAF begeistern wir uns alle jeden Tag aufs Neue f\u00fcr unsere Arbeit. Wir sehen uns in der Verantwortung, ein [&hellip;]","protected":false},"author":6,"featured_media":0,"parent":6575,"menu_order":0,"comment_status":"closed","ping_status":"closed","template":"","meta":{"_acf_changed":false,"inline_featured_image":false,"footnotes":""},"class_list":["post-6595","page","type-page","status-publish","hentry"],"acf":[],"yoast_head":"<!-- This site is optimized with the Yoast SEO plugin v27.2 - https:\/\/yoast.com\/product\/yoast-seo-wordpress\/ -->\n<title>Unsere Verantwortung als Arbeitgeber I VAN GRAAF<\/title>\n<meta name=\"description\" content=\"Als Familienunternehmen ist unternehmerische Verantwortung ein fester Bestandteil unserer Kultur. Bei VAN GRAAF handeln und entscheiden zukunftsorientiert, transparent und vertrauensvoll.\" \/>\n<meta name=\"robots\" content=\"index, follow, max-snippet:-1, max-image-preview:large, max-video-preview:-1\" \/>\n<link rel=\"canonical\" href=\"https:\/\/www.vangraaf.com\/ch\/karriere\/wir\/verantwortung\/\" \/>\n<meta property=\"og:locale\" content=\"de_DE\" \/>\n<meta property=\"og:type\" content=\"article\" \/>\n<meta property=\"og:title\" content=\"Unsere Verantwortung als Arbeitgeber I VAN GRAAF\" \/>\n<meta property=\"og:description\" content=\"Als Familienunternehmen ist unternehmerische Verantwortung ein fester Bestandteil unserer Kultur. Bei VAN GRAAF handeln und entscheiden zukunftsorientiert, transparent und vertrauensvoll.\" \/>\n<meta property=\"og:url\" content=\"https:\/\/www.vangraaf.com\/ch\/karriere\/wir\/verantwortung\/\" \/>\n<meta property=\"og:site_name\" content=\"VAN GRAAF Schweiz\" \/>\n<meta property=\"article:modified_time\" content=\"2022-07-29T10:58:31+00:00\" \/>\n<meta name=\"twitter:card\" content=\"summary_large_image\" \/>\n<meta name=\"twitter:label1\" content=\"Est. reading time\" \/>\n\t<meta name=\"twitter:data1\" content=\"2\u00a0Minuten\" \/>\n<script type=\"application\/ld+json\" class=\"yoast-schema-graph\">{\"@context\":\"https:\/\/schema.org\",\"@graph\":[{\"@type\":\"WebPage\",\"@id\":\"https:\/\/www.vangraaf.com\/ch\/karriere\/wir\/verantwortung\/\",\"url\":\"https:\/\/www.vangraaf.com\/ch\/karriere\/wir\/verantwortung\/\",\"name\":\"Unsere Verantwortung als Arbeitgeber I VAN GRAAF\",\"isPartOf\":{\"@id\":\"https:\/\/www.vangraaf.com\/ch\/#website\"},\"datePublished\":\"2022-02-11T12:39:38+00:00\",\"dateModified\":\"2022-07-29T10:58:31+00:00\",\"description\":\"Als Familienunternehmen ist unternehmerische Verantwortung ein fester Bestandteil unserer Kultur. Bei VAN GRAAF handeln und entscheiden zukunftsorientiert, transparent und vertrauensvoll.\",\"breadcrumb\":{\"@id\":\"https:\/\/www.vangraaf.com\/ch\/karriere\/wir\/verantwortung\/#breadcrumb\"},\"inLanguage\":\"de-CH\",\"potentialAction\":[{\"@type\":\"ReadAction\",\"target\":[\"https:\/\/www.vangraaf.com\/ch\/karriere\/wir\/verantwortung\/\"]}]},{\"@type\":\"BreadcrumbList\",\"@id\":\"https:\/\/www.vangraaf.com\/ch\/karriere\/wir\/verantwortung\/#breadcrumb\",\"itemListElement\":[{\"@type\":\"ListItem\",\"position\":1,\"name\":\"Home\",\"item\":\"https:\/\/www.vangraaf.com\/ch\/\"},{\"@type\":\"ListItem\",\"position\":2,\"name\":\"Karriere\",\"item\":\"https:\/\/www.vangraaf.com\/ch\/karriere\/\"},{\"@type\":\"ListItem\",\"position\":3,\"name\":\"Wir\",\"item\":\"https:\/\/www.vangraaf.com\/ch\/karriere\/wir\/\"},{\"@type\":\"ListItem\",\"position\":4,\"name\":\"Verantwortung\"}]},{\"@type\":\"WebSite\",\"@id\":\"https:\/\/www.vangraaf.com\/ch\/#website\",\"url\":\"https:\/\/www.vangraaf.com\/ch\/\",\"name\":\"VAN GRAAF\",\"description\":\"VAN GRAAF\",\"potentialAction\":[{\"@type\":\"SearchAction\",\"target\":{\"@type\":\"EntryPoint\",\"urlTemplate\":\"https:\/\/www.vangraaf.com\/ch\/?s={search_term_string}\"},\"query-input\":{\"@type\":\"PropertyValueSpecification\",\"valueRequired\":true,\"valueName\":\"search_term_string\"}}],\"inLanguage\":\"de-CH\"}]}<\/script>\n<!-- \/ Yoast SEO plugin. -->","yoast_head_json":{"title":"Unsere Verantwortung als Arbeitgeber I VAN GRAAF","description":"Als Familienunternehmen ist unternehmerische Verantwortung ein fester Bestandteil unserer Kultur. Bei VAN GRAAF handeln und entscheiden zukunftsorientiert, transparent und vertrauensvoll.","robots":{"index":"index","follow":"follow","max-snippet":"max-snippet:-1","max-image-preview":"max-image-preview:large","max-video-preview":"max-video-preview:-1"},"canonical":"https:\/\/www.vangraaf.com\/ch\/karriere\/wir\/verantwortung\/","og_locale":"de_DE","og_type":"article","og_title":"Unsere Verantwortung als Arbeitgeber I VAN GRAAF","og_description":"Als Familienunternehmen ist unternehmerische Verantwortung ein fester Bestandteil unserer Kultur. Bei VAN GRAAF handeln und entscheiden zukunftsorientiert, transparent und vertrauensvoll.","og_url":"https:\/\/www.vangraaf.com\/ch\/karriere\/wir\/verantwortung\/","og_site_name":"VAN GRAAF Schweiz","article_modified_time":"2022-07-29T10:58:31+00:00","twitter_card":"summary_large_image","twitter_misc":{"Est. reading time":"2\u00a0Minuten"},"schema":{"@context":"https:\/\/schema.org","@graph":[{"@type":"WebPage","@id":"https:\/\/www.vangraaf.com\/ch\/karriere\/wir\/verantwortung\/","url":"https:\/\/www.vangraaf.com\/ch\/karriere\/wir\/verantwortung\/","name":"Unsere Verantwortung als Arbeitgeber I VAN GRAAF","isPartOf":{"@id":"https:\/\/www.vangraaf.com\/ch\/#website"},"datePublished":"2022-02-11T12:39:38+00:00","dateModified":"2022-07-29T10:58:31+00:00","description":"Als Familienunternehmen ist unternehmerische Verantwortung ein fester Bestandteil unserer Kultur. Bei VAN GRAAF handeln und entscheiden zukunftsorientiert, transparent und vertrauensvoll.","breadcrumb":{"@id":"https:\/\/www.vangraaf.com\/ch\/karriere\/wir\/verantwortung\/#breadcrumb"},"inLanguage":"de-CH","potentialAction":[{"@type":"ReadAction","target":["https:\/\/www.vangraaf.com\/ch\/karriere\/wir\/verantwortung\/"]}]},{"@type":"BreadcrumbList","@id":"https:\/\/www.vangraaf.com\/ch\/karriere\/wir\/verantwortung\/#breadcrumb","itemListElement":[{"@type":"ListItem","position":1,"name":"Home","item":"https:\/\/www.vangraaf.com\/ch\/"},{"@type":"ListItem","position":2,"name":"Karriere","item":"https:\/\/www.vangraaf.com\/ch\/karriere\/"},{"@type":"ListItem","position":3,"name":"Wir","item":"https:\/\/www.vangraaf.com\/ch\/karriere\/wir\/"},{"@type":"ListItem","position":4,"name":"Verantwortung"}]},{"@type":"WebSite","@id":"https:\/\/www.vangraaf.com\/ch\/#website","url":"https:\/\/www.vangraaf.com\/ch\/","name":"VAN GRAAF","description":"VAN GRAAF","potentialAction":[{"@type":"SearchAction","target":{"@type":"EntryPoint","urlTemplate":"https:\/\/www.vangraaf.com\/ch\/?s={search_term_string}"},"query-input":{"@type":"PropertyValueSpecification","valueRequired":true,"valueName":"search_term_string"}}],"inLanguage":"de-CH"}]}},"_links":{"self":[{"href":"https:\/\/www.vangraaf.com\/ch\/wp-json\/wp\/v2\/pages\/6595","targetHints":{"allow":["GET"]}}],"collection":[{"href":"https:\/\/www.vangraaf.com\/ch\/wp-json\/wp\/v2\/pages"}],"about":[{"href":"https:\/\/www.vangraaf.com\/ch\/wp-json\/wp\/v2\/types\/page"}],"author":[{"embeddable":true,"href":"https:\/\/www.vangraaf.com\/ch\/wp-json\/wp\/v2\/users\/6"}],"replies":[{"embeddable":true,"href":"https:\/\/www.vangraaf.com\/ch\/wp-json\/wp\/v2\/comments?post=6595"}],"version-history":[{"count":13,"href":"https:\/\/www.vangraaf.com\/ch\/wp-json\/wp\/v2\/pages\/6595\/revisions"}],"predecessor-version":[{"id":7354,"href":"https:\/\/www.vangraaf.com\/ch\/wp-json\/wp\/v2\/pages\/6595\/revisions\/7354"}],"up":[{"embeddable":true,"href":"https:\/\/www.vangraaf.com\/ch\/wp-json\/wp\/v2\/pages\/6575"}],"wp:attachment":[{"href":"https:\/\/www.vangraaf.com\/ch\/wp-json\/wp\/v2\/media?parent=6595"}],"curies":[{"name":"wp","href":"https:\/\/api.w.org\/{rel}","templated":true}]}}