{"id":6593,"date":"2022-02-11T13:39:25","date_gmt":"2022-02-11T12:39:25","guid":{"rendered":"https:\/\/www.vangraaf.com\/ch\/?page_id=6593"},"modified":"2022-07-29T12:56:35","modified_gmt":"2022-07-29T10:56:35","slug":"entwicklung","status":"publish","type":"page","link":"https:\/\/www.vangraaf.com\/ch\/karriere\/wir\/entwicklung\/","title":{"rendered":"Entwicklung"},"content":{"rendered":"<div class=\"wpb-content-wrapper\">[vc_row bwd_tbc4vd_show_weekday=&#187;&#187; full_width=&#187;stretch_row_content_no_spaces&#187;][vc_column]<div class=\"keyvisual\" data-aos=\"fade-up\" ><img loading=\"lazy\" decoding=\"async\" width=\"1440\" height=\"480\" src=\"https:\/\/www.vangraaf.com\/ch\/wp-content\/uploads\/sites\/6\/2022\/02\/M12_D_GRUPPE_PORTRAIT_TRAINER_025.jpg\" class=\"vc_single_image-img\" alt=\"\" srcset=\"https:\/\/www.vangraaf.com\/ch\/wp-content\/uploads\/sites\/6\/2022\/02\/M12_D_GRUPPE_PORTRAIT_TRAINER_025.jpg 1440w, https:\/\/www.vangraaf.com\/ch\/wp-content\/uploads\/sites\/6\/2022\/02\/M12_D_GRUPPE_PORTRAIT_TRAINER_025-300x100.jpg 300w, https:\/\/www.vangraaf.com\/ch\/wp-content\/uploads\/sites\/6\/2022\/02\/M12_D_GRUPPE_PORTRAIT_TRAINER_025-1024x341.jpg 1024w, https:\/\/www.vangraaf.com\/ch\/wp-content\/uploads\/sites\/6\/2022\/02\/M12_D_GRUPPE_PORTRAIT_TRAINER_025-768x256.jpg 768w, https:\/\/www.vangraaf.com\/ch\/wp-content\/uploads\/sites\/6\/2022\/02\/M12_D_GRUPPE_PORTRAIT_TRAINER_025-1200x400.jpg 1200w, https:\/\/www.vangraaf.com\/ch\/wp-content\/uploads\/sites\/6\/2022\/02\/M12_D_GRUPPE_PORTRAIT_TRAINER_025-992x331.jpg 992w, https:\/\/www.vangraaf.com\/ch\/wp-content\/uploads\/sites\/6\/2022\/02\/M12_D_GRUPPE_PORTRAIT_TRAINER_025-480x160.jpg 480w, https:\/\/www.vangraaf.com\/ch\/wp-content\/uploads\/sites\/6\/2022\/02\/M12_D_GRUPPE_PORTRAIT_TRAINER_025-690x230.jpg 690w\" sizes=\"(max-width: 1440px) 100vw, 1440px\" \/><\/div>\n        <div class=\"headlines headlines--center\" data-aos=\"fade-up\">\n            <div class=\"vc_row\">\n                <div class=\"vc_col-md-10 vc_col-md-offset-1 vc_col-lg-10 vc_col-lg-offset-1\"><span class=\"h6\">Potentiale entfalten &amp; Zukunft gestalten<\/span><h1 class=\"h2\">Lernen kommt nie aus der Mode<\/h1><\/div>\n            <\/div>\n        <\/div>[vc_column_text]\r\n<p style=\"text-align: center\">Bei VAN GRAAF geht es um Deine pers\u00f6nliche Entwicklung. Ob im Verkauf oder in der Logistik, ob Mitarbeiter:in oder F\u00fchrungskraft \u2013 bei unserem vielf\u00e4ltigen Angebot an Pr\u00e4senz- und Online-Trainings ist f\u00fcr jeden etwas dabei!<\/p>\r\n[\/vc_column_text][vc_column_text]\r\n<h3>Unser Trainingsangebot<\/h3>\r\nUnsere Kund:innen wollen wir immer wieder \u00fcberraschen und begeistern. Vor allem \u00fcberzeugen wir in unseren Beratungsgespr\u00e4chen mit unserer Kompetenz und unserer Leidenschaft f\u00fcr Mode. Das macht uns erfolgreich. In unseren <strong>Onboarding Trainings<\/strong> vermitteln wir Dir daf\u00fcr direkt zum Start praxisnahes Basiswissen. So bist Du f\u00fcr die Aufgaben und Herausforderungen im Fashion-Retail bestens vorbereitet.\r\n\r\nDas weiterf\u00fchrende <strong>Sales Training<\/strong> bietet Dir mit einer grossen Auswahl an Verkaufs- und Pers\u00f6nlichkeitstrainings die M\u00f6glichkeit, Deine Kompetenzen weiter auszubauen und Dir zielgerichtet neues Wissen anzueignen.\r\n\r\nMit unseren <strong>Leadership Trainings<\/strong> kannst Du Dich als F\u00fchrungskraft gezielt weiterentwickeln. Ob die Weiterentwicklung der eigenen Soft Skills oder der Auf- und Ausbau Deiner pers\u00f6nlichen F\u00fchrungskompetenz. Freu Dich auf exzellente Trainer:innen und den inspirierenden Austausch mit anderen Teilnehmer:innen.[\/vc_column_text][vc_column_text]\r\n<h3>Talentprogramme<\/h3>\r\nIn Dein Potential zu investieren, ist bei VAN GRAAF Programm. Wir stellen nicht nur hohe Anspr\u00fcche an Dich, sondern bieten Dir auch hervorragende Entwicklungsm\u00f6glichkeiten. Flache Hierarchien und schnelle Entscheidungen machen es m\u00f6glich, dass Du Eigeninitiative zeigen und sehr schnell Verantwortung \u00fcbernehmen kannst. Dabei wirst Du von erfahrenen F\u00fchrungskr\u00e4ften und dem Bereich Personal begleitet.\r\n\r\nZeig Dein Potential und wir bieten Dir im <strong>Fit for Leadership Programm<\/strong> die Chance, Dich pers\u00f6nlich und in Deinen F\u00fchrungskompetenzen weiterzuentwickeln. Damit bereiten wir Dich auf Deinen n\u00e4chsten Karriereschritt vor. Zus\u00e4tzlich vermitteln wir Dir spannendes Wissen rund um die Themen Kunde, Ware und Trends. F\u00fcr das Programm k\u00f6nnen sich alle Nachwuchstalente mit Potential zur F\u00fchrungskraft in unseren Stores qualifizieren.[\/vc_column_text][\/vc_column][\/vc_row][vc_row][vc_column]<div class=\"quote-teaser quote-teaser--light\" style=\"--bg-image: url(https:\/\/www.vangraaf.com\/ch\/wp-content\/uploads\/sites\/6\/2022\/02\/M3_C_Schueler_075-1200x542.jpg); --season-color: #002045\" data-aos=\"fade-up\"><div class=\"vc_row vc_row-flex\"><div class=\"vc_col-sm-6 vc_col-sm-offset-6\"><div class=\"quote-teaser__content\"><img loading=\"lazy\" decoding=\"async\" width=\"768\" height=\"650\" src=\"https:\/\/www.vangraaf.com\/ch\/wp-content\/uploads\/sites\/6\/2022\/02\/M3_C_Schueler_075_MO.jpg\" class=\"quote-teaser__content__image\" alt=\"\" srcset=\"https:\/\/www.vangraaf.com\/ch\/wp-content\/uploads\/sites\/6\/2022\/02\/M3_C_Schueler_075_MO.jpg 768w, https:\/\/www.vangraaf.com\/ch\/wp-content\/uploads\/sites\/6\/2022\/02\/M3_C_Schueler_075_MO-300x254.jpg 300w, https:\/\/www.vangraaf.com\/ch\/wp-content\/uploads\/sites\/6\/2022\/02\/M3_C_Schueler_075_MO-480x406.jpg 480w, https:\/\/www.vangraaf.com\/ch\/wp-content\/uploads\/sites\/6\/2022\/02\/M3_C_Schueler_075_MO-690x584.jpg 690w\" sizes=\"(max-width: 768px) 100vw, 768px\" \/><div class=\"quote-teaser__content__quote\">Meine Entwicklung ist Individuell, nachhaltig &amp; zukunftsorientiert.<\/div><div class=\"quote-teaser__content__author\"><p>Cansu, Visual Merchandiser<\/p>\n<\/div><a class=\"button button--light\" href=\"https:\/\/www.vangraaf.com\/ch\/karriere\/jobs-karriere\/stellenangebote\/\" target=\"_self\" rel=\"\" style=\"\">Komm in unser Team!<\/a><\/div><\/div><\/div><\/div>[\/vc_column][\/vc_row][vc_row bwd_tbc4vd_show_weekday=&#187;&#187; full_width=&#187;stretch_row_content_no_spaces&#187;][vc_column]\n        <div class=\"headlines headlines--center\" data-aos=\"fade-up\">\n            <div class=\"vc_row\">\n                <div class=\"vc_col-md-10 vc_col-md-offset-1 vc_col-lg-10 vc_col-lg-offset-1\"><h2 class=\"h2\">Mehr \u00fcber VAN GRAAF<\/h2><\/div>\n            <\/div>\n        <\/div>[vc_row_inner bwd_tbc4vd_show_weekday=&#187;&#187; row_design=&#187;row_square_background&#187;][vc_column_inner width=&#187;1\/3&#8243;]<div class=\"vg-element cta-teaser cta-teaser--center\" data-aos=\"fade-up\"><div class=\"cta-teaser__image\"><a class=\"\" href=\"https:\/\/www.vangraaf.com\/ch\/karriere\/wir\/verantwortung\/\" target=\"_self\" rel=\"\" style=\"\"><img loading=\"lazy\" decoding=\"async\" width=\"380\" height=\"254\" src=\"https:\/\/www.vangraaf.com\/ch\/wp-content\/uploads\/sites\/6\/2022\/02\/M7_D_Wir_Headerbild_Gruppe_030-6.jpg\" class=\"vc_single_image-img attachment-full\" alt=\"\" title=\"Wir\" srcset=\"https:\/\/www.vangraaf.com\/ch\/wp-content\/uploads\/sites\/6\/2022\/02\/M7_D_Wir_Headerbild_Gruppe_030-6.jpg 380w, https:\/\/www.vangraaf.com\/ch\/wp-content\/uploads\/sites\/6\/2022\/02\/M7_D_Wir_Headerbild_Gruppe_030-6-300x201.jpg 300w\" sizes=\"(max-width: 380px) 100vw, 380px\" \/><\/a><\/div><div class=\"cta-teaser__text\"><h3>Verantwortung<\/h3><p>Unternehmerische Verantwortung ist fest in unserer Kultur verankert. Erfahre mehr \u00fcber unsere Initiativen als Arbeitgeber.<\/p><a class=\"button\" href=\"https:\/\/www.vangraaf.com\/ch\/karriere\/wir\/verantwortung\/\" target=\"_self\" rel=\"\" style=\"\">Mehr erfahren<\/a><\/div><\/div>[\/vc_column_inner][vc_column_inner width=&#187;1\/3&#8243;]<div class=\"vg-element cta-teaser cta-teaser--center\" data-aos=\"fade-up\"><div class=\"cta-teaser__image\"><a class=\"\" href=\"https:\/\/www.vangraaf.com\/ch\/karriere\/wir\/unternehmen\/\" target=\"_self\" rel=\"\" style=\"\"><img loading=\"lazy\" decoding=\"async\" width=\"380\" height=\"254\" src=\"https:\/\/www.vangraaf.com\/ch\/wp-content\/uploads\/sites\/6\/2021\/05\/DasUnternehmen_VG-1.jpg\" class=\"vc_single_image-img attachment-full\" alt=\"\" title=\"Unternehmen_VG\" srcset=\"https:\/\/www.vangraaf.com\/ch\/wp-content\/uploads\/sites\/6\/2021\/05\/DasUnternehmen_VG-1.jpg 380w, https:\/\/www.vangraaf.com\/ch\/wp-content\/uploads\/sites\/6\/2021\/05\/DasUnternehmen_VG-1-300x201.jpg 300w\" sizes=\"(max-width: 380px) 100vw, 380px\" \/><\/a><\/div><div class=\"cta-teaser__text\"><h3>Das Unternehmen<\/h3><p>VAN GRAAF ist ein international erfolgreiches Retailkonzept. Erfahre mehr \u00fcber uns als Unternehmen.<\/p><a class=\"button\" href=\"https:\/\/www.vangraaf.com\/ch\/karriere\/wir\/unternehmen\/\" target=\"_self\" rel=\"\" style=\"\">Mehr erfahren<\/a><\/div><\/div>[\/vc_column_inner][vc_column_inner width=&#187;1\/3&#8243;]<div class=\"vg-element cta-teaser cta-teaser--center\" data-aos=\"fade-up\"><div class=\"cta-teaser__image\"><a class=\"\" href=\"https:\/\/www.vangraaf.com\/ch\/karriere\/jobs-karriere\/stellenangebote\/\" target=\"_self\" rel=\"\" style=\"\"><img loading=\"lazy\" decoding=\"async\" width=\"380\" height=\"254\" src=\"https:\/\/www.vangraaf.com\/ch\/wp-content\/uploads\/sites\/6\/2022\/02\/M10_M_Portraits_Buero_026-2.jpg\" class=\"vc_single_image-img attachment-full\" alt=\"\" title=\"Karriere_VG\" srcset=\"https:\/\/www.vangraaf.com\/ch\/wp-content\/uploads\/sites\/6\/2022\/02\/M10_M_Portraits_Buero_026-2.jpg 380w, https:\/\/www.vangraaf.com\/ch\/wp-content\/uploads\/sites\/6\/2022\/02\/M10_M_Portraits_Buero_026-2-300x201.jpg 300w\" sizes=\"(max-width: 380px) 100vw, 380px\" \/><\/a><\/div><div class=\"cta-teaser__text\"><h3>Alle Jobs bei VAN GRAAF<\/h3><p>Bereit f\u00fcr Deinen n\u00e4chsten Karriereschritt? Wir bieten Dir viele M\u00f6glichkeiten. Finde Deinen Traumjob bei VAN GRAAF.<\/p><a class=\"button button--primary\" href=\"https:\/\/www.vangraaf.com\/ch\/karriere\/jobs-karriere\/stellenangebote\/\" target=\"_self\" rel=\"\" style=\"\">Zur Jobsuche<\/a><\/div><\/div>[\/vc_column_inner][\/vc_row_inner][\/vc_column][\/vc_row]<\/div>","protected":false},"excerpt":{"rendered":"[vc_row bwd_tbc4vd_show_weekday=&#187;&#187; full_width=&#187;stretch_row_content_no_spaces&#187;][vc_column][vc_column_text] Bei VAN GRAAF geht es um Deine pers\u00f6nliche Entwicklung. Ob im Verkauf oder in der Logistik, ob Mitarbeiter:in oder F\u00fchrungskraft \u2013 bei unserem vielf\u00e4ltigen Angebot an Pr\u00e4senz- und Online-Trainings ist f\u00fcr jeden etwas dabei! [\/vc_column_text][vc_column_text] Unser Trainingsangebot Unsere Kund:innen wollen wir immer wieder \u00fcberraschen und begeistern. Vor allem \u00fcberzeugen wir in unseren [&hellip;]","protected":false},"author":6,"featured_media":0,"parent":6575,"menu_order":0,"comment_status":"closed","ping_status":"closed","template":"","meta":{"_acf_changed":false,"inline_featured_image":false,"footnotes":""},"class_list":["post-6593","page","type-page","status-publish","hentry"],"acf":[],"yoast_head":"<!-- This site is optimized with the Yoast SEO plugin v27.2 - https:\/\/yoast.com\/product\/yoast-seo-wordpress\/ -->\n<title>Deine Entwicklung bei VAN GRAAF<\/title>\n<meta name=\"description\" content=\"Lernen kommt nie aus der Mode! Mit unseren vielf\u00e4ltigen Trainings und Programmen machen wir Dich fit f\u00fcr Deine Zukunft bei VAN GRAAF\" \/>\n<meta name=\"robots\" content=\"index, follow, max-snippet:-1, max-image-preview:large, max-video-preview:-1\" \/>\n<link rel=\"canonical\" href=\"https:\/\/www.vangraaf.com\/ch\/karriere\/wir\/entwicklung\/\" \/>\n<meta property=\"og:locale\" content=\"de_DE\" \/>\n<meta property=\"og:type\" content=\"article\" \/>\n<meta property=\"og:title\" content=\"Deine Entwicklung bei VAN GRAAF\" \/>\n<meta property=\"og:description\" content=\"Lernen kommt nie aus der Mode! Mit unseren vielf\u00e4ltigen Trainings und Programmen machen wir Dich fit f\u00fcr Deine Zukunft bei VAN GRAAF\" \/>\n<meta property=\"og:url\" content=\"https:\/\/www.vangraaf.com\/ch\/karriere\/wir\/entwicklung\/\" \/>\n<meta property=\"og:site_name\" content=\"VAN GRAAF Schweiz\" \/>\n<meta property=\"article:modified_time\" content=\"2022-07-29T10:56:35+00:00\" \/>\n<meta name=\"twitter:card\" content=\"summary_large_image\" \/>\n<meta name=\"twitter:label1\" content=\"Est. reading time\" \/>\n\t<meta name=\"twitter:data1\" content=\"3\u00a0Minuten\" \/>\n<script type=\"application\/ld+json\" class=\"yoast-schema-graph\">{\"@context\":\"https:\/\/schema.org\",\"@graph\":[{\"@type\":\"WebPage\",\"@id\":\"https:\/\/www.vangraaf.com\/ch\/karriere\/wir\/entwicklung\/\",\"url\":\"https:\/\/www.vangraaf.com\/ch\/karriere\/wir\/entwicklung\/\",\"name\":\"Deine Entwicklung bei VAN GRAAF\",\"isPartOf\":{\"@id\":\"https:\/\/www.vangraaf.com\/ch\/#website\"},\"datePublished\":\"2022-02-11T12:39:25+00:00\",\"dateModified\":\"2022-07-29T10:56:35+00:00\",\"description\":\"Lernen kommt nie aus der Mode! Mit unseren vielf\u00e4ltigen Trainings und Programmen machen wir Dich fit f\u00fcr Deine Zukunft bei VAN GRAAF\",\"breadcrumb\":{\"@id\":\"https:\/\/www.vangraaf.com\/ch\/karriere\/wir\/entwicklung\/#breadcrumb\"},\"inLanguage\":\"de-CH\",\"potentialAction\":[{\"@type\":\"ReadAction\",\"target\":[\"https:\/\/www.vangraaf.com\/ch\/karriere\/wir\/entwicklung\/\"]}]},{\"@type\":\"BreadcrumbList\",\"@id\":\"https:\/\/www.vangraaf.com\/ch\/karriere\/wir\/entwicklung\/#breadcrumb\",\"itemListElement\":[{\"@type\":\"ListItem\",\"position\":1,\"name\":\"Home\",\"item\":\"https:\/\/www.vangraaf.com\/ch\/\"},{\"@type\":\"ListItem\",\"position\":2,\"name\":\"Karriere\",\"item\":\"https:\/\/www.vangraaf.com\/ch\/karriere\/\"},{\"@type\":\"ListItem\",\"position\":3,\"name\":\"Wir\",\"item\":\"https:\/\/www.vangraaf.com\/ch\/karriere\/wir\/\"},{\"@type\":\"ListItem\",\"position\":4,\"name\":\"Entwicklung\"}]},{\"@type\":\"WebSite\",\"@id\":\"https:\/\/www.vangraaf.com\/ch\/#website\",\"url\":\"https:\/\/www.vangraaf.com\/ch\/\",\"name\":\"VAN GRAAF\",\"description\":\"VAN GRAAF\",\"potentialAction\":[{\"@type\":\"SearchAction\",\"target\":{\"@type\":\"EntryPoint\",\"urlTemplate\":\"https:\/\/www.vangraaf.com\/ch\/?s={search_term_string}\"},\"query-input\":{\"@type\":\"PropertyValueSpecification\",\"valueRequired\":true,\"valueName\":\"search_term_string\"}}],\"inLanguage\":\"de-CH\"}]}<\/script>\n<!-- \/ Yoast SEO plugin. -->","yoast_head_json":{"title":"Deine Entwicklung bei VAN GRAAF","description":"Lernen kommt nie aus der Mode! Mit unseren vielf\u00e4ltigen Trainings und Programmen machen wir Dich fit f\u00fcr Deine Zukunft bei VAN GRAAF","robots":{"index":"index","follow":"follow","max-snippet":"max-snippet:-1","max-image-preview":"max-image-preview:large","max-video-preview":"max-video-preview:-1"},"canonical":"https:\/\/www.vangraaf.com\/ch\/karriere\/wir\/entwicklung\/","og_locale":"de_DE","og_type":"article","og_title":"Deine Entwicklung bei VAN GRAAF","og_description":"Lernen kommt nie aus der Mode! Mit unseren vielf\u00e4ltigen Trainings und Programmen machen wir Dich fit f\u00fcr Deine Zukunft bei VAN GRAAF","og_url":"https:\/\/www.vangraaf.com\/ch\/karriere\/wir\/entwicklung\/","og_site_name":"VAN GRAAF Schweiz","article_modified_time":"2022-07-29T10:56:35+00:00","twitter_card":"summary_large_image","twitter_misc":{"Est. reading time":"3\u00a0Minuten"},"schema":{"@context":"https:\/\/schema.org","@graph":[{"@type":"WebPage","@id":"https:\/\/www.vangraaf.com\/ch\/karriere\/wir\/entwicklung\/","url":"https:\/\/www.vangraaf.com\/ch\/karriere\/wir\/entwicklung\/","name":"Deine Entwicklung bei VAN GRAAF","isPartOf":{"@id":"https:\/\/www.vangraaf.com\/ch\/#website"},"datePublished":"2022-02-11T12:39:25+00:00","dateModified":"2022-07-29T10:56:35+00:00","description":"Lernen kommt nie aus der Mode! Mit unseren vielf\u00e4ltigen Trainings und Programmen machen wir Dich fit f\u00fcr Deine Zukunft bei VAN GRAAF","breadcrumb":{"@id":"https:\/\/www.vangraaf.com\/ch\/karriere\/wir\/entwicklung\/#breadcrumb"},"inLanguage":"de-CH","potentialAction":[{"@type":"ReadAction","target":["https:\/\/www.vangraaf.com\/ch\/karriere\/wir\/entwicklung\/"]}]},{"@type":"BreadcrumbList","@id":"https:\/\/www.vangraaf.com\/ch\/karriere\/wir\/entwicklung\/#breadcrumb","itemListElement":[{"@type":"ListItem","position":1,"name":"Home","item":"https:\/\/www.vangraaf.com\/ch\/"},{"@type":"ListItem","position":2,"name":"Karriere","item":"https:\/\/www.vangraaf.com\/ch\/karriere\/"},{"@type":"ListItem","position":3,"name":"Wir","item":"https:\/\/www.vangraaf.com\/ch\/karriere\/wir\/"},{"@type":"ListItem","position":4,"name":"Entwicklung"}]},{"@type":"WebSite","@id":"https:\/\/www.vangraaf.com\/ch\/#website","url":"https:\/\/www.vangraaf.com\/ch\/","name":"VAN GRAAF","description":"VAN GRAAF","potentialAction":[{"@type":"SearchAction","target":{"@type":"EntryPoint","urlTemplate":"https:\/\/www.vangraaf.com\/ch\/?s={search_term_string}"},"query-input":{"@type":"PropertyValueSpecification","valueRequired":true,"valueName":"search_term_string"}}],"inLanguage":"de-CH"}]}},"_links":{"self":[{"href":"https:\/\/www.vangraaf.com\/ch\/wp-json\/wp\/v2\/pages\/6593","targetHints":{"allow":["GET"]}}],"collection":[{"href":"https:\/\/www.vangraaf.com\/ch\/wp-json\/wp\/v2\/pages"}],"about":[{"href":"https:\/\/www.vangraaf.com\/ch\/wp-json\/wp\/v2\/types\/page"}],"author":[{"embeddable":true,"href":"https:\/\/www.vangraaf.com\/ch\/wp-json\/wp\/v2\/users\/6"}],"replies":[{"embeddable":true,"href":"https:\/\/www.vangraaf.com\/ch\/wp-json\/wp\/v2\/comments?post=6593"}],"version-history":[{"count":14,"href":"https:\/\/www.vangraaf.com\/ch\/wp-json\/wp\/v2\/pages\/6593\/revisions"}],"predecessor-version":[{"id":7351,"href":"https:\/\/www.vangraaf.com\/ch\/wp-json\/wp\/v2\/pages\/6593\/revisions\/7351"}],"up":[{"embeddable":true,"href":"https:\/\/www.vangraaf.com\/ch\/wp-json\/wp\/v2\/pages\/6575"}],"wp:attachment":[{"href":"https:\/\/www.vangraaf.com\/ch\/wp-json\/wp\/v2\/media?parent=6593"}],"curies":[{"name":"wp","href":"https:\/\/api.w.org\/{rel}","templated":true}]}}