{"id":6591,"date":"2022-02-11T13:39:11","date_gmt":"2022-02-11T12:39:11","guid":{"rendered":"https:\/\/www.vangraaf.com\/ch\/?page_id=6591"},"modified":"2022-08-15T09:16:12","modified_gmt":"2022-08-15T07:16:12","slug":"miteinander","status":"publish","type":"page","link":"https:\/\/www.vangraaf.com\/ch\/karriere\/wir\/miteinander\/","title":{"rendered":"Miteinander"},"content":{"rendered":"<div class=\"wpb-content-wrapper\">[vc_row bwd_tbc4vd_show_weekday=&#187;&#187; full_width=&#187;stretch_row_content_no_spaces&#187; row_spacing=&#187;row_less_space&#187;][vc_column]<div class=\"keyvisual\" data-aos=\"fade-up\" ><img loading=\"lazy\" decoding=\"async\" width=\"1440\" height=\"480\" src=\"https:\/\/www.vangraaf.com\/ch\/wp-content\/uploads\/sites\/6\/2022\/02\/M7_D_Wir_Headerbild_Gruppe_030.jpg\" class=\"vc_single_image-img keyvisual__image--big\" alt=\"\" srcset=\"https:\/\/www.vangraaf.com\/ch\/wp-content\/uploads\/sites\/6\/2022\/02\/M7_D_Wir_Headerbild_Gruppe_030.jpg 1440w, https:\/\/www.vangraaf.com\/ch\/wp-content\/uploads\/sites\/6\/2022\/02\/M7_D_Wir_Headerbild_Gruppe_030-300x100.jpg 300w, https:\/\/www.vangraaf.com\/ch\/wp-content\/uploads\/sites\/6\/2022\/02\/M7_D_Wir_Headerbild_Gruppe_030-1024x341.jpg 1024w, https:\/\/www.vangraaf.com\/ch\/wp-content\/uploads\/sites\/6\/2022\/02\/M7_D_Wir_Headerbild_Gruppe_030-768x256.jpg 768w, https:\/\/www.vangraaf.com\/ch\/wp-content\/uploads\/sites\/6\/2022\/02\/M7_D_Wir_Headerbild_Gruppe_030-1200x400.jpg 1200w, https:\/\/www.vangraaf.com\/ch\/wp-content\/uploads\/sites\/6\/2022\/02\/M7_D_Wir_Headerbild_Gruppe_030-992x331.jpg 992w, https:\/\/www.vangraaf.com\/ch\/wp-content\/uploads\/sites\/6\/2022\/02\/M7_D_Wir_Headerbild_Gruppe_030-480x160.jpg 480w, https:\/\/www.vangraaf.com\/ch\/wp-content\/uploads\/sites\/6\/2022\/02\/M7_D_Wir_Headerbild_Gruppe_030-690x230.jpg 690w\" sizes=\"(max-width: 1440px) 100vw, 1440px\" \/><img loading=\"lazy\" decoding=\"async\" width=\"768\" height=\"250\" src=\"https:\/\/www.vangraaf.com\/ch\/wp-content\/uploads\/sites\/6\/2022\/02\/M7_D_Wir_Headerbild_Gruppe_030-1.jpg\" class=\"vc_single_image-img keyvisual__image--small\" alt=\"\" srcset=\"https:\/\/www.vangraaf.com\/ch\/wp-content\/uploads\/sites\/6\/2022\/02\/M7_D_Wir_Headerbild_Gruppe_030-1.jpg 768w, https:\/\/www.vangraaf.com\/ch\/wp-content\/uploads\/sites\/6\/2022\/02\/M7_D_Wir_Headerbild_Gruppe_030-1-300x98.jpg 300w, https:\/\/www.vangraaf.com\/ch\/wp-content\/uploads\/sites\/6\/2022\/02\/M7_D_Wir_Headerbild_Gruppe_030-1-480x156.jpg 480w, https:\/\/www.vangraaf.com\/ch\/wp-content\/uploads\/sites\/6\/2022\/02\/M7_D_Wir_Headerbild_Gruppe_030-1-690x225.jpg 690w\" sizes=\"(max-width: 768px) 100vw, 768px\" \/><\/div>\n        <div class=\"headlines headlines--center\" data-aos=\"fade-up\">\n            <div class=\"vc_row\">\n                <div class=\"vc_col-md-10 vc_col-md-offset-1 vc_col-lg-10 vc_col-lg-offset-1\"><span class=\"h6\">Gemeinsam auf Erfolgskurs<\/span><h1 class=\"h2\">Aus Leidenschaft f\u00fcr Mode &amp; Menschen<\/h1><\/div>\n            <\/div>\n        <\/div>[vc_column_text]\r\n<p style=\"text-align: center;\">Als Familienunternehmen liegt uns ein vertrauensvolles und wertsch\u00e4tzendes Miteinander besonders am Herzen. In unseren Grunds\u00e4tzen der Zusammenarbeit beschreiben wir gemeinsame Werte, die wir aktiv im Alltag leben. Durch unseren Zusammenhalt k\u00f6nnen wir uns und andere begeistern und erreichen gemeinsam unsere Ziele.<\/p>\r\n[\/vc_column_text][vc_tta_accordion][vc_tta_section title=&#187;Erfolg durch Freude an Mode und Menschen&#187; tab_id=&#187;1645467407505-86991baf-7998&#8243;][vc_column_text]\r\n<ul>\r\n \t<li>Uns verbindet die gemeinsame Leidenschaft f\u00fcr Mode und Menschen.<\/li>\r\n \t<li>Wir erreichen unsere Ziele mit Spass und Dynamik.<\/li>\r\n \t<li>Wir begeistern uns und andere.<\/li>\r\n<\/ul>\r\n[\/vc_column_text][\/vc_tta_section][vc_tta_section title=&#187;Vertrauen zu Verantwortung&#187; tab_id=&#187;1645467407517-e404311f-bf76&#8243;][vc_column_text]\r\n<ul>\r\n \t<li>Wir setzen auf die Kompetenz und den Leistungswillen aller.<\/li>\r\n \t<li>Wir vertrauen unseren St\u00e4rken und \u00fcbernehmen Verantwortung.<\/li>\r\n \t<li>Wir z\u00e4hlen auf die Verantwortungsbereitschaft jedes Einzelnen und unterst\u00fctzen diese.<\/li>\r\n<\/ul>\r\n[\/vc_column_text][\/vc_tta_section][vc_tta_section title=&#187;Einfacher, aber besser \u2013 jeden Tag&#187; tab_id=&#187;1645467462258-e2be262b-63a6&#8243;][vc_column_text]\r\n<ul>\r\n \t<li>Wir konzentrieren uns auf das Wesentliche.<\/li>\r\n \t<li>Wir entscheiden im Sinne des Ganzen und nicht im Sinne des Einzelnen.<\/li>\r\n \t<li>Wir treffen klare Entscheidungen und setzen diese konsequent um.<\/li>\r\n<\/ul>\r\n[\/vc_column_text][\/vc_tta_section][\/vc_tta_accordion][\/vc_column][\/vc_row][vc_row][vc_column][vc_column_text]\r\n<h3>Unsere Feedbackkultur<\/h3>\r\nEine offene und konstruktive Feedbackkultur macht uns gemeinsam stark. Daher nehmen wir uns Zeit f\u00fcreinander: Neben dem regelm\u00e4ssigen Feedback im Alltag f\u00f6rdern wir mit unserem j\u00e4hrlichen Mitarbeitergespr\u00e4ch \u201eDialog als Chance\u201c den Austausch zwischen Dir und Deiner F\u00fchrungskraft. Dieser Dialog schafft gezielt Raum f\u00fcr Anerkennung und gegenseitiges Feedback. Ferner erh\u00e4ltst Du R\u00fcckmeldung zu Deinen fachlichen und pers\u00f6nlichen Kompetenzen. So k\u00f6nnen beide Seiten das j\u00e4hrliche Mitarbeitergespr\u00e4ch nutzen, um voneinander zu lernen, W\u00fcnsche zu kommunizieren und Perspektiven aufzuzeigen.[\/vc_column_text][vc_column_text]\r\n<h3>Unsere F\u00fchrung<\/h3>\r\nF\u00fchrung ist nur dann \u00fcberzeugend, wenn sie authentisch ist. Hierf\u00fcr geben wir Dir als F\u00fchrungskraft mit unserem F\u00fchrungsverst\u00e4ndnis \u201eHIGH FIVE\u201c eine Orientierung und schaffen gleichzeitig den Raum, Deine Pers\u00f6nlichkeit und Erfahrungen einzubringen. Du lernst, Dich selbst zu reflektieren und Deine pers\u00f6nliche F\u00fchrungskompetenz weiterzuentwickeln. F\u00fcr Dich als Mitarbeiter erm\u00f6glicht dies eine Zusammenarbeit, in der Du Dich entfalten und Deine St\u00e4rken einbringen kannst. Bei VAN GRAAF gestalten wir F\u00fchrung gemeinsam: Authentisch. Individuell. Zukunftsorientiert.[\/vc_column_text][\/vc_column][\/vc_row][vc_row bwd_tbc4vd_show_weekday=&#187;&#187; full_width=&#187;stretch_row_content_no_spaces&#187;][vc_column]\n        <div class=\"headlines headlines--center\" data-aos=\"fade-up\">\n            <div class=\"vc_row\">\n                <div class=\"vc_col-md-10 vc_col-md-offset-1 vc_col-lg-10 vc_col-lg-offset-1\"><h2 class=\"h2\">Mehr \u00fcber VAN GRAAF<\/h2><\/div>\n            <\/div>\n        <\/div>[vc_row_inner bwd_tbc4vd_show_weekday=&#187;&#187; row_design=&#187;row_square_background&#187;][vc_column_inner width=&#187;1\/3&#8243;]<div class=\"vg-element cta-teaser cta-teaser--center\" data-aos=\"fade-up\"><div class=\"cta-teaser__image\"><a class=\"\" href=\"https:\/\/www.vangraaf.com\/ch\/karriere\/wir\/entwicklung\/\" target=\"_self\" rel=\"\" style=\"\"><img loading=\"lazy\" decoding=\"async\" width=\"380\" height=\"254\" src=\"https:\/\/www.vangraaf.com\/ch\/wp-content\/uploads\/sites\/6\/2022\/02\/M12_D_GRUPPE_PORTRAIT_TRAINER_025-1.jpg\" class=\"vc_single_image-img attachment-full\" alt=\"\" title=\"Entwicklung\" srcset=\"https:\/\/www.vangraaf.com\/ch\/wp-content\/uploads\/sites\/6\/2022\/02\/M12_D_GRUPPE_PORTRAIT_TRAINER_025-1.jpg 380w, https:\/\/www.vangraaf.com\/ch\/wp-content\/uploads\/sites\/6\/2022\/02\/M12_D_GRUPPE_PORTRAIT_TRAINER_025-1-300x201.jpg 300w\" sizes=\"(max-width: 380px) 100vw, 380px\" \/><\/a><\/div><div class=\"cta-teaser__text\"><h3>Entwicklung<\/h3><p>Lernen kommt nie aus der Mode! Mit vielen Trainings und Programmen machen wir Dich fit f\u00fcr Deine Zukunft.<\/p><a class=\"button\" href=\"https:\/\/www.vangraaf.com\/ch\/karriere\/wir\/entwicklung\/\" target=\"_self\" rel=\"\" style=\"\">Mehr erfahren<\/a><\/div><\/div>[\/vc_column_inner][vc_column_inner width=&#187;1\/3&#8243;]<div class=\"vg-element cta-teaser cta-teaser--center\" data-aos=\"fade-up\"><div class=\"cta-teaser__image\"><a class=\"\" href=\"https:\/\/www.vangraaf.com\/ch\/karriere\/wir\/unternehmen\/\" target=\"_self\" rel=\"\" style=\"\"><img loading=\"lazy\" decoding=\"async\" width=\"380\" height=\"254\" src=\"https:\/\/www.vangraaf.com\/ch\/wp-content\/uploads\/sites\/6\/2021\/05\/DasUnternehmen_VG-1.jpg\" class=\"vc_single_image-img attachment-full\" alt=\"\" title=\"Unternehmen_VG\" srcset=\"https:\/\/www.vangraaf.com\/ch\/wp-content\/uploads\/sites\/6\/2021\/05\/DasUnternehmen_VG-1.jpg 380w, https:\/\/www.vangraaf.com\/ch\/wp-content\/uploads\/sites\/6\/2021\/05\/DasUnternehmen_VG-1-300x201.jpg 300w\" sizes=\"(max-width: 380px) 100vw, 380px\" \/><\/a><\/div><div class=\"cta-teaser__text\"><h3>Das Unternehmen<\/h3><p>VAN GRAAF ist ein international erfolgreiches Retailkonzept. Erfahre mehr \u00fcber uns als Unternehmen.<\/p><a class=\"button\" href=\"https:\/\/www.vangraaf.com\/ch\/karriere\/wir\/unternehmen\/\" target=\"_self\" rel=\"\" style=\"\">Mehr erfahren<\/a><\/div><\/div>[\/vc_column_inner][vc_column_inner width=&#187;1\/3&#8243;]<div class=\"vg-element cta-teaser cta-teaser--center\" data-aos=\"fade-up\"><div class=\"cta-teaser__image\"><a class=\"\" href=\"https:\/\/www.vangraaf.com\/ch\/karriere\/jobs-karriere\/stellenangebote\/\" target=\"_self\" rel=\"\" style=\"\"><img loading=\"lazy\" decoding=\"async\" width=\"380\" height=\"254\" src=\"https:\/\/www.vangraaf.com\/ch\/wp-content\/uploads\/sites\/6\/2022\/02\/M10_M_Portraits_Buero_026-2.jpg\" class=\"vc_single_image-img attachment-full\" alt=\"\" title=\"Karriere_VG\" srcset=\"https:\/\/www.vangraaf.com\/ch\/wp-content\/uploads\/sites\/6\/2022\/02\/M10_M_Portraits_Buero_026-2.jpg 380w, https:\/\/www.vangraaf.com\/ch\/wp-content\/uploads\/sites\/6\/2022\/02\/M10_M_Portraits_Buero_026-2-300x201.jpg 300w\" sizes=\"(max-width: 380px) 100vw, 380px\" \/><\/a><\/div><div class=\"cta-teaser__text\"><h3>Alle Jobs bei VAN GRAAF<\/h3><p>Bereit f\u00fcr Deinen n\u00e4chsten Karriereschritt? Wir bieten Dir viele M\u00f6glichkeiten. Finde Deinen Traumjob bei VAN GRAAF.<\/p><a class=\"button button--primary\" href=\"https:\/\/www.vangraaf.com\/ch\/karriere\/jobs-karriere\/stellenangebote\/\" target=\"_self\" rel=\"\" style=\"\">Zur Jobsuche<\/a><\/div><\/div>[\/vc_column_inner][\/vc_row_inner][\/vc_column][\/vc_row]<\/div>","protected":false},"excerpt":{"rendered":"[vc_row bwd_tbc4vd_show_weekday=&#187;&#187; full_width=&#187;stretch_row_content_no_spaces&#187; row_spacing=&#187;row_less_space&#187;][vc_column][vc_column_text] Als Familienunternehmen liegt uns ein vertrauensvolles und wertsch\u00e4tzendes Miteinander besonders am Herzen. In unseren Grunds\u00e4tzen der Zusammenarbeit beschreiben wir gemeinsame Werte, die wir aktiv im Alltag leben. Durch unseren Zusammenhalt k\u00f6nnen wir uns und andere begeistern und erreichen gemeinsam unsere Ziele. [\/vc_column_text][vc_tta_accordion][vc_tta_section title=&#187;Erfolg durch Freude an Mode und Menschen&#187; tab_id=&#187;1645467407505-86991baf-7998&#8243;][vc_column_text] Uns [&hellip;]","protected":false},"author":6,"featured_media":0,"parent":6575,"menu_order":0,"comment_status":"closed","ping_status":"closed","template":"","meta":{"_acf_changed":false,"inline_featured_image":false,"footnotes":""},"class_list":["post-6591","page","type-page","status-publish","hentry"],"acf":[],"yoast_head":"<!-- This site is optimized with the Yoast SEO plugin v27.2 - https:\/\/yoast.com\/product\/yoast-seo-wordpress\/ -->\n<title>Unser Miteinander I VAN GRAAF<\/title>\n<meta name=\"description\" content=\"Du bist an einer Zusammenarbeit mit VAN GRAAF interessiert? Lerne unsere Unternehmenskultur kennen und bewirb Dich noch heute!\" \/>\n<meta name=\"robots\" content=\"index, follow, max-snippet:-1, max-image-preview:large, max-video-preview:-1\" \/>\n<link rel=\"canonical\" href=\"https:\/\/www.vangraaf.com\/ch\/karriere\/wir\/miteinander\/\" \/>\n<meta property=\"og:locale\" content=\"de_DE\" \/>\n<meta property=\"og:type\" content=\"article\" \/>\n<meta property=\"og:title\" content=\"Unser Miteinander I VAN GRAAF\" \/>\n<meta property=\"og:description\" content=\"Du bist an einer Zusammenarbeit mit VAN GRAAF interessiert? Lerne unsere Unternehmenskultur kennen und bewirb Dich noch heute!\" \/>\n<meta property=\"og:url\" content=\"https:\/\/www.vangraaf.com\/ch\/karriere\/wir\/miteinander\/\" \/>\n<meta property=\"og:site_name\" content=\"VAN GRAAF Schweiz\" \/>\n<meta property=\"article:modified_time\" content=\"2022-08-15T07:16:12+00:00\" \/>\n<meta name=\"twitter:card\" content=\"summary_large_image\" \/>\n<meta name=\"twitter:label1\" content=\"Est. reading time\" \/>\n\t<meta name=\"twitter:data1\" content=\"3\u00a0Minuten\" \/>\n<script type=\"application\/ld+json\" class=\"yoast-schema-graph\">{\"@context\":\"https:\/\/schema.org\",\"@graph\":[{\"@type\":\"WebPage\",\"@id\":\"https:\/\/www.vangraaf.com\/ch\/karriere\/wir\/miteinander\/\",\"url\":\"https:\/\/www.vangraaf.com\/ch\/karriere\/wir\/miteinander\/\",\"name\":\"Unser Miteinander I VAN GRAAF\",\"isPartOf\":{\"@id\":\"https:\/\/www.vangraaf.com\/ch\/#website\"},\"datePublished\":\"2022-02-11T12:39:11+00:00\",\"dateModified\":\"2022-08-15T07:16:12+00:00\",\"description\":\"Du bist an einer Zusammenarbeit mit VAN GRAAF interessiert? Lerne unsere Unternehmenskultur kennen und bewirb Dich noch heute!\",\"breadcrumb\":{\"@id\":\"https:\/\/www.vangraaf.com\/ch\/karriere\/wir\/miteinander\/#breadcrumb\"},\"inLanguage\":\"de-CH\",\"potentialAction\":[{\"@type\":\"ReadAction\",\"target\":[\"https:\/\/www.vangraaf.com\/ch\/karriere\/wir\/miteinander\/\"]}]},{\"@type\":\"BreadcrumbList\",\"@id\":\"https:\/\/www.vangraaf.com\/ch\/karriere\/wir\/miteinander\/#breadcrumb\",\"itemListElement\":[{\"@type\":\"ListItem\",\"position\":1,\"name\":\"Home\",\"item\":\"https:\/\/www.vangraaf.com\/ch\/\"},{\"@type\":\"ListItem\",\"position\":2,\"name\":\"Karriere\",\"item\":\"https:\/\/www.vangraaf.com\/ch\/karriere\/\"},{\"@type\":\"ListItem\",\"position\":3,\"name\":\"Wir\",\"item\":\"https:\/\/www.vangraaf.com\/ch\/karriere\/wir\/\"},{\"@type\":\"ListItem\",\"position\":4,\"name\":\"Miteinander\"}]},{\"@type\":\"WebSite\",\"@id\":\"https:\/\/www.vangraaf.com\/ch\/#website\",\"url\":\"https:\/\/www.vangraaf.com\/ch\/\",\"name\":\"VAN GRAAF\",\"description\":\"VAN GRAAF\",\"potentialAction\":[{\"@type\":\"SearchAction\",\"target\":{\"@type\":\"EntryPoint\",\"urlTemplate\":\"https:\/\/www.vangraaf.com\/ch\/?s={search_term_string}\"},\"query-input\":{\"@type\":\"PropertyValueSpecification\",\"valueRequired\":true,\"valueName\":\"search_term_string\"}}],\"inLanguage\":\"de-CH\"}]}<\/script>\n<!-- \/ Yoast SEO plugin. -->","yoast_head_json":{"title":"Unser Miteinander I VAN GRAAF","description":"Du bist an einer Zusammenarbeit mit VAN GRAAF interessiert? Lerne unsere Unternehmenskultur kennen und bewirb Dich noch heute!","robots":{"index":"index","follow":"follow","max-snippet":"max-snippet:-1","max-image-preview":"max-image-preview:large","max-video-preview":"max-video-preview:-1"},"canonical":"https:\/\/www.vangraaf.com\/ch\/karriere\/wir\/miteinander\/","og_locale":"de_DE","og_type":"article","og_title":"Unser Miteinander I VAN GRAAF","og_description":"Du bist an einer Zusammenarbeit mit VAN GRAAF interessiert? Lerne unsere Unternehmenskultur kennen und bewirb Dich noch heute!","og_url":"https:\/\/www.vangraaf.com\/ch\/karriere\/wir\/miteinander\/","og_site_name":"VAN GRAAF Schweiz","article_modified_time":"2022-08-15T07:16:12+00:00","twitter_card":"summary_large_image","twitter_misc":{"Est. reading time":"3\u00a0Minuten"},"schema":{"@context":"https:\/\/schema.org","@graph":[{"@type":"WebPage","@id":"https:\/\/www.vangraaf.com\/ch\/karriere\/wir\/miteinander\/","url":"https:\/\/www.vangraaf.com\/ch\/karriere\/wir\/miteinander\/","name":"Unser Miteinander I VAN GRAAF","isPartOf":{"@id":"https:\/\/www.vangraaf.com\/ch\/#website"},"datePublished":"2022-02-11T12:39:11+00:00","dateModified":"2022-08-15T07:16:12+00:00","description":"Du bist an einer Zusammenarbeit mit VAN GRAAF interessiert? Lerne unsere Unternehmenskultur kennen und bewirb Dich noch heute!","breadcrumb":{"@id":"https:\/\/www.vangraaf.com\/ch\/karriere\/wir\/miteinander\/#breadcrumb"},"inLanguage":"de-CH","potentialAction":[{"@type":"ReadAction","target":["https:\/\/www.vangraaf.com\/ch\/karriere\/wir\/miteinander\/"]}]},{"@type":"BreadcrumbList","@id":"https:\/\/www.vangraaf.com\/ch\/karriere\/wir\/miteinander\/#breadcrumb","itemListElement":[{"@type":"ListItem","position":1,"name":"Home","item":"https:\/\/www.vangraaf.com\/ch\/"},{"@type":"ListItem","position":2,"name":"Karriere","item":"https:\/\/www.vangraaf.com\/ch\/karriere\/"},{"@type":"ListItem","position":3,"name":"Wir","item":"https:\/\/www.vangraaf.com\/ch\/karriere\/wir\/"},{"@type":"ListItem","position":4,"name":"Miteinander"}]},{"@type":"WebSite","@id":"https:\/\/www.vangraaf.com\/ch\/#website","url":"https:\/\/www.vangraaf.com\/ch\/","name":"VAN GRAAF","description":"VAN GRAAF","potentialAction":[{"@type":"SearchAction","target":{"@type":"EntryPoint","urlTemplate":"https:\/\/www.vangraaf.com\/ch\/?s={search_term_string}"},"query-input":{"@type":"PropertyValueSpecification","valueRequired":true,"valueName":"search_term_string"}}],"inLanguage":"de-CH"}]}},"_links":{"self":[{"href":"https:\/\/www.vangraaf.com\/ch\/wp-json\/wp\/v2\/pages\/6591","targetHints":{"allow":["GET"]}}],"collection":[{"href":"https:\/\/www.vangraaf.com\/ch\/wp-json\/wp\/v2\/pages"}],"about":[{"href":"https:\/\/www.vangraaf.com\/ch\/wp-json\/wp\/v2\/types\/page"}],"author":[{"embeddable":true,"href":"https:\/\/www.vangraaf.com\/ch\/wp-json\/wp\/v2\/users\/6"}],"replies":[{"embeddable":true,"href":"https:\/\/www.vangraaf.com\/ch\/wp-json\/wp\/v2\/comments?post=6591"}],"version-history":[{"count":13,"href":"https:\/\/www.vangraaf.com\/ch\/wp-json\/wp\/v2\/pages\/6591\/revisions"}],"predecessor-version":[{"id":7367,"href":"https:\/\/www.vangraaf.com\/ch\/wp-json\/wp\/v2\/pages\/6591\/revisions\/7367"}],"up":[{"embeddable":true,"href":"https:\/\/www.vangraaf.com\/ch\/wp-json\/wp\/v2\/pages\/6575"}],"wp:attachment":[{"href":"https:\/\/www.vangraaf.com\/ch\/wp-json\/wp\/v2\/media?parent=6591"}],"curies":[{"name":"wp","href":"https:\/\/api.w.org\/{rel}","templated":true}]}}