{"id":6589,"date":"2022-02-11T13:38:54","date_gmt":"2022-02-11T12:38:54","guid":{"rendered":"https:\/\/www.vangraaf.com\/ch\/?page_id=6589"},"modified":"2022-07-29T12:53:59","modified_gmt":"2022-07-29T10:53:59","slug":"bewerbungsoutfits","status":"publish","type":"page","link":"https:\/\/www.vangraaf.com\/ch\/karriere\/richtig-bewerben\/bewerbungsoutfits\/","title":{"rendered":"Bewerbungsoutfits"},"content":{"rendered":"<div class=\"wpb-content-wrapper\">[vc_row bwd_tbc4vd_show_weekday=&#187;&#187; full_width=&#187;stretch_row_content_no_spaces&#187;][vc_column]<div class=\"keyvisual\" data-aos=\"fade-up\" ><img loading=\"lazy\" decoding=\"async\" width=\"1440\" height=\"480\" src=\"https:\/\/www.vangraaf.com\/ch\/wp-content\/uploads\/sites\/6\/2022\/02\/M2_B_Azubis_im_Verkauf_010.jpg\" class=\"vc_single_image-img keyvisual__image--big\" alt=\"\" srcset=\"https:\/\/www.vangraaf.com\/ch\/wp-content\/uploads\/sites\/6\/2022\/02\/M2_B_Azubis_im_Verkauf_010.jpg 1440w, https:\/\/www.vangraaf.com\/ch\/wp-content\/uploads\/sites\/6\/2022\/02\/M2_B_Azubis_im_Verkauf_010-300x100.jpg 300w, https:\/\/www.vangraaf.com\/ch\/wp-content\/uploads\/sites\/6\/2022\/02\/M2_B_Azubis_im_Verkauf_010-1024x341.jpg 1024w, https:\/\/www.vangraaf.com\/ch\/wp-content\/uploads\/sites\/6\/2022\/02\/M2_B_Azubis_im_Verkauf_010-768x256.jpg 768w, https:\/\/www.vangraaf.com\/ch\/wp-content\/uploads\/sites\/6\/2022\/02\/M2_B_Azubis_im_Verkauf_010-1200x400.jpg 1200w, https:\/\/www.vangraaf.com\/ch\/wp-content\/uploads\/sites\/6\/2022\/02\/M2_B_Azubis_im_Verkauf_010-992x331.jpg 992w, https:\/\/www.vangraaf.com\/ch\/wp-content\/uploads\/sites\/6\/2022\/02\/M2_B_Azubis_im_Verkauf_010-480x160.jpg 480w, https:\/\/www.vangraaf.com\/ch\/wp-content\/uploads\/sites\/6\/2022\/02\/M2_B_Azubis_im_Verkauf_010-690x230.jpg 690w\" sizes=\"(max-width: 1440px) 100vw, 1440px\" \/><img loading=\"lazy\" decoding=\"async\" width=\"768\" height=\"250\" src=\"https:\/\/www.vangraaf.com\/ch\/wp-content\/uploads\/sites\/6\/2022\/02\/M2_B_Azubis_im_Verkauf_010_mobil.jpg\" class=\"vc_single_image-img keyvisual__image--small\" alt=\"\" srcset=\"https:\/\/www.vangraaf.com\/ch\/wp-content\/uploads\/sites\/6\/2022\/02\/M2_B_Azubis_im_Verkauf_010_mobil.jpg 768w, https:\/\/www.vangraaf.com\/ch\/wp-content\/uploads\/sites\/6\/2022\/02\/M2_B_Azubis_im_Verkauf_010_mobil-300x98.jpg 300w, https:\/\/www.vangraaf.com\/ch\/wp-content\/uploads\/sites\/6\/2022\/02\/M2_B_Azubis_im_Verkauf_010_mobil-480x156.jpg 480w, https:\/\/www.vangraaf.com\/ch\/wp-content\/uploads\/sites\/6\/2022\/02\/M2_B_Azubis_im_Verkauf_010_mobil-690x225.jpg 690w\" sizes=\"(max-width: 768px) 100vw, 768px\" \/><\/div>\n        <div class=\"headlines headlines--center\" data-aos=\"fade-up\">\n            <div class=\"vc_row\">\n                <div class=\"vc_col-md-10 vc_col-md-offset-1 vc_col-lg-10 vc_col-lg-offset-1\"><span class=\"h6\">Tipps f\u00fcr Dein perfektes Bewerbungsoutfit<\/span><h1 class=\"h2\">Bewerbungsoutfits<\/h1><\/div>\n            <\/div>\n        <\/div>[vc_column_text]\r\n<p style=\"text-align: center\">Mit einem passendem Bewerbungsoutfit kannst Du im pers\u00f6nlichen Gespr\u00e4ch noch mehr \u00fcberzeugen. Wie seri\u00f6s oder stylish Dein Outfit sein sollte, h\u00e4ngt von der Branche und dem sp\u00e4teren Arbeitgeber ab. Du hast Dich f\u00fcr einen Job in der Fashion-Branche beworben? Dann kannst Du mit einem lockeren, aber modebewussten Outfit punkten. In traditionellen Branchen wie Banken oder Versicherungen sind in der Regel klassische und seri\u00f6se Outfits gefragt.<\/p>\r\n[\/vc_column_text][\/vc_column][\/vc_row][vc_row][vc_column][vc_column_text]\r\n<h3>Die besten Styling Tipps<\/h3>\r\nInformiere Dich \u00fcber den g\u00e4ngigen Dresscode der Branche. Ein Besuch auf der Karriereseite und den sozialen Netzwerken des Unternehmens kann zus\u00e4tzlich Aufschluss geben, wie das Unternehmen beim Thema Dresscode tickt. Auch Deine zuk\u00fcnftige Position kann eine Rolle bei der Wahl des passenden Dresscodes spielen. Wenn sp\u00e4ter im Job viel Kundenkontakt gefragt ist oder Du F\u00fchrungsverantwortung \u00fcbernehmen wirst, darf Dein Outfit klassischer sein. Setze innerhalb des Dresscodes auf Kleidungsst\u00fccke, in denen Du Dich wohl und sicher f\u00fchlst. Dann strahlst Du auch im Gespr\u00e4ch Selbstbewusstsein und Authentizit\u00e4t aus.[\/vc_column_text][vc_row_inner][vc_column_inner]<div class=\"vg-element image-text-teaser image-text-teaser--left image-text-teaser--dark\" style=\"--season-color: #ffffff\" data-aos=\"fade-up\"><div class=\"vc_row vc_row-flex\"><div class=\"image-text-teaser__image hide-for-sm-only vc_col-sm-12 vc_col-md-4\"><img loading=\"lazy\" decoding=\"async\" width=\"599\" height=\"549\" src=\"https:\/\/www.vangraaf.com\/ch\/wp-content\/uploads\/sites\/6\/2022\/03\/Man_Business_Favorit.jpg\" class=\"vc_single_image-img\" alt=\"\" srcset=\"https:\/\/www.vangraaf.com\/ch\/wp-content\/uploads\/sites\/6\/2022\/03\/Man_Business_Favorit.jpg 599w, https:\/\/www.vangraaf.com\/ch\/wp-content\/uploads\/sites\/6\/2022\/03\/Man_Business_Favorit-300x275.jpg 300w, https:\/\/www.vangraaf.com\/ch\/wp-content\/uploads\/sites\/6\/2022\/03\/Man_Business_Favorit-480x440.jpg 480w\" sizes=\"(max-width: 599px) 100vw, 599px\" \/><\/div><div class=\"vc_col-sm-12 vc_col-md-8\"><div class=\"image-text-teaser__content-wrapper\"><div class=\"image-text-teaser__content\"><h3>Dresscode Business Attire: klassisch &amp; seri\u00f6s<\/h3><p>In Deinem gew\u00fcnschten Job ist ein seri\u00f6ser und klassischer Dresscode gefragt? Dann liegst Du mit einem konventionellen aber modernen Bewerbungsoutfit genau richtig. F\u00fcr Frauen eignen sich beispielsweise ein schlichtes Kost\u00fcm, ein schickes Businesskleid oder ein Hosenanzug mit Bluse. M\u00e4nner greifen zu einem klassischen Anzug mit einem lang\u00e4rmligen Hemd und Krawatte.<\/p>\n<\/div><\/div><\/div><\/div><\/div>[\/vc_column_inner][\/vc_row_inner][vc_row_inner][vc_column_inner]<div class=\"vg-element image-text-teaser image-text-teaser--right image-text-teaser--dark\" style=\"--season-color: #ffffff\" data-aos=\"fade-up\"><div class=\"vc_row vc_row-flex\"><div class=\"image-text-teaser__image hide-for-sm-only vc_col-sm-12 vc_col-sm-push-8 vc_col-md-4 vc_col-md-push-8\"><img loading=\"lazy\" decoding=\"async\" width=\"599\" height=\"549\" src=\"https:\/\/www.vangraaf.com\/ch\/wp-content\/uploads\/sites\/6\/2022\/03\/Female_Smart-Casual_Favorit.jpg\" class=\"vc_single_image-img\" alt=\"\" srcset=\"https:\/\/www.vangraaf.com\/ch\/wp-content\/uploads\/sites\/6\/2022\/03\/Female_Smart-Casual_Favorit.jpg 599w, https:\/\/www.vangraaf.com\/ch\/wp-content\/uploads\/sites\/6\/2022\/03\/Female_Smart-Casual_Favorit-300x275.jpg 300w, https:\/\/www.vangraaf.com\/ch\/wp-content\/uploads\/sites\/6\/2022\/03\/Female_Smart-Casual_Favorit-480x440.jpg 480w\" sizes=\"(max-width: 599px) 100vw, 599px\" \/><\/div><div class=\"vc_col-sm-12 vc_col-sm-pull-0 vc_col-md-8 vc_col-md-pull-4\"><div class=\"image-text-teaser__content-wrapper\"><div class=\"image-text-teaser__content\"><h3>Dresscode Business Casual &amp; Smart Casual<\/h3><p>Im Handel, Handwerk und IT-Umfeld darf es in der Regel lockerer sein. Zwischen leichter Eleganz und Sportlichkeit ist viel erlaubt. Hier punktest Du mit einem jungen und frischen Outfit. Als Mann kannst Du auf einen gepflegten Look aus einem sportlichen Sakko oder Strick in Kombination mit Chino oder dunklen Jeans setzen. Frauen k\u00f6nnen Stoffhosen oder R\u00f6cke mit hochwertigem Feinstrick oder stylishen Blazern kombinieren.<\/p>\n<\/div><\/div><\/div><\/div><\/div>[\/vc_column_inner][\/vc_row_inner][vc_row_inner][vc_column_inner]<div class=\"vg-element image-text-teaser image-text-teaser--left image-text-teaser--dark\" style=\"--season-color: #ffffff\" data-aos=\"fade-up\"><div class=\"vc_row vc_row-flex\"><div class=\"image-text-teaser__image hide-for-sm-only vc_col-sm-12 vc_col-md-4\"><img loading=\"lazy\" decoding=\"async\" width=\"599\" height=\"549\" src=\"https:\/\/www.vangraaf.com\/ch\/wp-content\/uploads\/sites\/6\/2022\/03\/Man_Casual_Favorit.jpg\" class=\"vc_single_image-img\" alt=\"\" srcset=\"https:\/\/www.vangraaf.com\/ch\/wp-content\/uploads\/sites\/6\/2022\/03\/Man_Casual_Favorit.jpg 599w, https:\/\/www.vangraaf.com\/ch\/wp-content\/uploads\/sites\/6\/2022\/03\/Man_Casual_Favorit-300x275.jpg 300w, https:\/\/www.vangraaf.com\/ch\/wp-content\/uploads\/sites\/6\/2022\/03\/Man_Casual_Favorit-480x440.jpg 480w\" sizes=\"(max-width: 599px) 100vw, 599px\" \/><\/div><div class=\"vc_col-sm-12 vc_col-md-8\"><div class=\"image-text-teaser__content-wrapper\"><div class=\"image-text-teaser__content\"><h3>Dresscode Casual<\/h3><p>Dein Wunsch-Arbeitgeber sieht einen legeren Dresscode vor? Gerade in kreativen Bereichen hast Du in Sachen Dresscode viele M\u00f6glichkeiten. Wichtig ist, dass Dein Outfit stylish und gepflegt ist. Als Frau kannst Du zu Deinem farbenfrohen Lieblingskleid gepaart mit einer coolen Jeansjacke greifen. M\u00e4nner k\u00f6nnen ein hochwertiges Shirt mit einem Sakko und einem Pulli oder ein angesagtes Slim-Fit-Hemd mit Mao-Kragen kombinieren.<\/p>\n<p>Du bist noch auf der Suche nach dem perfekten Bewerbungsoutfit? In unserem <a href=\"https:\/\/www.vangraaf.com\/ch\/haus\/spreitenbach\/\" target=\"_blank\" rel=\"noopener\">Store<\/a> in Spreitenbach kannst Du Dich noch einmal ganz pers\u00f6nlich und mit viel Expertise f\u00fcr das perfekte Styling beraten lassen.<\/p>\n<\/div><\/div><\/div><\/div><\/div>[\/vc_column_inner][\/vc_row_inner][\/vc_column][\/vc_row][vc_row bwd_tbc4vd_show_weekday=&#187;&#187; full_width=&#187;stretch_row_content_no_spaces&#187;][vc_column]\n        <div class=\"headlines headlines--center\" data-aos=\"fade-up\">\n            <div class=\"vc_row\">\n                <div class=\"vc_col-md-10 vc_col-md-offset-1 vc_col-lg-10 vc_col-lg-offset-1\"><h2 class=\"h2\">So kommt Deine Bewerbung gut an<\/h2><\/div>\n            <\/div>\n        <\/div>[vc_row_inner bwd_tbc4vd_show_weekday=&#187;&#187; row_design=&#187;row_square_background&#187;][vc_column_inner width=&#187;1\/3&#8243;]<div class=\"vg-element cta-teaser cta-teaser--center\" data-aos=\"fade-up\"><div class=\"cta-teaser__image\"><a class=\"\" href=\"https:\/\/www.vangraaf.com\/ch\/karriere\/jobs-karriere\/stellenangebote\/\" target=\"_self\" rel=\"\" style=\"\"><img loading=\"lazy\" decoding=\"async\" width=\"380\" height=\"254\" src=\"https:\/\/www.vangraaf.com\/ch\/wp-content\/uploads\/sites\/6\/2022\/02\/M10_M_Portraits_Buero_026-2.jpg\" class=\"vc_single_image-img attachment-full\" alt=\"\" title=\"Karriere_VG\" srcset=\"https:\/\/www.vangraaf.com\/ch\/wp-content\/uploads\/sites\/6\/2022\/02\/M10_M_Portraits_Buero_026-2.jpg 380w, https:\/\/www.vangraaf.com\/ch\/wp-content\/uploads\/sites\/6\/2022\/02\/M10_M_Portraits_Buero_026-2-300x201.jpg 300w\" sizes=\"(max-width: 380px) 100vw, 380px\" \/><\/a><\/div><div class=\"cta-teaser__text\"><h3>Alle Jobs bei VAN GRAAF<\/h3><p>Bereit f\u00fcr Deinen n\u00e4chsten Karriereschritt? Wir bieten Dir viele M\u00f6glichkeiten. Finde Deinen Traumjob bei VAN GRAAF<\/p><a class=\"button button--primary\" href=\"https:\/\/www.vangraaf.com\/ch\/karriere\/jobs-karriere\/stellenangebote\/\" target=\"_self\" rel=\"\" style=\"\">Zur Jobsuche<\/a><\/div><\/div>[\/vc_column_inner][vc_column_inner width=&#187;1\/3&#8243;]<div class=\"vg-element cta-teaser cta-teaser--center\" data-aos=\"fade-up\"><div class=\"cta-teaser__image\"><a class=\"\" href=\"https:\/\/www.vangraaf.com\/ch\/karriere\/kontakt\/\" target=\"_self\" rel=\"\" style=\"\"><img loading=\"lazy\" decoding=\"async\" width=\"380\" height=\"254\" src=\"https:\/\/www.vangraaf.com\/ch\/wp-content\/uploads\/sites\/6\/2022\/03\/Portrait_MH.jpg\" class=\"vc_single_image-img attachment-full\" alt=\"\" title=\"Monique Hinsch\" srcset=\"https:\/\/www.vangraaf.com\/ch\/wp-content\/uploads\/sites\/6\/2022\/03\/Portrait_MH.jpg 380w, https:\/\/www.vangraaf.com\/ch\/wp-content\/uploads\/sites\/6\/2022\/03\/Portrait_MH-300x201.jpg 300w\" sizes=\"(max-width: 380px) 100vw, 380px\" \/><\/a><\/div><div class=\"cta-teaser__text\"><h3>Kontakt<\/h3><p>Du hast Fragen zum Jobeinstieg bei VAN GRAAF? Dann melde Dich direkt bei Monique: +41 564 197 242<\/p><a class=\"button\" href=\"https:\/\/www.vangraaf.com\/ch\/karriere\/kontakt\/\" target=\"_self\" rel=\"\" style=\"\">E-Mail senden<\/a><\/div><\/div>[\/vc_column_inner][vc_column_inner width=&#187;1\/3&#8243;]<div class=\"vg-element cta-teaser cta-teaser--center\" data-aos=\"fade-up\"><div class=\"cta-teaser__image\"><a class=\"\" href=\"https:\/\/www.vangraaf.com\/ch\/karriere\/richtig-bewerben\/bewerbungstipps\/\" target=\"_self\" rel=\"\" style=\"\"><img loading=\"lazy\" decoding=\"async\" width=\"380\" height=\"254\" src=\"https:\/\/www.vangraaf.com\/ch\/wp-content\/uploads\/sites\/6\/2022\/02\/M3_C_Schueler_054-2.jpg\" class=\"vc_single_image-img attachment-full\" alt=\"\" title=\"Bewerbungstipps\" srcset=\"https:\/\/www.vangraaf.com\/ch\/wp-content\/uploads\/sites\/6\/2022\/02\/M3_C_Schueler_054-2.jpg 380w, https:\/\/www.vangraaf.com\/ch\/wp-content\/uploads\/sites\/6\/2022\/02\/M3_C_Schueler_054-2-300x201.jpg 300w\" sizes=\"(max-width: 380px) 100vw, 380px\" \/><\/a><\/div><div class=\"cta-teaser__text\"><h3>Bewerbungs\u00adtipps<\/h3><p>Du m\u00f6chtest Dich bei uns bewerben? Wir geben Dir alle Tipps f\u00fcr einen rundum erfolgreichen Bewerbungsprozess.<\/p><a class=\"button\" href=\"https:\/\/www.vangraaf.com\/ch\/karriere\/richtig-bewerben\/bewerbungstipps\/\" target=\"_self\" rel=\"\" style=\"\">Bewerbungs&shy;tipps<\/a><\/div><\/div>[\/vc_column_inner][\/vc_row_inner][\/vc_column][\/vc_row]<\/div>","protected":false},"excerpt":{"rendered":"[vc_row bwd_tbc4vd_show_weekday=&#187;&#187; full_width=&#187;stretch_row_content_no_spaces&#187;][vc_column][vc_column_text] Mit einem passendem Bewerbungsoutfit kannst Du im pers\u00f6nlichen Gespr\u00e4ch noch mehr \u00fcberzeugen. Wie seri\u00f6s oder stylish Dein Outfit sein sollte, h\u00e4ngt von der Branche und dem sp\u00e4teren Arbeitgeber ab. Du hast Dich f\u00fcr einen Job in der Fashion-Branche beworben? Dann kannst Du mit einem lockeren, aber modebewussten Outfit punkten. In traditionellen Branchen [&hellip;]","protected":false},"author":6,"featured_media":0,"parent":6572,"menu_order":0,"comment_status":"closed","ping_status":"closed","template":"","meta":{"_acf_changed":false,"inline_featured_image":false,"footnotes":""},"class_list":["post-6589","page","type-page","status-publish","hentry"],"acf":[],"yoast_head":"<!-- This site is optimized with the Yoast SEO plugin v27.2 - https:\/\/yoast.com\/product\/yoast-seo-wordpress\/ -->\n<title>Dein Bewerbungsoutfit | VAN GRAAF<\/title>\n<meta name=\"description\" content=\"Du bist auf der Suche nach dem perfekten Bewerbungsoutfit? Wir haben die besten Styling Tipps! Alle Informationen erh\u00e4ltst Du hier.\" \/>\n<meta name=\"robots\" content=\"index, follow, max-snippet:-1, max-image-preview:large, max-video-preview:-1\" \/>\n<link rel=\"canonical\" href=\"https:\/\/www.vangraaf.com\/ch\/karriere\/richtig-bewerben\/bewerbungsoutfits\/\" \/>\n<meta property=\"og:locale\" content=\"de_DE\" \/>\n<meta property=\"og:type\" content=\"article\" \/>\n<meta property=\"og:title\" content=\"Dein Bewerbungsoutfit | VAN GRAAF\" \/>\n<meta property=\"og:description\" content=\"Du bist auf der Suche nach dem perfekten Bewerbungsoutfit? Wir haben die besten Styling Tipps! Alle Informationen erh\u00e4ltst Du hier.\" \/>\n<meta property=\"og:url\" content=\"https:\/\/www.vangraaf.com\/ch\/karriere\/richtig-bewerben\/bewerbungsoutfits\/\" \/>\n<meta property=\"og:site_name\" content=\"VAN GRAAF Schweiz\" \/>\n<meta property=\"article:modified_time\" content=\"2022-07-29T10:53:59+00:00\" \/>\n<meta name=\"twitter:card\" content=\"summary_large_image\" \/>\n<meta name=\"twitter:label1\" content=\"Est. reading time\" \/>\n\t<meta name=\"twitter:data1\" content=\"4\u00a0Minuten\" \/>\n<script type=\"application\/ld+json\" class=\"yoast-schema-graph\">{\"@context\":\"https:\/\/schema.org\",\"@graph\":[{\"@type\":\"WebPage\",\"@id\":\"https:\/\/www.vangraaf.com\/ch\/karriere\/richtig-bewerben\/bewerbungsoutfits\/\",\"url\":\"https:\/\/www.vangraaf.com\/ch\/karriere\/richtig-bewerben\/bewerbungsoutfits\/\",\"name\":\"Dein Bewerbungsoutfit | VAN GRAAF\",\"isPartOf\":{\"@id\":\"https:\/\/www.vangraaf.com\/ch\/#website\"},\"datePublished\":\"2022-02-11T12:38:54+00:00\",\"dateModified\":\"2022-07-29T10:53:59+00:00\",\"description\":\"Du bist auf der Suche nach dem perfekten Bewerbungsoutfit? Wir haben die besten Styling Tipps! Alle Informationen erh\u00e4ltst Du hier.\",\"breadcrumb\":{\"@id\":\"https:\/\/www.vangraaf.com\/ch\/karriere\/richtig-bewerben\/bewerbungsoutfits\/#breadcrumb\"},\"inLanguage\":\"de-CH\",\"potentialAction\":[{\"@type\":\"ReadAction\",\"target\":[\"https:\/\/www.vangraaf.com\/ch\/karriere\/richtig-bewerben\/bewerbungsoutfits\/\"]}]},{\"@type\":\"BreadcrumbList\",\"@id\":\"https:\/\/www.vangraaf.com\/ch\/karriere\/richtig-bewerben\/bewerbungsoutfits\/#breadcrumb\",\"itemListElement\":[{\"@type\":\"ListItem\",\"position\":1,\"name\":\"Home\",\"item\":\"https:\/\/www.vangraaf.com\/ch\/\"},{\"@type\":\"ListItem\",\"position\":2,\"name\":\"Karriere\",\"item\":\"https:\/\/www.vangraaf.com\/ch\/karriere\/\"},{\"@type\":\"ListItem\",\"position\":3,\"name\":\"Richtig bewerben\",\"item\":\"https:\/\/www.vangraaf.com\/ch\/karriere\/richtig-bewerben\/\"},{\"@type\":\"ListItem\",\"position\":4,\"name\":\"Bewerbungsoutfits\"}]},{\"@type\":\"WebSite\",\"@id\":\"https:\/\/www.vangraaf.com\/ch\/#website\",\"url\":\"https:\/\/www.vangraaf.com\/ch\/\",\"name\":\"VAN GRAAF\",\"description\":\"VAN GRAAF\",\"potentialAction\":[{\"@type\":\"SearchAction\",\"target\":{\"@type\":\"EntryPoint\",\"urlTemplate\":\"https:\/\/www.vangraaf.com\/ch\/?s={search_term_string}\"},\"query-input\":{\"@type\":\"PropertyValueSpecification\",\"valueRequired\":true,\"valueName\":\"search_term_string\"}}],\"inLanguage\":\"de-CH\"}]}<\/script>\n<!-- \/ Yoast SEO plugin. -->","yoast_head_json":{"title":"Dein Bewerbungsoutfit | VAN GRAAF","description":"Du bist auf der Suche nach dem perfekten Bewerbungsoutfit? Wir haben die besten Styling Tipps! Alle Informationen erh\u00e4ltst Du hier.","robots":{"index":"index","follow":"follow","max-snippet":"max-snippet:-1","max-image-preview":"max-image-preview:large","max-video-preview":"max-video-preview:-1"},"canonical":"https:\/\/www.vangraaf.com\/ch\/karriere\/richtig-bewerben\/bewerbungsoutfits\/","og_locale":"de_DE","og_type":"article","og_title":"Dein Bewerbungsoutfit | VAN GRAAF","og_description":"Du bist auf der Suche nach dem perfekten Bewerbungsoutfit? Wir haben die besten Styling Tipps! Alle Informationen erh\u00e4ltst Du hier.","og_url":"https:\/\/www.vangraaf.com\/ch\/karriere\/richtig-bewerben\/bewerbungsoutfits\/","og_site_name":"VAN GRAAF Schweiz","article_modified_time":"2022-07-29T10:53:59+00:00","twitter_card":"summary_large_image","twitter_misc":{"Est. reading time":"4\u00a0Minuten"},"schema":{"@context":"https:\/\/schema.org","@graph":[{"@type":"WebPage","@id":"https:\/\/www.vangraaf.com\/ch\/karriere\/richtig-bewerben\/bewerbungsoutfits\/","url":"https:\/\/www.vangraaf.com\/ch\/karriere\/richtig-bewerben\/bewerbungsoutfits\/","name":"Dein Bewerbungsoutfit | VAN GRAAF","isPartOf":{"@id":"https:\/\/www.vangraaf.com\/ch\/#website"},"datePublished":"2022-02-11T12:38:54+00:00","dateModified":"2022-07-29T10:53:59+00:00","description":"Du bist auf der Suche nach dem perfekten Bewerbungsoutfit? Wir haben die besten Styling Tipps! Alle Informationen erh\u00e4ltst Du hier.","breadcrumb":{"@id":"https:\/\/www.vangraaf.com\/ch\/karriere\/richtig-bewerben\/bewerbungsoutfits\/#breadcrumb"},"inLanguage":"de-CH","potentialAction":[{"@type":"ReadAction","target":["https:\/\/www.vangraaf.com\/ch\/karriere\/richtig-bewerben\/bewerbungsoutfits\/"]}]},{"@type":"BreadcrumbList","@id":"https:\/\/www.vangraaf.com\/ch\/karriere\/richtig-bewerben\/bewerbungsoutfits\/#breadcrumb","itemListElement":[{"@type":"ListItem","position":1,"name":"Home","item":"https:\/\/www.vangraaf.com\/ch\/"},{"@type":"ListItem","position":2,"name":"Karriere","item":"https:\/\/www.vangraaf.com\/ch\/karriere\/"},{"@type":"ListItem","position":3,"name":"Richtig bewerben","item":"https:\/\/www.vangraaf.com\/ch\/karriere\/richtig-bewerben\/"},{"@type":"ListItem","position":4,"name":"Bewerbungsoutfits"}]},{"@type":"WebSite","@id":"https:\/\/www.vangraaf.com\/ch\/#website","url":"https:\/\/www.vangraaf.com\/ch\/","name":"VAN GRAAF","description":"VAN GRAAF","potentialAction":[{"@type":"SearchAction","target":{"@type":"EntryPoint","urlTemplate":"https:\/\/www.vangraaf.com\/ch\/?s={search_term_string}"},"query-input":{"@type":"PropertyValueSpecification","valueRequired":true,"valueName":"search_term_string"}}],"inLanguage":"de-CH"}]}},"_links":{"self":[{"href":"https:\/\/www.vangraaf.com\/ch\/wp-json\/wp\/v2\/pages\/6589","targetHints":{"allow":["GET"]}}],"collection":[{"href":"https:\/\/www.vangraaf.com\/ch\/wp-json\/wp\/v2\/pages"}],"about":[{"href":"https:\/\/www.vangraaf.com\/ch\/wp-json\/wp\/v2\/types\/page"}],"author":[{"embeddable":true,"href":"https:\/\/www.vangraaf.com\/ch\/wp-json\/wp\/v2\/users\/6"}],"replies":[{"embeddable":true,"href":"https:\/\/www.vangraaf.com\/ch\/wp-json\/wp\/v2\/comments?post=6589"}],"version-history":[{"count":19,"href":"https:\/\/www.vangraaf.com\/ch\/wp-json\/wp\/v2\/pages\/6589\/revisions"}],"predecessor-version":[{"id":7346,"href":"https:\/\/www.vangraaf.com\/ch\/wp-json\/wp\/v2\/pages\/6589\/revisions\/7346"}],"up":[{"embeddable":true,"href":"https:\/\/www.vangraaf.com\/ch\/wp-json\/wp\/v2\/pages\/6572"}],"wp:attachment":[{"href":"https:\/\/www.vangraaf.com\/ch\/wp-json\/wp\/v2\/media?parent=6589"}],"curies":[{"name":"wp","href":"https:\/\/api.w.org\/{rel}","templated":true}]}}