{"id":6587,"date":"2022-02-11T13:38:31","date_gmt":"2022-02-11T12:38:31","guid":{"rendered":"https:\/\/www.vangraaf.com\/ch\/?page_id=6587"},"modified":"2022-08-15T10:57:05","modified_gmt":"2022-08-15T08:57:05","slug":"bewerbungstipps","status":"publish","type":"page","link":"https:\/\/www.vangraaf.com\/ch\/karriere\/richtig-bewerben\/bewerbungstipps\/","title":{"rendered":"Bewerbungstipps"},"content":{"rendered":"<div class=\"wpb-content-wrapper\">[vc_row bwd_tbc4vd_show_weekday=&#187;&#187; full_width=&#187;stretch_row_content_no_spaces&#187; row_spacing=&#187;row_less_space&#187;][vc_column]<div class=\"keyvisual\" data-aos=\"fade-up\" ><img loading=\"lazy\" decoding=\"async\" width=\"1440\" height=\"480\" src=\"https:\/\/www.vangraaf.com\/ch\/wp-content\/uploads\/sites\/6\/2022\/02\/M3_C_Schueler_054.jpg\" class=\"vc_single_image-img\" alt=\"\" srcset=\"https:\/\/www.vangraaf.com\/ch\/wp-content\/uploads\/sites\/6\/2022\/02\/M3_C_Schueler_054.jpg 1440w, https:\/\/www.vangraaf.com\/ch\/wp-content\/uploads\/sites\/6\/2022\/02\/M3_C_Schueler_054-300x100.jpg 300w, https:\/\/www.vangraaf.com\/ch\/wp-content\/uploads\/sites\/6\/2022\/02\/M3_C_Schueler_054-1024x341.jpg 1024w, https:\/\/www.vangraaf.com\/ch\/wp-content\/uploads\/sites\/6\/2022\/02\/M3_C_Schueler_054-768x256.jpg 768w, https:\/\/www.vangraaf.com\/ch\/wp-content\/uploads\/sites\/6\/2022\/02\/M3_C_Schueler_054-1200x400.jpg 1200w, https:\/\/www.vangraaf.com\/ch\/wp-content\/uploads\/sites\/6\/2022\/02\/M3_C_Schueler_054-992x331.jpg 992w, https:\/\/www.vangraaf.com\/ch\/wp-content\/uploads\/sites\/6\/2022\/02\/M3_C_Schueler_054-480x160.jpg 480w, https:\/\/www.vangraaf.com\/ch\/wp-content\/uploads\/sites\/6\/2022\/02\/M3_C_Schueler_054-690x230.jpg 690w\" sizes=\"(max-width: 1440px) 100vw, 1440px\" \/><\/div>\n        <div class=\"headlines headlines--center\" data-aos=\"fade-up\">\n            <div class=\"vc_row\">\n                <div class=\"vc_col-md-10 vc_col-md-offset-1 vc_col-lg-10 vc_col-lg-offset-1\"><span class=\"h6\">Tipps f\u00fcr ein erfolgreiches Bewerbungsverfahren<\/span><h1 class=\"h2\">Deine Bewerbung bei VAN GRAAF<\/h1><\/div>\n            <\/div>\n        <\/div>[vc_column_text]\r\n<p style=\"text-align: center;\">Mit Deiner Bewerbung gehst Du den ersten Schritt in Richtung Zukunft bei uns. Mit unserem standardisierten Auswahlverfahren stellen wir sicher, dass alle Bewerber:innen die gleichen Chancen erhalten. Mit Deiner vollst\u00e4ndigen Online-Bewerbung bei VAN GRAAF legst Du den Grundstein f\u00fcr Deinen ersten Eindruck. Im pers\u00f6nlichen Gespr\u00e4ch kannst Du uns anschliessend von Deiner Pers\u00f6nlichkeit \u00fcberzeugen. Hier geben wir Dir unsere Tipps f\u00fcr einen rundum erfolgreichen Bewerbungsprozess.<\/p>\r\n[\/vc_column_text][vc_tta_accordion collapsible_all=&#187;true&#187;][vc_tta_section title=&#187;Dein Anschreiben&#187; tab_id=&#187;Anschreiben&#187;][vc_column_text]Dein Anschreiben ist der perfekte Einstieg, um uns Deine Motivation f\u00fcr einen Job bei VAN GRAAF zu vermitteln. Du hast Dir bereits \u00fcberlegt, warum auch wir zu Dir passen k\u00f6nnten und was Dich an der potenziellen Aufgabe reizt? Eine kurze Darstellung Deiner St\u00e4rken sowie Hinweise auf relevante Erfahrungen und Know-how runden Dein Anschreiben ab.[\/vc_column_text][\/vc_tta_section][vc_tta_section title=&#187;Dein Lebenslauf&#187; tab_id=&#187;Lebenslauf&#187;][vc_column_text]In Deiner Bewerbung bei VAN GRAAF sorgt Dein Lebenslauf f\u00fcr ein ausdrucksstarkes Gesamtbild. Neben Deinen pers\u00f6nlichen Daten f\u00fchrst Du strukturiert und chronologisch Deinen Werdegang auf. Beschreibe Deine Aufgaben und Verantwortungen der jeweiligen Position in Stichpunkten. Gib gern mehr Details bei den T\u00e4tigkeiten an, die f\u00fcr den Job bei VAN GRAAF relevant sind.[\/vc_column_text][\/vc_tta_section][vc_tta_section title=&#187;Deine Zeugnisse&#187; tab_id=&#187;Zeugnisse&#187;][vc_column_text]Deine Zeugnisse sind wichtig, da sie Deine F\u00e4higkeiten und Dein Know-how f\u00fcr den Job bei VAN GRAAF noch einmal unterstreichen. Fasse relevante Zeugnisse und Zertifikate gern in einem PDF zusammen, das Du Deiner Online-Bewerbung beif\u00fcgst.[\/vc_column_text][\/vc_tta_section][\/vc_tta_accordion][\/vc_column][\/vc_row][vc_row][vc_column][vc_column_text]\r\n<h3>Erfolgreiche Bewerbung bei VAN GRAAF:\r\nEinladung zum pers\u00f6nlichen Gespr\u00e4ch<\/h3>\r\nDeine Bewerbung gef\u00e4llt uns! Nun sind wir gespannt darauf, Dich kennenzulernen. Im pers\u00f6nlichen Gespr\u00e4ch m\u00f6chten wir gemeinsam herausfinden, ob wir zueinander passen \u2013 denn auch wir bewerben uns bei Dir. Mit folgenden Tipps bereitest Du Dich bestm\u00f6glich auf das Gespr\u00e4ch vor:[\/vc_column_text][vc_tta_accordion collapsible_all=&#187;true&#187;][vc_tta_section title=&#187;So bereitest Du Dich vor&#187; tab_id=&#187;Vorbereitung&#187;][vc_column_text]Bevor Du Dich online bei VAN GRAAF beworben hast, hast Du Dir bestimmt bereits ein erstes Bild von uns gemacht. Informiere Dich vor dem pers\u00f6nlichen Gespr\u00e4ch am besten etwas umfassender \u00fcber unsere Unternehmensgruppe und besuche unseren <a href=\"https:\/\/www.vangraaf.com\/ch\/haus\/spreitenbach\" target=\"_blank\" rel=\"noopener\">Store<\/a>. Auch auf Facebook und Instagram erh\u00e4ltst Du einen lebendigen Eindruck von VAN GRAAF.\r\n\r\nFrage Dich dar\u00fcber hinaus noch einmal, warum Du Dich genau f\u00fcr diesen Job beworben hast. Was begeistert Dich an den beschriebenen Aufgaben? Warum w\u00fcrdest Du die Position gut ausf\u00fcllen? Wir sind in dem Gespr\u00e4ch nat\u00fcrlich auch auf Deine Fragen gespannt. Daher bereite von Deiner Seite vor, was Du noch \u00fcber VAN GRAAF und den Job erfahren m\u00f6chtest.[\/vc_column_text][\/vc_tta_section][vc_tta_section title=&#187;Dein perfektes Outfit&#187; tab_id=&#187;Outfit&#187;][vc_column_text]Ein stilsicheres und gepflegtes Outfit spielt f\u00fcr uns als Fashion-Unternehmen nat\u00fcrlich eine Rolle. Bei uns findest Du viele Styling-Ideen f\u00fcr Dein perfektes <a href=\"https:\/\/www.vangraaf.com\/ch\/karriere\/richtig-bewerben\/bewerbungsoutfits\/\">Bewerbungsoutfit<\/a>.[\/vc_column_text][\/vc_tta_section][vc_tta_section title=&#187;\u00dcberzeugendes Gespr\u00e4ch&#187; tab_id=&#187;Gespr\u00e4ch&#187;][vc_column_text]Mit Deiner Bewerbung bei VAN GRAAF haben wir uns bereits ein erstes Bild von Dir machen k\u00f6nnen. Im gemeinsamen Gespr\u00e4ch m\u00f6chten wir Dich pers\u00f6nlich und fachlich n\u00e4her kennenlernen. Neben Deiner Vorstellung werden wir Dir Fragen zu Deiner Pers\u00f6nlichkeit, Deinem Werdegang und Deiner Arbeitsweise stellen. Eine gewisse Aufregung geh\u00f6rt nat\u00fcrlich dazu \u2013 wir m\u00f6chten Dich ermuntern, offen, selbstbewusst und authentisch zu sein.\r\n\r\nUns ist wichtig, Dir einen umfassenden Einblick in die Welt von VAN GRAAF, das Team und Deine zuk\u00fcnftigen Aufgaben zu geben. Ausserdem m\u00f6chten wir Deine offenen Fragen beantworten.[\/vc_column_text][\/vc_tta_section][\/vc_tta_accordion][\/vc_column][\/vc_row][vc_row bwd_tbc4vd_show_weekday=&#187;&#187; full_width=&#187;stretch_row_content_no_spaces&#187;][vc_column]\n        <div class=\"headlines headlines--center\" data-aos=\"fade-up\">\n            <div class=\"vc_row\">\n                <div class=\"vc_col-md-10 vc_col-md-offset-1 vc_col-lg-10 vc_col-lg-offset-1\"><h2 class=\"h2\">So kommt Deine Bewerbung gut an<\/h2><\/div>\n            <\/div>\n        <\/div>[vc_row_inner bwd_tbc4vd_show_weekday=&#187;&#187; row_design=&#187;row_square_background&#187;][vc_column_inner width=&#187;1\/3&#8243;]<div class=\"vg-element cta-teaser cta-teaser--center\" data-aos=\"fade-up\"><div class=\"cta-teaser__image\"><a class=\"\" href=\"https:\/\/www.vangraaf.com\/ch\/karriere\/jobs-karriere\/stellenangebote\/\" target=\"_self\" rel=\"\" style=\"\"><img loading=\"lazy\" decoding=\"async\" width=\"380\" height=\"254\" src=\"https:\/\/www.vangraaf.com\/ch\/wp-content\/uploads\/sites\/6\/2022\/02\/M10_M_Portraits_Buero_026-2.jpg\" class=\"vc_single_image-img attachment-full\" alt=\"\" title=\"Karriere_VG\" srcset=\"https:\/\/www.vangraaf.com\/ch\/wp-content\/uploads\/sites\/6\/2022\/02\/M10_M_Portraits_Buero_026-2.jpg 380w, https:\/\/www.vangraaf.com\/ch\/wp-content\/uploads\/sites\/6\/2022\/02\/M10_M_Portraits_Buero_026-2-300x201.jpg 300w\" sizes=\"(max-width: 380px) 100vw, 380px\" \/><\/a><\/div><div class=\"cta-teaser__text\"><h3>Alle Jobs bei VAN GRAAF<\/h3><p>Bereit f\u00fcr Deinen n\u00e4chsten Karriereschritt? Wir bieten Dir viele M\u00f6glichkeiten. Finde Deinen Traumjob bei VAN GRAAF<\/p><a class=\"button button--primary\" href=\"https:\/\/www.vangraaf.com\/ch\/karriere\/jobs-karriere\/stellenangebote\/\" target=\"_self\" rel=\"\" style=\"\">Zur Jobsuche<\/a><\/div><\/div>[\/vc_column_inner][vc_column_inner width=&#187;1\/3&#8243;]<div class=\"vg-element cta-teaser cta-teaser--center\" data-aos=\"fade-up\"><div class=\"cta-teaser__image\"><a class=\"\" href=\"https:\/\/www.vangraaf.com\/ch\/karriere\/kontakt\/\" target=\"_self\" rel=\"\" style=\"\"><img loading=\"lazy\" decoding=\"async\" width=\"380\" height=\"254\" src=\"https:\/\/www.vangraaf.com\/ch\/wp-content\/uploads\/sites\/6\/2022\/03\/Portrait_MH.jpg\" class=\"vc_single_image-img attachment-full\" alt=\"\" title=\"Monique Hinsch\" srcset=\"https:\/\/www.vangraaf.com\/ch\/wp-content\/uploads\/sites\/6\/2022\/03\/Portrait_MH.jpg 380w, https:\/\/www.vangraaf.com\/ch\/wp-content\/uploads\/sites\/6\/2022\/03\/Portrait_MH-300x201.jpg 300w\" sizes=\"(max-width: 380px) 100vw, 380px\" \/><\/a><\/div><div class=\"cta-teaser__text\"><h3>Kontakt<\/h3><p>Du hast Fragen zum Jobeinstieg bei VAN GRAAF? Dann melde Dich direkt bei Monique: +41 564 197 242<\/p><a class=\"button\" href=\"https:\/\/www.vangraaf.com\/ch\/karriere\/kontakt\/\" target=\"_self\" rel=\"\" style=\"\">E-Mail senden<\/a><\/div><\/div>[\/vc_column_inner][vc_column_inner width=&#187;1\/3&#8243;]<div class=\"vg-element cta-teaser cta-teaser--center\" data-aos=\"fade-up\"><div class=\"cta-teaser__image\"><a class=\"\" href=\"https:\/\/www.vangraaf.com\/ch\/karriere\/richtig-bewerben\/bewerbungsprozess\/\" target=\"_self\" rel=\"\" style=\"\"><img loading=\"lazy\" decoding=\"async\" width=\"380\" height=\"254\" src=\"https:\/\/www.vangraaf.com\/ch\/wp-content\/uploads\/sites\/6\/2022\/07\/Bewerbungsprozess.jpeg\" class=\"vc_single_image-img attachment-full\" alt=\"\" title=\"Bewerbungsprozess\" srcset=\"https:\/\/www.vangraaf.com\/ch\/wp-content\/uploads\/sites\/6\/2022\/07\/Bewerbungsprozess.jpeg 380w, https:\/\/www.vangraaf.com\/ch\/wp-content\/uploads\/sites\/6\/2022\/07\/Bewerbungsprozess-300x201.jpeg 300w\" sizes=\"(max-width: 380px) 100vw, 380px\" \/><\/a><\/div><div class=\"cta-teaser__text\"><h3>Bewerbungsprozess<\/h3><p>In unserem Bewerbungsprozess stehst Du im Mittelpunkt. Wir geben Dir alle Informationen f\u00fcr Deine Bewerbung.<\/p><a class=\"button\" href=\"https:\/\/www.vangraaf.com\/ch\/karriere\/richtig-bewerben\/bewerbungsprozess\/\" target=\"_self\" rel=\"\" style=\"\">Mehr erfahren<\/a><\/div><\/div>[\/vc_column_inner][\/vc_row_inner][\/vc_column][\/vc_row]<\/div>","protected":false},"excerpt":{"rendered":"[vc_row bwd_tbc4vd_show_weekday=&#187;&#187; full_width=&#187;stretch_row_content_no_spaces&#187; row_spacing=&#187;row_less_space&#187;][vc_column][vc_column_text] Mit Deiner Bewerbung gehst Du den ersten Schritt in Richtung Zukunft bei uns. Mit unserem standardisierten Auswahlverfahren stellen wir sicher, dass alle Bewerber:innen die gleichen Chancen erhalten. Mit Deiner vollst\u00e4ndigen Online-Bewerbung bei VAN GRAAF legst Du den Grundstein f\u00fcr Deinen ersten Eindruck. Im pers\u00f6nlichen Gespr\u00e4ch kannst Du uns anschliessend von Deiner [&hellip;]","protected":false},"author":6,"featured_media":0,"parent":6572,"menu_order":0,"comment_status":"closed","ping_status":"closed","template":"","meta":{"_acf_changed":false,"inline_featured_image":false,"footnotes":""},"class_list":["post-6587","page","type-page","status-publish","hentry"],"acf":[],"yoast_head":"<!-- This site is optimized with the Yoast SEO plugin v27.2 - https:\/\/yoast.com\/product\/yoast-seo-wordpress\/ -->\n<title>Deine Bewerbung bei uns | VAN GRAAF<\/title>\n<meta name=\"description\" content=\"Du hast Lust auf spannende, herausfordernde T\u00e4tigkeiten im Einzelhandel? Dann bewirb Dich online bei VAN GRAAF! Alle Informationen erh\u00e4ltst Du hier.\" \/>\n<meta name=\"robots\" content=\"index, follow, max-snippet:-1, max-image-preview:large, max-video-preview:-1\" \/>\n<link rel=\"canonical\" href=\"https:\/\/www.vangraaf.com\/ch\/karriere\/richtig-bewerben\/bewerbungstipps\/\" \/>\n<meta property=\"og:locale\" content=\"de_DE\" \/>\n<meta property=\"og:type\" content=\"article\" \/>\n<meta property=\"og:title\" content=\"Deine Bewerbung bei uns | VAN GRAAF\" \/>\n<meta property=\"og:description\" content=\"Du hast Lust auf spannende, herausfordernde T\u00e4tigkeiten im Einzelhandel? Dann bewirb Dich online bei VAN GRAAF! Alle Informationen erh\u00e4ltst Du hier.\" \/>\n<meta property=\"og:url\" content=\"https:\/\/www.vangraaf.com\/ch\/karriere\/richtig-bewerben\/bewerbungstipps\/\" \/>\n<meta property=\"og:site_name\" content=\"VAN GRAAF Schweiz\" \/>\n<meta property=\"article:modified_time\" content=\"2022-08-15T08:57:05+00:00\" \/>\n<meta name=\"twitter:card\" content=\"summary_large_image\" \/>\n<meta name=\"twitter:label1\" content=\"Est. reading time\" \/>\n\t<meta name=\"twitter:data1\" content=\"4\u00a0Minuten\" \/>\n<script type=\"application\/ld+json\" class=\"yoast-schema-graph\">{\"@context\":\"https:\/\/schema.org\",\"@graph\":[{\"@type\":\"WebPage\",\"@id\":\"https:\/\/www.vangraaf.com\/ch\/karriere\/richtig-bewerben\/bewerbungstipps\/\",\"url\":\"https:\/\/www.vangraaf.com\/ch\/karriere\/richtig-bewerben\/bewerbungstipps\/\",\"name\":\"Deine Bewerbung bei uns | VAN GRAAF\",\"isPartOf\":{\"@id\":\"https:\/\/www.vangraaf.com\/ch\/#website\"},\"datePublished\":\"2022-02-11T12:38:31+00:00\",\"dateModified\":\"2022-08-15T08:57:05+00:00\",\"description\":\"Du hast Lust auf spannende, herausfordernde T\u00e4tigkeiten im Einzelhandel? Dann bewirb Dich online bei VAN GRAAF! Alle Informationen erh\u00e4ltst Du hier.\",\"breadcrumb\":{\"@id\":\"https:\/\/www.vangraaf.com\/ch\/karriere\/richtig-bewerben\/bewerbungstipps\/#breadcrumb\"},\"inLanguage\":\"de-CH\",\"potentialAction\":[{\"@type\":\"ReadAction\",\"target\":[\"https:\/\/www.vangraaf.com\/ch\/karriere\/richtig-bewerben\/bewerbungstipps\/\"]}]},{\"@type\":\"BreadcrumbList\",\"@id\":\"https:\/\/www.vangraaf.com\/ch\/karriere\/richtig-bewerben\/bewerbungstipps\/#breadcrumb\",\"itemListElement\":[{\"@type\":\"ListItem\",\"position\":1,\"name\":\"Home\",\"item\":\"https:\/\/www.vangraaf.com\/ch\/\"},{\"@type\":\"ListItem\",\"position\":2,\"name\":\"Karriere\",\"item\":\"https:\/\/www.vangraaf.com\/ch\/karriere\/\"},{\"@type\":\"ListItem\",\"position\":3,\"name\":\"Richtig bewerben\",\"item\":\"https:\/\/www.vangraaf.com\/ch\/karriere\/richtig-bewerben\/\"},{\"@type\":\"ListItem\",\"position\":4,\"name\":\"Bewerbungstipps\"}]},{\"@type\":\"WebSite\",\"@id\":\"https:\/\/www.vangraaf.com\/ch\/#website\",\"url\":\"https:\/\/www.vangraaf.com\/ch\/\",\"name\":\"VAN GRAAF\",\"description\":\"VAN GRAAF\",\"potentialAction\":[{\"@type\":\"SearchAction\",\"target\":{\"@type\":\"EntryPoint\",\"urlTemplate\":\"https:\/\/www.vangraaf.com\/ch\/?s={search_term_string}\"},\"query-input\":{\"@type\":\"PropertyValueSpecification\",\"valueRequired\":true,\"valueName\":\"search_term_string\"}}],\"inLanguage\":\"de-CH\"}]}<\/script>\n<!-- \/ Yoast SEO plugin. -->","yoast_head_json":{"title":"Deine Bewerbung bei uns | VAN GRAAF","description":"Du hast Lust auf spannende, herausfordernde T\u00e4tigkeiten im Einzelhandel? Dann bewirb Dich online bei VAN GRAAF! Alle Informationen erh\u00e4ltst Du hier.","robots":{"index":"index","follow":"follow","max-snippet":"max-snippet:-1","max-image-preview":"max-image-preview:large","max-video-preview":"max-video-preview:-1"},"canonical":"https:\/\/www.vangraaf.com\/ch\/karriere\/richtig-bewerben\/bewerbungstipps\/","og_locale":"de_DE","og_type":"article","og_title":"Deine Bewerbung bei uns | VAN GRAAF","og_description":"Du hast Lust auf spannende, herausfordernde T\u00e4tigkeiten im Einzelhandel? Dann bewirb Dich online bei VAN GRAAF! Alle Informationen erh\u00e4ltst Du hier.","og_url":"https:\/\/www.vangraaf.com\/ch\/karriere\/richtig-bewerben\/bewerbungstipps\/","og_site_name":"VAN GRAAF Schweiz","article_modified_time":"2022-08-15T08:57:05+00:00","twitter_card":"summary_large_image","twitter_misc":{"Est. reading time":"4\u00a0Minuten"},"schema":{"@context":"https:\/\/schema.org","@graph":[{"@type":"WebPage","@id":"https:\/\/www.vangraaf.com\/ch\/karriere\/richtig-bewerben\/bewerbungstipps\/","url":"https:\/\/www.vangraaf.com\/ch\/karriere\/richtig-bewerben\/bewerbungstipps\/","name":"Deine Bewerbung bei uns | VAN GRAAF","isPartOf":{"@id":"https:\/\/www.vangraaf.com\/ch\/#website"},"datePublished":"2022-02-11T12:38:31+00:00","dateModified":"2022-08-15T08:57:05+00:00","description":"Du hast Lust auf spannende, herausfordernde T\u00e4tigkeiten im Einzelhandel? Dann bewirb Dich online bei VAN GRAAF! Alle Informationen erh\u00e4ltst Du hier.","breadcrumb":{"@id":"https:\/\/www.vangraaf.com\/ch\/karriere\/richtig-bewerben\/bewerbungstipps\/#breadcrumb"},"inLanguage":"de-CH","potentialAction":[{"@type":"ReadAction","target":["https:\/\/www.vangraaf.com\/ch\/karriere\/richtig-bewerben\/bewerbungstipps\/"]}]},{"@type":"BreadcrumbList","@id":"https:\/\/www.vangraaf.com\/ch\/karriere\/richtig-bewerben\/bewerbungstipps\/#breadcrumb","itemListElement":[{"@type":"ListItem","position":1,"name":"Home","item":"https:\/\/www.vangraaf.com\/ch\/"},{"@type":"ListItem","position":2,"name":"Karriere","item":"https:\/\/www.vangraaf.com\/ch\/karriere\/"},{"@type":"ListItem","position":3,"name":"Richtig bewerben","item":"https:\/\/www.vangraaf.com\/ch\/karriere\/richtig-bewerben\/"},{"@type":"ListItem","position":4,"name":"Bewerbungstipps"}]},{"@type":"WebSite","@id":"https:\/\/www.vangraaf.com\/ch\/#website","url":"https:\/\/www.vangraaf.com\/ch\/","name":"VAN GRAAF","description":"VAN GRAAF","potentialAction":[{"@type":"SearchAction","target":{"@type":"EntryPoint","urlTemplate":"https:\/\/www.vangraaf.com\/ch\/?s={search_term_string}"},"query-input":{"@type":"PropertyValueSpecification","valueRequired":true,"valueName":"search_term_string"}}],"inLanguage":"de-CH"}]}},"_links":{"self":[{"href":"https:\/\/www.vangraaf.com\/ch\/wp-json\/wp\/v2\/pages\/6587","targetHints":{"allow":["GET"]}}],"collection":[{"href":"https:\/\/www.vangraaf.com\/ch\/wp-json\/wp\/v2\/pages"}],"about":[{"href":"https:\/\/www.vangraaf.com\/ch\/wp-json\/wp\/v2\/types\/page"}],"author":[{"embeddable":true,"href":"https:\/\/www.vangraaf.com\/ch\/wp-json\/wp\/v2\/users\/6"}],"replies":[{"embeddable":true,"href":"https:\/\/www.vangraaf.com\/ch\/wp-json\/wp\/v2\/comments?post=6587"}],"version-history":[{"count":29,"href":"https:\/\/www.vangraaf.com\/ch\/wp-json\/wp\/v2\/pages\/6587\/revisions"}],"predecessor-version":[{"id":7368,"href":"https:\/\/www.vangraaf.com\/ch\/wp-json\/wp\/v2\/pages\/6587\/revisions\/7368"}],"up":[{"embeddable":true,"href":"https:\/\/www.vangraaf.com\/ch\/wp-json\/wp\/v2\/pages\/6572"}],"wp:attachment":[{"href":"https:\/\/www.vangraaf.com\/ch\/wp-json\/wp\/v2\/media?parent=6587"}],"curies":[{"name":"wp","href":"https:\/\/api.w.org\/{rel}","templated":true}]}}