{"id":6585,"date":"2022-02-11T13:38:07","date_gmt":"2022-02-11T12:38:07","guid":{"rendered":"https:\/\/www.vangraaf.com\/ch\/?page_id=6585"},"modified":"2022-07-29T12:54:30","modified_gmt":"2022-07-29T10:54:30","slug":"bewerbungsprozess","status":"publish","type":"page","link":"https:\/\/www.vangraaf.com\/ch\/karriere\/richtig-bewerben\/bewerbungsprozess\/","title":{"rendered":"Bewerbungsprozess"},"content":{"rendered":"<div class=\"wpb-content-wrapper\">[vc_row bwd_tbc4vd_show_weekday=&#187;&#187; full_width=&#187;stretch_row_content_no_spaces&#187;][vc_column]<div class=\"keyvisual\" data-aos=\"fade-up\" ><img loading=\"lazy\" decoding=\"async\" width=\"1440\" height=\"480\" src=\"https:\/\/www.vangraaf.com\/ch\/wp-content\/uploads\/sites\/6\/2022\/02\/M11_F_PORTRAITS_TRAINER_034_1-1.jpg\" class=\"vc_single_image-img\" alt=\"\" srcset=\"https:\/\/www.vangraaf.com\/ch\/wp-content\/uploads\/sites\/6\/2022\/02\/M11_F_PORTRAITS_TRAINER_034_1-1.jpg 1440w, https:\/\/www.vangraaf.com\/ch\/wp-content\/uploads\/sites\/6\/2022\/02\/M11_F_PORTRAITS_TRAINER_034_1-1-300x100.jpg 300w, https:\/\/www.vangraaf.com\/ch\/wp-content\/uploads\/sites\/6\/2022\/02\/M11_F_PORTRAITS_TRAINER_034_1-1-1024x341.jpg 1024w, https:\/\/www.vangraaf.com\/ch\/wp-content\/uploads\/sites\/6\/2022\/02\/M11_F_PORTRAITS_TRAINER_034_1-1-768x256.jpg 768w, https:\/\/www.vangraaf.com\/ch\/wp-content\/uploads\/sites\/6\/2022\/02\/M11_F_PORTRAITS_TRAINER_034_1-1-1200x400.jpg 1200w, https:\/\/www.vangraaf.com\/ch\/wp-content\/uploads\/sites\/6\/2022\/02\/M11_F_PORTRAITS_TRAINER_034_1-1-992x331.jpg 992w, https:\/\/www.vangraaf.com\/ch\/wp-content\/uploads\/sites\/6\/2022\/02\/M11_F_PORTRAITS_TRAINER_034_1-1-480x160.jpg 480w, https:\/\/www.vangraaf.com\/ch\/wp-content\/uploads\/sites\/6\/2022\/02\/M11_F_PORTRAITS_TRAINER_034_1-1-690x230.jpg 690w\" sizes=\"(max-width: 1440px) 100vw, 1440px\" \/><\/div>\n        <div class=\"headlines headlines--center\" data-aos=\"fade-up\">\n            <div class=\"vc_row\">\n                <div class=\"vc_col-md-10 vc_col-md-offset-1 vc_col-lg-10 vc_col-lg-offset-1\"><span class=\"h6\">Bewerbungsprozess<\/span><h1 class=\"h2\">Der Bewerbungsprozess bei VAN GRAAF<\/h1><\/div>\n            <\/div>\n        <\/div>[vc_column_text]\r\n<p style=\"text-align: center\">Im Bewerbungsprozess bei VAN GRAAF stehst Du im Mittelpunkt. Unseren standardisierten Auswahlprozess halten wir schlank und effizient, damit viel Raum f\u00fcr ein ausgiebiges, gegenseitiges Kennenlernen bleibt. Unser Anspruch dabei ist, Dich an den unterschiedlichen Stationen jederzeit sehr pers\u00f6nlich und transparent zu begleiten. Damit Du Dich optimal auf Deine Bewerbung vorbereiten kannst, geben wir Dir einen Einblick in unseren Auswahlprozess.<\/p>\r\n[\/vc_column_text][\/vc_column][\/vc_row][vc_row][vc_column width=&#187;1\/3&#8243;][vc_column_text]\r\n<p style=\"text-align: center\"><img loading=\"lazy\" decoding=\"async\" class=\"size-full wp-image-6948 aligncenter\" src=\"https:\/\/www.vangraaf.com\/ch\/wp-content\/uploads\/sites\/6\/2022\/03\/Ausbildungssuche_300.png\" alt=\"\" width=\"125\" height=\"125\" srcset=\"https:\/\/www.vangraaf.com\/ch\/wp-content\/uploads\/sites\/6\/2022\/03\/Ausbildungssuche_300.png 600w, https:\/\/www.vangraaf.com\/ch\/wp-content\/uploads\/sites\/6\/2022\/03\/Ausbildungssuche_300-300x300.png 300w, https:\/\/www.vangraaf.com\/ch\/wp-content\/uploads\/sites\/6\/2022\/03\/Ausbildungssuche_300-150x150.png 150w, https:\/\/www.vangraaf.com\/ch\/wp-content\/uploads\/sites\/6\/2022\/03\/Ausbildungssuche_300-480x480.png 480w, https:\/\/www.vangraaf.com\/ch\/wp-content\/uploads\/sites\/6\/2022\/03\/Ausbildungssuche_300-280x280.png 280w\" sizes=\"(max-width: 125px) 100vw, 125px\" \/>\r\n<strong>Jobsuche<\/strong>\r\nFinde Deinen Traumjob in unseren aktuellen <a href=\"https:\/\/www.vangraaf.com\/ch\/karriere\/jobs-karriere\/stellenangebote\/\">Jobs<\/a>. Nicht f\u00fcndig geworden? Dann bewirb Dich initiativ oder melde Dich f\u00fcr unseren <a href=\"https:\/\/www.vangraaf.com\/ch\/karriere\/jobs-karriere\/stellenangebote\/job-alarm.html\">Job Alarm<\/a> an.<\/p>\r\n[\/vc_column_text][\/vc_column][vc_column width=&#187;1\/3&#8243;][vc_column_text]<img loading=\"lazy\" decoding=\"async\" class=\"size-full wp-image-6950 aligncenter\" src=\"https:\/\/www.vangraaf.com\/ch\/wp-content\/uploads\/sites\/6\/2022\/03\/Onlinebewerben_300.png\" alt=\"\" width=\"125\" height=\"125\" srcset=\"https:\/\/www.vangraaf.com\/ch\/wp-content\/uploads\/sites\/6\/2022\/03\/Onlinebewerben_300.png 600w, https:\/\/www.vangraaf.com\/ch\/wp-content\/uploads\/sites\/6\/2022\/03\/Onlinebewerben_300-300x300.png 300w, https:\/\/www.vangraaf.com\/ch\/wp-content\/uploads\/sites\/6\/2022\/03\/Onlinebewerben_300-150x150.png 150w, https:\/\/www.vangraaf.com\/ch\/wp-content\/uploads\/sites\/6\/2022\/03\/Onlinebewerben_300-480x480.png 480w, https:\/\/www.vangraaf.com\/ch\/wp-content\/uploads\/sites\/6\/2022\/03\/Onlinebewerben_300-280x280.png 280w\" sizes=\"(max-width: 125px) 100vw, 125px\" \/>\r\n<p style=\"text-align: center\"><strong>Online bewerben<\/strong>\r\nLade Deine vollst\u00e4ndige Bewerbung ganz einfach online \u00fcber das Formular hoch. Bei Fragen kannst Du Dich jederzeit an <a href=\"https:\/\/www.vangraaf.com\/ch\/karriere\/kontakt\/\"><span class=\"nobr\">Monique<\/span><\/a><span class=\"nobr\"> wenden.<\/span><\/p>\r\n[\/vc_column_text][\/vc_column][vc_column width=&#187;1\/3&#8243;][vc_column_text]<img loading=\"lazy\" decoding=\"async\" class=\"size-full wp-image-6952 aligncenter\" src=\"https:\/\/www.vangraaf.com\/ch\/wp-content\/uploads\/sites\/6\/2022\/03\/Sichtung_300.png\" alt=\"\" width=\"125\" height=\"125\" srcset=\"https:\/\/www.vangraaf.com\/ch\/wp-content\/uploads\/sites\/6\/2022\/03\/Sichtung_300.png 600w, https:\/\/www.vangraaf.com\/ch\/wp-content\/uploads\/sites\/6\/2022\/03\/Sichtung_300-300x300.png 300w, https:\/\/www.vangraaf.com\/ch\/wp-content\/uploads\/sites\/6\/2022\/03\/Sichtung_300-150x150.png 150w, https:\/\/www.vangraaf.com\/ch\/wp-content\/uploads\/sites\/6\/2022\/03\/Sichtung_300-480x480.png 480w, https:\/\/www.vangraaf.com\/ch\/wp-content\/uploads\/sites\/6\/2022\/03\/Sichtung_300-280x280.png 280w\" sizes=\"(max-width: 125px) 100vw, 125px\" \/>\r\n<p style=\"text-align: center\"><strong>Sichtung Deiner Bewerbung<\/strong>\r\nWir werden Dir schnellstm\u00f6glich auf Deine Bewerbung ein erstes Feedback geben. Dabei halten wir Dich \u00fcber den Prozess jederzeit auf dem Laufenden.<\/p>\r\n[\/vc_column_text][\/vc_column][\/vc_row][vc_row][vc_column width=&#187;1\/3&#8243;][vc_column_text]<img loading=\"lazy\" decoding=\"async\" class=\"size-full wp-image-6969 aligncenter\" src=\"https:\/\/www.vangraaf.com\/ch\/wp-content\/uploads\/sites\/6\/2022\/03\/Telefoninterview_300.png\" alt=\"\" width=\"125\" height=\"125\" srcset=\"https:\/\/www.vangraaf.com\/ch\/wp-content\/uploads\/sites\/6\/2022\/03\/Telefoninterview_300.png 600w, https:\/\/www.vangraaf.com\/ch\/wp-content\/uploads\/sites\/6\/2022\/03\/Telefoninterview_300-300x300.png 300w, https:\/\/www.vangraaf.com\/ch\/wp-content\/uploads\/sites\/6\/2022\/03\/Telefoninterview_300-150x150.png 150w, https:\/\/www.vangraaf.com\/ch\/wp-content\/uploads\/sites\/6\/2022\/03\/Telefoninterview_300-480x480.png 480w, https:\/\/www.vangraaf.com\/ch\/wp-content\/uploads\/sites\/6\/2022\/03\/Telefoninterview_300-280x280.png 280w\" sizes=\"(max-width: 125px) 100vw, 125px\" \/>\r\n<p style=\"text-align: center\"><strong>Telefon-Interview<\/strong>\r\nIm Telefon-Interview verschaffen wir uns einen ersten, gegenseitigen Eindruck. Wir geben Dir weitere Informationen zum Job und sind vor allem auf Deine Fragen zu uns gespannt.<\/p>\r\n[\/vc_column_text][\/vc_column][vc_column width=&#187;1\/3&#8243;][vc_column_text]<img loading=\"lazy\" decoding=\"async\" class=\"size-full wp-image-6949 aligncenter\" src=\"https:\/\/www.vangraaf.com\/ch\/wp-content\/uploads\/sites\/6\/2022\/03\/Gespraech_300.png\" alt=\"\" width=\"125\" height=\"125\" srcset=\"https:\/\/www.vangraaf.com\/ch\/wp-content\/uploads\/sites\/6\/2022\/03\/Gespraech_300.png 600w, https:\/\/www.vangraaf.com\/ch\/wp-content\/uploads\/sites\/6\/2022\/03\/Gespraech_300-300x300.png 300w, https:\/\/www.vangraaf.com\/ch\/wp-content\/uploads\/sites\/6\/2022\/03\/Gespraech_300-150x150.png 150w, https:\/\/www.vangraaf.com\/ch\/wp-content\/uploads\/sites\/6\/2022\/03\/Gespraech_300-480x480.png 480w, https:\/\/www.vangraaf.com\/ch\/wp-content\/uploads\/sites\/6\/2022\/03\/Gespraech_300-280x280.png 280w\" sizes=\"(max-width: 125px) 100vw, 125px\" \/>\r\n<p style=\"text-align: center\"><strong>Auswahlgespr\u00e4ch mit dem Store-Team<\/strong>\r\nIn unserem Auswahlgespr\u00e4ch nehmen wir uns viel Zeit f\u00fcr Dich. Wir m\u00f6chten Dich nicht nur kennenlernen, sondern Dir ein echtes Gef\u00fchl f\u00fcr den Job und das Team vermitteln.<\/p>\r\n[\/vc_column_text][\/vc_column][vc_column width=&#187;1\/3&#8243;][vc_column_text]\r\n<p style=\"text-align: center\"><img loading=\"lazy\" decoding=\"async\" class=\"size-full wp-image-6953 aligncenter\" src=\"https:\/\/www.vangraaf.com\/ch\/wp-content\/uploads\/sites\/6\/2022\/03\/Zusage_300.png\" alt=\"\" width=\"125\" height=\"125\" srcset=\"https:\/\/www.vangraaf.com\/ch\/wp-content\/uploads\/sites\/6\/2022\/03\/Zusage_300.png 600w, https:\/\/www.vangraaf.com\/ch\/wp-content\/uploads\/sites\/6\/2022\/03\/Zusage_300-300x300.png 300w, https:\/\/www.vangraaf.com\/ch\/wp-content\/uploads\/sites\/6\/2022\/03\/Zusage_300-150x150.png 150w, https:\/\/www.vangraaf.com\/ch\/wp-content\/uploads\/sites\/6\/2022\/03\/Zusage_300-480x480.png 480w, https:\/\/www.vangraaf.com\/ch\/wp-content\/uploads\/sites\/6\/2022\/03\/Zusage_300-280x280.png 280w\" sizes=\"(max-width: 125px) 100vw, 125px\" \/>\r\n<strong>Einstellung<\/strong>\r\nGl\u00fcckwunsch und willkommen bei VAN GRAAF! Wir freuen uns, dass Du Teil des Teams bist und Deine Zukunft mit uns startest.<\/p>\r\n[\/vc_column_text][\/vc_column][\/vc_row][vc_row bwd_tbc4vd_show_weekday=&#187;&#187; full_width=&#187;stretch_row_content_no_spaces&#187;][vc_column]\n        <div class=\"headlines headlines--center\" data-aos=\"fade-up\">\n            <div class=\"vc_row\">\n                <div class=\"vc_col-md-10 vc_col-md-offset-1 vc_col-lg-10 vc_col-lg-offset-1\"><h2 class=\"h2\">So kommt Deine Bewerbung gut an<\/h2><\/div>\n            <\/div>\n        <\/div>[vc_row_inner bwd_tbc4vd_show_weekday=&#187;&#187; row_design=&#187;row_square_background&#187;][vc_column_inner width=&#187;1\/3&#8243;]<div class=\"vg-element cta-teaser cta-teaser--center\" data-aos=\"fade-up\"><div class=\"cta-teaser__image\"><a class=\"\" href=\"https:\/\/www.vangraaf.com\/ch\/karriere\/jobs-karriere\/stellenangebote\/\" target=\"_self\" rel=\"\" style=\"\"><img loading=\"lazy\" decoding=\"async\" width=\"380\" height=\"254\" src=\"https:\/\/www.vangraaf.com\/ch\/wp-content\/uploads\/sites\/6\/2022\/02\/M10_M_Portraits_Buero_026-2.jpg\" class=\"vc_single_image-img attachment-full\" alt=\"\" title=\"Karriere_VG\" srcset=\"https:\/\/www.vangraaf.com\/ch\/wp-content\/uploads\/sites\/6\/2022\/02\/M10_M_Portraits_Buero_026-2.jpg 380w, https:\/\/www.vangraaf.com\/ch\/wp-content\/uploads\/sites\/6\/2022\/02\/M10_M_Portraits_Buero_026-2-300x201.jpg 300w\" sizes=\"(max-width: 380px) 100vw, 380px\" \/><\/a><\/div><div class=\"cta-teaser__text\"><h3>Alle Jobs bei VAN GRAAF<\/h3><p>Bereit f\u00fcr Deinen n\u00e4chsten Karriereschritt? Wir bieten Dir viele M\u00f6glichkeiten. Finde Deinen Traumjob bei VAN GRAAF<\/p><a class=\"button button--primary\" href=\"https:\/\/www.vangraaf.com\/ch\/karriere\/jobs-karriere\/stellenangebote\/\" target=\"_self\" rel=\"\" style=\"\">Zur Jobsuche<\/a><\/div><\/div>[\/vc_column_inner][vc_column_inner width=&#187;1\/3&#8243;]<div class=\"vg-element cta-teaser cta-teaser--center\" data-aos=\"fade-up\"><div class=\"cta-teaser__image\"><a class=\"\" href=\"https:\/\/www.vangraaf.com\/ch\/karriere\/kontakt\/\" target=\"_self\" rel=\"\" style=\"\"><img loading=\"lazy\" decoding=\"async\" width=\"380\" height=\"254\" src=\"https:\/\/www.vangraaf.com\/ch\/wp-content\/uploads\/sites\/6\/2022\/03\/Portrait_MH.jpg\" class=\"vc_single_image-img attachment-full\" alt=\"\" title=\"Monique Hinsch\" srcset=\"https:\/\/www.vangraaf.com\/ch\/wp-content\/uploads\/sites\/6\/2022\/03\/Portrait_MH.jpg 380w, https:\/\/www.vangraaf.com\/ch\/wp-content\/uploads\/sites\/6\/2022\/03\/Portrait_MH-300x201.jpg 300w\" sizes=\"(max-width: 380px) 100vw, 380px\" \/><\/a><\/div><div class=\"cta-teaser__text\"><h3>Kontakt<\/h3><p>Du hast Fragen zum Jobeinstieg bei VAN GRAAF? Dann melde Dich direkt bei Monique: +41 564 197 242<\/p><a class=\"button\" href=\"https:\/\/www.vangraaf.com\/ch\/karriere\/kontakt\/\" target=\"_self\" rel=\"\" style=\"\">E-Mail senden<\/a><\/div><\/div>[\/vc_column_inner][vc_column_inner width=&#187;1\/3&#8243;]<div class=\"vg-element cta-teaser cta-teaser--center\" data-aos=\"fade-up\"><div class=\"cta-teaser__image\"><a class=\"\" href=\"https:\/\/www.vangraaf.com\/ch\/karriere\/richtig-bewerben\/bewerbungstipps\/\" target=\"_self\" rel=\"\" style=\"\"><img loading=\"lazy\" decoding=\"async\" width=\"380\" height=\"254\" src=\"https:\/\/www.vangraaf.com\/ch\/wp-content\/uploads\/sites\/6\/2022\/02\/M3_C_Schueler_054-2.jpg\" class=\"vc_single_image-img attachment-full\" alt=\"\" title=\"Bewerbungstipps\" srcset=\"https:\/\/www.vangraaf.com\/ch\/wp-content\/uploads\/sites\/6\/2022\/02\/M3_C_Schueler_054-2.jpg 380w, https:\/\/www.vangraaf.com\/ch\/wp-content\/uploads\/sites\/6\/2022\/02\/M3_C_Schueler_054-2-300x201.jpg 300w\" sizes=\"(max-width: 380px) 100vw, 380px\" \/><\/a><\/div><div class=\"cta-teaser__text\"><h3>Bewerbungs\u00adtipps<\/h3><p>Du m\u00f6chtest Dich bei uns bewerben? Wir geben Dir alle Tipps f\u00fcr einen rundum erfolgreichen Bewerbungsprozess.<\/p><a class=\"button\" href=\"https:\/\/www.vangraaf.com\/ch\/karriere\/richtig-bewerben\/bewerbungstipps\/\" target=\"_self\" rel=\"\" style=\"\">Bewerbungs&shy;tipps<\/a><\/div><\/div>[\/vc_column_inner][\/vc_row_inner][\/vc_column][\/vc_row]<\/div>","protected":false},"excerpt":{"rendered":"[vc_row bwd_tbc4vd_show_weekday=&#187;&#187; full_width=&#187;stretch_row_content_no_spaces&#187;][vc_column][vc_column_text] Im Bewerbungsprozess bei VAN GRAAF stehst Du im Mittelpunkt. Unseren standardisierten Auswahlprozess halten wir schlank und effizient, damit viel Raum f\u00fcr ein ausgiebiges, gegenseitiges Kennenlernen bleibt. Unser Anspruch dabei ist, Dich an den unterschiedlichen Stationen jederzeit sehr pers\u00f6nlich und transparent zu begleiten. Damit Du Dich optimal auf Deine Bewerbung vorbereiten kannst, geben [&hellip;]","protected":false},"author":6,"featured_media":0,"parent":6572,"menu_order":0,"comment_status":"closed","ping_status":"closed","template":"","meta":{"_acf_changed":false,"inline_featured_image":false,"footnotes":""},"class_list":["post-6585","page","type-page","status-publish","hentry"],"acf":[],"yoast_head":"<!-- This site is optimized with the Yoast SEO plugin v27.2 - https:\/\/yoast.com\/product\/yoast-seo-wordpress\/ -->\n<title>Bewerbungsprozess | VAN GRAAF<\/title>\n<meta name=\"description\" content=\"Du m\u00f6chtest Dich bei uns bewerben? Wir geben Dir alle Informationen zum Bewerbungsprozess bei VAN GRAAF.\" \/>\n<meta name=\"robots\" content=\"index, follow, max-snippet:-1, max-image-preview:large, max-video-preview:-1\" \/>\n<link rel=\"canonical\" href=\"https:\/\/www.vangraaf.com\/ch\/karriere\/richtig-bewerben\/bewerbungsprozess\/\" \/>\n<meta property=\"og:locale\" content=\"de_DE\" \/>\n<meta property=\"og:type\" content=\"article\" \/>\n<meta property=\"og:title\" content=\"Bewerbungsprozess | VAN GRAAF\" \/>\n<meta property=\"og:description\" content=\"Du m\u00f6chtest Dich bei uns bewerben? Wir geben Dir alle Informationen zum Bewerbungsprozess bei VAN GRAAF.\" \/>\n<meta property=\"og:url\" content=\"https:\/\/www.vangraaf.com\/ch\/karriere\/richtig-bewerben\/bewerbungsprozess\/\" \/>\n<meta property=\"og:site_name\" content=\"VAN GRAAF Schweiz\" \/>\n<meta property=\"article:modified_time\" content=\"2022-07-29T10:54:30+00:00\" \/>\n<meta property=\"og:image\" content=\"https:\/\/www.vangraaf.com\/ch\/wp-content\/uploads\/sites\/6\/2022\/03\/Ausbildungssuche_300.png\" \/>\n<meta name=\"twitter:card\" content=\"summary_large_image\" \/>\n<meta name=\"twitter:label1\" content=\"Est. reading time\" \/>\n\t<meta name=\"twitter:data1\" content=\"3\u00a0Minuten\" \/>\n<script type=\"application\/ld+json\" class=\"yoast-schema-graph\">{\"@context\":\"https:\/\/schema.org\",\"@graph\":[{\"@type\":\"WebPage\",\"@id\":\"https:\/\/www.vangraaf.com\/ch\/karriere\/richtig-bewerben\/bewerbungsprozess\/\",\"url\":\"https:\/\/www.vangraaf.com\/ch\/karriere\/richtig-bewerben\/bewerbungsprozess\/\",\"name\":\"Bewerbungsprozess | VAN GRAAF\",\"isPartOf\":{\"@id\":\"https:\/\/www.vangraaf.com\/ch\/#website\"},\"primaryImageOfPage\":{\"@id\":\"https:\/\/www.vangraaf.com\/ch\/karriere\/richtig-bewerben\/bewerbungsprozess\/#primaryimage\"},\"image\":{\"@id\":\"https:\/\/www.vangraaf.com\/ch\/karriere\/richtig-bewerben\/bewerbungsprozess\/#primaryimage\"},\"thumbnailUrl\":\"https:\/\/www.vangraaf.com\/ch\/wp-content\/uploads\/sites\/6\/2022\/03\/Ausbildungssuche_300.png\",\"datePublished\":\"2022-02-11T12:38:07+00:00\",\"dateModified\":\"2022-07-29T10:54:30+00:00\",\"description\":\"Du m\u00f6chtest Dich bei uns bewerben? Wir geben Dir alle Informationen zum Bewerbungsprozess bei VAN GRAAF.\",\"breadcrumb\":{\"@id\":\"https:\/\/www.vangraaf.com\/ch\/karriere\/richtig-bewerben\/bewerbungsprozess\/#breadcrumb\"},\"inLanguage\":\"de-CH\",\"potentialAction\":[{\"@type\":\"ReadAction\",\"target\":[\"https:\/\/www.vangraaf.com\/ch\/karriere\/richtig-bewerben\/bewerbungsprozess\/\"]}]},{\"@type\":\"ImageObject\",\"inLanguage\":\"de-CH\",\"@id\":\"https:\/\/www.vangraaf.com\/ch\/karriere\/richtig-bewerben\/bewerbungsprozess\/#primaryimage\",\"url\":\"https:\/\/www.vangraaf.com\/ch\/wp-content\/uploads\/sites\/6\/2022\/03\/Ausbildungssuche_300.png\",\"contentUrl\":\"https:\/\/www.vangraaf.com\/ch\/wp-content\/uploads\/sites\/6\/2022\/03\/Ausbildungssuche_300.png\",\"width\":600,\"height\":600},{\"@type\":\"BreadcrumbList\",\"@id\":\"https:\/\/www.vangraaf.com\/ch\/karriere\/richtig-bewerben\/bewerbungsprozess\/#breadcrumb\",\"itemListElement\":[{\"@type\":\"ListItem\",\"position\":1,\"name\":\"Home\",\"item\":\"https:\/\/www.vangraaf.com\/ch\/\"},{\"@type\":\"ListItem\",\"position\":2,\"name\":\"Karriere\",\"item\":\"https:\/\/www.vangraaf.com\/ch\/karriere\/\"},{\"@type\":\"ListItem\",\"position\":3,\"name\":\"Richtig bewerben\",\"item\":\"https:\/\/www.vangraaf.com\/ch\/karriere\/richtig-bewerben\/\"},{\"@type\":\"ListItem\",\"position\":4,\"name\":\"Bewerbungsprozess\"}]},{\"@type\":\"WebSite\",\"@id\":\"https:\/\/www.vangraaf.com\/ch\/#website\",\"url\":\"https:\/\/www.vangraaf.com\/ch\/\",\"name\":\"VAN GRAAF\",\"description\":\"VAN GRAAF\",\"potentialAction\":[{\"@type\":\"SearchAction\",\"target\":{\"@type\":\"EntryPoint\",\"urlTemplate\":\"https:\/\/www.vangraaf.com\/ch\/?s={search_term_string}\"},\"query-input\":{\"@type\":\"PropertyValueSpecification\",\"valueRequired\":true,\"valueName\":\"search_term_string\"}}],\"inLanguage\":\"de-CH\"}]}<\/script>\n<!-- \/ Yoast SEO plugin. -->","yoast_head_json":{"title":"Bewerbungsprozess | VAN GRAAF","description":"Du m\u00f6chtest Dich bei uns bewerben? Wir geben Dir alle Informationen zum Bewerbungsprozess bei VAN GRAAF.","robots":{"index":"index","follow":"follow","max-snippet":"max-snippet:-1","max-image-preview":"max-image-preview:large","max-video-preview":"max-video-preview:-1"},"canonical":"https:\/\/www.vangraaf.com\/ch\/karriere\/richtig-bewerben\/bewerbungsprozess\/","og_locale":"de_DE","og_type":"article","og_title":"Bewerbungsprozess | VAN GRAAF","og_description":"Du m\u00f6chtest Dich bei uns bewerben? Wir geben Dir alle Informationen zum Bewerbungsprozess bei VAN GRAAF.","og_url":"https:\/\/www.vangraaf.com\/ch\/karriere\/richtig-bewerben\/bewerbungsprozess\/","og_site_name":"VAN GRAAF Schweiz","article_modified_time":"2022-07-29T10:54:30+00:00","og_image":[{"url":"https:\/\/www.vangraaf.com\/ch\/wp-content\/uploads\/sites\/6\/2022\/03\/Ausbildungssuche_300.png","type":"","width":"","height":""}],"twitter_card":"summary_large_image","twitter_misc":{"Est. reading time":"3\u00a0Minuten"},"schema":{"@context":"https:\/\/schema.org","@graph":[{"@type":"WebPage","@id":"https:\/\/www.vangraaf.com\/ch\/karriere\/richtig-bewerben\/bewerbungsprozess\/","url":"https:\/\/www.vangraaf.com\/ch\/karriere\/richtig-bewerben\/bewerbungsprozess\/","name":"Bewerbungsprozess | VAN GRAAF","isPartOf":{"@id":"https:\/\/www.vangraaf.com\/ch\/#website"},"primaryImageOfPage":{"@id":"https:\/\/www.vangraaf.com\/ch\/karriere\/richtig-bewerben\/bewerbungsprozess\/#primaryimage"},"image":{"@id":"https:\/\/www.vangraaf.com\/ch\/karriere\/richtig-bewerben\/bewerbungsprozess\/#primaryimage"},"thumbnailUrl":"https:\/\/www.vangraaf.com\/ch\/wp-content\/uploads\/sites\/6\/2022\/03\/Ausbildungssuche_300.png","datePublished":"2022-02-11T12:38:07+00:00","dateModified":"2022-07-29T10:54:30+00:00","description":"Du m\u00f6chtest Dich bei uns bewerben? Wir geben Dir alle Informationen zum Bewerbungsprozess bei VAN GRAAF.","breadcrumb":{"@id":"https:\/\/www.vangraaf.com\/ch\/karriere\/richtig-bewerben\/bewerbungsprozess\/#breadcrumb"},"inLanguage":"de-CH","potentialAction":[{"@type":"ReadAction","target":["https:\/\/www.vangraaf.com\/ch\/karriere\/richtig-bewerben\/bewerbungsprozess\/"]}]},{"@type":"ImageObject","inLanguage":"de-CH","@id":"https:\/\/www.vangraaf.com\/ch\/karriere\/richtig-bewerben\/bewerbungsprozess\/#primaryimage","url":"https:\/\/www.vangraaf.com\/ch\/wp-content\/uploads\/sites\/6\/2022\/03\/Ausbildungssuche_300.png","contentUrl":"https:\/\/www.vangraaf.com\/ch\/wp-content\/uploads\/sites\/6\/2022\/03\/Ausbildungssuche_300.png","width":600,"height":600},{"@type":"BreadcrumbList","@id":"https:\/\/www.vangraaf.com\/ch\/karriere\/richtig-bewerben\/bewerbungsprozess\/#breadcrumb","itemListElement":[{"@type":"ListItem","position":1,"name":"Home","item":"https:\/\/www.vangraaf.com\/ch\/"},{"@type":"ListItem","position":2,"name":"Karriere","item":"https:\/\/www.vangraaf.com\/ch\/karriere\/"},{"@type":"ListItem","position":3,"name":"Richtig bewerben","item":"https:\/\/www.vangraaf.com\/ch\/karriere\/richtig-bewerben\/"},{"@type":"ListItem","position":4,"name":"Bewerbungsprozess"}]},{"@type":"WebSite","@id":"https:\/\/www.vangraaf.com\/ch\/#website","url":"https:\/\/www.vangraaf.com\/ch\/","name":"VAN GRAAF","description":"VAN GRAAF","potentialAction":[{"@type":"SearchAction","target":{"@type":"EntryPoint","urlTemplate":"https:\/\/www.vangraaf.com\/ch\/?s={search_term_string}"},"query-input":{"@type":"PropertyValueSpecification","valueRequired":true,"valueName":"search_term_string"}}],"inLanguage":"de-CH"}]}},"_links":{"self":[{"href":"https:\/\/www.vangraaf.com\/ch\/wp-json\/wp\/v2\/pages\/6585","targetHints":{"allow":["GET"]}}],"collection":[{"href":"https:\/\/www.vangraaf.com\/ch\/wp-json\/wp\/v2\/pages"}],"about":[{"href":"https:\/\/www.vangraaf.com\/ch\/wp-json\/wp\/v2\/types\/page"}],"author":[{"embeddable":true,"href":"https:\/\/www.vangraaf.com\/ch\/wp-json\/wp\/v2\/users\/6"}],"replies":[{"embeddable":true,"href":"https:\/\/www.vangraaf.com\/ch\/wp-json\/wp\/v2\/comments?post=6585"}],"version-history":[{"count":15,"href":"https:\/\/www.vangraaf.com\/ch\/wp-json\/wp\/v2\/pages\/6585\/revisions"}],"predecessor-version":[{"id":7347,"href":"https:\/\/www.vangraaf.com\/ch\/wp-json\/wp\/v2\/pages\/6585\/revisions\/7347"}],"up":[{"embeddable":true,"href":"https:\/\/www.vangraaf.com\/ch\/wp-json\/wp\/v2\/pages\/6572"}],"wp:attachment":[{"href":"https:\/\/www.vangraaf.com\/ch\/wp-json\/wp\/v2\/media?parent=6585"}],"curies":[{"name":"wp","href":"https:\/\/api.w.org\/{rel}","templated":true}]}}