{"id":6583,"date":"2022-02-11T13:37:50","date_gmt":"2022-02-11T12:37:50","guid":{"rendered":"https:\/\/www.vangraaf.com\/ch\/?page_id=6583"},"modified":"2026-02-11T15:02:37","modified_gmt":"2026-02-11T14:02:37","slug":"initiativbewerbung","status":"publish","type":"page","link":"https:\/\/www.vangraaf.com\/ch\/karriere\/jobs-karriere\/initiativbewerbung\/","title":{"rendered":"Initiativbewerbung"},"content":{"rendered":"<div class=\"wpb-content-wrapper\">[vc_row bwd_tbc4vd_show_weekday=&#187;&#187; full_width=&#187;stretch_row_content_no_spaces&#187;][vc_column]<div class=\"keyvisual\" data-aos=\"fade-up\" ><img loading=\"lazy\" decoding=\"async\" width=\"1440\" height=\"480\" src=\"https:\/\/www.vangraaf.com\/ch\/wp-content\/uploads\/sites\/6\/2022\/02\/M9_E_VK_ZENTRALEE-COMMERCE_134-1.jpg\" class=\"vc_single_image-img\" alt=\"\" srcset=\"https:\/\/www.vangraaf.com\/ch\/wp-content\/uploads\/sites\/6\/2022\/02\/M9_E_VK_ZENTRALEE-COMMERCE_134-1.jpg 1440w, https:\/\/www.vangraaf.com\/ch\/wp-content\/uploads\/sites\/6\/2022\/02\/M9_E_VK_ZENTRALEE-COMMERCE_134-1-300x100.jpg 300w, https:\/\/www.vangraaf.com\/ch\/wp-content\/uploads\/sites\/6\/2022\/02\/M9_E_VK_ZENTRALEE-COMMERCE_134-1-1024x341.jpg 1024w, https:\/\/www.vangraaf.com\/ch\/wp-content\/uploads\/sites\/6\/2022\/02\/M9_E_VK_ZENTRALEE-COMMERCE_134-1-768x256.jpg 768w, https:\/\/www.vangraaf.com\/ch\/wp-content\/uploads\/sites\/6\/2022\/02\/M9_E_VK_ZENTRALEE-COMMERCE_134-1-1200x400.jpg 1200w, https:\/\/www.vangraaf.com\/ch\/wp-content\/uploads\/sites\/6\/2022\/02\/M9_E_VK_ZENTRALEE-COMMERCE_134-1-992x331.jpg 992w, https:\/\/www.vangraaf.com\/ch\/wp-content\/uploads\/sites\/6\/2022\/02\/M9_E_VK_ZENTRALEE-COMMERCE_134-1-480x160.jpg 480w, https:\/\/www.vangraaf.com\/ch\/wp-content\/uploads\/sites\/6\/2022\/02\/M9_E_VK_ZENTRALEE-COMMERCE_134-1-690x230.jpg 690w\" sizes=\"(max-width: 1440px) 100vw, 1440px\" \/><\/div>\n        <div class=\"headlines headlines--center\" data-aos=\"fade-up\">\n            <div class=\"vc_row\">\n                <div class=\"vc_col-md-10 vc_col-md-offset-1 vc_col-lg-10 vc_col-lg-offset-1\"><span class=\"h6\">Deine Initiativbewerbung bei VAN GRAAF<\/span><h1 class=\"h2\">Initiativbewerbung<\/h1><\/div>\n            <\/div>\n        <\/div>[vc_column_text]Du m\u00f6chtest bei VAN GRAAF durchstarten, der passende Job ist aber gerade nicht dabei? Dann freuen wir uns \u00fcber Deine Initiativbewerbung! In unseren vielf\u00e4ltigen <a href=\"https:\/\/www.vangraaf.com\/ch\/karriere\/jobs-karriere\/\">Einstiegsbereichen<\/a> unserer Stores wartet vielleicht schon morgen die passende Herausforderung auf Dich.\r\n\r\nStarte als <a href=\"https:\/\/www.vangraaf.com\/ch\/karriere\/jobs-karriere\/verkauf\/\">Verkaufstalent<\/a> und bring Deine Expertise f\u00fcr die Trends der Fashion-Welt ein. Oder sorge mit Deiner Kreativit\u00e4t und Deinem Stilgef\u00fchl im <a href=\"https:\/\/www.vangraaf.com\/ch\/karriere\/jobs-karriere\/visual-merchandising\/\">Visual Merchandising<\/a> f\u00fcr faszinierende Mode-Erlebnisse am Point of Sale. Du begeisterst Dich f\u00fcr Logistik und beeindruckst mit Deiner strukturierten und sorgf\u00e4ltigen Arbeitsweise? Dann steig in unser <a href=\"https:\/\/www.vangraaf.com\/ch\/karriere\/jobs-karriere\/logistik\/\">Logistik Team<\/a> ein und sorge aktiv f\u00fcr einen erfolgreichen Betrieb unserer Stores!\r\n\r\nBitte nenne uns in Deiner vollst\u00e4ndigen Online-Bewerbung den Bereich, in dem Du bei VAN GRAAF einsteigen m\u00f6chtest und lass uns wissen, welche Erfahrungen Du mitbringst und was Du bei VAN GRAAF bewegen m\u00f6chtest.[\/vc_column_text][vc_column_text]\r\n<p style=\"text-align: center\"><a class=\"button button--primary\" href=\"https:\/\/www.vangraaf.com\/ch\/karriere\/jobs-karriere\/stellenangebote\/initiativbewerbung-de-f255.html\">Jetzt bewerben<\/a><\/p>\r\n[\/vc_column_text][\/vc_column][\/vc_row][vc_row bwd_tbc4vd_show_weekday=&#187;&#187; full_width=&#187;stretch_row_content_no_spaces&#187;][vc_column]\n        <div class=\"headlines headlines--center\" data-aos=\"fade-up\">\n            <div class=\"vc_row\">\n                <div class=\"vc_col-md-10 vc_col-md-offset-1 vc_col-lg-10 vc_col-lg-offset-1\"><h2 class=\"h2\">Dein Einstieg bei VAN GRAAF<\/h2><\/div>\n            <\/div>\n        <\/div>[vc_row_inner bwd_tbc4vd_show_weekday=&#187;&#187; equal_height=&#187;yes&#187; row_design=&#187;row_square_background&#187;][vc_column_inner width=&#187;1\/2&#8243; offset=&#187;vc_col-lg-4 vc_col-md-4 vc_col-xs-12&#8243;]<div class=\"vg-element cta-teaser cta-teaser--center\" data-aos=\"fade-up\"><div class=\"cta-teaser__image\"><a class=\"\" href=\"https:\/\/www.vangraaf.com\/ch\/karriere\/wir\/benefits\/\" target=\"_self\" rel=\"\" style=\"\"><img loading=\"lazy\" decoding=\"async\" width=\"380\" height=\"254\" src=\"https:\/\/www.vangraaf.com\/ch\/wp-content\/uploads\/sites\/6\/2021\/05\/Benefits.jpg\" class=\"vc_single_image-img attachment-full\" alt=\"\" title=\"Benefits\" srcset=\"https:\/\/www.vangraaf.com\/ch\/wp-content\/uploads\/sites\/6\/2021\/05\/Benefits.jpg 380w, https:\/\/www.vangraaf.com\/ch\/wp-content\/uploads\/sites\/6\/2021\/05\/Benefits-300x201.jpg 300w\" sizes=\"(max-width: 380px) 100vw, 380px\" \/><\/a><\/div><div class=\"cta-teaser__text\"><h3>Benefits<\/h3><p>Schon entdeckt, von welchen Benefits Du profitieren kannst? Erfahre mehr zu Deinen Vorteilen bei VAN GRAAF.<\/p><a class=\"button\" href=\"https:\/\/www.vangraaf.com\/ch\/karriere\/wir\/benefits\/\" target=\"_self\" rel=\"\" style=\"\">Zu den Benefits<\/a><\/div><\/div>[\/vc_column_inner][vc_column_inner width=&#187;1\/2&#8243; offset=&#187;vc_col-lg-4 vc_col-md-4 vc_col-xs-12&#8243;]<div class=\"vg-element cta-teaser cta-teaser--center\" data-aos=\"fade-up\"><div class=\"cta-teaser__image\"><a class=\"\" href=\"https:\/\/www.vangraaf.com\/ch\/karriere\/kontakt\/\" target=\"_self\" rel=\"\" style=\"\"><img loading=\"lazy\" decoding=\"async\" width=\"380\" height=\"254\" src=\"https:\/\/www.vangraaf.com\/ch\/wp-content\/uploads\/sites\/6\/2026\/02\/Siri-1.png\" class=\"vc_single_image-img attachment-full\" alt=\"Portr\u00e4t einer l\u00e4chelnden Person mit schulterlangem braunem Haar in einem dunklen Blazer und hellen Hemd vor einem neutralen Hintergrund.\" title=\"Siri (1)\" srcset=\"https:\/\/www.vangraaf.com\/ch\/wp-content\/uploads\/sites\/6\/2026\/02\/Siri-1.png 380w, https:\/\/www.vangraaf.com\/ch\/wp-content\/uploads\/sites\/6\/2026\/02\/Siri-1-300x201.png 300w\" sizes=\"(max-width: 380px) 100vw, 380px\" \/><\/a><\/div><div class=\"cta-teaser__text\"><h3>Kontakt<\/h3><p>Du hast Fragen zum Jobeinstieg bei VAN GRAAF? Dann melde Dich direkt bei Siri: +41 564 197 242<\/p><a class=\"button\" href=\"https:\/\/www.vangraaf.com\/ch\/karriere\/kontakt\/\" target=\"_self\" rel=\"\" style=\"\">E-Mail senden<\/a><\/div><\/div>[\/vc_column_inner][vc_column_inner width=&#187;1\/2&#8243; offset=&#187;vc_col-lg-4 vc_col-md-4 vc_col-xs-12&#8243;]<div class=\"vg-element cta-teaser cta-teaser--center\" data-aos=\"fade-up\"><div class=\"cta-teaser__image\"><a class=\"\" href=\"https:\/\/www.vangraaf.com\/ch\/karriere\/jobs-karriere\/stellenangebote\/\" target=\"_self\" rel=\"\" style=\"\"><img loading=\"lazy\" decoding=\"async\" width=\"380\" height=\"254\" src=\"https:\/\/www.vangraaf.com\/ch\/wp-content\/uploads\/sites\/6\/2022\/02\/M10_M_Portraits_Buero_026-2.jpg\" class=\"vc_single_image-img attachment-full\" alt=\"\" title=\"Karriere_VG\" srcset=\"https:\/\/www.vangraaf.com\/ch\/wp-content\/uploads\/sites\/6\/2022\/02\/M10_M_Portraits_Buero_026-2.jpg 380w, https:\/\/www.vangraaf.com\/ch\/wp-content\/uploads\/sites\/6\/2022\/02\/M10_M_Portraits_Buero_026-2-300x201.jpg 300w\" sizes=\"(max-width: 380px) 100vw, 380px\" \/><\/a><\/div><div class=\"cta-teaser__text\"><h3>Alle Jobs bei VAN GRAAF<\/h3><p>Bereit f\u00fcr Deinen n\u00e4chsten Karriereschritt? Wir bieten Dir viele M\u00f6glichkeiten. Finde Deinen Traumjob bei VAN GRAAF.<\/p><a class=\"button\" href=\"https:\/\/www.vangraaf.com\/ch\/karriere\/jobs-karriere\/stellenangebote\/\" target=\"_self\" rel=\"\" style=\"\">Zur Jobsuche<\/a><\/div><\/div>[\/vc_column_inner][\/vc_row_inner][\/vc_column][\/vc_row]<\/div>","protected":false},"excerpt":{"rendered":"[vc_row bwd_tbc4vd_show_weekday=&#187;&#187; full_width=&#187;stretch_row_content_no_spaces&#187;][vc_column][vc_column_text]Du m\u00f6chtest bei VAN GRAAF durchstarten, der passende Job ist aber gerade nicht dabei? Dann freuen wir uns \u00fcber Deine Initiativbewerbung! In unseren vielf\u00e4ltigen Einstiegsbereichen unserer Stores wartet vielleicht schon morgen die passende Herausforderung auf Dich. Starte als Verkaufstalent und bring Deine Expertise f\u00fcr die Trends der Fashion-Welt ein. Oder sorge mit Deiner [&hellip;]","protected":false},"author":6,"featured_media":0,"parent":6570,"menu_order":0,"comment_status":"closed","ping_status":"closed","template":"","meta":{"_acf_changed":false,"inline_featured_image":false,"footnotes":""},"class_list":["post-6583","page","type-page","status-publish","hentry"],"acf":[],"yoast_head":"<!-- This site is optimized with the Yoast SEO plugin v27.2 - https:\/\/yoast.com\/product\/yoast-seo-wordpress\/ -->\n<title>Initiativbewerbung | VAN GRAAF<\/title>\n<meta name=\"description\" content=\"Der passende Job ist gerade nicht dabei? Dann bewirb Dich jetzt initiativ und starte Dei-ne Karriere bei VAN GRAAF!\" \/>\n<meta name=\"robots\" content=\"index, follow, max-snippet:-1, max-image-preview:large, max-video-preview:-1\" \/>\n<link rel=\"canonical\" href=\"https:\/\/www.vangraaf.com\/ch\/karriere\/jobs-karriere\/initiativbewerbung\/\" \/>\n<meta property=\"og:locale\" content=\"de_DE\" \/>\n<meta property=\"og:type\" content=\"article\" \/>\n<meta property=\"og:title\" content=\"Initiativbewerbung | VAN GRAAF\" \/>\n<meta property=\"og:description\" content=\"Der passende Job ist gerade nicht dabei? Dann bewirb Dich jetzt initiativ und starte Dei-ne Karriere bei VAN GRAAF!\" \/>\n<meta property=\"og:url\" content=\"https:\/\/www.vangraaf.com\/ch\/karriere\/jobs-karriere\/initiativbewerbung\/\" \/>\n<meta property=\"og:site_name\" content=\"VAN GRAAF Schweiz\" \/>\n<meta property=\"article:modified_time\" content=\"2026-02-11T14:02:37+00:00\" \/>\n<meta name=\"twitter:card\" content=\"summary_large_image\" \/>\n<meta name=\"twitter:label1\" content=\"Est. reading time\" \/>\n\t<meta name=\"twitter:data1\" content=\"3\u00a0Minuten\" \/>\n<script type=\"application\/ld+json\" class=\"yoast-schema-graph\">{\"@context\":\"https:\/\/schema.org\",\"@graph\":[{\"@type\":\"WebPage\",\"@id\":\"https:\/\/www.vangraaf.com\/ch\/karriere\/jobs-karriere\/initiativbewerbung\/\",\"url\":\"https:\/\/www.vangraaf.com\/ch\/karriere\/jobs-karriere\/initiativbewerbung\/\",\"name\":\"Initiativbewerbung | VAN GRAAF\",\"isPartOf\":{\"@id\":\"https:\/\/www.vangraaf.com\/ch\/#website\"},\"datePublished\":\"2022-02-11T12:37:50+00:00\",\"dateModified\":\"2026-02-11T14:02:37+00:00\",\"description\":\"Der passende Job ist gerade nicht dabei? Dann bewirb Dich jetzt initiativ und starte Dei-ne Karriere bei VAN GRAAF!\",\"breadcrumb\":{\"@id\":\"https:\/\/www.vangraaf.com\/ch\/karriere\/jobs-karriere\/initiativbewerbung\/#breadcrumb\"},\"inLanguage\":\"de-CH\",\"potentialAction\":[{\"@type\":\"ReadAction\",\"target\":[\"https:\/\/www.vangraaf.com\/ch\/karriere\/jobs-karriere\/initiativbewerbung\/\"]}]},{\"@type\":\"BreadcrumbList\",\"@id\":\"https:\/\/www.vangraaf.com\/ch\/karriere\/jobs-karriere\/initiativbewerbung\/#breadcrumb\",\"itemListElement\":[{\"@type\":\"ListItem\",\"position\":1,\"name\":\"Home\",\"item\":\"https:\/\/www.vangraaf.com\/ch\/\"},{\"@type\":\"ListItem\",\"position\":2,\"name\":\"Karriere\",\"item\":\"https:\/\/www.vangraaf.com\/ch\/karriere\/\"},{\"@type\":\"ListItem\",\"position\":3,\"name\":\"Jobs &amp; Karriere\",\"item\":\"https:\/\/www.vangraaf.com\/ch\/karriere\/jobs-karriere\/\"},{\"@type\":\"ListItem\",\"position\":4,\"name\":\"Initiativbewerbung\"}]},{\"@type\":\"WebSite\",\"@id\":\"https:\/\/www.vangraaf.com\/ch\/#website\",\"url\":\"https:\/\/www.vangraaf.com\/ch\/\",\"name\":\"VAN GRAAF\",\"description\":\"VAN GRAAF\",\"potentialAction\":[{\"@type\":\"SearchAction\",\"target\":{\"@type\":\"EntryPoint\",\"urlTemplate\":\"https:\/\/www.vangraaf.com\/ch\/?s={search_term_string}\"},\"query-input\":{\"@type\":\"PropertyValueSpecification\",\"valueRequired\":true,\"valueName\":\"search_term_string\"}}],\"inLanguage\":\"de-CH\"}]}<\/script>\n<!-- \/ Yoast SEO plugin. -->","yoast_head_json":{"title":"Initiativbewerbung | VAN GRAAF","description":"Der passende Job ist gerade nicht dabei? Dann bewirb Dich jetzt initiativ und starte Dei-ne Karriere bei VAN GRAAF!","robots":{"index":"index","follow":"follow","max-snippet":"max-snippet:-1","max-image-preview":"max-image-preview:large","max-video-preview":"max-video-preview:-1"},"canonical":"https:\/\/www.vangraaf.com\/ch\/karriere\/jobs-karriere\/initiativbewerbung\/","og_locale":"de_DE","og_type":"article","og_title":"Initiativbewerbung | VAN GRAAF","og_description":"Der passende Job ist gerade nicht dabei? Dann bewirb Dich jetzt initiativ und starte Dei-ne Karriere bei VAN GRAAF!","og_url":"https:\/\/www.vangraaf.com\/ch\/karriere\/jobs-karriere\/initiativbewerbung\/","og_site_name":"VAN GRAAF Schweiz","article_modified_time":"2026-02-11T14:02:37+00:00","twitter_card":"summary_large_image","twitter_misc":{"Est. reading time":"3\u00a0Minuten"},"schema":{"@context":"https:\/\/schema.org","@graph":[{"@type":"WebPage","@id":"https:\/\/www.vangraaf.com\/ch\/karriere\/jobs-karriere\/initiativbewerbung\/","url":"https:\/\/www.vangraaf.com\/ch\/karriere\/jobs-karriere\/initiativbewerbung\/","name":"Initiativbewerbung | VAN GRAAF","isPartOf":{"@id":"https:\/\/www.vangraaf.com\/ch\/#website"},"datePublished":"2022-02-11T12:37:50+00:00","dateModified":"2026-02-11T14:02:37+00:00","description":"Der passende Job ist gerade nicht dabei? Dann bewirb Dich jetzt initiativ und starte Dei-ne Karriere bei VAN GRAAF!","breadcrumb":{"@id":"https:\/\/www.vangraaf.com\/ch\/karriere\/jobs-karriere\/initiativbewerbung\/#breadcrumb"},"inLanguage":"de-CH","potentialAction":[{"@type":"ReadAction","target":["https:\/\/www.vangraaf.com\/ch\/karriere\/jobs-karriere\/initiativbewerbung\/"]}]},{"@type":"BreadcrumbList","@id":"https:\/\/www.vangraaf.com\/ch\/karriere\/jobs-karriere\/initiativbewerbung\/#breadcrumb","itemListElement":[{"@type":"ListItem","position":1,"name":"Home","item":"https:\/\/www.vangraaf.com\/ch\/"},{"@type":"ListItem","position":2,"name":"Karriere","item":"https:\/\/www.vangraaf.com\/ch\/karriere\/"},{"@type":"ListItem","position":3,"name":"Jobs &amp; Karriere","item":"https:\/\/www.vangraaf.com\/ch\/karriere\/jobs-karriere\/"},{"@type":"ListItem","position":4,"name":"Initiativbewerbung"}]},{"@type":"WebSite","@id":"https:\/\/www.vangraaf.com\/ch\/#website","url":"https:\/\/www.vangraaf.com\/ch\/","name":"VAN GRAAF","description":"VAN GRAAF","potentialAction":[{"@type":"SearchAction","target":{"@type":"EntryPoint","urlTemplate":"https:\/\/www.vangraaf.com\/ch\/?s={search_term_string}"},"query-input":{"@type":"PropertyValueSpecification","valueRequired":true,"valueName":"search_term_string"}}],"inLanguage":"de-CH"}]}},"_links":{"self":[{"href":"https:\/\/www.vangraaf.com\/ch\/wp-json\/wp\/v2\/pages\/6583","targetHints":{"allow":["GET"]}}],"collection":[{"href":"https:\/\/www.vangraaf.com\/ch\/wp-json\/wp\/v2\/pages"}],"about":[{"href":"https:\/\/www.vangraaf.com\/ch\/wp-json\/wp\/v2\/types\/page"}],"author":[{"embeddable":true,"href":"https:\/\/www.vangraaf.com\/ch\/wp-json\/wp\/v2\/users\/6"}],"replies":[{"embeddable":true,"href":"https:\/\/www.vangraaf.com\/ch\/wp-json\/wp\/v2\/comments?post=6583"}],"version-history":[{"count":24,"href":"https:\/\/www.vangraaf.com\/ch\/wp-json\/wp\/v2\/pages\/6583\/revisions"}],"predecessor-version":[{"id":8150,"href":"https:\/\/www.vangraaf.com\/ch\/wp-json\/wp\/v2\/pages\/6583\/revisions\/8150"}],"up":[{"embeddable":true,"href":"https:\/\/www.vangraaf.com\/ch\/wp-json\/wp\/v2\/pages\/6570"}],"wp:attachment":[{"href":"https:\/\/www.vangraaf.com\/ch\/wp-json\/wp\/v2\/media?parent=6583"}],"curies":[{"name":"wp","href":"https:\/\/api.w.org\/{rel}","templated":true}]}}