{"id":6581,"date":"2022-02-11T13:37:29","date_gmt":"2022-02-11T12:37:29","guid":{"rendered":"https:\/\/www.vangraaf.com\/ch\/?page_id=6581"},"modified":"2022-07-29T12:52:08","modified_gmt":"2022-07-29T10:52:08","slug":"logistik","status":"publish","type":"page","link":"https:\/\/www.vangraaf.com\/ch\/karriere\/jobs-karriere\/logistik\/","title":{"rendered":"Logistik"},"content":{"rendered":"<div class=\"wpb-content-wrapper\">[vc_row bwd_tbc4vd_show_weekday=&#187;&#187; full_width=&#187;stretch_row_content_no_spaces&#187;][vc_column]<div class=\"keyvisual\" data-aos=\"fade-up\" ><img loading=\"lazy\" decoding=\"async\" width=\"1440\" height=\"480\" src=\"https:\/\/www.vangraaf.com\/ch\/wp-content\/uploads\/sites\/6\/2022\/02\/M8_E_VK_Logistik_055.jpg\" class=\"vc_single_image-img\" alt=\"\" srcset=\"https:\/\/www.vangraaf.com\/ch\/wp-content\/uploads\/sites\/6\/2022\/02\/M8_E_VK_Logistik_055.jpg 1440w, https:\/\/www.vangraaf.com\/ch\/wp-content\/uploads\/sites\/6\/2022\/02\/M8_E_VK_Logistik_055-300x100.jpg 300w, https:\/\/www.vangraaf.com\/ch\/wp-content\/uploads\/sites\/6\/2022\/02\/M8_E_VK_Logistik_055-1024x341.jpg 1024w, https:\/\/www.vangraaf.com\/ch\/wp-content\/uploads\/sites\/6\/2022\/02\/M8_E_VK_Logistik_055-768x256.jpg 768w, https:\/\/www.vangraaf.com\/ch\/wp-content\/uploads\/sites\/6\/2022\/02\/M8_E_VK_Logistik_055-1200x400.jpg 1200w, https:\/\/www.vangraaf.com\/ch\/wp-content\/uploads\/sites\/6\/2022\/02\/M8_E_VK_Logistik_055-992x331.jpg 992w, https:\/\/www.vangraaf.com\/ch\/wp-content\/uploads\/sites\/6\/2022\/02\/M8_E_VK_Logistik_055-480x160.jpg 480w, https:\/\/www.vangraaf.com\/ch\/wp-content\/uploads\/sites\/6\/2022\/02\/M8_E_VK_Logistik_055-690x230.jpg 690w\" sizes=\"(max-width: 1440px) 100vw, 1440px\" \/><\/div>\n        <div class=\"headlines headlines--center\" data-aos=\"fade-up\">\n            <div class=\"vc_row\">\n                <div class=\"vc_col-md-10 vc_col-md-offset-1 vc_col-lg-10 vc_col-lg-offset-1\"><span class=\"h6\">Dein Job in der Inhouse-Logistik bei VAN GRAAF<\/span><h1 class=\"h2\">Logistik<\/h1><\/div>\n            <\/div>\n        <\/div>[vc_column_text]Du begeisterst Dich f\u00fcr einen Job in der Logistik? Wir haben ein spannendes Aufgabenfeld f\u00fcr Dich parat! Als Teil unseres Inhouse-Logistik-Teams tr\u00e4gst Du aktiv zum t\u00e4glichen Erfolg unserer Logistikprozesse bei. Mit Deiner pr\u00e4zisen und z\u00fcgigen Arbeitsweise gelingt es Dir, die Ware schnellstm\u00f6glich unseren Kund:innen im Store zu pr\u00e4sentieren. Hierf\u00fcr nimmst Du die angelieferte Ware entgegen und f\u00fchrst eigenverantwortlich Bestands- und Qualit\u00e4tskontrollen durch. Ausserdem bereitest Du die Ware f\u00fcr den Verkauf vor und f\u00fchrst Preisabschriften sowie Warenverschiebungen durch. Durch das Nachf\u00fcllen und Sortieren der Ware im Verkauf bist Du eine echte Unterst\u00fctzung f\u00fcr das Team im Store.\r\n\r\nUns verbindet die gemeinsame Leidenschaft f\u00fcr Mode und Menschen. Daf\u00fcr begeistern wir uns jeden Tags aufs Neue. Bist Du dabei?[\/vc_column_text][vc_column_text]<a class=\"button button--primary\" href=\"https:\/\/www.vangraaf.com\/ch\/karriere\/jobs-karriere\/stellenangebote\/\">Jetzt bewerben<\/a>[\/vc_column_text][vc_column_text]Du m\u00f6chtest bei VAN GRAAF durchstarten, der passende Job ist aber aktuell nicht dabei? Dann schicke uns Deine <a href=\"https:\/\/www.vangraaf.com\/ch\/karriere\/jobs-karriere\/initiativbewerbung\/\">Initiativbewerbung<\/a>! In unseren Stores wartet vielleicht schon morgen die passende Herausforderung auf Dich.[\/vc_column_text][\/vc_column][\/vc_row][vc_row bwd_tbc4vd_show_weekday=&#187;&#187; full_width=&#187;stretch_row_content_no_spaces&#187;][vc_column]<div class=\"people-story-slider people-story-slider--dark\" style=\"--season-color: #ededed\" data-aos=\"fade-up\"><div class=\"content_wrap\"><div class=\"people-story-slider__slider js-people-story-slider\"><div class=\"people-story-slider__slider__item\"><div class=\"vc_row vc_row-flex\"><div class=\"vc_col-sm-6 people-story-slider__slider__item__image-wrap\"><img loading=\"lazy\" decoding=\"async\" width=\"768\" height=\"1022\" src=\"https:\/\/www.vangraaf.com\/ch\/wp-content\/uploads\/sites\/6\/2022\/05\/M8_B_VK_Logistik_017_VG.jpg\" class=\"attachment-full\" alt=\"\" title=\"M8_B_VK_Logistik_017_VG\" srcset=\"https:\/\/www.vangraaf.com\/ch\/wp-content\/uploads\/sites\/6\/2022\/05\/M8_B_VK_Logistik_017_VG.jpg 768w, https:\/\/www.vangraaf.com\/ch\/wp-content\/uploads\/sites\/6\/2022\/05\/M8_B_VK_Logistik_017_VG-225x300.jpg 225w, https:\/\/www.vangraaf.com\/ch\/wp-content\/uploads\/sites\/6\/2022\/05\/M8_B_VK_Logistik_017_VG-480x639.jpg 480w, https:\/\/www.vangraaf.com\/ch\/wp-content\/uploads\/sites\/6\/2022\/05\/M8_B_VK_Logistik_017_VG-690x918.jpg 690w\" sizes=\"(max-width: 768px) 100vw, 768px\" \/><\/div><div class=\"vc_col-sm-6 vc_col-md-4 vc_col-md-offset-1 people-story-slider__slider__item__content-wrap\"><div class=\"people-story-slider__slider__item__content\"><span class=\"h4\">Gabrijela,  Inhouse-Logistik<\/span><p>Inhouse-Logistik im Fashion-Retail ist sehr abwechslungsreich. Ich bin nicht nur f\u00fcr die erfolgreichen Warenstr\u00f6me im Store verantwortlich, sondern darf auch die Qualit\u00e4t der Waren \u00fcberpr\u00fcfen. Wir m\u00fcssen als Team sehr gut funktionieren, damit das Kundenerlebnis im Store auch erfolgreich ist. <\/p>\n<\/div><\/div><\/div><\/div><\/div><div class=\"people-story-slider__pagination\"><button class=\"slick-prev slick-arrow\" aria-label=\"Zur\u00fcck\" type=\"button\">Zur\u00fcck<\/button><button class=\"slick-next slick-arrow\" aria-label=\"Weiter\" type=\"button\">Weiter<\/button><\/div><\/div><\/div>[\/vc_column][\/vc_row][vc_row bwd_tbc4vd_show_weekday=&#187;&#187; full_width=&#187;stretch_row_content_no_spaces&#187;][vc_column]\n        <div class=\"headlines headlines--center\" data-aos=\"fade-up\">\n            <div class=\"vc_row\">\n                <div class=\"vc_col-md-10 vc_col-md-offset-1 vc_col-lg-10 vc_col-lg-offset-1\"><h2 class=\"h2\">Dein Einstieg bei VAN GRAAF<\/h2><\/div>\n            <\/div>\n        <\/div>[vc_row_inner bwd_tbc4vd_show_weekday=&#187;&#187; equal_height=&#187;yes&#187; row_design=&#187;row_square_background&#187;][vc_column_inner width=&#187;1\/2&#8243; offset=&#187;vc_col-lg-4 vc_col-md-4 vc_col-xs-12&#8243;]<div class=\"vg-element cta-teaser cta-teaser--center\" data-aos=\"fade-up\"><div class=\"cta-teaser__image\"><a class=\"\" href=\"https:\/\/www.vangraaf.com\/ch\/karriere\/wir\/entwicklung\/\" target=\"_self\" rel=\"\" style=\"\"><img loading=\"lazy\" decoding=\"async\" width=\"380\" height=\"254\" src=\"https:\/\/www.vangraaf.com\/ch\/wp-content\/uploads\/sites\/6\/2022\/02\/M12_D_GRUPPE_PORTRAIT_TRAINER_025-1.jpg\" class=\"vc_single_image-img attachment-full\" alt=\"\" title=\"Entwicklung\" srcset=\"https:\/\/www.vangraaf.com\/ch\/wp-content\/uploads\/sites\/6\/2022\/02\/M12_D_GRUPPE_PORTRAIT_TRAINER_025-1.jpg 380w, https:\/\/www.vangraaf.com\/ch\/wp-content\/uploads\/sites\/6\/2022\/02\/M12_D_GRUPPE_PORTRAIT_TRAINER_025-1-300x201.jpg 300w\" sizes=\"(max-width: 380px) 100vw, 380px\" \/><\/a><\/div><div class=\"cta-teaser__text\"><h3>Entwicklung<\/h3><p>Lernen kommt nie aus der Mode! Mit vielen Trainings und Programmen machen wir Dich fit f\u00fcr Deine Zukunft.<\/p><a class=\"button\" href=\"https:\/\/www.vangraaf.com\/ch\/karriere\/wir\/entwicklung\/\" target=\"_self\" rel=\"\" style=\"\">Mehr erfahren<\/a><\/div><\/div>[\/vc_column_inner][vc_column_inner width=&#187;1\/2&#8243; offset=&#187;vc_col-lg-4 vc_col-md-4 vc_col-xs-12&#8243;]<div class=\"vg-element cta-teaser cta-teaser--center\" data-aos=\"fade-up\"><div class=\"cta-teaser__image\"><a class=\"\" href=\"https:\/\/www.vangraaf.com\/ch\/karriere\/kontakt\/\" target=\"_self\" rel=\"\" style=\"\"><img loading=\"lazy\" decoding=\"async\" width=\"380\" height=\"254\" src=\"https:\/\/www.vangraaf.com\/ch\/wp-content\/uploads\/sites\/6\/2022\/03\/Portrait_MH.jpg\" class=\"vc_single_image-img attachment-full\" alt=\"\" title=\"Monique Hinsch\" srcset=\"https:\/\/www.vangraaf.com\/ch\/wp-content\/uploads\/sites\/6\/2022\/03\/Portrait_MH.jpg 380w, https:\/\/www.vangraaf.com\/ch\/wp-content\/uploads\/sites\/6\/2022\/03\/Portrait_MH-300x201.jpg 300w\" sizes=\"(max-width: 380px) 100vw, 380px\" \/><\/a><\/div><div class=\"cta-teaser__text\"><h3>Kontakt<\/h3><p>Du hast Fragen zum Jobeinstieg bei VAN GRAAF? Dann melde Dich direkt bei Monique: +41 564 197 242<\/p><a class=\"button\" href=\"https:\/\/www.vangraaf.com\/ch\/karriere\/kontakt\/\" target=\"_self\" rel=\"\" style=\"\">E-Mail senden<\/a><\/div><\/div>[\/vc_column_inner][vc_column_inner width=&#187;1\/2&#8243; offset=&#187;vc_col-lg-4 vc_col-md-4 vc_col-xs-12&#8243;]<div class=\"vg-element cta-teaser cta-teaser--center\" data-aos=\"fade-up\"><div class=\"cta-teaser__image\"><a class=\"\" href=\"https:\/\/www.vangraaf.com\/ch\/karriere\/wir\/benefits\/\" target=\"_self\" rel=\"\" style=\"\"><img loading=\"lazy\" decoding=\"async\" width=\"380\" height=\"254\" src=\"https:\/\/www.vangraaf.com\/ch\/wp-content\/uploads\/sites\/6\/2021\/05\/Benefits.jpg\" class=\"vc_single_image-img attachment-full\" alt=\"\" title=\"Benefits\" srcset=\"https:\/\/www.vangraaf.com\/ch\/wp-content\/uploads\/sites\/6\/2021\/05\/Benefits.jpg 380w, https:\/\/www.vangraaf.com\/ch\/wp-content\/uploads\/sites\/6\/2021\/05\/Benefits-300x201.jpg 300w\" sizes=\"(max-width: 380px) 100vw, 380px\" \/><\/a><\/div><div class=\"cta-teaser__text\"><h3>Benefits<\/h3><p>Schon entdeckt, von welchen Benefits Du profitieren kannst? Erfahre mehr zu Deinen Vorteilen bei VAN GRAAF.<\/p><a class=\"button\" href=\"https:\/\/www.vangraaf.com\/ch\/karriere\/wir\/benefits\/\" target=\"_self\" rel=\"\" style=\"\">Zu den Benefits<\/a><\/div><\/div>[\/vc_column_inner][\/vc_row_inner][\/vc_column][\/vc_row]<\/div>","protected":false},"excerpt":{"rendered":"[vc_row bwd_tbc4vd_show_weekday=&#187;&#187; full_width=&#187;stretch_row_content_no_spaces&#187;][vc_column][vc_column_text]Du begeisterst Dich f\u00fcr einen Job in der Logistik? Wir haben ein spannendes Aufgabenfeld f\u00fcr Dich parat! Als Teil unseres Inhouse-Logistik-Teams tr\u00e4gst Du aktiv zum t\u00e4glichen Erfolg unserer Logistikprozesse bei. Mit Deiner pr\u00e4zisen und z\u00fcgigen Arbeitsweise gelingt es Dir, die Ware schnellstm\u00f6glich unseren Kund:innen im Store zu pr\u00e4sentieren. Hierf\u00fcr nimmst Du die angelieferte [&hellip;]","protected":false},"author":6,"featured_media":0,"parent":6570,"menu_order":0,"comment_status":"closed","ping_status":"closed","template":"","meta":{"_acf_changed":false,"inline_featured_image":false,"footnotes":""},"class_list":["post-6581","page","type-page","status-publish","hentry"],"acf":[],"yoast_head":"<!-- This site is optimized with the Yoast SEO plugin v27.2 - https:\/\/yoast.com\/product\/yoast-seo-wordpress\/ -->\n<title>Logistik - VAN GRAAF<\/title>\n<meta name=\"robots\" content=\"index, follow, max-snippet:-1, max-image-preview:large, max-video-preview:-1\" \/>\n<link rel=\"canonical\" href=\"https:\/\/www.vangraaf.com\/ch\/karriere\/jobs-karriere\/logistik\/\" \/>\n<meta property=\"og:locale\" content=\"de_DE\" \/>\n<meta property=\"og:type\" content=\"article\" \/>\n<meta property=\"og:title\" content=\"Logistik - VAN GRAAF\" \/>\n<meta property=\"og:description\" content=\"[vc_row bwd_tbc4vd_show_weekday=&#187;&#187; full_width=&#187;stretch_row_content_no_spaces&#187;][vc_column][vc_column_text]Du begeisterst Dich f\u00fcr einen Job in der Logistik? Wir haben ein spannendes Aufgabenfeld f\u00fcr Dich parat! Als Teil unseres Inhouse-Logistik-Teams tr\u00e4gst Du aktiv zum t\u00e4glichen Erfolg unserer Logistikprozesse bei. Mit Deiner pr\u00e4zisen und z\u00fcgigen Arbeitsweise gelingt es Dir, die Ware schnellstm\u00f6glich unseren Kund:innen im Store zu pr\u00e4sentieren. Hierf\u00fcr nimmst Du die angelieferte [&hellip;]\" \/>\n<meta property=\"og:url\" content=\"https:\/\/www.vangraaf.com\/ch\/karriere\/jobs-karriere\/logistik\/\" \/>\n<meta property=\"og:site_name\" content=\"VAN GRAAF Schweiz\" \/>\n<meta property=\"article:modified_time\" content=\"2022-07-29T10:52:08+00:00\" \/>\n<meta name=\"twitter:card\" content=\"summary_large_image\" \/>\n<meta name=\"twitter:label1\" content=\"Est. reading time\" \/>\n\t<meta name=\"twitter:data1\" content=\"3\u00a0Minuten\" \/>\n<script type=\"application\/ld+json\" class=\"yoast-schema-graph\">{\"@context\":\"https:\/\/schema.org\",\"@graph\":[{\"@type\":\"WebPage\",\"@id\":\"https:\/\/www.vangraaf.com\/ch\/karriere\/jobs-karriere\/logistik\/\",\"url\":\"https:\/\/www.vangraaf.com\/ch\/karriere\/jobs-karriere\/logistik\/\",\"name\":\"Logistik - VAN GRAAF\",\"isPartOf\":{\"@id\":\"https:\/\/www.vangraaf.com\/ch\/#website\"},\"datePublished\":\"2022-02-11T12:37:29+00:00\",\"dateModified\":\"2022-07-29T10:52:08+00:00\",\"breadcrumb\":{\"@id\":\"https:\/\/www.vangraaf.com\/ch\/karriere\/jobs-karriere\/logistik\/#breadcrumb\"},\"inLanguage\":\"de-CH\",\"potentialAction\":[{\"@type\":\"ReadAction\",\"target\":[\"https:\/\/www.vangraaf.com\/ch\/karriere\/jobs-karriere\/logistik\/\"]}]},{\"@type\":\"BreadcrumbList\",\"@id\":\"https:\/\/www.vangraaf.com\/ch\/karriere\/jobs-karriere\/logistik\/#breadcrumb\",\"itemListElement\":[{\"@type\":\"ListItem\",\"position\":1,\"name\":\"Home\",\"item\":\"https:\/\/www.vangraaf.com\/ch\/\"},{\"@type\":\"ListItem\",\"position\":2,\"name\":\"Karriere\",\"item\":\"https:\/\/www.vangraaf.com\/ch\/karriere\/\"},{\"@type\":\"ListItem\",\"position\":3,\"name\":\"Jobs &amp; Karriere\",\"item\":\"https:\/\/www.vangraaf.com\/ch\/karriere\/jobs-karriere\/\"},{\"@type\":\"ListItem\",\"position\":4,\"name\":\"Logistik\"}]},{\"@type\":\"WebSite\",\"@id\":\"https:\/\/www.vangraaf.com\/ch\/#website\",\"url\":\"https:\/\/www.vangraaf.com\/ch\/\",\"name\":\"VAN GRAAF\",\"description\":\"VAN GRAAF\",\"potentialAction\":[{\"@type\":\"SearchAction\",\"target\":{\"@type\":\"EntryPoint\",\"urlTemplate\":\"https:\/\/www.vangraaf.com\/ch\/?s={search_term_string}\"},\"query-input\":{\"@type\":\"PropertyValueSpecification\",\"valueRequired\":true,\"valueName\":\"search_term_string\"}}],\"inLanguage\":\"de-CH\"}]}<\/script>\n<!-- \/ Yoast SEO plugin. -->","yoast_head_json":{"title":"Logistik - VAN GRAAF","robots":{"index":"index","follow":"follow","max-snippet":"max-snippet:-1","max-image-preview":"max-image-preview:large","max-video-preview":"max-video-preview:-1"},"canonical":"https:\/\/www.vangraaf.com\/ch\/karriere\/jobs-karriere\/logistik\/","og_locale":"de_DE","og_type":"article","og_title":"Logistik - VAN GRAAF","og_description":"[vc_row bwd_tbc4vd_show_weekday=&#187;&#187; full_width=&#187;stretch_row_content_no_spaces&#187;][vc_column][vc_column_text]Du begeisterst Dich f\u00fcr einen Job in der Logistik? Wir haben ein spannendes Aufgabenfeld f\u00fcr Dich parat! Als Teil unseres Inhouse-Logistik-Teams tr\u00e4gst Du aktiv zum t\u00e4glichen Erfolg unserer Logistikprozesse bei. Mit Deiner pr\u00e4zisen und z\u00fcgigen Arbeitsweise gelingt es Dir, die Ware schnellstm\u00f6glich unseren Kund:innen im Store zu pr\u00e4sentieren. Hierf\u00fcr nimmst Du die angelieferte [&hellip;]","og_url":"https:\/\/www.vangraaf.com\/ch\/karriere\/jobs-karriere\/logistik\/","og_site_name":"VAN GRAAF Schweiz","article_modified_time":"2022-07-29T10:52:08+00:00","twitter_card":"summary_large_image","twitter_misc":{"Est. reading time":"3\u00a0Minuten"},"schema":{"@context":"https:\/\/schema.org","@graph":[{"@type":"WebPage","@id":"https:\/\/www.vangraaf.com\/ch\/karriere\/jobs-karriere\/logistik\/","url":"https:\/\/www.vangraaf.com\/ch\/karriere\/jobs-karriere\/logistik\/","name":"Logistik - VAN GRAAF","isPartOf":{"@id":"https:\/\/www.vangraaf.com\/ch\/#website"},"datePublished":"2022-02-11T12:37:29+00:00","dateModified":"2022-07-29T10:52:08+00:00","breadcrumb":{"@id":"https:\/\/www.vangraaf.com\/ch\/karriere\/jobs-karriere\/logistik\/#breadcrumb"},"inLanguage":"de-CH","potentialAction":[{"@type":"ReadAction","target":["https:\/\/www.vangraaf.com\/ch\/karriere\/jobs-karriere\/logistik\/"]}]},{"@type":"BreadcrumbList","@id":"https:\/\/www.vangraaf.com\/ch\/karriere\/jobs-karriere\/logistik\/#breadcrumb","itemListElement":[{"@type":"ListItem","position":1,"name":"Home","item":"https:\/\/www.vangraaf.com\/ch\/"},{"@type":"ListItem","position":2,"name":"Karriere","item":"https:\/\/www.vangraaf.com\/ch\/karriere\/"},{"@type":"ListItem","position":3,"name":"Jobs &amp; Karriere","item":"https:\/\/www.vangraaf.com\/ch\/karriere\/jobs-karriere\/"},{"@type":"ListItem","position":4,"name":"Logistik"}]},{"@type":"WebSite","@id":"https:\/\/www.vangraaf.com\/ch\/#website","url":"https:\/\/www.vangraaf.com\/ch\/","name":"VAN GRAAF","description":"VAN GRAAF","potentialAction":[{"@type":"SearchAction","target":{"@type":"EntryPoint","urlTemplate":"https:\/\/www.vangraaf.com\/ch\/?s={search_term_string}"},"query-input":{"@type":"PropertyValueSpecification","valueRequired":true,"valueName":"search_term_string"}}],"inLanguage":"de-CH"}]}},"_links":{"self":[{"href":"https:\/\/www.vangraaf.com\/ch\/wp-json\/wp\/v2\/pages\/6581","targetHints":{"allow":["GET"]}}],"collection":[{"href":"https:\/\/www.vangraaf.com\/ch\/wp-json\/wp\/v2\/pages"}],"about":[{"href":"https:\/\/www.vangraaf.com\/ch\/wp-json\/wp\/v2\/types\/page"}],"author":[{"embeddable":true,"href":"https:\/\/www.vangraaf.com\/ch\/wp-json\/wp\/v2\/users\/6"}],"replies":[{"embeddable":true,"href":"https:\/\/www.vangraaf.com\/ch\/wp-json\/wp\/v2\/comments?post=6581"}],"version-history":[{"count":22,"href":"https:\/\/www.vangraaf.com\/ch\/wp-json\/wp\/v2\/pages\/6581\/revisions"}],"predecessor-version":[{"id":7342,"href":"https:\/\/www.vangraaf.com\/ch\/wp-json\/wp\/v2\/pages\/6581\/revisions\/7342"}],"up":[{"embeddable":true,"href":"https:\/\/www.vangraaf.com\/ch\/wp-json\/wp\/v2\/pages\/6570"}],"wp:attachment":[{"href":"https:\/\/www.vangraaf.com\/ch\/wp-json\/wp\/v2\/media?parent=6581"}],"curies":[{"name":"wp","href":"https:\/\/api.w.org\/{rel}","templated":true}]}}