{"id":6579,"date":"2022-02-11T13:37:14","date_gmt":"2022-02-11T12:37:14","guid":{"rendered":"https:\/\/www.vangraaf.com\/ch\/?page_id=6579"},"modified":"2022-07-29T12:53:01","modified_gmt":"2022-07-29T10:53:01","slug":"visual-merchandising","status":"publish","type":"page","link":"https:\/\/www.vangraaf.com\/ch\/karriere\/jobs-karriere\/visual-merchandising\/","title":{"rendered":"Visual Merchandising"},"content":{"rendered":"<div class=\"wpb-content-wrapper\">[vc_row bwd_tbc4vd_show_weekday=&#187;&#187; full_width=&#187;stretch_row_content_no_spaces&#187;][vc_column]<div class=\"keyvisual\" data-aos=\"fade-up\" ><img loading=\"lazy\" decoding=\"async\" width=\"1440\" height=\"480\" src=\"https:\/\/www.vangraaf.com\/ch\/wp-content\/uploads\/sites\/6\/2022\/02\/M4_C_Berufserfahrene_083-1.jpg\" class=\"vc_single_image-img\" alt=\"\" srcset=\"https:\/\/www.vangraaf.com\/ch\/wp-content\/uploads\/sites\/6\/2022\/02\/M4_C_Berufserfahrene_083-1.jpg 1440w, https:\/\/www.vangraaf.com\/ch\/wp-content\/uploads\/sites\/6\/2022\/02\/M4_C_Berufserfahrene_083-1-300x100.jpg 300w, https:\/\/www.vangraaf.com\/ch\/wp-content\/uploads\/sites\/6\/2022\/02\/M4_C_Berufserfahrene_083-1-1024x341.jpg 1024w, https:\/\/www.vangraaf.com\/ch\/wp-content\/uploads\/sites\/6\/2022\/02\/M4_C_Berufserfahrene_083-1-768x256.jpg 768w, https:\/\/www.vangraaf.com\/ch\/wp-content\/uploads\/sites\/6\/2022\/02\/M4_C_Berufserfahrene_083-1-1200x400.jpg 1200w, https:\/\/www.vangraaf.com\/ch\/wp-content\/uploads\/sites\/6\/2022\/02\/M4_C_Berufserfahrene_083-1-992x331.jpg 992w, https:\/\/www.vangraaf.com\/ch\/wp-content\/uploads\/sites\/6\/2022\/02\/M4_C_Berufserfahrene_083-1-480x160.jpg 480w, https:\/\/www.vangraaf.com\/ch\/wp-content\/uploads\/sites\/6\/2022\/02\/M4_C_Berufserfahrene_083-1-690x230.jpg 690w\" sizes=\"(max-width: 1440px) 100vw, 1440px\" \/><\/div>\n        <div class=\"headlines headlines--center\" data-aos=\"fade-up\">\n            <div class=\"vc_row\">\n                <div class=\"vc_col-md-10 vc_col-md-offset-1 vc_col-lg-10 vc_col-lg-offset-1\"><span class=\"h6\">Faszinierende Modewelten gestalten<\/span><h1 class=\"h2\">Visual Merchandising<\/h1><\/div>\n            <\/div>\n        <\/div>[vc_column_text]Fashion ist Deine Leidenschaft und Du bringst Kreativit\u00e4t und ein ausgepr\u00e4gtes Stilgef\u00fchl mit? Du begeisterst Dich f\u00fcr r\u00e4umliche Konzepte und arbeitest gerne handwerklich? Dann steig im Visual Merchandising bei VAN GRAAF ein und gestalte faszinierende Modeerlebnisse am Point of Sale. Wir bieten Dir beste Einstiegs- und Entwicklungsm\u00f6glichkeiten und viel Gestaltungsspielraum f\u00fcr Deine kreativen Ideen.[\/vc_column_text][vc_column_text]\r\n<h3>Visual Merchandiser:in<\/h3>\r\nDu setzt Outfits gekonnt in Szene und gestaltest Schaufenster sowie Verkaufsr\u00e4ume mit inspirierenden und stilvollen Dekorationen. Ausserdem unterst\u00fctzt Du Dein Team gekonnt im Store beim attraktiven Aufbau der Ware und schaffst so eine eindrucksvolle Erlebniswelt f\u00fcr unsere Kund:innen. Bei der Umsetzung selbst entwickelter sowie vorgegebener Konzepte l\u00e4sst Du Deiner Kreativit\u00e4t freien Lauf und setzt Dein ausgepr\u00e4gtes handwerkliches Geschick ein.\r\n\r\nUns verbindet die gemeinsame Leidenschaft f\u00fcr Mode und Menschen. Daf\u00fcr begeistern wir uns jeden Tags aufs Neue. Bist Du dabei?[\/vc_column_text][vc_column_text]<a class=\"button button--primary\" href=\"https:\/\/www.vangraaf.com\/ch\/karriere\/jobs-karriere\/stellenangebote\/\">Jetzt bewerben<\/a>[\/vc_column_text][vc_column_text]Du m\u00f6chtest bei VAN GRAAF durchstarten, der passende Job ist aber aktuell nicht dabei? Dann schicke uns Deine <a href=\"https:\/\/www.vangraaf.com\/ch\/karriere\/jobs-karriere\/initiativbewerbung\/\">Initiativbewerbung<\/a>! In unseren Stores wartet vielleicht schon morgen die passende Herausforderung auf Dich.[\/vc_column_text][\/vc_column][\/vc_row][vc_row bwd_tbc4vd_show_weekday=&#187;&#187; full_width=&#187;stretch_row_content_no_spaces&#187;][vc_column]<div class=\"people-story-slider people-story-slider--dark\" style=\"--season-color: #ededed\" data-aos=\"fade-up\"><div class=\"content_wrap\"><div class=\"people-story-slider__slider js-people-story-slider\"><div class=\"people-story-slider__slider__item\"><div class=\"vc_row vc_row-flex\"><div class=\"vc_col-sm-6 people-story-slider__slider__item__image-wrap\"><img loading=\"lazy\" decoding=\"async\" width=\"768\" height=\"1022\" src=\"https:\/\/www.vangraaf.com\/ch\/wp-content\/uploads\/sites\/6\/2022\/05\/M10_E_Portraits_Buero_032.jpg\" class=\"attachment-full\" alt=\"\" title=\"M10_E_Portraits_Buero_032\" srcset=\"https:\/\/www.vangraaf.com\/ch\/wp-content\/uploads\/sites\/6\/2022\/05\/M10_E_Portraits_Buero_032.jpg 768w, https:\/\/www.vangraaf.com\/ch\/wp-content\/uploads\/sites\/6\/2022\/05\/M10_E_Portraits_Buero_032-225x300.jpg 225w, https:\/\/www.vangraaf.com\/ch\/wp-content\/uploads\/sites\/6\/2022\/05\/M10_E_Portraits_Buero_032-480x639.jpg 480w, https:\/\/www.vangraaf.com\/ch\/wp-content\/uploads\/sites\/6\/2022\/05\/M10_E_Portraits_Buero_032-690x918.jpg 690w\" sizes=\"(max-width: 768px) 100vw, 768px\" \/><\/div><div class=\"vc_col-sm-6 vc_col-md-4 vc_col-md-offset-1 people-story-slider__slider__item__content-wrap\"><div class=\"people-story-slider__slider__item__content\"><span class=\"h4\">Kevin, Visual Merchandiser<\/span><p>F\u00fcr mich stand immer fest, dass ich kreativ und handwerklich arbeiten m\u00f6chte. Besonders gef\u00e4llt mir, dass ich meine eigenen Ideen in die Konzepte bei VAN GRAAF einfliessen lassen darf. Wenn unsere Kund:innen die Erlebniswelten im Store bestaunen, sind das f\u00fcr mich immer ganz besondere Momente. <\/p>\n<\/div><\/div><\/div><\/div><\/div><div class=\"people-story-slider__pagination\"><button class=\"slick-prev slick-arrow\" aria-label=\"Zur\u00fcck\" type=\"button\">Zur\u00fcck<\/button><button class=\"slick-next slick-arrow\" aria-label=\"Weiter\" type=\"button\">Weiter<\/button><\/div><\/div><\/div>[\/vc_column][\/vc_row][vc_row bwd_tbc4vd_show_weekday=&#187;&#187; full_width=&#187;stretch_row_content_no_spaces&#187;][vc_column]\n        <div class=\"headlines headlines--center\" data-aos=\"fade-up\">\n            <div class=\"vc_row\">\n                <div class=\"vc_col-md-10 vc_col-md-offset-1 vc_col-lg-10 vc_col-lg-offset-1\"><h2 class=\"h2\">Dein Einstieg bei VAN GRAAF<\/h2><\/div>\n            <\/div>\n        <\/div>[vc_row_inner bwd_tbc4vd_show_weekday=&#187;&#187; equal_height=&#187;yes&#187; row_design=&#187;row_square_background&#187;][vc_column_inner width=&#187;1\/2&#8243; offset=&#187;vc_col-lg-4 vc_col-md-4 vc_col-xs-12&#8243;]<div class=\"vg-element cta-teaser cta-teaser--center\" data-aos=\"fade-up\"><div class=\"cta-teaser__image\"><a class=\"\" href=\"https:\/\/www.vangraaf.com\/ch\/karriere\/wir\/miteinander\/\" target=\"_self\" rel=\"\" style=\"\"><img loading=\"lazy\" decoding=\"async\" width=\"380\" height=\"254\" src=\"https:\/\/www.vangraaf.com\/ch\/wp-content\/uploads\/sites\/6\/2022\/02\/M7_D_Wir_Headerbild_Gruppe_030-6.jpg\" class=\"vc_single_image-img attachment-full\" alt=\"\" title=\"Wir\" srcset=\"https:\/\/www.vangraaf.com\/ch\/wp-content\/uploads\/sites\/6\/2022\/02\/M7_D_Wir_Headerbild_Gruppe_030-6.jpg 380w, https:\/\/www.vangraaf.com\/ch\/wp-content\/uploads\/sites\/6\/2022\/02\/M7_D_Wir_Headerbild_Gruppe_030-6-300x201.jpg 300w\" sizes=\"(max-width: 380px) 100vw, 380px\" \/><\/a><\/div><div class=\"cta-teaser__text\"><h3>Miteinander<\/h3><p>Uns verbindet die gemeinsame Leidenschaft f\u00fcr Mode und Menschen. Erfahre mehr \u00fcber unsere Kultur.<\/p><a class=\"button\" href=\"https:\/\/www.vangraaf.com\/ch\/karriere\/wir\/miteinander\/\" target=\"_self\" rel=\"\" style=\"\">Mehr erfahren<\/a><\/div><\/div>[\/vc_column_inner][vc_column_inner width=&#187;1\/2&#8243; offset=&#187;vc_col-lg-4 vc_col-md-4 vc_col-xs-12&#8243;]<div class=\"vg-element cta-teaser cta-teaser--center\" data-aos=\"fade-up\"><div class=\"cta-teaser__image\"><a class=\"\" href=\"https:\/\/www.vangraaf.com\/ch\/karriere\/kontakt\/\" target=\"_self\" rel=\"\" style=\"\"><img loading=\"lazy\" decoding=\"async\" width=\"380\" height=\"254\" src=\"https:\/\/www.vangraaf.com\/ch\/wp-content\/uploads\/sites\/6\/2022\/03\/Portrait_MH.jpg\" class=\"vc_single_image-img attachment-full\" alt=\"\" title=\"Monique Hinsch\" srcset=\"https:\/\/www.vangraaf.com\/ch\/wp-content\/uploads\/sites\/6\/2022\/03\/Portrait_MH.jpg 380w, https:\/\/www.vangraaf.com\/ch\/wp-content\/uploads\/sites\/6\/2022\/03\/Portrait_MH-300x201.jpg 300w\" sizes=\"(max-width: 380px) 100vw, 380px\" \/><\/a><\/div><div class=\"cta-teaser__text\"><h3>Kontakt<\/h3><p>Du hast Fragen zum Jobeinstieg bei VAN GRAAF? Dann melde Dich direkt bei Monique: +41 564 197 242<\/p><a class=\"button\" href=\"https:\/\/www.vangraaf.com\/ch\/karriere\/kontakt\/\" target=\"_self\" rel=\"\" style=\"\">E-Mail senden<\/a><\/div><\/div>[\/vc_column_inner][vc_column_inner width=&#187;1\/2&#8243; offset=&#187;vc_col-lg-4 vc_col-md-4 vc_col-xs-12&#8243;]<div class=\"vg-element cta-teaser cta-teaser--center\" data-aos=\"fade-up\"><div class=\"cta-teaser__image\"><a class=\"\" href=\"https:\/\/www.vangraaf.com\/ch\/karriere\/wir\/benefits\/\" target=\"_self\" rel=\"\" style=\"\"><img loading=\"lazy\" decoding=\"async\" width=\"380\" height=\"254\" src=\"https:\/\/www.vangraaf.com\/ch\/wp-content\/uploads\/sites\/6\/2021\/05\/Benefits.jpg\" class=\"vc_single_image-img attachment-full\" alt=\"\" title=\"Benefits\" srcset=\"https:\/\/www.vangraaf.com\/ch\/wp-content\/uploads\/sites\/6\/2021\/05\/Benefits.jpg 380w, https:\/\/www.vangraaf.com\/ch\/wp-content\/uploads\/sites\/6\/2021\/05\/Benefits-300x201.jpg 300w\" sizes=\"(max-width: 380px) 100vw, 380px\" \/><\/a><\/div><div class=\"cta-teaser__text\"><h3>Benefits<\/h3><p>Schon entdeckt, von welchen Benefits Du profitieren kannst? Erfahre mehr zu Deinen Vorteilen bei VAN GRAAF.<\/p><a class=\"button\" href=\"https:\/\/www.vangraaf.com\/ch\/karriere\/wir\/benefits\/\" target=\"_self\" rel=\"\" style=\"\">Zu den Benefits<\/a><\/div><\/div>[\/vc_column_inner][\/vc_row_inner][\/vc_column][\/vc_row]<\/div>","protected":false},"excerpt":{"rendered":"[vc_row bwd_tbc4vd_show_weekday=&#187;&#187; full_width=&#187;stretch_row_content_no_spaces&#187;][vc_column][vc_column_text]Fashion ist Deine Leidenschaft und Du bringst Kreativit\u00e4t und ein ausgepr\u00e4gtes Stilgef\u00fchl mit? Du begeisterst Dich f\u00fcr r\u00e4umliche Konzepte und arbeitest gerne handwerklich? Dann steig im Visual Merchandising bei VAN GRAAF ein und gestalte faszinierende Modeerlebnisse am Point of Sale. Wir bieten Dir beste Einstiegs- und Entwicklungsm\u00f6glichkeiten und viel Gestaltungsspielraum f\u00fcr Deine kreativen [&hellip;]","protected":false},"author":6,"featured_media":0,"parent":6570,"menu_order":0,"comment_status":"closed","ping_status":"closed","template":"","meta":{"_acf_changed":false,"inline_featured_image":false,"footnotes":""},"class_list":["post-6579","page","type-page","status-publish","hentry"],"acf":[],"yoast_head":"<!-- This site is optimized with the Yoast SEO plugin v27.2 - https:\/\/yoast.com\/product\/yoast-seo-wordpress\/ -->\n<title>Dein Job im Visual Merchandising bei VAN GRAAF<\/title>\n<meta name=\"description\" content=\"Du bist kreativ und Fashion ist Deine Leidenschaft? Dann starte Deine Karriere im Visual Merchandising bei VAN GRAAF!\" \/>\n<meta name=\"robots\" content=\"index, follow, max-snippet:-1, max-image-preview:large, max-video-preview:-1\" \/>\n<link rel=\"canonical\" href=\"https:\/\/www.vangraaf.com\/ch\/karriere\/jobs-karriere\/visual-merchandising\/\" \/>\n<meta property=\"og:locale\" content=\"de_DE\" \/>\n<meta property=\"og:type\" content=\"article\" \/>\n<meta property=\"og:title\" content=\"Dein Job im Visual Merchandising bei VAN GRAAF\" \/>\n<meta property=\"og:description\" content=\"Du bist kreativ und Fashion ist Deine Leidenschaft? Dann starte Deine Karriere im Visual Merchandising bei VAN GRAAF!\" \/>\n<meta property=\"og:url\" content=\"https:\/\/www.vangraaf.com\/ch\/karriere\/jobs-karriere\/visual-merchandising\/\" \/>\n<meta property=\"og:site_name\" content=\"VAN GRAAF Schweiz\" \/>\n<meta property=\"article:modified_time\" content=\"2022-07-29T10:53:01+00:00\" \/>\n<meta name=\"twitter:card\" content=\"summary_large_image\" \/>\n<meta name=\"twitter:label1\" content=\"Est. reading time\" \/>\n\t<meta name=\"twitter:data1\" content=\"3\u00a0Minuten\" \/>\n<script type=\"application\/ld+json\" class=\"yoast-schema-graph\">{\"@context\":\"https:\/\/schema.org\",\"@graph\":[{\"@type\":\"WebPage\",\"@id\":\"https:\/\/www.vangraaf.com\/ch\/karriere\/jobs-karriere\/visual-merchandising\/\",\"url\":\"https:\/\/www.vangraaf.com\/ch\/karriere\/jobs-karriere\/visual-merchandising\/\",\"name\":\"Dein Job im Visual Merchandising bei VAN GRAAF\",\"isPartOf\":{\"@id\":\"https:\/\/www.vangraaf.com\/ch\/#website\"},\"datePublished\":\"2022-02-11T12:37:14+00:00\",\"dateModified\":\"2022-07-29T10:53:01+00:00\",\"description\":\"Du bist kreativ und Fashion ist Deine Leidenschaft? Dann starte Deine Karriere im Visual Merchandising bei VAN GRAAF!\",\"breadcrumb\":{\"@id\":\"https:\/\/www.vangraaf.com\/ch\/karriere\/jobs-karriere\/visual-merchandising\/#breadcrumb\"},\"inLanguage\":\"de-CH\",\"potentialAction\":[{\"@type\":\"ReadAction\",\"target\":[\"https:\/\/www.vangraaf.com\/ch\/karriere\/jobs-karriere\/visual-merchandising\/\"]}]},{\"@type\":\"BreadcrumbList\",\"@id\":\"https:\/\/www.vangraaf.com\/ch\/karriere\/jobs-karriere\/visual-merchandising\/#breadcrumb\",\"itemListElement\":[{\"@type\":\"ListItem\",\"position\":1,\"name\":\"Home\",\"item\":\"https:\/\/www.vangraaf.com\/ch\/\"},{\"@type\":\"ListItem\",\"position\":2,\"name\":\"Karriere\",\"item\":\"https:\/\/www.vangraaf.com\/ch\/karriere\/\"},{\"@type\":\"ListItem\",\"position\":3,\"name\":\"Jobs &amp; Karriere\",\"item\":\"https:\/\/www.vangraaf.com\/ch\/karriere\/jobs-karriere\/\"},{\"@type\":\"ListItem\",\"position\":4,\"name\":\"Visual Merchandising\"}]},{\"@type\":\"WebSite\",\"@id\":\"https:\/\/www.vangraaf.com\/ch\/#website\",\"url\":\"https:\/\/www.vangraaf.com\/ch\/\",\"name\":\"VAN GRAAF\",\"description\":\"VAN GRAAF\",\"potentialAction\":[{\"@type\":\"SearchAction\",\"target\":{\"@type\":\"EntryPoint\",\"urlTemplate\":\"https:\/\/www.vangraaf.com\/ch\/?s={search_term_string}\"},\"query-input\":{\"@type\":\"PropertyValueSpecification\",\"valueRequired\":true,\"valueName\":\"search_term_string\"}}],\"inLanguage\":\"de-CH\"}]}<\/script>\n<!-- \/ Yoast SEO plugin. -->","yoast_head_json":{"title":"Dein Job im Visual Merchandising bei VAN GRAAF","description":"Du bist kreativ und Fashion ist Deine Leidenschaft? Dann starte Deine Karriere im Visual Merchandising bei VAN GRAAF!","robots":{"index":"index","follow":"follow","max-snippet":"max-snippet:-1","max-image-preview":"max-image-preview:large","max-video-preview":"max-video-preview:-1"},"canonical":"https:\/\/www.vangraaf.com\/ch\/karriere\/jobs-karriere\/visual-merchandising\/","og_locale":"de_DE","og_type":"article","og_title":"Dein Job im Visual Merchandising bei VAN GRAAF","og_description":"Du bist kreativ und Fashion ist Deine Leidenschaft? Dann starte Deine Karriere im Visual Merchandising bei VAN GRAAF!","og_url":"https:\/\/www.vangraaf.com\/ch\/karriere\/jobs-karriere\/visual-merchandising\/","og_site_name":"VAN GRAAF Schweiz","article_modified_time":"2022-07-29T10:53:01+00:00","twitter_card":"summary_large_image","twitter_misc":{"Est. reading time":"3\u00a0Minuten"},"schema":{"@context":"https:\/\/schema.org","@graph":[{"@type":"WebPage","@id":"https:\/\/www.vangraaf.com\/ch\/karriere\/jobs-karriere\/visual-merchandising\/","url":"https:\/\/www.vangraaf.com\/ch\/karriere\/jobs-karriere\/visual-merchandising\/","name":"Dein Job im Visual Merchandising bei VAN GRAAF","isPartOf":{"@id":"https:\/\/www.vangraaf.com\/ch\/#website"},"datePublished":"2022-02-11T12:37:14+00:00","dateModified":"2022-07-29T10:53:01+00:00","description":"Du bist kreativ und Fashion ist Deine Leidenschaft? Dann starte Deine Karriere im Visual Merchandising bei VAN GRAAF!","breadcrumb":{"@id":"https:\/\/www.vangraaf.com\/ch\/karriere\/jobs-karriere\/visual-merchandising\/#breadcrumb"},"inLanguage":"de-CH","potentialAction":[{"@type":"ReadAction","target":["https:\/\/www.vangraaf.com\/ch\/karriere\/jobs-karriere\/visual-merchandising\/"]}]},{"@type":"BreadcrumbList","@id":"https:\/\/www.vangraaf.com\/ch\/karriere\/jobs-karriere\/visual-merchandising\/#breadcrumb","itemListElement":[{"@type":"ListItem","position":1,"name":"Home","item":"https:\/\/www.vangraaf.com\/ch\/"},{"@type":"ListItem","position":2,"name":"Karriere","item":"https:\/\/www.vangraaf.com\/ch\/karriere\/"},{"@type":"ListItem","position":3,"name":"Jobs &amp; Karriere","item":"https:\/\/www.vangraaf.com\/ch\/karriere\/jobs-karriere\/"},{"@type":"ListItem","position":4,"name":"Visual Merchandising"}]},{"@type":"WebSite","@id":"https:\/\/www.vangraaf.com\/ch\/#website","url":"https:\/\/www.vangraaf.com\/ch\/","name":"VAN GRAAF","description":"VAN GRAAF","potentialAction":[{"@type":"SearchAction","target":{"@type":"EntryPoint","urlTemplate":"https:\/\/www.vangraaf.com\/ch\/?s={search_term_string}"},"query-input":{"@type":"PropertyValueSpecification","valueRequired":true,"valueName":"search_term_string"}}],"inLanguage":"de-CH"}]}},"_links":{"self":[{"href":"https:\/\/www.vangraaf.com\/ch\/wp-json\/wp\/v2\/pages\/6579","targetHints":{"allow":["GET"]}}],"collection":[{"href":"https:\/\/www.vangraaf.com\/ch\/wp-json\/wp\/v2\/pages"}],"about":[{"href":"https:\/\/www.vangraaf.com\/ch\/wp-json\/wp\/v2\/types\/page"}],"author":[{"embeddable":true,"href":"https:\/\/www.vangraaf.com\/ch\/wp-json\/wp\/v2\/users\/6"}],"replies":[{"embeddable":true,"href":"https:\/\/www.vangraaf.com\/ch\/wp-json\/wp\/v2\/comments?post=6579"}],"version-history":[{"count":23,"href":"https:\/\/www.vangraaf.com\/ch\/wp-json\/wp\/v2\/pages\/6579\/revisions"}],"predecessor-version":[{"id":7344,"href":"https:\/\/www.vangraaf.com\/ch\/wp-json\/wp\/v2\/pages\/6579\/revisions\/7344"}],"up":[{"embeddable":true,"href":"https:\/\/www.vangraaf.com\/ch\/wp-json\/wp\/v2\/pages\/6570"}],"wp:attachment":[{"href":"https:\/\/www.vangraaf.com\/ch\/wp-json\/wp\/v2\/media?parent=6579"}],"curies":[{"name":"wp","href":"https:\/\/api.w.org\/{rel}","templated":true}]}}