{"id":6577,"date":"2022-02-11T13:36:40","date_gmt":"2022-02-11T12:36:40","guid":{"rendered":"https:\/\/www.vangraaf.com\/ch\/?page_id=6577"},"modified":"2022-07-29T12:52:33","modified_gmt":"2022-07-29T10:52:33","slug":"verkauf","status":"publish","type":"page","link":"https:\/\/www.vangraaf.com\/ch\/karriere\/jobs-karriere\/verkauf\/","title":{"rendered":"Verkauf"},"content":{"rendered":"<div class=\"wpb-content-wrapper\">[vc_row bwd_tbc4vd_show_weekday=&#187;&#187; full_width=&#187;stretch_row_content_no_spaces&#187;][vc_column]<div class=\"keyvisual\" data-aos=\"fade-up\" ><img loading=\"lazy\" decoding=\"async\" width=\"1440\" height=\"480\" src=\"https:\/\/www.vangraaf.com\/ch\/wp-content\/uploads\/sites\/6\/2021\/05\/M1_F_Schueler_Eltern_Lehrer_003.jpg\" class=\"vc_single_image-img\" alt=\"\" srcset=\"https:\/\/www.vangraaf.com\/ch\/wp-content\/uploads\/sites\/6\/2021\/05\/M1_F_Schueler_Eltern_Lehrer_003.jpg 1440w, https:\/\/www.vangraaf.com\/ch\/wp-content\/uploads\/sites\/6\/2021\/05\/M1_F_Schueler_Eltern_Lehrer_003-300x100.jpg 300w, https:\/\/www.vangraaf.com\/ch\/wp-content\/uploads\/sites\/6\/2021\/05\/M1_F_Schueler_Eltern_Lehrer_003-1024x341.jpg 1024w, https:\/\/www.vangraaf.com\/ch\/wp-content\/uploads\/sites\/6\/2021\/05\/M1_F_Schueler_Eltern_Lehrer_003-768x256.jpg 768w, https:\/\/www.vangraaf.com\/ch\/wp-content\/uploads\/sites\/6\/2021\/05\/M1_F_Schueler_Eltern_Lehrer_003-1200x400.jpg 1200w, https:\/\/www.vangraaf.com\/ch\/wp-content\/uploads\/sites\/6\/2021\/05\/M1_F_Schueler_Eltern_Lehrer_003-992x331.jpg 992w, https:\/\/www.vangraaf.com\/ch\/wp-content\/uploads\/sites\/6\/2021\/05\/M1_F_Schueler_Eltern_Lehrer_003-480x160.jpg 480w, https:\/\/www.vangraaf.com\/ch\/wp-content\/uploads\/sites\/6\/2021\/05\/M1_F_Schueler_Eltern_Lehrer_003-690x230.jpg 690w\" sizes=\"(max-width: 1440px) 100vw, 1440px\" \/><\/div>\n        <div class=\"headlines headlines--center\" data-aos=\"fade-up\">\n            <div class=\"vc_row\">\n                <div class=\"vc_col-md-10 vc_col-md-offset-1 vc_col-lg-10 vc_col-lg-offset-1\"><h1 class=\"h2\">Verkauf<\/h1><\/div>\n            <\/div>\n        <\/div>[vc_column_text]\r\n<p style=\"text-align: center\">Du liebst Fashion? Wir auch! Mit Deiner Begeisterung f\u00fcr die Trends der Fashion-Welt stehst Du im Verkauf t\u00e4glich im Kontakt mit unseren Kund:innen und sorgst f\u00fcr das perfekte Einkaufserlebnis. Wir bieten Dir bei uns im Store einen anspruchsvollen und abwechslungsreichen Job, der jeden Tag anders ist!<\/p>\r\n[\/vc_column_text][vc_column_text]\r\n<h3>Erste Verantwortung \u00fcbernehmen als Sales Assistant<\/h3>\r\nAls Fashion-Profi sorgst Du mit einem Job als Sales Assistant f\u00fcr das perfekte Outfit f\u00fcr jeden Anlass. Dabei ber\u00e4tst Du unsere Kund:innen mit Deiner Expertise rund um Marken, Trends und unser Sortiment und machst das Shoppen zu einem unvergesslichen Erlebnis. Spannende Services unserer Kundenkarte kennst Du genau und bietest diese erfolgreich unseren Kund:innen an. Mit einem reibungslosen Kassiervorgang rundest Du das Einkaufserlebnis in Deinem Job als Sales Assistant perfekt ab.[\/vc_column_text][vc_column_text]\r\n<h3>F\u00fchrungskompetenz ausbauen als Teamleader:in Sales<\/h3>\r\nDein Herz schl\u00e4gt f\u00fcr den station\u00e4ren Einzelhandel und Du m\u00f6chtest mit Deiner Leidenschaft f\u00fcr Mode ein Team f\u00fchren und begeistern? Dann steig bei uns direkt als Teamleader:in ein! Wenn Du bereits F\u00fchrungserfahrung sammeln konntest, begleiten wir Dich fachlich und pers\u00f6nlich in Deiner weiteren Entwicklung bei VAN GRAAF. Auf Dich wartet ein Team mit bis zu 10 Mitarbeiter:innen, dessen Potentiale Du erkennst und individuell weiterentwickelst.\r\n\r\nAls Teamleader:in Sales verkaufst Du Mode mit gr\u00f6sster Leidenschaft. Das vermittelst Du auch Deinem Team, das Du immer wieder neu begeisterst. Ausserdem analysierst Du Kennzahlen, leitest relevante Trends ab und gibst Deine Impulse an den Einkauf weiter. Dabei arbeitest Du eng mit dem Store Management zusammen. Auch im Visual Merchandising sind Deine Ideen sowie Dein unternehmerisches Denken und Handeln gefragt.[\/vc_column_text][vc_column_text]\r\n<h3>Potenzial zur Weiterentwicklung: Deine Karriereaussichten<\/h3>\r\nMit professionellen Fach- und F\u00fchrungsseminaren bildest Du Dich im Rahmen unserer <a href=\"https:\/\/www.vangraaf.com\/ch\/karriere\/wir\/entwicklung\/\">vielf\u00e4ltigen Trainingswelt<\/a> stetig weiter.\r\n\r\nDu m\u00f6chtest in Deinem Job als Teamleader:in Sales mehr Verantwortung \u00fcbernehmen? Mit erfolgreicher F\u00fchrungserfahrung hast Du die M\u00f6glichkeit, Dich bei entsprechender Eignung im Store Management bei VAN GRAAF weiterzuentwickeln.\r\n\r\nUns verbindet die gemeinsame Leidenschaft f\u00fcr Mode und Menschen. Daf\u00fcr begeistern wir uns jeden Tags aufs Neue. Bist Du dabei?[\/vc_column_text][vc_column_text]<a class=\"button button--primary\" href=\"https:\/\/www.vangraaf.com\/ch\/karriere\/jobs-karriere\/stellenangebote\/\">Jetzt bewerben<\/a>[\/vc_column_text][vc_column_text]Du m\u00f6chtest bei VAN GRAAF durchstarten, der passende Job ist aber aktuell nicht dabei? Dann schicke uns Deine <a href=\"https:\/\/www.vangraaf.com\/ch\/karriere\/jobs-karriere\/initiativbewerbung\/\">Initiativbewerbung<\/a>! In unseren Stores wartet vielleicht schon morgen die passende Herausforderung auf Dich.[\/vc_column_text][\/vc_column][\/vc_row][vc_row bwd_tbc4vd_show_weekday=&#187;&#187; full_width=&#187;stretch_row_content_no_spaces&#187;][vc_column]<div class=\"people-story-slider people-story-slider--dark\" style=\"--season-color: #ededed\" data-aos=\"fade-up\"><div class=\"content_wrap\"><div class=\"people-story-slider__slider js-people-story-slider\"><div class=\"people-story-slider__slider__item\"><div class=\"vc_row vc_row-flex\"><div class=\"vc_col-sm-6 people-story-slider__slider__item__image-wrap\"><img loading=\"lazy\" decoding=\"async\" width=\"768\" height=\"1022\" src=\"https:\/\/www.vangraaf.com\/ch\/wp-content\/uploads\/sites\/6\/2022\/05\/SalesAssistant.jpg\" class=\"attachment-full\" alt=\"\" title=\"SalesAssistant\" srcset=\"https:\/\/www.vangraaf.com\/ch\/wp-content\/uploads\/sites\/6\/2022\/05\/SalesAssistant.jpg 768w, https:\/\/www.vangraaf.com\/ch\/wp-content\/uploads\/sites\/6\/2022\/05\/SalesAssistant-225x300.jpg 225w, https:\/\/www.vangraaf.com\/ch\/wp-content\/uploads\/sites\/6\/2022\/05\/SalesAssistant-480x639.jpg 480w, https:\/\/www.vangraaf.com\/ch\/wp-content\/uploads\/sites\/6\/2022\/05\/SalesAssistant-690x918.jpg 690w\" sizes=\"(max-width: 768px) 100vw, 768px\" \/><\/div><div class=\"vc_col-sm-6 vc_col-md-4 vc_col-md-offset-1 people-story-slider__slider__item__content-wrap\"><div class=\"people-story-slider__slider__item__content\"><span class=\"h4\">Robert, Sales Assistant<\/span><p>Ich wollte mit angesagten Marken arbeiten und als Einsteiger:in im Fashion-Retail noch viel dazulernen k\u00f6nnen. Durch die Onboarding-Trainings wurde ich super auf meine Aufgaben vorbereitet und konnte im Team schnell direkt durchstarten. <\/p>\n<div class=\"people-story-slider__slider__item__pagination\"><button class=\"slick-prev slick-arrow\" aria-label=\"Zur\u00fcck\" type=\"button\">Zur\u00fcck<\/button><button class=\"slick-next slick-arrow\" aria-label=\"Weiter\" type=\"button\">Weiter<\/button><\/div><\/div><\/div><\/div><\/div><div class=\"people-story-slider__slider__item\"><div class=\"vc_row vc_row-flex\"><div class=\"vc_col-sm-6 people-story-slider__slider__item__image-wrap\"><img loading=\"lazy\" decoding=\"async\" width=\"768\" height=\"1022\" src=\"https:\/\/www.vangraaf.com\/ch\/wp-content\/uploads\/sites\/6\/2022\/05\/M7_B_Wir_Headerbild_Gruppe_034.jpg\" class=\"attachment-full\" alt=\"\" title=\"M7_B_Wir_Headerbild_Gruppe_034\" srcset=\"https:\/\/www.vangraaf.com\/ch\/wp-content\/uploads\/sites\/6\/2022\/05\/M7_B_Wir_Headerbild_Gruppe_034.jpg 768w, https:\/\/www.vangraaf.com\/ch\/wp-content\/uploads\/sites\/6\/2022\/05\/M7_B_Wir_Headerbild_Gruppe_034-225x300.jpg 225w, https:\/\/www.vangraaf.com\/ch\/wp-content\/uploads\/sites\/6\/2022\/05\/M7_B_Wir_Headerbild_Gruppe_034-480x639.jpg 480w, https:\/\/www.vangraaf.com\/ch\/wp-content\/uploads\/sites\/6\/2022\/05\/M7_B_Wir_Headerbild_Gruppe_034-690x918.jpg 690w\" sizes=\"(max-width: 768px) 100vw, 768px\" \/><\/div><div class=\"vc_col-sm-6 vc_col-md-4 vc_col-md-offset-1 people-story-slider__slider__item__content-wrap\"><div class=\"people-story-slider__slider__item__content\"><span class=\"h4\">Lara Aileen, Teamleader Sales<\/span><p>Neben meiner Leidenschaft f\u00fcr Mode ist mein Team meine gr\u00f6sste Motivation. Wir arbeiten im Store viel bereichs\u00fcbergreifend zusammen, um unsere Kund:innen immer wieder neu zu begeistern. Daher sind gute Kommunikation und ein starker Team-Zusammenhalt bei uns sehr wichtig. <\/p>\n<div class=\"people-story-slider__slider__item__pagination\"><button class=\"slick-prev slick-arrow\" aria-label=\"Zur\u00fcck\" type=\"button\">Zur\u00fcck<\/button><button class=\"slick-next slick-arrow\" aria-label=\"Weiter\" type=\"button\">Weiter<\/button><\/div><\/div><\/div><\/div><\/div><\/div><div class=\"people-story-slider__pagination\"><button class=\"slick-prev slick-arrow\" aria-label=\"Zur\u00fcck\" type=\"button\">Zur\u00fcck<\/button><button class=\"slick-next slick-arrow\" aria-label=\"Weiter\" type=\"button\">Weiter<\/button><\/div><\/div><\/div>[\/vc_column][\/vc_row][vc_row bwd_tbc4vd_show_weekday=&#187;&#187; full_width=&#187;stretch_row_content_no_spaces&#187;][vc_column]\n        <div class=\"headlines headlines--center\" data-aos=\"fade-up\">\n            <div class=\"vc_row\">\n                <div class=\"vc_col-md-10 vc_col-md-offset-1 vc_col-lg-10 vc_col-lg-offset-1\"><h2 class=\"h2\">Dein Einstieg bei VAN GRAAF<\/h2><\/div>\n            <\/div>\n        <\/div>[vc_row_inner bwd_tbc4vd_show_weekday=&#187;&#187; equal_height=&#187;yes&#187; row_design=&#187;row_square_background&#187;][vc_column_inner width=&#187;1\/2&#8243; offset=&#187;vc_col-lg-4 vc_col-md-4 vc_col-xs-12&#8243;]<div class=\"vg-element cta-teaser cta-teaser--center\" data-aos=\"fade-up\"><div class=\"cta-teaser__image\"><a class=\"\" href=\"https:\/\/www.vangraaf.com\/ch\/karriere\/wir\/entwicklung\/\" target=\"_self\" rel=\"\" style=\"\"><img loading=\"lazy\" decoding=\"async\" width=\"380\" height=\"254\" src=\"https:\/\/www.vangraaf.com\/ch\/wp-content\/uploads\/sites\/6\/2022\/02\/M12_D_GRUPPE_PORTRAIT_TRAINER_025-1.jpg\" class=\"vc_single_image-img attachment-full\" alt=\"\" title=\"Entwicklung\" srcset=\"https:\/\/www.vangraaf.com\/ch\/wp-content\/uploads\/sites\/6\/2022\/02\/M12_D_GRUPPE_PORTRAIT_TRAINER_025-1.jpg 380w, https:\/\/www.vangraaf.com\/ch\/wp-content\/uploads\/sites\/6\/2022\/02\/M12_D_GRUPPE_PORTRAIT_TRAINER_025-1-300x201.jpg 300w\" sizes=\"(max-width: 380px) 100vw, 380px\" \/><\/a><\/div><div class=\"cta-teaser__text\"><h3>Entwicklung<\/h3><p>Lernen kommt nie aus der Mode! Mit vielen Trainings und Programmen machen wir Dich fit f\u00fcr Deine Zukunft.<\/p><a class=\"button\" href=\"https:\/\/www.vangraaf.com\/ch\/karriere\/wir\/entwicklung\/\" target=\"_self\" rel=\"\" style=\"\">Mehr erfahren<\/a><\/div><\/div>[\/vc_column_inner][vc_column_inner width=&#187;1\/2&#8243; offset=&#187;vc_col-lg-4 vc_col-md-4 vc_col-xs-12&#8243;]<div class=\"vg-element cta-teaser cta-teaser--center\" data-aos=\"fade-up\"><div class=\"cta-teaser__image\"><a class=\"\" href=\"https:\/\/www.vangraaf.com\/ch\/karriere\/kontakt\/\" target=\"_self\" rel=\"\" style=\"\"><img loading=\"lazy\" decoding=\"async\" width=\"380\" height=\"254\" src=\"https:\/\/www.vangraaf.com\/ch\/wp-content\/uploads\/sites\/6\/2022\/03\/Portrait_MH.jpg\" class=\"vc_single_image-img attachment-full\" alt=\"\" title=\"Monique Hinsch\" srcset=\"https:\/\/www.vangraaf.com\/ch\/wp-content\/uploads\/sites\/6\/2022\/03\/Portrait_MH.jpg 380w, https:\/\/www.vangraaf.com\/ch\/wp-content\/uploads\/sites\/6\/2022\/03\/Portrait_MH-300x201.jpg 300w\" sizes=\"(max-width: 380px) 100vw, 380px\" \/><\/a><\/div><div class=\"cta-teaser__text\"><h3>Kontakt<\/h3><p>Du hast Fragen zum Jobeinstieg bei VAN GRAAF? Dann melde Dich direkt bei Monique: +41 564 197 242<\/p><a class=\"button\" href=\"https:\/\/www.vangraaf.com\/ch\/karriere\/kontakt\/\" target=\"_self\" rel=\"\" style=\"\">E-Mail senden<\/a><\/div><\/div>[\/vc_column_inner][vc_column_inner width=&#187;1\/2&#8243; offset=&#187;vc_col-lg-4 vc_col-md-4 vc_col-xs-12&#8243;]<div class=\"vg-element cta-teaser cta-teaser--center\" data-aos=\"fade-up\"><div class=\"cta-teaser__image\"><a class=\"\" href=\"https:\/\/www.vangraaf.com\/ch\/karriere\/wir\/benefits\/\" target=\"_self\" rel=\"\" style=\"\"><img loading=\"lazy\" decoding=\"async\" width=\"380\" height=\"254\" src=\"https:\/\/www.vangraaf.com\/ch\/wp-content\/uploads\/sites\/6\/2021\/05\/Benefits.jpg\" class=\"vc_single_image-img attachment-full\" alt=\"\" title=\"Benefits\" srcset=\"https:\/\/www.vangraaf.com\/ch\/wp-content\/uploads\/sites\/6\/2021\/05\/Benefits.jpg 380w, https:\/\/www.vangraaf.com\/ch\/wp-content\/uploads\/sites\/6\/2021\/05\/Benefits-300x201.jpg 300w\" sizes=\"(max-width: 380px) 100vw, 380px\" \/><\/a><\/div><div class=\"cta-teaser__text\"><h3>Benefits<\/h3><p>Schon entdeckt, von welchen Benefits Du profitieren kannst? Erfahre mehr zu Deinen Vorteilen bei VAN GRAAF.<\/p><a class=\"button\" href=\"https:\/\/www.vangraaf.com\/ch\/karriere\/wir\/benefits\/\" target=\"_self\" rel=\"\" style=\"\">Zu den Benefits<\/a><\/div><\/div>[\/vc_column_inner][\/vc_row_inner][\/vc_column][\/vc_row]<\/div>","protected":false},"excerpt":{"rendered":"[vc_row bwd_tbc4vd_show_weekday=&#187;&#187; full_width=&#187;stretch_row_content_no_spaces&#187;][vc_column][vc_column_text] Du liebst Fashion? Wir auch! Mit Deiner Begeisterung f\u00fcr die Trends der Fashion-Welt stehst Du im Verkauf t\u00e4glich im Kontakt mit unseren Kund:innen und sorgst f\u00fcr das perfekte Einkaufserlebnis. Wir bieten Dir bei uns im Store einen anspruchsvollen und abwechslungsreichen Job, der jeden Tag anders ist! [\/vc_column_text][vc_column_text] Erste Verantwortung \u00fcbernehmen als Sales [&hellip;]","protected":false},"author":6,"featured_media":0,"parent":6570,"menu_order":0,"comment_status":"closed","ping_status":"closed","template":"","meta":{"_acf_changed":false,"inline_featured_image":false,"footnotes":""},"class_list":["post-6577","page","type-page","status-publish","hentry"],"acf":[],"yoast_head":"<!-- This site is optimized with the Yoast SEO plugin v27.2 - https:\/\/yoast.com\/product\/yoast-seo-wordpress\/ -->\n<title>Jobs im Verkauf | VAN GRAAF<\/title>\n<meta name=\"description\" content=\"Du interessierst Dich f\u00fcr einen Job als Sales Assistant oder Teamleader:in Sales bei VAN GRAAF? Entdecke unsere offenen Stellen!\" \/>\n<meta name=\"robots\" content=\"index, follow, max-snippet:-1, max-image-preview:large, max-video-preview:-1\" \/>\n<link rel=\"canonical\" href=\"https:\/\/www.vangraaf.com\/ch\/karriere\/jobs-karriere\/verkauf\/\" \/>\n<meta property=\"og:locale\" content=\"de_DE\" \/>\n<meta property=\"og:type\" content=\"article\" \/>\n<meta property=\"og:title\" content=\"Jobs im Verkauf | VAN GRAAF\" \/>\n<meta property=\"og:description\" content=\"Du interessierst Dich f\u00fcr einen Job als Sales Assistant oder Teamleader:in Sales bei VAN GRAAF? Entdecke unsere offenen Stellen!\" \/>\n<meta property=\"og:url\" content=\"https:\/\/www.vangraaf.com\/ch\/karriere\/jobs-karriere\/verkauf\/\" \/>\n<meta property=\"og:site_name\" content=\"VAN GRAAF Schweiz\" \/>\n<meta property=\"article:modified_time\" content=\"2022-07-29T10:52:33+00:00\" \/>\n<meta name=\"twitter:card\" content=\"summary_large_image\" \/>\n<meta name=\"twitter:label1\" content=\"Est. reading time\" \/>\n\t<meta name=\"twitter:data1\" content=\"4\u00a0Minuten\" \/>\n<script type=\"application\/ld+json\" class=\"yoast-schema-graph\">{\"@context\":\"https:\/\/schema.org\",\"@graph\":[{\"@type\":\"WebPage\",\"@id\":\"https:\/\/www.vangraaf.com\/ch\/karriere\/jobs-karriere\/verkauf\/\",\"url\":\"https:\/\/www.vangraaf.com\/ch\/karriere\/jobs-karriere\/verkauf\/\",\"name\":\"Jobs im Verkauf | VAN GRAAF\",\"isPartOf\":{\"@id\":\"https:\/\/www.vangraaf.com\/ch\/#website\"},\"datePublished\":\"2022-02-11T12:36:40+00:00\",\"dateModified\":\"2022-07-29T10:52:33+00:00\",\"description\":\"Du interessierst Dich f\u00fcr einen Job als Sales Assistant oder Teamleader:in Sales bei VAN GRAAF? Entdecke unsere offenen Stellen!\",\"breadcrumb\":{\"@id\":\"https:\/\/www.vangraaf.com\/ch\/karriere\/jobs-karriere\/verkauf\/#breadcrumb\"},\"inLanguage\":\"de-CH\",\"potentialAction\":[{\"@type\":\"ReadAction\",\"target\":[\"https:\/\/www.vangraaf.com\/ch\/karriere\/jobs-karriere\/verkauf\/\"]}]},{\"@type\":\"BreadcrumbList\",\"@id\":\"https:\/\/www.vangraaf.com\/ch\/karriere\/jobs-karriere\/verkauf\/#breadcrumb\",\"itemListElement\":[{\"@type\":\"ListItem\",\"position\":1,\"name\":\"Home\",\"item\":\"https:\/\/www.vangraaf.com\/ch\/\"},{\"@type\":\"ListItem\",\"position\":2,\"name\":\"Karriere\",\"item\":\"https:\/\/www.vangraaf.com\/ch\/karriere\/\"},{\"@type\":\"ListItem\",\"position\":3,\"name\":\"Jobs &amp; Karriere\",\"item\":\"https:\/\/www.vangraaf.com\/ch\/karriere\/jobs-karriere\/\"},{\"@type\":\"ListItem\",\"position\":4,\"name\":\"Verkauf\"}]},{\"@type\":\"WebSite\",\"@id\":\"https:\/\/www.vangraaf.com\/ch\/#website\",\"url\":\"https:\/\/www.vangraaf.com\/ch\/\",\"name\":\"VAN GRAAF\",\"description\":\"VAN GRAAF\",\"potentialAction\":[{\"@type\":\"SearchAction\",\"target\":{\"@type\":\"EntryPoint\",\"urlTemplate\":\"https:\/\/www.vangraaf.com\/ch\/?s={search_term_string}\"},\"query-input\":{\"@type\":\"PropertyValueSpecification\",\"valueRequired\":true,\"valueName\":\"search_term_string\"}}],\"inLanguage\":\"de-CH\"}]}<\/script>\n<!-- \/ Yoast SEO plugin. -->","yoast_head_json":{"title":"Jobs im Verkauf | VAN GRAAF","description":"Du interessierst Dich f\u00fcr einen Job als Sales Assistant oder Teamleader:in Sales bei VAN GRAAF? Entdecke unsere offenen Stellen!","robots":{"index":"index","follow":"follow","max-snippet":"max-snippet:-1","max-image-preview":"max-image-preview:large","max-video-preview":"max-video-preview:-1"},"canonical":"https:\/\/www.vangraaf.com\/ch\/karriere\/jobs-karriere\/verkauf\/","og_locale":"de_DE","og_type":"article","og_title":"Jobs im Verkauf | VAN GRAAF","og_description":"Du interessierst Dich f\u00fcr einen Job als Sales Assistant oder Teamleader:in Sales bei VAN GRAAF? Entdecke unsere offenen Stellen!","og_url":"https:\/\/www.vangraaf.com\/ch\/karriere\/jobs-karriere\/verkauf\/","og_site_name":"VAN GRAAF Schweiz","article_modified_time":"2022-07-29T10:52:33+00:00","twitter_card":"summary_large_image","twitter_misc":{"Est. reading time":"4\u00a0Minuten"},"schema":{"@context":"https:\/\/schema.org","@graph":[{"@type":"WebPage","@id":"https:\/\/www.vangraaf.com\/ch\/karriere\/jobs-karriere\/verkauf\/","url":"https:\/\/www.vangraaf.com\/ch\/karriere\/jobs-karriere\/verkauf\/","name":"Jobs im Verkauf | VAN GRAAF","isPartOf":{"@id":"https:\/\/www.vangraaf.com\/ch\/#website"},"datePublished":"2022-02-11T12:36:40+00:00","dateModified":"2022-07-29T10:52:33+00:00","description":"Du interessierst Dich f\u00fcr einen Job als Sales Assistant oder Teamleader:in Sales bei VAN GRAAF? Entdecke unsere offenen Stellen!","breadcrumb":{"@id":"https:\/\/www.vangraaf.com\/ch\/karriere\/jobs-karriere\/verkauf\/#breadcrumb"},"inLanguage":"de-CH","potentialAction":[{"@type":"ReadAction","target":["https:\/\/www.vangraaf.com\/ch\/karriere\/jobs-karriere\/verkauf\/"]}]},{"@type":"BreadcrumbList","@id":"https:\/\/www.vangraaf.com\/ch\/karriere\/jobs-karriere\/verkauf\/#breadcrumb","itemListElement":[{"@type":"ListItem","position":1,"name":"Home","item":"https:\/\/www.vangraaf.com\/ch\/"},{"@type":"ListItem","position":2,"name":"Karriere","item":"https:\/\/www.vangraaf.com\/ch\/karriere\/"},{"@type":"ListItem","position":3,"name":"Jobs &amp; Karriere","item":"https:\/\/www.vangraaf.com\/ch\/karriere\/jobs-karriere\/"},{"@type":"ListItem","position":4,"name":"Verkauf"}]},{"@type":"WebSite","@id":"https:\/\/www.vangraaf.com\/ch\/#website","url":"https:\/\/www.vangraaf.com\/ch\/","name":"VAN GRAAF","description":"VAN GRAAF","potentialAction":[{"@type":"SearchAction","target":{"@type":"EntryPoint","urlTemplate":"https:\/\/www.vangraaf.com\/ch\/?s={search_term_string}"},"query-input":{"@type":"PropertyValueSpecification","valueRequired":true,"valueName":"search_term_string"}}],"inLanguage":"de-CH"}]}},"_links":{"self":[{"href":"https:\/\/www.vangraaf.com\/ch\/wp-json\/wp\/v2\/pages\/6577","targetHints":{"allow":["GET"]}}],"collection":[{"href":"https:\/\/www.vangraaf.com\/ch\/wp-json\/wp\/v2\/pages"}],"about":[{"href":"https:\/\/www.vangraaf.com\/ch\/wp-json\/wp\/v2\/types\/page"}],"author":[{"embeddable":true,"href":"https:\/\/www.vangraaf.com\/ch\/wp-json\/wp\/v2\/users\/6"}],"replies":[{"embeddable":true,"href":"https:\/\/www.vangraaf.com\/ch\/wp-json\/wp\/v2\/comments?post=6577"}],"version-history":[{"count":20,"href":"https:\/\/www.vangraaf.com\/ch\/wp-json\/wp\/v2\/pages\/6577\/revisions"}],"predecessor-version":[{"id":7343,"href":"https:\/\/www.vangraaf.com\/ch\/wp-json\/wp\/v2\/pages\/6577\/revisions\/7343"}],"up":[{"embeddable":true,"href":"https:\/\/www.vangraaf.com\/ch\/wp-json\/wp\/v2\/pages\/6570"}],"wp:attachment":[{"href":"https:\/\/www.vangraaf.com\/ch\/wp-json\/wp\/v2\/media?parent=6577"}],"curies":[{"name":"wp","href":"https:\/\/api.w.org\/{rel}","templated":true}]}}