{"id":6572,"date":"2022-02-11T13:35:11","date_gmt":"2022-02-11T12:35:11","guid":{"rendered":"https:\/\/www.vangraaf.com\/ch\/?page_id=6572"},"modified":"2022-07-29T12:53:25","modified_gmt":"2022-07-29T10:53:25","slug":"richtig-bewerben","status":"publish","type":"page","link":"https:\/\/www.vangraaf.com\/ch\/karriere\/richtig-bewerben\/","title":{"rendered":"Richtig bewerben"},"content":{"rendered":"<div class=\"wpb-content-wrapper\">[vc_row bwd_tbc4vd_show_weekday=&#187;&#187; full_width=&#187;stretch_row_content_no_spaces&#187;][vc_column]<div class=\"keyvisual\" data-aos=\"fade-up\" ><img loading=\"lazy\" decoding=\"async\" width=\"1440\" height=\"480\" src=\"https:\/\/www.vangraaf.com\/ch\/wp-content\/uploads\/sites\/6\/2022\/02\/M11_B_PORTRAITS_TRAINER_004.jpg\" class=\"vc_single_image-img\" alt=\"\" srcset=\"https:\/\/www.vangraaf.com\/ch\/wp-content\/uploads\/sites\/6\/2022\/02\/M11_B_PORTRAITS_TRAINER_004.jpg 1440w, https:\/\/www.vangraaf.com\/ch\/wp-content\/uploads\/sites\/6\/2022\/02\/M11_B_PORTRAITS_TRAINER_004-300x100.jpg 300w, https:\/\/www.vangraaf.com\/ch\/wp-content\/uploads\/sites\/6\/2022\/02\/M11_B_PORTRAITS_TRAINER_004-1024x341.jpg 1024w, https:\/\/www.vangraaf.com\/ch\/wp-content\/uploads\/sites\/6\/2022\/02\/M11_B_PORTRAITS_TRAINER_004-768x256.jpg 768w, https:\/\/www.vangraaf.com\/ch\/wp-content\/uploads\/sites\/6\/2022\/02\/M11_B_PORTRAITS_TRAINER_004-1200x400.jpg 1200w, https:\/\/www.vangraaf.com\/ch\/wp-content\/uploads\/sites\/6\/2022\/02\/M11_B_PORTRAITS_TRAINER_004-992x331.jpg 992w, https:\/\/www.vangraaf.com\/ch\/wp-content\/uploads\/sites\/6\/2022\/02\/M11_B_PORTRAITS_TRAINER_004-480x160.jpg 480w, https:\/\/www.vangraaf.com\/ch\/wp-content\/uploads\/sites\/6\/2022\/02\/M11_B_PORTRAITS_TRAINER_004-690x230.jpg 690w\" sizes=\"(max-width: 1440px) 100vw, 1440px\" \/><\/div>\n        <div class=\"headlines headlines--center\" data-aos=\"fade-up\">\n            <div class=\"vc_row\">\n                <div class=\"vc_col-md-10 vc_col-md-offset-1 vc_col-lg-10 vc_col-lg-offset-1\"><span class=\"h6\">Deine Bewerbung bei VAN GRAAF<\/span><h1 class=\"h2\">Richtig Bewerben<\/h1><\/div>\n            <\/div>\n        <\/div>[vc_column_text]\r\n<p style=\"text-align: center\">Ein erfolgreicher Bewerbungsprozess bedeutet f\u00fcr uns vor allem eins: Ein gegenseitiges Kennenlernen auf Augenh\u00f6he. Daf\u00fcr nehmen wir uns in unseren Auswahlgespr\u00e4chen viel Zeit. F\u00fcr uns stehst Du dabei im Mittelpunkt: Wir m\u00f6chten Dich nicht nur kennenlernen, sondern Dir ein echtes Gef\u00fchl f\u00fcr Deine zuk\u00fcnftigen Aufgaben und von der Kultur bei <span class=\"nobr\">VAN GRAAF<\/span> vermitteln.<\/p>\r\n[\/vc_column_text][\/vc_column][\/vc_row][vc_row bwd_tbc4vd_show_weekday=&#187;&#187; full_width=&#187;stretch_row_content_no_spaces&#187;][vc_column]<div class=\"vice-versa-teaser vice-versa-teaser--dark\" style=\"--season-color: #ededed\" data-aos=\"fade-up\"><div class=\"vice-versa-teaser__inner\">\n                        <div class=\"content_wrap\"><div class=\"vg-element vice-versa-teaser__item vice-versa-teaser__item--left\"><div class=\"vc_row vc_row-flex\"><div class=\"vc_col-xs-12 vc_col-sm-6\"><div class=\"vice-versa-teaser__item__image-wrap\"><a class=\"\" href=\"https:\/\/www.vangraaf.com\/ch\/karriere\/richtig-bewerben\/bewerbungsprozess\/\" target=\"_self\" rel=\"\" style=\"\"><img loading=\"lazy\" decoding=\"async\" width=\"555\" height=\"735\" src=\"https:\/\/www.vangraaf.com\/ch\/wp-content\/uploads\/sites\/6\/2022\/02\/M11_F_PORTRAITS_TRAINER_034_1.jpg\" class=\"attachment-van-graaf-vice-versa-teaser size-van-graaf-vice-versa-teaser\" alt=\"\" srcset=\"https:\/\/www.vangraaf.com\/ch\/wp-content\/uploads\/sites\/6\/2022\/02\/M11_F_PORTRAITS_TRAINER_034_1.jpg 555w, https:\/\/www.vangraaf.com\/ch\/wp-content\/uploads\/sites\/6\/2022\/02\/M11_F_PORTRAITS_TRAINER_034_1-227x300.jpg 227w, https:\/\/www.vangraaf.com\/ch\/wp-content\/uploads\/sites\/6\/2022\/02\/M11_F_PORTRAITS_TRAINER_034_1-480x636.jpg 480w\" sizes=\"(max-width: 555px) 100vw, 555px\" \/><\/a><\/div><\/div><div class=\"vice-versa-teaser__item__content-wrap vc_col-xs-12 vc_col-sm-6 vc_col-md-4 vc_col-md-offset-1\"><div class=\"vice-versa-teaser__item__content\"><h3>Bewerbungsprozess<\/h3><p>Wir wollen den Bewerbungsprozess so einfach wie m\u00f6glich gestalten. Die Stationen unseres Auswahlprozesses halten wir schlank und effizient, damit viel Raum f\u00fcr das Wesentliche bleibt: F\u00fcr Dich und Deine potentielle Zukunft bei VAN GRAAF.   <\/p><a class=\"button button--dark\" href=\"https:\/\/www.vangraaf.com\/ch\/karriere\/richtig-bewerben\/bewerbungsprozess\/\" target=\"_self\" rel=\"\" style=\"\">Mehr erfahren<\/a><\/div><\/div><\/div><\/div><div class=\"vg-element vice-versa-teaser__item vice-versa-teaser__item--right\"><div class=\"vc_row vc_row-flex\"><div class=\"vc_col-xs-12 vc_col-sm-6 vc_col-sm-push-6\"><div class=\"vice-versa-teaser__item__image-wrap\"><a class=\"\" href=\"https:\/\/www.vangraaf.com\/ch\/karriere\/richtig-bewerben\/bewerbungstipps\/\" target=\"_self\" rel=\"\" style=\"\"><img loading=\"lazy\" decoding=\"async\" width=\"555\" height=\"735\" src=\"https:\/\/www.vangraaf.com\/ch\/wp-content\/uploads\/sites\/6\/2022\/02\/M3_C_Schueler_054-1.jpg\" class=\"attachment-van-graaf-vice-versa-teaser size-van-graaf-vice-versa-teaser\" alt=\"\" srcset=\"https:\/\/www.vangraaf.com\/ch\/wp-content\/uploads\/sites\/6\/2022\/02\/M3_C_Schueler_054-1.jpg 555w, https:\/\/www.vangraaf.com\/ch\/wp-content\/uploads\/sites\/6\/2022\/02\/M3_C_Schueler_054-1-227x300.jpg 227w, https:\/\/www.vangraaf.com\/ch\/wp-content\/uploads\/sites\/6\/2022\/02\/M3_C_Schueler_054-1-480x636.jpg 480w\" sizes=\"(max-width: 555px) 100vw, 555px\" \/><\/a><\/div><\/div><div class=\"vice-versa-teaser__item__content-wrap vc_col-xs-12 vc_col-sm-6 vc_col-md-4 vc_col-md-offset-1 vc_col-sm-pull-6\"><div class=\"vice-versa-teaser__item__content\"><h3>Bewerbungstipps<\/h3><p>Mit Deiner vollst\u00e4ndigen Online-Bewerbung gehst Du den ersten Schritt in Richtung Traumjob bei VAN GRAAF. Im direkten Gespr\u00e4ch kannst Du anschliessend pers\u00f6nlich \u00fcberzeugen. Wir geben Dir alle Informationen und Tipps f\u00fcr einen rundum erfolgreichen Bewerbungsprozess. <\/p><a class=\"button button--dark\" href=\"https:\/\/www.vangraaf.com\/ch\/karriere\/richtig-bewerben\/bewerbungstipps\/\" target=\"_self\" rel=\"\" style=\"\">Mehr erfahren<\/a><\/div><\/div><\/div><\/div><div class=\"vg-element vice-versa-teaser__item vice-versa-teaser__item--left\"><div class=\"vc_row vc_row-flex\"><div class=\"vc_col-xs-12 vc_col-sm-6\"><div class=\"vice-versa-teaser__item__image-wrap\"><a class=\"\" href=\"https:\/\/www.vangraaf.com\/ch\/karriere\/richtig-bewerben\/bewerbungsoutfits\/\" target=\"_self\" rel=\"\" style=\"\"><img loading=\"lazy\" decoding=\"async\" width=\"555\" height=\"735\" src=\"https:\/\/www.vangraaf.com\/ch\/wp-content\/uploads\/sites\/6\/2022\/02\/M2_B_Azubis_im_Verkauf_010-1.jpg\" class=\"attachment-van-graaf-vice-versa-teaser size-van-graaf-vice-versa-teaser\" alt=\"\" srcset=\"https:\/\/www.vangraaf.com\/ch\/wp-content\/uploads\/sites\/6\/2022\/02\/M2_B_Azubis_im_Verkauf_010-1.jpg 555w, https:\/\/www.vangraaf.com\/ch\/wp-content\/uploads\/sites\/6\/2022\/02\/M2_B_Azubis_im_Verkauf_010-1-227x300.jpg 227w, https:\/\/www.vangraaf.com\/ch\/wp-content\/uploads\/sites\/6\/2022\/02\/M2_B_Azubis_im_Verkauf_010-1-480x636.jpg 480w\" sizes=\"(max-width: 555px) 100vw, 555px\" \/><\/a><\/div><\/div><div class=\"vice-versa-teaser__item__content-wrap vc_col-xs-12 vc_col-sm-6 vc_col-md-4 vc_col-md-offset-1\"><div class=\"vice-versa-teaser__item__content\"><h3>Bewerbungsoutfits<\/h3><p>Mit einem passendem Bewerbungsoutfit kannst Du im pers\u00f6nlichen Gespr\u00e4ch noch mehr \u00fcberzeugen. Wie seri\u00f6s oder stylish darf Dein Outfit sein? Wir geben Dir die besten Tipps, damit Dein Auftritt \u00fcberzeugt.<\/p><a class=\"button button--dark\" href=\"https:\/\/www.vangraaf.com\/ch\/karriere\/richtig-bewerben\/bewerbungsoutfits\/\" target=\"_self\" rel=\"\" style=\"\">Mehr erfahren<\/a><\/div><\/div><\/div><\/div><\/div><\/div><\/div>[\/vc_column][\/vc_row][vc_row][vc_column]<div class=\"quote-teaser quote-teaser--light\" style=\"--bg-image: url(https:\/\/www.vangraaf.com\/ch\/wp-content\/uploads\/sites\/6\/2022\/02\/M8_D_VK_Logistik_024-1200x542.jpg); --season-color: #002045\" data-aos=\"fade-up\"><div class=\"vc_row vc_row-flex\"><div class=\"vc_col-sm-6 vc_col-sm-offset-6\"><div class=\"quote-teaser__content\"><img loading=\"lazy\" decoding=\"async\" width=\"768\" height=\"650\" src=\"https:\/\/www.vangraaf.com\/ch\/wp-content\/uploads\/sites\/6\/2022\/02\/M8_D_VK_Logistik_024_mo.jpg\" class=\"quote-teaser__content__image\" alt=\"\" srcset=\"https:\/\/www.vangraaf.com\/ch\/wp-content\/uploads\/sites\/6\/2022\/02\/M8_D_VK_Logistik_024_mo.jpg 768w, https:\/\/www.vangraaf.com\/ch\/wp-content\/uploads\/sites\/6\/2022\/02\/M8_D_VK_Logistik_024_mo-300x254.jpg 300w, https:\/\/www.vangraaf.com\/ch\/wp-content\/uploads\/sites\/6\/2022\/02\/M8_D_VK_Logistik_024_mo-480x406.jpg 480w, https:\/\/www.vangraaf.com\/ch\/wp-content\/uploads\/sites\/6\/2022\/02\/M8_D_VK_Logistik_024_mo-690x584.jpg 690w\" sizes=\"(max-width: 768px) 100vw, 768px\" \/><div class=\"quote-teaser__content__quote\">Bei VAN GRAAF einsteigen und direkt im Handel von morgen durchstarten.<\/div><div class=\"quote-teaser__content__author\"><p>Petr, Mitarbeiter Logistik<\/p>\n<\/div><a class=\"button button--light\" href=\"https:\/\/www.vangraaf.com\/ch\/karriere\/jobs-karriere\/stellenangebote\/\" target=\"_self\" rel=\"\" style=\"\">Komm in unser Team!<\/a><\/div><\/div><\/div><\/div>[\/vc_column][\/vc_row]<\/div>","protected":false},"excerpt":{"rendered":"[vc_row bwd_tbc4vd_show_weekday=&#187;&#187; full_width=&#187;stretch_row_content_no_spaces&#187;][vc_column][vc_column_text] Ein erfolgreicher Bewerbungsprozess bedeutet f\u00fcr uns vor allem eins: Ein gegenseitiges Kennenlernen auf Augenh\u00f6he. Daf\u00fcr nehmen wir uns in unseren Auswahlgespr\u00e4chen viel Zeit. F\u00fcr uns stehst Du dabei im Mittelpunkt: Wir m\u00f6chten Dich nicht nur kennenlernen, sondern Dir ein echtes Gef\u00fchl f\u00fcr Deine zuk\u00fcnftigen Aufgaben und von der Kultur bei VAN GRAAF [&hellip;]","protected":false},"author":6,"featured_media":0,"parent":6565,"menu_order":0,"comment_status":"closed","ping_status":"closed","template":"","meta":{"_acf_changed":false,"inline_featured_image":false,"footnotes":""},"class_list":["post-6572","page","type-page","status-publish","hentry"],"acf":[],"yoast_head":"<!-- This site is optimized with the Yoast SEO plugin v27.2 - https:\/\/yoast.com\/product\/yoast-seo-wordpress\/ -->\n<title>Bewerbung I VAN GRAAF<\/title>\n<meta name=\"description\" content=\"Du m\u00f6chtest Dich bei VAN GRAAF bewerben? Wir geben Dir alle Informationen und Tipps f\u00fcr einen rundum erfolgreichen Bewerbungsprozess.\" \/>\n<meta name=\"robots\" content=\"index, follow, max-snippet:-1, max-image-preview:large, max-video-preview:-1\" \/>\n<link rel=\"canonical\" href=\"https:\/\/www.vangraaf.com\/ch\/karriere\/richtig-bewerben\/\" \/>\n<meta property=\"og:locale\" content=\"de_DE\" \/>\n<meta property=\"og:type\" content=\"article\" \/>\n<meta property=\"og:title\" content=\"Bewerbung I VAN GRAAF\" \/>\n<meta property=\"og:description\" content=\"Du m\u00f6chtest Dich bei VAN GRAAF bewerben? Wir geben Dir alle Informationen und Tipps f\u00fcr einen rundum erfolgreichen Bewerbungsprozess.\" \/>\n<meta property=\"og:url\" content=\"https:\/\/www.vangraaf.com\/ch\/karriere\/richtig-bewerben\/\" \/>\n<meta property=\"og:site_name\" content=\"VAN GRAAF Schweiz\" \/>\n<meta property=\"article:modified_time\" content=\"2022-07-29T10:53:25+00:00\" \/>\n<meta name=\"twitter:card\" content=\"summary_large_image\" \/>\n<meta name=\"twitter:label1\" content=\"Est. reading time\" \/>\n\t<meta name=\"twitter:data1\" content=\"2\u00a0Minuten\" \/>\n<script type=\"application\/ld+json\" class=\"yoast-schema-graph\">{\"@context\":\"https:\/\/schema.org\",\"@graph\":[{\"@type\":\"WebPage\",\"@id\":\"https:\/\/www.vangraaf.com\/ch\/karriere\/richtig-bewerben\/\",\"url\":\"https:\/\/www.vangraaf.com\/ch\/karriere\/richtig-bewerben\/\",\"name\":\"Bewerbung I VAN GRAAF\",\"isPartOf\":{\"@id\":\"https:\/\/www.vangraaf.com\/ch\/#website\"},\"datePublished\":\"2022-02-11T12:35:11+00:00\",\"dateModified\":\"2022-07-29T10:53:25+00:00\",\"description\":\"Du m\u00f6chtest Dich bei VAN GRAAF bewerben? Wir geben Dir alle Informationen und Tipps f\u00fcr einen rundum erfolgreichen Bewerbungsprozess.\",\"breadcrumb\":{\"@id\":\"https:\/\/www.vangraaf.com\/ch\/karriere\/richtig-bewerben\/#breadcrumb\"},\"inLanguage\":\"de-CH\",\"potentialAction\":[{\"@type\":\"ReadAction\",\"target\":[\"https:\/\/www.vangraaf.com\/ch\/karriere\/richtig-bewerben\/\"]}]},{\"@type\":\"BreadcrumbList\",\"@id\":\"https:\/\/www.vangraaf.com\/ch\/karriere\/richtig-bewerben\/#breadcrumb\",\"itemListElement\":[{\"@type\":\"ListItem\",\"position\":1,\"name\":\"Home\",\"item\":\"https:\/\/www.vangraaf.com\/ch\/\"},{\"@type\":\"ListItem\",\"position\":2,\"name\":\"Karriere\",\"item\":\"https:\/\/www.vangraaf.com\/ch\/karriere\/\"},{\"@type\":\"ListItem\",\"position\":3,\"name\":\"Richtig bewerben\"}]},{\"@type\":\"WebSite\",\"@id\":\"https:\/\/www.vangraaf.com\/ch\/#website\",\"url\":\"https:\/\/www.vangraaf.com\/ch\/\",\"name\":\"VAN GRAAF\",\"description\":\"VAN GRAAF\",\"potentialAction\":[{\"@type\":\"SearchAction\",\"target\":{\"@type\":\"EntryPoint\",\"urlTemplate\":\"https:\/\/www.vangraaf.com\/ch\/?s={search_term_string}\"},\"query-input\":{\"@type\":\"PropertyValueSpecification\",\"valueRequired\":true,\"valueName\":\"search_term_string\"}}],\"inLanguage\":\"de-CH\"}]}<\/script>\n<!-- \/ Yoast SEO plugin. -->","yoast_head_json":{"title":"Bewerbung I VAN GRAAF","description":"Du m\u00f6chtest Dich bei VAN GRAAF bewerben? Wir geben Dir alle Informationen und Tipps f\u00fcr einen rundum erfolgreichen Bewerbungsprozess.","robots":{"index":"index","follow":"follow","max-snippet":"max-snippet:-1","max-image-preview":"max-image-preview:large","max-video-preview":"max-video-preview:-1"},"canonical":"https:\/\/www.vangraaf.com\/ch\/karriere\/richtig-bewerben\/","og_locale":"de_DE","og_type":"article","og_title":"Bewerbung I VAN GRAAF","og_description":"Du m\u00f6chtest Dich bei VAN GRAAF bewerben? Wir geben Dir alle Informationen und Tipps f\u00fcr einen rundum erfolgreichen Bewerbungsprozess.","og_url":"https:\/\/www.vangraaf.com\/ch\/karriere\/richtig-bewerben\/","og_site_name":"VAN GRAAF Schweiz","article_modified_time":"2022-07-29T10:53:25+00:00","twitter_card":"summary_large_image","twitter_misc":{"Est. reading time":"2\u00a0Minuten"},"schema":{"@context":"https:\/\/schema.org","@graph":[{"@type":"WebPage","@id":"https:\/\/www.vangraaf.com\/ch\/karriere\/richtig-bewerben\/","url":"https:\/\/www.vangraaf.com\/ch\/karriere\/richtig-bewerben\/","name":"Bewerbung I VAN GRAAF","isPartOf":{"@id":"https:\/\/www.vangraaf.com\/ch\/#website"},"datePublished":"2022-02-11T12:35:11+00:00","dateModified":"2022-07-29T10:53:25+00:00","description":"Du m\u00f6chtest Dich bei VAN GRAAF bewerben? Wir geben Dir alle Informationen und Tipps f\u00fcr einen rundum erfolgreichen Bewerbungsprozess.","breadcrumb":{"@id":"https:\/\/www.vangraaf.com\/ch\/karriere\/richtig-bewerben\/#breadcrumb"},"inLanguage":"de-CH","potentialAction":[{"@type":"ReadAction","target":["https:\/\/www.vangraaf.com\/ch\/karriere\/richtig-bewerben\/"]}]},{"@type":"BreadcrumbList","@id":"https:\/\/www.vangraaf.com\/ch\/karriere\/richtig-bewerben\/#breadcrumb","itemListElement":[{"@type":"ListItem","position":1,"name":"Home","item":"https:\/\/www.vangraaf.com\/ch\/"},{"@type":"ListItem","position":2,"name":"Karriere","item":"https:\/\/www.vangraaf.com\/ch\/karriere\/"},{"@type":"ListItem","position":3,"name":"Richtig bewerben"}]},{"@type":"WebSite","@id":"https:\/\/www.vangraaf.com\/ch\/#website","url":"https:\/\/www.vangraaf.com\/ch\/","name":"VAN GRAAF","description":"VAN GRAAF","potentialAction":[{"@type":"SearchAction","target":{"@type":"EntryPoint","urlTemplate":"https:\/\/www.vangraaf.com\/ch\/?s={search_term_string}"},"query-input":{"@type":"PropertyValueSpecification","valueRequired":true,"valueName":"search_term_string"}}],"inLanguage":"de-CH"}]}},"_links":{"self":[{"href":"https:\/\/www.vangraaf.com\/ch\/wp-json\/wp\/v2\/pages\/6572","targetHints":{"allow":["GET"]}}],"collection":[{"href":"https:\/\/www.vangraaf.com\/ch\/wp-json\/wp\/v2\/pages"}],"about":[{"href":"https:\/\/www.vangraaf.com\/ch\/wp-json\/wp\/v2\/types\/page"}],"author":[{"embeddable":true,"href":"https:\/\/www.vangraaf.com\/ch\/wp-json\/wp\/v2\/users\/6"}],"replies":[{"embeddable":true,"href":"https:\/\/www.vangraaf.com\/ch\/wp-json\/wp\/v2\/comments?post=6572"}],"version-history":[{"count":15,"href":"https:\/\/www.vangraaf.com\/ch\/wp-json\/wp\/v2\/pages\/6572\/revisions"}],"predecessor-version":[{"id":7345,"href":"https:\/\/www.vangraaf.com\/ch\/wp-json\/wp\/v2\/pages\/6572\/revisions\/7345"}],"up":[{"embeddable":true,"href":"https:\/\/www.vangraaf.com\/ch\/wp-json\/wp\/v2\/pages\/6565"}],"wp:attachment":[{"href":"https:\/\/www.vangraaf.com\/ch\/wp-json\/wp\/v2\/media?parent=6572"}],"curies":[{"name":"wp","href":"https:\/\/api.w.org\/{rel}","templated":true}]}}