{"id":6565,"date":"2022-02-11T13:31:28","date_gmt":"2022-02-11T12:31:28","guid":{"rendered":"https:\/\/www.vangraaf.com\/ch\/?page_id=6565"},"modified":"2022-07-29T12:51:15","modified_gmt":"2022-07-29T10:51:15","slug":"karriere","status":"publish","type":"page","link":"https:\/\/www.vangraaf.com\/ch\/karriere\/","title":{"rendered":"Karriere"},"content":{"rendered":"<div class=\"wpb-content-wrapper\">[vc_row bwd_tbc4vd_show_weekday=&#187;&#187; full_width=&#187;stretch_row_content_no_spaces&#187;][vc_column]<div class=\"visual-slider js-visual-slider\" data-aos=\"fade-up\"><div class=\"visual-slider__item\" ><div ><div class=\"visual-slider__item__visual\"><img loading=\"lazy\" decoding=\"async\" width=\"1440\" height=\"480\" src=\"https:\/\/www.vangraaf.com\/ch\/wp-content\/uploads\/sites\/6\/2022\/02\/M10_M_Portraits_Buero_026.jpg\" class=\"attachment-van-graaf-visual size-van-graaf-visual\" alt=\"\" srcset=\"https:\/\/www.vangraaf.com\/ch\/wp-content\/uploads\/sites\/6\/2022\/02\/M10_M_Portraits_Buero_026.jpg 1440w, https:\/\/www.vangraaf.com\/ch\/wp-content\/uploads\/sites\/6\/2022\/02\/M10_M_Portraits_Buero_026-300x100.jpg 300w, https:\/\/www.vangraaf.com\/ch\/wp-content\/uploads\/sites\/6\/2022\/02\/M10_M_Portraits_Buero_026-1024x341.jpg 1024w, https:\/\/www.vangraaf.com\/ch\/wp-content\/uploads\/sites\/6\/2022\/02\/M10_M_Portraits_Buero_026-768x256.jpg 768w, https:\/\/www.vangraaf.com\/ch\/wp-content\/uploads\/sites\/6\/2022\/02\/M10_M_Portraits_Buero_026-1200x400.jpg 1200w, https:\/\/www.vangraaf.com\/ch\/wp-content\/uploads\/sites\/6\/2022\/02\/M10_M_Portraits_Buero_026-992x331.jpg 992w, https:\/\/www.vangraaf.com\/ch\/wp-content\/uploads\/sites\/6\/2022\/02\/M10_M_Portraits_Buero_026-480x160.jpg 480w, https:\/\/www.vangraaf.com\/ch\/wp-content\/uploads\/sites\/6\/2022\/02\/M10_M_Portraits_Buero_026-690x230.jpg 690w\" sizes=\"(max-width: 1440px) 100vw, 1440px\" \/><\/div><\/div><\/div><div class=\"visual-slider__item\" data-visual-href=\"https:\/\/www.vangraaf.com\/ch\/karriere\/jobs-karriere\/verkauf\/\" data-visual-target=\"_self\"><div ><div class=\"visual-slider__item__visual\"><a class=\"\" href=\"https:\/\/www.vangraaf.com\/ch\/karriere\/jobs-karriere\/verkauf\/\" target=\"_self\" rel=\"\" style=\"\"><img loading=\"lazy\" decoding=\"async\" width=\"1440\" height=\"480\" src=\"https:\/\/www.vangraaf.com\/ch\/wp-content\/uploads\/sites\/6\/2021\/05\/M1_F_Schueler_Eltern_Lehrer_003.jpg\" class=\"attachment-van-graaf-visual size-van-graaf-visual\" alt=\"\" srcset=\"https:\/\/www.vangraaf.com\/ch\/wp-content\/uploads\/sites\/6\/2021\/05\/M1_F_Schueler_Eltern_Lehrer_003.jpg 1440w, https:\/\/www.vangraaf.com\/ch\/wp-content\/uploads\/sites\/6\/2021\/05\/M1_F_Schueler_Eltern_Lehrer_003-300x100.jpg 300w, https:\/\/www.vangraaf.com\/ch\/wp-content\/uploads\/sites\/6\/2021\/05\/M1_F_Schueler_Eltern_Lehrer_003-1024x341.jpg 1024w, https:\/\/www.vangraaf.com\/ch\/wp-content\/uploads\/sites\/6\/2021\/05\/M1_F_Schueler_Eltern_Lehrer_003-768x256.jpg 768w, https:\/\/www.vangraaf.com\/ch\/wp-content\/uploads\/sites\/6\/2021\/05\/M1_F_Schueler_Eltern_Lehrer_003-1200x400.jpg 1200w, https:\/\/www.vangraaf.com\/ch\/wp-content\/uploads\/sites\/6\/2021\/05\/M1_F_Schueler_Eltern_Lehrer_003-992x331.jpg 992w, https:\/\/www.vangraaf.com\/ch\/wp-content\/uploads\/sites\/6\/2021\/05\/M1_F_Schueler_Eltern_Lehrer_003-480x160.jpg 480w, https:\/\/www.vangraaf.com\/ch\/wp-content\/uploads\/sites\/6\/2021\/05\/M1_F_Schueler_Eltern_Lehrer_003-690x230.jpg 690w\" sizes=\"(max-width: 1440px) 100vw, 1440px\" \/><\/a><\/div><\/div><\/div><div class=\"visual-slider__item\" data-visual-href=\"https:\/\/www.vangraaf.com\/ch\/karriere\/jobs-karriere\/logistik\/\" data-visual-target=\"_self\"><div ><div class=\"visual-slider__item__visual\"><a class=\"\" href=\"https:\/\/www.vangraaf.com\/ch\/karriere\/jobs-karriere\/logistik\/\" target=\"_self\" rel=\"\" style=\"\"><img loading=\"lazy\" decoding=\"async\" width=\"1440\" height=\"480\" src=\"https:\/\/www.vangraaf.com\/ch\/wp-content\/uploads\/sites\/6\/2022\/02\/M8_E_VK_Logistik_055.jpg\" class=\"attachment-van-graaf-visual size-van-graaf-visual\" alt=\"\" srcset=\"https:\/\/www.vangraaf.com\/ch\/wp-content\/uploads\/sites\/6\/2022\/02\/M8_E_VK_Logistik_055.jpg 1440w, https:\/\/www.vangraaf.com\/ch\/wp-content\/uploads\/sites\/6\/2022\/02\/M8_E_VK_Logistik_055-300x100.jpg 300w, https:\/\/www.vangraaf.com\/ch\/wp-content\/uploads\/sites\/6\/2022\/02\/M8_E_VK_Logistik_055-1024x341.jpg 1024w, https:\/\/www.vangraaf.com\/ch\/wp-content\/uploads\/sites\/6\/2022\/02\/M8_E_VK_Logistik_055-768x256.jpg 768w, https:\/\/www.vangraaf.com\/ch\/wp-content\/uploads\/sites\/6\/2022\/02\/M8_E_VK_Logistik_055-1200x400.jpg 1200w, https:\/\/www.vangraaf.com\/ch\/wp-content\/uploads\/sites\/6\/2022\/02\/M8_E_VK_Logistik_055-992x331.jpg 992w, https:\/\/www.vangraaf.com\/ch\/wp-content\/uploads\/sites\/6\/2022\/02\/M8_E_VK_Logistik_055-480x160.jpg 480w, https:\/\/www.vangraaf.com\/ch\/wp-content\/uploads\/sites\/6\/2022\/02\/M8_E_VK_Logistik_055-690x230.jpg 690w\" sizes=\"(max-width: 1440px) 100vw, 1440px\" \/><\/a><\/div><\/div><\/div><div class=\"visual-slider__item\" data-visual-href=\"https:\/\/www.vangraaf.com\/ch\/karriere\/jobs-karriere\/visual-merchandising\/\" data-visual-target=\"_self\"><div ><div class=\"visual-slider__item__visual\"><a class=\"\" href=\"https:\/\/www.vangraaf.com\/ch\/karriere\/jobs-karriere\/visual-merchandising\/\" target=\"_self\" rel=\"\" style=\"\"><img loading=\"lazy\" decoding=\"async\" width=\"1440\" height=\"480\" src=\"https:\/\/www.vangraaf.com\/ch\/wp-content\/uploads\/sites\/6\/2022\/02\/M4_C_Berufserfahrene_083-1.jpg\" class=\"attachment-van-graaf-visual size-van-graaf-visual\" alt=\"\" srcset=\"https:\/\/www.vangraaf.com\/ch\/wp-content\/uploads\/sites\/6\/2022\/02\/M4_C_Berufserfahrene_083-1.jpg 1440w, https:\/\/www.vangraaf.com\/ch\/wp-content\/uploads\/sites\/6\/2022\/02\/M4_C_Berufserfahrene_083-1-300x100.jpg 300w, https:\/\/www.vangraaf.com\/ch\/wp-content\/uploads\/sites\/6\/2022\/02\/M4_C_Berufserfahrene_083-1-1024x341.jpg 1024w, https:\/\/www.vangraaf.com\/ch\/wp-content\/uploads\/sites\/6\/2022\/02\/M4_C_Berufserfahrene_083-1-768x256.jpg 768w, https:\/\/www.vangraaf.com\/ch\/wp-content\/uploads\/sites\/6\/2022\/02\/M4_C_Berufserfahrene_083-1-1200x400.jpg 1200w, https:\/\/www.vangraaf.com\/ch\/wp-content\/uploads\/sites\/6\/2022\/02\/M4_C_Berufserfahrene_083-1-992x331.jpg 992w, https:\/\/www.vangraaf.com\/ch\/wp-content\/uploads\/sites\/6\/2022\/02\/M4_C_Berufserfahrene_083-1-480x160.jpg 480w, https:\/\/www.vangraaf.com\/ch\/wp-content\/uploads\/sites\/6\/2022\/02\/M4_C_Berufserfahrene_083-1-690x230.jpg 690w\" sizes=\"(max-width: 1440px) 100vw, 1440px\" \/><\/a><\/div><\/div><\/div><\/div>[\/vc_column][\/vc_row][vc_row bwd_tbc4vd_show_weekday=&#187;&#187; full_width=&#187;stretch_row_content_no_spaces&#187;][vc_column]\n        <div class=\"headlines headlines--center\" data-aos=\"fade-up\">\n            <div class=\"vc_row\">\n                <div class=\"vc_col-md-10 vc_col-md-offset-1 vc_col-lg-10 vc_col-lg-offset-1\"><span class=\"h6\">Aus Leidenschaft f\u00fcr Mode &amp; Menschen<\/span><h1 class=\"h2\">Karriere bei VAN GRAAF<\/h1><\/div>\n            <\/div>\n        <\/div>[vc_column_text]\r\n<p style=\"text-align: center\">Sch\u00f6n, dass Du da bist \u2013 in unserem Karrierebereich und vielleicht auch bald in unserem Team. Als internationaler Omnichannel-Retailer verbindet uns die gemeinsame Vision, unseren Kund:innen faszinierende Einkaufserlebnisse zu bieten. Ob im Verkauf, im Visual Merchandising oder in der Inhouse-Logistik. Internationaler Fashion-Retail ist ein spannendes Wachstumsfeld, f\u00fcr das wir Dich, Dein K\u00f6nnen und Deine Talente suchen.<\/p>\r\n[\/vc_column_text][\/vc_column][\/vc_row][vc_row bwd_tbc4vd_show_weekday=&#187;&#187; disable_element=&#187;yes&#187;][vc_column]<div class=\"vg-element job-teaser\" data-aos=\"fade-up\"><div class=\"job-teaser__slider vc_row js-job-slider\"><div class=\"vc_col-md-4 job-teaser__slider__item job-teaser__slider__item--n1\"><a class=\"\" href=\"\" target=\"_self\" rel=\"\" style=\"\"><span class=\"h6\">Ohne Berufserfahrung<\/span><h3><\/h3><p><\/p><\/a><\/div><\/div><\/div>[\/vc_column][\/vc_row][vc_row bwd_tbc4vd_show_weekday=&#187;&#187; full_width=&#187;stretch_row_content_no_spaces&#187;][vc_column]<div class=\"vice-versa-teaser vice-versa-teaser--dark\" style=\"--season-color: #ededed\" data-aos=\"fade-up\"><div class=\"vice-versa-teaser__inner\">\n                        <div class=\"content_wrap\"><div class=\"vg-element vice-versa-teaser__item vice-versa-teaser__item--left\"><div class=\"vc_row vc_row-flex\"><div class=\"vc_col-xs-12 vc_col-sm-6\"><div class=\"vice-versa-teaser__item__image-wrap\"><a class=\"\" href=\"https:\/\/www.vangraaf.com\/ch\/karriere\/wir\/miteinander\/\" target=\"_self\" rel=\"\" style=\"\"><img loading=\"lazy\" decoding=\"async\" width=\"555\" height=\"735\" src=\"https:\/\/www.vangraaf.com\/ch\/wp-content\/uploads\/sites\/6\/2022\/02\/M7_D_Wir_Headerbild_Gruppe_030-5.jpg\" class=\"attachment-van-graaf-vice-versa-teaser size-van-graaf-vice-versa-teaser\" alt=\"\" srcset=\"https:\/\/www.vangraaf.com\/ch\/wp-content\/uploads\/sites\/6\/2022\/02\/M7_D_Wir_Headerbild_Gruppe_030-5.jpg 555w, https:\/\/www.vangraaf.com\/ch\/wp-content\/uploads\/sites\/6\/2022\/02\/M7_D_Wir_Headerbild_Gruppe_030-5-227x300.jpg 227w, https:\/\/www.vangraaf.com\/ch\/wp-content\/uploads\/sites\/6\/2022\/02\/M7_D_Wir_Headerbild_Gruppe_030-5-480x636.jpg 480w\" sizes=\"(max-width: 555px) 100vw, 555px\" \/><\/a><\/div><\/div><div class=\"vice-versa-teaser__item__content-wrap vc_col-xs-12 vc_col-sm-6 vc_col-md-4 vc_col-md-offset-1\"><div class=\"vice-versa-teaser__item__content\"><h3>Miteinander <\/h3><p>Uns verbindet die gemeinsame Leidenschaft f\u00fcr Mode und Menschen. Wir leben und f\u00f6rdern aktiv unseren Zusammenhalt, um uns und andere zu begeistern. Finde heraus, was das Arbeiten bei VAN GRAAF besonders macht. <\/p><a class=\"button button--dark\" href=\"https:\/\/www.vangraaf.com\/ch\/karriere\/wir\/miteinander\/\" target=\"_self\" rel=\"\" style=\"\">Mehr erfahren<\/a><\/div><\/div><\/div><\/div><div class=\"vg-element vice-versa-teaser__item vice-versa-teaser__item--right\"><div class=\"vc_row vc_row-flex\"><div class=\"vc_col-xs-12 vc_col-sm-6 vc_col-sm-push-6\"><div class=\"vice-versa-teaser__item__image-wrap\"><a class=\"\" href=\"https:\/\/www.vangraaf.com\/ch\/karriere\/wir\/entwicklung\/\" target=\"_self\" rel=\"\" style=\"\"><img loading=\"lazy\" decoding=\"async\" width=\"555\" height=\"735\" src=\"https:\/\/www.vangraaf.com\/ch\/wp-content\/uploads\/sites\/6\/2022\/02\/M12_A_GRUPPE_PORTRAIT_TRAINER_005-2.jpg\" class=\"attachment-van-graaf-vice-versa-teaser size-van-graaf-vice-versa-teaser\" alt=\"\" srcset=\"https:\/\/www.vangraaf.com\/ch\/wp-content\/uploads\/sites\/6\/2022\/02\/M12_A_GRUPPE_PORTRAIT_TRAINER_005-2.jpg 555w, https:\/\/www.vangraaf.com\/ch\/wp-content\/uploads\/sites\/6\/2022\/02\/M12_A_GRUPPE_PORTRAIT_TRAINER_005-2-227x300.jpg 227w, https:\/\/www.vangraaf.com\/ch\/wp-content\/uploads\/sites\/6\/2022\/02\/M12_A_GRUPPE_PORTRAIT_TRAINER_005-2-480x636.jpg 480w\" sizes=\"(max-width: 555px) 100vw, 555px\" \/><\/a><\/div><\/div><div class=\"vice-versa-teaser__item__content-wrap vc_col-xs-12 vc_col-sm-6 vc_col-md-4 vc_col-md-offset-1 vc_col-sm-pull-6\"><div class=\"vice-versa-teaser__item__content\"><h3>Entwicklung<\/h3><p>Bei VAN GRAAF geht es um Deine pers\u00f6nliche Entwicklung. Ob Mitarbeiter:in oder F\u00fchrungskraft - mit vielf\u00e4ltigen Trainings und Weiterbildungsprogrammen machen wir Dich fit f\u00fcr Deine Zukunft bei uns. <\/p><a class=\"button button--dark\" href=\"https:\/\/www.vangraaf.com\/ch\/karriere\/wir\/entwicklung\/\" target=\"_self\" rel=\"\" style=\"\">Mehr erfahren<\/a><\/div><\/div><\/div><\/div><\/div><\/div><\/div>[\/vc_column][\/vc_row][vc_row][vc_column]\n        <div class=\"headlines headlines--center\" data-aos=\"fade-up\">\n            <div class=\"vc_row\">\n                <div class=\"vc_col-md-10 vc_col-md-offset-1 vc_col-lg-10 vc_col-lg-offset-1\"><h2 class=\"h2\">Fachbereiche bei VAN GRAAF<\/h2><\/div>\n            <\/div>\n        <\/div>[vc_column_text]\r\n<p style=\"text-align: center\">VAN GRAAF ist vielseitig, bunt und international. Unsere Vision leben und teilen wir mit allen Bereichen unseres Unternehmens. Das heisst f\u00fcr Dich: ein dynamisches und spannendes Aufgabenfeld in einem Team, in dem Du Dich sofort willkommen f\u00fchlst. Entdecke die Jobvielfalt in den Bereichen bei VAN GRAAF.<\/p>\r\n[\/vc_column_text][\/vc_column][\/vc_row][vc_row][vc_column width=&#187;1\/3&#8243;]<div class=\"vg-element cta-teaser cta-teaser--center\" data-aos=\"fade-up\"><div class=\"cta-teaser__image\"><a class=\"\" href=\"https:\/\/www.vangraaf.com\/ch\/karriere\/jobs-karriere\/verkauf\/\" target=\"_self\" rel=\"\" style=\"\"><img loading=\"lazy\" decoding=\"async\" width=\"378\" height=\"565\" src=\"https:\/\/www.vangraaf.com\/ch\/wp-content\/uploads\/sites\/6\/2022\/02\/M1_F_Schueler_Eltern_Lehrer_003.jpg\" class=\"vc_single_image-img attachment-full\" alt=\"\" title=\"Karriere_Verkauf_CTA\" srcset=\"https:\/\/www.vangraaf.com\/ch\/wp-content\/uploads\/sites\/6\/2022\/02\/M1_F_Schueler_Eltern_Lehrer_003.jpg 378w, https:\/\/www.vangraaf.com\/ch\/wp-content\/uploads\/sites\/6\/2022\/02\/M1_F_Schueler_Eltern_Lehrer_003-201x300.jpg 201w\" sizes=\"(max-width: 378px) 100vw, 378px\" \/><\/a><\/div><div class=\"cta-teaser__text\"><h3>Verkauf<\/h3><p>Du liebst Fashion? Im Verkauf bei VAN GRAAF stehst Du t\u00e4glich im Kontakt mit unseren Kund:innen und sorgst mit Deiner Expertise f\u00fcr das perfekte Outfit f\u00fcr jeden Anlass.<\/p><a class=\"button\" href=\"https:\/\/www.vangraaf.com\/ch\/karriere\/jobs-karriere\/verkauf\/\" target=\"_self\" rel=\"\" style=\"\">Mehr erfahren<\/a><\/div><\/div>[\/vc_column][vc_column width=&#187;1\/3&#8243;]<div class=\"vg-element cta-teaser cta-teaser--center\" data-aos=\"fade-up\"><div class=\"cta-teaser__image\"><a class=\"\" href=\"https:\/\/www.vangraaf.com\/ch\/karriere\/jobs-karriere\/logistik\/\" target=\"_self\" rel=\"\" style=\"\"><img loading=\"lazy\" decoding=\"async\" width=\"378\" height=\"565\" src=\"https:\/\/www.vangraaf.com\/ch\/wp-content\/uploads\/sites\/6\/2022\/02\/M8_E_VK_Logistik_055_1.jpg\" class=\"vc_single_image-img attachment-full\" alt=\"\" title=\"Karriere_Logistik_CTA\" srcset=\"https:\/\/www.vangraaf.com\/ch\/wp-content\/uploads\/sites\/6\/2022\/02\/M8_E_VK_Logistik_055_1.jpg 378w, https:\/\/www.vangraaf.com\/ch\/wp-content\/uploads\/sites\/6\/2022\/02\/M8_E_VK_Logistik_055_1-201x300.jpg 201w\" sizes=\"(max-width: 378px) 100vw, 378px\" \/><\/a><\/div><div class=\"cta-teaser__text\"><h3>Logistik<\/h3><p>Du begeistert Dich f\u00fcr den Bereich Logistik? Im Inhouse-Logistik Team bei VAN GRAAF tr\u00e4gst Du aktiv zum t\u00e4glichen Erfolg der Logistik-Prozesse in unseren Stores bei.<\/p><a class=\"button\" href=\"https:\/\/www.vangraaf.com\/ch\/karriere\/jobs-karriere\/logistik\/\" target=\"_self\" rel=\"\" style=\"\">Mehr erfahren<\/a><\/div><\/div>[\/vc_column][vc_column width=&#187;1\/3&#8243;]<div class=\"vg-element cta-teaser cta-teaser--center\" data-aos=\"fade-up\"><div class=\"cta-teaser__image\"><a class=\"\" href=\"https:\/\/www.vangraaf.com\/ch\/karriere\/jobs-karriere\/visual-merchandising\/\" target=\"_self\" rel=\"\" style=\"\"><img loading=\"lazy\" decoding=\"async\" width=\"378\" height=\"565\" src=\"https:\/\/www.vangraaf.com\/ch\/wp-content\/uploads\/sites\/6\/2022\/02\/M4_C_Berufserfahrene_083.jpg\" class=\"vc_single_image-img attachment-full\" alt=\"\" title=\"Karriere_Visual Merchandising_CTA\" srcset=\"https:\/\/www.vangraaf.com\/ch\/wp-content\/uploads\/sites\/6\/2022\/02\/M4_C_Berufserfahrene_083.jpg 378w, https:\/\/www.vangraaf.com\/ch\/wp-content\/uploads\/sites\/6\/2022\/02\/M4_C_Berufserfahrene_083-201x300.jpg 201w\" sizes=\"(max-width: 378px) 100vw, 378px\" \/><\/a><\/div><div class=\"cta-teaser__text\"><h3>Visual Merchandising<\/h3><p>Du setzt Schaufenster gern gekonnt in Szene? Im Visual Merchandising bei VAN GRAAF erweckst Du Deine kreativen Ideen zum Leben und gestaltest inspirierende Erlebniswelten.<\/p><a class=\"button\" href=\"https:\/\/www.vangraaf.com\/ch\/karriere\/jobs-karriere\/visual-merchandising\/\" target=\"_self\" rel=\"\" style=\"\">Mehr erfahren<\/a><\/div><\/div>[\/vc_column][\/vc_row][vc_row][vc_column]\n        <div class=\"headlines headlines--center\" data-aos=\"fade-up\">\n            <div class=\"vc_row\">\n                <div class=\"vc_col-md-10 vc_col-md-offset-1 vc_col-lg-10 vc_col-lg-offset-1\"><h2 class=\"h2\">Deine Benefits bei VAN GRAAF<\/h2><\/div>\n            <\/div>\n        <\/div><div class=\"vg-element icon-teaser icon-teaser--right\" data-aos=\"fade-up\"><div class=\"vc_row icon-teaser__items\"><div class=\"icon-teaser__item vc_col-md-4\"><div class=\"icon-teaser__item__inner\"><div class=\"icon-teaser__item__icon\"><img loading=\"lazy\" decoding=\"async\" width=\"1\" height=\"1\" src=\"https:\/\/www.vangraaf.com\/ch\/wp-content\/uploads\/sites\/6\/2021\/05\/mitarbeiterrabatte.svg\" class=\"attachment-full size-full\" alt=\"\" \/><\/div><div class=\"icon-teaser__item__content\"><h4>Mitarbeiterrabatte <\/h4><p>Shoppe attraktive Rabatte auf das gesamtes Sortiment bei VAN GRAAF.<\/p><\/div><\/div><\/div><div class=\"icon-teaser__item vc_col-md-4\"><div class=\"icon-teaser__item__inner\"><div class=\"icon-teaser__item__icon\"><img loading=\"lazy\" decoding=\"async\" width=\"1\" height=\"1\" src=\"https:\/\/www.vangraaf.com\/ch\/wp-content\/uploads\/sites\/6\/2021\/05\/exam.svg\" class=\"attachment-full size-full\" alt=\"\" \/><\/div><div class=\"icon-teaser__item__content\"><h4>VAN GRAAF Trainingswelt<\/h4><p>Ein vielf\u00e4ltiges Trainingsangebot f\u00fcr Deine erfolgreiche Zukunft.<\/p><\/div><\/div><\/div><div class=\"icon-teaser__item vc_col-md-4\"><div class=\"icon-teaser__item__inner\"><div class=\"icon-teaser__item__icon\"><img loading=\"lazy\" decoding=\"async\" width=\"1\" height=\"1\" src=\"https:\/\/www.vangraaf.com\/ch\/wp-content\/uploads\/sites\/6\/2021\/05\/holiday.svg\" class=\"attachment-full size-full\" alt=\"\" \/><\/div><div class=\"icon-teaser__item__content\"><h4> Urlaubstage<\/h4><p>F\u00fcnf Wochen Erholungsurlaub f\u00fcr Deine perfekte Auszeit.<\/p><\/div><\/div><\/div><\/div><div class=\"icon-teaser__cta\"><a class=\"button\" href=\"https:\/\/www.vangraaf.com\/ch\/karriere\/wir\/benefits\/\" target=\"_self\" rel=\"\" style=\"\">Alle Benefits entdecken<\/a><\/div><\/div>[\/vc_column][\/vc_row]<\/div>","protected":false},"excerpt":{"rendered":"[vc_row bwd_tbc4vd_show_weekday=&#187;&#187; full_width=&#187;stretch_row_content_no_spaces&#187;][vc_column][\/vc_column][\/vc_row][vc_row bwd_tbc4vd_show_weekday=&#187;&#187; full_width=&#187;stretch_row_content_no_spaces&#187;][vc_column][vc_column_text] Sch\u00f6n, dass Du da bist \u2013 in unserem Karrierebereich und vielleicht auch bald in unserem Team. Als internationaler Omnichannel-Retailer verbindet uns die gemeinsame Vision, unseren Kund:innen faszinierende Einkaufserlebnisse zu bieten. Ob im Verkauf, im Visual Merchandising oder in der Inhouse-Logistik. Internationaler Fashion-Retail ist ein spannendes Wachstumsfeld, f\u00fcr das wir Dich, [&hellip;]","protected":false},"author":6,"featured_media":0,"parent":0,"menu_order":0,"comment_status":"closed","ping_status":"closed","template":"","meta":{"_acf_changed":false,"inline_featured_image":false,"footnotes":""},"class_list":["post-6565","page","type-page","status-publish","hentry"],"acf":[],"yoast_head":"<!-- This site is optimized with the Yoast SEO plugin v27.2 - https:\/\/yoast.com\/product\/yoast-seo-wordpress\/ -->\n<title>Karriere I VAN GRAAF<\/title>\n<meta name=\"description\" content=\"Wir gestalten den Fashion-Retail von morgen. Ob im Verkauf, im Visual Merchandising oder in der Inhouse-Logistik: finde Deinen Traumjob bei VAN GRAAF.\" \/>\n<meta name=\"robots\" content=\"index, follow, max-snippet:-1, max-image-preview:large, max-video-preview:-1\" \/>\n<link rel=\"canonical\" href=\"https:\/\/www.vangraaf.com\/ch\/karriere\/\" \/>\n<meta property=\"og:locale\" content=\"de_DE\" \/>\n<meta property=\"og:type\" content=\"article\" \/>\n<meta property=\"og:title\" content=\"Karriere I VAN GRAAF\" \/>\n<meta property=\"og:description\" content=\"Wir gestalten den Fashion-Retail von morgen. Ob im Verkauf, im Visual Merchandising oder in der Inhouse-Logistik: finde Deinen Traumjob bei VAN GRAAF.\" \/>\n<meta property=\"og:url\" content=\"https:\/\/www.vangraaf.com\/ch\/karriere\/\" \/>\n<meta property=\"og:site_name\" content=\"VAN GRAAF Schweiz\" \/>\n<meta property=\"article:modified_time\" content=\"2022-07-29T10:51:15+00:00\" \/>\n<meta name=\"twitter:card\" content=\"summary_large_image\" \/>\n<meta name=\"twitter:label1\" content=\"Est. reading time\" \/>\n\t<meta name=\"twitter:data1\" content=\"2\u00a0Minuten\" \/>\n<script type=\"application\/ld+json\" class=\"yoast-schema-graph\">{\"@context\":\"https:\/\/schema.org\",\"@graph\":[{\"@type\":\"WebPage\",\"@id\":\"https:\/\/www.vangraaf.com\/ch\/karriere\/\",\"url\":\"https:\/\/www.vangraaf.com\/ch\/karriere\/\",\"name\":\"Karriere I VAN GRAAF\",\"isPartOf\":{\"@id\":\"https:\/\/www.vangraaf.com\/ch\/#website\"},\"datePublished\":\"2022-02-11T12:31:28+00:00\",\"dateModified\":\"2022-07-29T10:51:15+00:00\",\"description\":\"Wir gestalten den Fashion-Retail von morgen. Ob im Verkauf, im Visual Merchandising oder in der Inhouse-Logistik: finde Deinen Traumjob bei VAN GRAAF.\",\"breadcrumb\":{\"@id\":\"https:\/\/www.vangraaf.com\/ch\/karriere\/#breadcrumb\"},\"inLanguage\":\"de-CH\",\"potentialAction\":[{\"@type\":\"ReadAction\",\"target\":[\"https:\/\/www.vangraaf.com\/ch\/karriere\/\"]}]},{\"@type\":\"BreadcrumbList\",\"@id\":\"https:\/\/www.vangraaf.com\/ch\/karriere\/#breadcrumb\",\"itemListElement\":[{\"@type\":\"ListItem\",\"position\":1,\"name\":\"Home\",\"item\":\"https:\/\/www.vangraaf.com\/ch\/\"},{\"@type\":\"ListItem\",\"position\":2,\"name\":\"Karriere\"}]},{\"@type\":\"WebSite\",\"@id\":\"https:\/\/www.vangraaf.com\/ch\/#website\",\"url\":\"https:\/\/www.vangraaf.com\/ch\/\",\"name\":\"VAN GRAAF\",\"description\":\"VAN GRAAF\",\"potentialAction\":[{\"@type\":\"SearchAction\",\"target\":{\"@type\":\"EntryPoint\",\"urlTemplate\":\"https:\/\/www.vangraaf.com\/ch\/?s={search_term_string}\"},\"query-input\":{\"@type\":\"PropertyValueSpecification\",\"valueRequired\":true,\"valueName\":\"search_term_string\"}}],\"inLanguage\":\"de-CH\"}]}<\/script>\n<!-- \/ Yoast SEO plugin. -->","yoast_head_json":{"title":"Karriere I VAN GRAAF","description":"Wir gestalten den Fashion-Retail von morgen. Ob im Verkauf, im Visual Merchandising oder in der Inhouse-Logistik: finde Deinen Traumjob bei VAN GRAAF.","robots":{"index":"index","follow":"follow","max-snippet":"max-snippet:-1","max-image-preview":"max-image-preview:large","max-video-preview":"max-video-preview:-1"},"canonical":"https:\/\/www.vangraaf.com\/ch\/karriere\/","og_locale":"de_DE","og_type":"article","og_title":"Karriere I VAN GRAAF","og_description":"Wir gestalten den Fashion-Retail von morgen. Ob im Verkauf, im Visual Merchandising oder in der Inhouse-Logistik: finde Deinen Traumjob bei VAN GRAAF.","og_url":"https:\/\/www.vangraaf.com\/ch\/karriere\/","og_site_name":"VAN GRAAF Schweiz","article_modified_time":"2022-07-29T10:51:15+00:00","twitter_card":"summary_large_image","twitter_misc":{"Est. reading time":"2\u00a0Minuten"},"schema":{"@context":"https:\/\/schema.org","@graph":[{"@type":"WebPage","@id":"https:\/\/www.vangraaf.com\/ch\/karriere\/","url":"https:\/\/www.vangraaf.com\/ch\/karriere\/","name":"Karriere I VAN GRAAF","isPartOf":{"@id":"https:\/\/www.vangraaf.com\/ch\/#website"},"datePublished":"2022-02-11T12:31:28+00:00","dateModified":"2022-07-29T10:51:15+00:00","description":"Wir gestalten den Fashion-Retail von morgen. Ob im Verkauf, im Visual Merchandising oder in der Inhouse-Logistik: finde Deinen Traumjob bei VAN GRAAF.","breadcrumb":{"@id":"https:\/\/www.vangraaf.com\/ch\/karriere\/#breadcrumb"},"inLanguage":"de-CH","potentialAction":[{"@type":"ReadAction","target":["https:\/\/www.vangraaf.com\/ch\/karriere\/"]}]},{"@type":"BreadcrumbList","@id":"https:\/\/www.vangraaf.com\/ch\/karriere\/#breadcrumb","itemListElement":[{"@type":"ListItem","position":1,"name":"Home","item":"https:\/\/www.vangraaf.com\/ch\/"},{"@type":"ListItem","position":2,"name":"Karriere"}]},{"@type":"WebSite","@id":"https:\/\/www.vangraaf.com\/ch\/#website","url":"https:\/\/www.vangraaf.com\/ch\/","name":"VAN GRAAF","description":"VAN GRAAF","potentialAction":[{"@type":"SearchAction","target":{"@type":"EntryPoint","urlTemplate":"https:\/\/www.vangraaf.com\/ch\/?s={search_term_string}"},"query-input":{"@type":"PropertyValueSpecification","valueRequired":true,"valueName":"search_term_string"}}],"inLanguage":"de-CH"}]}},"_links":{"self":[{"href":"https:\/\/www.vangraaf.com\/ch\/wp-json\/wp\/v2\/pages\/6565","targetHints":{"allow":["GET"]}}],"collection":[{"href":"https:\/\/www.vangraaf.com\/ch\/wp-json\/wp\/v2\/pages"}],"about":[{"href":"https:\/\/www.vangraaf.com\/ch\/wp-json\/wp\/v2\/types\/page"}],"author":[{"embeddable":true,"href":"https:\/\/www.vangraaf.com\/ch\/wp-json\/wp\/v2\/users\/6"}],"replies":[{"embeddable":true,"href":"https:\/\/www.vangraaf.com\/ch\/wp-json\/wp\/v2\/comments?post=6565"}],"version-history":[{"count":23,"href":"https:\/\/www.vangraaf.com\/ch\/wp-json\/wp\/v2\/pages\/6565\/revisions"}],"predecessor-version":[{"id":7340,"href":"https:\/\/www.vangraaf.com\/ch\/wp-json\/wp\/v2\/pages\/6565\/revisions\/7340"}],"wp:attachment":[{"href":"https:\/\/www.vangraaf.com\/ch\/wp-json\/wp\/v2\/media?parent=6565"}],"curies":[{"name":"wp","href":"https:\/\/api.w.org\/{rel}","templated":true}]}}