{"id":6503,"date":"2021-12-21T15:46:00","date_gmt":"2021-12-21T14:46:00","guid":{"rendered":"https:\/\/www.vangraaf.com\/ch\/?page_id=6503"},"modified":"2025-07-11T17:09:02","modified_gmt":"2025-07-11T15:09:02","slug":"mensch","status":"publish","type":"page","link":"https:\/\/www.vangraaf.com\/ch\/unternehmen\/nachhaltigkeit\/mensch\/","title":{"rendered":"Mensch"},"content":{"rendered":"<div class=\"wpb-content-wrapper\">[vc_row bwd_tbc4vd_show_weekday=&#187;&#187; full_width=&#187;stretch_row_content_no_spaces&#187;][vc_column]<div class=\"keyvisual\" data-aos=\"fade-up\" ><img loading=\"lazy\" decoding=\"async\" width=\"1440\" height=\"480\" src=\"https:\/\/www.vangraaf.com\/ch\/wp-content\/uploads\/sites\/6\/2022\/01\/M10_M_Portraits_Buero_026.jpg\" class=\"vc_single_image-img keyvisual__image--big\" alt=\"\" srcset=\"https:\/\/www.vangraaf.com\/ch\/wp-content\/uploads\/sites\/6\/2022\/01\/M10_M_Portraits_Buero_026.jpg 1440w, https:\/\/www.vangraaf.com\/ch\/wp-content\/uploads\/sites\/6\/2022\/01\/M10_M_Portraits_Buero_026-300x100.jpg 300w, https:\/\/www.vangraaf.com\/ch\/wp-content\/uploads\/sites\/6\/2022\/01\/M10_M_Portraits_Buero_026-1024x341.jpg 1024w, https:\/\/www.vangraaf.com\/ch\/wp-content\/uploads\/sites\/6\/2022\/01\/M10_M_Portraits_Buero_026-768x256.jpg 768w, https:\/\/www.vangraaf.com\/ch\/wp-content\/uploads\/sites\/6\/2022\/01\/M10_M_Portraits_Buero_026-1200x400.jpg 1200w, https:\/\/www.vangraaf.com\/ch\/wp-content\/uploads\/sites\/6\/2022\/01\/M10_M_Portraits_Buero_026-992x331.jpg 992w, https:\/\/www.vangraaf.com\/ch\/wp-content\/uploads\/sites\/6\/2022\/01\/M10_M_Portraits_Buero_026-480x160.jpg 480w\" sizes=\"(max-width: 1440px) 100vw, 1440px\" \/><img loading=\"lazy\" decoding=\"async\" width=\"768\" height=\"250\" src=\"https:\/\/www.vangraaf.com\/ch\/wp-content\/uploads\/sites\/6\/2022\/01\/M10_M_Portraits_Buero_026_Mo.jpg\" class=\"vc_single_image-img keyvisual__image--small\" alt=\"\" srcset=\"https:\/\/www.vangraaf.com\/ch\/wp-content\/uploads\/sites\/6\/2022\/01\/M10_M_Portraits_Buero_026_Mo.jpg 768w, https:\/\/www.vangraaf.com\/ch\/wp-content\/uploads\/sites\/6\/2022\/01\/M10_M_Portraits_Buero_026_Mo-300x98.jpg 300w, https:\/\/www.vangraaf.com\/ch\/wp-content\/uploads\/sites\/6\/2022\/01\/M10_M_Portraits_Buero_026_Mo-480x156.jpg 480w\" sizes=\"(max-width: 768px) 100vw, 768px\" \/><\/div>\n        <div class=\"headlines headlines--center\" data-aos=\"fade-up\">\n            <div class=\"vc_row\">\n                <div class=\"vc_col-md-10 vc_col-md-offset-1 vc_col-lg-10 vc_col-lg-offset-1\"><h1 class=\"h2\">Auf Werte bauen.\r<br\/>Verantwortung \u00fcbernehmen.<\/h1><\/div>\n            <\/div>\n        <\/div>[vc_column_text]Als traditionsreiches und global agierendes Familienunternehmen wissen wir bei VAN GRAAF, wie wichtig ethisches Handeln ist. Wir kennen die Rolle, die wir in der Gesellschaft spielen und sind uns unserer unternehmerischen Verantwortung bewusst. Dieser Verpflichtung werden wir gerne gerecht \u2013 jeden einzelnen Tag und bei allen Entscheidungen, die wir treffen.[\/vc_column_text][\/vc_column][\/vc_row][vc_row bwd_tbc4vd_show_weekday=&#187;&#187; el_class=&#187;vg-padding&#187;][vc_column]<div class=\"vg-element image-text-teaser image-text-teaser--right image-text-teaser--dark\" style=\"--season-color: #ffffff\" data-aos=\"fade-up\"><div class=\"vc_row vc_row-flex\"><div class=\"image-text-teaser__image vc_col-sm-4 vc_col-sm-push-8 vc_col-md-4 vc_col-md-push-8\"><a class=\"\" href=\"https:\/\/www.vangraaf.com\/ch\/wp-content\/uploads\/sites\/6\/2021\/05\/Code-of-Conduct-PC_VG_CH_2024_EXT_07.pdf\" target=\"_blank\" rel=\"\" style=\"\"><img loading=\"lazy\" decoding=\"async\" width=\"400\" height=\"400\" src=\"https:\/\/www.vangraaf.com\/ch\/wp-content\/uploads\/sites\/6\/2022\/01\/ImageTeaser_Miteinander_WP.jpg\" class=\"vc_single_image-img\" alt=\"\" srcset=\"https:\/\/www.vangraaf.com\/ch\/wp-content\/uploads\/sites\/6\/2022\/01\/ImageTeaser_Miteinander_WP.jpg 400w, https:\/\/www.vangraaf.com\/ch\/wp-content\/uploads\/sites\/6\/2022\/01\/ImageTeaser_Miteinander_WP-300x300.jpg 300w, https:\/\/www.vangraaf.com\/ch\/wp-content\/uploads\/sites\/6\/2022\/01\/ImageTeaser_Miteinander_WP-150x150.jpg 150w\" sizes=\"(max-width: 400px) 100vw, 400px\" \/><\/a><\/div><div class=\"vc_col-sm-8 vc_col-sm-pull-4 vc_col-md-8 vc_col-md-pull-4\"><div class=\"image-text-teaser__content-wrapper\"><div class=\"image-text-teaser__content\"><h3>Mit Respekt f\u00fcr ein gutes Miteinander sorgen.<\/h3><p>Auf dem starken Wertefundament unseres Unternehmens haben wir einen Verhaltenscodex aufgebaut, der als verbindliche Grundlage f\u00fcr das Handeln aller Mitarbeiter*innen bei VAN GRAAF gilt. Wir sind davon \u00fcberzeugt, dass diese Grunds\u00e4tze schon lange in unserer Unternehmens-DNA verankert und in unserem t\u00e4glichen Miteinander zu sp\u00fcren sind.<\/p>\n<p>Der Verhaltenscodex hilft uns, mit moralischen und ethischen Fragen umzugehen und st\u00e4rkt uns darin, im Sinne des Unternehmens und der Gesellschaft richtig zu handeln \u2013 heute wie in Zukunft.<\/p>\n<a class=\"button button--\" href=\"https:\/\/www.vangraaf.com\/ch\/wp-content\/uploads\/sites\/6\/2021\/05\/Code-of-Conduct-PC_VG_CH_2024_EXT_07.pdf\" target=\"_blank\" rel=\"\" style=\"\">Mehr erfahren<\/a><\/div><\/div><\/div><\/div><\/div><div class=\"vg-element image-text-teaser image-text-teaser--left image-text-teaser--dark\" style=\"--season-color: #ffffff\" data-aos=\"fade-up\"><div class=\"vc_row vc_row-flex\"><div class=\"image-text-teaser__image vc_col-sm-4 vc_col-md-4\"><a class=\"\" href=\"https:\/\/www.vangraaf.com\/ch\/wp-content\/uploads\/sites\/6\/2020\/02\/31_Anhang_XV_Code_of_Conduct_DE_Juni_21.pdf\" target=\"_blank\" rel=\"\" style=\"\"><img loading=\"lazy\" decoding=\"async\" width=\"400\" height=\"400\" src=\"https:\/\/www.vangraaf.com\/ch\/wp-content\/uploads\/sites\/6\/2021\/12\/ImageTeaser_Veranwortung_WP.jpg\" class=\"vc_single_image-img\" alt=\"\" srcset=\"https:\/\/www.vangraaf.com\/ch\/wp-content\/uploads\/sites\/6\/2021\/12\/ImageTeaser_Veranwortung_WP.jpg 400w, https:\/\/www.vangraaf.com\/ch\/wp-content\/uploads\/sites\/6\/2021\/12\/ImageTeaser_Veranwortung_WP-300x300.jpg 300w, https:\/\/www.vangraaf.com\/ch\/wp-content\/uploads\/sites\/6\/2021\/12\/ImageTeaser_Veranwortung_WP-150x150.jpg 150w\" sizes=\"(max-width: 400px) 100vw, 400px\" \/><\/a><\/div><div class=\"vc_col-sm-8 vc_col-md-8\"><div class=\"image-text-teaser__content-wrapper\"><div class=\"image-text-teaser__content\"><h3>Mit Integrit\u00e4t fairer wirtschaften.<\/h3><p>Wir legen Wert darauf, dass alle unsere T\u00e4tigkeiten von Ehrlichkeit, Transparenz, Zuverl\u00e4ssigkeit und Fairness gepr\u00e4gt sind. Das erwarten wir auch von unseren Dienstleistern und Gesch\u00e4ftspartnern. Deshalb verpflichten wir sie dazu, unseren Code of Conduct in allen Bereichen und Gesch\u00e4ftsbeziehungen einzuhalten.<\/p>\n<p>F\u00fcr uns bei VAN GRAAF ist der Code of Conduct Ausdruck unserer Vision von Nachhaltigkeit und einer integren Unternehmensf\u00fchrung. Damit bekennen wir uns dazu, soziale wie ethische Verantwortung zu \u00fcbernehmen und daf\u00fcr einzustehen.<\/p>\n<a class=\"button button--\" href=\"https:\/\/www.vangraaf.com\/ch\/wp-content\/uploads\/sites\/6\/2020\/02\/31_Anhang_XV_Code_of_Conduct_DE_Juni_21.pdf\" target=\"_blank\" rel=\"\" style=\"\">Mehr erfahren<\/a><\/div><\/div><\/div><\/div><\/div><div class=\"vg-element image-text-teaser image-text-teaser--right image-text-teaser--dark\" style=\"--season-color: #ffffff\" data-aos=\"fade-up\"><div class=\"vc_row vc_row-flex\"><div class=\"image-text-teaser__image vc_col-sm-4 vc_col-sm-push-8 vc_col-md-4 vc_col-md-push-8\"><img loading=\"lazy\" decoding=\"async\" width=\"400\" height=\"400\" src=\"https:\/\/www.vangraaf.com\/ch\/wp-content\/uploads\/sites\/6\/2020\/02\/ImageTeaser_Grundsaetze.jpg\" class=\"vc_single_image-img\" alt=\"\" srcset=\"https:\/\/www.vangraaf.com\/ch\/wp-content\/uploads\/sites\/6\/2020\/02\/ImageTeaser_Grundsaetze.jpg 400w, https:\/\/www.vangraaf.com\/ch\/wp-content\/uploads\/sites\/6\/2020\/02\/ImageTeaser_Grundsaetze-300x300.jpg 300w, https:\/\/www.vangraaf.com\/ch\/wp-content\/uploads\/sites\/6\/2020\/02\/ImageTeaser_Grundsaetze-150x150.jpg 150w\" sizes=\"(max-width: 400px) 100vw, 400px\" \/><\/div><div class=\"vc_col-sm-8 vc_col-sm-pull-4 vc_col-md-8 vc_col-md-pull-4\"><div class=\"image-text-teaser__content-wrapper\"><div class=\"image-text-teaser__content\"><h3>Mit 11 Grunds\u00e4tzen die Welt verbessern.<\/h3><p>Globale Lieferketten sind heute enorm komplex und die Arbeitsbedingungen der Menschen in den Produktionsst\u00e4tten ausserhalb Europas nicht mit unseren Bedingungen vergleichbar. F\u00fcr diese Menschen \u00fcbernehmen wir die soziale Verantwortung. Wir sind im Jahr 2012 der Initiative amfori BSCI beigetreten. Sie entspricht unseren eigenen ethischen Anspr\u00fcchen und stellt vor Ort soziale Standards bei unseren Produzenten sicher. amfori BSCI hat daf\u00fcr einen Code of Conduct aus 11 sozialen Grunds\u00e4tzen formuliert. Auf diesen Code verpflichten sich unsere Produzenten und werden darauf regelm\u00e4ssig und unabh\u00e4ngig gepr\u00fcft \u2013 von der fairen Verg\u00fctung bis zum Verbot von Kinderarbeit.<\/p>\n<\/div><\/div><\/div><\/div><\/div>[\/vc_column][\/vc_row][vc_row][vc_column][vc_row_inner][vc_column_inner][vc_column_text]\r\n<p style=\"text-align: center\"><strong>Die 11 Grunds\u00e4tze lauten: <\/strong><\/p>\r\n[\/vc_column_text][\/vc_column_inner][\/vc_row_inner][vc_row_inner][vc_column_inner width=&#187;1\/3&#8243;][vc_column_text]\r\n<ul>\r\n \t<li>Das Recht auf Vereinigungsfreiheit und Tarifverhandlungen<\/li>\r\n \t<li>Keine Diskriminierung<\/li>\r\n \t<li>Gerechte Entlohnung<\/li>\r\n \t<li>Faire Arbeitszeiten<\/li>\r\n<\/ul>\r\n[\/vc_column_text][\/vc_column_inner][vc_column_inner width=&#187;1\/3&#8243;][vc_column_text]\r\n<ul>\r\n \t<li>Gesundheit und Sicherheit am Arbeitsplatz<\/li>\r\n \t<li>Keine Kinderarbeit<\/li>\r\n \t<li>Besonderer Schutz f\u00fcr junge Arbeitnehmerinnen und Arbeitnehmer<\/li>\r\n<\/ul>\r\n[\/vc_column_text][\/vc_column_inner][vc_column_inner width=&#187;1\/3&#8243;][vc_column_text]\r\n<ul>\r\n \t<li>Keine prek\u00e4re Besch\u00e4ftigung<\/li>\r\n \t<li>Keine Zwangsarbeit<\/li>\r\n \t<li>Schutz der Umwelt<\/li>\r\n \t<li>Ethisches Gesch\u00e4ftsverhalten<\/li>\r\n<\/ul>\r\n[\/vc_column_text][\/vc_column_inner][\/vc_row_inner][vc_row_inner][vc_column_inner][vc_column_text]\r\n<p style=\"text-align: center\">Die Hintergr\u00fcnde zu den 11 Grunds\u00e4tzen erfahren Sie<u> hier<\/u>.<\/p>\r\n[\/vc_column_text][\/vc_column_inner][\/vc_row_inner][\/vc_column][\/vc_row][vc_row bwd_tbc4vd_show_weekday=&#187;&#187; disable_element=&#187;yes&#187;][vc_column width=&#187;1\/5&#8243;][\/vc_column][vc_column width=&#187;1\/5&#8243;]<div class=\"vg-element cta-teaser cta-teaser--center\" data-aos=\"fade-up\"><div class=\"cta-teaser__image\"><a class=\"\" href=\"https:\/\/www.vangraaf.com\/ch\/unternehmen\/nachhaltigkeit\/strategie\/\" target=\"_self\" rel=\"\" style=\"\"><img loading=\"lazy\" decoding=\"async\" width=\"400\" height=\"400\" src=\"https:\/\/www.vangraaf.com\/ch\/wp-content\/uploads\/sites\/6\/2020\/02\/ImageTeaser_Strategie.jpg\" class=\"vc_single_image-img attachment-full\" alt=\"\" title=\"ImageTeaser_Strategie\" srcset=\"https:\/\/www.vangraaf.com\/ch\/wp-content\/uploads\/sites\/6\/2020\/02\/ImageTeaser_Strategie.jpg 400w, https:\/\/www.vangraaf.com\/ch\/wp-content\/uploads\/sites\/6\/2020\/02\/ImageTeaser_Strategie-300x300.jpg 300w, https:\/\/www.vangraaf.com\/ch\/wp-content\/uploads\/sites\/6\/2020\/02\/ImageTeaser_Strategie-150x150.jpg 150w\" sizes=\"(max-width: 400px) 100vw, 400px\" \/><\/a><\/div><div class=\"cta-teaser__text\"><a class=\"button\" href=\"https:\/\/www.vangraaf.com\/ch\/unternehmen\/nachhaltigkeit\/strategie\/\" target=\"_self\" rel=\"\" style=\"\">Strategie<\/a><\/div><\/div>[\/vc_column][vc_column width=&#187;1\/5&#8243;]<div class=\"vg-element cta-teaser cta-teaser--center\" data-aos=\"fade-up\"><div class=\"cta-teaser__image\"><a class=\"\" href=\"https:\/\/www.vangraaf.com\/ch\/unternehmen\/nachhaltigkeit\/produkte\/\" target=\"_self\" rel=\"\" style=\"\"><img loading=\"lazy\" decoding=\"async\" width=\"400\" height=\"400\" src=\"https:\/\/www.vangraaf.com\/ch\/wp-content\/uploads\/sites\/6\/2020\/02\/UnsereProdukte_Teaser.jpg\" class=\"vc_single_image-img attachment-full\" alt=\"Ein Stapel gefalteter Jeans in verschiedenen Blaut\u00f6nen wird von einer Person in weissem Strickpullover gehalten.\" title=\"UnsereProdukte_Teaser\" srcset=\"https:\/\/www.vangraaf.com\/ch\/wp-content\/uploads\/sites\/6\/2020\/02\/UnsereProdukte_Teaser.jpg 400w, https:\/\/www.vangraaf.com\/ch\/wp-content\/uploads\/sites\/6\/2020\/02\/UnsereProdukte_Teaser-300x300.jpg 300w, https:\/\/www.vangraaf.com\/ch\/wp-content\/uploads\/sites\/6\/2020\/02\/UnsereProdukte_Teaser-150x150.jpg 150w, https:\/\/www.vangraaf.com\/ch\/wp-content\/uploads\/sites\/6\/2020\/02\/UnsereProdukte_Teaser-280x280.jpg 280w\" sizes=\"(max-width: 400px) 100vw, 400px\" \/><\/a><\/div><div class=\"cta-teaser__text\"><a class=\"button\" href=\"https:\/\/www.vangraaf.com\/ch\/unternehmen\/nachhaltigkeit\/produkte\/\" target=\"_self\" rel=\"\" style=\"\">Produkte<\/a><\/div><\/div>[\/vc_column][vc_column width=&#187;1\/5&#8243;]<div class=\"vg-element cta-teaser cta-teaser--center\" data-aos=\"fade-up\"><div class=\"cta-teaser__image\"><a class=\"\" href=\"https:\/\/www.vangraaf.com\/ch\/unternehmen\/nachhaltigkeit\/umwelt\/\" target=\"_self\" rel=\"\" style=\"\"><img loading=\"lazy\" decoding=\"async\" width=\"400\" height=\"400\" src=\"https:\/\/www.vangraaf.com\/ch\/wp-content\/uploads\/sites\/6\/2020\/02\/Imageteaser_Umwelt.jpg\" class=\"vc_single_image-img attachment-full\" alt=\"\" title=\"Imageteaser_Umwelt\" srcset=\"https:\/\/www.vangraaf.com\/ch\/wp-content\/uploads\/sites\/6\/2020\/02\/Imageteaser_Umwelt.jpg 400w, https:\/\/www.vangraaf.com\/ch\/wp-content\/uploads\/sites\/6\/2020\/02\/Imageteaser_Umwelt-300x300.jpg 300w, https:\/\/www.vangraaf.com\/ch\/wp-content\/uploads\/sites\/6\/2020\/02\/Imageteaser_Umwelt-150x150.jpg 150w\" sizes=\"(max-width: 400px) 100vw, 400px\" \/><\/a><\/div><div class=\"cta-teaser__text\"><a class=\"button\" href=\"https:\/\/www.vangraaf.com\/ch\/unternehmen\/nachhaltigkeit\/umwelt\/\" target=\"_self\" rel=\"\" style=\"\">Umwelt<\/a><\/div><\/div>[\/vc_column][vc_column width=&#187;1\/5&#8243;][\/vc_column][\/vc_row][vc_row bwd_tbc4vd_show_weekday=&#187;&#187; full_width=&#187;stretch_row_content_no_spaces&#187;][vc_column][vc_row_inner bwd_tbc4vd_show_weekday=&#187;&#187; row_design=&#187;row_square_background&#187;][vc_column_inner width=&#187;1\/3&#8243;]<div class=\"vg-element cta-teaser cta-teaser--center\" data-aos=\"fade-up\"><div class=\"cta-teaser__image\"><a class=\"\" href=\"https:\/\/www.vangraaf.com\/ch\/unternehmen\/nachhaltigkeit\/strategie\/\" target=\"_self\" rel=\"\" style=\"\"><img loading=\"lazy\" decoding=\"async\" width=\"378\" height=\"252\" src=\"https:\/\/www.vangraaf.com\/ch\/wp-content\/uploads\/sites\/6\/2022\/08\/Strategie.jpg\" class=\"vc_single_image-img attachment-full\" alt=\"\" title=\"Strategie\" srcset=\"https:\/\/www.vangraaf.com\/ch\/wp-content\/uploads\/sites\/6\/2022\/08\/Strategie.jpg 378w, https:\/\/www.vangraaf.com\/ch\/wp-content\/uploads\/sites\/6\/2022\/08\/Strategie-300x200.jpg 300w\" sizes=\"(max-width: 378px) 100vw, 378px\" \/><\/a><\/div><div class=\"cta-teaser__text\"><h3>Strategie<\/h3><p>Jedes Vorhaben braucht eine Strategie \u2013 besonders, wenn es um Nachhaltigkeit geht. Erfahren Sie mehr \u00fcber unser Vorgehen.<\/p><a class=\"button\" href=\"https:\/\/www.vangraaf.com\/ch\/unternehmen\/nachhaltigkeit\/strategie\/\" target=\"_self\" rel=\"\" style=\"\">Mehr erfahren<\/a><\/div><\/div>[\/vc_column_inner][vc_column_inner width=&#187;1\/3&#8243;]<div class=\"vg-element cta-teaser cta-teaser--center\" data-aos=\"fade-up\"><div class=\"cta-teaser__image\"><a class=\"\" href=\"https:\/\/www.vangraaf.com\/ch\/unternehmen\/nachhaltigkeit\/produkte\/\" target=\"_self\" rel=\"\" style=\"\"><img loading=\"lazy\" decoding=\"async\" width=\"378\" height=\"252\" src=\"https:\/\/www.vangraaf.com\/ch\/wp-content\/uploads\/sites\/6\/2023\/04\/UnsereProdukte_CTA_teaser_Seitenabschluss.jpg\" class=\"vc_single_image-img attachment-full\" alt=\"Person h\u00e4lt einen Stapel gefalteter Jeans.\" title=\"UnsereProdukte_CTA_teaser_Seitenabschluss\" srcset=\"https:\/\/www.vangraaf.com\/ch\/wp-content\/uploads\/sites\/6\/2023\/04\/UnsereProdukte_CTA_teaser_Seitenabschluss.jpg 378w, https:\/\/www.vangraaf.com\/ch\/wp-content\/uploads\/sites\/6\/2023\/04\/UnsereProdukte_CTA_teaser_Seitenabschluss-300x200.jpg 300w\" sizes=\"(max-width: 378px) 100vw, 378px\" \/><\/a><\/div><div class=\"cta-teaser__text\"><h3>Produkte<\/h3><p>Wir achten darauf, dass die Produkte unserer Topmarken und unsere eigenen VAN GRAAF Marken unseren Anspruch an Nachhaltigkeit erf\u00fcllen.<\/p><a class=\"button\" href=\"https:\/\/www.vangraaf.com\/ch\/unternehmen\/nachhaltigkeit\/produkte\/\" target=\"_self\" rel=\"\" style=\"\">Mehr erfahren<\/a><\/div><\/div>[\/vc_column_inner][vc_column_inner width=&#187;1\/3&#8243;]<div class=\"vg-element cta-teaser cta-teaser--center\" data-aos=\"fade-up\"><div class=\"cta-teaser__image\"><a class=\"\" href=\"https:\/\/www.vangraaf.com\/ch\/unternehmen\/nachhaltigkeit\/umwelt\/\" target=\"_self\" rel=\"\" style=\"\"><img loading=\"lazy\" decoding=\"async\" width=\"378\" height=\"252\" src=\"https:\/\/www.vangraaf.com\/ch\/wp-content\/uploads\/sites\/6\/2022\/08\/Umwelt.jpg\" class=\"vc_single_image-img attachment-full\" alt=\"\" title=\"Umwelt\" srcset=\"https:\/\/www.vangraaf.com\/ch\/wp-content\/uploads\/sites\/6\/2022\/08\/Umwelt.jpg 378w, https:\/\/www.vangraaf.com\/ch\/wp-content\/uploads\/sites\/6\/2022\/08\/Umwelt-300x200.jpg 300w\" sizes=\"(max-width: 378px) 100vw, 378px\" \/><\/a><\/div><div class=\"cta-teaser__text\"><h3>Umwelt<\/h3><p>Wir alle sind Teil der Natur und beeinflusst durch das Klima unseres Planeten. Wir achten, was uns wichtig ist \u2013 mit unseren Anstrengungen f\u00fcr mehr Umweltschutz.<\/p><a class=\"button\" href=\"https:\/\/www.vangraaf.com\/ch\/unternehmen\/nachhaltigkeit\/umwelt\/\" target=\"_self\" rel=\"\" style=\"\">Mehr erfahren<\/a><\/div><\/div>[\/vc_column_inner][\/vc_row_inner][\/vc_column][\/vc_row]<\/div>","protected":false},"excerpt":{"rendered":"[vc_row bwd_tbc4vd_show_weekday=&#187;&#187; full_width=&#187;stretch_row_content_no_spaces&#187;][vc_column][vc_column_text]Als traditionsreiches und global agierendes Familienunternehmen wissen wir bei VAN GRAAF, wie wichtig ethisches Handeln ist. Wir kennen die Rolle, die wir in der Gesellschaft spielen und sind uns unserer unternehmerischen Verantwortung bewusst. Dieser Verpflichtung werden wir gerne gerecht \u2013 jeden einzelnen Tag und bei allen Entscheidungen, die wir treffen.[\/vc_column_text][\/vc_column][\/vc_row][vc_row bwd_tbc4vd_show_weekday=&#187;&#187; el_class=&#187;vg-padding&#187;][vc_column][\/vc_column][\/vc_row][vc_row][vc_column][vc_row_inner][vc_column_inner][vc_column_text] Die [&hellip;]","protected":false},"author":6,"featured_media":0,"parent":6058,"menu_order":0,"comment_status":"closed","ping_status":"closed","template":"","meta":{"_acf_changed":false,"inline_featured_image":false,"footnotes":""},"class_list":["post-6503","page","type-page","status-publish","hentry"],"acf":[],"yoast_head":"<!-- This site is optimized with the Yoast SEO plugin v27.2 - https:\/\/yoast.com\/product\/yoast-seo-wordpress\/ -->\n<title>VAN GRAAF Schweiz - Mensch<\/title>\n<meta name=\"description\" content=\"Als traditionsreiches und global agierendes Familienunternehmen wissen wir bei VAN GRAAF, wie wichtig ethisches Handeln ist.\" \/>\n<meta name=\"robots\" content=\"index, follow, max-snippet:-1, max-image-preview:large, max-video-preview:-1\" \/>\n<link rel=\"canonical\" href=\"https:\/\/www.vangraaf.com\/ch\/unternehmen\/nachhaltigkeit\/mensch\/\" \/>\n<meta property=\"og:locale\" content=\"de_DE\" \/>\n<meta property=\"og:type\" content=\"article\" \/>\n<meta property=\"og:title\" content=\"VAN GRAAF Schweiz - Mensch\" \/>\n<meta property=\"og:description\" content=\"Als traditionsreiches und global agierendes Familienunternehmen wissen wir bei VAN GRAAF, wie wichtig ethisches Handeln ist.\" \/>\n<meta property=\"og:url\" content=\"https:\/\/www.vangraaf.com\/ch\/unternehmen\/nachhaltigkeit\/mensch\/\" \/>\n<meta property=\"og:site_name\" content=\"VAN GRAAF Schweiz\" \/>\n<meta property=\"article:modified_time\" content=\"2025-07-11T15:09:02+00:00\" \/>\n<meta name=\"twitter:card\" content=\"summary_large_image\" \/>\n<meta name=\"twitter:label1\" content=\"Est. reading time\" \/>\n\t<meta name=\"twitter:data1\" content=\"5\u00a0Minuten\" \/>\n<script type=\"application\/ld+json\" class=\"yoast-schema-graph\">{\"@context\":\"https:\/\/schema.org\",\"@graph\":[{\"@type\":\"WebPage\",\"@id\":\"https:\/\/www.vangraaf.com\/ch\/unternehmen\/nachhaltigkeit\/mensch\/\",\"url\":\"https:\/\/www.vangraaf.com\/ch\/unternehmen\/nachhaltigkeit\/mensch\/\",\"name\":\"VAN GRAAF Schweiz - Mensch\",\"isPartOf\":{\"@id\":\"https:\/\/www.vangraaf.com\/ch\/#website\"},\"datePublished\":\"2021-12-21T14:46:00+00:00\",\"dateModified\":\"2025-07-11T15:09:02+00:00\",\"description\":\"Als traditionsreiches und global agierendes Familienunternehmen wissen wir bei VAN GRAAF, wie wichtig ethisches Handeln ist.\",\"breadcrumb\":{\"@id\":\"https:\/\/www.vangraaf.com\/ch\/unternehmen\/nachhaltigkeit\/mensch\/#breadcrumb\"},\"inLanguage\":\"de-CH\",\"potentialAction\":[{\"@type\":\"ReadAction\",\"target\":[\"https:\/\/www.vangraaf.com\/ch\/unternehmen\/nachhaltigkeit\/mensch\/\"]}]},{\"@type\":\"BreadcrumbList\",\"@id\":\"https:\/\/www.vangraaf.com\/ch\/unternehmen\/nachhaltigkeit\/mensch\/#breadcrumb\",\"itemListElement\":[{\"@type\":\"ListItem\",\"position\":1,\"name\":\"Home\",\"item\":\"https:\/\/www.vangraaf.com\/ch\/\"},{\"@type\":\"ListItem\",\"position\":2,\"name\":\"Unternehmen\",\"item\":\"https:\/\/www.vangraaf.com\/ch\/unternehmen\/\"},{\"@type\":\"ListItem\",\"position\":3,\"name\":\"Nachhaltigkeit\",\"item\":\"https:\/\/www.vangraaf.com\/ch\/unternehmen\/nachhaltigkeit\/\"},{\"@type\":\"ListItem\",\"position\":4,\"name\":\"Mensch\"}]},{\"@type\":\"WebSite\",\"@id\":\"https:\/\/www.vangraaf.com\/ch\/#website\",\"url\":\"https:\/\/www.vangraaf.com\/ch\/\",\"name\":\"VAN GRAAF\",\"description\":\"VAN GRAAF\",\"potentialAction\":[{\"@type\":\"SearchAction\",\"target\":{\"@type\":\"EntryPoint\",\"urlTemplate\":\"https:\/\/www.vangraaf.com\/ch\/?s={search_term_string}\"},\"query-input\":{\"@type\":\"PropertyValueSpecification\",\"valueRequired\":true,\"valueName\":\"search_term_string\"}}],\"inLanguage\":\"de-CH\"}]}<\/script>\n<!-- \/ Yoast SEO plugin. -->","yoast_head_json":{"title":"VAN GRAAF Schweiz - Mensch","description":"Als traditionsreiches und global agierendes Familienunternehmen wissen wir bei VAN GRAAF, wie wichtig ethisches Handeln ist.","robots":{"index":"index","follow":"follow","max-snippet":"max-snippet:-1","max-image-preview":"max-image-preview:large","max-video-preview":"max-video-preview:-1"},"canonical":"https:\/\/www.vangraaf.com\/ch\/unternehmen\/nachhaltigkeit\/mensch\/","og_locale":"de_DE","og_type":"article","og_title":"VAN GRAAF Schweiz - Mensch","og_description":"Als traditionsreiches und global agierendes Familienunternehmen wissen wir bei VAN GRAAF, wie wichtig ethisches Handeln ist.","og_url":"https:\/\/www.vangraaf.com\/ch\/unternehmen\/nachhaltigkeit\/mensch\/","og_site_name":"VAN GRAAF Schweiz","article_modified_time":"2025-07-11T15:09:02+00:00","twitter_card":"summary_large_image","twitter_misc":{"Est. reading time":"5\u00a0Minuten"},"schema":{"@context":"https:\/\/schema.org","@graph":[{"@type":"WebPage","@id":"https:\/\/www.vangraaf.com\/ch\/unternehmen\/nachhaltigkeit\/mensch\/","url":"https:\/\/www.vangraaf.com\/ch\/unternehmen\/nachhaltigkeit\/mensch\/","name":"VAN GRAAF Schweiz - Mensch","isPartOf":{"@id":"https:\/\/www.vangraaf.com\/ch\/#website"},"datePublished":"2021-12-21T14:46:00+00:00","dateModified":"2025-07-11T15:09:02+00:00","description":"Als traditionsreiches und global agierendes Familienunternehmen wissen wir bei VAN GRAAF, wie wichtig ethisches Handeln ist.","breadcrumb":{"@id":"https:\/\/www.vangraaf.com\/ch\/unternehmen\/nachhaltigkeit\/mensch\/#breadcrumb"},"inLanguage":"de-CH","potentialAction":[{"@type":"ReadAction","target":["https:\/\/www.vangraaf.com\/ch\/unternehmen\/nachhaltigkeit\/mensch\/"]}]},{"@type":"BreadcrumbList","@id":"https:\/\/www.vangraaf.com\/ch\/unternehmen\/nachhaltigkeit\/mensch\/#breadcrumb","itemListElement":[{"@type":"ListItem","position":1,"name":"Home","item":"https:\/\/www.vangraaf.com\/ch\/"},{"@type":"ListItem","position":2,"name":"Unternehmen","item":"https:\/\/www.vangraaf.com\/ch\/unternehmen\/"},{"@type":"ListItem","position":3,"name":"Nachhaltigkeit","item":"https:\/\/www.vangraaf.com\/ch\/unternehmen\/nachhaltigkeit\/"},{"@type":"ListItem","position":4,"name":"Mensch"}]},{"@type":"WebSite","@id":"https:\/\/www.vangraaf.com\/ch\/#website","url":"https:\/\/www.vangraaf.com\/ch\/","name":"VAN GRAAF","description":"VAN GRAAF","potentialAction":[{"@type":"SearchAction","target":{"@type":"EntryPoint","urlTemplate":"https:\/\/www.vangraaf.com\/ch\/?s={search_term_string}"},"query-input":{"@type":"PropertyValueSpecification","valueRequired":true,"valueName":"search_term_string"}}],"inLanguage":"de-CH"}]}},"_links":{"self":[{"href":"https:\/\/www.vangraaf.com\/ch\/wp-json\/wp\/v2\/pages\/6503","targetHints":{"allow":["GET"]}}],"collection":[{"href":"https:\/\/www.vangraaf.com\/ch\/wp-json\/wp\/v2\/pages"}],"about":[{"href":"https:\/\/www.vangraaf.com\/ch\/wp-json\/wp\/v2\/types\/page"}],"author":[{"embeddable":true,"href":"https:\/\/www.vangraaf.com\/ch\/wp-json\/wp\/v2\/users\/6"}],"replies":[{"embeddable":true,"href":"https:\/\/www.vangraaf.com\/ch\/wp-json\/wp\/v2\/comments?post=6503"}],"version-history":[{"count":17,"href":"https:\/\/www.vangraaf.com\/ch\/wp-json\/wp\/v2\/pages\/6503\/revisions"}],"predecessor-version":[{"id":8044,"href":"https:\/\/www.vangraaf.com\/ch\/wp-json\/wp\/v2\/pages\/6503\/revisions\/8044"}],"up":[{"embeddable":true,"href":"https:\/\/www.vangraaf.com\/ch\/wp-json\/wp\/v2\/pages\/6058"}],"wp:attachment":[{"href":"https:\/\/www.vangraaf.com\/ch\/wp-json\/wp\/v2\/media?parent=6503"}],"curies":[{"name":"wp","href":"https:\/\/api.w.org\/{rel}","templated":true}]}}