{"id":6442,"date":"2021-11-22T09:28:56","date_gmt":"2021-11-22T08:28:56","guid":{"rendered":"https:\/\/www.vangraaf.com\/ch\/?page_id=6442"},"modified":"2021-12-02T17:20:10","modified_gmt":"2021-12-02T16:20:10","slug":"einloesebedingungen","status":"publish","type":"page","link":"https:\/\/www.vangraaf.com\/ch\/einloesebedingungen\/","title":{"rendered":"Einl\u00f6sebedingungen"},"content":{"rendered":"<div class=\"wpb-content-wrapper\">[vc_row bwd_tbc4vd_show_weekday=&#187;&#187; full_width=&#187;stretch_row_content_no_spaces&#187;][vc_column]<div class=\"keyvisual\" data-aos=\"fade-up\" ><img loading=\"lazy\" decoding=\"async\" width=\"1440\" height=\"480\" src=\"https:\/\/www.vangraaf.com\/ch\/wp-content\/uploads\/sites\/6\/2021\/12\/CH_xMas_Banner_WP.jpg\" class=\"vc_single_image-img keyvisual__image--big\" alt=\"\" srcset=\"https:\/\/www.vangraaf.com\/ch\/wp-content\/uploads\/sites\/6\/2021\/12\/CH_xMas_Banner_WP.jpg 1440w, https:\/\/www.vangraaf.com\/ch\/wp-content\/uploads\/sites\/6\/2021\/12\/CH_xMas_Banner_WP-300x100.jpg 300w, https:\/\/www.vangraaf.com\/ch\/wp-content\/uploads\/sites\/6\/2021\/12\/CH_xMas_Banner_WP-1024x341.jpg 1024w, https:\/\/www.vangraaf.com\/ch\/wp-content\/uploads\/sites\/6\/2021\/12\/CH_xMas_Banner_WP-768x256.jpg 768w, https:\/\/www.vangraaf.com\/ch\/wp-content\/uploads\/sites\/6\/2021\/12\/CH_xMas_Banner_WP-1200x400.jpg 1200w, https:\/\/www.vangraaf.com\/ch\/wp-content\/uploads\/sites\/6\/2021\/12\/CH_xMas_Banner_WP-992x331.jpg 992w, https:\/\/www.vangraaf.com\/ch\/wp-content\/uploads\/sites\/6\/2021\/12\/CH_xMas_Banner_WP-480x160.jpg 480w\" sizes=\"(max-width: 1440px) 100vw, 1440px\" \/><img loading=\"lazy\" decoding=\"async\" width=\"768\" height=\"250\" src=\"https:\/\/www.vangraaf.com\/ch\/wp-content\/uploads\/sites\/6\/2021\/12\/CH_xMas_Banner_MO_WP.jpg\" class=\"vc_single_image-img keyvisual__image--small\" alt=\"\" srcset=\"https:\/\/www.vangraaf.com\/ch\/wp-content\/uploads\/sites\/6\/2021\/12\/CH_xMas_Banner_MO_WP.jpg 768w, https:\/\/www.vangraaf.com\/ch\/wp-content\/uploads\/sites\/6\/2021\/12\/CH_xMas_Banner_MO_WP-300x98.jpg 300w, https:\/\/www.vangraaf.com\/ch\/wp-content\/uploads\/sites\/6\/2021\/12\/CH_xMas_Banner_MO_WP-480x156.jpg 480w\" sizes=\"(max-width: 768px) 100vw, 768px\" \/><\/div>\n        <div class=\"headlines headlines--center\" data-aos=\"fade-up\">\n            <div class=\"vc_row\">\n                <div class=\"vc_col-md-10 vc_col-md-offset-1 vc_col-lg-10 vc_col-lg-offset-1\"><h1 class=\"h2\">Einl\u00f6sebedingungen<\/h1><\/div>\n            <\/div>\n        <\/div>[vc_column_text]\r\n<p style=\"text-align: left\"><strong>5% Rabatt*<\/strong><\/p>\r\n<p style=\"text-align: left\">Sie erhalten bei Ihrem n\u00e4chsten Einkauf einen Rabatt in H\u00f6he von 5% auf Ihren gesamten Einkauf auf reduzierte und nicht-reduzierte Artikel. Einzul\u00f6sen vom 01.01.2022 bis 01.03.2022. Der Gewinn ist nicht mit anderen Aktionen kombinierbar.<\/p>\r\n<p style=\"text-align: left\"><strong>10% Rabatt*<\/strong><\/p>\r\n<p style=\"text-align: left\">Sie erhalten bei Ihrem n\u00e4chsten Einkauf einen Rabatt in H\u00f6he von 10% auf Ihren gesamten Einkauf auf reduzierte und nicht-reduzierte Artikel. Einzul\u00f6sen vom 01.01.2022 bis 01.03.2022. Der Gewinn ist nicht mit anderen Aktionen kombinierbar.<\/p>\r\n<p style=\"text-align: left\"><strong>15% Rabatt*<\/strong><\/p>\r\n<p style=\"text-align: left\">Sie erhalten bei Ihrem n\u00e4chsten Einkauf einen Rabatt in H\u00f6he von 15% auf Ihren gesamten Einkauf auf reduzierte und nicht-reduzierte Artikel. Einzul\u00f6sen vom 01.01.2022 bis 01.03.2022. Der Gewinn ist nicht mit anderen Aktionen kombinierbar.<\/p>\r\n<p style=\"text-align: left\"><strong>20% Rabatt*<\/strong><\/p>\r\n<p style=\"text-align: left\">Sie erhalten bei Ihrem n\u00e4chsten Einkauf einen Rabatt in H\u00f6he von 20% Rabatt auf ein Lieblingsteil. Einzul\u00f6sen vom 01.01.2022 bis 01.03.2022. Der Gewinn ist nicht mit anderen Aktionen kombinierbar.<\/p>\r\n<p style=\"text-align: left\"><strong>FOODCOURT*<\/strong><\/p>\r\n<p style=\"text-align: left\">Sie erhalten einen exklusiven Gutschein f\u00fcr ein 2 f\u00fcr 1 Hauptgericht des Restaurant SPIGA im Shoppi Tivoli. Ihren Gewinn erhalten Sie gegen Vorlage\u00a0<strong>bei VAN GRAAF\u00a0<\/strong>gegen Vorlage des entsprechenden Rubbel-Loses. Der Gutschein ist g\u00fcltig bis 31.12.2022.<\/p>\r\n<strong>STARBUCKS*<\/strong>\r\n\r\nSie erhalten ein Getr\u00e4nk Ihrer Wahl f\u00fcr nur 5 CHF. Der Gutschein ist g\u00fcltig bis 31.01.2022.[\/vc_column_text][vc_column_text]\r\n<ol>\r\n \t<li style=\"text-align: left\"><strong> Durchf\u00fchrung und Abwicklung\r\n<\/strong>a. Nach Ihrem Einkauf bei VAN GRAAF erhalten Sie ihr gratis Rubbellos.\u00a0 Sie erfahren direkt nach \u201eFreirubbeln\u201c des Aktionscodes \u00fcber dieses Formular, was sie gewonnen haben.<\/li>\r\n \t<li style=\"text-align: left\"><strong> Weitere Einl\u00f6sebedingungen\r\n<\/strong>a. Eine Barauszahlung ist nicht m\u00f6glich, der Rechtsweg ist ausgeschlossen.\r\nb. Es wird nur ein Los pro Kunde ausgegeben.\r\nc. Die Ver\u00f6ffentlichung und der Weiterverkauf sind untersagt.\r\nd. Die Teilnehmer werden durch die Entgegennahme des Preises nicht mit weiteren Verpflichtungen oder Kosten nach Gewinnspielende belastet.<\/li>\r\n \t<li style=\"text-align: left\"><strong> Sonstige Bestimmungen\r\n<\/strong>a. Der Rechtsweg ist ausgeschlossen.\r\nb. Sollten einzelne dieser Bestimmungen unwirksam sein oder werden, bleibt die G\u00fcltigkeit der \u00fcbrigen Teilnahmebedingungen hiervon unber\u00fchrt.<\/li>\r\n<\/ol>\r\n[\/vc_column_text][\/vc_column][\/vc_row]<\/div>","protected":false},"excerpt":{"rendered":"[vc_row bwd_tbc4vd_show_weekday=&#187;&#187; full_width=&#187;stretch_row_content_no_spaces&#187;][vc_column][vc_column_text] 5% Rabatt* Sie erhalten bei Ihrem n\u00e4chsten Einkauf einen Rabatt in H\u00f6he von 5% auf Ihren gesamten Einkauf auf reduzierte und nicht-reduzierte Artikel. Einzul\u00f6sen vom 01.01.2022 bis 01.03.2022. Der Gewinn ist nicht mit anderen Aktionen kombinierbar. 10% Rabatt* Sie erhalten bei Ihrem n\u00e4chsten Einkauf einen Rabatt in H\u00f6he von 10% auf Ihren [&hellip;]","protected":false},"author":3,"featured_media":0,"parent":0,"menu_order":0,"comment_status":"closed","ping_status":"closed","template":"","meta":{"_acf_changed":false,"inline_featured_image":false,"footnotes":""},"class_list":["post-6442","page","type-page","status-publish","hentry"],"acf":[],"yoast_head":"<!-- This site is optimized with the Yoast SEO plugin v27.2 - https:\/\/yoast.com\/product\/yoast-seo-wordpress\/ -->\n<title>Einl\u00f6sebedingungen - VAN GRAAF<\/title>\n<meta name=\"robots\" content=\"index, follow, max-snippet:-1, max-image-preview:large, max-video-preview:-1\" \/>\n<link rel=\"canonical\" href=\"https:\/\/www.vangraaf.com\/ch\/einloesebedingungen\/\" \/>\n<meta property=\"og:locale\" content=\"de_DE\" \/>\n<meta property=\"og:type\" content=\"article\" \/>\n<meta property=\"og:title\" content=\"Einl\u00f6sebedingungen - VAN GRAAF\" \/>\n<meta property=\"og:description\" content=\"[vc_row bwd_tbc4vd_show_weekday=&#187;&#187; full_width=&#187;stretch_row_content_no_spaces&#187;][vc_column][vc_column_text] 5% Rabatt* Sie erhalten bei Ihrem n\u00e4chsten Einkauf einen Rabatt in H\u00f6he von 5% auf Ihren gesamten Einkauf auf reduzierte und nicht-reduzierte Artikel. Einzul\u00f6sen vom 01.01.2022 bis 01.03.2022. Der Gewinn ist nicht mit anderen Aktionen kombinierbar. 10% Rabatt* Sie erhalten bei Ihrem n\u00e4chsten Einkauf einen Rabatt in H\u00f6he von 10% auf Ihren [&hellip;]\" \/>\n<meta property=\"og:url\" content=\"https:\/\/www.vangraaf.com\/ch\/einloesebedingungen\/\" \/>\n<meta property=\"og:site_name\" content=\"VAN GRAAF Schweiz\" \/>\n<meta property=\"article:modified_time\" content=\"2021-12-02T16:20:10+00:00\" \/>\n<meta name=\"twitter:card\" content=\"summary_large_image\" \/>\n<meta name=\"twitter:label1\" content=\"Est. reading time\" \/>\n\t<meta name=\"twitter:data1\" content=\"2\u00a0Minuten\" \/>\n<script type=\"application\/ld+json\" class=\"yoast-schema-graph\">{\"@context\":\"https:\/\/schema.org\",\"@graph\":[{\"@type\":\"WebPage\",\"@id\":\"https:\/\/www.vangraaf.com\/ch\/einloesebedingungen\/\",\"url\":\"https:\/\/www.vangraaf.com\/ch\/einloesebedingungen\/\",\"name\":\"Einl\u00f6sebedingungen - VAN GRAAF\",\"isPartOf\":{\"@id\":\"https:\/\/www.vangraaf.com\/ch\/#website\"},\"datePublished\":\"2021-11-22T08:28:56+00:00\",\"dateModified\":\"2021-12-02T16:20:10+00:00\",\"breadcrumb\":{\"@id\":\"https:\/\/www.vangraaf.com\/ch\/einloesebedingungen\/#breadcrumb\"},\"inLanguage\":\"de-CH\",\"potentialAction\":[{\"@type\":\"ReadAction\",\"target\":[\"https:\/\/www.vangraaf.com\/ch\/einloesebedingungen\/\"]}]},{\"@type\":\"BreadcrumbList\",\"@id\":\"https:\/\/www.vangraaf.com\/ch\/einloesebedingungen\/#breadcrumb\",\"itemListElement\":[{\"@type\":\"ListItem\",\"position\":1,\"name\":\"Home\",\"item\":\"https:\/\/www.vangraaf.com\/ch\/\"},{\"@type\":\"ListItem\",\"position\":2,\"name\":\"Einl\u00f6sebedingungen\"}]},{\"@type\":\"WebSite\",\"@id\":\"https:\/\/www.vangraaf.com\/ch\/#website\",\"url\":\"https:\/\/www.vangraaf.com\/ch\/\",\"name\":\"VAN GRAAF\",\"description\":\"VAN GRAAF\",\"potentialAction\":[{\"@type\":\"SearchAction\",\"target\":{\"@type\":\"EntryPoint\",\"urlTemplate\":\"https:\/\/www.vangraaf.com\/ch\/?s={search_term_string}\"},\"query-input\":{\"@type\":\"PropertyValueSpecification\",\"valueRequired\":true,\"valueName\":\"search_term_string\"}}],\"inLanguage\":\"de-CH\"}]}<\/script>\n<!-- \/ Yoast SEO plugin. -->","yoast_head_json":{"title":"Einl\u00f6sebedingungen - VAN GRAAF","robots":{"index":"index","follow":"follow","max-snippet":"max-snippet:-1","max-image-preview":"max-image-preview:large","max-video-preview":"max-video-preview:-1"},"canonical":"https:\/\/www.vangraaf.com\/ch\/einloesebedingungen\/","og_locale":"de_DE","og_type":"article","og_title":"Einl\u00f6sebedingungen - VAN GRAAF","og_description":"[vc_row bwd_tbc4vd_show_weekday=&#187;&#187; full_width=&#187;stretch_row_content_no_spaces&#187;][vc_column][vc_column_text] 5% Rabatt* Sie erhalten bei Ihrem n\u00e4chsten Einkauf einen Rabatt in H\u00f6he von 5% auf Ihren gesamten Einkauf auf reduzierte und nicht-reduzierte Artikel. Einzul\u00f6sen vom 01.01.2022 bis 01.03.2022. Der Gewinn ist nicht mit anderen Aktionen kombinierbar. 10% Rabatt* Sie erhalten bei Ihrem n\u00e4chsten Einkauf einen Rabatt in H\u00f6he von 10% auf Ihren [&hellip;]","og_url":"https:\/\/www.vangraaf.com\/ch\/einloesebedingungen\/","og_site_name":"VAN GRAAF Schweiz","article_modified_time":"2021-12-02T16:20:10+00:00","twitter_card":"summary_large_image","twitter_misc":{"Est. reading time":"2\u00a0Minuten"},"schema":{"@context":"https:\/\/schema.org","@graph":[{"@type":"WebPage","@id":"https:\/\/www.vangraaf.com\/ch\/einloesebedingungen\/","url":"https:\/\/www.vangraaf.com\/ch\/einloesebedingungen\/","name":"Einl\u00f6sebedingungen - VAN GRAAF","isPartOf":{"@id":"https:\/\/www.vangraaf.com\/ch\/#website"},"datePublished":"2021-11-22T08:28:56+00:00","dateModified":"2021-12-02T16:20:10+00:00","breadcrumb":{"@id":"https:\/\/www.vangraaf.com\/ch\/einloesebedingungen\/#breadcrumb"},"inLanguage":"de-CH","potentialAction":[{"@type":"ReadAction","target":["https:\/\/www.vangraaf.com\/ch\/einloesebedingungen\/"]}]},{"@type":"BreadcrumbList","@id":"https:\/\/www.vangraaf.com\/ch\/einloesebedingungen\/#breadcrumb","itemListElement":[{"@type":"ListItem","position":1,"name":"Home","item":"https:\/\/www.vangraaf.com\/ch\/"},{"@type":"ListItem","position":2,"name":"Einl\u00f6sebedingungen"}]},{"@type":"WebSite","@id":"https:\/\/www.vangraaf.com\/ch\/#website","url":"https:\/\/www.vangraaf.com\/ch\/","name":"VAN GRAAF","description":"VAN GRAAF","potentialAction":[{"@type":"SearchAction","target":{"@type":"EntryPoint","urlTemplate":"https:\/\/www.vangraaf.com\/ch\/?s={search_term_string}"},"query-input":{"@type":"PropertyValueSpecification","valueRequired":true,"valueName":"search_term_string"}}],"inLanguage":"de-CH"}]}},"_links":{"self":[{"href":"https:\/\/www.vangraaf.com\/ch\/wp-json\/wp\/v2\/pages\/6442","targetHints":{"allow":["GET"]}}],"collection":[{"href":"https:\/\/www.vangraaf.com\/ch\/wp-json\/wp\/v2\/pages"}],"about":[{"href":"https:\/\/www.vangraaf.com\/ch\/wp-json\/wp\/v2\/types\/page"}],"author":[{"embeddable":true,"href":"https:\/\/www.vangraaf.com\/ch\/wp-json\/wp\/v2\/users\/3"}],"replies":[{"embeddable":true,"href":"https:\/\/www.vangraaf.com\/ch\/wp-json\/wp\/v2\/comments?post=6442"}],"version-history":[{"count":9,"href":"https:\/\/www.vangraaf.com\/ch\/wp-json\/wp\/v2\/pages\/6442\/revisions"}],"predecessor-version":[{"id":6460,"href":"https:\/\/www.vangraaf.com\/ch\/wp-json\/wp\/v2\/pages\/6442\/revisions\/6460"}],"wp:attachment":[{"href":"https:\/\/www.vangraaf.com\/ch\/wp-json\/wp\/v2\/media?parent=6442"}],"curies":[{"name":"wp","href":"https:\/\/api.w.org\/{rel}","templated":true}]}}